{"id":255,"date":"2019-07-01T09:22:56","date_gmt":"2019-07-01T07:22:56","guid":{"rendered":"https:\/\/instytutpolski.pl\/bukareszt\/?page_id=255"},"modified":"2020-06-01T00:23:33","modified_gmt":"2020-05-31T22:23:33","slug":"poznaj-polske","status":"publish","type":"page","link":"https:\/\/instytutpolski.pl\/bucuresti\/pl\/poznaj-polske\/","title":{"rendered":"Poznaj Polsk\u0119"},"content":{"rendered":"\n<p>Polska ma wiele do zaoferowania. W Rumunii i Mo\u0142dawii kojarzy si\u0119 przede wszystkim jako kraj, w kt\u00f3rym rozpocz\u0105\u0142 si\u0119 upadek komunizmu w Europie \u015arodkowej i Wschodniej, jest szanowana za walk\u0119 o wolno\u015b\u0107, kt\u00f3r\u0105 wyra\u017ca\u0142a idea Solidarno\u015bci.<\/p>\n<p>W ostatnich dziesi\u0119cioleciach Polska wyr\u00f3\u017cni\u0142a si\u0119 przede wszystkim stabilno\u015bci\u0105 ekonomiczn\u0105 i rosn\u0105cym znaczeniem politycznym w Europie. Polska znaczy jednak wiele wi\u0119cej.<\/p>\n<p>Polska to pe\u0142ne historii miasta, presti\u017cowe muzea i wydarzenia artystyczne. To tak\u017ce jazz, kinematografia, literatura, sztuka i przede wszystkim ludzie, kt\u00f3rzy j\u0105 zamieszkuj\u0105 i s\u0105 z ni\u0105 zwi\u0105zani. W sieci istnieje sporo materia\u0142\u00f3w o Polsce, my polecamy prowadzony przez MSZ portal <a href=\"http:\/\/www.polska.pl\" target=\"_blank\" rel=\"noopener noreferrer\">www.polska.pl.<\/a><\/p>\n<p>Warto te\u017c si\u0119gn\u0105\u0107 po wydany w 2018 roku w j\u0119zyku rumu\u0144skim z Inicjatywy Instytutu Polskiego w Bukareszcie przewodnik &#8222;Despre POLSKA&#8221;<\/p>\n<p>https:\/\/youtu.be\/fnGfGtgXctg<\/p>\n<p>Wiele ciekawych informacji na temat polskiego \u017cycia kulturalnego, polskich tw\u00f3rc\u00f3w oraz historii naszego kraju znajduje si\u0119 te\u017c w serwisie culture.pl, prowadzonym przez Instytut Adama Mickiewicza, a o turystyce w Polsce na stronie <a href=\"http:\/\/www.polska.travel\" target=\"_blank\" rel=\"noopener noreferrer\">www.polska.travel<\/a> Polskiej Organizacji Turystycznej.<\/p>\n<p>Naj\u015bwie\u017csze wiadomo\u015bci z Polski w r\u00f3\u017cnych j\u0119zykach przekazuje natomiast <a href=\"thenews.pl\" target=\"_blank\" rel=\"noopener noreferrer\">Polskie Radio dla Zagranicy!<\/a><\/p>\n","protected":false},"excerpt":{"rendered":"<p>Polska ma wiele do zaoferowania. W Rumunii i Mo\u0142dawii kojarzy si\u0119 przede wszystkim jako kraj, w kt\u00f3rym rozpocz\u0105\u0142 si\u0119 upadek komunizmu w Europie \u015arodkowej i Wschodniej, jest szanowana za walk\u0119 o wolno\u015b\u0107, kt\u00f3r\u0105 wyra\u017ca\u0142a idea Solidarno\u015bci. W ostatnich dziesi\u0119cioleciach Polska wyr\u00f3\u017cni\u0142a si\u0119 przede wszystkim stabilno\u015bci\u0105 ekonomiczn\u0105 i rosn\u0105cym znaczeniem politycznym w Europie. Polska znaczy jednak [&hellip;]<\/p>\n","protected":false},"author":1,"featured_media":256,"parent":0,"menu_order":0,"comment_status":"closed","ping_status":"closed","template":"","meta":{"inline_featured_image":false,"_monsterinsights_skip_tracking":false,"_monsterinsights_sitenote_active":false,"_monsterinsights_sitenote_note":"","_monsterinsights_sitenote_category":0,"footnotes":""},"class_list":["post-255","page","type-page","status-publish","has-post-thumbnail","hentry"],"yoast_head":"<!-- This site is optimized with the Yoast SEO plugin v24.6 - https:\/\/yoast.com\/wordpress\/plugins\/seo\/ -->\n<title>Poznaj Polsk\u0119 - Instytut Polski w Bukareszcie<\/title>\n<meta name=\"robots\" content=\"index, follow, max-snippet:-1, max-image-preview:large, max-video-preview:-1\" \/>\n<link rel=\"canonical\" href=\"https:\/\/instytutpolski.pl\/bucuresti\/pl\/poznaj-polske\/\" \/>\n<meta property=\"og:locale\" content=\"pl_PL\" \/>\n<meta property=\"og:type\" content=\"article\" \/>\n<meta property=\"og:title\" content=\"Poznaj Polsk\u0119 - Instytut Polski w Bukareszcie\" \/>\n<meta property=\"og:description\" content=\"Polska ma wiele do zaoferowania. W Rumunii i Mo\u0142dawii kojarzy si\u0119 przede wszystkim jako kraj, w kt\u00f3rym rozpocz\u0105\u0142 si\u0119 upadek komunizmu w Europie \u015arodkowej i Wschodniej, jest szanowana za walk\u0119 o wolno\u015b\u0107, kt\u00f3r\u0105 wyra\u017ca\u0142a idea Solidarno\u015bci. W ostatnich dziesi\u0119cioleciach Polska wyr\u00f3\u017cni\u0142a si\u0119 przede wszystkim stabilno\u015bci\u0105 ekonomiczn\u0105 i rosn\u0105cym znaczeniem politycznym w Europie. Polska znaczy jednak [&hellip;]\" \/>\n<meta property=\"og:url\" content=\"https:\/\/instytutpolski.pl\/bucuresti\/pl\/poznaj-polske\/\" \/>\n<meta property=\"og:site_name\" content=\"Instytut Polski w Bukareszcie\" \/>\n<meta property=\"article:modified_time\" content=\"2020-05-31T22:23:33+00:00\" \/>\n<meta property=\"og:image\" content=\"https:\/\/instytutpolski.pl\/bucuresti\/wp-content\/uploads\/sites\/11\/2019\/07\/poznaj-polske.jpg\" \/>\n\t<meta property=\"og:image:width\" content=\"1920\" \/>\n\t<meta property=\"og:image:height\" content=\"700\" \/>\n\t<meta property=\"og:image:type\" content=\"image\/jpeg\" \/>\n<meta name=\"twitter:card\" content=\"summary_large_image\" \/>\n<meta name=\"twitter:label1\" content=\"Szacowany czas czytania\" \/>\n\t<meta name=\"twitter:data1\" content=\"1 minuta\" \/>\n<script type=\"application\/ld+json\" class=\"yoast-schema-graph\">{\"@context\":\"https:\/\/schema.org\",\"@graph\":[{\"@type\":\"WebPage\",\"@id\":\"https:\/\/instytutpolski.pl\/bucuresti\/pl\/poznaj-polske\/\",\"url\":\"https:\/\/instytutpolski.pl\/bucuresti\/pl\/poznaj-polske\/\",\"name\":\"Poznaj Polsk\u0119 - Instytut Polski w Bukareszcie\",\"isPartOf\":{\"@id\":\"https:\/\/instytutpolski.pl\/bucuresti\/#website\"},\"primaryImageOfPage\":{\"@id\":\"https:\/\/instytutpolski.pl\/bucuresti\/pl\/poznaj-polske\/#primaryimage\"},\"image\":{\"@id\":\"https:\/\/instytutpolski.pl\/bucuresti\/pl\/poznaj-polske\/#primaryimage\"},\"thumbnailUrl\":\"https:\/\/instytutpolski.pl\/bucuresti\/wp-content\/uploads\/sites\/11\/2019\/07\/poznaj-polske.jpg\",\"datePublished\":\"2019-07-01T07:22:56+00:00\",\"dateModified\":\"2020-05-31T22:23:33+00:00\",\"breadcrumb\":{\"@id\":\"https:\/\/instytutpolski.pl\/bucuresti\/pl\/poznaj-polske\/#breadcrumb\"},\"inLanguage\":\"pl-PL\",\"potentialAction\":[{\"@type\":\"ReadAction\",\"target\":[\"https:\/\/instytutpolski.pl\/bucuresti\/pl\/poznaj-polske\/\"]}]},{\"@type\":\"ImageObject\",\"inLanguage\":\"pl-PL\",\"@id\":\"https:\/\/instytutpolski.pl\/bucuresti\/pl\/poznaj-polske\/#primaryimage\",\"url\":\"https:\/\/instytutpolski.pl\/bucuresti\/wp-content\/uploads\/sites\/11\/2019\/07\/poznaj-polske.jpg\",\"contentUrl\":\"https:\/\/instytutpolski.pl\/bucuresti\/wp-content\/uploads\/sites\/11\/2019\/07\/poznaj-polske.jpg\",\"width\":1920,\"height\":700},{\"@type\":\"BreadcrumbList\",\"@id\":\"https:\/\/instytutpolski.pl\/bucuresti\/pl\/poznaj-polske\/#breadcrumb\",\"itemListElement\":[{\"@type\":\"ListItem\",\"position\":1,\"name\":\"Home\",\"item\":\"https:\/\/instytutpolski.pl\/bucuresti\/\"},{\"@type\":\"ListItem\",\"position\":2,\"name\":\"Poznaj Polsk\u0119\"}]},{\"@type\":\"WebSite\",\"@id\":\"https:\/\/instytutpolski.pl\/bucuresti\/#website\",\"url\":\"https:\/\/instytutpolski.pl\/bucuresti\/\",\"name\":\"Instytut Polski w Bukareszcie\",\"description\":\"Instytuty Polskie\",\"potentialAction\":[{\"@type\":\"SearchAction\",\"target\":{\"@type\":\"EntryPoint\",\"urlTemplate\":\"https:\/\/instytutpolski.pl\/bucuresti\/?s={search_term_string}\"},\"query-input\":{\"@type\":\"PropertyValueSpecification\",\"valueRequired\":true,\"valueName\":\"search_term_string\"}}],\"inLanguage\":\"pl-PL\"}]}<\/script>\n<!-- \/ Yoast SEO plugin. -->","yoast_head_json":{"title":"Poznaj Polsk\u0119 - Instytut Polski w Bukareszcie","robots":{"index":"index","follow":"follow","max-snippet":"max-snippet:-1","max-image-preview":"max-image-preview:large","max-video-preview":"max-video-preview:-1"},"canonical":"https:\/\/instytutpolski.pl\/bucuresti\/pl\/poznaj-polske\/","og_locale":"pl_PL","og_type":"article","og_title":"Poznaj Polsk\u0119 - Instytut Polski w Bukareszcie","og_description":"Polska ma wiele do zaoferowania. W Rumunii i Mo\u0142dawii kojarzy si\u0119 przede wszystkim jako kraj, w kt\u00f3rym rozpocz\u0105\u0142 si\u0119 upadek komunizmu w Europie \u015arodkowej i Wschodniej, jest szanowana za walk\u0119 o wolno\u015b\u0107, kt\u00f3r\u0105 wyra\u017ca\u0142a idea Solidarno\u015bci. W ostatnich dziesi\u0119cioleciach Polska wyr\u00f3\u017cni\u0142a si\u0119 przede wszystkim stabilno\u015bci\u0105 ekonomiczn\u0105 i rosn\u0105cym znaczeniem politycznym w Europie. Polska znaczy jednak [&hellip;]","og_url":"https:\/\/instytutpolski.pl\/bucuresti\/pl\/poznaj-polske\/","og_site_name":"Instytut Polski w Bukareszcie","article_modified_time":"2020-05-31T22:23:33+00:00","og_image":[{"width":1920,"height":700,"url":"https:\/\/instytutpolski.pl\/bucuresti\/wp-content\/uploads\/sites\/11\/2019\/07\/poznaj-polske.jpg","type":"image\/jpeg"}],"twitter_card":"summary_large_image","twitter_misc":{"Szacowany czas czytania":"1 minuta"},"schema":{"@context":"https:\/\/schema.org","@graph":[{"@type":"WebPage","@id":"https:\/\/instytutpolski.pl\/bucuresti\/pl\/poznaj-polske\/","url":"https:\/\/instytutpolski.pl\/bucuresti\/pl\/poznaj-polske\/","name":"Poznaj Polsk\u0119 - Instytut Polski w Bukareszcie","isPartOf":{"@id":"https:\/\/instytutpolski.pl\/bucuresti\/#website"},"primaryImageOfPage":{"@id":"https:\/\/instytutpolski.pl\/bucuresti\/pl\/poznaj-polske\/#primaryimage"},"image":{"@id":"https:\/\/instytutpolski.pl\/bucuresti\/pl\/poznaj-polske\/#primaryimage"},"thumbnailUrl":"https:\/\/instytutpolski.pl\/bucuresti\/wp-content\/uploads\/sites\/11\/2019\/07\/poznaj-polske.jpg","datePublished":"2019-07-01T07:22:56+00:00","dateModified":"2020-05-31T22:23:33+00:00","breadcrumb":{"@id":"https:\/\/instytutpolski.pl\/bucuresti\/pl\/poznaj-polske\/#breadcrumb"},"inLanguage":"pl-PL","potentialAction":[{"@type":"ReadAction","target":["https:\/\/instytutpolski.pl\/bucuresti\/pl\/poznaj-polske\/"]}]},{"@type":"ImageObject","inLanguage":"pl-PL","@id":"https:\/\/instytutpolski.pl\/bucuresti\/pl\/poznaj-polske\/#primaryimage","url":"https:\/\/instytutpolski.pl\/bucuresti\/wp-content\/uploads\/sites\/11\/2019\/07\/poznaj-polske.jpg","contentUrl":"https:\/\/instytutpolski.pl\/bucuresti\/wp-content\/uploads\/sites\/11\/2019\/07\/poznaj-polske.jpg","width":1920,"height":700},{"@type":"BreadcrumbList","@id":"https:\/\/instytutpolski.pl\/bucuresti\/pl\/poznaj-polske\/#breadcrumb","itemListElement":[{"@type":"ListItem","position":1,"name":"Home","item":"https:\/\/instytutpolski.pl\/bucuresti\/"},{"@type":"ListItem","position":2,"name":"Poznaj Polsk\u0119"}]},{"@type":"WebSite","@id":"https:\/\/instytutpolski.pl\/bucuresti\/#website","url":"https:\/\/instytutpolski.pl\/bucuresti\/","name":"Instytut Polski w Bukareszcie","description":"Instytuty Polskie","potentialAction":[{"@type":"SearchAction","target":{"@type":"EntryPoint","urlTemplate":"https:\/\/instytutpolski.pl\/bucuresti\/?s={search_term_string}"},"query-input":{"@type":"PropertyValueSpecification","valueRequired":true,"valueName":"search_term_string"}}],"inLanguage":"pl-PL"}]}},"_links":{"self":[{"href":"https:\/\/instytutpolski.pl\/bucuresti\/wp-json\/wp\/v2\/pages\/255","targetHints":{"allow":["GET"]}}],"collection":[{"href":"https:\/\/instytutpolski.pl\/bucuresti\/wp-json\/wp\/v2\/pages"}],"about":[{"href":"https:\/\/instytutpolski.pl\/bucuresti\/wp-json\/wp\/v2\/types\/page"}],"author":[{"embeddable":true,"href":"https:\/\/instytutpolski.pl\/bucuresti\/wp-json\/wp\/v2\/users\/1"}],"replies":[{"embeddable":true,"href":"https:\/\/instytutpolski.pl\/bucuresti\/wp-json\/wp\/v2\/comments?post=255"}],"version-history":[{"count":3,"href":"https:\/\/instytutpolski.pl\/bucuresti\/wp-json\/wp\/v2\/pages\/255\/revisions"}],"predecessor-version":[{"id":2756,"href":"https:\/\/instytutpolski.pl\/bucuresti\/wp-json\/wp\/v2\/pages\/255\/revisions\/2756"}],"wp:featuredmedia":[{"embeddable":true,"href":"https:\/\/instytutpolski.pl\/bucuresti\/wp-json\/wp\/v2\/media\/256"}],"wp:attachment":[{"href":"https:\/\/instytutpolski.pl\/bucuresti\/wp-json\/wp\/v2\/media?parent=255"}],"curies":[{"name":"wp","href":"https:\/\/api.w.org\/{rel}","templated":true}]}}