{"id":259,"date":"2019-07-01T09:22:56","date_gmt":"2019-07-01T07:22:56","guid":{"rendered":"https:\/\/instytutpolski.pl\/bukareszt\/?page_id=259"},"modified":"2020-06-01T00:21:54","modified_gmt":"2020-05-31T22:21:54","slug":"cunoaste-polonia-3","status":"publish","type":"page","link":"https:\/\/instytutpolski.pl\/bucuresti\/cunoaste-polonia-3\/","title":{"rendered":"Cunoa\u0219te Polonia"},"content":{"rendered":"\n<p>\u00cen ultimul deceniu, Polonia s-a remarcat prin stabilitate economic\u0103 \u015fi prin importan\u0163a tot mai mare pe care o are \u00een aceast\u0103 parte a Europei. Dar Polonia \u00eenseamn\u0103 mai mult dec\u00e2t at\u00e2t. \u00censeamn\u0103 ora\u015fe \u00eenc\u0103rcate de istorie, \u00eenseamn\u0103 muzee \u015fi evenimente de anvergur\u0103. \u00censeamn\u0103 jazz, film, literatur\u0103, art\u0103. \u00censeamn\u0103, \u00een primul r\u00e2nd, oamenii care o locuiesc \u015fi o iubesc.<\/p>\n<p>Exist\u0103 destul de multe materiale despre Polonia, dar cel mai la \u00eendem\u00e2n\u0103 sunt acelea care pot fi g\u0103site printr-un simplu click! Unul dintre cele mai bune site-uri este <a href=\"polska.pl\" target=\"_blank\" rel=\"noopener noreferrer\">polska.pl<\/a>. Exhaustiv \u015fi u\u015for de explorat, acesta v\u0103 ofer\u0103 informa\u0163ii diverse, de la starea vremii p\u00e2n\u0103 la informa\u0163ii de tipul \u201e\u015etia\u0163i c\u0103&#8230;\u201d. Evident, noi v\u0103 recomand\u0103m \u00een mod deosebit articolele de la categoria Cultura!<\/p>\n<p>Despe POLSKA &#8211; un ghid din Polonia pentru cei din lumea larga larg\u0103<\/p>\n<p>https:\/\/youtu.be\/fnGfGtgXctg<\/p>\n<p>C\u00e2nd este vorba despre cultur\u0103, Polonia are multe de spus. Cu unsprezece laurea\u0163i ai premiului Nobel (dintre care patru laurea\u0163i ai premiului Nobel pentru Literatur\u0103), cu regizori \u015fi filme premia\u0163i cu Oscar, cu arti\u015fti care au fost nominaliza\u0163i la premiul Grammy etc., Polonia \u015fi-a adus \u015fi \u00ee\u015fi aduce din plin aportul la patrimoniul culturii universale.<\/p>\n<p>Agenda cultural\u0103 polonez\u0103 actual\u0103 este extrem de dens\u0103 \u015fi de complex\u0103. \u015ei se dezvolt\u0103 tot mai mult. Festivalurile de film, teatru, rock, jazz, folclor, anima\u0163ie \u015f.a. care au loc \u00een Polonia sunt din ce \u00een ce mai importante \u00een calendarul cultural al Europei.<\/p>\n<p>Infrastructura este, de asemenea, \u00eentr-o constant\u0103 \u00eembun\u0103t\u0103\u0163ire, renovarea, modernizarea \u015fi chiar construirea muzeelor, a galeriilor \u015fi a atelierelor de crea\u0163ie fiind un fapt. Pe l\u00e2ng\u0103 acestea, via\u0163a cultural\u0103 \u201ealternativ\u0103\u201d, \u201eunderground\u201d este extrem de dinamic\u0103. \u00cen acest sens, paginile de web culture.pl \u015fi poland.travel sunt excelente \u00een a v\u0103 ajuta s\u0103 vede\u0163i \u00een timp real ce anume se \u00eent\u00e2mpl\u0103 din punct de vedere cultural \u00een Polonia de ast\u0103zi.<\/p>\n<p>Cele mai recente \u0219tiri din Polonia, \u00een diferite limbi, inclusiv englez\u0103, german\u0103 \u0219i rus\u0103 sunt transmise de <a href=\"thenews.pl\" target=\"_blank\" rel=\"noopener noreferrer\">Radioul Polonez pentru Str\u0103in\u0103tate<\/a>!\u00a0<\/p>\n","protected":false},"excerpt":{"rendered":"<p>\u00cen ultimul deceniu, Polonia s-a remarcat prin stabilitate economic\u0103 \u015fi prin importan\u0163a tot mai mare pe care o are \u00een aceast\u0103 parte a Europei. Dar Polonia \u00eenseamn\u0103 mai mult dec\u00e2t at\u00e2t. \u00censeamn\u0103 ora\u015fe \u00eenc\u0103rcate de istorie, \u00eenseamn\u0103 muzee \u015fi evenimente de anvergur\u0103. \u00censeamn\u0103 jazz, film, literatur\u0103, art\u0103. \u00censeamn\u0103, \u00een primul r\u00e2nd, oamenii care o locuiesc [&hellip;]<\/p>\n","protected":false},"author":1,"featured_media":256,"parent":0,"menu_order":0,"comment_status":"closed","ping_status":"closed","template":"","meta":{"inline_featured_image":false,"_monsterinsights_skip_tracking":false,"_monsterinsights_sitenote_active":false,"_monsterinsights_sitenote_note":"","_monsterinsights_sitenote_category":0,"footnotes":""},"class_list":["post-259","page","type-page","status-publish","has-post-thumbnail","hentry"],"yoast_head":"<!-- This site is optimized with the Yoast SEO plugin v24.6 - https:\/\/yoast.com\/wordpress\/plugins\/seo\/ -->\n<title>Cunoa\u0219te Polonia - Instytut Polski w Bukareszcie<\/title>\n<meta name=\"robots\" content=\"index, follow, max-snippet:-1, max-image-preview:large, max-video-preview:-1\" \/>\n<link rel=\"canonical\" href=\"https:\/\/instytutpolski.pl\/bucuresti\/cunoaste-polonia-3\/\" \/>\n<meta property=\"og:locale\" content=\"pl_PL\" \/>\n<meta property=\"og:type\" content=\"article\" \/>\n<meta property=\"og:title\" content=\"Cunoa\u0219te Polonia - Instytut Polski w Bukareszcie\" \/>\n<meta property=\"og:description\" content=\"\u00cen ultimul deceniu, Polonia s-a remarcat prin stabilitate economic\u0103 \u015fi prin importan\u0163a tot mai mare pe care o are \u00een aceast\u0103 parte a Europei. Dar Polonia \u00eenseamn\u0103 mai mult dec\u00e2t at\u00e2t. \u00censeamn\u0103 ora\u015fe \u00eenc\u0103rcate de istorie, \u00eenseamn\u0103 muzee \u015fi evenimente de anvergur\u0103. \u00censeamn\u0103 jazz, film, literatur\u0103, art\u0103. \u00censeamn\u0103, \u00een primul r\u00e2nd, oamenii care o locuiesc [&hellip;]\" \/>\n<meta property=\"og:url\" content=\"https:\/\/instytutpolski.pl\/bucuresti\/cunoaste-polonia-3\/\" \/>\n<meta property=\"og:site_name\" content=\"Instytut Polski w Bukareszcie\" \/>\n<meta property=\"article:modified_time\" content=\"2020-05-31T22:21:54+00:00\" \/>\n<meta property=\"og:image\" content=\"https:\/\/instytutpolski.pl\/bucuresti\/wp-content\/uploads\/sites\/11\/2019\/07\/poznaj-polske.jpg\" \/>\n\t<meta property=\"og:image:width\" content=\"1920\" \/>\n\t<meta property=\"og:image:height\" content=\"700\" \/>\n\t<meta property=\"og:image:type\" content=\"image\/jpeg\" \/>\n<meta name=\"twitter:card\" content=\"summary_large_image\" \/>\n<meta name=\"twitter:label1\" content=\"Szacowany czas czytania\" \/>\n\t<meta name=\"twitter:data1\" content=\"2 minuty\" \/>\n<script type=\"application\/ld+json\" class=\"yoast-schema-graph\">{\"@context\":\"https:\/\/schema.org\",\"@graph\":[{\"@type\":\"WebPage\",\"@id\":\"https:\/\/instytutpolski.pl\/bucuresti\/cunoaste-polonia-3\/\",\"url\":\"https:\/\/instytutpolski.pl\/bucuresti\/cunoaste-polonia-3\/\",\"name\":\"Cunoa\u0219te Polonia - Instytut Polski w Bukareszcie\",\"isPartOf\":{\"@id\":\"https:\/\/instytutpolski.pl\/bucuresti\/#website\"},\"primaryImageOfPage\":{\"@id\":\"https:\/\/instytutpolski.pl\/bucuresti\/cunoaste-polonia-3\/#primaryimage\"},\"image\":{\"@id\":\"https:\/\/instytutpolski.pl\/bucuresti\/cunoaste-polonia-3\/#primaryimage\"},\"thumbnailUrl\":\"https:\/\/instytutpolski.pl\/bucuresti\/wp-content\/uploads\/sites\/11\/2019\/07\/poznaj-polske.jpg\",\"datePublished\":\"2019-07-01T07:22:56+00:00\",\"dateModified\":\"2020-05-31T22:21:54+00:00\",\"breadcrumb\":{\"@id\":\"https:\/\/instytutpolski.pl\/bucuresti\/cunoaste-polonia-3\/#breadcrumb\"},\"inLanguage\":\"pl-PL\",\"potentialAction\":[{\"@type\":\"ReadAction\",\"target\":[\"https:\/\/instytutpolski.pl\/bucuresti\/cunoaste-polonia-3\/\"]}]},{\"@type\":\"ImageObject\",\"inLanguage\":\"pl-PL\",\"@id\":\"https:\/\/instytutpolski.pl\/bucuresti\/cunoaste-polonia-3\/#primaryimage\",\"url\":\"https:\/\/instytutpolski.pl\/bucuresti\/wp-content\/uploads\/sites\/11\/2019\/07\/poznaj-polske.jpg\",\"contentUrl\":\"https:\/\/instytutpolski.pl\/bucuresti\/wp-content\/uploads\/sites\/11\/2019\/07\/poznaj-polske.jpg\",\"width\":1920,\"height\":700},{\"@type\":\"BreadcrumbList\",\"@id\":\"https:\/\/instytutpolski.pl\/bucuresti\/cunoaste-polonia-3\/#breadcrumb\",\"itemListElement\":[{\"@type\":\"ListItem\",\"position\":1,\"name\":\"Home\",\"item\":\"https:\/\/instytutpolski.pl\/bucuresti\/\"},{\"@type\":\"ListItem\",\"position\":2,\"name\":\"Cunoa\u0219te Polonia\"}]},{\"@type\":\"WebSite\",\"@id\":\"https:\/\/instytutpolski.pl\/bucuresti\/#website\",\"url\":\"https:\/\/instytutpolski.pl\/bucuresti\/\",\"name\":\"Instytut Polski w Bukareszcie\",\"description\":\"Instytuty Polskie\",\"potentialAction\":[{\"@type\":\"SearchAction\",\"target\":{\"@type\":\"EntryPoint\",\"urlTemplate\":\"https:\/\/instytutpolski.pl\/bucuresti\/?s={search_term_string}\"},\"query-input\":{\"@type\":\"PropertyValueSpecification\",\"valueRequired\":true,\"valueName\":\"search_term_string\"}}],\"inLanguage\":\"pl-PL\"}]}<\/script>\n<!-- \/ Yoast SEO plugin. -->","yoast_head_json":{"title":"Cunoa\u0219te Polonia - Instytut Polski w Bukareszcie","robots":{"index":"index","follow":"follow","max-snippet":"max-snippet:-1","max-image-preview":"max-image-preview:large","max-video-preview":"max-video-preview:-1"},"canonical":"https:\/\/instytutpolski.pl\/bucuresti\/cunoaste-polonia-3\/","og_locale":"pl_PL","og_type":"article","og_title":"Cunoa\u0219te Polonia - Instytut Polski w Bukareszcie","og_description":"\u00cen ultimul deceniu, Polonia s-a remarcat prin stabilitate economic\u0103 \u015fi prin importan\u0163a tot mai mare pe care o are \u00een aceast\u0103 parte a Europei. Dar Polonia \u00eenseamn\u0103 mai mult dec\u00e2t at\u00e2t. \u00censeamn\u0103 ora\u015fe \u00eenc\u0103rcate de istorie, \u00eenseamn\u0103 muzee \u015fi evenimente de anvergur\u0103. \u00censeamn\u0103 jazz, film, literatur\u0103, art\u0103. \u00censeamn\u0103, \u00een primul r\u00e2nd, oamenii care o locuiesc [&hellip;]","og_url":"https:\/\/instytutpolski.pl\/bucuresti\/cunoaste-polonia-3\/","og_site_name":"Instytut Polski w Bukareszcie","article_modified_time":"2020-05-31T22:21:54+00:00","og_image":[{"width":1920,"height":700,"url":"https:\/\/instytutpolski.pl\/bucuresti\/wp-content\/uploads\/sites\/11\/2019\/07\/poznaj-polske.jpg","type":"image\/jpeg"}],"twitter_card":"summary_large_image","twitter_misc":{"Szacowany czas czytania":"2 minuty"},"schema":{"@context":"https:\/\/schema.org","@graph":[{"@type":"WebPage","@id":"https:\/\/instytutpolski.pl\/bucuresti\/cunoaste-polonia-3\/","url":"https:\/\/instytutpolski.pl\/bucuresti\/cunoaste-polonia-3\/","name":"Cunoa\u0219te Polonia - Instytut Polski w Bukareszcie","isPartOf":{"@id":"https:\/\/instytutpolski.pl\/bucuresti\/#website"},"primaryImageOfPage":{"@id":"https:\/\/instytutpolski.pl\/bucuresti\/cunoaste-polonia-3\/#primaryimage"},"image":{"@id":"https:\/\/instytutpolski.pl\/bucuresti\/cunoaste-polonia-3\/#primaryimage"},"thumbnailUrl":"https:\/\/instytutpolski.pl\/bucuresti\/wp-content\/uploads\/sites\/11\/2019\/07\/poznaj-polske.jpg","datePublished":"2019-07-01T07:22:56+00:00","dateModified":"2020-05-31T22:21:54+00:00","breadcrumb":{"@id":"https:\/\/instytutpolski.pl\/bucuresti\/cunoaste-polonia-3\/#breadcrumb"},"inLanguage":"pl-PL","potentialAction":[{"@type":"ReadAction","target":["https:\/\/instytutpolski.pl\/bucuresti\/cunoaste-polonia-3\/"]}]},{"@type":"ImageObject","inLanguage":"pl-PL","@id":"https:\/\/instytutpolski.pl\/bucuresti\/cunoaste-polonia-3\/#primaryimage","url":"https:\/\/instytutpolski.pl\/bucuresti\/wp-content\/uploads\/sites\/11\/2019\/07\/poznaj-polske.jpg","contentUrl":"https:\/\/instytutpolski.pl\/bucuresti\/wp-content\/uploads\/sites\/11\/2019\/07\/poznaj-polske.jpg","width":1920,"height":700},{"@type":"BreadcrumbList","@id":"https:\/\/instytutpolski.pl\/bucuresti\/cunoaste-polonia-3\/#breadcrumb","itemListElement":[{"@type":"ListItem","position":1,"name":"Home","item":"https:\/\/instytutpolski.pl\/bucuresti\/"},{"@type":"ListItem","position":2,"name":"Cunoa\u0219te Polonia"}]},{"@type":"WebSite","@id":"https:\/\/instytutpolski.pl\/bucuresti\/#website","url":"https:\/\/instytutpolski.pl\/bucuresti\/","name":"Instytut Polski w Bukareszcie","description":"Instytuty Polskie","potentialAction":[{"@type":"SearchAction","target":{"@type":"EntryPoint","urlTemplate":"https:\/\/instytutpolski.pl\/bucuresti\/?s={search_term_string}"},"query-input":{"@type":"PropertyValueSpecification","valueRequired":true,"valueName":"search_term_string"}}],"inLanguage":"pl-PL"}]}},"_links":{"self":[{"href":"https:\/\/instytutpolski.pl\/bucuresti\/wp-json\/wp\/v2\/pages\/259","targetHints":{"allow":["GET"]}}],"collection":[{"href":"https:\/\/instytutpolski.pl\/bucuresti\/wp-json\/wp\/v2\/pages"}],"about":[{"href":"https:\/\/instytutpolski.pl\/bucuresti\/wp-json\/wp\/v2\/types\/page"}],"author":[{"embeddable":true,"href":"https:\/\/instytutpolski.pl\/bucuresti\/wp-json\/wp\/v2\/users\/1"}],"replies":[{"embeddable":true,"href":"https:\/\/instytutpolski.pl\/bucuresti\/wp-json\/wp\/v2\/comments?post=259"}],"version-history":[{"count":2,"href":"https:\/\/instytutpolski.pl\/bucuresti\/wp-json\/wp\/v2\/pages\/259\/revisions"}],"predecessor-version":[{"id":2755,"href":"https:\/\/instytutpolski.pl\/bucuresti\/wp-json\/wp\/v2\/pages\/259\/revisions\/2755"}],"wp:featuredmedia":[{"embeddable":true,"href":"https:\/\/instytutpolski.pl\/bucuresti\/wp-json\/wp\/v2\/media\/256"}],"wp:attachment":[{"href":"https:\/\/instytutpolski.pl\/bucuresti\/wp-json\/wp\/v2\/media?parent=259"}],"curies":[{"name":"wp","href":"https:\/\/api.w.org\/{rel}","templated":true}]}}