{"id":2806,"date":"2020-06-01T17:34:15","date_gmt":"2020-06-01T15:34:15","guid":{"rendered":"https:\/\/instytutpolski.pl\/bucuresti\/?page_id=2806"},"modified":"2020-06-01T17:34:16","modified_gmt":"2020-06-01T15:34:16","slug":"politica-privind-cookie-urile","status":"publish","type":"page","link":"https:\/\/instytutpolski.pl\/bucuresti\/politica-privind-cookie-urile\/","title":{"rendered":"Politica privind cookie-urile"},"content":{"rendered":"\n<p>Pentru a oferi servicii la cel mai \u00eenalt nivel, folosim <strong>fi\u015fiere cookie<\/strong>. Beneficiind de site-ul nostru, acestea vor fi stocate pe dispozitivul dumneavoastr\u0103. \u00cen orice moment pute\u021bi efectua modific\u0103ri \u00een set\u0103rile browser-ului.<\/p>\n<p>Pentru comoditatea dumneavoastr\u0103,<strong> site-ul instytutpolski.pl<\/strong>, apar\u021bin\u00e2nd Ministerului Afacerilor Externe al Republicii Polone, folose\u0219te fi\u015fiere cookie <strong>pentru a adapta site-ul la nevoile utilizatorilor<\/strong>, precum \u0219i \u00een scopuri statistice.<\/p>\n<p>Fi\u0219ierele cookie sunt fi\u0219iere text de mici dimensiuni, trimise de pagina web vizitat\u0103 c\u0103tre dispozitivul internautului (computer, smartphone etc.). Acestea nu con\u021bin date personale.<\/p>\n<p>Site-ul instytutpolski.pl folose\u0219te dou\u0103 tipuri de cookie-uri:<\/p>\n<ol>\n<li>de performan\u021b\u0103 (colecteaz\u0103 informa\u021bii despre modul \u00een care vizitatorii utilizeaz\u0103 site-ul, de ex. cele mai vizitate pagini sau mesaje de eroare etc.),<\/li>\n<li>func\u021bionale (salveaz\u0103 set\u0103rile utilizatorului, de ex. limba, consim\u021b\u0103mintele acordate etc.), precum:<\/li>\n<\/ol>\n<ul>\n<li>cookie-uri google-analytics.com \u2013 utilizate pentru colectarea de statistici pentru site-ul instytutpolski.pl; politica exact\u0103 de operare \u0219i confiden\u021bialitate a Google Analytics se g\u0103se\u0219te la adresa: http:\/\/www.google.com\/analytics\/learn\/privacy.html,<\/li>\n<li>cookie-uri per sesiune &#8211; informa\u021bii temporare stocate \u00een memoria browserului p\u00e2n\u0103 la sf\u00e2r\u0219itul sesiunii, adic\u0103 p\u00e2n\u0103 la \u00eenchiderea acesteia.<\/li>\n<\/ul>\n<p>Paginile web str\u0103ine, la care trimite uneori site-ul instytutpolski.pl, pot utiliza \u015fi alte fi\u015fiere cookie dec\u00e2t cele enumerate mai sus, inclusiv fi\u0219iere care permit logarea \u0219i plasarea de publicitate care corespunde preferin\u021belor \u0219i comportamentelor utilizatorului. Astfel de fi\u015fiere cookie sunt:<\/p>\n<ul>\n<li>pe pagina youtube.com \u2013 care con\u021bin preferin\u021bele utilizatorului \u0219i num\u0103rul de clicuri efectuate; politica de confiden\u021bialitate a site-ului YouTube este descris\u0103 la adresa: http:\/\/www.google.pl\/intl\/pl\/policies\/privacy\/<\/li>\n<li>pe pagina player.vimeo.com \u0219i av.vimeo.com &#8211; care permit autentificarea, precum \u0219i cookie-urile plasate de agen\u021biile de publicitate cu scopul de a se potrivi cu con\u021binutul \u0219i formele de publicitate; politica fi\u015fierelor cookie a site-ului Vimeo este disponibil\u0103 la adresa: http:\/\/vimeo.com\/cookie_policy.<\/li>\n<\/ul>\n<p><strong>\u00cen majoritatea browserelor web pute<\/strong><strong>\u021b<\/strong><strong>i: <\/strong><strong>\u0219<\/strong><strong>terge fi\u015fierele de tip cookie de pe hard disk-ul computerului (din set\u0103rile brows<\/strong><strong>erului), bloca toate fi\u015fierele de tip cookie trimise sau seta un avertisment \u00eenainte de a le salva pe disc.<\/strong><\/p>\n<p>Trebuie avut \u00een vedere faptul c\u0103 modificarea set\u0103rilor acestor fi\u0219iere, const\u00e2nd \u00een limitarea utiliz\u0103rii lor, pot afecta unele func\u021bionalit\u0103\u021bi disponibile pe site-urile web care le folosesc, de ex. prin \u00eempiedicarea conect\u0103rii la un cont de e-mail.<strong> \u00cen lipsa modific\u0103rii<\/strong><strong> acestor set\u0103ri, \u00eenseamn\u0103 c\u0103 accepta<\/strong><strong>\u021b<\/strong><strong>i utilizarea fi\u015fierelor de tip cookie.<\/strong><\/p>\n<p><strong>Mai jos prezent\u0103m cum pute<\/strong><strong>\u021b<\/strong><strong>i modifica set\u0103rile cookie-urilor \u00een cele mai populare motoa<\/strong><strong>re de c\u0103utare:<\/strong><\/p>\n<p><strong>Google Chrome<\/strong><br \/>Meniu &gt; Set\u0103ri &gt; Arat\u0103 set\u0103ri avansate &gt; Intimitate &gt; Set\u0103ri con\u0163inut &gt; Fi\u015fiere cookies \u00a0\u2013 trebuie selectat\u0103 op\u0163iunea corespunz\u0103toare.<\/p>\n<p><strong>Internet Explorer<\/strong><br \/>Meniu &gt; Instrumente &gt; Op\u0163iuni internet &gt; Intimitate \u2013 trebuie selectat\u0103 op\u0163iunea corespunz\u0103toare.<\/p>\n<p><strong>Mozilla Firefox<\/strong><br \/>Meniu &gt; Op\u0163iuni &gt; Intimitate &gt; Istoric \u2013 nale\u017cy wybra\u0107 odpowiedni\u0105 opcj\u0119.<\/p>\n<p><strong>Opera<\/strong><br \/>Meniu &gt; Preferin\u0163e &gt; Avansate &gt; Cookies \u2013 trebuie selectat\u0103 op\u0163iunea corespunz\u0103toare.<\/p>\n<p><strong>Safari<\/strong><br \/>Meniu &gt; Preferin\u0163e &gt; Intimitate &gt; Fi\u015fiere cookies \u2013 trebuie selectat\u0103 op\u0163iunea corespunz\u0103toare.<\/p>\n<p>\u00a0<\/p>\n","protected":false},"excerpt":{"rendered":"<p>Pentru a oferi servicii la cel mai \u00eenalt nivel, folosim fi\u015fiere cookie. Beneficiind de site-ul nostru, acestea vor fi stocate pe dispozitivul dumneavoastr\u0103. \u00cen orice moment pute\u021bi efectua modific\u0103ri \u00een set\u0103rile browser-ului. Pentru comoditatea dumneavoastr\u0103, site-ul instytutpolski.pl, apar\u021bin\u00e2nd Ministerului Afacerilor Externe al Republicii Polone, folose\u0219te fi\u015fiere cookie pentru a adapta site-ul la nevoile utilizatorilor, precum [&hellip;]<\/p>\n","protected":false},"author":26,"featured_media":2807,"parent":0,"menu_order":0,"comment_status":"closed","ping_status":"closed","template":"","meta":{"inline_featured_image":false,"_monsterinsights_skip_tracking":false,"_monsterinsights_sitenote_active":false,"_monsterinsights_sitenote_note":"","_monsterinsights_sitenote_category":0,"footnotes":""},"class_list":["post-2806","page","type-page","status-publish","has-post-thumbnail","hentry"],"yoast_head":"<!-- This site is optimized with the Yoast SEO plugin v24.6 - https:\/\/yoast.com\/wordpress\/plugins\/seo\/ -->\n<title>Politica privind cookie-urile - Instytut Polski w Bukareszcie<\/title>\n<meta name=\"robots\" content=\"index, follow, max-snippet:-1, max-image-preview:large, max-video-preview:-1\" \/>\n<link rel=\"canonical\" href=\"https:\/\/instytutpolski.pl\/bucuresti\/politica-privind-cookie-urile\/\" \/>\n<meta property=\"og:locale\" content=\"pl_PL\" \/>\n<meta property=\"og:type\" content=\"article\" \/>\n<meta property=\"og:title\" content=\"Politica privind cookie-urile - Instytut Polski w Bukareszcie\" \/>\n<meta property=\"og:description\" content=\"Pentru a oferi servicii la cel mai \u00eenalt nivel, folosim fi\u015fiere cookie. Beneficiind de site-ul nostru, acestea vor fi stocate pe dispozitivul dumneavoastr\u0103. \u00cen orice moment pute\u021bi efectua modific\u0103ri \u00een set\u0103rile browser-ului. Pentru comoditatea dumneavoastr\u0103, site-ul instytutpolski.pl, apar\u021bin\u00e2nd Ministerului Afacerilor Externe al Republicii Polone, folose\u0219te fi\u015fiere cookie pentru a adapta site-ul la nevoile utilizatorilor, precum [&hellip;]\" \/>\n<meta property=\"og:url\" content=\"https:\/\/instytutpolski.pl\/bucuresti\/politica-privind-cookie-urile\/\" \/>\n<meta property=\"og:site_name\" content=\"Instytut Polski w Bukareszcie\" \/>\n<meta property=\"article:modified_time\" content=\"2020-06-01T15:34:16+00:00\" \/>\n<meta property=\"og:image\" content=\"https:\/\/instytutpolski.pl\/bucuresti\/wp-content\/uploads\/sites\/11\/2020\/06\/Krokusy-2.jpg\" \/>\n\t<meta property=\"og:image:width\" content=\"2048\" \/>\n\t<meta property=\"og:image:height\" content=\"1365\" \/>\n\t<meta property=\"og:image:type\" content=\"image\/jpeg\" \/>\n<meta name=\"twitter:card\" content=\"summary_large_image\" \/>\n<meta name=\"twitter:label1\" content=\"Szacowany czas czytania\" \/>\n\t<meta name=\"twitter:data1\" content=\"3 minuty\" \/>\n<script type=\"application\/ld+json\" class=\"yoast-schema-graph\">{\"@context\":\"https:\/\/schema.org\",\"@graph\":[{\"@type\":\"WebPage\",\"@id\":\"https:\/\/instytutpolski.pl\/bucuresti\/politica-privind-cookie-urile\/\",\"url\":\"https:\/\/instytutpolski.pl\/bucuresti\/politica-privind-cookie-urile\/\",\"name\":\"Politica privind cookie-urile - Instytut Polski w Bukareszcie\",\"isPartOf\":{\"@id\":\"https:\/\/instytutpolski.pl\/bucuresti\/#website\"},\"primaryImageOfPage\":{\"@id\":\"https:\/\/instytutpolski.pl\/bucuresti\/politica-privind-cookie-urile\/#primaryimage\"},\"image\":{\"@id\":\"https:\/\/instytutpolski.pl\/bucuresti\/politica-privind-cookie-urile\/#primaryimage\"},\"thumbnailUrl\":\"https:\/\/instytutpolski.pl\/bucuresti\/wp-content\/uploads\/sites\/11\/2020\/06\/Krokusy-2.jpg\",\"datePublished\":\"2020-06-01T15:34:15+00:00\",\"dateModified\":\"2020-06-01T15:34:16+00:00\",\"breadcrumb\":{\"@id\":\"https:\/\/instytutpolski.pl\/bucuresti\/politica-privind-cookie-urile\/#breadcrumb\"},\"inLanguage\":\"pl-PL\",\"potentialAction\":[{\"@type\":\"ReadAction\",\"target\":[\"https:\/\/instytutpolski.pl\/bucuresti\/politica-privind-cookie-urile\/\"]}]},{\"@type\":\"ImageObject\",\"inLanguage\":\"pl-PL\",\"@id\":\"https:\/\/instytutpolski.pl\/bucuresti\/politica-privind-cookie-urile\/#primaryimage\",\"url\":\"https:\/\/instytutpolski.pl\/bucuresti\/wp-content\/uploads\/sites\/11\/2020\/06\/Krokusy-2.jpg\",\"contentUrl\":\"https:\/\/instytutpolski.pl\/bucuresti\/wp-content\/uploads\/sites\/11\/2020\/06\/Krokusy-2.jpg\",\"width\":2048,\"height\":1365},{\"@type\":\"BreadcrumbList\",\"@id\":\"https:\/\/instytutpolski.pl\/bucuresti\/politica-privind-cookie-urile\/#breadcrumb\",\"itemListElement\":[{\"@type\":\"ListItem\",\"position\":1,\"name\":\"Home\",\"item\":\"https:\/\/instytutpolski.pl\/bucuresti\/\"},{\"@type\":\"ListItem\",\"position\":2,\"name\":\"Politica privind cookie-urile\"}]},{\"@type\":\"WebSite\",\"@id\":\"https:\/\/instytutpolski.pl\/bucuresti\/#website\",\"url\":\"https:\/\/instytutpolski.pl\/bucuresti\/\",\"name\":\"Instytut Polski w Bukareszcie\",\"description\":\"Instytuty Polskie\",\"potentialAction\":[{\"@type\":\"SearchAction\",\"target\":{\"@type\":\"EntryPoint\",\"urlTemplate\":\"https:\/\/instytutpolski.pl\/bucuresti\/?s={search_term_string}\"},\"query-input\":{\"@type\":\"PropertyValueSpecification\",\"valueRequired\":true,\"valueName\":\"search_term_string\"}}],\"inLanguage\":\"pl-PL\"}]}<\/script>\n<!-- \/ Yoast SEO plugin. -->","yoast_head_json":{"title":"Politica privind cookie-urile - Instytut Polski w Bukareszcie","robots":{"index":"index","follow":"follow","max-snippet":"max-snippet:-1","max-image-preview":"max-image-preview:large","max-video-preview":"max-video-preview:-1"},"canonical":"https:\/\/instytutpolski.pl\/bucuresti\/politica-privind-cookie-urile\/","og_locale":"pl_PL","og_type":"article","og_title":"Politica privind cookie-urile - Instytut Polski w Bukareszcie","og_description":"Pentru a oferi servicii la cel mai \u00eenalt nivel, folosim fi\u015fiere cookie. Beneficiind de site-ul nostru, acestea vor fi stocate pe dispozitivul dumneavoastr\u0103. \u00cen orice moment pute\u021bi efectua modific\u0103ri \u00een set\u0103rile browser-ului. Pentru comoditatea dumneavoastr\u0103, site-ul instytutpolski.pl, apar\u021bin\u00e2nd Ministerului Afacerilor Externe al Republicii Polone, folose\u0219te fi\u015fiere cookie pentru a adapta site-ul la nevoile utilizatorilor, precum [&hellip;]","og_url":"https:\/\/instytutpolski.pl\/bucuresti\/politica-privind-cookie-urile\/","og_site_name":"Instytut Polski w Bukareszcie","article_modified_time":"2020-06-01T15:34:16+00:00","og_image":[{"width":2048,"height":1365,"url":"https:\/\/instytutpolski.pl\/bucuresti\/wp-content\/uploads\/sites\/11\/2020\/06\/Krokusy-2.jpg","type":"image\/jpeg"}],"twitter_card":"summary_large_image","twitter_misc":{"Szacowany czas czytania":"3 minuty"},"schema":{"@context":"https:\/\/schema.org","@graph":[{"@type":"WebPage","@id":"https:\/\/instytutpolski.pl\/bucuresti\/politica-privind-cookie-urile\/","url":"https:\/\/instytutpolski.pl\/bucuresti\/politica-privind-cookie-urile\/","name":"Politica privind cookie-urile - Instytut Polski w Bukareszcie","isPartOf":{"@id":"https:\/\/instytutpolski.pl\/bucuresti\/#website"},"primaryImageOfPage":{"@id":"https:\/\/instytutpolski.pl\/bucuresti\/politica-privind-cookie-urile\/#primaryimage"},"image":{"@id":"https:\/\/instytutpolski.pl\/bucuresti\/politica-privind-cookie-urile\/#primaryimage"},"thumbnailUrl":"https:\/\/instytutpolski.pl\/bucuresti\/wp-content\/uploads\/sites\/11\/2020\/06\/Krokusy-2.jpg","datePublished":"2020-06-01T15:34:15+00:00","dateModified":"2020-06-01T15:34:16+00:00","breadcrumb":{"@id":"https:\/\/instytutpolski.pl\/bucuresti\/politica-privind-cookie-urile\/#breadcrumb"},"inLanguage":"pl-PL","potentialAction":[{"@type":"ReadAction","target":["https:\/\/instytutpolski.pl\/bucuresti\/politica-privind-cookie-urile\/"]}]},{"@type":"ImageObject","inLanguage":"pl-PL","@id":"https:\/\/instytutpolski.pl\/bucuresti\/politica-privind-cookie-urile\/#primaryimage","url":"https:\/\/instytutpolski.pl\/bucuresti\/wp-content\/uploads\/sites\/11\/2020\/06\/Krokusy-2.jpg","contentUrl":"https:\/\/instytutpolski.pl\/bucuresti\/wp-content\/uploads\/sites\/11\/2020\/06\/Krokusy-2.jpg","width":2048,"height":1365},{"@type":"BreadcrumbList","@id":"https:\/\/instytutpolski.pl\/bucuresti\/politica-privind-cookie-urile\/#breadcrumb","itemListElement":[{"@type":"ListItem","position":1,"name":"Home","item":"https:\/\/instytutpolski.pl\/bucuresti\/"},{"@type":"ListItem","position":2,"name":"Politica privind cookie-urile"}]},{"@type":"WebSite","@id":"https:\/\/instytutpolski.pl\/bucuresti\/#website","url":"https:\/\/instytutpolski.pl\/bucuresti\/","name":"Instytut Polski w Bukareszcie","description":"Instytuty Polskie","potentialAction":[{"@type":"SearchAction","target":{"@type":"EntryPoint","urlTemplate":"https:\/\/instytutpolski.pl\/bucuresti\/?s={search_term_string}"},"query-input":{"@type":"PropertyValueSpecification","valueRequired":true,"valueName":"search_term_string"}}],"inLanguage":"pl-PL"}]}},"_links":{"self":[{"href":"https:\/\/instytutpolski.pl\/bucuresti\/wp-json\/wp\/v2\/pages\/2806","targetHints":{"allow":["GET"]}}],"collection":[{"href":"https:\/\/instytutpolski.pl\/bucuresti\/wp-json\/wp\/v2\/pages"}],"about":[{"href":"https:\/\/instytutpolski.pl\/bucuresti\/wp-json\/wp\/v2\/types\/page"}],"author":[{"embeddable":true,"href":"https:\/\/instytutpolski.pl\/bucuresti\/wp-json\/wp\/v2\/users\/26"}],"replies":[{"embeddable":true,"href":"https:\/\/instytutpolski.pl\/bucuresti\/wp-json\/wp\/v2\/comments?post=2806"}],"version-history":[{"count":2,"href":"https:\/\/instytutpolski.pl\/bucuresti\/wp-json\/wp\/v2\/pages\/2806\/revisions"}],"predecessor-version":[{"id":2809,"href":"https:\/\/instytutpolski.pl\/bucuresti\/wp-json\/wp\/v2\/pages\/2806\/revisions\/2809"}],"wp:featuredmedia":[{"embeddable":true,"href":"https:\/\/instytutpolski.pl\/bucuresti\/wp-json\/wp\/v2\/media\/2807"}],"wp:attachment":[{"href":"https:\/\/instytutpolski.pl\/bucuresti\/wp-json\/wp\/v2\/media?parent=2806"}],"curies":[{"name":"wp","href":"https:\/\/api.w.org\/{rel}","templated":true}]}}