{"id":30,"date":"2019-06-05T18:56:58","date_gmt":"2019-06-05T16:56:58","guid":{"rendered":"https:\/\/instytutpolski.pl\/bukareszt\/?page_id=30"},"modified":"2020-06-02T10:49:21","modified_gmt":"2020-06-02T08:49:21","slug":"odkryj-polske","status":"publish","type":"page","link":"https:\/\/instytutpolski.pl\/bucuresti\/pl\/odkryj-polske\/","title":{"rendered":"Odkryj Polsk\u0119"},"content":{"rendered":"\n<p>Chcesz sp\u0119dzi\u0107 ciekawie urlop w kraju, do kt\u00f3rego mo\u017cna tanio dolecie\u0107, wygodnie po nim podr\u00f3\u017cowa\u0107 i nie nudzi\u0107 si\u0119 bez wzgl\u0119du na pogod\u0119? Odwied\u017a Polsk\u0119. Przed wyjazdem polecamy seri\u0119 kr\u00f3tkich film\u00f3w rumu\u0144skich vloger\u00f3w o r\u00f3\u017cnych zak\u0105tkach kraju \u2013 od Gda\u0144ska nad Morzem Ba\u0142tyckim po Krak\u00f3w na po\u0142udniu.<\/p>\n<p>Jak wyobra\u017casz sobie Warszaw\u0119? Czy wiesz, \u017ce jest w niej kilka najnowocze\u015bniejszych muze\u00f3w na \u015bwiecie? Z czym kojarzy ci si\u0119 Krak\u00f3w? Z najwi\u0119kszym na \u015bwiecie placem miejskim, pi\u0119knymi \u015bredniowiecznymi kamienicami i zabytkami wpisanymi list\u0119 \u015bwiatowego dziedzictwa UNESCO? S\u0142ysza\u0142e\u015b kiedy\u015b o Sopocie, \u0141odzi, Wroc\u0142awiu, Mazurach czy Zamo\u015bciu? Zapraszamy na wycieczk\u0119 online z rumu\u0144skimi vlogerami po tych i wielu innych miejscach!<\/p>\n<p>Zdradzamy te\u017c, \u017ce dzi\u0119ki tanim liniom lotniczym bilety z Bukaresztu do Warszawy i z powrotem w wybranych terminach mo\u017cesz kupi\u0107 nawet za nieca\u0142e 160 lei. Je\u015bli wolisz komfort, mo\u017cesz wybra\u0107 inne bezpo\u015brednie po\u0142\u0105czenie lotnicze, a kilka razy w tygodniu z Bukaresztu dolecisz nawet wprost do Krakowa. Mo\u017cesz te\u017c skorzysta\u0107 z lot\u00f3w z Klu\u017cu do Warszawy.<\/p>\n<p>Latem polecamy szczeg\u00f3lnie p\u00f3\u0142noc Polski \u2013 po\u0142o\u017cony nad Morzem Ba\u0142tyckim Gda\u0144sk, Gdyni\u0119, Sopot, czyli Tr\u00f3jmiasto i Mazury. Zobacz jakie wra\u017cenie mieli z tych miejsc Simona i Alex, znani jako duet Lipa-Lipa, kt\u00f3rzy odwiedzili je w 2019 roku.<\/p>\n<p>Tr\u00f3jmiasto (Triora\u0219) 1:\u00a0<\/p>\n<p>https:\/\/youtu.be\/trQWOrK-fPY<\/p>\n<p>Tr\u00f3jmiasto (Triora\u0219) 2:<\/p>\n<p>https:\/\/youtu.be\/QUBHInuRVxA<\/p>\n<p>Gda\u0144sk:<\/p>\n<p>https:\/\/youtu.be\/xq6BzMn-e-0<\/p>\n<p>Mazury (Mazuria):<\/p>\n<p>https:\/\/youtu.be\/pj_M1DMV-yk<\/p>\n<p>Polecamy te\u017c ponad 30 innych film\u00f3w z podr\u00f3\u017cy po ca\u0142ej Polsce. W ramach projektu #Polonia100 w 2018 roku, z okazji 100-lecia odzyskania niepodleg\u0142o\u015bci przez nasz kraj, przygotowa\u0142y je trzy pary rumu\u0144skich vloger\u00f3w: Mihaela i Valentin, czyli Travelin2, Simona i Alex, czyli Lipa-Lipa oraz Liviu i Ligia Boca.<\/p>\n<p>Zobacz jakimi \u015brodkami transportu podr\u00f3\u017cowali po Polsce, czy du\u017co kosztowa\u0142o ich wynaj\u0119cie samochodu i przede wszytkim, kt\u00f3re miejsca spodoba\u0142y im si\u0119 najbardziej. Prze\u017cyj nieko\u0144cz\u0105c\u0105 si\u0119 opowie\u015b\u0107!<\/p>\n<p><a href=\"https:\/\/www.youtube.com\/playlist?list=PLPr63OcH4LJdxjRFfc0cF8gUzAh_ircjd\" target=\"_blank\" rel=\"noopener noreferrer\">Zobacz filmy z napisami po polsku &gt;&gt;&gt;<\/a><\/p>\n<p><a href=\"https:\/\/www.youtube.com\/playlist?list=PLPr63OcH4LJeBHj2ja41NY-s7my1bCZ3U\" target=\"_blank\" rel=\"noopener noreferrer\">Wszystkie filmy znajdziesz na naszym kanale YT &gt;&gt;&gt;<\/a><\/p>\n<p>https:\/\/www.youtube.com\/playlist?list=PLPr63OcH4LJeBHj2ja41NY-s7my1bCZ3U<\/p>\n<p>Warto odwiedzi\u0107 te\u017c stron\u0119 projektu #Polonia100 <a href=\"http:\/\/www.polonia100.ro\" target=\"_blank\" rel=\"noopener noreferrer\">www.polonia100.ro<\/a><\/p>\n<p>Szcz\u0119\u015bliwej drogi, czyli po rumu\u0144sku: drum bun!<\/p>\n","protected":false},"excerpt":{"rendered":"<p>Chcesz sp\u0119dzi\u0107 ciekawie urlop w kraju, do kt\u00f3rego mo\u017cna tanio dolecie\u0107, wygodnie po nim podr\u00f3\u017cowa\u0107 i nie nudzi\u0107 si\u0119 bez wzgl\u0119du na pogod\u0119? Odwied\u017a Polsk\u0119. Przed wyjazdem polecamy seri\u0119 kr\u00f3tkich film\u00f3w rumu\u0144skich vloger\u00f3w o r\u00f3\u017cnych zak\u0105tkach kraju \u2013 od Gda\u0144ska nad Morzem Ba\u0142tyckim po Krak\u00f3w na po\u0142udniu. Jak wyobra\u017casz sobie Warszaw\u0119? Czy wiesz, \u017ce jest [&hellip;]<\/p>\n","protected":false},"author":1,"featured_media":2915,"parent":0,"menu_order":0,"comment_status":"closed","ping_status":"closed","template":"","meta":{"inline_featured_image":false,"_monsterinsights_skip_tracking":false,"_monsterinsights_sitenote_active":false,"_monsterinsights_sitenote_note":"","_monsterinsights_sitenote_category":0,"footnotes":""},"class_list":["post-30","page","type-page","status-publish","has-post-thumbnail","hentry"],"yoast_head":"<!-- This site is optimized with the Yoast SEO plugin v24.6 - https:\/\/yoast.com\/wordpress\/plugins\/seo\/ -->\n<title>Odkryj Polsk\u0119 - Instytut Polski w Bukareszcie<\/title>\n<meta name=\"robots\" content=\"index, follow, max-snippet:-1, max-image-preview:large, max-video-preview:-1\" \/>\n<link rel=\"canonical\" href=\"https:\/\/instytutpolski.pl\/bucuresti\/pl\/odkryj-polske\/\" \/>\n<meta property=\"og:locale\" content=\"pl_PL\" \/>\n<meta property=\"og:type\" content=\"article\" \/>\n<meta property=\"og:title\" content=\"Odkryj Polsk\u0119 - Instytut Polski w Bukareszcie\" \/>\n<meta property=\"og:description\" content=\"Chcesz sp\u0119dzi\u0107 ciekawie urlop w kraju, do kt\u00f3rego mo\u017cna tanio dolecie\u0107, wygodnie po nim podr\u00f3\u017cowa\u0107 i nie nudzi\u0107 si\u0119 bez wzgl\u0119du na pogod\u0119? Odwied\u017a Polsk\u0119. Przed wyjazdem polecamy seri\u0119 kr\u00f3tkich film\u00f3w rumu\u0144skich vloger\u00f3w o r\u00f3\u017cnych zak\u0105tkach kraju \u2013 od Gda\u0144ska nad Morzem Ba\u0142tyckim po Krak\u00f3w na po\u0142udniu. Jak wyobra\u017casz sobie Warszaw\u0119? Czy wiesz, \u017ce jest [&hellip;]\" \/>\n<meta property=\"og:url\" content=\"https:\/\/instytutpolski.pl\/bucuresti\/pl\/odkryj-polske\/\" \/>\n<meta property=\"og:site_name\" content=\"Instytut Polski w Bukareszcie\" \/>\n<meta property=\"article:modified_time\" content=\"2020-06-02T08:49:21+00:00\" \/>\n<meta property=\"og:image\" content=\"https:\/\/instytutpolski.pl\/bucuresti\/wp-content\/uploads\/sites\/11\/2020\/06\/mazury_droga_Cieszewski-scaled.jpg\" \/>\n\t<meta property=\"og:image:width\" content=\"2560\" \/>\n\t<meta property=\"og:image:height\" content=\"1706\" \/>\n\t<meta property=\"og:image:type\" content=\"image\/jpeg\" \/>\n<meta name=\"twitter:card\" content=\"summary_large_image\" \/>\n<meta name=\"twitter:label1\" content=\"Szacowany czas czytania\" \/>\n\t<meta name=\"twitter:data1\" content=\"2 minuty\" \/>\n<script type=\"application\/ld+json\" class=\"yoast-schema-graph\">{\"@context\":\"https:\/\/schema.org\",\"@graph\":[{\"@type\":\"WebPage\",\"@id\":\"https:\/\/instytutpolski.pl\/bucuresti\/pl\/odkryj-polske\/\",\"url\":\"https:\/\/instytutpolski.pl\/bucuresti\/pl\/odkryj-polske\/\",\"name\":\"Odkryj Polsk\u0119 - Instytut Polski w Bukareszcie\",\"isPartOf\":{\"@id\":\"https:\/\/instytutpolski.pl\/bucuresti\/#website\"},\"primaryImageOfPage\":{\"@id\":\"https:\/\/instytutpolski.pl\/bucuresti\/pl\/odkryj-polske\/#primaryimage\"},\"image\":{\"@id\":\"https:\/\/instytutpolski.pl\/bucuresti\/pl\/odkryj-polske\/#primaryimage\"},\"thumbnailUrl\":\"https:\/\/instytutpolski.pl\/bucuresti\/wp-content\/uploads\/sites\/11\/2020\/06\/mazury_droga_Cieszewski-scaled.jpg\",\"datePublished\":\"2019-06-05T16:56:58+00:00\",\"dateModified\":\"2020-06-02T08:49:21+00:00\",\"breadcrumb\":{\"@id\":\"https:\/\/instytutpolski.pl\/bucuresti\/pl\/odkryj-polske\/#breadcrumb\"},\"inLanguage\":\"pl-PL\",\"potentialAction\":[{\"@type\":\"ReadAction\",\"target\":[\"https:\/\/instytutpolski.pl\/bucuresti\/pl\/odkryj-polske\/\"]}]},{\"@type\":\"ImageObject\",\"inLanguage\":\"pl-PL\",\"@id\":\"https:\/\/instytutpolski.pl\/bucuresti\/pl\/odkryj-polske\/#primaryimage\",\"url\":\"https:\/\/instytutpolski.pl\/bucuresti\/wp-content\/uploads\/sites\/11\/2020\/06\/mazury_droga_Cieszewski-scaled.jpg\",\"contentUrl\":\"https:\/\/instytutpolski.pl\/bucuresti\/wp-content\/uploads\/sites\/11\/2020\/06\/mazury_droga_Cieszewski-scaled.jpg\",\"width\":2560,\"height\":1706},{\"@type\":\"BreadcrumbList\",\"@id\":\"https:\/\/instytutpolski.pl\/bucuresti\/pl\/odkryj-polske\/#breadcrumb\",\"itemListElement\":[{\"@type\":\"ListItem\",\"position\":1,\"name\":\"Home\",\"item\":\"https:\/\/instytutpolski.pl\/bucuresti\/\"},{\"@type\":\"ListItem\",\"position\":2,\"name\":\"Odkryj Polsk\u0119\"}]},{\"@type\":\"WebSite\",\"@id\":\"https:\/\/instytutpolski.pl\/bucuresti\/#website\",\"url\":\"https:\/\/instytutpolski.pl\/bucuresti\/\",\"name\":\"Instytut Polski w Bukareszcie\",\"description\":\"Instytuty Polskie\",\"potentialAction\":[{\"@type\":\"SearchAction\",\"target\":{\"@type\":\"EntryPoint\",\"urlTemplate\":\"https:\/\/instytutpolski.pl\/bucuresti\/?s={search_term_string}\"},\"query-input\":{\"@type\":\"PropertyValueSpecification\",\"valueRequired\":true,\"valueName\":\"search_term_string\"}}],\"inLanguage\":\"pl-PL\"}]}<\/script>\n<!-- \/ Yoast SEO plugin. -->","yoast_head_json":{"title":"Odkryj Polsk\u0119 - Instytut Polski w Bukareszcie","robots":{"index":"index","follow":"follow","max-snippet":"max-snippet:-1","max-image-preview":"max-image-preview:large","max-video-preview":"max-video-preview:-1"},"canonical":"https:\/\/instytutpolski.pl\/bucuresti\/pl\/odkryj-polske\/","og_locale":"pl_PL","og_type":"article","og_title":"Odkryj Polsk\u0119 - Instytut Polski w Bukareszcie","og_description":"Chcesz sp\u0119dzi\u0107 ciekawie urlop w kraju, do kt\u00f3rego mo\u017cna tanio dolecie\u0107, wygodnie po nim podr\u00f3\u017cowa\u0107 i nie nudzi\u0107 si\u0119 bez wzgl\u0119du na pogod\u0119? Odwied\u017a Polsk\u0119. Przed wyjazdem polecamy seri\u0119 kr\u00f3tkich film\u00f3w rumu\u0144skich vloger\u00f3w o r\u00f3\u017cnych zak\u0105tkach kraju \u2013 od Gda\u0144ska nad Morzem Ba\u0142tyckim po Krak\u00f3w na po\u0142udniu. Jak wyobra\u017casz sobie Warszaw\u0119? Czy wiesz, \u017ce jest [&hellip;]","og_url":"https:\/\/instytutpolski.pl\/bucuresti\/pl\/odkryj-polske\/","og_site_name":"Instytut Polski w Bukareszcie","article_modified_time":"2020-06-02T08:49:21+00:00","og_image":[{"width":2560,"height":1706,"url":"https:\/\/instytutpolski.pl\/bucuresti\/wp-content\/uploads\/sites\/11\/2020\/06\/mazury_droga_Cieszewski-scaled.jpg","type":"image\/jpeg"}],"twitter_card":"summary_large_image","twitter_misc":{"Szacowany czas czytania":"2 minuty"},"schema":{"@context":"https:\/\/schema.org","@graph":[{"@type":"WebPage","@id":"https:\/\/instytutpolski.pl\/bucuresti\/pl\/odkryj-polske\/","url":"https:\/\/instytutpolski.pl\/bucuresti\/pl\/odkryj-polske\/","name":"Odkryj Polsk\u0119 - Instytut Polski w Bukareszcie","isPartOf":{"@id":"https:\/\/instytutpolski.pl\/bucuresti\/#website"},"primaryImageOfPage":{"@id":"https:\/\/instytutpolski.pl\/bucuresti\/pl\/odkryj-polske\/#primaryimage"},"image":{"@id":"https:\/\/instytutpolski.pl\/bucuresti\/pl\/odkryj-polske\/#primaryimage"},"thumbnailUrl":"https:\/\/instytutpolski.pl\/bucuresti\/wp-content\/uploads\/sites\/11\/2020\/06\/mazury_droga_Cieszewski-scaled.jpg","datePublished":"2019-06-05T16:56:58+00:00","dateModified":"2020-06-02T08:49:21+00:00","breadcrumb":{"@id":"https:\/\/instytutpolski.pl\/bucuresti\/pl\/odkryj-polske\/#breadcrumb"},"inLanguage":"pl-PL","potentialAction":[{"@type":"ReadAction","target":["https:\/\/instytutpolski.pl\/bucuresti\/pl\/odkryj-polske\/"]}]},{"@type":"ImageObject","inLanguage":"pl-PL","@id":"https:\/\/instytutpolski.pl\/bucuresti\/pl\/odkryj-polske\/#primaryimage","url":"https:\/\/instytutpolski.pl\/bucuresti\/wp-content\/uploads\/sites\/11\/2020\/06\/mazury_droga_Cieszewski-scaled.jpg","contentUrl":"https:\/\/instytutpolski.pl\/bucuresti\/wp-content\/uploads\/sites\/11\/2020\/06\/mazury_droga_Cieszewski-scaled.jpg","width":2560,"height":1706},{"@type":"BreadcrumbList","@id":"https:\/\/instytutpolski.pl\/bucuresti\/pl\/odkryj-polske\/#breadcrumb","itemListElement":[{"@type":"ListItem","position":1,"name":"Home","item":"https:\/\/instytutpolski.pl\/bucuresti\/"},{"@type":"ListItem","position":2,"name":"Odkryj Polsk\u0119"}]},{"@type":"WebSite","@id":"https:\/\/instytutpolski.pl\/bucuresti\/#website","url":"https:\/\/instytutpolski.pl\/bucuresti\/","name":"Instytut Polski w Bukareszcie","description":"Instytuty Polskie","potentialAction":[{"@type":"SearchAction","target":{"@type":"EntryPoint","urlTemplate":"https:\/\/instytutpolski.pl\/bucuresti\/?s={search_term_string}"},"query-input":{"@type":"PropertyValueSpecification","valueRequired":true,"valueName":"search_term_string"}}],"inLanguage":"pl-PL"}]}},"_links":{"self":[{"href":"https:\/\/instytutpolski.pl\/bucuresti\/wp-json\/wp\/v2\/pages\/30","targetHints":{"allow":["GET"]}}],"collection":[{"href":"https:\/\/instytutpolski.pl\/bucuresti\/wp-json\/wp\/v2\/pages"}],"about":[{"href":"https:\/\/instytutpolski.pl\/bucuresti\/wp-json\/wp\/v2\/types\/page"}],"author":[{"embeddable":true,"href":"https:\/\/instytutpolski.pl\/bucuresti\/wp-json\/wp\/v2\/users\/1"}],"replies":[{"embeddable":true,"href":"https:\/\/instytutpolski.pl\/bucuresti\/wp-json\/wp\/v2\/comments?post=30"}],"version-history":[{"count":6,"href":"https:\/\/instytutpolski.pl\/bucuresti\/wp-json\/wp\/v2\/pages\/30\/revisions"}],"predecessor-version":[{"id":2891,"href":"https:\/\/instytutpolski.pl\/bucuresti\/wp-json\/wp\/v2\/pages\/30\/revisions\/2891"}],"wp:featuredmedia":[{"embeddable":true,"href":"https:\/\/instytutpolski.pl\/bucuresti\/wp-json\/wp\/v2\/media\/2915"}],"wp:attachment":[{"href":"https:\/\/instytutpolski.pl\/bucuresti\/wp-json\/wp\/v2\/media?parent=30"}],"curies":[{"name":"wp","href":"https:\/\/api.w.org\/{rel}","templated":true}]}}