{"id":327,"date":"2019-07-01T09:45:19","date_gmt":"2019-07-01T07:45:19","guid":{"rendered":"https:\/\/instytutpolski.pl\/bukareszt\/?page_id=327"},"modified":"2022-10-18T09:24:27","modified_gmt":"2022-10-18T07:24:27","slug":"kursy-jezyka-polskiego-organizowane-przez-ip","status":"publish","type":"page","link":"https:\/\/instytutpolski.pl\/bucuresti\/pl\/jezyk-polski-2\/kursy-jezyka-polskiego-organizowane-przez-ip\/","title":{"rendered":"Kursy j\u0119zyka polskiego w Rumunii"},"content":{"rendered":"\n<p>J\u0119zyk polski mo\u017cna studiowa\u0107 w Rumunii na uniwersytetach w Bukareszcie, Klu\u017cu i Jassach. Na kursy j\u0119zyka polskiego mo\u017cna ucz\u0119szcza\u0107 tak\u017ce w kilku innych miastach Rumunii.<\/p>\n<p><strong>Bukareszt:<\/strong> Uniwersytet Bukareszte\u0144ski, Wydzia\u0142 J\u0119zyk\u00f3w i Literatur Obcych, Katedra J\u0119zyk\u00f3w i Literatur S\u0142owia\u0144skich, str. Pitar Mo\u015f 7-13, tel.: +40 21 313 88 75.<\/p>\n<p><strong>Jassy:<\/strong> Uniwersytet im. Alexandru Ioana Cuzy, Wydzia\u0142 Filologiczny, Katedra Slawistyki im. Petru Caramana, <a href=\"https:\/\/www.facebook.com\/lectoratdelimbapolonauaic\/\" target=\"_blank\" rel=\"noopener noreferrer\">Lektorat J\u0119zyka Polskiego<\/a>, Bd. Carol I 11, Jassy, tel.: +40 23 22 01 052<\/p>\n<p><strong>Klu\u017c:<\/strong> Uniwersytet im. Babe\u015fa i Bolyai, Wydzia\u0142 Filologiczny, Katedra Filologii S\u0142owia\u0144skiej, str. Mo\u021bilor nr. 11, pi\u0119tro 4, sala 400, 401, tel.: +40 26 44 18 652 \/ +40 740 147 708<\/p>\n<p>Centrum J\u0119zyka i Kultury Polskiej w Klu\u017cu organizuje dodatkowo kursy j\u0119zyka polskiego dla student\u00f3w wszystkich wydzia\u0142\u00f3w Uniwersytetu im. Babe\u015fa-Bolyai. <a href=\"https:\/\/www.facebook.com\/CentrulDeCulturaSiLimbaPoloneza\/\" target=\"_blank\" rel=\"noopener noreferrer\">Centrum J\u0119zyka i Kultury Polskiej<\/a>: str. Mo\u021bilor nr. 11, pi\u0119tro 4, sala 400, 401, tel.: +40 26 44 18 655 wew. 5863, email: polska.cluj@yahoo.com, strona na FB &gt;&gt;&gt;<\/p>\n<p>Na Uniwersytecie w <strong>Krajowej<\/strong> dzia\u0142a Centrum J\u0119zyka i Kultury Polskiej, Biblioteca Universit\u0103\u021bii, str. Tehnicii, Cartierul L\u0103pu\u015f, tel.: 0251.41.44.68, <a href=\"https:\/\/www.facebook.com\/Centrul-de-Limb%C4%83-%C5%9Fi-Cultur%C4%83-Polonez%C4%83-Craiova-1471656343055518\/\" target=\"_blank\" rel=\"noopener noreferrer\">strona na FB &gt;&gt;&gt;<\/a><\/p>\n<p>Dla wszystkich zainteresowanych nauk\u0105 j\u0119zyka polskiego, niezale\u017cnie od wieku i zawodu, Instytut Polski w Bukareszcie, we wsp\u00f3\u0142pracy z lektorami j\u0119zyka polskiego z uniwersytet\u00f3w w Bukareszcie, Klu\u017cu, Craiovej i Jassach organizuje bezp\u0142atne kursy j\u0119zyka polskiego online.<\/p>\n<p>Kursy na czterech poziomach zaawansowania odbywaj\u0105 si\u0119 wieczorami, w trakcie roku akademickiego. Zapisy zaczynaj\u0105 si\u0119 zwykle w po\u0142owie pa\u017adziernika, po tym, jak nasi wyk\u0142adowcy poznaj\u0105 rozk\u0142ad zaj\u0119\u0107 na swoich uczelniach. Szczeg\u00f3\u0142owe informacje mo\u017cna otrzyma\u0107 pod numerem telefonu +40 21 22 44 556.<\/p>\n","protected":false},"excerpt":{"rendered":"<p>J\u0119zyk polski mo\u017cna studiowa\u0107 w Rumunii na uniwersytetach w Bukareszcie, Klu\u017cu i Jassach. Na kursy j\u0119zyka polskiego mo\u017cna ucz\u0119szcza\u0107 tak\u017ce w kilku innych miastach Rumunii. Bukareszt: Uniwersytet Bukareszte\u0144ski, Wydzia\u0142 J\u0119zyk\u00f3w i Literatur Obcych, Katedra J\u0119zyk\u00f3w i Literatur S\u0142owia\u0144skich, str. Pitar Mo\u015f 7-13, tel.: +40 21 313 88 75. Jassy: Uniwersytet im. Alexandru Ioana Cuzy, Wydzia\u0142 [&hellip;]<\/p>\n","protected":false},"author":1,"featured_media":328,"parent":321,"menu_order":0,"comment_status":"closed","ping_status":"closed","template":"","meta":{"inline_featured_image":false,"_monsterinsights_skip_tracking":false,"_monsterinsights_sitenote_active":false,"_monsterinsights_sitenote_note":"","_monsterinsights_sitenote_category":0,"footnotes":""},"class_list":["post-327","page","type-page","status-publish","has-post-thumbnail","hentry"],"yoast_head":"<!-- This site is optimized with the Yoast SEO plugin v24.6 - https:\/\/yoast.com\/wordpress\/plugins\/seo\/ -->\n<title>Kursy j\u0119zyka polskiego w Rumunii - Instytut Polski w Bukareszcie<\/title>\n<meta name=\"robots\" content=\"index, follow, max-snippet:-1, max-image-preview:large, max-video-preview:-1\" \/>\n<link rel=\"canonical\" href=\"https:\/\/instytutpolski.pl\/bucuresti\/pl\/jezyk-polski-2\/kursy-jezyka-polskiego-organizowane-przez-ip\/\" \/>\n<meta property=\"og:locale\" content=\"pl_PL\" \/>\n<meta property=\"og:type\" content=\"article\" \/>\n<meta property=\"og:title\" content=\"Kursy j\u0119zyka polskiego w Rumunii - Instytut Polski w Bukareszcie\" \/>\n<meta property=\"og:description\" content=\"J\u0119zyk polski mo\u017cna studiowa\u0107 w Rumunii na uniwersytetach w Bukareszcie, Klu\u017cu i Jassach. Na kursy j\u0119zyka polskiego mo\u017cna ucz\u0119szcza\u0107 tak\u017ce w kilku innych miastach Rumunii. Bukareszt: Uniwersytet Bukareszte\u0144ski, Wydzia\u0142 J\u0119zyk\u00f3w i Literatur Obcych, Katedra J\u0119zyk\u00f3w i Literatur S\u0142owia\u0144skich, str. Pitar Mo\u015f 7-13, tel.: +40 21 313 88 75. Jassy: Uniwersytet im. Alexandru Ioana Cuzy, Wydzia\u0142 [&hellip;]\" \/>\n<meta property=\"og:url\" content=\"https:\/\/instytutpolski.pl\/bucuresti\/pl\/jezyk-polski-2\/kursy-jezyka-polskiego-organizowane-przez-ip\/\" \/>\n<meta property=\"og:site_name\" content=\"Instytut Polski w Bukareszcie\" \/>\n<meta property=\"article:modified_time\" content=\"2022-10-18T07:24:27+00:00\" \/>\n<meta property=\"og:image\" content=\"https:\/\/instytutpolski.pl\/bucuresti\/wp-content\/uploads\/sites\/11\/2019\/07\/kursy-jezyka-polskiego-kultury.jpg\" \/>\n\t<meta property=\"og:image:width\" content=\"1920\" \/>\n\t<meta property=\"og:image:height\" content=\"700\" \/>\n\t<meta property=\"og:image:type\" content=\"image\/jpeg\" \/>\n<meta name=\"twitter:card\" content=\"summary_large_image\" \/>\n<meta name=\"twitter:label1\" content=\"Szacowany czas czytania\" \/>\n\t<meta name=\"twitter:data1\" content=\"2 minuty\" \/>\n<script type=\"application\/ld+json\" class=\"yoast-schema-graph\">{\"@context\":\"https:\/\/schema.org\",\"@graph\":[{\"@type\":\"WebPage\",\"@id\":\"https:\/\/instytutpolski.pl\/bucuresti\/pl\/jezyk-polski-2\/kursy-jezyka-polskiego-organizowane-przez-ip\/\",\"url\":\"https:\/\/instytutpolski.pl\/bucuresti\/pl\/jezyk-polski-2\/kursy-jezyka-polskiego-organizowane-przez-ip\/\",\"name\":\"Kursy j\u0119zyka polskiego w Rumunii - Instytut Polski w Bukareszcie\",\"isPartOf\":{\"@id\":\"https:\/\/instytutpolski.pl\/bucuresti\/#website\"},\"primaryImageOfPage\":{\"@id\":\"https:\/\/instytutpolski.pl\/bucuresti\/pl\/jezyk-polski-2\/kursy-jezyka-polskiego-organizowane-przez-ip\/#primaryimage\"},\"image\":{\"@id\":\"https:\/\/instytutpolski.pl\/bucuresti\/pl\/jezyk-polski-2\/kursy-jezyka-polskiego-organizowane-przez-ip\/#primaryimage\"},\"thumbnailUrl\":\"https:\/\/instytutpolski.pl\/bucuresti\/wp-content\/uploads\/sites\/11\/2019\/07\/kursy-jezyka-polskiego-kultury.jpg\",\"datePublished\":\"2019-07-01T07:45:19+00:00\",\"dateModified\":\"2022-10-18T07:24:27+00:00\",\"breadcrumb\":{\"@id\":\"https:\/\/instytutpolski.pl\/bucuresti\/pl\/jezyk-polski-2\/kursy-jezyka-polskiego-organizowane-przez-ip\/#breadcrumb\"},\"inLanguage\":\"pl-PL\",\"potentialAction\":[{\"@type\":\"ReadAction\",\"target\":[\"https:\/\/instytutpolski.pl\/bucuresti\/pl\/jezyk-polski-2\/kursy-jezyka-polskiego-organizowane-przez-ip\/\"]}]},{\"@type\":\"ImageObject\",\"inLanguage\":\"pl-PL\",\"@id\":\"https:\/\/instytutpolski.pl\/bucuresti\/pl\/jezyk-polski-2\/kursy-jezyka-polskiego-organizowane-przez-ip\/#primaryimage\",\"url\":\"https:\/\/instytutpolski.pl\/bucuresti\/wp-content\/uploads\/sites\/11\/2019\/07\/kursy-jezyka-polskiego-kultury.jpg\",\"contentUrl\":\"https:\/\/instytutpolski.pl\/bucuresti\/wp-content\/uploads\/sites\/11\/2019\/07\/kursy-jezyka-polskiego-kultury.jpg\",\"width\":1920,\"height\":700},{\"@type\":\"BreadcrumbList\",\"@id\":\"https:\/\/instytutpolski.pl\/bucuresti\/pl\/jezyk-polski-2\/kursy-jezyka-polskiego-organizowane-przez-ip\/#breadcrumb\",\"itemListElement\":[{\"@type\":\"ListItem\",\"position\":1,\"name\":\"Home\",\"item\":\"https:\/\/instytutpolski.pl\/bucuresti\/\"},{\"@type\":\"ListItem\",\"position\":2,\"name\":\"J\u0119zyk polski\",\"item\":\"https:\/\/instytutpolski.pl\/bucuresti\/pl\/jezyk-polski-2\/\"},{\"@type\":\"ListItem\",\"position\":3,\"name\":\"Kursy j\u0119zyka polskiego w Rumunii\"}]},{\"@type\":\"WebSite\",\"@id\":\"https:\/\/instytutpolski.pl\/bucuresti\/#website\",\"url\":\"https:\/\/instytutpolski.pl\/bucuresti\/\",\"name\":\"Instytut Polski w Bukareszcie\",\"description\":\"Instytuty Polskie\",\"potentialAction\":[{\"@type\":\"SearchAction\",\"target\":{\"@type\":\"EntryPoint\",\"urlTemplate\":\"https:\/\/instytutpolski.pl\/bucuresti\/?s={search_term_string}\"},\"query-input\":{\"@type\":\"PropertyValueSpecification\",\"valueRequired\":true,\"valueName\":\"search_term_string\"}}],\"inLanguage\":\"pl-PL\"}]}<\/script>\n<!-- \/ Yoast SEO plugin. -->","yoast_head_json":{"title":"Kursy j\u0119zyka polskiego w Rumunii - Instytut Polski w Bukareszcie","robots":{"index":"index","follow":"follow","max-snippet":"max-snippet:-1","max-image-preview":"max-image-preview:large","max-video-preview":"max-video-preview:-1"},"canonical":"https:\/\/instytutpolski.pl\/bucuresti\/pl\/jezyk-polski-2\/kursy-jezyka-polskiego-organizowane-przez-ip\/","og_locale":"pl_PL","og_type":"article","og_title":"Kursy j\u0119zyka polskiego w Rumunii - Instytut Polski w Bukareszcie","og_description":"J\u0119zyk polski mo\u017cna studiowa\u0107 w Rumunii na uniwersytetach w Bukareszcie, Klu\u017cu i Jassach. Na kursy j\u0119zyka polskiego mo\u017cna ucz\u0119szcza\u0107 tak\u017ce w kilku innych miastach Rumunii. Bukareszt: Uniwersytet Bukareszte\u0144ski, Wydzia\u0142 J\u0119zyk\u00f3w i Literatur Obcych, Katedra J\u0119zyk\u00f3w i Literatur S\u0142owia\u0144skich, str. Pitar Mo\u015f 7-13, tel.: +40 21 313 88 75. Jassy: Uniwersytet im. Alexandru Ioana Cuzy, Wydzia\u0142 [&hellip;]","og_url":"https:\/\/instytutpolski.pl\/bucuresti\/pl\/jezyk-polski-2\/kursy-jezyka-polskiego-organizowane-przez-ip\/","og_site_name":"Instytut Polski w Bukareszcie","article_modified_time":"2022-10-18T07:24:27+00:00","og_image":[{"width":1920,"height":700,"url":"https:\/\/instytutpolski.pl\/bucuresti\/wp-content\/uploads\/sites\/11\/2019\/07\/kursy-jezyka-polskiego-kultury.jpg","type":"image\/jpeg"}],"twitter_card":"summary_large_image","twitter_misc":{"Szacowany czas czytania":"2 minuty"},"schema":{"@context":"https:\/\/schema.org","@graph":[{"@type":"WebPage","@id":"https:\/\/instytutpolski.pl\/bucuresti\/pl\/jezyk-polski-2\/kursy-jezyka-polskiego-organizowane-przez-ip\/","url":"https:\/\/instytutpolski.pl\/bucuresti\/pl\/jezyk-polski-2\/kursy-jezyka-polskiego-organizowane-przez-ip\/","name":"Kursy j\u0119zyka polskiego w Rumunii - Instytut Polski w Bukareszcie","isPartOf":{"@id":"https:\/\/instytutpolski.pl\/bucuresti\/#website"},"primaryImageOfPage":{"@id":"https:\/\/instytutpolski.pl\/bucuresti\/pl\/jezyk-polski-2\/kursy-jezyka-polskiego-organizowane-przez-ip\/#primaryimage"},"image":{"@id":"https:\/\/instytutpolski.pl\/bucuresti\/pl\/jezyk-polski-2\/kursy-jezyka-polskiego-organizowane-przez-ip\/#primaryimage"},"thumbnailUrl":"https:\/\/instytutpolski.pl\/bucuresti\/wp-content\/uploads\/sites\/11\/2019\/07\/kursy-jezyka-polskiego-kultury.jpg","datePublished":"2019-07-01T07:45:19+00:00","dateModified":"2022-10-18T07:24:27+00:00","breadcrumb":{"@id":"https:\/\/instytutpolski.pl\/bucuresti\/pl\/jezyk-polski-2\/kursy-jezyka-polskiego-organizowane-przez-ip\/#breadcrumb"},"inLanguage":"pl-PL","potentialAction":[{"@type":"ReadAction","target":["https:\/\/instytutpolski.pl\/bucuresti\/pl\/jezyk-polski-2\/kursy-jezyka-polskiego-organizowane-przez-ip\/"]}]},{"@type":"ImageObject","inLanguage":"pl-PL","@id":"https:\/\/instytutpolski.pl\/bucuresti\/pl\/jezyk-polski-2\/kursy-jezyka-polskiego-organizowane-przez-ip\/#primaryimage","url":"https:\/\/instytutpolski.pl\/bucuresti\/wp-content\/uploads\/sites\/11\/2019\/07\/kursy-jezyka-polskiego-kultury.jpg","contentUrl":"https:\/\/instytutpolski.pl\/bucuresti\/wp-content\/uploads\/sites\/11\/2019\/07\/kursy-jezyka-polskiego-kultury.jpg","width":1920,"height":700},{"@type":"BreadcrumbList","@id":"https:\/\/instytutpolski.pl\/bucuresti\/pl\/jezyk-polski-2\/kursy-jezyka-polskiego-organizowane-przez-ip\/#breadcrumb","itemListElement":[{"@type":"ListItem","position":1,"name":"Home","item":"https:\/\/instytutpolski.pl\/bucuresti\/"},{"@type":"ListItem","position":2,"name":"J\u0119zyk polski","item":"https:\/\/instytutpolski.pl\/bucuresti\/pl\/jezyk-polski-2\/"},{"@type":"ListItem","position":3,"name":"Kursy j\u0119zyka polskiego w Rumunii"}]},{"@type":"WebSite","@id":"https:\/\/instytutpolski.pl\/bucuresti\/#website","url":"https:\/\/instytutpolski.pl\/bucuresti\/","name":"Instytut Polski w Bukareszcie","description":"Instytuty Polskie","potentialAction":[{"@type":"SearchAction","target":{"@type":"EntryPoint","urlTemplate":"https:\/\/instytutpolski.pl\/bucuresti\/?s={search_term_string}"},"query-input":{"@type":"PropertyValueSpecification","valueRequired":true,"valueName":"search_term_string"}}],"inLanguage":"pl-PL"}]}},"_links":{"self":[{"href":"https:\/\/instytutpolski.pl\/bucuresti\/wp-json\/wp\/v2\/pages\/327","targetHints":{"allow":["GET"]}}],"collection":[{"href":"https:\/\/instytutpolski.pl\/bucuresti\/wp-json\/wp\/v2\/pages"}],"about":[{"href":"https:\/\/instytutpolski.pl\/bucuresti\/wp-json\/wp\/v2\/types\/page"}],"author":[{"embeddable":true,"href":"https:\/\/instytutpolski.pl\/bucuresti\/wp-json\/wp\/v2\/users\/1"}],"replies":[{"embeddable":true,"href":"https:\/\/instytutpolski.pl\/bucuresti\/wp-json\/wp\/v2\/comments?post=327"}],"version-history":[{"count":4,"href":"https:\/\/instytutpolski.pl\/bucuresti\/wp-json\/wp\/v2\/pages\/327\/revisions"}],"predecessor-version":[{"id":9059,"href":"https:\/\/instytutpolski.pl\/bucuresti\/wp-json\/wp\/v2\/pages\/327\/revisions\/9059"}],"up":[{"embeddable":true,"href":"https:\/\/instytutpolski.pl\/bucuresti\/wp-json\/wp\/v2\/pages\/321"}],"wp:featuredmedia":[{"embeddable":true,"href":"https:\/\/instytutpolski.pl\/bucuresti\/wp-json\/wp\/v2\/media\/328"}],"wp:attachment":[{"href":"https:\/\/instytutpolski.pl\/bucuresti\/wp-json\/wp\/v2\/media?parent=327"}],"curies":[{"name":"wp","href":"https:\/\/api.w.org\/{rel}","templated":true}]}}