{"id":331,"date":"2019-07-01T09:45:19","date_gmt":"2019-07-01T07:45:19","guid":{"rendered":"https:\/\/instytutpolski.pl\/bukareszt\/?page_id=331"},"modified":"2023-10-04T15:18:38","modified_gmt":"2023-10-04T13:18:38","slug":"cursuri-de-limba-polona-organizate-de-ip","status":"publish","type":"page","link":"https:\/\/instytutpolski.pl\/bucuresti\/limba-polona-2\/cursuri-de-limba-polona-organizate-de-ip\/","title":{"rendered":"\u00cenva\u0163\u0103 polona \u00een Rom\u00e2nia"},"content":{"rendered":"\n<p>Limba polon\u0103 poate fi studiat\u0103 la Bucure\u015fti, Cluj, Ia\u015fi \u0219i Craiova.<\/p>\n<p><strong>Bucure\u015fti:<\/strong> Universitatea din Bucure\u015fti, Facultatea de Limbi \u015fi Literaturi Str\u0103ine, Catedra de Limbi \u015fi Literaturi Slave, str. Pitar Mo\u015f nr. 7-13, tel.: 021 313 88 75.<\/p>\n<p>Dac\u0103 sunte\u0163i interesa\u0163i s\u0103 \u00eenv\u0103\u0163a\u0163i limba polon\u0103, indiferent de v\u00e2rst\u0103 \u015fi profesie, Institutul Polonez din Bucure\u015fti, \u00een colaborare cu lectorii de limba polon\u0103 de la Universit\u0103\u021bile din Bucure\u0219ti, Cluj, Craiova \u0219i Ia\u0219i, organizeaz\u0103 cursuri gratuite de limba polon\u0103 sus\u0163inute online. Cursul se desf\u0103\u015foar\u0103 pe parcursul anului universitar, dup\u0103 amiaz\u0103. \u00censcrierile au loc, de obicei, pe la jum\u0103tatea lunii octombrie, dup\u0103 ce lectorii no\u0219tri afl\u0103 programul de predare la universit\u0103\u021bile lor.<\/p>\n<p>Informa\u0163ii detaliate se pot ob\u0163ine la num\u0103rul de telefon 021 22 44 556, email: bucuresti[at]instytutpolski.pl<\/p>\n<p><strong>\u200bCluj-Napoca:<\/strong> Universitatea \u201eBabe\u015f-Bolyai\u201d, Facultatea de Filologie, Catedra de Filologie Slav\u0103, str. Theodor Mihali nr. 58-60, tel.: 0264 418 652 \u015fi Centrul de Limb\u0103 \u015fi Cultur\u0103 Polonez\u0103. Centrul de Limb\u0103 \u015fi Cultur\u0103 Polonez\u0103 din Cluj-Napoca organizeaz\u0103 suplimentar un lectorat de limb\u0103 \u015fi literatur\u0103 polon\u0103 dedicat studen\u0163ilor Universit\u0103\u0163ii Babe\u015f-Bolyai, de la toate facult\u0103\u0163ile \u015fi specializ\u0103rile. Este un lectorat pentru \u00eencep\u0103tori. Centrul de Limb\u0103 \u015fi Cultur\u0103 Polonez\u0103: str. Mo\u021bilor nr. 11, et. 4, sala 400, 401, tel.: 0264 418 655, int. 5863, email: polska.cluj[at]yahoo.com.<\/p>\n<p><strong>Ia\u015fi:<\/strong> Universitatea \u201eAlexandru Ioan Cuza\u201d, Facultatea de Litere, Catedra de Slavistic\u0103 \u201ePetru Caraman\u201d, Lectoratul de Limba Polon\u0103, Bulevardul Carol I nr. 11, tel.: 0232 201 052, email: lectoratpolonezuaic[at]gmail.com<\/p>\n<p><strong>Craiova:<\/strong> Universitatea din Craiova, Centrul de Limb\u0103 \u015fi Cultur\u0103 Polonez\u0103 Craiova, Biblioteca Universit\u0103\u021bii, str. Tehnicii, Cartierul L\u0103pu\u015f, email: clcp_craiova[at]gmail.com<\/p>\n<p><iframe loading=\"lazy\" title=\"Literele criminale \u2013 un thriller lingvistic pentru toat\u0103 lumea\" width=\"500\" height=\"281\" src=\"https:\/\/www.youtube.com\/embed\/gIjer0686yA?feature=oembed\" frameborder=\"0\" allow=\"accelerometer; autoplay; clipboard-write; encrypted-media; gyroscope; picture-in-picture; web-share\" referrerpolicy=\"strict-origin-when-cross-origin\" allowfullscreen><\/iframe><\/p>\n","protected":false},"excerpt":{"rendered":"<p>Limba polon\u0103 poate fi studiat\u0103 la Bucure\u015fti, Cluj, Ia\u015fi \u0219i Craiova. Bucure\u015fti: Universitatea din Bucure\u015fti, Facultatea de Limbi \u015fi Literaturi Str\u0103ine, Catedra de Limbi \u015fi Literaturi Slave, str. Pitar Mo\u015f nr. 7-13, tel.: 021 313 88 75. Dac\u0103 sunte\u0163i interesa\u0163i s\u0103 \u00eenv\u0103\u0163a\u0163i limba polon\u0103, indiferent de v\u00e2rst\u0103 \u015fi profesie, Institutul Polonez din Bucure\u015fti, \u00een colaborare [&hellip;]<\/p>\n","protected":false},"author":1,"featured_media":328,"parent":325,"menu_order":0,"comment_status":"closed","ping_status":"closed","template":"","meta":{"inline_featured_image":false,"_monsterinsights_skip_tracking":false,"_monsterinsights_sitenote_active":false,"_monsterinsights_sitenote_note":"","_monsterinsights_sitenote_category":0,"footnotes":""},"class_list":["post-331","page","type-page","status-publish","has-post-thumbnail","hentry"],"yoast_head":"<!-- This site is optimized with the Yoast SEO plugin v24.6 - https:\/\/yoast.com\/wordpress\/plugins\/seo\/ -->\n<title>\u00cenva\u0163\u0103 polona \u00een Rom\u00e2nia - Instytut Polski w Bukareszcie<\/title>\n<meta name=\"robots\" content=\"index, follow, max-snippet:-1, max-image-preview:large, max-video-preview:-1\" \/>\n<link rel=\"canonical\" href=\"https:\/\/instytutpolski.pl\/bucuresti\/limba-polona-2\/cursuri-de-limba-polona-organizate-de-ip\/\" \/>\n<meta property=\"og:locale\" content=\"pl_PL\" \/>\n<meta property=\"og:type\" content=\"article\" \/>\n<meta property=\"og:title\" content=\"\u00cenva\u0163\u0103 polona \u00een Rom\u00e2nia - Instytut Polski w Bukareszcie\" \/>\n<meta property=\"og:description\" content=\"Limba polon\u0103 poate fi studiat\u0103 la Bucure\u015fti, Cluj, Ia\u015fi \u0219i Craiova. Bucure\u015fti: Universitatea din Bucure\u015fti, Facultatea de Limbi \u015fi Literaturi Str\u0103ine, Catedra de Limbi \u015fi Literaturi Slave, str. Pitar Mo\u015f nr. 7-13, tel.: 021 313 88 75. Dac\u0103 sunte\u0163i interesa\u0163i s\u0103 \u00eenv\u0103\u0163a\u0163i limba polon\u0103, indiferent de v\u00e2rst\u0103 \u015fi profesie, Institutul Polonez din Bucure\u015fti, \u00een colaborare [&hellip;]\" \/>\n<meta property=\"og:url\" content=\"https:\/\/instytutpolski.pl\/bucuresti\/limba-polona-2\/cursuri-de-limba-polona-organizate-de-ip\/\" \/>\n<meta property=\"og:site_name\" content=\"Instytut Polski w Bukareszcie\" \/>\n<meta property=\"article:modified_time\" content=\"2023-10-04T13:18:38+00:00\" \/>\n<meta property=\"og:image\" content=\"https:\/\/instytutpolski.pl\/bucuresti\/wp-content\/uploads\/sites\/11\/2019\/07\/kursy-jezyka-polskiego-kultury.jpg\" \/>\n\t<meta property=\"og:image:width\" content=\"1920\" \/>\n\t<meta property=\"og:image:height\" content=\"700\" \/>\n\t<meta property=\"og:image:type\" content=\"image\/jpeg\" \/>\n<meta name=\"twitter:card\" content=\"summary_large_image\" \/>\n<meta name=\"twitter:label1\" content=\"Szacowany czas czytania\" \/>\n\t<meta name=\"twitter:data1\" content=\"2 minuty\" \/>\n<script type=\"application\/ld+json\" class=\"yoast-schema-graph\">{\"@context\":\"https:\/\/schema.org\",\"@graph\":[{\"@type\":\"WebPage\",\"@id\":\"https:\/\/instytutpolski.pl\/bucuresti\/limba-polona-2\/cursuri-de-limba-polona-organizate-de-ip\/\",\"url\":\"https:\/\/instytutpolski.pl\/bucuresti\/limba-polona-2\/cursuri-de-limba-polona-organizate-de-ip\/\",\"name\":\"\u00cenva\u0163\u0103 polona \u00een Rom\u00e2nia - Instytut Polski w Bukareszcie\",\"isPartOf\":{\"@id\":\"https:\/\/instytutpolski.pl\/bucuresti\/#website\"},\"primaryImageOfPage\":{\"@id\":\"https:\/\/instytutpolski.pl\/bucuresti\/limba-polona-2\/cursuri-de-limba-polona-organizate-de-ip\/#primaryimage\"},\"image\":{\"@id\":\"https:\/\/instytutpolski.pl\/bucuresti\/limba-polona-2\/cursuri-de-limba-polona-organizate-de-ip\/#primaryimage\"},\"thumbnailUrl\":\"https:\/\/instytutpolski.pl\/bucuresti\/wp-content\/uploads\/sites\/11\/2019\/07\/kursy-jezyka-polskiego-kultury.jpg\",\"datePublished\":\"2019-07-01T07:45:19+00:00\",\"dateModified\":\"2023-10-04T13:18:38+00:00\",\"breadcrumb\":{\"@id\":\"https:\/\/instytutpolski.pl\/bucuresti\/limba-polona-2\/cursuri-de-limba-polona-organizate-de-ip\/#breadcrumb\"},\"inLanguage\":\"pl-PL\",\"potentialAction\":[{\"@type\":\"ReadAction\",\"target\":[\"https:\/\/instytutpolski.pl\/bucuresti\/limba-polona-2\/cursuri-de-limba-polona-organizate-de-ip\/\"]}]},{\"@type\":\"ImageObject\",\"inLanguage\":\"pl-PL\",\"@id\":\"https:\/\/instytutpolski.pl\/bucuresti\/limba-polona-2\/cursuri-de-limba-polona-organizate-de-ip\/#primaryimage\",\"url\":\"https:\/\/instytutpolski.pl\/bucuresti\/wp-content\/uploads\/sites\/11\/2019\/07\/kursy-jezyka-polskiego-kultury.jpg\",\"contentUrl\":\"https:\/\/instytutpolski.pl\/bucuresti\/wp-content\/uploads\/sites\/11\/2019\/07\/kursy-jezyka-polskiego-kultury.jpg\",\"width\":1920,\"height\":700},{\"@type\":\"BreadcrumbList\",\"@id\":\"https:\/\/instytutpolski.pl\/bucuresti\/limba-polona-2\/cursuri-de-limba-polona-organizate-de-ip\/#breadcrumb\",\"itemListElement\":[{\"@type\":\"ListItem\",\"position\":1,\"name\":\"Home\",\"item\":\"https:\/\/instytutpolski.pl\/bucuresti\/\"},{\"@type\":\"ListItem\",\"position\":2,\"name\":\"Limba polon\u0103\",\"item\":\"https:\/\/instytutpolski.pl\/bucuresti\/limba-polona-2\/\"},{\"@type\":\"ListItem\",\"position\":3,\"name\":\"\u00cenva\u0163\u0103 polona \u00een Rom\u00e2nia\"}]},{\"@type\":\"WebSite\",\"@id\":\"https:\/\/instytutpolski.pl\/bucuresti\/#website\",\"url\":\"https:\/\/instytutpolski.pl\/bucuresti\/\",\"name\":\"Instytut Polski w Bukareszcie\",\"description\":\"Instytuty Polskie\",\"potentialAction\":[{\"@type\":\"SearchAction\",\"target\":{\"@type\":\"EntryPoint\",\"urlTemplate\":\"https:\/\/instytutpolski.pl\/bucuresti\/?s={search_term_string}\"},\"query-input\":{\"@type\":\"PropertyValueSpecification\",\"valueRequired\":true,\"valueName\":\"search_term_string\"}}],\"inLanguage\":\"pl-PL\"}]}<\/script>\n<!-- \/ Yoast SEO plugin. -->","yoast_head_json":{"title":"\u00cenva\u0163\u0103 polona \u00een Rom\u00e2nia - Instytut Polski w Bukareszcie","robots":{"index":"index","follow":"follow","max-snippet":"max-snippet:-1","max-image-preview":"max-image-preview:large","max-video-preview":"max-video-preview:-1"},"canonical":"https:\/\/instytutpolski.pl\/bucuresti\/limba-polona-2\/cursuri-de-limba-polona-organizate-de-ip\/","og_locale":"pl_PL","og_type":"article","og_title":"\u00cenva\u0163\u0103 polona \u00een Rom\u00e2nia - Instytut Polski w Bukareszcie","og_description":"Limba polon\u0103 poate fi studiat\u0103 la Bucure\u015fti, Cluj, Ia\u015fi \u0219i Craiova. Bucure\u015fti: Universitatea din Bucure\u015fti, Facultatea de Limbi \u015fi Literaturi Str\u0103ine, Catedra de Limbi \u015fi Literaturi Slave, str. Pitar Mo\u015f nr. 7-13, tel.: 021 313 88 75. Dac\u0103 sunte\u0163i interesa\u0163i s\u0103 \u00eenv\u0103\u0163a\u0163i limba polon\u0103, indiferent de v\u00e2rst\u0103 \u015fi profesie, Institutul Polonez din Bucure\u015fti, \u00een colaborare [&hellip;]","og_url":"https:\/\/instytutpolski.pl\/bucuresti\/limba-polona-2\/cursuri-de-limba-polona-organizate-de-ip\/","og_site_name":"Instytut Polski w Bukareszcie","article_modified_time":"2023-10-04T13:18:38+00:00","og_image":[{"width":1920,"height":700,"url":"https:\/\/instytutpolski.pl\/bucuresti\/wp-content\/uploads\/sites\/11\/2019\/07\/kursy-jezyka-polskiego-kultury.jpg","type":"image\/jpeg"}],"twitter_card":"summary_large_image","twitter_misc":{"Szacowany czas czytania":"2 minuty"},"schema":{"@context":"https:\/\/schema.org","@graph":[{"@type":"WebPage","@id":"https:\/\/instytutpolski.pl\/bucuresti\/limba-polona-2\/cursuri-de-limba-polona-organizate-de-ip\/","url":"https:\/\/instytutpolski.pl\/bucuresti\/limba-polona-2\/cursuri-de-limba-polona-organizate-de-ip\/","name":"\u00cenva\u0163\u0103 polona \u00een Rom\u00e2nia - Instytut Polski w Bukareszcie","isPartOf":{"@id":"https:\/\/instytutpolski.pl\/bucuresti\/#website"},"primaryImageOfPage":{"@id":"https:\/\/instytutpolski.pl\/bucuresti\/limba-polona-2\/cursuri-de-limba-polona-organizate-de-ip\/#primaryimage"},"image":{"@id":"https:\/\/instytutpolski.pl\/bucuresti\/limba-polona-2\/cursuri-de-limba-polona-organizate-de-ip\/#primaryimage"},"thumbnailUrl":"https:\/\/instytutpolski.pl\/bucuresti\/wp-content\/uploads\/sites\/11\/2019\/07\/kursy-jezyka-polskiego-kultury.jpg","datePublished":"2019-07-01T07:45:19+00:00","dateModified":"2023-10-04T13:18:38+00:00","breadcrumb":{"@id":"https:\/\/instytutpolski.pl\/bucuresti\/limba-polona-2\/cursuri-de-limba-polona-organizate-de-ip\/#breadcrumb"},"inLanguage":"pl-PL","potentialAction":[{"@type":"ReadAction","target":["https:\/\/instytutpolski.pl\/bucuresti\/limba-polona-2\/cursuri-de-limba-polona-organizate-de-ip\/"]}]},{"@type":"ImageObject","inLanguage":"pl-PL","@id":"https:\/\/instytutpolski.pl\/bucuresti\/limba-polona-2\/cursuri-de-limba-polona-organizate-de-ip\/#primaryimage","url":"https:\/\/instytutpolski.pl\/bucuresti\/wp-content\/uploads\/sites\/11\/2019\/07\/kursy-jezyka-polskiego-kultury.jpg","contentUrl":"https:\/\/instytutpolski.pl\/bucuresti\/wp-content\/uploads\/sites\/11\/2019\/07\/kursy-jezyka-polskiego-kultury.jpg","width":1920,"height":700},{"@type":"BreadcrumbList","@id":"https:\/\/instytutpolski.pl\/bucuresti\/limba-polona-2\/cursuri-de-limba-polona-organizate-de-ip\/#breadcrumb","itemListElement":[{"@type":"ListItem","position":1,"name":"Home","item":"https:\/\/instytutpolski.pl\/bucuresti\/"},{"@type":"ListItem","position":2,"name":"Limba polon\u0103","item":"https:\/\/instytutpolski.pl\/bucuresti\/limba-polona-2\/"},{"@type":"ListItem","position":3,"name":"\u00cenva\u0163\u0103 polona \u00een Rom\u00e2nia"}]},{"@type":"WebSite","@id":"https:\/\/instytutpolski.pl\/bucuresti\/#website","url":"https:\/\/instytutpolski.pl\/bucuresti\/","name":"Instytut Polski w Bukareszcie","description":"Instytuty Polskie","potentialAction":[{"@type":"SearchAction","target":{"@type":"EntryPoint","urlTemplate":"https:\/\/instytutpolski.pl\/bucuresti\/?s={search_term_string}"},"query-input":{"@type":"PropertyValueSpecification","valueRequired":true,"valueName":"search_term_string"}}],"inLanguage":"pl-PL"}]}},"_links":{"self":[{"href":"https:\/\/instytutpolski.pl\/bucuresti\/wp-json\/wp\/v2\/pages\/331","targetHints":{"allow":["GET"]}}],"collection":[{"href":"https:\/\/instytutpolski.pl\/bucuresti\/wp-json\/wp\/v2\/pages"}],"about":[{"href":"https:\/\/instytutpolski.pl\/bucuresti\/wp-json\/wp\/v2\/types\/page"}],"author":[{"embeddable":true,"href":"https:\/\/instytutpolski.pl\/bucuresti\/wp-json\/wp\/v2\/users\/1"}],"replies":[{"embeddable":true,"href":"https:\/\/instytutpolski.pl\/bucuresti\/wp-json\/wp\/v2\/comments?post=331"}],"version-history":[{"count":6,"href":"https:\/\/instytutpolski.pl\/bucuresti\/wp-json\/wp\/v2\/pages\/331\/revisions"}],"predecessor-version":[{"id":10980,"href":"https:\/\/instytutpolski.pl\/bucuresti\/wp-json\/wp\/v2\/pages\/331\/revisions\/10980"}],"up":[{"embeddable":true,"href":"https:\/\/instytutpolski.pl\/bucuresti\/wp-json\/wp\/v2\/pages\/325"}],"wp:featuredmedia":[{"embeddable":true,"href":"https:\/\/instytutpolski.pl\/bucuresti\/wp-json\/wp\/v2\/media\/328"}],"wp:attachment":[{"href":"https:\/\/instytutpolski.pl\/bucuresti\/wp-json\/wp\/v2\/media?parent=331"}],"curies":[{"name":"wp","href":"https:\/\/api.w.org\/{rel}","templated":true}]}}