{"id":36,"date":"2019-06-05T18:56:58","date_gmt":"2019-06-05T16:56:58","guid":{"rendered":"https:\/\/instytutpolski.pl\/bukareszt\/?page_id=36"},"modified":"2020-06-03T16:31:08","modified_gmt":"2020-06-03T14:31:08","slug":"descopera-polonia","status":"publish","type":"page","link":"https:\/\/instytutpolski.pl\/bucuresti\/descopera-polonia\/","title":{"rendered":"Descoper\u0103 Polonia"},"content":{"rendered":"\n<p>Vrei s\u0103-\u021bi petreci concediul \u00eentr-o \u021bar\u0103 spre care po\u021bi s\u0103 zbori ieftin, s\u0103 c\u0103l\u0103tore\u0219ti confortabil \u0219i s\u0103 nu te plictise\u0219ti indiferent de vreme? Viziteaz\u0103 Polonia. \u00cenainte s\u0103 pleci, \u00ee\u021bi recomand\u0103m o serie de filme scurte, realizate de vloggeri rom\u00e2ni, despre diferite col\u021buri ale \u021b\u0103rii \u2013 din Gda\u0144sk, la Marea Baltic\u0103, p\u00e2n\u0103 \u00een Cracovia, \u00een sud.<\/p>\n<p>Cum \u00ee\u021bi imaginezi Var\u0219ovia? \u0218tii c\u0103 are unele dintre cele mai moderne muzee din lume? Cu ce asociezi Cracovia? Cu cea mai mare pia\u021b\u0103 urban\u0103 din lume, cu locuin\u021be medievale frumoase \u0219i cu cl\u0103diri \u00eenscrise \u00een patrimoniul mondial UNESCO? Ai auzit vreodat\u0103 de Sopot, \u0141\u00f3d\u017a, Wroc\u0142aw, Mazuria sau Zamo\u015b\u0107? Te invit\u0103m \u00eentr-o excursie online cu vloggerii rom\u00e2ni prin aceste locuri, dar \u0219i prin multe altele!<\/p>\n<p>V\u0103 facem cunoscut \u0219i c\u0103, datorit\u0103 companiilor aeriene ieftine, biletele de la Bucure\u0219ti la Var\u0219ovia \u0219i \u00eenapoi pot fi cump\u0103rate chiar \u0219i cu mai pu\u021bin de 160 lei. Dac\u0103 \u00ee\u021bi dore\u0219ti confort, po\u021bi alege alte leg\u0103turi de zbor directe, iar de c\u00e2teva ori pe s\u0103pt\u0103m\u00e2n\u0103 po\u021bi zbura chiar direct la Cracovia! Po\u021bi profita \u0219i de zborurile directe de la Cluj la Var\u0219ovia.<\/p>\n<p>Vara v\u0103 recomand\u0103m \u00een mod special nordul Poloniei \u2013 Gda\u0144sk, Gdynia \u0219i Sopot, adic\u0103 Triora\u0219ul situat la Marea Baltic\u0103, dar \u0219i Mazuria. Vede\u021bi impresiile Simonei \u0219i ale lui Alex, cunoscu\u021bi ca Lipa-Lipa, din aceste locuri vizitate \u00een anul 2019.<\/p>\n<p>Triora\u0219 1 (Tr\u00f3jmiasto):<\/p>\n<p>https:\/\/youtu.be\/trQWOrK-fPY<\/p>\n<p>Triora\u0219 2\u00a0(Tr\u00f3jmiasto):<\/p>\n<p>https:\/\/youtu.be\/QUBHInuRVxA<\/p>\n<p>Gda\u0144sk:\u00a0<\/p>\n<p>https:\/\/youtu.be\/xq6BzMn-e-0<\/p>\n<p>\u00a0Mazuria (Mazury):<\/p>\n<p>https:\/\/youtu.be\/pj_M1DMV-yk<\/p>\n<p>\u00a0<\/p>\n<p>De asemenea, v\u0103 recomand\u0103m peste alte <strong>30 de filme din c\u0103l\u0103toria<\/strong> vloggerilor \u00een jurul Poloniei. \u00cen cadrul proiectului <strong>#Polonia100<\/strong>, organizat \u00een 2018 cu ocazia centenarului redob\u00e2ndirii independen\u021bei de c\u0103tre \u021bara noastr\u0103, acestea au fost realizate de trei perechi de vloggeri rom\u00e2ni: Mihaela \u0219i Valentin, adic\u0103 Travelin2, Simona \u0219i Alex, adic\u0103 Lipa-Lipa, \u0219i Liviu \u0219i Ligia Boca.<\/p>\n<p>Vezi cu ce mijloace de transport s-au deplasat prin Polonia, dac\u0103 i-a costat mult s\u0103 \u00eenchirieze o ma\u0219in\u0103 \u0219i, mai ales, care locuri le-au pl\u0103cut cel mai mult. Tr\u0103ie\u015fte o poveste f\u0103r\u0103 sf\u00e2r\u015fit!<\/p>\n<p><a href=\"https:\/\/www.youtube.com\/playlist?list=PLPr63OcH4LJeBHj2ja41NY-s7my1bCZ3U\" target=\"_blank\" rel=\"noopener noreferrer\"><strong>Toate filmele se g\u0103sesc pe canalul nostru YT &gt;&gt;&gt;<\/strong><\/a><\/p>\n<p>https:\/\/www.youtube.com\/playlist?list=PLPr63OcH4LJeBHj2ja41NY-s7my1bCZ3U<\/p>\n<p>Merit\u0103 s\u0103 vizitezi \u0219i pagina proiectului #Polonia100 <a href=\"http:\/\/www.polonia100.ro\" target=\"_blank\" rel=\"noopener noreferrer\">www.polonia100.ro<\/a><\/p>\n<p>Drum bun, adic\u0103 \u00een polon\u0103 \u201eszcz\u0119\u015bliwej drogi\u201d!<\/p>\n","protected":false},"excerpt":{"rendered":"<p>Vrei s\u0103-\u021bi petreci concediul \u00eentr-o \u021bar\u0103 spre care po\u021bi s\u0103 zbori ieftin, s\u0103 c\u0103l\u0103tore\u0219ti confortabil \u0219i s\u0103 nu te plictise\u0219ti indiferent de vreme? Viziteaz\u0103 Polonia. \u00cenainte s\u0103 pleci, \u00ee\u021bi recomand\u0103m o serie de filme scurte, realizate de vloggeri rom\u00e2ni, despre diferite col\u021buri ale \u021b\u0103rii \u2013 din Gda\u0144sk, la Marea Baltic\u0103, p\u00e2n\u0103 \u00een Cracovia, \u00een sud. [&hellip;]<\/p>\n","protected":false},"author":1,"featured_media":2915,"parent":0,"menu_order":0,"comment_status":"closed","ping_status":"closed","template":"","meta":{"inline_featured_image":false,"_monsterinsights_skip_tracking":false,"_monsterinsights_sitenote_active":false,"_monsterinsights_sitenote_note":"","_monsterinsights_sitenote_category":0,"footnotes":""},"class_list":["post-36","page","type-page","status-publish","has-post-thumbnail","hentry"],"yoast_head":"<!-- This site is optimized with the Yoast SEO plugin v24.6 - https:\/\/yoast.com\/wordpress\/plugins\/seo\/ -->\n<title>Descoper\u0103 Polonia - Instytut Polski w Bukareszcie<\/title>\n<meta name=\"robots\" content=\"index, follow, max-snippet:-1, max-image-preview:large, max-video-preview:-1\" \/>\n<link rel=\"canonical\" href=\"https:\/\/instytutpolski.pl\/bucuresti\/descopera-polonia\/\" \/>\n<meta property=\"og:locale\" content=\"pl_PL\" \/>\n<meta property=\"og:type\" content=\"article\" \/>\n<meta property=\"og:title\" content=\"Descoper\u0103 Polonia - Instytut Polski w Bukareszcie\" \/>\n<meta property=\"og:description\" content=\"Vrei s\u0103-\u021bi petreci concediul \u00eentr-o \u021bar\u0103 spre care po\u021bi s\u0103 zbori ieftin, s\u0103 c\u0103l\u0103tore\u0219ti confortabil \u0219i s\u0103 nu te plictise\u0219ti indiferent de vreme? Viziteaz\u0103 Polonia. \u00cenainte s\u0103 pleci, \u00ee\u021bi recomand\u0103m o serie de filme scurte, realizate de vloggeri rom\u00e2ni, despre diferite col\u021buri ale \u021b\u0103rii \u2013 din Gda\u0144sk, la Marea Baltic\u0103, p\u00e2n\u0103 \u00een Cracovia, \u00een sud. [&hellip;]\" \/>\n<meta property=\"og:url\" content=\"https:\/\/instytutpolski.pl\/bucuresti\/descopera-polonia\/\" \/>\n<meta property=\"og:site_name\" content=\"Instytut Polski w Bukareszcie\" \/>\n<meta property=\"article:modified_time\" content=\"2020-06-03T14:31:08+00:00\" \/>\n<meta property=\"og:image\" content=\"https:\/\/instytutpolski.pl\/bucuresti\/wp-content\/uploads\/sites\/11\/2020\/06\/mazury_droga_Cieszewski-scaled.jpg\" \/>\n\t<meta property=\"og:image:width\" content=\"2560\" \/>\n\t<meta property=\"og:image:height\" content=\"1706\" \/>\n\t<meta property=\"og:image:type\" content=\"image\/jpeg\" \/>\n<meta name=\"twitter:card\" content=\"summary_large_image\" \/>\n<meta name=\"twitter:label1\" content=\"Szacowany czas czytania\" \/>\n\t<meta name=\"twitter:data1\" content=\"2 minuty\" \/>\n<script type=\"application\/ld+json\" class=\"yoast-schema-graph\">{\"@context\":\"https:\/\/schema.org\",\"@graph\":[{\"@type\":\"WebPage\",\"@id\":\"https:\/\/instytutpolski.pl\/bucuresti\/descopera-polonia\/\",\"url\":\"https:\/\/instytutpolski.pl\/bucuresti\/descopera-polonia\/\",\"name\":\"Descoper\u0103 Polonia - Instytut Polski w Bukareszcie\",\"isPartOf\":{\"@id\":\"https:\/\/instytutpolski.pl\/bucuresti\/#website\"},\"primaryImageOfPage\":{\"@id\":\"https:\/\/instytutpolski.pl\/bucuresti\/descopera-polonia\/#primaryimage\"},\"image\":{\"@id\":\"https:\/\/instytutpolski.pl\/bucuresti\/descopera-polonia\/#primaryimage\"},\"thumbnailUrl\":\"https:\/\/instytutpolski.pl\/bucuresti\/wp-content\/uploads\/sites\/11\/2020\/06\/mazury_droga_Cieszewski-scaled.jpg\",\"datePublished\":\"2019-06-05T16:56:58+00:00\",\"dateModified\":\"2020-06-03T14:31:08+00:00\",\"breadcrumb\":{\"@id\":\"https:\/\/instytutpolski.pl\/bucuresti\/descopera-polonia\/#breadcrumb\"},\"inLanguage\":\"pl-PL\",\"potentialAction\":[{\"@type\":\"ReadAction\",\"target\":[\"https:\/\/instytutpolski.pl\/bucuresti\/descopera-polonia\/\"]}]},{\"@type\":\"ImageObject\",\"inLanguage\":\"pl-PL\",\"@id\":\"https:\/\/instytutpolski.pl\/bucuresti\/descopera-polonia\/#primaryimage\",\"url\":\"https:\/\/instytutpolski.pl\/bucuresti\/wp-content\/uploads\/sites\/11\/2020\/06\/mazury_droga_Cieszewski-scaled.jpg\",\"contentUrl\":\"https:\/\/instytutpolski.pl\/bucuresti\/wp-content\/uploads\/sites\/11\/2020\/06\/mazury_droga_Cieszewski-scaled.jpg\",\"width\":2560,\"height\":1706},{\"@type\":\"BreadcrumbList\",\"@id\":\"https:\/\/instytutpolski.pl\/bucuresti\/descopera-polonia\/#breadcrumb\",\"itemListElement\":[{\"@type\":\"ListItem\",\"position\":1,\"name\":\"Home\",\"item\":\"https:\/\/instytutpolski.pl\/bucuresti\/\"},{\"@type\":\"ListItem\",\"position\":2,\"name\":\"Descoper\u0103 Polonia\"}]},{\"@type\":\"WebSite\",\"@id\":\"https:\/\/instytutpolski.pl\/bucuresti\/#website\",\"url\":\"https:\/\/instytutpolski.pl\/bucuresti\/\",\"name\":\"Instytut Polski w Bukareszcie\",\"description\":\"Instytuty Polskie\",\"potentialAction\":[{\"@type\":\"SearchAction\",\"target\":{\"@type\":\"EntryPoint\",\"urlTemplate\":\"https:\/\/instytutpolski.pl\/bucuresti\/?s={search_term_string}\"},\"query-input\":{\"@type\":\"PropertyValueSpecification\",\"valueRequired\":true,\"valueName\":\"search_term_string\"}}],\"inLanguage\":\"pl-PL\"}]}<\/script>\n<!-- \/ Yoast SEO plugin. -->","yoast_head_json":{"title":"Descoper\u0103 Polonia - Instytut Polski w Bukareszcie","robots":{"index":"index","follow":"follow","max-snippet":"max-snippet:-1","max-image-preview":"max-image-preview:large","max-video-preview":"max-video-preview:-1"},"canonical":"https:\/\/instytutpolski.pl\/bucuresti\/descopera-polonia\/","og_locale":"pl_PL","og_type":"article","og_title":"Descoper\u0103 Polonia - Instytut Polski w Bukareszcie","og_description":"Vrei s\u0103-\u021bi petreci concediul \u00eentr-o \u021bar\u0103 spre care po\u021bi s\u0103 zbori ieftin, s\u0103 c\u0103l\u0103tore\u0219ti confortabil \u0219i s\u0103 nu te plictise\u0219ti indiferent de vreme? Viziteaz\u0103 Polonia. \u00cenainte s\u0103 pleci, \u00ee\u021bi recomand\u0103m o serie de filme scurte, realizate de vloggeri rom\u00e2ni, despre diferite col\u021buri ale \u021b\u0103rii \u2013 din Gda\u0144sk, la Marea Baltic\u0103, p\u00e2n\u0103 \u00een Cracovia, \u00een sud. [&hellip;]","og_url":"https:\/\/instytutpolski.pl\/bucuresti\/descopera-polonia\/","og_site_name":"Instytut Polski w Bukareszcie","article_modified_time":"2020-06-03T14:31:08+00:00","og_image":[{"width":2560,"height":1706,"url":"https:\/\/instytutpolski.pl\/bucuresti\/wp-content\/uploads\/sites\/11\/2020\/06\/mazury_droga_Cieszewski-scaled.jpg","type":"image\/jpeg"}],"twitter_card":"summary_large_image","twitter_misc":{"Szacowany czas czytania":"2 minuty"},"schema":{"@context":"https:\/\/schema.org","@graph":[{"@type":"WebPage","@id":"https:\/\/instytutpolski.pl\/bucuresti\/descopera-polonia\/","url":"https:\/\/instytutpolski.pl\/bucuresti\/descopera-polonia\/","name":"Descoper\u0103 Polonia - Instytut Polski w Bukareszcie","isPartOf":{"@id":"https:\/\/instytutpolski.pl\/bucuresti\/#website"},"primaryImageOfPage":{"@id":"https:\/\/instytutpolski.pl\/bucuresti\/descopera-polonia\/#primaryimage"},"image":{"@id":"https:\/\/instytutpolski.pl\/bucuresti\/descopera-polonia\/#primaryimage"},"thumbnailUrl":"https:\/\/instytutpolski.pl\/bucuresti\/wp-content\/uploads\/sites\/11\/2020\/06\/mazury_droga_Cieszewski-scaled.jpg","datePublished":"2019-06-05T16:56:58+00:00","dateModified":"2020-06-03T14:31:08+00:00","breadcrumb":{"@id":"https:\/\/instytutpolski.pl\/bucuresti\/descopera-polonia\/#breadcrumb"},"inLanguage":"pl-PL","potentialAction":[{"@type":"ReadAction","target":["https:\/\/instytutpolski.pl\/bucuresti\/descopera-polonia\/"]}]},{"@type":"ImageObject","inLanguage":"pl-PL","@id":"https:\/\/instytutpolski.pl\/bucuresti\/descopera-polonia\/#primaryimage","url":"https:\/\/instytutpolski.pl\/bucuresti\/wp-content\/uploads\/sites\/11\/2020\/06\/mazury_droga_Cieszewski-scaled.jpg","contentUrl":"https:\/\/instytutpolski.pl\/bucuresti\/wp-content\/uploads\/sites\/11\/2020\/06\/mazury_droga_Cieszewski-scaled.jpg","width":2560,"height":1706},{"@type":"BreadcrumbList","@id":"https:\/\/instytutpolski.pl\/bucuresti\/descopera-polonia\/#breadcrumb","itemListElement":[{"@type":"ListItem","position":1,"name":"Home","item":"https:\/\/instytutpolski.pl\/bucuresti\/"},{"@type":"ListItem","position":2,"name":"Descoper\u0103 Polonia"}]},{"@type":"WebSite","@id":"https:\/\/instytutpolski.pl\/bucuresti\/#website","url":"https:\/\/instytutpolski.pl\/bucuresti\/","name":"Instytut Polski w Bukareszcie","description":"Instytuty Polskie","potentialAction":[{"@type":"SearchAction","target":{"@type":"EntryPoint","urlTemplate":"https:\/\/instytutpolski.pl\/bucuresti\/?s={search_term_string}"},"query-input":{"@type":"PropertyValueSpecification","valueRequired":true,"valueName":"search_term_string"}}],"inLanguage":"pl-PL"}]}},"_links":{"self":[{"href":"https:\/\/instytutpolski.pl\/bucuresti\/wp-json\/wp\/v2\/pages\/36","targetHints":{"allow":["GET"]}}],"collection":[{"href":"https:\/\/instytutpolski.pl\/bucuresti\/wp-json\/wp\/v2\/pages"}],"about":[{"href":"https:\/\/instytutpolski.pl\/bucuresti\/wp-json\/wp\/v2\/types\/page"}],"author":[{"embeddable":true,"href":"https:\/\/instytutpolski.pl\/bucuresti\/wp-json\/wp\/v2\/users\/1"}],"replies":[{"embeddable":true,"href":"https:\/\/instytutpolski.pl\/bucuresti\/wp-json\/wp\/v2\/comments?post=36"}],"version-history":[{"count":8,"href":"https:\/\/instytutpolski.pl\/bucuresti\/wp-json\/wp\/v2\/pages\/36\/revisions"}],"predecessor-version":[{"id":3265,"href":"https:\/\/instytutpolski.pl\/bucuresti\/wp-json\/wp\/v2\/pages\/36\/revisions\/3265"}],"wp:featuredmedia":[{"embeddable":true,"href":"https:\/\/instytutpolski.pl\/bucuresti\/wp-json\/wp\/v2\/media\/2915"}],"wp:attachment":[{"href":"https:\/\/instytutpolski.pl\/bucuresti\/wp-json\/wp\/v2\/media?parent=36"}],"curies":[{"name":"wp","href":"https:\/\/api.w.org\/{rel}","templated":true}]}}