{"id":366,"date":"2019-07-01T09:54:31","date_gmt":"2019-07-01T07:54:31","guid":{"rendered":"https:\/\/instytutpolski.pl\/bukareszt\/?page_id=366"},"modified":"2021-04-01T14:11:50","modified_gmt":"2021-04-01T12:11:50","slug":"biblioteka","status":"publish","type":"page","link":"https:\/\/instytutpolski.pl\/bucuresti\/pl\/o-instytucie-polskim-2\/biblioteka\/","title":{"rendered":"Mediateka"},"content":{"rendered":"\n<div class=\"head\">\n<p>Odwied\u017a nas w Instytucie Polskim! Poczytaj ksi\u0105\u017cki, wypo\u017cycz filmy lub pos\u0142uchaj muzyki. Sprawd\u017a w katalogu online czy mamy co\u015b dla ciebie.<\/p>\n<section class=\"post-image\"><\/section>\n<\/div>\n<p>Zapraszamy do korzystania z&nbsp;<a href=\"https:\/\/xn--szukamksiki-4kb16m.pl\/SkNewWeb\/bstart\/517000829\" target=\"_blank\" rel=\"noopener noreferrer\"><strong>katalogu on-line<\/strong><\/a><\/p>\n<p><strong>Godziny otwarcia mediateki: <\/strong>czwartki 11<span style=\"font-size: inherit\">.00-17.00<\/span><\/p>\n<p>Je\u015bli nie mo\u017cesz przyj\u015b\u0107 w tych godzinach, zadzwo\u0144 pod numer tel.&nbsp;<u>+40 21&nbsp;224 45 56<\/u><\/p>\n<p><strong>Zasady wypo\u017cyczania ksi\u0105\u017cek i p\u0142yt:<\/strong><\/p>\n<p>1. wypo\u017cyczanie ksi\u0105\u017cek lub p\u0142yt jest mo\u017cliwe po za\u0142o\u017ceniu karty czytelnika<\/p>\n<p>2. do za\u0142o\u017cenia karty czytelnika potrzebny jest dokument to\u017csamo\u015bci i wp\u0142acenie kaucji w wysoko\u015bci 50 lei. Kaucja zostanie zwr\u00f3cona po rezygnacji z karty czytelnika<\/p>\n<p>3. czytelnik mo\u017ce wypo\u017cyczy\u0107 do trzech tom\u00f3w lub p\u0142yt r\u00f3wnocze\u015bnie na okres jednego miesi\u0105ca<\/p>\n<p>Z czytelni&nbsp;mieszcz\u0105cej si\u0119 w siedzibie Instytutu Polskiego&nbsp;mo\u017cna korzysta\u0107 bez karty czytelnika.<\/p>\n<p>Najwi\u0119ksz\u0105 cz\u0119\u015b\u0107 mediateki stanowi biblioteka, na kt\u00f3r\u0105&nbsp;sk\u0142ada si\u0119&nbsp;oko\u0142o 4 000 tom\u00f3w, g\u0142\u00f3wnie polskich autor\u00f3w. Na czytelnik\u00f3w czekaj\u0105 proza, poezja, literatura faktu, ksi\u0105\u017cki o teatrze, sztuce, kulturze, historii, a tak\u017ce s\u0142owniki, leksykony, przewodniki turystyczne i audiobooki.<\/p>\n<p>Je\u015bli nie znasz polskiego, w mediatece te\u017c znajdziesz co\u015b dla siebie!&nbsp;Odwiedzaj\u0105cym&nbsp;oferujemy t\u0142umaczenia literatury polskiej na j\u0119zyk rumu\u0144ski, oko\u0142o dwustu dwudziestu film\u00f3w (w tym nowe produkcje, tak\u017ce z angielskimi, a w niekt\u00f3rych wypadkach francuskimi napisami), w re\u017cyserii najwa\u017cniejszych&nbsp;tw\u00f3rc\u00f3w polskiej kinematografii. Nagrania muzyczne to przede wszystkim interpretacje polskich kompozytor\u00f3w muzyki klasycznej, a tak\u017ce p\u0142yty wykonawc\u00f3w jazzowych, ale te\u017c etno i folkowych (ponad 250 tytu\u0142\u00f3w).<\/p>\n","protected":false},"excerpt":{"rendered":"<p>Odwied\u017a nas w Instytucie Polskim! Poczytaj ksi\u0105\u017cki, wypo\u017cycz filmy lub pos\u0142uchaj muzyki. Sprawd\u017a w katalogu online czy mamy co\u015b dla ciebie. Zapraszamy do korzystania z&nbsp;katalogu on-line Godziny otwarcia mediateki: czwartki 11.00-17.00 Je\u015bli nie mo\u017cesz przyj\u015b\u0107 w tych godzinach, zadzwo\u0144 pod numer tel.&nbsp;+40 21&nbsp;224 45 56 Zasady wypo\u017cyczania ksi\u0105\u017cek i p\u0142yt: 1. wypo\u017cyczanie ksi\u0105\u017cek lub p\u0142yt [&hellip;]<\/p>\n","protected":false},"author":1,"featured_media":1788,"parent":358,"menu_order":0,"comment_status":"closed","ping_status":"closed","template":"","meta":{"inline_featured_image":false,"_monsterinsights_skip_tracking":false,"_monsterinsights_sitenote_active":false,"_monsterinsights_sitenote_note":"","_monsterinsights_sitenote_category":0,"footnotes":""},"class_list":["post-366","page","type-page","status-publish","has-post-thumbnail","hentry"],"yoast_head":"<!-- This site is optimized with the Yoast SEO plugin v24.6 - https:\/\/yoast.com\/wordpress\/plugins\/seo\/ -->\n<title>Mediateka - Instytut Polski w Bukareszcie<\/title>\n<meta name=\"robots\" content=\"index, follow, max-snippet:-1, max-image-preview:large, max-video-preview:-1\" \/>\n<link rel=\"canonical\" href=\"https:\/\/instytutpolski.pl\/bucuresti\/pl\/o-instytucie-polskim-2\/biblioteka\/\" \/>\n<meta property=\"og:locale\" content=\"pl_PL\" \/>\n<meta property=\"og:type\" content=\"article\" \/>\n<meta property=\"og:title\" content=\"Mediateka - Instytut Polski w Bukareszcie\" \/>\n<meta property=\"og:description\" content=\"Odwied\u017a nas w Instytucie Polskim! Poczytaj ksi\u0105\u017cki, wypo\u017cycz filmy lub pos\u0142uchaj muzyki. Sprawd\u017a w katalogu online czy mamy co\u015b dla ciebie. Zapraszamy do korzystania z&nbsp;katalogu on-line Godziny otwarcia mediateki: czwartki 11.00-17.00 Je\u015bli nie mo\u017cesz przyj\u015b\u0107 w tych godzinach, zadzwo\u0144 pod numer tel.&nbsp;+40 21&nbsp;224 45 56 Zasady wypo\u017cyczania ksi\u0105\u017cek i p\u0142yt: 1. wypo\u017cyczanie ksi\u0105\u017cek lub p\u0142yt [&hellip;]\" \/>\n<meta property=\"og:url\" content=\"https:\/\/instytutpolski.pl\/bucuresti\/pl\/o-instytucie-polskim-2\/biblioteka\/\" \/>\n<meta property=\"og:site_name\" content=\"Instytut Polski w Bukareszcie\" \/>\n<meta property=\"article:modified_time\" content=\"2021-04-01T12:11:50+00:00\" \/>\n<meta property=\"og:image\" content=\"https:\/\/instytutpolski.pl\/bucuresti\/wp-content\/uploads\/sites\/11\/2020\/05\/mediateka-ip_c1bb37.jpg\" \/>\n\t<meta property=\"og:image:width\" content=\"660\" \/>\n\t<meta property=\"og:image:height\" content=\"398\" \/>\n\t<meta property=\"og:image:type\" content=\"image\/jpeg\" \/>\n<meta name=\"twitter:card\" content=\"summary_large_image\" \/>\n<meta name=\"twitter:label1\" content=\"Szacowany czas czytania\" \/>\n\t<meta name=\"twitter:data1\" content=\"1 minuta\" \/>\n<script type=\"application\/ld+json\" class=\"yoast-schema-graph\">{\"@context\":\"https:\/\/schema.org\",\"@graph\":[{\"@type\":\"WebPage\",\"@id\":\"https:\/\/instytutpolski.pl\/bucuresti\/pl\/o-instytucie-polskim-2\/biblioteka\/\",\"url\":\"https:\/\/instytutpolski.pl\/bucuresti\/pl\/o-instytucie-polskim-2\/biblioteka\/\",\"name\":\"Mediateka - Instytut Polski w Bukareszcie\",\"isPartOf\":{\"@id\":\"https:\/\/instytutpolski.pl\/bucuresti\/#website\"},\"primaryImageOfPage\":{\"@id\":\"https:\/\/instytutpolski.pl\/bucuresti\/pl\/o-instytucie-polskim-2\/biblioteka\/#primaryimage\"},\"image\":{\"@id\":\"https:\/\/instytutpolski.pl\/bucuresti\/pl\/o-instytucie-polskim-2\/biblioteka\/#primaryimage\"},\"thumbnailUrl\":\"https:\/\/instytutpolski.pl\/bucuresti\/wp-content\/uploads\/sites\/11\/2020\/05\/mediateka-ip_c1bb37.jpg\",\"datePublished\":\"2019-07-01T07:54:31+00:00\",\"dateModified\":\"2021-04-01T12:11:50+00:00\",\"breadcrumb\":{\"@id\":\"https:\/\/instytutpolski.pl\/bucuresti\/pl\/o-instytucie-polskim-2\/biblioteka\/#breadcrumb\"},\"inLanguage\":\"pl-PL\",\"potentialAction\":[{\"@type\":\"ReadAction\",\"target\":[\"https:\/\/instytutpolski.pl\/bucuresti\/pl\/o-instytucie-polskim-2\/biblioteka\/\"]}]},{\"@type\":\"ImageObject\",\"inLanguage\":\"pl-PL\",\"@id\":\"https:\/\/instytutpolski.pl\/bucuresti\/pl\/o-instytucie-polskim-2\/biblioteka\/#primaryimage\",\"url\":\"https:\/\/instytutpolski.pl\/bucuresti\/wp-content\/uploads\/sites\/11\/2020\/05\/mediateka-ip_c1bb37.jpg\",\"contentUrl\":\"https:\/\/instytutpolski.pl\/bucuresti\/wp-content\/uploads\/sites\/11\/2020\/05\/mediateka-ip_c1bb37.jpg\",\"width\":660,\"height\":398},{\"@type\":\"BreadcrumbList\",\"@id\":\"https:\/\/instytutpolski.pl\/bucuresti\/pl\/o-instytucie-polskim-2\/biblioteka\/#breadcrumb\",\"itemListElement\":[{\"@type\":\"ListItem\",\"position\":1,\"name\":\"Home\",\"item\":\"https:\/\/instytutpolski.pl\/bucuresti\/\"},{\"@type\":\"ListItem\",\"position\":2,\"name\":\"O Instytucie Polskim\",\"item\":\"https:\/\/instytutpolski.pl\/bucuresti\/pl\/o-instytucie-polskim-2\/\"},{\"@type\":\"ListItem\",\"position\":3,\"name\":\"Mediateka\"}]},{\"@type\":\"WebSite\",\"@id\":\"https:\/\/instytutpolski.pl\/bucuresti\/#website\",\"url\":\"https:\/\/instytutpolski.pl\/bucuresti\/\",\"name\":\"Instytut Polski w Bukareszcie\",\"description\":\"Instytuty Polskie\",\"potentialAction\":[{\"@type\":\"SearchAction\",\"target\":{\"@type\":\"EntryPoint\",\"urlTemplate\":\"https:\/\/instytutpolski.pl\/bucuresti\/?s={search_term_string}\"},\"query-input\":{\"@type\":\"PropertyValueSpecification\",\"valueRequired\":true,\"valueName\":\"search_term_string\"}}],\"inLanguage\":\"pl-PL\"}]}<\/script>\n<!-- \/ Yoast SEO plugin. -->","yoast_head_json":{"title":"Mediateka - Instytut Polski w Bukareszcie","robots":{"index":"index","follow":"follow","max-snippet":"max-snippet:-1","max-image-preview":"max-image-preview:large","max-video-preview":"max-video-preview:-1"},"canonical":"https:\/\/instytutpolski.pl\/bucuresti\/pl\/o-instytucie-polskim-2\/biblioteka\/","og_locale":"pl_PL","og_type":"article","og_title":"Mediateka - Instytut Polski w Bukareszcie","og_description":"Odwied\u017a nas w Instytucie Polskim! Poczytaj ksi\u0105\u017cki, wypo\u017cycz filmy lub pos\u0142uchaj muzyki. Sprawd\u017a w katalogu online czy mamy co\u015b dla ciebie. Zapraszamy do korzystania z&nbsp;katalogu on-line Godziny otwarcia mediateki: czwartki 11.00-17.00 Je\u015bli nie mo\u017cesz przyj\u015b\u0107 w tych godzinach, zadzwo\u0144 pod numer tel.&nbsp;+40 21&nbsp;224 45 56 Zasady wypo\u017cyczania ksi\u0105\u017cek i p\u0142yt: 1. wypo\u017cyczanie ksi\u0105\u017cek lub p\u0142yt [&hellip;]","og_url":"https:\/\/instytutpolski.pl\/bucuresti\/pl\/o-instytucie-polskim-2\/biblioteka\/","og_site_name":"Instytut Polski w Bukareszcie","article_modified_time":"2021-04-01T12:11:50+00:00","og_image":[{"width":660,"height":398,"url":"https:\/\/instytutpolski.pl\/bucuresti\/wp-content\/uploads\/sites\/11\/2020\/05\/mediateka-ip_c1bb37.jpg","type":"image\/jpeg"}],"twitter_card":"summary_large_image","twitter_misc":{"Szacowany czas czytania":"1 minuta"},"schema":{"@context":"https:\/\/schema.org","@graph":[{"@type":"WebPage","@id":"https:\/\/instytutpolski.pl\/bucuresti\/pl\/o-instytucie-polskim-2\/biblioteka\/","url":"https:\/\/instytutpolski.pl\/bucuresti\/pl\/o-instytucie-polskim-2\/biblioteka\/","name":"Mediateka - Instytut Polski w Bukareszcie","isPartOf":{"@id":"https:\/\/instytutpolski.pl\/bucuresti\/#website"},"primaryImageOfPage":{"@id":"https:\/\/instytutpolski.pl\/bucuresti\/pl\/o-instytucie-polskim-2\/biblioteka\/#primaryimage"},"image":{"@id":"https:\/\/instytutpolski.pl\/bucuresti\/pl\/o-instytucie-polskim-2\/biblioteka\/#primaryimage"},"thumbnailUrl":"https:\/\/instytutpolski.pl\/bucuresti\/wp-content\/uploads\/sites\/11\/2020\/05\/mediateka-ip_c1bb37.jpg","datePublished":"2019-07-01T07:54:31+00:00","dateModified":"2021-04-01T12:11:50+00:00","breadcrumb":{"@id":"https:\/\/instytutpolski.pl\/bucuresti\/pl\/o-instytucie-polskim-2\/biblioteka\/#breadcrumb"},"inLanguage":"pl-PL","potentialAction":[{"@type":"ReadAction","target":["https:\/\/instytutpolski.pl\/bucuresti\/pl\/o-instytucie-polskim-2\/biblioteka\/"]}]},{"@type":"ImageObject","inLanguage":"pl-PL","@id":"https:\/\/instytutpolski.pl\/bucuresti\/pl\/o-instytucie-polskim-2\/biblioteka\/#primaryimage","url":"https:\/\/instytutpolski.pl\/bucuresti\/wp-content\/uploads\/sites\/11\/2020\/05\/mediateka-ip_c1bb37.jpg","contentUrl":"https:\/\/instytutpolski.pl\/bucuresti\/wp-content\/uploads\/sites\/11\/2020\/05\/mediateka-ip_c1bb37.jpg","width":660,"height":398},{"@type":"BreadcrumbList","@id":"https:\/\/instytutpolski.pl\/bucuresti\/pl\/o-instytucie-polskim-2\/biblioteka\/#breadcrumb","itemListElement":[{"@type":"ListItem","position":1,"name":"Home","item":"https:\/\/instytutpolski.pl\/bucuresti\/"},{"@type":"ListItem","position":2,"name":"O Instytucie Polskim","item":"https:\/\/instytutpolski.pl\/bucuresti\/pl\/o-instytucie-polskim-2\/"},{"@type":"ListItem","position":3,"name":"Mediateka"}]},{"@type":"WebSite","@id":"https:\/\/instytutpolski.pl\/bucuresti\/#website","url":"https:\/\/instytutpolski.pl\/bucuresti\/","name":"Instytut Polski w Bukareszcie","description":"Instytuty Polskie","potentialAction":[{"@type":"SearchAction","target":{"@type":"EntryPoint","urlTemplate":"https:\/\/instytutpolski.pl\/bucuresti\/?s={search_term_string}"},"query-input":{"@type":"PropertyValueSpecification","valueRequired":true,"valueName":"search_term_string"}}],"inLanguage":"pl-PL"}]}},"_links":{"self":[{"href":"https:\/\/instytutpolski.pl\/bucuresti\/wp-json\/wp\/v2\/pages\/366","targetHints":{"allow":["GET"]}}],"collection":[{"href":"https:\/\/instytutpolski.pl\/bucuresti\/wp-json\/wp\/v2\/pages"}],"about":[{"href":"https:\/\/instytutpolski.pl\/bucuresti\/wp-json\/wp\/v2\/types\/page"}],"author":[{"embeddable":true,"href":"https:\/\/instytutpolski.pl\/bucuresti\/wp-json\/wp\/v2\/users\/1"}],"replies":[{"embeddable":true,"href":"https:\/\/instytutpolski.pl\/bucuresti\/wp-json\/wp\/v2\/comments?post=366"}],"version-history":[{"count":9,"href":"https:\/\/instytutpolski.pl\/bucuresti\/wp-json\/wp\/v2\/pages\/366\/revisions"}],"predecessor-version":[{"id":6542,"href":"https:\/\/instytutpolski.pl\/bucuresti\/wp-json\/wp\/v2\/pages\/366\/revisions\/6542"}],"up":[{"embeddable":true,"href":"https:\/\/instytutpolski.pl\/bucuresti\/wp-json\/wp\/v2\/pages\/358"}],"wp:featuredmedia":[{"embeddable":true,"href":"https:\/\/instytutpolski.pl\/bucuresti\/wp-json\/wp\/v2\/media\/1788"}],"wp:attachment":[{"href":"https:\/\/instytutpolski.pl\/bucuresti\/wp-json\/wp\/v2\/media?parent=366"}],"curies":[{"name":"wp","href":"https:\/\/api.w.org\/{rel}","templated":true}]}}