{"id":368,"date":"2019-07-01T09:54:31","date_gmt":"2019-07-01T07:54:31","guid":{"rendered":"https:\/\/instytutpolski.pl\/bukareszt\/?page_id=368"},"modified":"2021-04-01T14:25:23","modified_gmt":"2021-04-01T12:25:23","slug":"biblioteca","status":"publish","type":"page","link":"https:\/\/instytutpolski.pl\/bucuresti\/despre-institutul-polonez-2\/biblioteca\/","title":{"rendered":"Mediateca"},"content":{"rendered":"\n<div class=\"head\">\n<p>F\u0103-ne o vizit\u0103 la Institutul Polonez! Cite\u0219te c\u0103r\u021bi, \u00eemprumut\u0103 filme sau ascult\u0103 muzic\u0103. Verific\u0103 \u00een catalogul nostru online dac\u0103 avem ceva interesant pentru tine!<\/p>\n<section class=\"post-image\"><\/section>\n<\/div>\n<p><a href=\"https:\/\/xn--szukamksiki-4kb16m.pl\/SkNewWeb\/bstart\/517000829?dummy=1&amp;locale=en\" target=\"_blank\" rel=\"noopener noreferrer\"><strong>Catalogul on-line<\/strong><\/a><\/p>\n<p>Cea mai mare parte a mediatecii o constituie biblioteca, totaliz\u00e2nd un num\u0103r de cca. 4 000 de volume, \u00een principal c\u0103r\u021bi de autori polonezi.&nbsp;\u00cen colec\u021biile noastre, permanent \u00eembog\u0103\u021bite, vei g\u0103si: proz\u0103, poezie, non-fiction, c\u0103r\u021bi despre teatru, art\u0103, cultur\u0103, istorie, dar \u0219i dic\u021bionare, lexicoane, ghiduri turistice \u0219i audiobook-uri.<\/p>\n<p>Chiar dac\u0103 nu \u0219tii limba polon\u0103, \u00een mediateca noastr\u0103 vei g\u0103si ceva pentru tine! Oferim cititorilor traduceri din literatura polon\u0103 \u00een limba rom\u00e2n\u0103, avem \u0219i aprox. 220 de filme (inclusiv produc\u021bii noi, cu subtitrare \u00een limba englez\u0103 sau francez\u0103), regizate de c\u0103tre cele mai reprezentative personalit\u0103\u021bi ale cinematografiei poloneze. \u00cen ceea ce prive\u0219te \u00eenregistr\u0103rile muzicale, acestea cuprind \u00een primul r\u00e2nd interpret\u0103ri ale lucr\u0103rilor de muzic\u0103 clasic\u0103 de compozitori polonezi, precum \u0219i CD-uri \u0219i DVD-uri cu muzic\u0103 de jazz, dar \u0219i etno \u0219i folk (peste 250 de titluri).<\/p>\n<p><strong>Programul de func\u021bionare al mediatecii: <\/strong>Joi 1<span style=\"font-size: inherit\">1.00-17.00<\/span><\/p>\n<p>Dac\u0103 nu po\u021bi ajunge la noi \u00eentre aceste ore, telefoneaz\u0103 la num\u0103rul +40 21&nbsp;224 45 56!<\/p>\n<p><strong>Condi\u021biile de \u00eemprumut pentru c\u0103r\u021bi \u0219i CD-uri:<\/strong><\/p>\n<p>1. \u00eemprumutul c\u0103r\u021bilor \u0219i al CD-urile este posibil dup\u0103 ce v\u0103 deschide\u021bi un cont de cititor<\/p>\n<p>2. pentru a v\u0103 deschide contul de cititor, ave\u021bi nevoie de un act de identitate \u0219i de plata garan\u021biei \u00een valoare de 50 lei. Garan\u021bia va fi restituit\u0103 \u00eendat\u0103 ce dori\u021bi s\u0103 v\u0103 \u00eenchide\u021bi contul.&nbsp;<\/p>\n<p>3. cititorul poate s\u0103 \u00eemprumute \u00een total p\u00e2n\u0103 la trei volume sau CD-uri, timp de o lun\u0103.<\/p>\n<p>Pute\u021bi beneficia de sala de lectur\u0103 a Institutului Polonez f\u0103r\u0103 a avea un cont de cititor.&nbsp;<\/p>\n","protected":false},"excerpt":{"rendered":"<p>F\u0103-ne o vizit\u0103 la Institutul Polonez! Cite\u0219te c\u0103r\u021bi, \u00eemprumut\u0103 filme sau ascult\u0103 muzic\u0103. Verific\u0103 \u00een catalogul nostru online dac\u0103 avem ceva interesant pentru tine! Catalogul on-line Cea mai mare parte a mediatecii o constituie biblioteca, totaliz\u00e2nd un num\u0103r de cca. 4 000 de volume, \u00een principal c\u0103r\u021bi de autori polonezi.&nbsp;\u00cen colec\u021biile noastre, permanent \u00eembog\u0103\u021bite, vei [&hellip;]<\/p>\n","protected":false},"author":1,"featured_media":1788,"parent":360,"menu_order":0,"comment_status":"closed","ping_status":"closed","template":"","meta":{"inline_featured_image":false,"_monsterinsights_skip_tracking":false,"_monsterinsights_sitenote_active":false,"_monsterinsights_sitenote_note":"","_monsterinsights_sitenote_category":0,"footnotes":""},"class_list":["post-368","page","type-page","status-publish","has-post-thumbnail","hentry"],"yoast_head":"<!-- This site is optimized with the Yoast SEO plugin v24.6 - https:\/\/yoast.com\/wordpress\/plugins\/seo\/ -->\n<title>Mediateca - Instytut Polski w Bukareszcie<\/title>\n<meta name=\"robots\" content=\"index, follow, max-snippet:-1, max-image-preview:large, max-video-preview:-1\" \/>\n<link rel=\"canonical\" href=\"https:\/\/instytutpolski.pl\/bucuresti\/despre-institutul-polonez-2\/biblioteca\/\" \/>\n<meta property=\"og:locale\" content=\"pl_PL\" \/>\n<meta property=\"og:type\" content=\"article\" \/>\n<meta property=\"og:title\" content=\"Mediateca - Instytut Polski w Bukareszcie\" \/>\n<meta property=\"og:description\" content=\"F\u0103-ne o vizit\u0103 la Institutul Polonez! Cite\u0219te c\u0103r\u021bi, \u00eemprumut\u0103 filme sau ascult\u0103 muzic\u0103. Verific\u0103 \u00een catalogul nostru online dac\u0103 avem ceva interesant pentru tine! Catalogul on-line Cea mai mare parte a mediatecii o constituie biblioteca, totaliz\u00e2nd un num\u0103r de cca. 4 000 de volume, \u00een principal c\u0103r\u021bi de autori polonezi.&nbsp;\u00cen colec\u021biile noastre, permanent \u00eembog\u0103\u021bite, vei [&hellip;]\" \/>\n<meta property=\"og:url\" content=\"https:\/\/instytutpolski.pl\/bucuresti\/despre-institutul-polonez-2\/biblioteca\/\" \/>\n<meta property=\"og:site_name\" content=\"Instytut Polski w Bukareszcie\" \/>\n<meta property=\"article:modified_time\" content=\"2021-04-01T12:25:23+00:00\" \/>\n<meta property=\"og:image\" content=\"https:\/\/instytutpolski.pl\/bucuresti\/wp-content\/uploads\/sites\/11\/2020\/05\/mediateka-ip_c1bb37.jpg\" \/>\n\t<meta property=\"og:image:width\" content=\"660\" \/>\n\t<meta property=\"og:image:height\" content=\"398\" \/>\n\t<meta property=\"og:image:type\" content=\"image\/jpeg\" \/>\n<meta name=\"twitter:card\" content=\"summary_large_image\" \/>\n<meta name=\"twitter:label1\" content=\"Szacowany czas czytania\" \/>\n\t<meta name=\"twitter:data1\" content=\"2 minuty\" \/>\n<script type=\"application\/ld+json\" class=\"yoast-schema-graph\">{\"@context\":\"https:\/\/schema.org\",\"@graph\":[{\"@type\":\"WebPage\",\"@id\":\"https:\/\/instytutpolski.pl\/bucuresti\/despre-institutul-polonez-2\/biblioteca\/\",\"url\":\"https:\/\/instytutpolski.pl\/bucuresti\/despre-institutul-polonez-2\/biblioteca\/\",\"name\":\"Mediateca - Instytut Polski w Bukareszcie\",\"isPartOf\":{\"@id\":\"https:\/\/instytutpolski.pl\/bucuresti\/#website\"},\"primaryImageOfPage\":{\"@id\":\"https:\/\/instytutpolski.pl\/bucuresti\/despre-institutul-polonez-2\/biblioteca\/#primaryimage\"},\"image\":{\"@id\":\"https:\/\/instytutpolski.pl\/bucuresti\/despre-institutul-polonez-2\/biblioteca\/#primaryimage\"},\"thumbnailUrl\":\"https:\/\/instytutpolski.pl\/bucuresti\/wp-content\/uploads\/sites\/11\/2020\/05\/mediateka-ip_c1bb37.jpg\",\"datePublished\":\"2019-07-01T07:54:31+00:00\",\"dateModified\":\"2021-04-01T12:25:23+00:00\",\"breadcrumb\":{\"@id\":\"https:\/\/instytutpolski.pl\/bucuresti\/despre-institutul-polonez-2\/biblioteca\/#breadcrumb\"},\"inLanguage\":\"pl-PL\",\"potentialAction\":[{\"@type\":\"ReadAction\",\"target\":[\"https:\/\/instytutpolski.pl\/bucuresti\/despre-institutul-polonez-2\/biblioteca\/\"]}]},{\"@type\":\"ImageObject\",\"inLanguage\":\"pl-PL\",\"@id\":\"https:\/\/instytutpolski.pl\/bucuresti\/despre-institutul-polonez-2\/biblioteca\/#primaryimage\",\"url\":\"https:\/\/instytutpolski.pl\/bucuresti\/wp-content\/uploads\/sites\/11\/2020\/05\/mediateka-ip_c1bb37.jpg\",\"contentUrl\":\"https:\/\/instytutpolski.pl\/bucuresti\/wp-content\/uploads\/sites\/11\/2020\/05\/mediateka-ip_c1bb37.jpg\",\"width\":660,\"height\":398},{\"@type\":\"BreadcrumbList\",\"@id\":\"https:\/\/instytutpolski.pl\/bucuresti\/despre-institutul-polonez-2\/biblioteca\/#breadcrumb\",\"itemListElement\":[{\"@type\":\"ListItem\",\"position\":1,\"name\":\"Home\",\"item\":\"https:\/\/instytutpolski.pl\/bucuresti\/\"},{\"@type\":\"ListItem\",\"position\":2,\"name\":\"Despre Institutul Polonez\",\"item\":\"https:\/\/instytutpolski.pl\/bucuresti\/despre-institutul-polonez-2\/\"},{\"@type\":\"ListItem\",\"position\":3,\"name\":\"Mediateca\"}]},{\"@type\":\"WebSite\",\"@id\":\"https:\/\/instytutpolski.pl\/bucuresti\/#website\",\"url\":\"https:\/\/instytutpolski.pl\/bucuresti\/\",\"name\":\"Instytut Polski w Bukareszcie\",\"description\":\"Instytuty Polskie\",\"potentialAction\":[{\"@type\":\"SearchAction\",\"target\":{\"@type\":\"EntryPoint\",\"urlTemplate\":\"https:\/\/instytutpolski.pl\/bucuresti\/?s={search_term_string}\"},\"query-input\":{\"@type\":\"PropertyValueSpecification\",\"valueRequired\":true,\"valueName\":\"search_term_string\"}}],\"inLanguage\":\"pl-PL\"}]}<\/script>\n<!-- \/ Yoast SEO plugin. -->","yoast_head_json":{"title":"Mediateca - Instytut Polski w Bukareszcie","robots":{"index":"index","follow":"follow","max-snippet":"max-snippet:-1","max-image-preview":"max-image-preview:large","max-video-preview":"max-video-preview:-1"},"canonical":"https:\/\/instytutpolski.pl\/bucuresti\/despre-institutul-polonez-2\/biblioteca\/","og_locale":"pl_PL","og_type":"article","og_title":"Mediateca - Instytut Polski w Bukareszcie","og_description":"F\u0103-ne o vizit\u0103 la Institutul Polonez! Cite\u0219te c\u0103r\u021bi, \u00eemprumut\u0103 filme sau ascult\u0103 muzic\u0103. Verific\u0103 \u00een catalogul nostru online dac\u0103 avem ceva interesant pentru tine! Catalogul on-line Cea mai mare parte a mediatecii o constituie biblioteca, totaliz\u00e2nd un num\u0103r de cca. 4 000 de volume, \u00een principal c\u0103r\u021bi de autori polonezi.&nbsp;\u00cen colec\u021biile noastre, permanent \u00eembog\u0103\u021bite, vei [&hellip;]","og_url":"https:\/\/instytutpolski.pl\/bucuresti\/despre-institutul-polonez-2\/biblioteca\/","og_site_name":"Instytut Polski w Bukareszcie","article_modified_time":"2021-04-01T12:25:23+00:00","og_image":[{"width":660,"height":398,"url":"https:\/\/instytutpolski.pl\/bucuresti\/wp-content\/uploads\/sites\/11\/2020\/05\/mediateka-ip_c1bb37.jpg","type":"image\/jpeg"}],"twitter_card":"summary_large_image","twitter_misc":{"Szacowany czas czytania":"2 minuty"},"schema":{"@context":"https:\/\/schema.org","@graph":[{"@type":"WebPage","@id":"https:\/\/instytutpolski.pl\/bucuresti\/despre-institutul-polonez-2\/biblioteca\/","url":"https:\/\/instytutpolski.pl\/bucuresti\/despre-institutul-polonez-2\/biblioteca\/","name":"Mediateca - Instytut Polski w Bukareszcie","isPartOf":{"@id":"https:\/\/instytutpolski.pl\/bucuresti\/#website"},"primaryImageOfPage":{"@id":"https:\/\/instytutpolski.pl\/bucuresti\/despre-institutul-polonez-2\/biblioteca\/#primaryimage"},"image":{"@id":"https:\/\/instytutpolski.pl\/bucuresti\/despre-institutul-polonez-2\/biblioteca\/#primaryimage"},"thumbnailUrl":"https:\/\/instytutpolski.pl\/bucuresti\/wp-content\/uploads\/sites\/11\/2020\/05\/mediateka-ip_c1bb37.jpg","datePublished":"2019-07-01T07:54:31+00:00","dateModified":"2021-04-01T12:25:23+00:00","breadcrumb":{"@id":"https:\/\/instytutpolski.pl\/bucuresti\/despre-institutul-polonez-2\/biblioteca\/#breadcrumb"},"inLanguage":"pl-PL","potentialAction":[{"@type":"ReadAction","target":["https:\/\/instytutpolski.pl\/bucuresti\/despre-institutul-polonez-2\/biblioteca\/"]}]},{"@type":"ImageObject","inLanguage":"pl-PL","@id":"https:\/\/instytutpolski.pl\/bucuresti\/despre-institutul-polonez-2\/biblioteca\/#primaryimage","url":"https:\/\/instytutpolski.pl\/bucuresti\/wp-content\/uploads\/sites\/11\/2020\/05\/mediateka-ip_c1bb37.jpg","contentUrl":"https:\/\/instytutpolski.pl\/bucuresti\/wp-content\/uploads\/sites\/11\/2020\/05\/mediateka-ip_c1bb37.jpg","width":660,"height":398},{"@type":"BreadcrumbList","@id":"https:\/\/instytutpolski.pl\/bucuresti\/despre-institutul-polonez-2\/biblioteca\/#breadcrumb","itemListElement":[{"@type":"ListItem","position":1,"name":"Home","item":"https:\/\/instytutpolski.pl\/bucuresti\/"},{"@type":"ListItem","position":2,"name":"Despre Institutul Polonez","item":"https:\/\/instytutpolski.pl\/bucuresti\/despre-institutul-polonez-2\/"},{"@type":"ListItem","position":3,"name":"Mediateca"}]},{"@type":"WebSite","@id":"https:\/\/instytutpolski.pl\/bucuresti\/#website","url":"https:\/\/instytutpolski.pl\/bucuresti\/","name":"Instytut Polski w Bukareszcie","description":"Instytuty Polskie","potentialAction":[{"@type":"SearchAction","target":{"@type":"EntryPoint","urlTemplate":"https:\/\/instytutpolski.pl\/bucuresti\/?s={search_term_string}"},"query-input":{"@type":"PropertyValueSpecification","valueRequired":true,"valueName":"search_term_string"}}],"inLanguage":"pl-PL"}]}},"_links":{"self":[{"href":"https:\/\/instytutpolski.pl\/bucuresti\/wp-json\/wp\/v2\/pages\/368","targetHints":{"allow":["GET"]}}],"collection":[{"href":"https:\/\/instytutpolski.pl\/bucuresti\/wp-json\/wp\/v2\/pages"}],"about":[{"href":"https:\/\/instytutpolski.pl\/bucuresti\/wp-json\/wp\/v2\/types\/page"}],"author":[{"embeddable":true,"href":"https:\/\/instytutpolski.pl\/bucuresti\/wp-json\/wp\/v2\/users\/1"}],"replies":[{"embeddable":true,"href":"https:\/\/instytutpolski.pl\/bucuresti\/wp-json\/wp\/v2\/comments?post=368"}],"version-history":[{"count":9,"href":"https:\/\/instytutpolski.pl\/bucuresti\/wp-json\/wp\/v2\/pages\/368\/revisions"}],"predecessor-version":[{"id":6548,"href":"https:\/\/instytutpolski.pl\/bucuresti\/wp-json\/wp\/v2\/pages\/368\/revisions\/6548"}],"up":[{"embeddable":true,"href":"https:\/\/instytutpolski.pl\/bucuresti\/wp-json\/wp\/v2\/pages\/360"}],"wp:featuredmedia":[{"embeddable":true,"href":"https:\/\/instytutpolski.pl\/bucuresti\/wp-json\/wp\/v2\/media\/1788"}],"wp:attachment":[{"href":"https:\/\/instytutpolski.pl\/bucuresti\/wp-json\/wp\/v2\/media?parent=368"}],"curies":[{"name":"wp","href":"https:\/\/api.w.org\/{rel}","templated":true}]}}