{"id":377,"date":"2019-07-01T09:56:44","date_gmt":"2019-07-01T07:56:44","guid":{"rendered":"https:\/\/instytutpolski.pl\/bukareszt\/?page_id=377"},"modified":"2025-10-07T09:38:51","modified_gmt":"2025-10-07T07:38:51","slug":"zespol","status":"publish","type":"page","link":"https:\/\/instytutpolski.pl\/bucuresti\/pl\/o-instytucie-polskim-2\/zespol\/","title":{"rendered":"Zesp\u00f3\u0142"},"content":{"rendered":"\n<div class=\"head\">\n<p>Czyli kto jest kim i czym si\u0119 zajmuje w Instytucie Polskim w Bukareszcie.<\/p>\n<\/div>\n<ul>\n<li><strong>Natalia Mosor<\/strong> \u2013 dyrektor<\/li>\n<li><strong>Tomasz Adamski<\/strong>\u00a0\u2013 zast\u0119pca dyrektora<\/li>\n<li><strong>Mirela Laz\u0103r<\/strong>\u00a0\u2013 koordynator projekt\u00f3w<\/li>\n<li><strong>Anna Nicolau<\/strong>\u00a0\u2013 koordynator projekt\u00f3w<\/li>\n<li><strong>Pawe\u0142 Rutkowski<\/strong>\u00a0\u2013 koordynator projekt\u00f3w<\/li>\n<li><strong>Katarzyna Zalaszewska\u00a0<\/strong>\u2013 koordynator projekt\u00f3w<\/li>\n<li><strong>Alexandru\u00a0Stancu<\/strong>\u00a0\u2013 kierowca i intendent<\/li>\n<li><strong>Iwona Puto<\/strong>\u00a0\u2013 referent ds. administracyjno-finansowych<\/li>\n<\/ul>\n","protected":false},"excerpt":{"rendered":"<p>Czyli kto jest kim i czym si\u0119 zajmuje w Instytucie Polskim w Bukareszcie. Natalia Mosor \u2013 dyrektor Tomasz Adamski\u00a0\u2013 zast\u0119pca dyrektora Mirela Laz\u0103r\u00a0\u2013 koordynator projekt\u00f3w Anna Nicolau\u00a0\u2013 koordynator projekt\u00f3w Pawe\u0142 Rutkowski\u00a0\u2013 koordynator projekt\u00f3w Katarzyna Zalaszewska\u00a0\u2013 koordynator projekt\u00f3w Alexandru\u00a0Stancu\u00a0\u2013 kierowca i intendent Iwona Puto\u00a0\u2013 referent ds. administracyjno-finansowych<\/p>\n","protected":false},"author":1,"featured_media":1285,"parent":358,"menu_order":0,"comment_status":"closed","ping_status":"closed","template":"","meta":{"inline_featured_image":false,"_monsterinsights_skip_tracking":false,"_monsterinsights_sitenote_active":false,"_monsterinsights_sitenote_note":"","_monsterinsights_sitenote_category":0,"footnotes":""},"class_list":["post-377","page","type-page","status-publish","has-post-thumbnail","hentry"],"yoast_head":"<!-- This site is optimized with the Yoast SEO plugin v24.6 - https:\/\/yoast.com\/wordpress\/plugins\/seo\/ -->\n<title>Zesp\u00f3\u0142 - Instytut Polski w Bukareszcie<\/title>\n<meta name=\"robots\" content=\"index, follow, max-snippet:-1, max-image-preview:large, max-video-preview:-1\" \/>\n<link rel=\"canonical\" href=\"https:\/\/instytutpolski.pl\/bucuresti\/pl\/o-instytucie-polskim-2\/zespol\/\" \/>\n<meta property=\"og:locale\" content=\"pl_PL\" \/>\n<meta property=\"og:type\" content=\"article\" \/>\n<meta property=\"og:title\" content=\"Zesp\u00f3\u0142 - Instytut Polski w Bukareszcie\" \/>\n<meta property=\"og:description\" content=\"Czyli kto jest kim i czym si\u0119 zajmuje w Instytucie Polskim w Bukareszcie. Natalia Mosor \u2013 dyrektor Tomasz Adamski\u00a0\u2013 zast\u0119pca dyrektora Mirela Laz\u0103r\u00a0\u2013 koordynator projekt\u00f3w Anna Nicolau\u00a0\u2013 koordynator projekt\u00f3w Pawe\u0142 Rutkowski\u00a0\u2013 koordynator projekt\u00f3w Katarzyna Zalaszewska\u00a0\u2013 koordynator projekt\u00f3w Alexandru\u00a0Stancu\u00a0\u2013 kierowca i intendent Iwona Puto\u00a0\u2013 referent ds. administracyjno-finansowych\" \/>\n<meta property=\"og:url\" content=\"https:\/\/instytutpolski.pl\/bucuresti\/pl\/o-instytucie-polskim-2\/zespol\/\" \/>\n<meta property=\"og:site_name\" content=\"Instytut Polski w Bukareszcie\" \/>\n<meta property=\"article:modified_time\" content=\"2025-10-07T07:38:51+00:00\" \/>\n<meta property=\"og:image\" content=\"https:\/\/instytutpolski.pl\/bucuresti\/wp-content\/uploads\/sites\/11\/2020\/03\/Mediateka_IP.jpg\" \/>\n\t<meta property=\"og:image:width\" content=\"1641\" \/>\n\t<meta property=\"og:image:height\" content=\"988\" \/>\n\t<meta property=\"og:image:type\" content=\"image\/jpeg\" \/>\n<meta name=\"twitter:card\" content=\"summary_large_image\" \/>\n<meta name=\"twitter:label1\" content=\"Szacowany czas czytania\" \/>\n\t<meta name=\"twitter:data1\" content=\"1 minuta\" \/>\n<script type=\"application\/ld+json\" class=\"yoast-schema-graph\">{\"@context\":\"https:\/\/schema.org\",\"@graph\":[{\"@type\":\"WebPage\",\"@id\":\"https:\/\/instytutpolski.pl\/bucuresti\/pl\/o-instytucie-polskim-2\/zespol\/\",\"url\":\"https:\/\/instytutpolski.pl\/bucuresti\/pl\/o-instytucie-polskim-2\/zespol\/\",\"name\":\"Zesp\u00f3\u0142 - Instytut Polski w Bukareszcie\",\"isPartOf\":{\"@id\":\"https:\/\/instytutpolski.pl\/bucuresti\/#website\"},\"primaryImageOfPage\":{\"@id\":\"https:\/\/instytutpolski.pl\/bucuresti\/pl\/o-instytucie-polskim-2\/zespol\/#primaryimage\"},\"image\":{\"@id\":\"https:\/\/instytutpolski.pl\/bucuresti\/pl\/o-instytucie-polskim-2\/zespol\/#primaryimage\"},\"thumbnailUrl\":\"https:\/\/instytutpolski.pl\/bucuresti\/wp-content\/uploads\/sites\/11\/2020\/03\/Mediateka_IP.jpg\",\"datePublished\":\"2019-07-01T07:56:44+00:00\",\"dateModified\":\"2025-10-07T07:38:51+00:00\",\"breadcrumb\":{\"@id\":\"https:\/\/instytutpolski.pl\/bucuresti\/pl\/o-instytucie-polskim-2\/zespol\/#breadcrumb\"},\"inLanguage\":\"pl-PL\",\"potentialAction\":[{\"@type\":\"ReadAction\",\"target\":[\"https:\/\/instytutpolski.pl\/bucuresti\/pl\/o-instytucie-polskim-2\/zespol\/\"]}]},{\"@type\":\"ImageObject\",\"inLanguage\":\"pl-PL\",\"@id\":\"https:\/\/instytutpolski.pl\/bucuresti\/pl\/o-instytucie-polskim-2\/zespol\/#primaryimage\",\"url\":\"https:\/\/instytutpolski.pl\/bucuresti\/wp-content\/uploads\/sites\/11\/2020\/03\/Mediateka_IP.jpg\",\"contentUrl\":\"https:\/\/instytutpolski.pl\/bucuresti\/wp-content\/uploads\/sites\/11\/2020\/03\/Mediateka_IP.jpg\",\"width\":1641,\"height\":988,\"caption\":\"Mediateka Instytutu Polskiego w Bukareszcie. Fot. Agnieszka Skieterska\"},{\"@type\":\"BreadcrumbList\",\"@id\":\"https:\/\/instytutpolski.pl\/bucuresti\/pl\/o-instytucie-polskim-2\/zespol\/#breadcrumb\",\"itemListElement\":[{\"@type\":\"ListItem\",\"position\":1,\"name\":\"Home\",\"item\":\"https:\/\/instytutpolski.pl\/bucuresti\/\"},{\"@type\":\"ListItem\",\"position\":2,\"name\":\"O Instytucie Polskim\",\"item\":\"https:\/\/instytutpolski.pl\/bucuresti\/pl\/o-instytucie-polskim-2\/\"},{\"@type\":\"ListItem\",\"position\":3,\"name\":\"Zesp\u00f3\u0142\"}]},{\"@type\":\"WebSite\",\"@id\":\"https:\/\/instytutpolski.pl\/bucuresti\/#website\",\"url\":\"https:\/\/instytutpolski.pl\/bucuresti\/\",\"name\":\"Instytut Polski w Bukareszcie\",\"description\":\"Instytuty Polskie\",\"potentialAction\":[{\"@type\":\"SearchAction\",\"target\":{\"@type\":\"EntryPoint\",\"urlTemplate\":\"https:\/\/instytutpolski.pl\/bucuresti\/?s={search_term_string}\"},\"query-input\":{\"@type\":\"PropertyValueSpecification\",\"valueRequired\":true,\"valueName\":\"search_term_string\"}}],\"inLanguage\":\"pl-PL\"}]}<\/script>\n<!-- \/ Yoast SEO plugin. -->","yoast_head_json":{"title":"Zesp\u00f3\u0142 - Instytut Polski w Bukareszcie","robots":{"index":"index","follow":"follow","max-snippet":"max-snippet:-1","max-image-preview":"max-image-preview:large","max-video-preview":"max-video-preview:-1"},"canonical":"https:\/\/instytutpolski.pl\/bucuresti\/pl\/o-instytucie-polskim-2\/zespol\/","og_locale":"pl_PL","og_type":"article","og_title":"Zesp\u00f3\u0142 - Instytut Polski w Bukareszcie","og_description":"Czyli kto jest kim i czym si\u0119 zajmuje w Instytucie Polskim w Bukareszcie. Natalia Mosor \u2013 dyrektor Tomasz Adamski\u00a0\u2013 zast\u0119pca dyrektora Mirela Laz\u0103r\u00a0\u2013 koordynator projekt\u00f3w Anna Nicolau\u00a0\u2013 koordynator projekt\u00f3w Pawe\u0142 Rutkowski\u00a0\u2013 koordynator projekt\u00f3w Katarzyna Zalaszewska\u00a0\u2013 koordynator projekt\u00f3w Alexandru\u00a0Stancu\u00a0\u2013 kierowca i intendent Iwona Puto\u00a0\u2013 referent ds. administracyjno-finansowych","og_url":"https:\/\/instytutpolski.pl\/bucuresti\/pl\/o-instytucie-polskim-2\/zespol\/","og_site_name":"Instytut Polski w Bukareszcie","article_modified_time":"2025-10-07T07:38:51+00:00","og_image":[{"width":1641,"height":988,"url":"https:\/\/instytutpolski.pl\/bucuresti\/wp-content\/uploads\/sites\/11\/2020\/03\/Mediateka_IP.jpg","type":"image\/jpeg"}],"twitter_card":"summary_large_image","twitter_misc":{"Szacowany czas czytania":"1 minuta"},"schema":{"@context":"https:\/\/schema.org","@graph":[{"@type":"WebPage","@id":"https:\/\/instytutpolski.pl\/bucuresti\/pl\/o-instytucie-polskim-2\/zespol\/","url":"https:\/\/instytutpolski.pl\/bucuresti\/pl\/o-instytucie-polskim-2\/zespol\/","name":"Zesp\u00f3\u0142 - Instytut Polski w Bukareszcie","isPartOf":{"@id":"https:\/\/instytutpolski.pl\/bucuresti\/#website"},"primaryImageOfPage":{"@id":"https:\/\/instytutpolski.pl\/bucuresti\/pl\/o-instytucie-polskim-2\/zespol\/#primaryimage"},"image":{"@id":"https:\/\/instytutpolski.pl\/bucuresti\/pl\/o-instytucie-polskim-2\/zespol\/#primaryimage"},"thumbnailUrl":"https:\/\/instytutpolski.pl\/bucuresti\/wp-content\/uploads\/sites\/11\/2020\/03\/Mediateka_IP.jpg","datePublished":"2019-07-01T07:56:44+00:00","dateModified":"2025-10-07T07:38:51+00:00","breadcrumb":{"@id":"https:\/\/instytutpolski.pl\/bucuresti\/pl\/o-instytucie-polskim-2\/zespol\/#breadcrumb"},"inLanguage":"pl-PL","potentialAction":[{"@type":"ReadAction","target":["https:\/\/instytutpolski.pl\/bucuresti\/pl\/o-instytucie-polskim-2\/zespol\/"]}]},{"@type":"ImageObject","inLanguage":"pl-PL","@id":"https:\/\/instytutpolski.pl\/bucuresti\/pl\/o-instytucie-polskim-2\/zespol\/#primaryimage","url":"https:\/\/instytutpolski.pl\/bucuresti\/wp-content\/uploads\/sites\/11\/2020\/03\/Mediateka_IP.jpg","contentUrl":"https:\/\/instytutpolski.pl\/bucuresti\/wp-content\/uploads\/sites\/11\/2020\/03\/Mediateka_IP.jpg","width":1641,"height":988,"caption":"Mediateka Instytutu Polskiego w Bukareszcie. Fot. Agnieszka Skieterska"},{"@type":"BreadcrumbList","@id":"https:\/\/instytutpolski.pl\/bucuresti\/pl\/o-instytucie-polskim-2\/zespol\/#breadcrumb","itemListElement":[{"@type":"ListItem","position":1,"name":"Home","item":"https:\/\/instytutpolski.pl\/bucuresti\/"},{"@type":"ListItem","position":2,"name":"O Instytucie Polskim","item":"https:\/\/instytutpolski.pl\/bucuresti\/pl\/o-instytucie-polskim-2\/"},{"@type":"ListItem","position":3,"name":"Zesp\u00f3\u0142"}]},{"@type":"WebSite","@id":"https:\/\/instytutpolski.pl\/bucuresti\/#website","url":"https:\/\/instytutpolski.pl\/bucuresti\/","name":"Instytut Polski w Bukareszcie","description":"Instytuty Polskie","potentialAction":[{"@type":"SearchAction","target":{"@type":"EntryPoint","urlTemplate":"https:\/\/instytutpolski.pl\/bucuresti\/?s={search_term_string}"},"query-input":{"@type":"PropertyValueSpecification","valueRequired":true,"valueName":"search_term_string"}}],"inLanguage":"pl-PL"}]}},"_links":{"self":[{"href":"https:\/\/instytutpolski.pl\/bucuresti\/wp-json\/wp\/v2\/pages\/377","targetHints":{"allow":["GET"]}}],"collection":[{"href":"https:\/\/instytutpolski.pl\/bucuresti\/wp-json\/wp\/v2\/pages"}],"about":[{"href":"https:\/\/instytutpolski.pl\/bucuresti\/wp-json\/wp\/v2\/types\/page"}],"author":[{"embeddable":true,"href":"https:\/\/instytutpolski.pl\/bucuresti\/wp-json\/wp\/v2\/users\/1"}],"replies":[{"embeddable":true,"href":"https:\/\/instytutpolski.pl\/bucuresti\/wp-json\/wp\/v2\/comments?post=377"}],"version-history":[{"count":23,"href":"https:\/\/instytutpolski.pl\/bucuresti\/wp-json\/wp\/v2\/pages\/377\/revisions"}],"predecessor-version":[{"id":14458,"href":"https:\/\/instytutpolski.pl\/bucuresti\/wp-json\/wp\/v2\/pages\/377\/revisions\/14458"}],"up":[{"embeddable":true,"href":"https:\/\/instytutpolski.pl\/bucuresti\/wp-json\/wp\/v2\/pages\/358"}],"wp:featuredmedia":[{"embeddable":true,"href":"https:\/\/instytutpolski.pl\/bucuresti\/wp-json\/wp\/v2\/media\/1285"}],"wp:attachment":[{"href":"https:\/\/instytutpolski.pl\/bucuresti\/wp-json\/wp\/v2\/media?parent=377"}],"curies":[{"name":"wp","href":"https:\/\/api.w.org\/{rel}","templated":true}]}}