{"id":4337,"date":"2020-06-01T10:19:00","date_gmt":"2020-06-01T08:19:00","guid":{"rendered":"https:\/\/instytutpolski.pl\/bucuresti\/?page_id=4337"},"modified":"2020-06-06T10:37:04","modified_gmt":"2020-06-06T08:37:04","slug":"declaratie-de-disponibilitate","status":"publish","type":"page","link":"https:\/\/instytutpolski.pl\/bucuresti\/declaratie-de-disponibilitate\/","title":{"rendered":"Declara\u0163ie de disponibilitate"},"content":{"rendered":"\n<h3><b>Declara\u0163ia de disponibilitate a paginii web a Ministerului Afacerilor Externe: instytutpolski.pl\/bucuresti<\/b><\/h3>\n<p id=\"a11y-wstep\"><span id=\"\u201ea11y-podmiot\u201d\">Ministerul Afacerilor Externe<\/span> se angajeaz\u0103 s\u0103 asigure disponibilitatea paginii sale de internet \u00een conformitate cu prevederile Legii din 4 aprilie 2019 privind disponibilitatea digital\u0103 a paginilor de internet \u0219i a aplica\u021biilor mobile ale entit\u0103\u021bilor publice. Declara\u021bia de disponibilitate se aplic\u0103 paginii web a <a id=\"\u201da11y-url\u201d\" href=\"https:\/\/instytutpolski.pl\/bucuresti\">Ministerului Afacerilor Externe<\/a>.<\/p>\n<p id=\"\u201da11y-data-publikacja\u201d\">Data public\u0103rii paginii de internet: 2020-06-01.<\/p>\n<p id=\"\u201da11y-data-aktualizacja\u201d\">Data ultimei actualiz\u0103ri importante: 2020-06-01.<\/p>\n<p>Din cauza incompatibilit\u0103\u021bilor sau excep\u0163iilor enumerate mai jos, pagina de internet respect\u0103 doar par\u021bial legea privind disponibilitatea digital\u0103 a paginilor de internet \u0219i a aplica\u021biilor mobile ale entit\u0103\u021bilor publice.<\/p>\n<p><br \/>Pagina de internet poate con\u021bine filme la care nu au fost ad\u0103ugate subtitr\u0103ri pentru persoanele surde. Dac\u0103 este nevoie s\u0103 comunica\u021bi \u00eentr-una dintre cele trei forme: limbajul mimic polonez, sistemul mimico-gestual, metoda de comunicare pentru nev\u0103z\u0103torii surzi, v\u0103 rug\u0103m s\u0103 trimite\u021bi un mesaj la adresa <a href=\"mailto:bazi.tlumaczenia@msz.gov.pl\">bazi.tlumaczenia@msz.gov.pl<\/a>.<\/p>\n<p>Declara\u0163ia a fost \u00eentocmit\u0103 la data de <span id=\"\u201da11y-data-sporzadzenie\u201d\">2020-06-01..<\/span><\/p>\n<p id=\"\u201da11y-audytor\u201d\">Declara\u021bia a fost \u00eentocmit\u0103 pe baza unei autoevalu\u0103ri efectuate de o entitate public\u0103.<\/p>\n<p>Pe pagina de internet pot fi folosite comenzi rapide standard ale tastaturii.<\/p>\n<h3 id=\"\u201da11y-kontakt\u201d\"><b>Feedback \u015fi date de contact<\/b><\/h3>\n<p>\u00cen cazul apari\u0163iei unor probleme legate de disponibilitatea paginii de internet, v\u0103 rug\u0103m s\u0103 ne scrie\u0163i la adresa de email redakcja@msz.gov.pl. Ne pute\u021bi contacta, de asemenea, sun\u00e2nd la num\u0103rul de telefon +48 22 523 93 56. Pe aceea\u015fi cale ne pute\u021bi trimite cereri de acces la informa\u021biile indisponibile, precum \u0219i pl\u00e2ngeri legate de lipsa de disponibilitate.<\/p>\n<p id=\"\u201da11y-procedura\u201d\">Orice persoan\u0103 are dreptul de a solicita disponibilitatea digital\u0103 a unei pagini de internet, a unei aplica\u021bii mobile sau al oric\u0103rui element al acesteia. Poate solicita, de asemenea, partajarea informa\u021biilor cu ajutorul unei metode alternative de acces, ca de exemplu citirea unui document inaccesibil digital, prezentarea con\u021binutului unui film f\u0103r\u0103 descriere audio etc. Solicitarea ar trebui s\u0103 con\u021bin\u0103 datele persoanei care trimite solicitarea, men\u0163iunea despre ce pagin\u0103 de internet sau aplica\u0163ie mobil\u0103 este vorba \u015fi modul \u00een care acesta poate fi contactat. \u00a0<\/p>\n<p>\u00cen cazul \u00een care solicitantul declar\u0103 necesitatea de a primi informa\u021bii cu ajutorul unei metode alternative de acces, acesta ar trebui s\u0103 specifice o modalitate convenabil\u0103 pentru el \u00een care s\u0103 \u00eei fie prezentat\u0103 aceast\u0103 informa\u0163ie. Entitatea public\u0103 ar trebui s\u0103 realizeze cererea imediat, cel t\u00e2rziu \u00een termen de 7 zile de la data depunerii cererii. \u00cen cazul \u00een care respectarea acestui termen nu este posibil\u0103, entitatea public\u0103 va informa imediat persoana care a trimis solicitarea asupra datei la care este posibil\u0103 realizarea cererii, \u00eens\u0103 aceast\u0103 perioad\u0103 nu poate dep\u0103\u0219i 2 luni de la data depunerii cererii.<\/p>\n<p>Dac\u0103 asigurarea unei disponibilit\u0103\u0163i digitale nu este posibil\u0103, entitatea public\u0103 poate propune o modalitate alternativ\u0103 de acces la informa\u021bii. \u00cen cazul \u00een care entitatea public\u0103 refuz\u0103 s\u0103 realizeze cererea de asigurare a disponibilit\u0103\u0163ii sau a unei modalit\u0103\u0163i alternative de acces la informa\u021bii, solicitantul poate depune o reclama\u021bie privind asigurarea disponibilit\u0103\u021bii digitale a unei pagini de internet, a unei aplica\u021bii mobile sau al unui element al paginii de internet sau al unei aplica\u021bii mobile. Dup\u0103 epuizarea procedurii men\u021bionate mai sus, se poate depune o cerere \u015fi c\u0103tre Comisarul pentru Drepturile Omului.<\/p>\n<p>Dup\u0103 epuizarea tuturor posibilit\u0103\u0163ilor, se poate trimite o reclama\u0163ie c\u0103tre Comisarul pentru Drepturile Omului.<\/p>\n<h3 id=\"\u201da11y-architektura\u201d\"><b>Disponibilitatea arhitectonic\u0103<\/b><\/h3>\n<p>Din cauza lipsei de adaptare a cl\u0103dirii Institutului Polonez din Bucure\u0219ti la nevoile persoanelor cu nevoi speciale, v\u0103 rug\u0103m s\u0103 ne informa\u021bi \u00een avans despre vizita unei persoane cu dizabilit\u0103\u021bi, la num\u0103rul de telefon: + 40 21 22 44 556, pentru a permite accesul alternativ \u00een sediul \u00a0institu\u0163iei (\u00een sensul art. 7.1., Legea din 19 iulie 2019 privind asigurarea accesului pentru persoanele cu nevoi speciale), adic\u0103 prin furnizarea de suport tehnic, oferirea de ajutor din partea unei alte persoane sau organizarea unei entit\u0103\u021bi care va face posibil\u0103 \u00eendeplinirea nevoilor \u00een m\u0103sura necesar\u0103.<\/p>\n","protected":false},"excerpt":{"rendered":"<p>Declara\u0163ia de disponibilitate a paginii web a Ministerului Afacerilor Externe: instytutpolski.pl\/bucuresti Ministerul Afacerilor Externe se angajeaz\u0103 s\u0103 asigure disponibilitatea paginii sale de internet \u00een conformitate cu prevederile Legii din 4 aprilie 2019 privind disponibilitatea digital\u0103 a paginilor de internet \u0219i a aplica\u021biilor mobile ale entit\u0103\u021bilor publice. Declara\u021bia de disponibilitate se aplic\u0103 paginii web a Ministerului [&hellip;]<\/p>\n","protected":false},"author":26,"featured_media":2791,"parent":0,"menu_order":0,"comment_status":"closed","ping_status":"closed","template":"","meta":{"inline_featured_image":false,"_monsterinsights_skip_tracking":false,"_monsterinsights_sitenote_active":false,"_monsterinsights_sitenote_note":"","_monsterinsights_sitenote_category":0,"footnotes":""},"class_list":["post-4337","page","type-page","status-publish","has-post-thumbnail","hentry"],"yoast_head":"<!-- This site is optimized with the Yoast SEO plugin v24.6 - https:\/\/yoast.com\/wordpress\/plugins\/seo\/ -->\n<title>Declara\u0163ie de disponibilitate - Instytut Polski w Bukareszcie<\/title>\n<meta name=\"robots\" content=\"index, follow, max-snippet:-1, max-image-preview:large, max-video-preview:-1\" \/>\n<link rel=\"canonical\" href=\"https:\/\/instytutpolski.pl\/bucuresti\/declaratie-de-disponibilitate\/\" \/>\n<meta property=\"og:locale\" content=\"pl_PL\" \/>\n<meta property=\"og:type\" content=\"article\" \/>\n<meta property=\"og:title\" content=\"Declara\u0163ie de disponibilitate - Instytut Polski w Bukareszcie\" \/>\n<meta property=\"og:description\" content=\"Declara\u0163ia de disponibilitate a paginii web a Ministerului Afacerilor Externe: instytutpolski.pl\/bucuresti Ministerul Afacerilor Externe se angajeaz\u0103 s\u0103 asigure disponibilitatea paginii sale de internet \u00een conformitate cu prevederile Legii din 4 aprilie 2019 privind disponibilitatea digital\u0103 a paginilor de internet \u0219i a aplica\u021biilor mobile ale entit\u0103\u021bilor publice. Declara\u021bia de disponibilitate se aplic\u0103 paginii web a Ministerului [&hellip;]\" \/>\n<meta property=\"og:url\" content=\"https:\/\/instytutpolski.pl\/bucuresti\/declaratie-de-disponibilitate\/\" \/>\n<meta property=\"og:site_name\" content=\"Instytut Polski w Bukareszcie\" \/>\n<meta property=\"article:modified_time\" content=\"2020-06-06T08:37:04+00:00\" \/>\n<meta property=\"og:image\" content=\"https:\/\/instytutpolski.pl\/bucuresti\/wp-content\/uploads\/sites\/11\/2020\/06\/PL_Institute_1_male.jpg\" \/>\n\t<meta property=\"og:image:width\" content=\"1641\" \/>\n\t<meta property=\"og:image:height\" content=\"988\" \/>\n\t<meta property=\"og:image:type\" content=\"image\/jpeg\" \/>\n<meta name=\"twitter:card\" content=\"summary_large_image\" \/>\n<meta name=\"twitter:label1\" content=\"Szacowany czas czytania\" \/>\n\t<meta name=\"twitter:data1\" content=\"3 minuty\" \/>\n<script type=\"application\/ld+json\" class=\"yoast-schema-graph\">{\"@context\":\"https:\/\/schema.org\",\"@graph\":[{\"@type\":\"WebPage\",\"@id\":\"https:\/\/instytutpolski.pl\/bucuresti\/declaratie-de-disponibilitate\/\",\"url\":\"https:\/\/instytutpolski.pl\/bucuresti\/declaratie-de-disponibilitate\/\",\"name\":\"Declara\u0163ie de disponibilitate - Instytut Polski w Bukareszcie\",\"isPartOf\":{\"@id\":\"https:\/\/instytutpolski.pl\/bucuresti\/#website\"},\"primaryImageOfPage\":{\"@id\":\"https:\/\/instytutpolski.pl\/bucuresti\/declaratie-de-disponibilitate\/#primaryimage\"},\"image\":{\"@id\":\"https:\/\/instytutpolski.pl\/bucuresti\/declaratie-de-disponibilitate\/#primaryimage\"},\"thumbnailUrl\":\"https:\/\/instytutpolski.pl\/bucuresti\/wp-content\/uploads\/sites\/11\/2020\/06\/PL_Institute_1_male.jpg\",\"datePublished\":\"2020-06-01T08:19:00+00:00\",\"dateModified\":\"2020-06-06T08:37:04+00:00\",\"breadcrumb\":{\"@id\":\"https:\/\/instytutpolski.pl\/bucuresti\/declaratie-de-disponibilitate\/#breadcrumb\"},\"inLanguage\":\"pl-PL\",\"potentialAction\":[{\"@type\":\"ReadAction\",\"target\":[\"https:\/\/instytutpolski.pl\/bucuresti\/declaratie-de-disponibilitate\/\"]}]},{\"@type\":\"ImageObject\",\"inLanguage\":\"pl-PL\",\"@id\":\"https:\/\/instytutpolski.pl\/bucuresti\/declaratie-de-disponibilitate\/#primaryimage\",\"url\":\"https:\/\/instytutpolski.pl\/bucuresti\/wp-content\/uploads\/sites\/11\/2020\/06\/PL_Institute_1_male.jpg\",\"contentUrl\":\"https:\/\/instytutpolski.pl\/bucuresti\/wp-content\/uploads\/sites\/11\/2020\/06\/PL_Institute_1_male.jpg\",\"width\":1641,\"height\":988,\"caption\":\"Mediateka Instytutu Polskiego w Bukareszcie, fot. Agnieszka Skieterska\"},{\"@type\":\"BreadcrumbList\",\"@id\":\"https:\/\/instytutpolski.pl\/bucuresti\/declaratie-de-disponibilitate\/#breadcrumb\",\"itemListElement\":[{\"@type\":\"ListItem\",\"position\":1,\"name\":\"Home\",\"item\":\"https:\/\/instytutpolski.pl\/bucuresti\/\"},{\"@type\":\"ListItem\",\"position\":2,\"name\":\"Declara\u0163ie de disponibilitate\"}]},{\"@type\":\"WebSite\",\"@id\":\"https:\/\/instytutpolski.pl\/bucuresti\/#website\",\"url\":\"https:\/\/instytutpolski.pl\/bucuresti\/\",\"name\":\"Instytut Polski w Bukareszcie\",\"description\":\"Instytuty Polskie\",\"potentialAction\":[{\"@type\":\"SearchAction\",\"target\":{\"@type\":\"EntryPoint\",\"urlTemplate\":\"https:\/\/instytutpolski.pl\/bucuresti\/?s={search_term_string}\"},\"query-input\":{\"@type\":\"PropertyValueSpecification\",\"valueRequired\":true,\"valueName\":\"search_term_string\"}}],\"inLanguage\":\"pl-PL\"}]}<\/script>\n<!-- \/ Yoast SEO plugin. -->","yoast_head_json":{"title":"Declara\u0163ie de disponibilitate - Instytut Polski w Bukareszcie","robots":{"index":"index","follow":"follow","max-snippet":"max-snippet:-1","max-image-preview":"max-image-preview:large","max-video-preview":"max-video-preview:-1"},"canonical":"https:\/\/instytutpolski.pl\/bucuresti\/declaratie-de-disponibilitate\/","og_locale":"pl_PL","og_type":"article","og_title":"Declara\u0163ie de disponibilitate - Instytut Polski w Bukareszcie","og_description":"Declara\u0163ia de disponibilitate a paginii web a Ministerului Afacerilor Externe: instytutpolski.pl\/bucuresti Ministerul Afacerilor Externe se angajeaz\u0103 s\u0103 asigure disponibilitatea paginii sale de internet \u00een conformitate cu prevederile Legii din 4 aprilie 2019 privind disponibilitatea digital\u0103 a paginilor de internet \u0219i a aplica\u021biilor mobile ale entit\u0103\u021bilor publice. Declara\u021bia de disponibilitate se aplic\u0103 paginii web a Ministerului [&hellip;]","og_url":"https:\/\/instytutpolski.pl\/bucuresti\/declaratie-de-disponibilitate\/","og_site_name":"Instytut Polski w Bukareszcie","article_modified_time":"2020-06-06T08:37:04+00:00","og_image":[{"width":1641,"height":988,"url":"https:\/\/instytutpolski.pl\/bucuresti\/wp-content\/uploads\/sites\/11\/2020\/06\/PL_Institute_1_male.jpg","type":"image\/jpeg"}],"twitter_card":"summary_large_image","twitter_misc":{"Szacowany czas czytania":"3 minuty"},"schema":{"@context":"https:\/\/schema.org","@graph":[{"@type":"WebPage","@id":"https:\/\/instytutpolski.pl\/bucuresti\/declaratie-de-disponibilitate\/","url":"https:\/\/instytutpolski.pl\/bucuresti\/declaratie-de-disponibilitate\/","name":"Declara\u0163ie de disponibilitate - Instytut Polski w Bukareszcie","isPartOf":{"@id":"https:\/\/instytutpolski.pl\/bucuresti\/#website"},"primaryImageOfPage":{"@id":"https:\/\/instytutpolski.pl\/bucuresti\/declaratie-de-disponibilitate\/#primaryimage"},"image":{"@id":"https:\/\/instytutpolski.pl\/bucuresti\/declaratie-de-disponibilitate\/#primaryimage"},"thumbnailUrl":"https:\/\/instytutpolski.pl\/bucuresti\/wp-content\/uploads\/sites\/11\/2020\/06\/PL_Institute_1_male.jpg","datePublished":"2020-06-01T08:19:00+00:00","dateModified":"2020-06-06T08:37:04+00:00","breadcrumb":{"@id":"https:\/\/instytutpolski.pl\/bucuresti\/declaratie-de-disponibilitate\/#breadcrumb"},"inLanguage":"pl-PL","potentialAction":[{"@type":"ReadAction","target":["https:\/\/instytutpolski.pl\/bucuresti\/declaratie-de-disponibilitate\/"]}]},{"@type":"ImageObject","inLanguage":"pl-PL","@id":"https:\/\/instytutpolski.pl\/bucuresti\/declaratie-de-disponibilitate\/#primaryimage","url":"https:\/\/instytutpolski.pl\/bucuresti\/wp-content\/uploads\/sites\/11\/2020\/06\/PL_Institute_1_male.jpg","contentUrl":"https:\/\/instytutpolski.pl\/bucuresti\/wp-content\/uploads\/sites\/11\/2020\/06\/PL_Institute_1_male.jpg","width":1641,"height":988,"caption":"Mediateka Instytutu Polskiego w Bukareszcie, fot. Agnieszka Skieterska"},{"@type":"BreadcrumbList","@id":"https:\/\/instytutpolski.pl\/bucuresti\/declaratie-de-disponibilitate\/#breadcrumb","itemListElement":[{"@type":"ListItem","position":1,"name":"Home","item":"https:\/\/instytutpolski.pl\/bucuresti\/"},{"@type":"ListItem","position":2,"name":"Declara\u0163ie de disponibilitate"}]},{"@type":"WebSite","@id":"https:\/\/instytutpolski.pl\/bucuresti\/#website","url":"https:\/\/instytutpolski.pl\/bucuresti\/","name":"Instytut Polski w Bukareszcie","description":"Instytuty Polskie","potentialAction":[{"@type":"SearchAction","target":{"@type":"EntryPoint","urlTemplate":"https:\/\/instytutpolski.pl\/bucuresti\/?s={search_term_string}"},"query-input":{"@type":"PropertyValueSpecification","valueRequired":true,"valueName":"search_term_string"}}],"inLanguage":"pl-PL"}]}},"_links":{"self":[{"href":"https:\/\/instytutpolski.pl\/bucuresti\/wp-json\/wp\/v2\/pages\/4337","targetHints":{"allow":["GET"]}}],"collection":[{"href":"https:\/\/instytutpolski.pl\/bucuresti\/wp-json\/wp\/v2\/pages"}],"about":[{"href":"https:\/\/instytutpolski.pl\/bucuresti\/wp-json\/wp\/v2\/types\/page"}],"author":[{"embeddable":true,"href":"https:\/\/instytutpolski.pl\/bucuresti\/wp-json\/wp\/v2\/users\/26"}],"replies":[{"embeddable":true,"href":"https:\/\/instytutpolski.pl\/bucuresti\/wp-json\/wp\/v2\/comments?post=4337"}],"version-history":[{"count":3,"href":"https:\/\/instytutpolski.pl\/bucuresti\/wp-json\/wp\/v2\/pages\/4337\/revisions"}],"predecessor-version":[{"id":4343,"href":"https:\/\/instytutpolski.pl\/bucuresti\/wp-json\/wp\/v2\/pages\/4337\/revisions\/4343"}],"wp:featuredmedia":[{"embeddable":true,"href":"https:\/\/instytutpolski.pl\/bucuresti\/wp-json\/wp\/v2\/media\/2791"}],"wp:attachment":[{"href":"https:\/\/instytutpolski.pl\/bucuresti\/wp-json\/wp\/v2\/media?parent=4337"}],"curies":[{"name":"wp","href":"https:\/\/api.w.org\/{rel}","templated":true}]}}