{"id":53,"date":"2019-06-05T19:23:56","date_gmt":"2019-06-05T17:23:56","guid":{"rendered":"https:\/\/instytutpolski.pl\/bukareszt\/?page_id=53"},"modified":"2020-05-08T10:10:37","modified_gmt":"2020-05-08T08:10:37","slug":"invata-polona-in-romania","status":"publish","type":"page","link":"https:\/\/instytutpolski.pl\/bucuresti\/invata-polona-in-romania\/","title":{"rendered":"\u00cenva\u0163\u0103 polona \u00een Rom\u00e2nia"},"content":{"rendered":"\n<div class=\"head\">\n<p>Limba polon\u0103 poate fi studiat\u0103 la Bucure\u015fti, Cluj, Ia\u015fi \u0219i Craiova.<\/p>\n<section class=\"post-image\"><\/section>\n<\/div>\n<p><u><strong>Bucure\u015f<\/strong><strong>ti<\/strong>:<\/u>&nbsp;Universitatea din Bucure\u015fti,&nbsp;<a href=\"http:\/\/lls.unibuc.ro\/\" target=\"_blank\" rel=\"noopener noreferrer\">Facultatea de Limbi \u015fi Literaturi Str\u0103ine<\/a>, Catedra de Limbi \u015fi Literaturi Slave, str. Pitar Mo\u015f nr. 7-13, tel.: 021 313 88 75.&nbsp;<\/p>\n<p>Dac\u0103 sunte\u0163i interesa\u0163i s\u0103 \u00eenv\u0103\u0163a\u0163i limba polon\u0103, indiferent de v\u00e2rst\u0103 \u015fi profesie,&nbsp;<strong>Institutul Polonez din Bucure\u015fti, \u00een colaborare cu&nbsp;Catedra de Limbi \u015fi Literaturi Slave&nbsp;<\/strong>a Universit\u0103\u0163ii din Bucure\u015fti, organizeaz\u0103 un curs de limba polon\u0103 sus\u0163inut de dna lector&nbsp;Justyna Szczepaniak. Cursul se desf\u0103\u015foar\u0103 pe parcursul anului universitar, dup\u0103 amiaza. Informa\u0163ii detaliate se pot ob\u0163ine la num\u0103rul de telefon 021 22 44 556,&nbsp;email: bucuresti[at]instytutpolski.org&nbsp;<\/p>\n<p><u>\u200b<strong>Cluj-Napoca<\/strong>:<\/u>&nbsp;Universitatea \u201eBabe\u015f-Bolyai\u201d, Facultatea de Filologie, Catedra de Filologie Slav\u0103, str. Theodor Mihali nr. 58-60, tel.: 0264 418 652 \u015fi&nbsp;<a href=\"https:\/\/www.facebook.com\/CentrulDeCulturaSiLimbaPoloneza\" target=\"_blank\" rel=\"noopener noreferrer\">Centrul de Limb\u0103 \u015fi Cultur\u0103 Polonez\u0103<\/a>.&nbsp;Centrul de Limb\u0103 \u015fi Cultur\u0103 Polonez\u0103 din Cluj-Napoca organizeaz\u0103 suplimentar un lectorat de limb\u0103 \u015fi literatur\u0103 polon\u0103 dedicat studen\u0163ilor Universit\u0103\u0163ii Babe\u015f-Bolyai, de la toate facult\u0103\u0163ile \u015fi specializ\u0103rile. Este un lectorat pentru \u00eencep\u0103tori. Centrul de Limb\u0103 \u015fi Cultur\u0103 Polonez\u0103: str. Mo\u021bilor nr. 11, et. 4, sala 400, 401, tel.: 0264 418 655, int. 5863, email:&nbsp;polska.cluj[at]yahoo.com.<\/p>\n<p><strong><u>Ia\u015fi:<\/u>&nbsp;<\/strong>Universitatea \u201eAlexandru Ioan Cuza\u201d,<a href=\"http:\/\/media.lit.uaic.ro\/\" target=\"_blank\" rel=\"noopener noreferrer\">&nbsp;Facultatea de Litere, Catedra de Slavistic\u0103 \u201ePetru Caraman\u201d<\/a>,&nbsp;Lectoratul de Limba Polon\u0103, Bulevardul Carol I nr. 11, tel.: 0232 201 052,&nbsp;email: lectoratpolonezuaic[at]gmail.com<\/p>\n<p><u><strong>Craiova<\/strong><\/u>: Universitatea de la Craiova,&nbsp;<a href=\"https:\/\/www.facebook.com\/Centrul-de-Limb%C4%83-%C5%9Fi-Cultur%C4%83-Polonez%C4%83-Craiova-1471656343055518\/?ref=br_rs\" target=\"_blank\" rel=\"noopener noreferrer\">Centrul de Limb\u0103 \u015fi Cultur\u0103 Polonez\u0103 Craiova<\/a>,&nbsp;Biblioteca Universit\u0103\u021bii, str. Tehnicii, Cartierul L\u0103pu\u015f,&nbsp;email: clcp_craiova[at]yahoo.com<\/p>\n\n\n\n<figure class=\"wp-block-embed-youtube wp-block-embed is-type-video is-provider-youtube wp-embed-aspect-16-9 wp-has-aspect-ratio\"><div class=\"wp-block-embed__wrapper\">\nhttps:\/\/youtu.be\/gIjer0686yA\n<\/div><\/figure>\n\n\n\n<p>Cursuri de limb\u0103 polon\u0103 organizeaz\u0103 \u015fi c\u00e2teva \u015fcoli private de limbi str\u0103ine din Bucure\u015fti:<\/p>\n<ul>\n<li><strong><a href=\"http:\/\/centrul-ariel.ro\/\" target=\"_blank\" rel=\"noopener noreferrer\">Ariel<\/a><\/strong>\u00a0\u2013<strong>\u00a0<\/strong>Centrul de limbi str\u0103ine\u00a0Ariel:\u00a0str. Pitar Mo\u015f nr. 7-13, sector 1, Bucure\u015fti, tel.: 021\u00a0312 85 16.<\/li>\n<li><a href=\"http:\/\/www.fidescentre.ro\/\" target=\"_blank\" rel=\"noopener noreferrer\"><strong>Fides<\/strong><\/a>\u00a0\u2013 Centrul de Limbi Str\u0103ine: Pia\u0163a Rosetti, Bulevardul Hristo Botev nr. 1, tel.: 021 313 47 45.<\/li>\n<li><a href=\"http:\/\/www.theecho.ro\/\" target=\"_blank\" rel=\"noopener noreferrer\"><strong>Echo<\/strong><\/a>\u00a0\u2013 \u015ecoala de Limbi Str\u0103ine: str. Pache Protopopescu nr. 56, tel.: 021 253 22 55.<\/li>\n<li><a href=\"http:\/\/www.bell-bucharest.ro\/\" target=\"_blank\" rel=\"noopener noreferrer\"><strong>Bell Bucharest<\/strong><\/a>\u00a0 \u2013 str. Ciprian Porumbescu nr. 10, tel.: 021 539 58 88.<\/li>\n<li>Universitatea Popular\u0103\u00a0\u00a0\u201e<a href=\"http:\/\/www.updalles.ro\/cursuri\/limbi-straine\/cursuri-de-limbi-straine\/\" target=\"_blank\" rel=\"noopener noreferrer\"><strong>Ion I. Dalles<\/strong><\/a>\u201d \u2013 Bd. Nicolae B\u0103lcescu nr. 18, sector 1, Bucure\u015fti, tel.: 021 314 40 78.<\/li>\n<\/ul>\n<p>Cursuri organizeaz\u0103 de asemenea\u00a0<strong>Uniunea Polonezilor din Rom\u00e2nia &#8211; Dom Polski<\/strong>\u00a0din\u00a0<strong>Suceava<\/strong>\u00a0\u015fi\u00a0<strong>Bucure\u015fti<\/strong>. Informa\u0163ii detaliate se pot g\u0103si la adresa web:\u00a0<a href=\"http:\/\/www.dompolski.ro\/\" target=\"_blank\" rel=\"noopener noreferrer\">www.dompolski.ro<\/a>.<\/p>\n","protected":false},"excerpt":{"rendered":"<p>Limba polon\u0103 poate fi studiat\u0103 la Bucure\u015fti, Cluj, Ia\u015fi \u0219i Craiova. Bucure\u015fti:&nbsp;Universitatea din Bucure\u015fti,&nbsp;Facultatea de Limbi \u015fi Literaturi Str\u0103ine, Catedra de Limbi \u015fi Literaturi Slave, str. Pitar Mo\u015f nr. 7-13, tel.: 021 313 88 75.&nbsp; Dac\u0103 sunte\u0163i interesa\u0163i s\u0103 \u00eenv\u0103\u0163a\u0163i limba polon\u0103, indiferent de v\u00e2rst\u0103 \u015fi profesie,&nbsp;Institutul Polonez din Bucure\u015fti, \u00een colaborare cu&nbsp;Catedra de Limbi [&hellip;]<\/p>\n","protected":false},"author":1,"featured_media":0,"parent":0,"menu_order":0,"comment_status":"closed","ping_status":"closed","template":"","meta":{"inline_featured_image":false,"_monsterinsights_skip_tracking":false,"_monsterinsights_sitenote_active":false,"_monsterinsights_sitenote_note":"","_monsterinsights_sitenote_category":0,"footnotes":""},"class_list":["post-53","page","type-page","status-publish","hentry"],"yoast_head":"<!-- This site is optimized with the Yoast SEO plugin v24.6 - https:\/\/yoast.com\/wordpress\/plugins\/seo\/ -->\n<title>\u00cenva\u0163\u0103 polona \u00een Rom\u00e2nia - Instytut Polski w Bukareszcie<\/title>\n<meta name=\"robots\" content=\"index, follow, max-snippet:-1, max-image-preview:large, max-video-preview:-1\" \/>\n<link rel=\"canonical\" href=\"https:\/\/instytutpolski.pl\/bucuresti\/invata-polona-in-romania\/\" \/>\n<meta property=\"og:locale\" content=\"pl_PL\" \/>\n<meta property=\"og:type\" content=\"article\" \/>\n<meta property=\"og:title\" content=\"\u00cenva\u0163\u0103 polona \u00een Rom\u00e2nia - Instytut Polski w Bukareszcie\" \/>\n<meta property=\"og:description\" content=\"Limba polon\u0103 poate fi studiat\u0103 la Bucure\u015fti, Cluj, Ia\u015fi \u0219i Craiova. Bucure\u015fti:&nbsp;Universitatea din Bucure\u015fti,&nbsp;Facultatea de Limbi \u015fi Literaturi Str\u0103ine, Catedra de Limbi \u015fi Literaturi Slave, str. Pitar Mo\u015f nr. 7-13, tel.: 021 313 88 75.&nbsp; Dac\u0103 sunte\u0163i interesa\u0163i s\u0103 \u00eenv\u0103\u0163a\u0163i limba polon\u0103, indiferent de v\u00e2rst\u0103 \u015fi profesie,&nbsp;Institutul Polonez din Bucure\u015fti, \u00een colaborare cu&nbsp;Catedra de Limbi [&hellip;]\" \/>\n<meta property=\"og:url\" content=\"https:\/\/instytutpolski.pl\/bucuresti\/invata-polona-in-romania\/\" \/>\n<meta property=\"og:site_name\" content=\"Instytut Polski w Bukareszcie\" \/>\n<meta property=\"article:modified_time\" content=\"2020-05-08T08:10:37+00:00\" \/>\n<meta name=\"twitter:card\" content=\"summary_large_image\" \/>\n<meta name=\"twitter:label1\" content=\"Szacowany czas czytania\" \/>\n\t<meta name=\"twitter:data1\" content=\"2 minuty\" \/>\n<script type=\"application\/ld+json\" class=\"yoast-schema-graph\">{\"@context\":\"https:\/\/schema.org\",\"@graph\":[{\"@type\":\"WebPage\",\"@id\":\"https:\/\/instytutpolski.pl\/bucuresti\/invata-polona-in-romania\/\",\"url\":\"https:\/\/instytutpolski.pl\/bucuresti\/invata-polona-in-romania\/\",\"name\":\"\u00cenva\u0163\u0103 polona \u00een Rom\u00e2nia - Instytut Polski w Bukareszcie\",\"isPartOf\":{\"@id\":\"https:\/\/instytutpolski.pl\/bucuresti\/#website\"},\"datePublished\":\"2019-06-05T17:23:56+00:00\",\"dateModified\":\"2020-05-08T08:10:37+00:00\",\"breadcrumb\":{\"@id\":\"https:\/\/instytutpolski.pl\/bucuresti\/invata-polona-in-romania\/#breadcrumb\"},\"inLanguage\":\"pl-PL\",\"potentialAction\":[{\"@type\":\"ReadAction\",\"target\":[\"https:\/\/instytutpolski.pl\/bucuresti\/invata-polona-in-romania\/\"]}]},{\"@type\":\"BreadcrumbList\",\"@id\":\"https:\/\/instytutpolski.pl\/bucuresti\/invata-polona-in-romania\/#breadcrumb\",\"itemListElement\":[{\"@type\":\"ListItem\",\"position\":1,\"name\":\"Home\",\"item\":\"https:\/\/instytutpolski.pl\/bucuresti\/\"},{\"@type\":\"ListItem\",\"position\":2,\"name\":\"\u00cenva\u0163\u0103 polona \u00een Rom\u00e2nia\"}]},{\"@type\":\"WebSite\",\"@id\":\"https:\/\/instytutpolski.pl\/bucuresti\/#website\",\"url\":\"https:\/\/instytutpolski.pl\/bucuresti\/\",\"name\":\"Instytut Polski w Bukareszcie\",\"description\":\"Instytuty Polskie\",\"potentialAction\":[{\"@type\":\"SearchAction\",\"target\":{\"@type\":\"EntryPoint\",\"urlTemplate\":\"https:\/\/instytutpolski.pl\/bucuresti\/?s={search_term_string}\"},\"query-input\":{\"@type\":\"PropertyValueSpecification\",\"valueRequired\":true,\"valueName\":\"search_term_string\"}}],\"inLanguage\":\"pl-PL\"}]}<\/script>\n<!-- \/ Yoast SEO plugin. -->","yoast_head_json":{"title":"\u00cenva\u0163\u0103 polona \u00een Rom\u00e2nia - Instytut Polski w Bukareszcie","robots":{"index":"index","follow":"follow","max-snippet":"max-snippet:-1","max-image-preview":"max-image-preview:large","max-video-preview":"max-video-preview:-1"},"canonical":"https:\/\/instytutpolski.pl\/bucuresti\/invata-polona-in-romania\/","og_locale":"pl_PL","og_type":"article","og_title":"\u00cenva\u0163\u0103 polona \u00een Rom\u00e2nia - Instytut Polski w Bukareszcie","og_description":"Limba polon\u0103 poate fi studiat\u0103 la Bucure\u015fti, Cluj, Ia\u015fi \u0219i Craiova. Bucure\u015fti:&nbsp;Universitatea din Bucure\u015fti,&nbsp;Facultatea de Limbi \u015fi Literaturi Str\u0103ine, Catedra de Limbi \u015fi Literaturi Slave, str. Pitar Mo\u015f nr. 7-13, tel.: 021 313 88 75.&nbsp; Dac\u0103 sunte\u0163i interesa\u0163i s\u0103 \u00eenv\u0103\u0163a\u0163i limba polon\u0103, indiferent de v\u00e2rst\u0103 \u015fi profesie,&nbsp;Institutul Polonez din Bucure\u015fti, \u00een colaborare cu&nbsp;Catedra de Limbi [&hellip;]","og_url":"https:\/\/instytutpolski.pl\/bucuresti\/invata-polona-in-romania\/","og_site_name":"Instytut Polski w Bukareszcie","article_modified_time":"2020-05-08T08:10:37+00:00","twitter_card":"summary_large_image","twitter_misc":{"Szacowany czas czytania":"2 minuty"},"schema":{"@context":"https:\/\/schema.org","@graph":[{"@type":"WebPage","@id":"https:\/\/instytutpolski.pl\/bucuresti\/invata-polona-in-romania\/","url":"https:\/\/instytutpolski.pl\/bucuresti\/invata-polona-in-romania\/","name":"\u00cenva\u0163\u0103 polona \u00een Rom\u00e2nia - Instytut Polski w Bukareszcie","isPartOf":{"@id":"https:\/\/instytutpolski.pl\/bucuresti\/#website"},"datePublished":"2019-06-05T17:23:56+00:00","dateModified":"2020-05-08T08:10:37+00:00","breadcrumb":{"@id":"https:\/\/instytutpolski.pl\/bucuresti\/invata-polona-in-romania\/#breadcrumb"},"inLanguage":"pl-PL","potentialAction":[{"@type":"ReadAction","target":["https:\/\/instytutpolski.pl\/bucuresti\/invata-polona-in-romania\/"]}]},{"@type":"BreadcrumbList","@id":"https:\/\/instytutpolski.pl\/bucuresti\/invata-polona-in-romania\/#breadcrumb","itemListElement":[{"@type":"ListItem","position":1,"name":"Home","item":"https:\/\/instytutpolski.pl\/bucuresti\/"},{"@type":"ListItem","position":2,"name":"\u00cenva\u0163\u0103 polona \u00een Rom\u00e2nia"}]},{"@type":"WebSite","@id":"https:\/\/instytutpolski.pl\/bucuresti\/#website","url":"https:\/\/instytutpolski.pl\/bucuresti\/","name":"Instytut Polski w Bukareszcie","description":"Instytuty Polskie","potentialAction":[{"@type":"SearchAction","target":{"@type":"EntryPoint","urlTemplate":"https:\/\/instytutpolski.pl\/bucuresti\/?s={search_term_string}"},"query-input":{"@type":"PropertyValueSpecification","valueRequired":true,"valueName":"search_term_string"}}],"inLanguage":"pl-PL"}]}},"_links":{"self":[{"href":"https:\/\/instytutpolski.pl\/bucuresti\/wp-json\/wp\/v2\/pages\/53","targetHints":{"allow":["GET"]}}],"collection":[{"href":"https:\/\/instytutpolski.pl\/bucuresti\/wp-json\/wp\/v2\/pages"}],"about":[{"href":"https:\/\/instytutpolski.pl\/bucuresti\/wp-json\/wp\/v2\/types\/page"}],"author":[{"embeddable":true,"href":"https:\/\/instytutpolski.pl\/bucuresti\/wp-json\/wp\/v2\/users\/1"}],"replies":[{"embeddable":true,"href":"https:\/\/instytutpolski.pl\/bucuresti\/wp-json\/wp\/v2\/comments?post=53"}],"version-history":[{"count":2,"href":"https:\/\/instytutpolski.pl\/bucuresti\/wp-json\/wp\/v2\/pages\/53\/revisions"}],"predecessor-version":[{"id":1265,"href":"https:\/\/instytutpolski.pl\/bucuresti\/wp-json\/wp\/v2\/pages\/53\/revisions\/1265"}],"wp:attachment":[{"href":"https:\/\/instytutpolski.pl\/bucuresti\/wp-json\/wp\/v2\/media?parent=53"}],"curies":[{"name":"wp","href":"https:\/\/api.w.org\/{rel}","templated":true}]}}