{"id":55,"date":"2019-06-05T19:23:56","date_gmt":"2019-06-05T17:23:56","guid":{"rendered":"https:\/\/instytutpolski.pl\/bukareszt\/?page_id=55"},"modified":"2019-06-05T19:29:06","modified_gmt":"2019-06-05T17:29:06","slug":"jezyk-polski-w-rumunii","status":"publish","type":"page","link":"https:\/\/instytutpolski.pl\/bucuresti\/pl\/jezyk-polski-w-rumunii\/","title":{"rendered":"J\u0119zyk polski w Rumunii"},"content":{"rendered":"\n<div class=\"head\">\n<div class=\"head\">\n<p>J\u0119zyk polski mo\u017cna studiowa\u0107 w Rumunii na uniwersytetach w Bukareszcie, Klu\u017cu i Jassach. Na kursy j\u0119zyka polskiego mo\u017cna ucz\u0119szcza\u0107 tak\u017ce w kilku innych miastach Rumunii.<\/p>\n<section class=\"post-image\"><\/section>\n<\/div>\n<ul>\n<li><strong>Bukareszt<\/strong>: Uniwersytet Bukareszte\u0144ski,\u00a0<a href=\"http:\/\/www.limbi-straine.ro\/\" target=\"_blank\" rel=\"noopener noreferrer\">Wydzia\u0142 J\u0119zyk\u00f3w i Literatur Obcych<\/a>, Katedra J\u0119zyk\u00f3w i Literatur S\u0142owia\u0144skich, str. Pitar Mo\u015f 7-13, tel.: +40 21 313 88 75.<\/li>\n<li><strong>Jassy<\/strong>: Uniwersytet im. Alexandru Ioana Cuzy, Wydzia\u0142 Filologiczny, Katedra Slawistyki im. Petru Caramana,\u00a0<a href=\"http:\/\/letters.uaic.ro\/\" target=\"_blank\" rel=\"noopener noreferrer\">Lektorat J\u0119zyka Polskiego<\/a>, Bd. Carol I 11, Jassy, tel.: +40 23 22 01 052<\/li>\n<li><strong>Klu\u017c<\/strong>: Uniwersytet im. Babe\u015fa i Bolyai, Wydzia\u0142 Filologiczny,\u00a0<a href=\"http:\/\/www.centrul.polonez.ubbcluj.ro\/\" target=\"_blank\" rel=\"noopener noreferrer\">Katedra Filologii S\u0142owia\u0144skiej<\/a>, str. Mo\u021bilor nr. 11, pi\u0119tro\u00a04, sala 400, 401, tel.: +40 26 44 18 652<\/li>\n<\/ul>\n<p>Lektorat\u00a0j\u0119zyka polskiego dla student\u00f3w innych wydzia\u0142\u00f3w Uniwersytetu Bukareszte\u0144skiego prowadzi\u00a0<a href=\"http:\/\/www.centrul-ariel.ro\/\" target=\"_blank\" rel=\"noopener noreferrer\">Centrum J\u0119zyk\u00f3w Obcych\u00a0<\/a><a href=\"http:\/\/www.centrul-ariel.ro\/\" target=\"_blank\" rel=\"noopener noreferrer\"><strong>Ariel<\/strong>\u00a0<\/a>&#8211;\u00a0 str. Pitar Mo\u015f 7-13, sektor 1, tel.: +40 21\u00a0312 85 16.<\/p>\n<p>Centrum J\u0119zyka i Kultury Polskiej \u00a0w Klu\u017cu organizuje dodatkowo kursy j\u0119zyka polskiego dla student\u00f3w wszystkich wydzia\u0142\u00f3w Uniwersytetu im. Babe\u015fa-Bolyai. Centrum J\u0119zyka i Kultury Polskiej: str. Mo\u021bilor nr. 11, pi\u0119tro\u00a04, sala 400, 401, tel.: +40 26 44 18 655 wew. 5863, email:\u00a0<a href=\"mailto:polska.cluj@yahoo.com\">polska.cluj@yahoo.com<\/a>,\u00a0<a href=\"https:\/\/www.facebook.com\/CentrulDeCulturaSiLimbaPoloneza\/\" target=\"_blank\" rel=\"noopener noreferrer\">strona na FB &gt;&gt;&gt;<\/a><\/p>\n<p>Na Uniwrsytecie w Krajowej dzia\u0142a\u00a0Centrum J\u0119zyka i Kultury Polskiej, Biblioteca Universit\u0103\u021bii, str. Tehnicii, Cartierul L\u0103pu\u015f, tel.: 0251.41.44.68,\u00a0<a href=\"https:\/\/www.facebook.com\/Centrul-de-Limb%C4%83-%C5%9Fi-Cultur%C4%83-Polonez%C4%83-Craiova-1471656343055518\/\" target=\"_blank\" rel=\"noopener noreferrer\">strona na FB &gt;&gt;&gt;<\/a><\/p>\n<ul>\n<li>Dla wszystkich zainteresowanych nauk\u0105 j\u0119zyka polskiego, niezale\u017cnie od wieku i zawodu, Instytut Polski w Bukareszcie, we wsp\u00f3\u0142pracy z Katedr\u0105 J\u0119zyk\u00f3w i Literatur S\u0142owia\u0144skich Uniwersytetu w Bukareszcie organizuje corocznie kursy j\u0119zyka polskiego, prowadzone obecnie przez p. lektor Justyn\u0119 Szczepaniak. Kursy na trzech poziomach zaawansowania odbywaj\u0105 si\u0119 wieczorami, w trakcie roku akademickiego. Szczeg\u00f3\u0142owe informacje mo\u017cna otrzyma\u0107 pod numerem telefonu +40 21 22 44 556.<\/li>\n<\/ul>\n<p>Kursy j\u0119zyka polskiego oferuj\u0105 tak\u017ce prywatne szko\u0142y j\u0119zyk\u00f3w obcych w Bukareszcie:<\/p>\n<ul>\n<li><a href=\"http:\/\/www.fidescentre.ro\/\" target=\"_blank\" rel=\"noopener noreferrer\"><strong>Fides<\/strong><\/a>\u00a0\u2013 Centrum J\u0119zyk\u00f3w Obcych: Pia\u0163a Rosetti, Bd. Hristo Botev 1, tel.: +40 21 313 47 45.<\/li>\n<li><a href=\"http:\/\/www.theecho.ro\/\" target=\"_blank\" rel=\"noopener noreferrer\"><strong>Echo<\/strong><\/a>\u00a0\u2013 Szko\u0142a J\u0119zyk\u00f3w Obcych: str. Pache Protopopescu 56, tel.: +40 21 253 22 55;<\/li>\n<li><a href=\"http:\/\/www.bell-bucharest.ro\/\" target=\"_blank\" rel=\"noopener noreferrer\"><strong>Bell Bucharest<\/strong><\/a>\u00a0&#8211; str. Ciprian Porumbescu 10, tel.: +40 21 539 58 88<\/li>\n<li><a href=\"http:\/\/www.updalles.ro\/cursuri\/limbi-straine\/cursuri-de-limbi-straine\/\" target=\"_blank\" rel=\"noopener noreferrer\">Uniwersytet Ludowy im.\u00a0<strong>Iona I. Dalles<\/strong><\/a>\u00a0\u2013 Bd. Nicolae B\u0103lcescu 18, Sektor 1 Bukareszt, tel.: +40 21\u00a0314 40 78<\/li>\n<\/ul>\n<p>Kursy organizuje tak\u017ce\u00a0<strong>Zwi\u0105zek Polak\u00f3w w Rumunii &#8211; Dom Polski<\/strong>\u00a0w\u00a0<strong>Suczawie<\/strong>\u00a0i\u00a0<strong>Bukareszcie<\/strong>. Szczeg\u00f3\u0142owe informacje s\u0105 dost\u0119pne na stronie:\u00a0<a href=\"http:\/\/www.dompolski.ro\/\" target=\"_blank\" rel=\"noopener noreferrer\">www.dompolski.ro<\/a><\/p>\n<\/div>\n","protected":false},"excerpt":{"rendered":"<p>J\u0119zyk polski mo\u017cna studiowa\u0107 w Rumunii na uniwersytetach w Bukareszcie, Klu\u017cu i Jassach. Na kursy j\u0119zyka polskiego mo\u017cna ucz\u0119szcza\u0107 tak\u017ce w kilku innych miastach Rumunii. Bukareszt: Uniwersytet Bukareszte\u0144ski,\u00a0Wydzia\u0142 J\u0119zyk\u00f3w i Literatur Obcych, Katedra J\u0119zyk\u00f3w i Literatur S\u0142owia\u0144skich, str. Pitar Mo\u015f 7-13, tel.: +40 21 313 88 75. Jassy: Uniwersytet im. Alexandru Ioana Cuzy, Wydzia\u0142 Filologiczny, [&hellip;]<\/p>\n","protected":false},"author":1,"featured_media":0,"parent":0,"menu_order":0,"comment_status":"closed","ping_status":"closed","template":"","meta":{"inline_featured_image":false,"_monsterinsights_skip_tracking":false,"_monsterinsights_sitenote_active":false,"_monsterinsights_sitenote_note":"","_monsterinsights_sitenote_category":0,"footnotes":""},"class_list":["post-55","page","type-page","status-publish","hentry"],"yoast_head":"<!-- This site is optimized with the Yoast SEO plugin v24.6 - https:\/\/yoast.com\/wordpress\/plugins\/seo\/ -->\n<title>J\u0119zyk polski w Rumunii - Instytut Polski w Bukareszcie<\/title>\n<meta name=\"robots\" content=\"index, follow, max-snippet:-1, max-image-preview:large, max-video-preview:-1\" \/>\n<link rel=\"canonical\" href=\"https:\/\/instytutpolski.pl\/bucuresti\/pl\/jezyk-polski-w-rumunii\/\" \/>\n<meta property=\"og:locale\" content=\"pl_PL\" \/>\n<meta property=\"og:type\" content=\"article\" \/>\n<meta property=\"og:title\" content=\"J\u0119zyk polski w Rumunii - Instytut Polski w Bukareszcie\" \/>\n<meta property=\"og:description\" content=\"J\u0119zyk polski mo\u017cna studiowa\u0107 w Rumunii na uniwersytetach w Bukareszcie, Klu\u017cu i Jassach. Na kursy j\u0119zyka polskiego mo\u017cna ucz\u0119szcza\u0107 tak\u017ce w kilku innych miastach Rumunii. Bukareszt: Uniwersytet Bukareszte\u0144ski,\u00a0Wydzia\u0142 J\u0119zyk\u00f3w i Literatur Obcych, Katedra J\u0119zyk\u00f3w i Literatur S\u0142owia\u0144skich, str. Pitar Mo\u015f 7-13, tel.: +40 21 313 88 75. Jassy: Uniwersytet im. Alexandru Ioana Cuzy, Wydzia\u0142 Filologiczny, [&hellip;]\" \/>\n<meta property=\"og:url\" content=\"https:\/\/instytutpolski.pl\/bucuresti\/pl\/jezyk-polski-w-rumunii\/\" \/>\n<meta property=\"og:site_name\" content=\"Instytut Polski w Bukareszcie\" \/>\n<meta property=\"article:modified_time\" content=\"2019-06-05T17:29:06+00:00\" \/>\n<meta name=\"twitter:card\" content=\"summary_large_image\" \/>\n<meta name=\"twitter:label1\" content=\"Szacowany czas czytania\" \/>\n\t<meta name=\"twitter:data1\" content=\"2 minuty\" \/>\n<script type=\"application\/ld+json\" class=\"yoast-schema-graph\">{\"@context\":\"https:\/\/schema.org\",\"@graph\":[{\"@type\":\"WebPage\",\"@id\":\"https:\/\/instytutpolski.pl\/bucuresti\/pl\/jezyk-polski-w-rumunii\/\",\"url\":\"https:\/\/instytutpolski.pl\/bucuresti\/pl\/jezyk-polski-w-rumunii\/\",\"name\":\"J\u0119zyk polski w Rumunii - Instytut Polski w Bukareszcie\",\"isPartOf\":{\"@id\":\"https:\/\/instytutpolski.pl\/bucuresti\/#website\"},\"datePublished\":\"2019-06-05T17:23:56+00:00\",\"dateModified\":\"2019-06-05T17:29:06+00:00\",\"breadcrumb\":{\"@id\":\"https:\/\/instytutpolski.pl\/bucuresti\/pl\/jezyk-polski-w-rumunii\/#breadcrumb\"},\"inLanguage\":\"pl-PL\",\"potentialAction\":[{\"@type\":\"ReadAction\",\"target\":[\"https:\/\/instytutpolski.pl\/bucuresti\/pl\/jezyk-polski-w-rumunii\/\"]}]},{\"@type\":\"BreadcrumbList\",\"@id\":\"https:\/\/instytutpolski.pl\/bucuresti\/pl\/jezyk-polski-w-rumunii\/#breadcrumb\",\"itemListElement\":[{\"@type\":\"ListItem\",\"position\":1,\"name\":\"Home\",\"item\":\"https:\/\/instytutpolski.pl\/bucuresti\/\"},{\"@type\":\"ListItem\",\"position\":2,\"name\":\"J\u0119zyk polski w Rumunii\"}]},{\"@type\":\"WebSite\",\"@id\":\"https:\/\/instytutpolski.pl\/bucuresti\/#website\",\"url\":\"https:\/\/instytutpolski.pl\/bucuresti\/\",\"name\":\"Instytut Polski w Bukareszcie\",\"description\":\"Instytuty Polskie\",\"potentialAction\":[{\"@type\":\"SearchAction\",\"target\":{\"@type\":\"EntryPoint\",\"urlTemplate\":\"https:\/\/instytutpolski.pl\/bucuresti\/?s={search_term_string}\"},\"query-input\":{\"@type\":\"PropertyValueSpecification\",\"valueRequired\":true,\"valueName\":\"search_term_string\"}}],\"inLanguage\":\"pl-PL\"}]}<\/script>\n<!-- \/ Yoast SEO plugin. -->","yoast_head_json":{"title":"J\u0119zyk polski w Rumunii - Instytut Polski w Bukareszcie","robots":{"index":"index","follow":"follow","max-snippet":"max-snippet:-1","max-image-preview":"max-image-preview:large","max-video-preview":"max-video-preview:-1"},"canonical":"https:\/\/instytutpolski.pl\/bucuresti\/pl\/jezyk-polski-w-rumunii\/","og_locale":"pl_PL","og_type":"article","og_title":"J\u0119zyk polski w Rumunii - Instytut Polski w Bukareszcie","og_description":"J\u0119zyk polski mo\u017cna studiowa\u0107 w Rumunii na uniwersytetach w Bukareszcie, Klu\u017cu i Jassach. Na kursy j\u0119zyka polskiego mo\u017cna ucz\u0119szcza\u0107 tak\u017ce w kilku innych miastach Rumunii. Bukareszt: Uniwersytet Bukareszte\u0144ski,\u00a0Wydzia\u0142 J\u0119zyk\u00f3w i Literatur Obcych, Katedra J\u0119zyk\u00f3w i Literatur S\u0142owia\u0144skich, str. Pitar Mo\u015f 7-13, tel.: +40 21 313 88 75. Jassy: Uniwersytet im. Alexandru Ioana Cuzy, Wydzia\u0142 Filologiczny, [&hellip;]","og_url":"https:\/\/instytutpolski.pl\/bucuresti\/pl\/jezyk-polski-w-rumunii\/","og_site_name":"Instytut Polski w Bukareszcie","article_modified_time":"2019-06-05T17:29:06+00:00","twitter_card":"summary_large_image","twitter_misc":{"Szacowany czas czytania":"2 minuty"},"schema":{"@context":"https:\/\/schema.org","@graph":[{"@type":"WebPage","@id":"https:\/\/instytutpolski.pl\/bucuresti\/pl\/jezyk-polski-w-rumunii\/","url":"https:\/\/instytutpolski.pl\/bucuresti\/pl\/jezyk-polski-w-rumunii\/","name":"J\u0119zyk polski w Rumunii - Instytut Polski w Bukareszcie","isPartOf":{"@id":"https:\/\/instytutpolski.pl\/bucuresti\/#website"},"datePublished":"2019-06-05T17:23:56+00:00","dateModified":"2019-06-05T17:29:06+00:00","breadcrumb":{"@id":"https:\/\/instytutpolski.pl\/bucuresti\/pl\/jezyk-polski-w-rumunii\/#breadcrumb"},"inLanguage":"pl-PL","potentialAction":[{"@type":"ReadAction","target":["https:\/\/instytutpolski.pl\/bucuresti\/pl\/jezyk-polski-w-rumunii\/"]}]},{"@type":"BreadcrumbList","@id":"https:\/\/instytutpolski.pl\/bucuresti\/pl\/jezyk-polski-w-rumunii\/#breadcrumb","itemListElement":[{"@type":"ListItem","position":1,"name":"Home","item":"https:\/\/instytutpolski.pl\/bucuresti\/"},{"@type":"ListItem","position":2,"name":"J\u0119zyk polski w Rumunii"}]},{"@type":"WebSite","@id":"https:\/\/instytutpolski.pl\/bucuresti\/#website","url":"https:\/\/instytutpolski.pl\/bucuresti\/","name":"Instytut Polski w Bukareszcie","description":"Instytuty Polskie","potentialAction":[{"@type":"SearchAction","target":{"@type":"EntryPoint","urlTemplate":"https:\/\/instytutpolski.pl\/bucuresti\/?s={search_term_string}"},"query-input":{"@type":"PropertyValueSpecification","valueRequired":true,"valueName":"search_term_string"}}],"inLanguage":"pl-PL"}]}},"_links":{"self":[{"href":"https:\/\/instytutpolski.pl\/bucuresti\/wp-json\/wp\/v2\/pages\/55","targetHints":{"allow":["GET"]}}],"collection":[{"href":"https:\/\/instytutpolski.pl\/bucuresti\/wp-json\/wp\/v2\/pages"}],"about":[{"href":"https:\/\/instytutpolski.pl\/bucuresti\/wp-json\/wp\/v2\/types\/page"}],"author":[{"embeddable":true,"href":"https:\/\/instytutpolski.pl\/bucuresti\/wp-json\/wp\/v2\/users\/1"}],"replies":[{"embeddable":true,"href":"https:\/\/instytutpolski.pl\/bucuresti\/wp-json\/wp\/v2\/comments?post=55"}],"version-history":[{"count":1,"href":"https:\/\/instytutpolski.pl\/bucuresti\/wp-json\/wp\/v2\/pages\/55\/revisions"}],"predecessor-version":[{"id":56,"href":"https:\/\/instytutpolski.pl\/bucuresti\/wp-json\/wp\/v2\/pages\/55\/revisions\/56"}],"wp:attachment":[{"href":"https:\/\/instytutpolski.pl\/bucuresti\/wp-json\/wp\/v2\/media?parent=55"}],"curies":[{"name":"wp","href":"https:\/\/api.w.org\/{rel}","templated":true}]}}