{"id":59,"date":"2019-06-05T20:14:30","date_gmt":"2019-06-05T18:14:30","guid":{"rendered":"https:\/\/instytutpolski.pl\/bukareszt\/?page_id=59"},"modified":"2019-06-05T20:14:32","modified_gmt":"2019-06-05T18:14:32","slug":"daca-vrei-sa-studiezi-in-polonia","status":"publish","type":"page","link":"https:\/\/instytutpolski.pl\/bucuresti\/daca-vrei-sa-studiezi-in-polonia\/","title":{"rendered":"Dac\u0103 vrei s\u0103 studiezi \u00een Polonia"},"content":{"rendered":"\n<p>O limb\u0103 str\u0103in\u0103 cel mai u\u015for se \u00eenva\u0163\u0103, evident, \u00een \u0163ara ei. Iar universit\u0103\u0163ile poloneze ofer\u0103 o gam\u0103 larg\u0103 de cursuri pentru str\u0103ini.<\/p>\n<p>Pentru rom\u00e2nii interesa\u0163i s\u0103 studieze limba polon\u0103 \u00een Polonia, recomand\u0103m centrele de predare a limbii polone din cadrul celor mai importante universit\u0103\u021bi de stat poloneze, \u0219i anume:<\/p>\n<ul>\n<li>Center of Teaching of Polish for Foreigners, Universitatea \u201eKazimierz Wielki\u201d din Bydgoszcz \u2022\u00a0<strong><em><a href=\"http:\/\/www.ukw.edu.pl\/\" target=\"_blank\" rel=\"noopener noreferrer\"><u>www.ukw.edu.pl<\/u><\/a><\/em><\/strong><\/li>\n<li>School of Polish Language and Culture, Universitatea\u00a0Silesian\u0103, Katowice \u2022\u00a0<strong><em><a href=\"http:\/\/www.sjikp.us.edu.pl\/\" target=\"_blank\" rel=\"noopener noreferrer\"><u>www.sjikp.us.edu.pl<\/u><\/a><\/em><\/strong><\/li>\n<li>The Center for Polish Language and Culture in the World,\u00a0Universitatea Iagiellon\u0103 din\u00a0Cracovia \u2022\u00a0<strong><em><a href=\"http:\/\/www.uj.edu.pl\/Polonia\" target=\"_blank\" rel=\"noopener noreferrer\"><u>www.uj.edu.pl\/Polonia<\/u><\/a><\/em><\/strong><\/li>\n<li>The School of Polish Language and Culture, Universitatea Iagiellon\u0103 din Cracovia \u2022\u00a0<strong><em><a href=\"http:\/\/www.uj.edu.pl\/SL\" target=\"_blank\" rel=\"noopener noreferrer\"><u>www.uj.edu.pl\/SL<\/u><\/a><\/em><\/strong><\/li>\n<li>International Educational Centre,\u00a0Universitatea Politehnica din Cracovia\u00a0\u2022\u00a0<em><a href=\"http:\/\/www.educentre.info\/\" target=\"_blank\" rel=\"noopener noreferrer\"><u>w<strong>ww.educentre.info<\/strong><\/u><\/a><\/em><\/li>\n<li>The School of Polish Language and Culture, Universitatea Catolic\u0103 \u201eIoan Paul al II-lea\u201d\u00a0din Lublin \u2022\u00a0<strong><em><a href=\"http:\/\/www.kul.pl\/school\" target=\"_blank\" rel=\"noopener noreferrer\"><u>www.kul.pl\/school<\/u><\/a><\/em><\/strong><\/li>\n<li>The Polish Language and Culture Centre for Polish People from Abroad and for Foreigners, Universitatea \u201eMarie Curie-Sk\u0142odowska\u201d din Lublin \u2022\u00a0<strong><em><a href=\"http:\/\/www.cjkp.umcs.lublin.pl\/eng\/\" target=\"_blank\" rel=\"noopener noreferrer\"><u>www.cjkp.umcs.lublin.pl\/eng\/<\/u><\/a><\/em><\/strong><\/li>\n<li>The School of Polish Language for Foreigners,\u00a0Universitatea din \u0141\u00f3d\u017a\u00a0\u2022\u00a0<strong><em><a href=\"http:\/\/www.sjpdc.uni.lodz.pl\/\" target=\"_blank\" rel=\"noopener noreferrer\"><u>www.sjpdc.uni.lodz.pl<\/u><\/a><\/em><\/strong><\/li>\n<li>The School of Polish Language for Foreigners, Universitatea \u201eAdam Mickiewicz\u201d\u00a0din Poznan \u2022\u00a0<strong><em><a href=\"http:\/\/www.schoolpl.amu.edu.pl\/\" target=\"_blank\" rel=\"noopener noreferrer\"><u>www.schoolpl.amu.edu.pl<\/u><\/a><\/em><\/strong><\/li>\n<li>POLONUS Centre of Polish Culture and Language for Poles from Abroad and Foreigners, Universitatea din\u00a0Rzesz\u00f3w\u00a0<strong>\u2022\u00a0<em><a href=\"http:\/\/www.univ.rzeszow.pl\/polonus.php\" target=\"_blank\" rel=\"noopener noreferrer\"><u>www.univ.rzeszow.pl\/polonus.php<\/u><\/a><\/em><\/strong><\/li>\n<li>The Centre of Polish Language and Culture for Foreigners, Universitatea \u201eNicolaus Copernicus\u201d din Toru\u0144 \u2022\u00a0<strong><em><a href=\"http:\/\/www.fil.umk.pl\/skijpdo\/wersja_a\/\" target=\"_blank\" rel=\"noopener noreferrer\"><u>www.fil.umk.pl\/skijpdo\/wersja_a\/<\/u><\/a><\/em><\/strong><\/li>\n<li>The Institute of Polish Language and Culture for Foreigners POLONICUM, Universitatea din Var\u0219ovia \u2022\u00a0<strong><em><a href=\"http:\/\/www.polonicum.uw.edu.pl\/\" target=\"_blank\" rel=\"noopener noreferrer\"><u>www.polonicum.uw.edu.pl<\/u><\/a><\/em><\/strong><\/li>\n<li>School of Polish Language and Culture for Foreigners, Universitatea \u201eMons. Stefan Wyszy\u0144ski\u201d, Var\u0219ovia \u2022\u00a0<strong><em><a href=\"http:\/\/www.polish.wnh.uksw.edu.pl\/eng\/\" target=\"_blank\" rel=\"noopener noreferrer\"><u>www.polish.wnh.uksw.edu.pl\/eng\/<\/u><\/a><\/em><\/strong><\/li>\n<li>The School of Polish Language and Culture for Foreigners, Universitatea din\u00a0Wroc\u0142aw \u2022\u00a0<strong><em><a href=\"http:\/\/www.sjpik.uni.wroc.pl\/\" target=\"_blank\" rel=\"noopener noreferrer\"><u>www.sjpik.uni.wroc.pl<\/u><\/a><\/em><\/strong><\/li>\n<li>The School of Polish Language for Foreigners, Universitatea Politehnica din Wroc\u0142aw \u2022\u00a0<strong><em><a href=\"http:\/\/www.snjo.pwr.wroc.pl\/\" target=\"_blank\" rel=\"noopener noreferrer\"><u>www.snjo.pwr.wroc.pl<\/u><\/a><\/em><\/strong><\/li>\n<\/ul>\n<p>Aceste centre ofer\u0103 cursuri gratuite \u0219i contra cost, pentru studen\u021bi \u0219i bursieri.<br \/>Dintre \u0219colile private, cele care ne-au trimis oferta lor sunt:<\/p>\n<ul>\n<li><a href=\"http:\/\/www.polishcourses.com\/\" target=\"_blank\" rel=\"noopener noreferrer\"><strong>PROLOG School of Polish\u00a0<\/strong><\/a>(Cracovia)<\/li>\n<li><a href=\"http:\/\/www.polishcourse.org\/\" target=\"_blank\" rel=\"noopener noreferrer\"><strong>Polishcourse<\/strong><\/a>\u00a0(Cracovia),\u00a0<\/li>\n<li><a href=\"http:\/\/www.polonica.edu.pl\/polish_language_camp.html\" target=\"_blank\" rel=\"noopener noreferrer\"><strong>Polonica<\/strong><\/a>\u00a0(Gda\u0144sk), \u00een special pentru cursurile de var\u0103,<\/li>\n<li><a href=\"http:\/\/www.varia-course.com\/\" target=\"_blank\" rel=\"noopener noreferrer\"><strong>Varia<\/strong><\/a>\u00a0(Cracovia),<\/li>\n<li><a href=\"http:\/\/www.teachmepolish.pl\/\" target=\"_blank\" rel=\"noopener noreferrer\"><strong>Teach me Polish!\u00a0<\/strong><\/a>(Pozna\u0144)<\/li>\n<\/ul>\n<p>\u021ainem s\u0103 preciz\u0103m c\u0103 niciuna dintre \u0219colile private men\u021bionate mai sus nu\u00a0are nicio legatur\u0103\u00a0cu Institutul Polonez. V\u0103 recomand\u0103m a\u0219adar s\u0103 c\u0103uta\u0163i \u0219i alte op\u0163iuni de studiere a limbii polone \u00eentr-o \u0219coal\u0103 privat\u0103.<\/p>\n<p>Exist\u0103 de asemenea programul\u00a0<a href=\"http:\/\/ec.europa.eu\/youth\/youth-in-action-programme\/european-voluntary-service_en.htm\" target=\"_blank\" rel=\"noopener noreferrer\"><u>European Voluntary Service<\/u><\/a>\u00a0(EVS), desf\u0103\u0219urat de Comisia European\u0103. Programul este gratuit, sunt asigurate cazarea \u0219i masa, cei interesa\u021bi trebuind s\u0103 pl\u0103teasc\u0103 doar o mic\u0103 parte din cheltuielile de transport.<br \/><br \/>O alt\u0103 variant\u0103 ar fi lucrul ca \u201eau pair\u201d \u00eentr-o familie de polonezi.<\/p>\n","protected":false},"excerpt":{"rendered":"<p>O limb\u0103 str\u0103in\u0103 cel mai u\u015for se \u00eenva\u0163\u0103, evident, \u00een \u0163ara ei. Iar universit\u0103\u0163ile poloneze ofer\u0103 o gam\u0103 larg\u0103 de cursuri pentru str\u0103ini. Pentru rom\u00e2nii interesa\u0163i s\u0103 studieze limba polon\u0103 \u00een Polonia, recomand\u0103m centrele de predare a limbii polone din cadrul celor mai importante universit\u0103\u021bi de stat poloneze, \u0219i anume: Center of Teaching of Polish [&hellip;]<\/p>\n","protected":false},"author":1,"featured_media":0,"parent":0,"menu_order":0,"comment_status":"closed","ping_status":"closed","template":"","meta":{"inline_featured_image":false,"_monsterinsights_skip_tracking":false,"_monsterinsights_sitenote_active":false,"_monsterinsights_sitenote_note":"","_monsterinsights_sitenote_category":0,"footnotes":""},"class_list":["post-59","page","type-page","status-publish","hentry"],"yoast_head":"<!-- This site is optimized with the Yoast SEO plugin v24.6 - https:\/\/yoast.com\/wordpress\/plugins\/seo\/ -->\n<title>Dac\u0103 vrei s\u0103 studiezi \u00een Polonia - Instytut Polski w Bukareszcie<\/title>\n<meta name=\"robots\" content=\"index, follow, max-snippet:-1, max-image-preview:large, max-video-preview:-1\" \/>\n<link rel=\"canonical\" href=\"https:\/\/instytutpolski.pl\/bucuresti\/daca-vrei-sa-studiezi-in-polonia\/\" \/>\n<meta property=\"og:locale\" content=\"pl_PL\" \/>\n<meta property=\"og:type\" content=\"article\" \/>\n<meta property=\"og:title\" content=\"Dac\u0103 vrei s\u0103 studiezi \u00een Polonia - Instytut Polski w Bukareszcie\" \/>\n<meta property=\"og:description\" content=\"O limb\u0103 str\u0103in\u0103 cel mai u\u015for se \u00eenva\u0163\u0103, evident, \u00een \u0163ara ei. Iar universit\u0103\u0163ile poloneze ofer\u0103 o gam\u0103 larg\u0103 de cursuri pentru str\u0103ini. Pentru rom\u00e2nii interesa\u0163i s\u0103 studieze limba polon\u0103 \u00een Polonia, recomand\u0103m centrele de predare a limbii polone din cadrul celor mai importante universit\u0103\u021bi de stat poloneze, \u0219i anume: Center of Teaching of Polish [&hellip;]\" \/>\n<meta property=\"og:url\" content=\"https:\/\/instytutpolski.pl\/bucuresti\/daca-vrei-sa-studiezi-in-polonia\/\" \/>\n<meta property=\"og:site_name\" content=\"Instytut Polski w Bukareszcie\" \/>\n<meta property=\"article:modified_time\" content=\"2019-06-05T18:14:32+00:00\" \/>\n<meta name=\"twitter:card\" content=\"summary_large_image\" \/>\n<meta name=\"twitter:label1\" content=\"Szacowany czas czytania\" \/>\n\t<meta name=\"twitter:data1\" content=\"2 minuty\" \/>\n<script type=\"application\/ld+json\" class=\"yoast-schema-graph\">{\"@context\":\"https:\/\/schema.org\",\"@graph\":[{\"@type\":\"WebPage\",\"@id\":\"https:\/\/instytutpolski.pl\/bucuresti\/daca-vrei-sa-studiezi-in-polonia\/\",\"url\":\"https:\/\/instytutpolski.pl\/bucuresti\/daca-vrei-sa-studiezi-in-polonia\/\",\"name\":\"Dac\u0103 vrei s\u0103 studiezi \u00een Polonia - Instytut Polski w Bukareszcie\",\"isPartOf\":{\"@id\":\"https:\/\/instytutpolski.pl\/bucuresti\/#website\"},\"datePublished\":\"2019-06-05T18:14:30+00:00\",\"dateModified\":\"2019-06-05T18:14:32+00:00\",\"breadcrumb\":{\"@id\":\"https:\/\/instytutpolski.pl\/bucuresti\/daca-vrei-sa-studiezi-in-polonia\/#breadcrumb\"},\"inLanguage\":\"pl-PL\",\"potentialAction\":[{\"@type\":\"ReadAction\",\"target\":[\"https:\/\/instytutpolski.pl\/bucuresti\/daca-vrei-sa-studiezi-in-polonia\/\"]}]},{\"@type\":\"BreadcrumbList\",\"@id\":\"https:\/\/instytutpolski.pl\/bucuresti\/daca-vrei-sa-studiezi-in-polonia\/#breadcrumb\",\"itemListElement\":[{\"@type\":\"ListItem\",\"position\":1,\"name\":\"Home\",\"item\":\"https:\/\/instytutpolski.pl\/bucuresti\/\"},{\"@type\":\"ListItem\",\"position\":2,\"name\":\"Dac\u0103 vrei s\u0103 studiezi \u00een Polonia\"}]},{\"@type\":\"WebSite\",\"@id\":\"https:\/\/instytutpolski.pl\/bucuresti\/#website\",\"url\":\"https:\/\/instytutpolski.pl\/bucuresti\/\",\"name\":\"Instytut Polski w Bukareszcie\",\"description\":\"Instytuty Polskie\",\"potentialAction\":[{\"@type\":\"SearchAction\",\"target\":{\"@type\":\"EntryPoint\",\"urlTemplate\":\"https:\/\/instytutpolski.pl\/bucuresti\/?s={search_term_string}\"},\"query-input\":{\"@type\":\"PropertyValueSpecification\",\"valueRequired\":true,\"valueName\":\"search_term_string\"}}],\"inLanguage\":\"pl-PL\"}]}<\/script>\n<!-- \/ Yoast SEO plugin. -->","yoast_head_json":{"title":"Dac\u0103 vrei s\u0103 studiezi \u00een Polonia - Instytut Polski w Bukareszcie","robots":{"index":"index","follow":"follow","max-snippet":"max-snippet:-1","max-image-preview":"max-image-preview:large","max-video-preview":"max-video-preview:-1"},"canonical":"https:\/\/instytutpolski.pl\/bucuresti\/daca-vrei-sa-studiezi-in-polonia\/","og_locale":"pl_PL","og_type":"article","og_title":"Dac\u0103 vrei s\u0103 studiezi \u00een Polonia - Instytut Polski w Bukareszcie","og_description":"O limb\u0103 str\u0103in\u0103 cel mai u\u015for se \u00eenva\u0163\u0103, evident, \u00een \u0163ara ei. Iar universit\u0103\u0163ile poloneze ofer\u0103 o gam\u0103 larg\u0103 de cursuri pentru str\u0103ini. Pentru rom\u00e2nii interesa\u0163i s\u0103 studieze limba polon\u0103 \u00een Polonia, recomand\u0103m centrele de predare a limbii polone din cadrul celor mai importante universit\u0103\u021bi de stat poloneze, \u0219i anume: Center of Teaching of Polish [&hellip;]","og_url":"https:\/\/instytutpolski.pl\/bucuresti\/daca-vrei-sa-studiezi-in-polonia\/","og_site_name":"Instytut Polski w Bukareszcie","article_modified_time":"2019-06-05T18:14:32+00:00","twitter_card":"summary_large_image","twitter_misc":{"Szacowany czas czytania":"2 minuty"},"schema":{"@context":"https:\/\/schema.org","@graph":[{"@type":"WebPage","@id":"https:\/\/instytutpolski.pl\/bucuresti\/daca-vrei-sa-studiezi-in-polonia\/","url":"https:\/\/instytutpolski.pl\/bucuresti\/daca-vrei-sa-studiezi-in-polonia\/","name":"Dac\u0103 vrei s\u0103 studiezi \u00een Polonia - Instytut Polski w Bukareszcie","isPartOf":{"@id":"https:\/\/instytutpolski.pl\/bucuresti\/#website"},"datePublished":"2019-06-05T18:14:30+00:00","dateModified":"2019-06-05T18:14:32+00:00","breadcrumb":{"@id":"https:\/\/instytutpolski.pl\/bucuresti\/daca-vrei-sa-studiezi-in-polonia\/#breadcrumb"},"inLanguage":"pl-PL","potentialAction":[{"@type":"ReadAction","target":["https:\/\/instytutpolski.pl\/bucuresti\/daca-vrei-sa-studiezi-in-polonia\/"]}]},{"@type":"BreadcrumbList","@id":"https:\/\/instytutpolski.pl\/bucuresti\/daca-vrei-sa-studiezi-in-polonia\/#breadcrumb","itemListElement":[{"@type":"ListItem","position":1,"name":"Home","item":"https:\/\/instytutpolski.pl\/bucuresti\/"},{"@type":"ListItem","position":2,"name":"Dac\u0103 vrei s\u0103 studiezi \u00een Polonia"}]},{"@type":"WebSite","@id":"https:\/\/instytutpolski.pl\/bucuresti\/#website","url":"https:\/\/instytutpolski.pl\/bucuresti\/","name":"Instytut Polski w Bukareszcie","description":"Instytuty Polskie","potentialAction":[{"@type":"SearchAction","target":{"@type":"EntryPoint","urlTemplate":"https:\/\/instytutpolski.pl\/bucuresti\/?s={search_term_string}"},"query-input":{"@type":"PropertyValueSpecification","valueRequired":true,"valueName":"search_term_string"}}],"inLanguage":"pl-PL"}]}},"_links":{"self":[{"href":"https:\/\/instytutpolski.pl\/bucuresti\/wp-json\/wp\/v2\/pages\/59","targetHints":{"allow":["GET"]}}],"collection":[{"href":"https:\/\/instytutpolski.pl\/bucuresti\/wp-json\/wp\/v2\/pages"}],"about":[{"href":"https:\/\/instytutpolski.pl\/bucuresti\/wp-json\/wp\/v2\/types\/page"}],"author":[{"embeddable":true,"href":"https:\/\/instytutpolski.pl\/bucuresti\/wp-json\/wp\/v2\/users\/1"}],"replies":[{"embeddable":true,"href":"https:\/\/instytutpolski.pl\/bucuresti\/wp-json\/wp\/v2\/comments?post=59"}],"version-history":[{"count":1,"href":"https:\/\/instytutpolski.pl\/bucuresti\/wp-json\/wp\/v2\/pages\/59\/revisions"}],"predecessor-version":[{"id":62,"href":"https:\/\/instytutpolski.pl\/bucuresti\/wp-json\/wp\/v2\/pages\/59\/revisions\/62"}],"wp:attachment":[{"href":"https:\/\/instytutpolski.pl\/bucuresti\/wp-json\/wp\/v2\/media?parent=59"}],"curies":[{"name":"wp","href":"https:\/\/api.w.org\/{rel}","templated":true}]}}