{"id":60,"date":"2019-06-05T20:12:51","date_gmt":"2019-06-05T18:12:51","guid":{"rendered":"https:\/\/instytutpolski.pl\/bukareszt\/?page_id=60"},"modified":"2019-06-05T20:12:52","modified_gmt":"2019-06-05T18:12:52","slug":"jesli-chcesz-studiowac-w-polsce","status":"publish","type":"page","link":"https:\/\/instytutpolski.pl\/bucuresti\/pl\/jesli-chcesz-studiowac-w-polsce\/","title":{"rendered":"Je\u015bli chcesz studiowa\u0107 w Polsce"},"content":{"rendered":"\n<div class=\"head\">\n<p>Wybrane uczelnie w Polsce oferuj\u0105 kursy j\u0119zyka polskiego dla os\u00f3b, kt\u00f3re chcia\u0142yby studiowa\u0107 w tym j\u0119zyku. Kursy te najcz\u0119\u015bciej zwiazane s\u0105 z kierunkiem przysz\u0142ych studi\u00f3w.<\/p>\n<section class=\"post-image\"><\/section>\n<\/div>\n<p><strong><span data-mode=\"\">LETNIE SZKO\u0141Y J\u0118ZYKA i KULTURY POLSKIEJ\u00a0<\/span><\/strong><\/p>\n<div>\n<p>Szko\u0142y j\u0119zyka polskiego dla cudzoziemc\u00f3w dzia\u0142aj\u0105 przy wielu przy o\u015brodkach akademickich w Polsce.<\/p>\n<p>Wakacyjne kursy j\u0119zyka i kultury polskiej odbywaj\u0105 si\u0119 zwykleod lipca oraz wrze\u015bnia i zazwyczaj trwaj\u0105 trzy lub cztery tygodnie. Kurs obejmuje nie tylko nauk\u0119 j\u0119zyka, lecz jest tak\u017ce okazj\u0105 do spotkania z polsk\u0105 kultur\u0105 i histori\u0105. Organizatorzy szk\u00f3\u0142 letnich proponuj\u0105 wycieczki krajoznawcze, projekcje polskich film\u00f3w i spotkania z ciekawymi tw\u00f3rcami kultury.<\/p>\n<p>Ministerstwo Nauki i Szkolnictwa Wy\u017cszego\u00a0funduje stypendia\u00a0na kursy wakacyjne wyr\u00f3\u017cniaj\u0105cym si\u0119 studentom lektorat\u00f3w j\u0119zyka polskiego za granic\u0105. Mo\u017cna w nich uczestniczy\u0107 tak\u017ce odp\u0142atnie.\u00a0Kursy te przygotowuj\u0105 do\u00a0egzaminu pa\u0144stwowego\u00a0z j\u0119zyka polskiego jako obcego (<a href=\"http:\/\/www.buwiwm.edu.pl\/certyfikacja\" target=\"_blank\" rel=\"noopener noreferrer\">www.buwiwm.edu.pl\/certyfikacja<\/a>).<\/p>\n<\/div>\n<p><strong><span data-mode=\"\">ROCZNE KURSY PRZYGOTOWAWCZE DO PODJ\u0118CIA STUDI\u00d3W W J\u0118ZYKU POLSKIM<\/span><\/strong><\/p>\n<div>\n<p>Wszystkim osobom zamierzaj\u0105cym podj\u0105\u0107 studia w j\u0119zyku polskim, wybrane polskie uczelnie oferuj\u0105 kursy przygotowawcze z j\u0119zyka polskiego. Trwaj\u0105 one zwykle 9 miesi\u0119cy, od jesieni do wiosny.<\/p>\n<ul>\n<li><a href=\"http:\/\/www.sjpdc.uni.lodz.pl\/?q=node\/5&amp;language=en\" target=\"_blank\" rel=\"noopener noreferrer\">Studium J\u0119zyka polskiego dla Cudzoziemc\u00f3w Uniwersytetu \u0141\u00f3dzkiego<\/a><\/li>\n<li><a href=\"http:\/\/www.cjkp.umcs.lublin.pl\/eng\/\" target=\"_blank\" rel=\"noopener noreferrer\">Polskie Centrum J\u0119zyka i Kultury Polskiej dla Polonii i Cudzoziemc\u00f3w Uniwersytetu Marii Curie-Sk\u0142odowskiej w Lublinie<\/a><\/li>\n<li><a href=\"http:\/\/sjikp.us.edu.pl\/\" target=\"_blank\" rel=\"noopener noreferrer\">Szko\u0142a J\u0119zyka i Kultury Polskiej Uniwersytetu \u015al\u0105skiego w Katowicach<\/a><\/li>\n<li><a href=\"http:\/\/www.polonicum.uw.edu.pl\/page.php?id=20&amp;lang=en\" target=\"_blank\" rel=\"noopener noreferrer\">Centrum J\u0119zyka Polskiego i Kultury dla Cudzoziemc\u00f3w Uniwersytetu Warszawskiego<\/a><\/li>\n<li><a href=\"http:\/\/www.mck.pk.edu.pl\/en\" target=\"_blank\" rel=\"noopener noreferrer\">Mi\u0119dzynarodowe Centrum Kszta\u0142cenia, Politechnika Krakowska im. Tadeusza Ko\u015bciuszki<\/a><\/li>\n<li><a href=\"http:\/\/www.sjo.pwr.wroc.pl\/89769,131.dhtml\" target=\"_blank\" rel=\"noopener noreferrer\">Studium J\u0119zyka Polskiego dla Cudzoziemc\u00f3w, Politechnika Wroc\u0142awska<\/a><\/li>\n<li><a href=\"http:\/\/www.ur.edu.pl\/uniwersytet\/jednostki\/jednostki-pozawydzialowe\/centrum-kultury-i-jezyka-polskiego-dla-polakow-z-zagranicy-i-cudzoziemcow-polonus\" target=\"_blank\" rel=\"noopener noreferrer\">Centrum Kultury i J\u0119zyka Polskiego dla Polak\u00f3w z Zagranicy i Cudzoziemc\u00f3w POLONUS, Uniwersytet Rzeszowski<\/a><\/li>\n<\/ul>\n<p>Wi\u0119kszo\u015b\u0107 wymienionych o\u015brodk\u00f3w dzia\u0142a od wielu lat i maj\u0105 ogromne do\u015bwiadczenie w przygotowywaniu cudzoziemc\u00f3w do podj\u0119cia kszta\u0142cenia w Polsce. Dysponuj\u0105 do\u015bwiadczon\u0105 kadr\u0105 nauczycieli akademickich ucz\u0105c\u0105 j\u0119zyka polskiego jako obcego ale r\u00f3wnie\u017c prowadz\u0105 zaj\u0119cia z przedmiot\u00f3w kierunkowych (np. matematyka, fizyka, chemia, biologia, geografia, historia).<\/p>\n<p>Uczestnicy podzieleni s\u0105 na grupy: humanistyczn\u0105, ekonomiczn\u0105, medyczn\u0105, techniczn\u0105, w zale\u017cno\u015bci od kierunk\u00f3w studi\u00f3w, jakie zamierza podj\u0105\u0107 w Polsce. Jest to niezb\u0119dne aby wyr\u00f3wna\u0107 r\u00f3\u017cnice pomi\u0119dzy polskim systemem szkolnictwa a systemami obowi\u0105zuj\u0105cymi w innych pa\u0144stwach. S\u0142u\u017cy to tak\u017ce zapoznaniu przysz\u0142ych student\u00f3w z polskim nazewnictwem specjalistycznym obowi\u0105zuj\u0105cym w danej dziedzinie.<\/p>\n<\/div>\n","protected":false},"excerpt":{"rendered":"<p>Wybrane uczelnie w Polsce oferuj\u0105 kursy j\u0119zyka polskiego dla os\u00f3b, kt\u00f3re chcia\u0142yby studiowa\u0107 w tym j\u0119zyku. Kursy te najcz\u0119\u015bciej zwiazane s\u0105 z kierunkiem przysz\u0142ych studi\u00f3w. LETNIE SZKO\u0141Y J\u0118ZYKA i KULTURY POLSKIEJ\u00a0 Szko\u0142y j\u0119zyka polskiego dla cudzoziemc\u00f3w dzia\u0142aj\u0105 przy wielu przy o\u015brodkach akademickich w Polsce. Wakacyjne kursy j\u0119zyka i kultury polskiej odbywaj\u0105 si\u0119 zwykleod lipca oraz [&hellip;]<\/p>\n","protected":false},"author":1,"featured_media":0,"parent":0,"menu_order":0,"comment_status":"closed","ping_status":"closed","template":"","meta":{"inline_featured_image":false,"_monsterinsights_skip_tracking":false,"_monsterinsights_sitenote_active":false,"_monsterinsights_sitenote_note":"","_monsterinsights_sitenote_category":0,"footnotes":""},"class_list":["post-60","page","type-page","status-publish","hentry"],"yoast_head":"<!-- This site is optimized with the Yoast SEO plugin v24.6 - https:\/\/yoast.com\/wordpress\/plugins\/seo\/ -->\n<title>Je\u015bli chcesz studiowa\u0107 w Polsce - Instytut Polski w Bukareszcie<\/title>\n<meta name=\"robots\" content=\"index, follow, max-snippet:-1, max-image-preview:large, max-video-preview:-1\" \/>\n<link rel=\"canonical\" href=\"https:\/\/instytutpolski.pl\/bucuresti\/pl\/jesli-chcesz-studiowac-w-polsce\/\" \/>\n<meta property=\"og:locale\" content=\"pl_PL\" \/>\n<meta property=\"og:type\" content=\"article\" \/>\n<meta property=\"og:title\" content=\"Je\u015bli chcesz studiowa\u0107 w Polsce - Instytut Polski w Bukareszcie\" \/>\n<meta property=\"og:description\" content=\"Wybrane uczelnie w Polsce oferuj\u0105 kursy j\u0119zyka polskiego dla os\u00f3b, kt\u00f3re chcia\u0142yby studiowa\u0107 w tym j\u0119zyku. Kursy te najcz\u0119\u015bciej zwiazane s\u0105 z kierunkiem przysz\u0142ych studi\u00f3w. LETNIE SZKO\u0141Y J\u0118ZYKA i KULTURY POLSKIEJ\u00a0 Szko\u0142y j\u0119zyka polskiego dla cudzoziemc\u00f3w dzia\u0142aj\u0105 przy wielu przy o\u015brodkach akademickich w Polsce. Wakacyjne kursy j\u0119zyka i kultury polskiej odbywaj\u0105 si\u0119 zwykleod lipca oraz [&hellip;]\" \/>\n<meta property=\"og:url\" content=\"https:\/\/instytutpolski.pl\/bucuresti\/pl\/jesli-chcesz-studiowac-w-polsce\/\" \/>\n<meta property=\"og:site_name\" content=\"Instytut Polski w Bukareszcie\" \/>\n<meta property=\"article:modified_time\" content=\"2019-06-05T18:12:52+00:00\" \/>\n<meta name=\"twitter:card\" content=\"summary_large_image\" \/>\n<meta name=\"twitter:label1\" content=\"Szacowany czas czytania\" \/>\n\t<meta name=\"twitter:data1\" content=\"2 minuty\" \/>\n<script type=\"application\/ld+json\" class=\"yoast-schema-graph\">{\"@context\":\"https:\/\/schema.org\",\"@graph\":[{\"@type\":\"WebPage\",\"@id\":\"https:\/\/instytutpolski.pl\/bucuresti\/pl\/jesli-chcesz-studiowac-w-polsce\/\",\"url\":\"https:\/\/instytutpolski.pl\/bucuresti\/pl\/jesli-chcesz-studiowac-w-polsce\/\",\"name\":\"Je\u015bli chcesz studiowa\u0107 w Polsce - Instytut Polski w Bukareszcie\",\"isPartOf\":{\"@id\":\"https:\/\/instytutpolski.pl\/bucuresti\/#website\"},\"datePublished\":\"2019-06-05T18:12:51+00:00\",\"dateModified\":\"2019-06-05T18:12:52+00:00\",\"breadcrumb\":{\"@id\":\"https:\/\/instytutpolski.pl\/bucuresti\/pl\/jesli-chcesz-studiowac-w-polsce\/#breadcrumb\"},\"inLanguage\":\"pl-PL\",\"potentialAction\":[{\"@type\":\"ReadAction\",\"target\":[\"https:\/\/instytutpolski.pl\/bucuresti\/pl\/jesli-chcesz-studiowac-w-polsce\/\"]}]},{\"@type\":\"BreadcrumbList\",\"@id\":\"https:\/\/instytutpolski.pl\/bucuresti\/pl\/jesli-chcesz-studiowac-w-polsce\/#breadcrumb\",\"itemListElement\":[{\"@type\":\"ListItem\",\"position\":1,\"name\":\"Home\",\"item\":\"https:\/\/instytutpolski.pl\/bucuresti\/\"},{\"@type\":\"ListItem\",\"position\":2,\"name\":\"Je\u015bli chcesz studiowa\u0107 w Polsce\"}]},{\"@type\":\"WebSite\",\"@id\":\"https:\/\/instytutpolski.pl\/bucuresti\/#website\",\"url\":\"https:\/\/instytutpolski.pl\/bucuresti\/\",\"name\":\"Instytut Polski w Bukareszcie\",\"description\":\"Instytuty Polskie\",\"potentialAction\":[{\"@type\":\"SearchAction\",\"target\":{\"@type\":\"EntryPoint\",\"urlTemplate\":\"https:\/\/instytutpolski.pl\/bucuresti\/?s={search_term_string}\"},\"query-input\":{\"@type\":\"PropertyValueSpecification\",\"valueRequired\":true,\"valueName\":\"search_term_string\"}}],\"inLanguage\":\"pl-PL\"}]}<\/script>\n<!-- \/ Yoast SEO plugin. -->","yoast_head_json":{"title":"Je\u015bli chcesz studiowa\u0107 w Polsce - Instytut Polski w Bukareszcie","robots":{"index":"index","follow":"follow","max-snippet":"max-snippet:-1","max-image-preview":"max-image-preview:large","max-video-preview":"max-video-preview:-1"},"canonical":"https:\/\/instytutpolski.pl\/bucuresti\/pl\/jesli-chcesz-studiowac-w-polsce\/","og_locale":"pl_PL","og_type":"article","og_title":"Je\u015bli chcesz studiowa\u0107 w Polsce - Instytut Polski w Bukareszcie","og_description":"Wybrane uczelnie w Polsce oferuj\u0105 kursy j\u0119zyka polskiego dla os\u00f3b, kt\u00f3re chcia\u0142yby studiowa\u0107 w tym j\u0119zyku. Kursy te najcz\u0119\u015bciej zwiazane s\u0105 z kierunkiem przysz\u0142ych studi\u00f3w. LETNIE SZKO\u0141Y J\u0118ZYKA i KULTURY POLSKIEJ\u00a0 Szko\u0142y j\u0119zyka polskiego dla cudzoziemc\u00f3w dzia\u0142aj\u0105 przy wielu przy o\u015brodkach akademickich w Polsce. Wakacyjne kursy j\u0119zyka i kultury polskiej odbywaj\u0105 si\u0119 zwykleod lipca oraz [&hellip;]","og_url":"https:\/\/instytutpolski.pl\/bucuresti\/pl\/jesli-chcesz-studiowac-w-polsce\/","og_site_name":"Instytut Polski w Bukareszcie","article_modified_time":"2019-06-05T18:12:52+00:00","twitter_card":"summary_large_image","twitter_misc":{"Szacowany czas czytania":"2 minuty"},"schema":{"@context":"https:\/\/schema.org","@graph":[{"@type":"WebPage","@id":"https:\/\/instytutpolski.pl\/bucuresti\/pl\/jesli-chcesz-studiowac-w-polsce\/","url":"https:\/\/instytutpolski.pl\/bucuresti\/pl\/jesli-chcesz-studiowac-w-polsce\/","name":"Je\u015bli chcesz studiowa\u0107 w Polsce - Instytut Polski w Bukareszcie","isPartOf":{"@id":"https:\/\/instytutpolski.pl\/bucuresti\/#website"},"datePublished":"2019-06-05T18:12:51+00:00","dateModified":"2019-06-05T18:12:52+00:00","breadcrumb":{"@id":"https:\/\/instytutpolski.pl\/bucuresti\/pl\/jesli-chcesz-studiowac-w-polsce\/#breadcrumb"},"inLanguage":"pl-PL","potentialAction":[{"@type":"ReadAction","target":["https:\/\/instytutpolski.pl\/bucuresti\/pl\/jesli-chcesz-studiowac-w-polsce\/"]}]},{"@type":"BreadcrumbList","@id":"https:\/\/instytutpolski.pl\/bucuresti\/pl\/jesli-chcesz-studiowac-w-polsce\/#breadcrumb","itemListElement":[{"@type":"ListItem","position":1,"name":"Home","item":"https:\/\/instytutpolski.pl\/bucuresti\/"},{"@type":"ListItem","position":2,"name":"Je\u015bli chcesz studiowa\u0107 w Polsce"}]},{"@type":"WebSite","@id":"https:\/\/instytutpolski.pl\/bucuresti\/#website","url":"https:\/\/instytutpolski.pl\/bucuresti\/","name":"Instytut Polski w Bukareszcie","description":"Instytuty Polskie","potentialAction":[{"@type":"SearchAction","target":{"@type":"EntryPoint","urlTemplate":"https:\/\/instytutpolski.pl\/bucuresti\/?s={search_term_string}"},"query-input":{"@type":"PropertyValueSpecification","valueRequired":true,"valueName":"search_term_string"}}],"inLanguage":"pl-PL"}]}},"_links":{"self":[{"href":"https:\/\/instytutpolski.pl\/bucuresti\/wp-json\/wp\/v2\/pages\/60","targetHints":{"allow":["GET"]}}],"collection":[{"href":"https:\/\/instytutpolski.pl\/bucuresti\/wp-json\/wp\/v2\/pages"}],"about":[{"href":"https:\/\/instytutpolski.pl\/bucuresti\/wp-json\/wp\/v2\/types\/page"}],"author":[{"embeddable":true,"href":"https:\/\/instytutpolski.pl\/bucuresti\/wp-json\/wp\/v2\/users\/1"}],"replies":[{"embeddable":true,"href":"https:\/\/instytutpolski.pl\/bucuresti\/wp-json\/wp\/v2\/comments?post=60"}],"version-history":[{"count":1,"href":"https:\/\/instytutpolski.pl\/bucuresti\/wp-json\/wp\/v2\/pages\/60\/revisions"}],"predecessor-version":[{"id":61,"href":"https:\/\/instytutpolski.pl\/bucuresti\/wp-json\/wp\/v2\/pages\/60\/revisions\/61"}],"wp:attachment":[{"href":"https:\/\/instytutpolski.pl\/bucuresti\/wp-json\/wp\/v2\/media?parent=60"}],"curies":[{"name":"wp","href":"https:\/\/api.w.org\/{rel}","templated":true}]}}