{"id":6006,"date":"2020-10-27T12:14:06","date_gmt":"2020-10-27T11:14:06","guid":{"rendered":"https:\/\/instytutpolski.pl\/bucuresti\/?page_id=6006"},"modified":"2020-10-29T11:21:32","modified_gmt":"2020-10-29T10:21:32","slug":"muzeul-national-digital-din-varsovia","status":"publish","type":"page","link":"https:\/\/instytutpolski.pl\/bucuresti\/cunoaste-polonia-3\/cultura-in-polonia\/muzee\/muzeul-national-digital-din-varsovia\/","title":{"rendered":"Muzeul Na\u021bional Digital din Var\u0219ovia"},"content":{"rendered":"\n<div id=\"attachment_6013\" style=\"width: 310px\" class=\"wp-caption alignright\"><a href=\"https:\/\/cyfrowe.mnw.art.pl\/en\/home\" target=\"_blank\" rel=\"noopener noreferrer\"><img loading=\"lazy\" decoding=\"async\" aria-describedby=\"caption-attachment-6013\" class=\"wp-image-6013 size-medium\" src=\"https:\/\/instytutpolski.pl\/bucuresti\/wp-content\/uploads\/sites\/11\/2020\/10\/fot_Adam-Oleksiak_MNW_5-300x200.jpg\" alt=\"\" width=\"300\" height=\"200\" srcset=\"https:\/\/instytutpolski.pl\/bucuresti\/wp-content\/uploads\/sites\/11\/2020\/10\/fot_Adam-Oleksiak_MNW_5-300x200.jpg 300w, https:\/\/instytutpolski.pl\/bucuresti\/wp-content\/uploads\/sites\/11\/2020\/10\/fot_Adam-Oleksiak_MNW_5-1024x682.jpg 1024w, https:\/\/instytutpolski.pl\/bucuresti\/wp-content\/uploads\/sites\/11\/2020\/10\/fot_Adam-Oleksiak_MNW_5-768x512.jpg 768w, https:\/\/instytutpolski.pl\/bucuresti\/wp-content\/uploads\/sites\/11\/2020\/10\/fot_Adam-Oleksiak_MNW_5-1536x1023.jpg 1536w, https:\/\/instytutpolski.pl\/bucuresti\/wp-content\/uploads\/sites\/11\/2020\/10\/fot_Adam-Oleksiak_MNW_5.jpg 1600w\" sizes=\"auto, (max-width: 300px) 100vw, 300px\" \/><\/a><p id=\"caption-attachment-6013\" class=\"wp-caption-text\">Fot. Adam Oleksiak\/MNW<\/p><\/div>\n<p><a href=\"https:\/\/cyfrowe.mnw.art.pl\/en\/home\" target=\"_blank\" rel=\"noopener noreferrer\">Muzeul Na\u021bional Digital din Var\u0219ovia<\/a>\u00a0prezint\u0103 aproape 60 de mii de obiecte de muzeu din cele peste 800 de mii aflate \u00een colec\u021biile Muzeului. Sunt capodopere ale picturii, sculpturii \u0219i graficii poloneze, picturi murale antice cu Faras, descoperite de arheologii polonezi, art\u0103 medieval\u0103 \u0219i modern\u0103. Oricine, indiferent de locul \u00een care tr\u0103ie\u0219te, poate face un tur virtual al Muzeului Na\u021bional din Var\u0219ovia. Site-ul este personalizat. Utilizatorul poate r\u0103sfoi colec\u021biile cronologic sau poate selecta anumite capodopere \u0219i salva istoricul c\u0103ut\u0103rilor \u00een profilul s\u0103u de pe portal.<\/p>\n<div id=\"attachment_6017\" style=\"width: 210px\" class=\"wp-caption alignleft\"><img loading=\"lazy\" decoding=\"async\" aria-describedby=\"caption-attachment-6017\" class=\"size-full wp-image-6017\" src=\"https:\/\/instytutpolski.pl\/bucuresti\/wp-content\/uploads\/sites\/11\/2020\/10\/fot_Adam-Oleksiak_MNW_8-ok-1-200x300-1.jpg\" alt=\"\" width=\"200\" height=\"300\" \/><p id=\"caption-attachment-6017\" class=\"wp-caption-text\">Fot. Adam Oleksiak\/MNW<\/p><\/div>\n<p>&#8211; Obiecte de interes deosebit pot fi g\u0103site \u00een sec\u021biunea de <a href=\"https:\/\/cyfrowe.mnw.art.pl\/pl\/arcydziela\" target=\"_blank\" rel=\"noopener noreferrer\">capodopere <\/a>&#8211; spune Karolina Tabak, \u0219efa departamentului de digitalizare \u0219i documentare vizual\u0103 a Muzeului Na\u021bional din Var\u0219ovia. &#8211; V\u0103 invit\u0103m, de asemenea, s\u0103 vizita\u021bi <a href=\"https:\/\/cyfrowe.mnw.art.pl\/pl\/sciezki-tematyczne\" target=\"_blank\" rel=\"noopener noreferrer\">materialele tematice<\/a> &#8211; prezent\u0103ri interactive despre colec\u021biile muzeului, despre diferite fenomene din cultura larg \u00een\u021beleas\u0103, ca de ex. Faras \u2013 comorile de\u0219ertului, Crim\u0103 \u0219i moarte, Copilul, \u00cen studioul artistului &#8211; adaug\u0103 aceasta. \u00cen Muzeul Na\u021bional Digital din Var\u0219ovia pute\u021bi vedea \u0219i un prim-plan al tabloului <a href=\"https:\/\/cyfrowe.mnw.art.pl\/pl\/katalog\/509927\" target=\"_blank\" rel=\"noopener noreferrer\">\u201eB\u0103t\u0103lia de la Grunwald\u201d de Jan Matejko<\/a> \u0219i f\u0103c\u00e2nd clic pe etichetele speciale pute\u021bi cunoa\u0219te personajele prezentate pe ele.<\/p>\n<p>Iubitorii de art\u0103 pot desc\u0103rca o fotografie a unui obiect care le va pl\u0103cea \u00een mod special. Pe portal, fotografiile operelor de art\u0103 sunt \u00eenso\u021bite de informa\u021bii despre condi\u021biile de utilizare a acestora, inclusiv drepturile de autor. Imaginile cu obiecte apar\u021bin\u00e2nd domeniului public (atunci c\u00e2nd au trecut cel pu\u021bin 70 de ani de la moartea autorului) pot fi desc\u0103rcate, procesate \u0219i utilizate f\u0103r\u0103 restric\u021bii, chiar \u0219i \u00een scopuri comerciale. Reproducerile aflate pe portalul Muzeului pot fi folosite la crearea propriilor gadgeturi.<\/p>\n<div id=\"attachment_6018\" style=\"width: 310px\" class=\"wp-caption aligncenter\"><img loading=\"lazy\" decoding=\"async\" aria-describedby=\"caption-attachment-6018\" class=\"size-medium wp-image-6018\" src=\"https:\/\/instytutpolski.pl\/bucuresti\/wp-content\/uploads\/sites\/11\/2020\/10\/fot_Adam-Oleksiak_MNW_9-ok-1-1024x683-1-300x200.jpg\" alt=\"\" width=\"300\" height=\"200\" srcset=\"https:\/\/instytutpolski.pl\/bucuresti\/wp-content\/uploads\/sites\/11\/2020\/10\/fot_Adam-Oleksiak_MNW_9-ok-1-1024x683-1-300x200.jpg 300w, https:\/\/instytutpolski.pl\/bucuresti\/wp-content\/uploads\/sites\/11\/2020\/10\/fot_Adam-Oleksiak_MNW_9-ok-1-1024x683-1-768x512.jpg 768w, https:\/\/instytutpolski.pl\/bucuresti\/wp-content\/uploads\/sites\/11\/2020\/10\/fot_Adam-Oleksiak_MNW_9-ok-1-1024x683-1.jpg 1024w\" sizes=\"auto, (max-width: 300px) 100vw, 300px\" \/><p id=\"caption-attachment-6018\" class=\"wp-caption-text\">Fot. Adam Oleksiak\/MNW<\/p><\/div>\n<p>\u00a0<\/p>\n","protected":false},"excerpt":{"rendered":"<p>Muzeul Na\u021bional Digital din Var\u0219ovia\u00a0prezint\u0103 aproape 60 de mii de obiecte de muzeu din cele peste 800 de mii aflate \u00een colec\u021biile Muzeului. Sunt capodopere ale picturii, sculpturii \u0219i graficii poloneze, picturi murale antice cu Faras, descoperite de arheologii polonezi, art\u0103 medieval\u0103 \u0219i modern\u0103. Oricine, indiferent de locul \u00een care tr\u0103ie\u0219te, poate face un tur [&hellip;]<\/p>\n","protected":false},"author":43,"featured_media":5990,"parent":5948,"menu_order":0,"comment_status":"closed","ping_status":"closed","template":"","meta":{"inline_featured_image":false,"_monsterinsights_skip_tracking":false,"_monsterinsights_sitenote_active":false,"_monsterinsights_sitenote_note":"","_monsterinsights_sitenote_category":0,"footnotes":""},"class_list":["post-6006","page","type-page","status-publish","has-post-thumbnail","hentry"],"yoast_head":"<!-- This site is optimized with the Yoast SEO plugin v24.6 - https:\/\/yoast.com\/wordpress\/plugins\/seo\/ -->\n<title>Muzeul Na\u021bional Digital din Var\u0219ovia - Instytut Polski w Bukareszcie<\/title>\n<meta name=\"robots\" content=\"index, follow, max-snippet:-1, max-image-preview:large, max-video-preview:-1\" \/>\n<link rel=\"canonical\" href=\"https:\/\/instytutpolski.pl\/bucuresti\/cunoaste-polonia-3\/cultura-in-polonia\/muzee\/muzeul-national-digital-din-varsovia\/\" \/>\n<meta property=\"og:locale\" content=\"pl_PL\" \/>\n<meta property=\"og:type\" content=\"article\" \/>\n<meta property=\"og:title\" content=\"Muzeul Na\u021bional Digital din Var\u0219ovia - Instytut Polski w Bukareszcie\" \/>\n<meta property=\"og:description\" content=\"Muzeul Na\u021bional Digital din Var\u0219ovia\u00a0prezint\u0103 aproape 60 de mii de obiecte de muzeu din cele peste 800 de mii aflate \u00een colec\u021biile Muzeului. Sunt capodopere ale picturii, sculpturii \u0219i graficii poloneze, picturi murale antice cu Faras, descoperite de arheologii polonezi, art\u0103 medieval\u0103 \u0219i modern\u0103. Oricine, indiferent de locul \u00een care tr\u0103ie\u0219te, poate face un tur [&hellip;]\" \/>\n<meta property=\"og:url\" content=\"https:\/\/instytutpolski.pl\/bucuresti\/cunoaste-polonia-3\/cultura-in-polonia\/muzee\/muzeul-national-digital-din-varsovia\/\" \/>\n<meta property=\"og:site_name\" content=\"Instytut Polski w Bukareszcie\" \/>\n<meta property=\"article:modified_time\" content=\"2020-10-29T10:21:32+00:00\" \/>\n<meta property=\"og:image\" content=\"https:\/\/instytutpolski.pl\/bucuresti\/wp-content\/uploads\/sites\/11\/2020\/10\/fot_Adam-Oleksiak_MNW_9-gotowe-scaled.jpg\" \/>\n\t<meta property=\"og:image:width\" content=\"2560\" \/>\n\t<meta property=\"og:image:height\" content=\"1003\" \/>\n\t<meta property=\"og:image:type\" content=\"image\/jpeg\" \/>\n<meta name=\"twitter:card\" content=\"summary_large_image\" \/>\n<meta name=\"twitter:label1\" content=\"Szacowany czas czytania\" \/>\n\t<meta name=\"twitter:data1\" content=\"2 minuty\" \/>\n<script type=\"application\/ld+json\" class=\"yoast-schema-graph\">{\"@context\":\"https:\/\/schema.org\",\"@graph\":[{\"@type\":\"WebPage\",\"@id\":\"https:\/\/instytutpolski.pl\/bucuresti\/cunoaste-polonia-3\/cultura-in-polonia\/muzee\/muzeul-national-digital-din-varsovia\/\",\"url\":\"https:\/\/instytutpolski.pl\/bucuresti\/cunoaste-polonia-3\/cultura-in-polonia\/muzee\/muzeul-national-digital-din-varsovia\/\",\"name\":\"Muzeul Na\u021bional Digital din Var\u0219ovia - Instytut Polski w Bukareszcie\",\"isPartOf\":{\"@id\":\"https:\/\/instytutpolski.pl\/bucuresti\/#website\"},\"primaryImageOfPage\":{\"@id\":\"https:\/\/instytutpolski.pl\/bucuresti\/cunoaste-polonia-3\/cultura-in-polonia\/muzee\/muzeul-national-digital-din-varsovia\/#primaryimage\"},\"image\":{\"@id\":\"https:\/\/instytutpolski.pl\/bucuresti\/cunoaste-polonia-3\/cultura-in-polonia\/muzee\/muzeul-national-digital-din-varsovia\/#primaryimage\"},\"thumbnailUrl\":\"https:\/\/instytutpolski.pl\/bucuresti\/wp-content\/uploads\/sites\/11\/2020\/10\/fot_Adam-Oleksiak_MNW_9-gotowe-scaled.jpg\",\"datePublished\":\"2020-10-27T11:14:06+00:00\",\"dateModified\":\"2020-10-29T10:21:32+00:00\",\"breadcrumb\":{\"@id\":\"https:\/\/instytutpolski.pl\/bucuresti\/cunoaste-polonia-3\/cultura-in-polonia\/muzee\/muzeul-national-digital-din-varsovia\/#breadcrumb\"},\"inLanguage\":\"pl-PL\",\"potentialAction\":[{\"@type\":\"ReadAction\",\"target\":[\"https:\/\/instytutpolski.pl\/bucuresti\/cunoaste-polonia-3\/cultura-in-polonia\/muzee\/muzeul-national-digital-din-varsovia\/\"]}]},{\"@type\":\"ImageObject\",\"inLanguage\":\"pl-PL\",\"@id\":\"https:\/\/instytutpolski.pl\/bucuresti\/cunoaste-polonia-3\/cultura-in-polonia\/muzee\/muzeul-national-digital-din-varsovia\/#primaryimage\",\"url\":\"https:\/\/instytutpolski.pl\/bucuresti\/wp-content\/uploads\/sites\/11\/2020\/10\/fot_Adam-Oleksiak_MNW_9-gotowe-scaled.jpg\",\"contentUrl\":\"https:\/\/instytutpolski.pl\/bucuresti\/wp-content\/uploads\/sites\/11\/2020\/10\/fot_Adam-Oleksiak_MNW_9-gotowe-scaled.jpg\",\"width\":2560,\"height\":1003},{\"@type\":\"BreadcrumbList\",\"@id\":\"https:\/\/instytutpolski.pl\/bucuresti\/cunoaste-polonia-3\/cultura-in-polonia\/muzee\/muzeul-national-digital-din-varsovia\/#breadcrumb\",\"itemListElement\":[{\"@type\":\"ListItem\",\"position\":1,\"name\":\"Home\",\"item\":\"https:\/\/instytutpolski.pl\/bucuresti\/\"},{\"@type\":\"ListItem\",\"position\":2,\"name\":\"Cunoa\u0219te Polonia\",\"item\":\"https:\/\/instytutpolski.pl\/bucuresti\/cunoaste-polonia-3\/\"},{\"@type\":\"ListItem\",\"position\":3,\"name\":\"Cultura \u00een Polonia\",\"item\":\"https:\/\/instytutpolski.pl\/bucuresti\/cunoaste-polonia-3\/cultura-in-polonia\/\"},{\"@type\":\"ListItem\",\"position\":4,\"name\":\"Muzee\",\"item\":\"https:\/\/instytutpolski.pl\/bucuresti\/cunoaste-polonia-3\/cultura-in-polonia\/muzee\/\"},{\"@type\":\"ListItem\",\"position\":5,\"name\":\"Muzeul Na\u021bional Digital din Var\u0219ovia\"}]},{\"@type\":\"WebSite\",\"@id\":\"https:\/\/instytutpolski.pl\/bucuresti\/#website\",\"url\":\"https:\/\/instytutpolski.pl\/bucuresti\/\",\"name\":\"Instytut Polski w Bukareszcie\",\"description\":\"Instytuty Polskie\",\"potentialAction\":[{\"@type\":\"SearchAction\",\"target\":{\"@type\":\"EntryPoint\",\"urlTemplate\":\"https:\/\/instytutpolski.pl\/bucuresti\/?s={search_term_string}\"},\"query-input\":{\"@type\":\"PropertyValueSpecification\",\"valueRequired\":true,\"valueName\":\"search_term_string\"}}],\"inLanguage\":\"pl-PL\"}]}<\/script>\n<!-- \/ Yoast SEO plugin. -->","yoast_head_json":{"title":"Muzeul Na\u021bional Digital din Var\u0219ovia - Instytut Polski w Bukareszcie","robots":{"index":"index","follow":"follow","max-snippet":"max-snippet:-1","max-image-preview":"max-image-preview:large","max-video-preview":"max-video-preview:-1"},"canonical":"https:\/\/instytutpolski.pl\/bucuresti\/cunoaste-polonia-3\/cultura-in-polonia\/muzee\/muzeul-national-digital-din-varsovia\/","og_locale":"pl_PL","og_type":"article","og_title":"Muzeul Na\u021bional Digital din Var\u0219ovia - Instytut Polski w Bukareszcie","og_description":"Muzeul Na\u021bional Digital din Var\u0219ovia\u00a0prezint\u0103 aproape 60 de mii de obiecte de muzeu din cele peste 800 de mii aflate \u00een colec\u021biile Muzeului. Sunt capodopere ale picturii, sculpturii \u0219i graficii poloneze, picturi murale antice cu Faras, descoperite de arheologii polonezi, art\u0103 medieval\u0103 \u0219i modern\u0103. Oricine, indiferent de locul \u00een care tr\u0103ie\u0219te, poate face un tur [&hellip;]","og_url":"https:\/\/instytutpolski.pl\/bucuresti\/cunoaste-polonia-3\/cultura-in-polonia\/muzee\/muzeul-national-digital-din-varsovia\/","og_site_name":"Instytut Polski w Bukareszcie","article_modified_time":"2020-10-29T10:21:32+00:00","og_image":[{"width":2560,"height":1003,"url":"https:\/\/instytutpolski.pl\/bucuresti\/wp-content\/uploads\/sites\/11\/2020\/10\/fot_Adam-Oleksiak_MNW_9-gotowe-scaled.jpg","type":"image\/jpeg"}],"twitter_card":"summary_large_image","twitter_misc":{"Szacowany czas czytania":"2 minuty"},"schema":{"@context":"https:\/\/schema.org","@graph":[{"@type":"WebPage","@id":"https:\/\/instytutpolski.pl\/bucuresti\/cunoaste-polonia-3\/cultura-in-polonia\/muzee\/muzeul-national-digital-din-varsovia\/","url":"https:\/\/instytutpolski.pl\/bucuresti\/cunoaste-polonia-3\/cultura-in-polonia\/muzee\/muzeul-national-digital-din-varsovia\/","name":"Muzeul Na\u021bional Digital din Var\u0219ovia - Instytut Polski w Bukareszcie","isPartOf":{"@id":"https:\/\/instytutpolski.pl\/bucuresti\/#website"},"primaryImageOfPage":{"@id":"https:\/\/instytutpolski.pl\/bucuresti\/cunoaste-polonia-3\/cultura-in-polonia\/muzee\/muzeul-national-digital-din-varsovia\/#primaryimage"},"image":{"@id":"https:\/\/instytutpolski.pl\/bucuresti\/cunoaste-polonia-3\/cultura-in-polonia\/muzee\/muzeul-national-digital-din-varsovia\/#primaryimage"},"thumbnailUrl":"https:\/\/instytutpolski.pl\/bucuresti\/wp-content\/uploads\/sites\/11\/2020\/10\/fot_Adam-Oleksiak_MNW_9-gotowe-scaled.jpg","datePublished":"2020-10-27T11:14:06+00:00","dateModified":"2020-10-29T10:21:32+00:00","breadcrumb":{"@id":"https:\/\/instytutpolski.pl\/bucuresti\/cunoaste-polonia-3\/cultura-in-polonia\/muzee\/muzeul-national-digital-din-varsovia\/#breadcrumb"},"inLanguage":"pl-PL","potentialAction":[{"@type":"ReadAction","target":["https:\/\/instytutpolski.pl\/bucuresti\/cunoaste-polonia-3\/cultura-in-polonia\/muzee\/muzeul-national-digital-din-varsovia\/"]}]},{"@type":"ImageObject","inLanguage":"pl-PL","@id":"https:\/\/instytutpolski.pl\/bucuresti\/cunoaste-polonia-3\/cultura-in-polonia\/muzee\/muzeul-national-digital-din-varsovia\/#primaryimage","url":"https:\/\/instytutpolski.pl\/bucuresti\/wp-content\/uploads\/sites\/11\/2020\/10\/fot_Adam-Oleksiak_MNW_9-gotowe-scaled.jpg","contentUrl":"https:\/\/instytutpolski.pl\/bucuresti\/wp-content\/uploads\/sites\/11\/2020\/10\/fot_Adam-Oleksiak_MNW_9-gotowe-scaled.jpg","width":2560,"height":1003},{"@type":"BreadcrumbList","@id":"https:\/\/instytutpolski.pl\/bucuresti\/cunoaste-polonia-3\/cultura-in-polonia\/muzee\/muzeul-national-digital-din-varsovia\/#breadcrumb","itemListElement":[{"@type":"ListItem","position":1,"name":"Home","item":"https:\/\/instytutpolski.pl\/bucuresti\/"},{"@type":"ListItem","position":2,"name":"Cunoa\u0219te Polonia","item":"https:\/\/instytutpolski.pl\/bucuresti\/cunoaste-polonia-3\/"},{"@type":"ListItem","position":3,"name":"Cultura \u00een Polonia","item":"https:\/\/instytutpolski.pl\/bucuresti\/cunoaste-polonia-3\/cultura-in-polonia\/"},{"@type":"ListItem","position":4,"name":"Muzee","item":"https:\/\/instytutpolski.pl\/bucuresti\/cunoaste-polonia-3\/cultura-in-polonia\/muzee\/"},{"@type":"ListItem","position":5,"name":"Muzeul Na\u021bional Digital din Var\u0219ovia"}]},{"@type":"WebSite","@id":"https:\/\/instytutpolski.pl\/bucuresti\/#website","url":"https:\/\/instytutpolski.pl\/bucuresti\/","name":"Instytut Polski w Bukareszcie","description":"Instytuty Polskie","potentialAction":[{"@type":"SearchAction","target":{"@type":"EntryPoint","urlTemplate":"https:\/\/instytutpolski.pl\/bucuresti\/?s={search_term_string}"},"query-input":{"@type":"PropertyValueSpecification","valueRequired":true,"valueName":"search_term_string"}}],"inLanguage":"pl-PL"}]}},"_links":{"self":[{"href":"https:\/\/instytutpolski.pl\/bucuresti\/wp-json\/wp\/v2\/pages\/6006","targetHints":{"allow":["GET"]}}],"collection":[{"href":"https:\/\/instytutpolski.pl\/bucuresti\/wp-json\/wp\/v2\/pages"}],"about":[{"href":"https:\/\/instytutpolski.pl\/bucuresti\/wp-json\/wp\/v2\/types\/page"}],"author":[{"embeddable":true,"href":"https:\/\/instytutpolski.pl\/bucuresti\/wp-json\/wp\/v2\/users\/43"}],"replies":[{"embeddable":true,"href":"https:\/\/instytutpolski.pl\/bucuresti\/wp-json\/wp\/v2\/comments?post=6006"}],"version-history":[{"count":6,"href":"https:\/\/instytutpolski.pl\/bucuresti\/wp-json\/wp\/v2\/pages\/6006\/revisions"}],"predecessor-version":[{"id":6020,"href":"https:\/\/instytutpolski.pl\/bucuresti\/wp-json\/wp\/v2\/pages\/6006\/revisions\/6020"}],"up":[{"embeddable":true,"href":"https:\/\/instytutpolski.pl\/bucuresti\/wp-json\/wp\/v2\/pages\/5948"}],"wp:featuredmedia":[{"embeddable":true,"href":"https:\/\/instytutpolski.pl\/bucuresti\/wp-json\/wp\/v2\/media\/5990"}],"wp:attachment":[{"href":"https:\/\/instytutpolski.pl\/bucuresti\/wp-json\/wp\/v2\/media?parent=6006"}],"curies":[{"name":"wp","href":"https:\/\/api.w.org\/{rel}","templated":true}]}}