{"id":63,"date":"2019-06-05T20:28:04","date_gmt":"2019-06-05T18:28:04","guid":{"rendered":"https:\/\/instytutpolski.pl\/bukareszt\/?page_id=63"},"modified":"2021-04-01T14:21:02","modified_gmt":"2021-04-01T12:21:02","slug":"mediateca","status":"publish","type":"page","link":"https:\/\/instytutpolski.pl\/bucuresti\/mediateca\/","title":{"rendered":"Mediateca"},"content":{"rendered":"\n<p>F\u0103-ne o vizit\u0103 la Institutul Polonez! Cite\u0219te c\u0103r\u021bi, \u00eemprumut\u0103 filme sau ascult\u0103 muzic\u0103. Verific\u0103 \u00een catalogul nostru online dac\u0103 avem ceva interesant pentru tine!<\/p>\n<p><a href=\"https:\/\/xn--szukamksiki-4kb16m.pl\/SkNewWeb\/bstart\/517000829?dummy=1&amp;locale=en\" target=\"_blank\" rel=\"noopener noreferrer\"><strong>Catalogul on-line<\/strong><\/a><\/p>\n<p>Cea mai mare parte a mediatecii o constituie biblioteca, totaliz\u00e2nd un num\u0103r de cca. 4 000 de volume, \u00een principal c\u0103r\u021bi de autori polonezi.\u00a0\u00cen colec\u021biile noastre, permanent \u00eembog\u0103\u021bite, vei g\u0103si: proz\u0103, poezie, non-fiction, c\u0103r\u021bi despre teatru, art\u0103, cultur\u0103, istorie, dar \u0219i dic\u021bionare, lexicoane, ghiduri turistice \u0219i audiobook-uri.<\/p>\n<p>Chiar dac\u0103 nu \u0219tii limba polon\u0103, \u00een mediateca noastr\u0103 vei g\u0103si ceva pentru tine! Oferim cititorilor traduceri din literatura polon\u0103 \u00een limba rom\u00e2n\u0103, avem \u0219i aprox. 220 de filme (inclusiv produc\u021bii noi, cu subtitrare \u00een limba englez\u0103 sau francez\u0103), regizate de c\u0103tre cele mai reprezentative personalit\u0103\u021bi ale cinematografiei poloneze. \u00cen ceea ce prive\u0219te \u00eenregistr\u0103rile muzicale, acestea cuprind \u00een primul r\u00e2nd interpret\u0103ri ale lucr\u0103rilor de muzic\u0103 clasic\u0103 de compozitori polonezi, precum \u0219i CD-uri \u0219i DVD-uri cu muzic\u0103 de jazz, dar \u0219i etno \u0219i folk (peste 250 de titluri).<\/p>\n<p><strong>Programul de func\u021bionare al mediatecii: <\/strong><span style=\"font-size: inherit\">Joi 11.00-17.00<\/span><\/p>\n<p>Dac\u0103 nu po\u021bi ajunge la noi \u00eentre aceste ore, telefoneaz\u0103 la num\u0103rul +40 21\u00a0224 45 56!<\/p>\n<p>Reguli de \u00eemprumutare a c\u0103r\u021bilor \u0219i CD-\/DVD-urilor:<\/p>\n<p>\u00cemprumuturile de c\u0103r\u021bi sau CD-uri\/DVD-uri se pot face dup\u0103 crearea unui permis de cititor, prezentarea unui act de identitate \u0219i depunerea unei garan\u021bii \u00een valoare de 50 RON. Garan\u021bia va fi returnat\u0103 dup\u0103 renun\u021barea la permisul de cititor. Un cititor poate \u00eemprumuta p\u00e2n\u0103 la trei c\u0103r\u021bi sau CD-uri\/DVD-uri simultan.<\/p>\n<p>Pentru utilizarea s\u0103lii de lectur\u0103 a Institutului nu este necesar permisul de cititor.<\/p>\n<ul>\n<li><a href=\"https:\/\/www.culturapoloneza.ro\/despre-mediateca.html\">Despre mediatec\u0103<\/a><\/li>\n<li><a href=\"http:\/\/xn--szukamksiki-4kb16m.pl\/SzukamKsiazki\/search\/index.html?powiatId=-100&amp;sd=on&amp;sb=on&amp;zaawAuth=379&amp;panId=rm&amp;zaawAuthOld=379&amp;menuBib=-200&amp;https=0&amp;katalog=0&amp;wyszukaj=true&amp;ibuk=1&amp;rha=on&amp;zaawBibOld=829&amp;dokladnie=false&amp;phrase=&amp;sy=on&amp;sw=on&amp;szukaj_miejsce=0&amp;zaawansowane=0&amp;zaawBib=829&amp;gminaId=-100&amp;idkhw=&amp;menuAuth=-200&amp;sk=on&amp;sf=on&amp;se=on&amp;rht=on&amp;ns=t&amp;wersjaJezykowaId=en\" target=\"_blank\" rel=\"noopener noreferrer\">Catalogul on-line<\/a><\/li>\n<li><a href=\"https:\/\/www.culturapoloneza.ro\/carte-poloneza-in-limba-romana.html\">Carte polonez\u0103 \u00een limba rom\u00e2n\u0103<\/a><\/li>\n<li><a href=\"https:\/\/www.culturapoloneza.ro\/noutati.html\">Nout\u0103\u021bi<\/a><\/li>\n<\/ul>\n","protected":false},"excerpt":{"rendered":"<p>F\u0103-ne o vizit\u0103 la Institutul Polonez! Cite\u0219te c\u0103r\u021bi, \u00eemprumut\u0103 filme sau ascult\u0103 muzic\u0103. Verific\u0103 \u00een catalogul nostru online dac\u0103 avem ceva interesant pentru tine! Catalogul on-line Cea mai mare parte a mediatecii o constituie biblioteca, totaliz\u00e2nd un num\u0103r de cca. 4 000 de volume, \u00een principal c\u0103r\u021bi de autori polonezi.\u00a0\u00cen colec\u021biile noastre, permanent \u00eembog\u0103\u021bite, vei [&hellip;]<\/p>\n","protected":false},"author":1,"featured_media":0,"parent":0,"menu_order":0,"comment_status":"closed","ping_status":"closed","template":"","meta":{"inline_featured_image":false,"_monsterinsights_skip_tracking":false,"_monsterinsights_sitenote_active":false,"_monsterinsights_sitenote_note":"","_monsterinsights_sitenote_category":0,"footnotes":""},"class_list":["post-63","page","type-page","status-publish","hentry"],"yoast_head":"<!-- This site is optimized with the Yoast SEO plugin v24.6 - https:\/\/yoast.com\/wordpress\/plugins\/seo\/ -->\n<title>Mediateca - Instytut Polski w Bukareszcie<\/title>\n<meta name=\"robots\" content=\"index, follow, max-snippet:-1, max-image-preview:large, max-video-preview:-1\" \/>\n<link rel=\"canonical\" href=\"https:\/\/instytutpolski.pl\/bucuresti\/mediateca\/\" \/>\n<meta property=\"og:locale\" content=\"pl_PL\" \/>\n<meta property=\"og:type\" content=\"article\" \/>\n<meta property=\"og:title\" content=\"Mediateca - Instytut Polski w Bukareszcie\" \/>\n<meta property=\"og:description\" content=\"F\u0103-ne o vizit\u0103 la Institutul Polonez! Cite\u0219te c\u0103r\u021bi, \u00eemprumut\u0103 filme sau ascult\u0103 muzic\u0103. Verific\u0103 \u00een catalogul nostru online dac\u0103 avem ceva interesant pentru tine! Catalogul on-line Cea mai mare parte a mediatecii o constituie biblioteca, totaliz\u00e2nd un num\u0103r de cca. 4 000 de volume, \u00een principal c\u0103r\u021bi de autori polonezi.\u00a0\u00cen colec\u021biile noastre, permanent \u00eembog\u0103\u021bite, vei [&hellip;]\" \/>\n<meta property=\"og:url\" content=\"https:\/\/instytutpolski.pl\/bucuresti\/mediateca\/\" \/>\n<meta property=\"og:site_name\" content=\"Instytut Polski w Bukareszcie\" \/>\n<meta property=\"article:modified_time\" content=\"2021-04-01T12:21:02+00:00\" \/>\n<meta name=\"twitter:card\" content=\"summary_large_image\" \/>\n<meta name=\"twitter:label1\" content=\"Szacowany czas czytania\" \/>\n\t<meta name=\"twitter:data1\" content=\"1 minuta\" \/>\n<script type=\"application\/ld+json\" class=\"yoast-schema-graph\">{\"@context\":\"https:\/\/schema.org\",\"@graph\":[{\"@type\":\"WebPage\",\"@id\":\"https:\/\/instytutpolski.pl\/bucuresti\/mediateca\/\",\"url\":\"https:\/\/instytutpolski.pl\/bucuresti\/mediateca\/\",\"name\":\"Mediateca - Instytut Polski w Bukareszcie\",\"isPartOf\":{\"@id\":\"https:\/\/instytutpolski.pl\/bucuresti\/#website\"},\"datePublished\":\"2019-06-05T18:28:04+00:00\",\"dateModified\":\"2021-04-01T12:21:02+00:00\",\"breadcrumb\":{\"@id\":\"https:\/\/instytutpolski.pl\/bucuresti\/mediateca\/#breadcrumb\"},\"inLanguage\":\"pl-PL\",\"potentialAction\":[{\"@type\":\"ReadAction\",\"target\":[\"https:\/\/instytutpolski.pl\/bucuresti\/mediateca\/\"]}]},{\"@type\":\"BreadcrumbList\",\"@id\":\"https:\/\/instytutpolski.pl\/bucuresti\/mediateca\/#breadcrumb\",\"itemListElement\":[{\"@type\":\"ListItem\",\"position\":1,\"name\":\"Home\",\"item\":\"https:\/\/instytutpolski.pl\/bucuresti\/\"},{\"@type\":\"ListItem\",\"position\":2,\"name\":\"Mediateca\"}]},{\"@type\":\"WebSite\",\"@id\":\"https:\/\/instytutpolski.pl\/bucuresti\/#website\",\"url\":\"https:\/\/instytutpolski.pl\/bucuresti\/\",\"name\":\"Instytut Polski w Bukareszcie\",\"description\":\"Instytuty Polskie\",\"potentialAction\":[{\"@type\":\"SearchAction\",\"target\":{\"@type\":\"EntryPoint\",\"urlTemplate\":\"https:\/\/instytutpolski.pl\/bucuresti\/?s={search_term_string}\"},\"query-input\":{\"@type\":\"PropertyValueSpecification\",\"valueRequired\":true,\"valueName\":\"search_term_string\"}}],\"inLanguage\":\"pl-PL\"}]}<\/script>\n<!-- \/ Yoast SEO plugin. -->","yoast_head_json":{"title":"Mediateca - Instytut Polski w Bukareszcie","robots":{"index":"index","follow":"follow","max-snippet":"max-snippet:-1","max-image-preview":"max-image-preview:large","max-video-preview":"max-video-preview:-1"},"canonical":"https:\/\/instytutpolski.pl\/bucuresti\/mediateca\/","og_locale":"pl_PL","og_type":"article","og_title":"Mediateca - Instytut Polski w Bukareszcie","og_description":"F\u0103-ne o vizit\u0103 la Institutul Polonez! Cite\u0219te c\u0103r\u021bi, \u00eemprumut\u0103 filme sau ascult\u0103 muzic\u0103. Verific\u0103 \u00een catalogul nostru online dac\u0103 avem ceva interesant pentru tine! Catalogul on-line Cea mai mare parte a mediatecii o constituie biblioteca, totaliz\u00e2nd un num\u0103r de cca. 4 000 de volume, \u00een principal c\u0103r\u021bi de autori polonezi.\u00a0\u00cen colec\u021biile noastre, permanent \u00eembog\u0103\u021bite, vei [&hellip;]","og_url":"https:\/\/instytutpolski.pl\/bucuresti\/mediateca\/","og_site_name":"Instytut Polski w Bukareszcie","article_modified_time":"2021-04-01T12:21:02+00:00","twitter_card":"summary_large_image","twitter_misc":{"Szacowany czas czytania":"1 minuta"},"schema":{"@context":"https:\/\/schema.org","@graph":[{"@type":"WebPage","@id":"https:\/\/instytutpolski.pl\/bucuresti\/mediateca\/","url":"https:\/\/instytutpolski.pl\/bucuresti\/mediateca\/","name":"Mediateca - Instytut Polski w Bukareszcie","isPartOf":{"@id":"https:\/\/instytutpolski.pl\/bucuresti\/#website"},"datePublished":"2019-06-05T18:28:04+00:00","dateModified":"2021-04-01T12:21:02+00:00","breadcrumb":{"@id":"https:\/\/instytutpolski.pl\/bucuresti\/mediateca\/#breadcrumb"},"inLanguage":"pl-PL","potentialAction":[{"@type":"ReadAction","target":["https:\/\/instytutpolski.pl\/bucuresti\/mediateca\/"]}]},{"@type":"BreadcrumbList","@id":"https:\/\/instytutpolski.pl\/bucuresti\/mediateca\/#breadcrumb","itemListElement":[{"@type":"ListItem","position":1,"name":"Home","item":"https:\/\/instytutpolski.pl\/bucuresti\/"},{"@type":"ListItem","position":2,"name":"Mediateca"}]},{"@type":"WebSite","@id":"https:\/\/instytutpolski.pl\/bucuresti\/#website","url":"https:\/\/instytutpolski.pl\/bucuresti\/","name":"Instytut Polski w Bukareszcie","description":"Instytuty Polskie","potentialAction":[{"@type":"SearchAction","target":{"@type":"EntryPoint","urlTemplate":"https:\/\/instytutpolski.pl\/bucuresti\/?s={search_term_string}"},"query-input":{"@type":"PropertyValueSpecification","valueRequired":true,"valueName":"search_term_string"}}],"inLanguage":"pl-PL"}]}},"_links":{"self":[{"href":"https:\/\/instytutpolski.pl\/bucuresti\/wp-json\/wp\/v2\/pages\/63","targetHints":{"allow":["GET"]}}],"collection":[{"href":"https:\/\/instytutpolski.pl\/bucuresti\/wp-json\/wp\/v2\/pages"}],"about":[{"href":"https:\/\/instytutpolski.pl\/bucuresti\/wp-json\/wp\/v2\/types\/page"}],"author":[{"embeddable":true,"href":"https:\/\/instytutpolski.pl\/bucuresti\/wp-json\/wp\/v2\/users\/1"}],"replies":[{"embeddable":true,"href":"https:\/\/instytutpolski.pl\/bucuresti\/wp-json\/wp\/v2\/comments?post=63"}],"version-history":[{"count":4,"href":"https:\/\/instytutpolski.pl\/bucuresti\/wp-json\/wp\/v2\/pages\/63\/revisions"}],"predecessor-version":[{"id":6547,"href":"https:\/\/instytutpolski.pl\/bucuresti\/wp-json\/wp\/v2\/pages\/63\/revisions\/6547"}],"wp:attachment":[{"href":"https:\/\/instytutpolski.pl\/bucuresti\/wp-json\/wp\/v2\/media?parent=63"}],"curies":[{"name":"wp","href":"https:\/\/api.w.org\/{rel}","templated":true}]}}