{"id":88,"date":"2019-06-05T20:47:08","date_gmt":"2019-06-05T18:47:08","guid":{"rendered":"https:\/\/instytutpolski.pl\/bukareszt\/?page_id=88"},"modified":"2020-06-01T00:00:35","modified_gmt":"2020-05-31T22:00:35","slug":"nowosci","status":"publish","type":"page","link":"https:\/\/instytutpolski.pl\/bucuresti\/pl\/nowosci\/","title":{"rendered":"Nowo\u015bci"},"content":{"rendered":"\n<div class=\"head\">\n<p>Nasz ksi\u0119gozbi\u00f3r, kolekcj\u0119 film\u00f3w i p\u0142yt stale uzupe\u0142niamy o najwa\u017cniejsze nowo\u015bci, kt\u00f3re ukaza\u0142y si\u0119 w Polsce. Mamy te\u017c wszystkie najnowsze pozycje literatury polskiej, kt\u00f3re opublikowano w przek\u0142adzie na j\u0119zyk rumu\u0144ski. Polecamy tak\u017ce ksi\u0105\u017cki i filmy dla dzieci oraz polsk\u0105 pras\u0119.<\/p>\n<section class=\"post-image\"><\/section>\n<\/div>\n<p>W\u015br\u00f3d nowo\u015bci, kt\u00f3re ostatnio pojawi\u0142y si\u0119 w naszej bibliotece czytelnikom, kt\u00f3rzy znaj\u0105 j\u0119zyk polski polecamy m.in.:<\/p>\n<ol>\n<li>Magdalena Grzeba\u0142kowska, dwa tytu\u0142y:\u00a0\u201e1945. Woja i pok\u00f3j\u201d\u00a0i\u00a0\u201eBeksi\u0144scy. Portret podw\u00f3jny\u201d<\/li>\n<li>Norman Davies\u00a0\u201eSzlak nadziei. Armia Andersa. Marsz przez trzy kontynenty\u201d<\/li>\n<li>Red. Mariusz Szczygie\u0142\u00a0\u201eAntologia polskiego reporta\u017cu XX wieku\u201d\u00a0\u2013 III tom<\/li>\n<li>Filip Springer\u00a0\u201e13 pi\u0119ter\u201d<\/li>\n<\/ol>\n<p>Czytelnikom, kt\u00f3rzy poszukuj\u0105 literatury w j\u0119zyku rumu\u0144skim w naszej bibliotece polecamy natomiast m.in.:<\/p>\n<ol>\n<li>Aleksandra i Daniel Mizieli\u0144scy\u00a0\u201eH\u0103r\u0163i\u201d\u00a0(\u201eMapy\u201d),\u00a0<a href=\"http:\/\/www.humanitas.ro\/humanitas\/h%C4%83r%C5%A3i\" target=\"_blank\" rel=\"noopener noreferrer\">Editura Humanitas<\/a><\/li>\n<li>Mariusz Szczygie\u0142\u00a0\u201eRaiul pe p\u0103m\u00e2nt\u201d\u00a0(\u201eZr\u00f3b sobie raj\u201d),\u00a0<a href=\"http:\/\/www.editura-art.ro\/info\/carte\/raiul-pe-pamant\" target=\"_blank\" rel=\"noopener noreferrer\">Editura Art<\/a><\/li>\n<li>Adam Burakowski\u00a0\u201eDictatura lui Nicolae Ceau\u0219escu (1965\u20131989). Geniul Carpa\u021bilor\u201d, editia a II-a revazuta si adaugita (\u201eGeniusz Karpat. Dyktarura Nicolae Ceau\u0219escu (1965-89)\u201d),\u00a0<a href=\"http:\/\/www.polirom.ro\/catalog\/carte\/dictatura-lui-nicolae-ceausescu-1965%E2%80%931989--geniul-carpatilor-editia-a-ii-a-revazuta-si-adaugita-6172\/\" target=\"_blank\" rel=\"noopener noreferrer\">Editura Polirom<\/a><\/li>\n<li>Ma\u0142gorzata (Margo) Rejmer\u00a0\u201eBucuresti. Praf si singe\u201d\u00a0(\u201eBukareszt. Kurz i krew\u201d),\u00a0<a href=\"http:\/\/www.polirom.ro\/catalog\/carte\/bucuresti-praf-si-sing-6017\/\" target=\"_blank\" rel=\"noopener noreferrer\">Editura Polirom<\/a><\/li>\n<li>Czes\u0142aw Mi\u0142osz, Aleksander Fiut\u00a0\u201eAutoportretul unui \u00eend\u0103r\u0103tnic. Convorbiri cu Aleksander Fiut\u201d\u00a0(\u201eCzes\u0142awa Mi\u0142osza autoportret przekorny. Rozmowy\u201d),\u00a0<a href=\"http:\/\/ratioetrevelatio.com\/ro\/memorialistica-authentica\/103-autoportretul-unui-indaratnic-convorbiri-cu-aleksander-fiut.html\" target=\"_blank\" rel=\"noopener noreferrer\">Editura Ratio et Revelatio<\/a><\/li>\n<li>Jan Twardowski\u00a0\u201eVremea nedesp\u0103r\u021birii. Poeme alese\u201d\u00a0(\u201eCzas bez po\u017cegna\u0144. Wyb\u00f3r wierszy\u201d),\u00a0<a href=\"http:\/\/ratioetrevelatio.com\/en\/slavonica\/75-vremea-nedesparirii-poeme-alese-jan-twardowski.html\" target=\"_blank\" rel=\"noopener noreferrer\">Editura Ratio et Revelatio<\/a><\/li>\n<\/ol>\n<p>Ju\u017c nied\u0142ugo na naszych p\u00f3\u0142kach znajd\u0105 si\u0119 te\u017c m.in.:<\/p>\n<p>Ksi\u0105\u017cki w j\u0119zyku polskim:<\/p>\n<ol>\n<li>Herta M\u00fcller\u00a0\u201eMoja ojczyzna by\u0142a pestk\u0105 jab\u0142ka\u201d<\/li>\n<li>Katarzyna Bonda\u00a0\u201ePoch\u0142aniacz\u201d, \u201eOkularnik\u201d, \u201eLampiony\u201d<\/li>\n<li>Filip Springer\u00a0\u201eMiasto Archipelag\u201d<\/li>\n<li>Andrzej Stasiuk\u00a0\u201eOsio\u0142kiem\u201d<\/li>\n<li>Szczepan Twardoch\u00a0\u201eKr\u00f3l\u201d<\/li>\n<li>Joanna Bator\u00a0\u201eRok kr\u00f3lika\u201d<\/li>\n<\/ol>\n<p>Filmy z napisami angielskimi:<\/p>\n<ol>\n<li>Kinga D\u0119bska\u00a0\u201eMoje c\u00f3rki krowy\u201d<\/li>\n<li>Janusz Majewski\u00a0\u201eExcentrycy, czyli po s\u0142onecznej stronie ulicy\u201d<\/li>\n<li>Mitja Okorn\u00a0\u201ePlaneta singli\u201d<\/li>\n<li>Agnieszka Smoczy\u0144ska\u00a0\u201eC\u00f3rki dancingu\u201d<\/li>\n<li>Marcin Kosza\u0142ka\u00a0\u201eCzerwony paj\u0105k\u201d<\/li>\n<li>Jerzy Stuhr\u00a0\u201eObywatel\u201d<\/li>\n<\/ol>\n<p>Zapraszamy do biblioteki i mediateki Instytutu Polskiego w Bukareszcie od poniedzia\u0142ku do pi\u0105tku w godz. 9.00-17.00. Nasz adres: Str. Popa Savu 28 (tylko 3 minuty spacerem ze stacji metra Aviatorilor). Zasady wypo\u017cyczania &#8211;\u00a0<a href=\"https:\/\/instytutpolski.pl\/bukareszt\/pl\/o-mediatece\/\">po polsku<\/a>\u00a0i\u00a0<a href=\"https:\/\/instytutpolski.pl\/bukareszt\/mediateca\/\">po rumu\u0144sku<\/a><\/p>\n","protected":false},"excerpt":{"rendered":"<p>Nasz ksi\u0119gozbi\u00f3r, kolekcj\u0119 film\u00f3w i p\u0142yt stale uzupe\u0142niamy o najwa\u017cniejsze nowo\u015bci, kt\u00f3re ukaza\u0142y si\u0119 w Polsce. Mamy te\u017c wszystkie najnowsze pozycje literatury polskiej, kt\u00f3re opublikowano w przek\u0142adzie na j\u0119zyk rumu\u0144ski. Polecamy tak\u017ce ksi\u0105\u017cki i filmy dla dzieci oraz polsk\u0105 pras\u0119. W\u015br\u00f3d nowo\u015bci, kt\u00f3re ostatnio pojawi\u0142y si\u0119 w naszej bibliotece czytelnikom, kt\u00f3rzy znaj\u0105 j\u0119zyk polski polecamy [&hellip;]<\/p>\n","protected":false},"author":1,"featured_media":1285,"parent":0,"menu_order":0,"comment_status":"closed","ping_status":"closed","template":"","meta":{"inline_featured_image":false,"_monsterinsights_skip_tracking":false,"_monsterinsights_sitenote_active":false,"_monsterinsights_sitenote_note":"","_monsterinsights_sitenote_category":0,"footnotes":""},"class_list":["post-88","page","type-page","status-publish","has-post-thumbnail","hentry"],"yoast_head":"<!-- This site is optimized with the Yoast SEO plugin v24.6 - https:\/\/yoast.com\/wordpress\/plugins\/seo\/ -->\n<title>Nowo\u015bci - Instytut Polski w Bukareszcie<\/title>\n<meta name=\"robots\" content=\"index, follow, max-snippet:-1, max-image-preview:large, max-video-preview:-1\" \/>\n<link rel=\"canonical\" href=\"https:\/\/instytutpolski.pl\/bucuresti\/pl\/nowosci\/\" \/>\n<meta property=\"og:locale\" content=\"pl_PL\" \/>\n<meta property=\"og:type\" content=\"article\" \/>\n<meta property=\"og:title\" content=\"Nowo\u015bci - Instytut Polski w Bukareszcie\" \/>\n<meta property=\"og:description\" content=\"Nasz ksi\u0119gozbi\u00f3r, kolekcj\u0119 film\u00f3w i p\u0142yt stale uzupe\u0142niamy o najwa\u017cniejsze nowo\u015bci, kt\u00f3re ukaza\u0142y si\u0119 w Polsce. Mamy te\u017c wszystkie najnowsze pozycje literatury polskiej, kt\u00f3re opublikowano w przek\u0142adzie na j\u0119zyk rumu\u0144ski. Polecamy tak\u017ce ksi\u0105\u017cki i filmy dla dzieci oraz polsk\u0105 pras\u0119. W\u015br\u00f3d nowo\u015bci, kt\u00f3re ostatnio pojawi\u0142y si\u0119 w naszej bibliotece czytelnikom, kt\u00f3rzy znaj\u0105 j\u0119zyk polski polecamy [&hellip;]\" \/>\n<meta property=\"og:url\" content=\"https:\/\/instytutpolski.pl\/bucuresti\/pl\/nowosci\/\" \/>\n<meta property=\"og:site_name\" content=\"Instytut Polski w Bukareszcie\" \/>\n<meta property=\"article:modified_time\" content=\"2020-05-31T22:00:35+00:00\" \/>\n<meta property=\"og:image\" content=\"https:\/\/instytutpolski.pl\/bucuresti\/wp-content\/uploads\/sites\/11\/2020\/03\/Mediateka_IP.jpg\" \/>\n\t<meta property=\"og:image:width\" content=\"1641\" \/>\n\t<meta property=\"og:image:height\" content=\"988\" \/>\n\t<meta property=\"og:image:type\" content=\"image\/jpeg\" \/>\n<meta name=\"twitter:card\" content=\"summary_large_image\" \/>\n<meta name=\"twitter:label1\" content=\"Szacowany czas czytania\" \/>\n\t<meta name=\"twitter:data1\" content=\"2 minuty\" \/>\n<script type=\"application\/ld+json\" class=\"yoast-schema-graph\">{\"@context\":\"https:\/\/schema.org\",\"@graph\":[{\"@type\":\"WebPage\",\"@id\":\"https:\/\/instytutpolski.pl\/bucuresti\/pl\/nowosci\/\",\"url\":\"https:\/\/instytutpolski.pl\/bucuresti\/pl\/nowosci\/\",\"name\":\"Nowo\u015bci - Instytut Polski w Bukareszcie\",\"isPartOf\":{\"@id\":\"https:\/\/instytutpolski.pl\/bucuresti\/#website\"},\"primaryImageOfPage\":{\"@id\":\"https:\/\/instytutpolski.pl\/bucuresti\/pl\/nowosci\/#primaryimage\"},\"image\":{\"@id\":\"https:\/\/instytutpolski.pl\/bucuresti\/pl\/nowosci\/#primaryimage\"},\"thumbnailUrl\":\"https:\/\/instytutpolski.pl\/bucuresti\/wp-content\/uploads\/sites\/11\/2020\/03\/Mediateka_IP.jpg\",\"datePublished\":\"2019-06-05T18:47:08+00:00\",\"dateModified\":\"2020-05-31T22:00:35+00:00\",\"breadcrumb\":{\"@id\":\"https:\/\/instytutpolski.pl\/bucuresti\/pl\/nowosci\/#breadcrumb\"},\"inLanguage\":\"pl-PL\",\"potentialAction\":[{\"@type\":\"ReadAction\",\"target\":[\"https:\/\/instytutpolski.pl\/bucuresti\/pl\/nowosci\/\"]}]},{\"@type\":\"ImageObject\",\"inLanguage\":\"pl-PL\",\"@id\":\"https:\/\/instytutpolski.pl\/bucuresti\/pl\/nowosci\/#primaryimage\",\"url\":\"https:\/\/instytutpolski.pl\/bucuresti\/wp-content\/uploads\/sites\/11\/2020\/03\/Mediateka_IP.jpg\",\"contentUrl\":\"https:\/\/instytutpolski.pl\/bucuresti\/wp-content\/uploads\/sites\/11\/2020\/03\/Mediateka_IP.jpg\",\"width\":1641,\"height\":988,\"caption\":\"Mediateka Instytutu Polskiego w Bukareszcie. Fot. Agnieszka Skieterska\"},{\"@type\":\"BreadcrumbList\",\"@id\":\"https:\/\/instytutpolski.pl\/bucuresti\/pl\/nowosci\/#breadcrumb\",\"itemListElement\":[{\"@type\":\"ListItem\",\"position\":1,\"name\":\"Home\",\"item\":\"https:\/\/instytutpolski.pl\/bucuresti\/\"},{\"@type\":\"ListItem\",\"position\":2,\"name\":\"Nowo\u015bci\"}]},{\"@type\":\"WebSite\",\"@id\":\"https:\/\/instytutpolski.pl\/bucuresti\/#website\",\"url\":\"https:\/\/instytutpolski.pl\/bucuresti\/\",\"name\":\"Instytut Polski w Bukareszcie\",\"description\":\"Instytuty Polskie\",\"potentialAction\":[{\"@type\":\"SearchAction\",\"target\":{\"@type\":\"EntryPoint\",\"urlTemplate\":\"https:\/\/instytutpolski.pl\/bucuresti\/?s={search_term_string}\"},\"query-input\":{\"@type\":\"PropertyValueSpecification\",\"valueRequired\":true,\"valueName\":\"search_term_string\"}}],\"inLanguage\":\"pl-PL\"}]}<\/script>\n<!-- \/ Yoast SEO plugin. -->","yoast_head_json":{"title":"Nowo\u015bci - Instytut Polski w Bukareszcie","robots":{"index":"index","follow":"follow","max-snippet":"max-snippet:-1","max-image-preview":"max-image-preview:large","max-video-preview":"max-video-preview:-1"},"canonical":"https:\/\/instytutpolski.pl\/bucuresti\/pl\/nowosci\/","og_locale":"pl_PL","og_type":"article","og_title":"Nowo\u015bci - Instytut Polski w Bukareszcie","og_description":"Nasz ksi\u0119gozbi\u00f3r, kolekcj\u0119 film\u00f3w i p\u0142yt stale uzupe\u0142niamy o najwa\u017cniejsze nowo\u015bci, kt\u00f3re ukaza\u0142y si\u0119 w Polsce. Mamy te\u017c wszystkie najnowsze pozycje literatury polskiej, kt\u00f3re opublikowano w przek\u0142adzie na j\u0119zyk rumu\u0144ski. Polecamy tak\u017ce ksi\u0105\u017cki i filmy dla dzieci oraz polsk\u0105 pras\u0119. W\u015br\u00f3d nowo\u015bci, kt\u00f3re ostatnio pojawi\u0142y si\u0119 w naszej bibliotece czytelnikom, kt\u00f3rzy znaj\u0105 j\u0119zyk polski polecamy [&hellip;]","og_url":"https:\/\/instytutpolski.pl\/bucuresti\/pl\/nowosci\/","og_site_name":"Instytut Polski w Bukareszcie","article_modified_time":"2020-05-31T22:00:35+00:00","og_image":[{"width":1641,"height":988,"url":"https:\/\/instytutpolski.pl\/bucuresti\/wp-content\/uploads\/sites\/11\/2020\/03\/Mediateka_IP.jpg","type":"image\/jpeg"}],"twitter_card":"summary_large_image","twitter_misc":{"Szacowany czas czytania":"2 minuty"},"schema":{"@context":"https:\/\/schema.org","@graph":[{"@type":"WebPage","@id":"https:\/\/instytutpolski.pl\/bucuresti\/pl\/nowosci\/","url":"https:\/\/instytutpolski.pl\/bucuresti\/pl\/nowosci\/","name":"Nowo\u015bci - Instytut Polski w Bukareszcie","isPartOf":{"@id":"https:\/\/instytutpolski.pl\/bucuresti\/#website"},"primaryImageOfPage":{"@id":"https:\/\/instytutpolski.pl\/bucuresti\/pl\/nowosci\/#primaryimage"},"image":{"@id":"https:\/\/instytutpolski.pl\/bucuresti\/pl\/nowosci\/#primaryimage"},"thumbnailUrl":"https:\/\/instytutpolski.pl\/bucuresti\/wp-content\/uploads\/sites\/11\/2020\/03\/Mediateka_IP.jpg","datePublished":"2019-06-05T18:47:08+00:00","dateModified":"2020-05-31T22:00:35+00:00","breadcrumb":{"@id":"https:\/\/instytutpolski.pl\/bucuresti\/pl\/nowosci\/#breadcrumb"},"inLanguage":"pl-PL","potentialAction":[{"@type":"ReadAction","target":["https:\/\/instytutpolski.pl\/bucuresti\/pl\/nowosci\/"]}]},{"@type":"ImageObject","inLanguage":"pl-PL","@id":"https:\/\/instytutpolski.pl\/bucuresti\/pl\/nowosci\/#primaryimage","url":"https:\/\/instytutpolski.pl\/bucuresti\/wp-content\/uploads\/sites\/11\/2020\/03\/Mediateka_IP.jpg","contentUrl":"https:\/\/instytutpolski.pl\/bucuresti\/wp-content\/uploads\/sites\/11\/2020\/03\/Mediateka_IP.jpg","width":1641,"height":988,"caption":"Mediateka Instytutu Polskiego w Bukareszcie. Fot. Agnieszka Skieterska"},{"@type":"BreadcrumbList","@id":"https:\/\/instytutpolski.pl\/bucuresti\/pl\/nowosci\/#breadcrumb","itemListElement":[{"@type":"ListItem","position":1,"name":"Home","item":"https:\/\/instytutpolski.pl\/bucuresti\/"},{"@type":"ListItem","position":2,"name":"Nowo\u015bci"}]},{"@type":"WebSite","@id":"https:\/\/instytutpolski.pl\/bucuresti\/#website","url":"https:\/\/instytutpolski.pl\/bucuresti\/","name":"Instytut Polski w Bukareszcie","description":"Instytuty Polskie","potentialAction":[{"@type":"SearchAction","target":{"@type":"EntryPoint","urlTemplate":"https:\/\/instytutpolski.pl\/bucuresti\/?s={search_term_string}"},"query-input":{"@type":"PropertyValueSpecification","valueRequired":true,"valueName":"search_term_string"}}],"inLanguage":"pl-PL"}]}},"_links":{"self":[{"href":"https:\/\/instytutpolski.pl\/bucuresti\/wp-json\/wp\/v2\/pages\/88","targetHints":{"allow":["GET"]}}],"collection":[{"href":"https:\/\/instytutpolski.pl\/bucuresti\/wp-json\/wp\/v2\/pages"}],"about":[{"href":"https:\/\/instytutpolski.pl\/bucuresti\/wp-json\/wp\/v2\/types\/page"}],"author":[{"embeddable":true,"href":"https:\/\/instytutpolski.pl\/bucuresti\/wp-json\/wp\/v2\/users\/1"}],"replies":[{"embeddable":true,"href":"https:\/\/instytutpolski.pl\/bucuresti\/wp-json\/wp\/v2\/comments?post=88"}],"version-history":[{"count":3,"href":"https:\/\/instytutpolski.pl\/bucuresti\/wp-json\/wp\/v2\/pages\/88\/revisions"}],"predecessor-version":[{"id":2749,"href":"https:\/\/instytutpolski.pl\/bucuresti\/wp-json\/wp\/v2\/pages\/88\/revisions\/2749"}],"wp:featuredmedia":[{"embeddable":true,"href":"https:\/\/instytutpolski.pl\/bucuresti\/wp-json\/wp\/v2\/media\/1285"}],"wp:attachment":[{"href":"https:\/\/instytutpolski.pl\/bucuresti\/wp-json\/wp\/v2\/media?parent=88"}],"curies":[{"name":"wp","href":"https:\/\/api.w.org\/{rel}","templated":true}]}}