{"id":100,"date":"2019-05-28T14:30:21","date_gmt":"2019-05-28T12:30:21","guid":{"rendered":"https:\/\/instytutpolski.pl\/budapeszt\/?page_id=100"},"modified":"2019-05-28T14:30:21","modified_gmt":"2019-05-28T12:30:21","slug":"nauka-jezyka-polskiego","status":"publish","type":"page","link":"https:\/\/instytutpolski.pl\/budapest\/pl\/nauka-jezyka-polskiego\/","title":{"rendered":"Nauka j\u0119zyka polskiego"},"content":{"rendered":"\n<p><strong>Kursy j\u0119zyka polskiego<\/strong><\/p>\n<p>Ucz si\u0119 j\u0119zyka polskiego! Zg\u0142o\u015b si\u0119 na kurs rozpoczynaj\u0105cy si\u0119 5 pa\u017adziernika!<\/p>\n<p>Zg\u0142oszenia przyjmujemy w terminie od 28 wrze\u015bnia do 2 pa\u017adziernika.<\/p>\n<p><strong>Op\u0142at\u0119 za kurs prosimy regulowa\u0107 przelewem,\u00a0<\/strong><strong>po uprzednim e-mailowym, b\u0105d\u017a telefonicznym uzgodnieniem z sekretariatem IP odpowiedniej grupy<\/strong><strong>, na konto w\u00a0 banku<\/strong><\/p>\n<p><strong>Penta Art Egyes\u00fclet\u00a0MKB Bank Zrt :10300002-10565128-49020027<\/strong><\/p>\n<p>W tytule przelewu prosimy umie\u015bci\u0107 nast\u0119puj\u0105ce dane: op\u0142ata za kurs i jak grupa\u00a0<\/p>\n<p>(np. poziom podstawowy, 6 semestr)<\/p>\n<p>Potwierdzenie transakcji \u00a0nale\u017cy wys\u0142a\u0107 e-mailem na adres sekretariatu IP!<\/p>\n<p>Zapewniamy:<\/p>\n<ul>\n<li>nauk\u0119 w ma\u0142ych grupach<\/li>\n<li>kompetentnych lektor\u00f3w z wieloletnim do\u015bwiadczeniem<\/li>\n<li>przyjazn\u0105, domow\u0105 atmosfer\u0119<\/li>\n<\/ul>\n<p>Instytut Polski w Budapeszcie 2 razy w roku, w pa\u017adzierniku i w lutym, organizuje kursy j\u0119zyka polskiego na r\u00f3\u017cnych poziomach zaawansowania.<\/p>\n<p>Zaj\u0119cia odbywaj\u0105 si\u0119 2 razy w tygodniu: w poniedzia\u0142ki i w \u015brody, b\u0105d\u017a we wtorki i w czwartki<\/p>\n<p>Ka\u017cdy kurs to jeden semestr, czyli 60 godzin nauki. Zaj\u0119cia prowadz\u0105 dobrze przygotowani lektorzy z wieloletnim do\u015bwiadczeniem. Podr\u0119czniki\u00a0 \u201eHurra!!! Po polsku\u201d do nabycia w Budapeszcie w\u00a0<strong>kawiarni i ksi\u0119garni Gda\u0144sk: Gda\u0144sk Lengyel K\u00f6nyvesbolt \u00e9s B\u00fcf\u00e9<\/strong>, adres: ul. Bart\u00f3k B\u00e9la 46, 1111 Budapest, tel. kom\u00f3rkowy: +36 20 \/998 18 73.<\/p>\n<p>W cenie kursu jest test na koniec semestru oraz dyplom, koszty podr\u0119cznik\u00f3w pokrywaj\u0105 kursanci.\u00a0<\/p>\n<p>Dodatkowych informacji udziela sekretariat Instytutu Polskiego (1065 Budapest, ul. Nagymez\u0151 15)<\/p>\n<p>Kontakt: \u00a0El\u017cbieta Forusi\u0144ska-Hamar<\/p>\n<p>tel.: (+361) 50 54\u00a0660, e-mail:\u00a0<a href=\"mailto:budapeszt@instytutpolski.org\">budapeszt@instytutpolski.org<\/a><\/p>\n<p>Godziny otwarcia: 9.00 \u2013 17.00 od poniedzia\u0142ku do wtorku<\/p>\n<ul>\n<li>Zg\u0142osi\u0107 si\u0119 na kursy mo\u017cna w e-mailu, telefonicznie, b\u0105d\u017a osobi\u015bcie w godzinach otwarcia sekretariatu<\/li>\n<li>Udzia\u0142 w kursie mog\u0105 wzi\u0105\u0107 te osoby, kt\u00f3re dokona\u0142y przelewu op\u0142aty za kurs<\/li>\n<li>Koszt jednego semestru: 39\u00a0000 HUF, studenci z wa\u017cn\u0105 legitymacj\u0105 35\u00a0000 HUF<\/li>\n<\/ul>\n<p>\u00a0<\/p>\n<p>Nasz partner:<\/p>\n<p>The CUBE<\/p>\n<p><strong>Certyfikat otrzymuj\u0105 ci kursanci, kt\u00f3rzy:<\/strong><\/p>\n<ul>\n<li>wzi\u0119li udzia\u0142 w przynajmniej 60 % zaj\u0119\u0107<\/li>\n<li>przyst\u0105pili do egzaminu obejmuj\u0105cego wiedz\u0119 prezentowan\u0105 na kursie udzielaj\u0105c powy\u017cej 60 % prawid\u0142owych odpowiedzi<\/li>\n<\/ul>\n<p>\u00a0<\/p>\n<h2><strong>NAUKA J\u0118ZYKA POLSKIEGO W POLSCE<\/strong><\/h2>\n<p>Liczne o\u015brodki edukacyjne na terenie ca\u0142ego kraju oferuj\u0105 kursy j\u0119zyka polskiego dla obcokrajowc\u00f3w. S\u0105 w\u015br\u00f3d nich zar\u00f3wno kursy roczne, p\u00f3\u0142roczne oraz szko\u0142y letnie. Poni\u017cej lista kilku wybranych o\u015brodk\u00f3w nauki j\u0119zyka i kultury polskiej:<\/p>\n<p><a href=\"http:\/\/www.polonicum.uw.edu.pl\/\" target=\"_blank\" rel=\"noopener noreferrer\">Centrum J\u0119zyka Polskiego i Kultury Polskiej dla Cudzoziemc\u00f3w POLONICUM<\/a><\/p>\n<p><a href=\"http:\/\/www.ojp.edu.pl\/\" target=\"_blank\" rel=\"noopener noreferrer\">O\u015brodek J\u0119zyka Polskiego w Gda\u0144sku<\/a><\/p>\n<p><a href=\"http:\/\/www.lingua-city.com\/\" target=\"_blank\" rel=\"noopener noreferrer\">Lingua City<\/a><\/p>\n<p><a href=\"http:\/\/kurspolskiego.pl\/\" target=\"_blank\" rel=\"noopener noreferrer\">VARIA Centrum J\u0119zyka Polskiego<\/a><\/p>\n<p><a href=\"http:\/\/www.sjpik.uni.wroc.pl\/\" target=\"_blank\" rel=\"noopener noreferrer\">Szko\u0142a J\u0119zyka Polskiego i Kultury dla Cudzoziemc\u00f3w Uniwersytet Wroc\u0142awski<\/a><\/p>\n<p><a href=\"http:\/\/www.uj.edu.pl\/Polonia\" target=\"_blank\" rel=\"noopener noreferrer\">Centrum J\u0119zyka i Kultury Polskiej w \u015awiecie<\/a><\/p>\n<p><a href=\"http:\/\/www.uj.edu.pl\/SL\" target=\"_blank\" rel=\"noopener noreferrer\">Szko\u0142a J\u0119zyka i Kultury Polskiej UJ<\/a><\/p>\n<p><a href=\"http:\/\/www.summerschool.amu.edu.pl\/\" target=\"_blank\" rel=\"noopener noreferrer\">Letnia Szko\u0142a J\u0119zyka i Kultury Polskiej na Uniwersytecie im. Adama Mickiewicza w Poznaniu<\/a><\/p>\n<p><a href=\"http:\/\/www.sjpdc.uni.lodz.pl\/\" target=\"_blank\" rel=\"noopener noreferrer\">Szko\u0142a J\u0119zyka Polskiego dla Obcokrajowc\u00f3w na Uniwersytecie w \u0141odzi<\/a><\/p>\n<p><a href=\"http:\/\/www.staff.amu.edu.pl\/~schoolpl\" target=\"_blank\" rel=\"noopener noreferrer\">Studium J\u0119zyka i Kultury Polskiej dla Cudzoziemc\u00f3w przy Uniwersytecie im. Adama Mickiewicza w Poznaniu<\/a><\/p>\n<p><a href=\"http:\/\/www.sjikp.us.edu.pl\/\" target=\"_blank\" rel=\"noopener noreferrer\">Szko\u0142a J\u0119zyka i Kultury Polskiej Uniwersytet \u015al\u0105ski<\/a><\/p>\n<p><a href=\"http:\/\/www.sjo.pwr.wroc.pl\/89784,131.dhtml\" target=\"_blank\" rel=\"noopener noreferrer\">Studium J\u0119zyk\u00f3w Obcych Politechniki Wroc\u0142awskiej<\/a><\/p>\n<p><a href=\"http:\/\/polishonlinenow.com\/en\/about-us\" target=\"_blank\" rel=\"noopener noreferrer\">Polishonlinenow.com<\/a><\/p>\n<h2><strong>CERTYFIKOWANY EGZAMIN Z J\u0118ZYKA POLSKIEGO<\/strong><\/h2>\n<p>Certyfikowane egzaminy z j\u0119zyka polskiego jako obcego maj\u0105 za zadanie okre\u015blenie kompetencji w j\u0119zyku polskim niezale\u017cnie od instytucji prowadz\u0105cych nauczanie, program\u00f3w nauczania, stosowanych materia\u0142\u00f3w i metod. Znajomo\u015b\u0107 j\u0119zyka polskiego okre\u015bla si\u0119 jako umiej\u0119tno\u015b\u0107 rozumienia wsp\u00f3\u0142czesnej polszczyzny pisanej i m\u00f3wionej oraz umiej\u0119tno\u015b\u0107 u\u017cywania j\u0119zyka polskiego w mowie i pi\u015bmie.<\/p>\n<p><strong>EGZAMIN ECL W BUDAPESZCIE<\/strong><\/p>\n<p>Akredytowanym o\u015brodkiem certyfikowanego egzaminu z j\u0119zyka polskiego ECL w Budapeszcie jest Centrum Nauki J\u0119zyk\u00f3w Obcych przy Uniwersytecie ELTE (<strong>ELTE Idegennyelvi Tov\u00e1bbk\u00e9pz\u0151 K\u00f6zpont). Egzamin organizowany jest dwa razy w roku na poziomach A2, B1, B2 i C1.\u00a0<\/strong><strong>\u00a0<\/strong><\/p>\n<p><a href=\"http:\/\/www.nyak.hu\/hol\/detail.asp?strUid=AAAAAI\" target=\"_blank\" rel=\"noopener noreferrer\">Dalsze informacje<\/a><\/p>\n<p><strong>PA\u0143STWOWY EGZAMIN CERTYFIKOWANY Z J\u0118ZYKA POLSKIEGO JAKO OBCEGO<\/strong><\/p>\n<p>Certyfikowany egzamin z j\u0119zyka polskiego przeprowadza Pa\u0144stwowa Komisja \u00a0Po\u015bwiadczania Znajomo\u015bci J\u0119zyka Polskiego jako Obcego. Standardy wymaga\u0144 egzaminacyjnych oraz zasady przeprowadzania egzamin\u00f3w zosta\u0142y oparte na najnowszych zaleceniach Rady Europy zmierzaj\u0105cych do standaryzacji testowania znajomo\u015bci j\u0119zyk\u00f3w obcych w Europie.\u00a0Egzaminy organizowane s\u0105 co najmniej 3 razy w roku (wiosn\u0105, latem i jesieni\u0105) na poziomach B1, B2 i C2.<\/p>\n<p><a href=\"http:\/\/certyfikatpolski.pl\/\" target=\"_blank\" rel=\"noopener noreferrer\">Dalsze informacje<\/a><\/p>\n<p><a href=\"http:\/\/certyfikatpolski.pl\/index.php?option=com_content&amp;view=article&amp;id=82&amp;Itemid=119&amp;lang=en\" target=\"_blank\" rel=\"noopener noreferrer\">Zg\u0142oszenia<\/a><\/p>\n<h2><strong>S\u0141OWNIKI POLSKIE W SIECI<\/strong><\/h2>\n<p><a href=\"http:\/\/www.sjp.pwn.pl\/\" target=\"_blank\" rel=\"noopener noreferrer\">S\u0142ownik j\u0119zyka polskiego<\/a><\/p>\n<p><a href=\"http:\/\/usjp.pwn.pl\/\" target=\"_blank\" rel=\"noopener noreferrer\">Uniwersalny s\u0142ownik j\u0119zyka polskiego<\/a><br \/>\u00a0\u00a0<br \/><a href=\"http:\/\/slowniki.tejo.pl\/index.php?a=index&amp;d=2\" target=\"_blank\" rel=\"noopener noreferrer\">S\u0142ownik synonim\u00f3w<\/a><br \/>\u00a0\u00a0<br \/><a href=\"http:\/\/so.pwn.pl\/\" target=\"_blank\" rel=\"noopener noreferrer\">Wielki s\u0142ownik ortograficzny<\/a><br \/>\u00a0\u00a0<br \/><a href=\"http:\/\/swo.pwn.pl\/\" target=\"_blank\" rel=\"noopener noreferrer\">S\u0142ownik wyraz\u00f3w obcych<\/a><br \/>\u00a0\u00a0<br \/><a href=\"http:\/\/www.univ.gda.pl\/slang\/\" target=\"_blank\" rel=\"noopener noreferrer\">S\u0142ownik polskiego slangu<\/a><\/p>\n","protected":false},"excerpt":{"rendered":"<p>Kursy j\u0119zyka polskiego Ucz si\u0119 j\u0119zyka polskiego! Zg\u0142o\u015b si\u0119 na kurs rozpoczynaj\u0105cy si\u0119 5 pa\u017adziernika! Zg\u0142oszenia przyjmujemy w terminie od 28 wrze\u015bnia do 2 pa\u017adziernika. Op\u0142at\u0119 za kurs prosimy regulowa\u0107 przelewem,\u00a0po uprzednim e-mailowym, b\u0105d\u017a telefonicznym uzgodnieniem z sekretariatem IP odpowiedniej grupy, na konto w\u00a0 banku Penta Art Egyes\u00fclet\u00a0MKB Bank Zrt :10300002-10565128-49020027 W tytule przelewu prosimy [&hellip;]<\/p>\n","protected":false},"author":1,"featured_media":0,"parent":0,"menu_order":0,"comment_status":"closed","ping_status":"closed","template":"","meta":{"inline_featured_image":false,"_monsterinsights_skip_tracking":false,"_monsterinsights_sitenote_active":false,"_monsterinsights_sitenote_note":"","_monsterinsights_sitenote_category":0,"footnotes":""},"class_list":["post-100","page","type-page","status-publish","hentry"],"yoast_head":"<!-- This site is optimized with the Yoast SEO plugin v24.6 - https:\/\/yoast.com\/wordpress\/plugins\/seo\/ -->\n<title>Nauka j\u0119zyka polskiego - Instytut Polski w Budapeszcie<\/title>\n<meta name=\"robots\" content=\"index, follow, max-snippet:-1, max-image-preview:large, max-video-preview:-1\" \/>\n<link rel=\"canonical\" href=\"https:\/\/instytutpolski.pl\/budapest\/pl\/nauka-jezyka-polskiego\/\" \/>\n<meta property=\"og:locale\" content=\"pl_PL\" \/>\n<meta property=\"og:type\" content=\"article\" \/>\n<meta property=\"og:title\" content=\"Nauka j\u0119zyka polskiego - Instytut Polski w Budapeszcie\" \/>\n<meta property=\"og:description\" content=\"Kursy j\u0119zyka polskiego Ucz si\u0119 j\u0119zyka polskiego! Zg\u0142o\u015b si\u0119 na kurs rozpoczynaj\u0105cy si\u0119 5 pa\u017adziernika! Zg\u0142oszenia przyjmujemy w terminie od 28 wrze\u015bnia do 2 pa\u017adziernika. Op\u0142at\u0119 za kurs prosimy regulowa\u0107 przelewem,\u00a0po uprzednim e-mailowym, b\u0105d\u017a telefonicznym uzgodnieniem z sekretariatem IP odpowiedniej grupy, na konto w\u00a0 banku Penta Art Egyes\u00fclet\u00a0MKB Bank Zrt :10300002-10565128-49020027 W tytule przelewu prosimy [&hellip;]\" \/>\n<meta property=\"og:url\" content=\"https:\/\/instytutpolski.pl\/budapest\/pl\/nauka-jezyka-polskiego\/\" \/>\n<meta property=\"og:site_name\" content=\"Instytut Polski w Budapeszcie\" \/>\n<meta name=\"twitter:card\" content=\"summary_large_image\" \/>\n<meta name=\"twitter:label1\" content=\"Szacowany czas czytania\" \/>\n\t<meta name=\"twitter:data1\" content=\"4 minuty\" \/>\n<script type=\"application\/ld+json\" class=\"yoast-schema-graph\">{\"@context\":\"https:\/\/schema.org\",\"@graph\":[{\"@type\":\"WebPage\",\"@id\":\"https:\/\/instytutpolski.pl\/budapest\/pl\/nauka-jezyka-polskiego\/\",\"url\":\"https:\/\/instytutpolski.pl\/budapest\/pl\/nauka-jezyka-polskiego\/\",\"name\":\"Nauka j\u0119zyka polskiego - Instytut Polski w Budapeszcie\",\"isPartOf\":{\"@id\":\"https:\/\/instytutpolski.pl\/budapest\/#website\"},\"datePublished\":\"2019-05-28T12:30:21+00:00\",\"breadcrumb\":{\"@id\":\"https:\/\/instytutpolski.pl\/budapest\/pl\/nauka-jezyka-polskiego\/#breadcrumb\"},\"inLanguage\":\"pl-PL\",\"potentialAction\":[{\"@type\":\"ReadAction\",\"target\":[\"https:\/\/instytutpolski.pl\/budapest\/pl\/nauka-jezyka-polskiego\/\"]}]},{\"@type\":\"BreadcrumbList\",\"@id\":\"https:\/\/instytutpolski.pl\/budapest\/pl\/nauka-jezyka-polskiego\/#breadcrumb\",\"itemListElement\":[{\"@type\":\"ListItem\",\"position\":1,\"name\":\"Home\",\"item\":\"https:\/\/instytutpolski.pl\/budapest\/\"},{\"@type\":\"ListItem\",\"position\":2,\"name\":\"Nauka j\u0119zyka polskiego\"}]},{\"@type\":\"WebSite\",\"@id\":\"https:\/\/instytutpolski.pl\/budapest\/#website\",\"url\":\"https:\/\/instytutpolski.pl\/budapest\/\",\"name\":\"Instytut Polski w Budapeszcie\",\"description\":\"Instytuty Polskie\",\"potentialAction\":[{\"@type\":\"SearchAction\",\"target\":{\"@type\":\"EntryPoint\",\"urlTemplate\":\"https:\/\/instytutpolski.pl\/budapest\/?s={search_term_string}\"},\"query-input\":{\"@type\":\"PropertyValueSpecification\",\"valueRequired\":true,\"valueName\":\"search_term_string\"}}],\"inLanguage\":\"pl-PL\"}]}<\/script>\n<!-- \/ Yoast SEO plugin. -->","yoast_head_json":{"title":"Nauka j\u0119zyka polskiego - Instytut Polski w Budapeszcie","robots":{"index":"index","follow":"follow","max-snippet":"max-snippet:-1","max-image-preview":"max-image-preview:large","max-video-preview":"max-video-preview:-1"},"canonical":"https:\/\/instytutpolski.pl\/budapest\/pl\/nauka-jezyka-polskiego\/","og_locale":"pl_PL","og_type":"article","og_title":"Nauka j\u0119zyka polskiego - Instytut Polski w Budapeszcie","og_description":"Kursy j\u0119zyka polskiego Ucz si\u0119 j\u0119zyka polskiego! Zg\u0142o\u015b si\u0119 na kurs rozpoczynaj\u0105cy si\u0119 5 pa\u017adziernika! Zg\u0142oszenia przyjmujemy w terminie od 28 wrze\u015bnia do 2 pa\u017adziernika. Op\u0142at\u0119 za kurs prosimy regulowa\u0107 przelewem,\u00a0po uprzednim e-mailowym, b\u0105d\u017a telefonicznym uzgodnieniem z sekretariatem IP odpowiedniej grupy, na konto w\u00a0 banku Penta Art Egyes\u00fclet\u00a0MKB Bank Zrt :10300002-10565128-49020027 W tytule przelewu prosimy [&hellip;]","og_url":"https:\/\/instytutpolski.pl\/budapest\/pl\/nauka-jezyka-polskiego\/","og_site_name":"Instytut Polski w Budapeszcie","twitter_card":"summary_large_image","twitter_misc":{"Szacowany czas czytania":"4 minuty"},"schema":{"@context":"https:\/\/schema.org","@graph":[{"@type":"WebPage","@id":"https:\/\/instytutpolski.pl\/budapest\/pl\/nauka-jezyka-polskiego\/","url":"https:\/\/instytutpolski.pl\/budapest\/pl\/nauka-jezyka-polskiego\/","name":"Nauka j\u0119zyka polskiego - Instytut Polski w Budapeszcie","isPartOf":{"@id":"https:\/\/instytutpolski.pl\/budapest\/#website"},"datePublished":"2019-05-28T12:30:21+00:00","breadcrumb":{"@id":"https:\/\/instytutpolski.pl\/budapest\/pl\/nauka-jezyka-polskiego\/#breadcrumb"},"inLanguage":"pl-PL","potentialAction":[{"@type":"ReadAction","target":["https:\/\/instytutpolski.pl\/budapest\/pl\/nauka-jezyka-polskiego\/"]}]},{"@type":"BreadcrumbList","@id":"https:\/\/instytutpolski.pl\/budapest\/pl\/nauka-jezyka-polskiego\/#breadcrumb","itemListElement":[{"@type":"ListItem","position":1,"name":"Home","item":"https:\/\/instytutpolski.pl\/budapest\/"},{"@type":"ListItem","position":2,"name":"Nauka j\u0119zyka polskiego"}]},{"@type":"WebSite","@id":"https:\/\/instytutpolski.pl\/budapest\/#website","url":"https:\/\/instytutpolski.pl\/budapest\/","name":"Instytut Polski w Budapeszcie","description":"Instytuty Polskie","potentialAction":[{"@type":"SearchAction","target":{"@type":"EntryPoint","urlTemplate":"https:\/\/instytutpolski.pl\/budapest\/?s={search_term_string}"},"query-input":{"@type":"PropertyValueSpecification","valueRequired":true,"valueName":"search_term_string"}}],"inLanguage":"pl-PL"}]}},"_links":{"self":[{"href":"https:\/\/instytutpolski.pl\/budapest\/wp-json\/wp\/v2\/pages\/100","targetHints":{"allow":["GET"]}}],"collection":[{"href":"https:\/\/instytutpolski.pl\/budapest\/wp-json\/wp\/v2\/pages"}],"about":[{"href":"https:\/\/instytutpolski.pl\/budapest\/wp-json\/wp\/v2\/types\/page"}],"author":[{"embeddable":true,"href":"https:\/\/instytutpolski.pl\/budapest\/wp-json\/wp\/v2\/users\/1"}],"replies":[{"embeddable":true,"href":"https:\/\/instytutpolski.pl\/budapest\/wp-json\/wp\/v2\/comments?post=100"}],"version-history":[{"count":1,"href":"https:\/\/instytutpolski.pl\/budapest\/wp-json\/wp\/v2\/pages\/100\/revisions"}],"predecessor-version":[{"id":101,"href":"https:\/\/instytutpolski.pl\/budapest\/wp-json\/wp\/v2\/pages\/100\/revisions\/101"}],"wp:attachment":[{"href":"https:\/\/instytutpolski.pl\/budapest\/wp-json\/wp\/v2\/media?parent=100"}],"curies":[{"name":"wp","href":"https:\/\/api.w.org\/{rel}","templated":true}]}}