{"id":102,"date":"2019-05-28T14:36:27","date_gmt":"2019-05-28T12:36:27","guid":{"rendered":"https:\/\/instytutpolski.pl\/budapeszt\/?page_id=102"},"modified":"2019-05-28T14:37:46","modified_gmt":"2019-05-28T12:37:46","slug":"polish-language-courses","status":"publish","type":"page","link":"https:\/\/instytutpolski.pl\/budapest\/polish-language-courses\/","title":{"rendered":"Polish language courses"},"content":{"rendered":"\n<h3><strong>GENERAL INFORMATION:\u00a0<\/strong><\/h3>\n<ul>\n<li>courses on various levels start twice a year &#8211; in October and February<\/li>\n<li><em>language classes are held twice a week: Mondays and Wednesdays or Tuesdays and Thursdays. The length of each course is 1 semester (60 teaching hours)<\/em><\/li>\n<li>courses are conducted by experienced teachers specialized in teaching Polish as a foreign language<\/li>\n<li><em>while the courses are held in Hungarian, we have a number of non-Hungarian speakers each semester, and in our experience they get by quite easily with the help of our teachers and their fellow students<\/em><\/li>\n<li>the fee includes the cost of the final test and the certificate\u00a0\u00a0<\/li>\n<li><em>the fee does\u00a0<strong>not\u00a0<\/strong>include the cost of the required handbooks<\/em><\/li>\n<\/ul>\n<h3>ENROLMENT AND FEES:<\/h3>\n<ul>\n<li><strong>enrolment<\/strong>:\u00a0by email or telephone (see contact details below) or personally in the Polish Institute<\/li>\n<li><strong>course fee<\/strong>\u00a0(for one semester):\u00a0<strong>39,000 HUF\u00a0(discounted price for students:\u00a035,000 HUF)<\/strong><\/li>\n<li><strong>payment<\/strong>:\u00a0by bank transfer to the following account:\u00a0<strong>Penta Art Egyes\u00fclet, 10300002-10565128-49020027<\/strong>;\u00a0in the &#8222;Sender to Receiver Information&#8221; field,\u00a0<strong>please include the following:<\/strong>\u00a0<strong><em>Language course fee, 1st\/2nd\/3rd etc. semester<\/em><\/strong><\/li>\n<li><strong>proof of payment<\/strong>:\u00a0in order to be able to attend the courses, please submit a copy of the bank transfer confirmation in person or by email to the Polish Institute<\/li>\n<\/ul>\n<h3>HANDBOOKS:<\/h3>\n<p>The required handbooks (Hurra!!! Po polsku) are available in\u00a0<a href=\"https:\/\/www.facebook.com\/gdansk.konyvesbolt\" target=\"_blank\" rel=\"noopener noreferrer\"><strong>Gdansk Bookstore Caf\u00e9<\/strong><\/a>\u00a0(Address:\u00a01111 Budapest,\u00a0Bart\u00f3k B\u00e9la \u00fat 46.; Phone: +36209881873). The course fee does not cover the cost of the necessary handbooks, they must be obtained individually.<\/p>\n<h3>CONTACT:<\/h3>\n<p>Polish Institute in Budapest<br \/>1065 Budapest, Nagymez\u0151 u. 15.<br \/>Opening hours: Mon-Fri 09.00-17.00<br \/>Tel: +36 1 505 4660<br \/>Email:\u00a0<span id=\"919301b5c518c9ff00d1a59ebc883be5\"><a href=\"mailto:budapest.info@instytutpolski.org\">budapest.info@instytutpolski.org<\/a><\/span><\/p>\n<h3>POLISH LANGUAGE COURSES, AUTUMN 2018\u00a0<\/h3>\n<p><strong>Registration period: Sept 17\u201328<br \/>Instruction Begins: Oct 1<\/strong><\/p>\n<p><strong>Schedule:<\/strong><\/p>\n\n\n\n<table class=\"wp-block-table is-style-stripes\"><tbody><tr><td> <strong>Polish courses<\/strong> <\/td><td> <strong>When<\/strong> <\/td><td> <strong>Teacher<\/strong> <\/td><\/tr><tr><td> BEGINNER<br>(level 0)<br>Mondays &amp; Wednesdays <\/td><td> 18.30 &#8211; 20.00 <\/td><td> Vir\u00e1g Szilvia <\/td><\/tr><tr><td> BEGINNER<br>(level 0)<br>Tuesdays &amp; Thursdays <\/td><td> 17.00 &#8211; 18.30 <\/td><td> <br>N\u00e9meth Orsolya <\/td><\/tr><tr><td> BEGINNER (cont.)<br>(2nd\u00a0semester)<br>Mondays &amp; Wednesdays <\/td><td> 17.00 &#8211; 18.30 <\/td><td> Vir\u00e1g Szilvia <\/td><\/tr><tr><td> BEGINNER (cont.)<br>(2nd\u00a0semester)<br>Tuesdays &amp; Thursdays <\/td><td> 18.30 &#8211; 20.00 <\/td><td> <br>N\u00e9meth Orsolya <\/td><\/tr><tr><td> BEGINNER (cont.)<br>(3rd\u00a0semester)<br>Mondays &amp; Wednesdays <\/td><td> 18.30 &#8211; 20.00 <\/td><td> D\u00fcrr \u00c9va <\/td><\/tr><tr><td> ELEMENTARY<br>(4th\u00a0semester)<br>Tuesdays &amp; Thursdays <\/td><td> 18.30 &#8211; 20.00 <\/td><td> Vir\u00e1g Szilvia <\/td><\/tr><tr><td> ELEMENTARY (cont.)<br>(6th\u00a0semester)<br>Mondays &amp; Wednesdays <\/td><td> 17.00 &#8211; 18.30 <\/td><td> D\u00fcrr \u00c9va <\/td><\/tr><tr><td> INTERMEDIATE<br>Mondays &amp; Wednesdays <\/td><td> 17.00-18.30 <\/td><td> <br>Iga Zeisky <\/td><\/tr><tr><td> UPPER INTERMEDIATE<br>Mondays &amp; Wednesdays <\/td><td> 18.30 \u2013 20.00 <\/td><td> <br>Iga Zeisky <\/td><\/tr><\/tbody><\/table>\n\n\n\n<p><strong>POLISH LANGUAGE COURSES IN POLAND<\/strong><\/p>\n<p>A number of educational centres throughout the country offer Polish language courses for foreigners. These include both the annual rates, half-yearly and summer schools. Below is a list of a few selected centres of learning Polish language and culture:<\/p>\n<p><a href=\"http:\/\/www.polonicum.uw.edu.pl\/\" target=\"_blank\" rel=\"noopener noreferrer\">Center for Polish Language and Culture of Polish for Foreigners POLONICUM<\/a><\/p>\n<p><a href=\"http:\/\/polinst.hu\/en\/node\/Center%20of%20Polish%20Language%20in%20Gdansk\">Center of Polish Language in Gdansk<\/a><\/p>\n<p><a href=\"http:\/\/www.lingua-city.com\/\" target=\"_blank\" rel=\"noopener noreferrer\">Lingua City<\/a><\/p>\n<p><a href=\"http:\/\/www.varia-course.com\/\" target=\"_blank\" rel=\"noopener noreferrer\">VARIA Center<\/a><\/p>\n<p><a href=\"http:\/\/www.sjpik.uni.wroc.pl\/\" target=\"_blank\" rel=\"noopener noreferrer\">School of Polish Language and Culture for Foreigners at the University of Wroc\u0142aw<\/a><\/p>\n<p><a href=\"http:\/\/www.uj.edu.pl\/Polonia\" target=\"_blank\" rel=\"noopener noreferrer\">Centre of Polish Language and Culture in the World<\/a><\/p>\n<p><a href=\"http:\/\/www.uj.edu.pl\/SL\" target=\"_blank\" rel=\"noopener noreferrer\">School of Polish Language and Culture at the Jagiellonian University<\/a><\/p>\n<p><a href=\"http:\/\/www.summerschool.amu.edu.pl\/\" target=\"_blank\" rel=\"noopener noreferrer\">Summer School of Polish Language and Culture at the Adam Mickiewicz University in Poznan<\/a><\/p>\n<p><a href=\"http:\/\/www.sjpdc.uni.lodz.pl\/\" target=\"_blank\" rel=\"noopener noreferrer\">School of Polish for Foreigners at the University of Lodz<\/a><\/p>\n<p><a href=\"http:\/\/www.staff.amu.edu.pl\/~schoolpl\" target=\"_blank\" rel=\"noopener noreferrer\">School of Polish Language and Culture\u00a0for Foreign Students at the Adam Mickiewicz University in Poznan<\/a><\/p>\n<p><a href=\"http:\/\/www.sjikp.us.edu.pl\/\" target=\"_blank\" rel=\"noopener noreferrer\">School of Polish Language ang Culture at the University of Silesia<\/a><\/p>\n<p><a href=\"http:\/\/www.sjo.pwr.wroc.pl\/89784,131.dhtml\" target=\"_blank\" rel=\"noopener noreferrer\">Department of Polish Language for Foreigners- Wroclaw University of Technology \u00a0<\/a><\/p>\n<p><a href=\"http:\/\/polishonlinenow.com\/en\/about-us\" target=\"_blank\" rel=\"noopener noreferrer\">Polishonlinenow.com<\/a><\/p>\n<p>\u00a0<\/p>\n<p>STATE CERTIFICATE EXAMINATION IN POLISH AS A FOREIGN LANGUAGE<\/p>\n<p>The examinations are staged by the State Commission for the Certification of Proficiency in Polish as a Foreign Language. Examination requirement standards and rules of procedure are based on the latest recommendations of the Council of Europe aiming at the standardization of foreign language proficiency testing across Europe. Examinations are held at least 3 times a year (spring, summer and autumn) at levels B1, B2 and C2.<\/p>\n<p><a href=\"http:\/\/certyfikatpolski.pl\/\" target=\"_blank\" rel=\"noopener noreferrer\">Further information<\/a>\u00a0(in Polish)<\/p>\n<p>\u00a0<\/p>\n<p>POLISH ONLINE DICTIONARIES<\/p>\n<p><a href=\"http:\/\/www.sjp.pwn.pl\/\" target=\"_blank\" rel=\"noopener noreferrer\">Dictionary of the Polish Language<\/a><\/p>\n<p><a href=\"http:\/\/usjp.pwn.pl\/\" target=\"_blank\" rel=\"noopener noreferrer\">The Universal Dictionary of the Polish Language<\/a><\/p>\n<p><a href=\"http:\/\/slowniki.tejo.pl\/index.php?a=index&amp;d=2\" target=\"_blank\" rel=\"noopener noreferrer\">Synonym Dictionary<\/a><\/p>\n<p><a href=\"http:\/\/so.pwn.pl\/\" target=\"_blank\" rel=\"noopener noreferrer\">Spell check dictionary<\/a><\/p>\n<p><a href=\"http:\/\/swo.pwn.pl\/\" target=\"_blank\" rel=\"noopener noreferrer\">Dictionary of Foreign Terms in Polish<\/a><\/p>\n<p><a href=\"http:\/\/www.univ.gda.pl\/slang\/\" target=\"_blank\" rel=\"noopener noreferrer\">Polish Slang Dictionary<\/a><\/p>\n","protected":false},"excerpt":{"rendered":"<p>GENERAL INFORMATION:\u00a0 courses on various levels start twice a year &#8211; in October and February language classes are held twice a week: Mondays and Wednesdays or Tuesdays and Thursdays. The length of each course is 1 semester (60 teaching hours) courses are conducted by experienced teachers specialized in teaching Polish as a foreign language while [&hellip;]<\/p>\n","protected":false},"author":1,"featured_media":0,"parent":0,"menu_order":0,"comment_status":"closed","ping_status":"closed","template":"","meta":{"inline_featured_image":false,"_monsterinsights_skip_tracking":false,"_monsterinsights_sitenote_active":false,"_monsterinsights_sitenote_note":"","_monsterinsights_sitenote_category":0,"footnotes":""},"class_list":["post-102","page","type-page","status-publish","hentry"],"yoast_head":"<!-- This site is optimized with the Yoast SEO plugin v24.6 - https:\/\/yoast.com\/wordpress\/plugins\/seo\/ -->\n<title>Polish language courses - Instytut Polski w Budapeszcie<\/title>\n<meta name=\"robots\" content=\"index, follow, max-snippet:-1, max-image-preview:large, max-video-preview:-1\" \/>\n<link rel=\"canonical\" href=\"https:\/\/instytutpolski.pl\/budapest\/polish-language-courses\/\" \/>\n<meta property=\"og:locale\" content=\"pl_PL\" \/>\n<meta property=\"og:type\" content=\"article\" \/>\n<meta property=\"og:title\" content=\"Polish language courses - Instytut Polski w Budapeszcie\" \/>\n<meta property=\"og:description\" content=\"GENERAL INFORMATION:\u00a0 courses on various levels start twice a year &#8211; in October and February language classes are held twice a week: Mondays and Wednesdays or Tuesdays and Thursdays. The length of each course is 1 semester (60 teaching hours) courses are conducted by experienced teachers specialized in teaching Polish as a foreign language while [&hellip;]\" \/>\n<meta property=\"og:url\" content=\"https:\/\/instytutpolski.pl\/budapest\/polish-language-courses\/\" \/>\n<meta property=\"og:site_name\" content=\"Instytut Polski w Budapeszcie\" \/>\n<meta property=\"article:modified_time\" content=\"2019-05-28T12:37:46+00:00\" \/>\n<meta name=\"twitter:card\" content=\"summary_large_image\" \/>\n<meta name=\"twitter:label1\" content=\"Szacowany czas czytania\" \/>\n\t<meta name=\"twitter:data1\" content=\"3 minuty\" \/>\n<script type=\"application\/ld+json\" class=\"yoast-schema-graph\">{\"@context\":\"https:\/\/schema.org\",\"@graph\":[{\"@type\":\"WebPage\",\"@id\":\"https:\/\/instytutpolski.pl\/budapest\/polish-language-courses\/\",\"url\":\"https:\/\/instytutpolski.pl\/budapest\/polish-language-courses\/\",\"name\":\"Polish language courses - Instytut Polski w Budapeszcie\",\"isPartOf\":{\"@id\":\"https:\/\/instytutpolski.pl\/budapest\/#website\"},\"datePublished\":\"2019-05-28T12:36:27+00:00\",\"dateModified\":\"2019-05-28T12:37:46+00:00\",\"breadcrumb\":{\"@id\":\"https:\/\/instytutpolski.pl\/budapest\/polish-language-courses\/#breadcrumb\"},\"inLanguage\":\"pl-PL\",\"potentialAction\":[{\"@type\":\"ReadAction\",\"target\":[\"https:\/\/instytutpolski.pl\/budapest\/polish-language-courses\/\"]}]},{\"@type\":\"BreadcrumbList\",\"@id\":\"https:\/\/instytutpolski.pl\/budapest\/polish-language-courses\/#breadcrumb\",\"itemListElement\":[{\"@type\":\"ListItem\",\"position\":1,\"name\":\"Home\",\"item\":\"https:\/\/instytutpolski.pl\/budapest\/\"},{\"@type\":\"ListItem\",\"position\":2,\"name\":\"Polish language courses\"}]},{\"@type\":\"WebSite\",\"@id\":\"https:\/\/instytutpolski.pl\/budapest\/#website\",\"url\":\"https:\/\/instytutpolski.pl\/budapest\/\",\"name\":\"Instytut Polski w Budapeszcie\",\"description\":\"Instytuty Polskie\",\"potentialAction\":[{\"@type\":\"SearchAction\",\"target\":{\"@type\":\"EntryPoint\",\"urlTemplate\":\"https:\/\/instytutpolski.pl\/budapest\/?s={search_term_string}\"},\"query-input\":{\"@type\":\"PropertyValueSpecification\",\"valueRequired\":true,\"valueName\":\"search_term_string\"}}],\"inLanguage\":\"pl-PL\"}]}<\/script>\n<!-- \/ Yoast SEO plugin. -->","yoast_head_json":{"title":"Polish language courses - Instytut Polski w Budapeszcie","robots":{"index":"index","follow":"follow","max-snippet":"max-snippet:-1","max-image-preview":"max-image-preview:large","max-video-preview":"max-video-preview:-1"},"canonical":"https:\/\/instytutpolski.pl\/budapest\/polish-language-courses\/","og_locale":"pl_PL","og_type":"article","og_title":"Polish language courses - Instytut Polski w Budapeszcie","og_description":"GENERAL INFORMATION:\u00a0 courses on various levels start twice a year &#8211; in October and February language classes are held twice a week: Mondays and Wednesdays or Tuesdays and Thursdays. The length of each course is 1 semester (60 teaching hours) courses are conducted by experienced teachers specialized in teaching Polish as a foreign language while [&hellip;]","og_url":"https:\/\/instytutpolski.pl\/budapest\/polish-language-courses\/","og_site_name":"Instytut Polski w Budapeszcie","article_modified_time":"2019-05-28T12:37:46+00:00","twitter_card":"summary_large_image","twitter_misc":{"Szacowany czas czytania":"3 minuty"},"schema":{"@context":"https:\/\/schema.org","@graph":[{"@type":"WebPage","@id":"https:\/\/instytutpolski.pl\/budapest\/polish-language-courses\/","url":"https:\/\/instytutpolski.pl\/budapest\/polish-language-courses\/","name":"Polish language courses - Instytut Polski w Budapeszcie","isPartOf":{"@id":"https:\/\/instytutpolski.pl\/budapest\/#website"},"datePublished":"2019-05-28T12:36:27+00:00","dateModified":"2019-05-28T12:37:46+00:00","breadcrumb":{"@id":"https:\/\/instytutpolski.pl\/budapest\/polish-language-courses\/#breadcrumb"},"inLanguage":"pl-PL","potentialAction":[{"@type":"ReadAction","target":["https:\/\/instytutpolski.pl\/budapest\/polish-language-courses\/"]}]},{"@type":"BreadcrumbList","@id":"https:\/\/instytutpolski.pl\/budapest\/polish-language-courses\/#breadcrumb","itemListElement":[{"@type":"ListItem","position":1,"name":"Home","item":"https:\/\/instytutpolski.pl\/budapest\/"},{"@type":"ListItem","position":2,"name":"Polish language courses"}]},{"@type":"WebSite","@id":"https:\/\/instytutpolski.pl\/budapest\/#website","url":"https:\/\/instytutpolski.pl\/budapest\/","name":"Instytut Polski w Budapeszcie","description":"Instytuty Polskie","potentialAction":[{"@type":"SearchAction","target":{"@type":"EntryPoint","urlTemplate":"https:\/\/instytutpolski.pl\/budapest\/?s={search_term_string}"},"query-input":{"@type":"PropertyValueSpecification","valueRequired":true,"valueName":"search_term_string"}}],"inLanguage":"pl-PL"}]}},"_links":{"self":[{"href":"https:\/\/instytutpolski.pl\/budapest\/wp-json\/wp\/v2\/pages\/102","targetHints":{"allow":["GET"]}}],"collection":[{"href":"https:\/\/instytutpolski.pl\/budapest\/wp-json\/wp\/v2\/pages"}],"about":[{"href":"https:\/\/instytutpolski.pl\/budapest\/wp-json\/wp\/v2\/types\/page"}],"author":[{"embeddable":true,"href":"https:\/\/instytutpolski.pl\/budapest\/wp-json\/wp\/v2\/users\/1"}],"replies":[{"embeddable":true,"href":"https:\/\/instytutpolski.pl\/budapest\/wp-json\/wp\/v2\/comments?post=102"}],"version-history":[{"count":2,"href":"https:\/\/instytutpolski.pl\/budapest\/wp-json\/wp\/v2\/pages\/102\/revisions"}],"predecessor-version":[{"id":104,"href":"https:\/\/instytutpolski.pl\/budapest\/wp-json\/wp\/v2\/pages\/102\/revisions\/104"}],"wp:attachment":[{"href":"https:\/\/instytutpolski.pl\/budapest\/wp-json\/wp\/v2\/media?parent=102"}],"curies":[{"name":"wp","href":"https:\/\/api.w.org\/{rel}","templated":true}]}}