{"id":10298,"date":"2020-10-19T16:33:28","date_gmt":"2020-10-19T14:33:28","guid":{"rendered":"https:\/\/instytutpolski.pl\/budapest\/?page_id=10298"},"modified":"2020-11-23T15:43:13","modified_gmt":"2020-11-23T14:43:13","slug":"palyazatok","status":"publish","type":"page","link":"https:\/\/instytutpolski.pl\/budapest\/palyazatok\/","title":{"rendered":"P\u00e1ly\u00e1zatok"},"content":{"rendered":"\n<figure class=\"wp-block-embed-wordpress wp-block-embed is-type-wp-embed is-provider-instytut-polski-w-budapeszcie\"><div class=\"wp-block-embed__wrapper\">\n<blockquote class=\"wp-embedded-content\" data-secret=\"d6sGHQ4X4o\"><a href=\"https:\/\/instytutpolski.pl\/budapest\/2020\/10\/01\/lengyelorszag-magyarorszag-csehorszag-szlovakia-a-visegradi-orszagok-legerdekesebb-latvanyossagai\/\">Lengyelorsz\u00e1g, Magyarorsz\u00e1g, Csehorsz\u00e1g, Szlov\u00e1kia \u2013 A visegr\u00e1di orsz\u00e1gok leg\u00e9rdekesebb l\u00e1tv\u00e1nyoss\u00e1gai<\/a><\/blockquote><iframe loading=\"lazy\" class=\"wp-embedded-content\" sandbox=\"allow-scripts\" security=\"restricted\" style=\"position: absolute; visibility: hidden;\" title=\"&#8222;Lengyelorsz\u00e1g, Magyarorsz\u00e1g, Csehorsz\u00e1g, Szlov\u00e1kia \u2013 A visegr\u00e1di orsz\u00e1gok leg\u00e9rdekesebb l\u00e1tv\u00e1nyoss\u00e1gai&#8221; &#8212; Instytut Polski w Budapeszcie\" src=\"https:\/\/instytutpolski.pl\/budapest\/2020\/10\/01\/lengyelorszag-magyarorszag-csehorszag-szlovakia-a-visegradi-orszagok-legerdekesebb-latvanyossagai\/embed\/#?secret=sN0gRhi3ms#?secret=d6sGHQ4X4o\" data-secret=\"d6sGHQ4X4o\" width=\"500\" height=\"282\" frameborder=\"0\" marginwidth=\"0\" marginheight=\"0\" scrolling=\"no\"><\/iframe>\n<\/div><\/figure>\n\n\n\n<p><\/p>\n\n\n\n<figure class=\"wp-block-embed-wordpress wp-block-embed is-type-wp-embed is-provider-instytut-polski-w-budapeszcie\"><div class=\"wp-block-embed__wrapper\">\n<blockquote class=\"wp-embedded-content\" data-secret=\"eUSmwHlqR1\"><a href=\"https:\/\/instytutpolski.pl\/budapest\/2020\/09\/02\/nemzetkozi-plakatpalyazat-a-visegradi-csoport-megalakulasanak-30-evforduloja-alkalmabol\/\">Nemzetk\u00f6zi plak\u00e1tp\u00e1ly\u00e1zat a Visegr\u00e1di csoport megalakul\u00e1s\u00e1nak 30. \u00e9vfordul\u00f3ja alkalm\u00e1b\u00f3l<\/a><\/blockquote><iframe loading=\"lazy\" class=\"wp-embedded-content\" sandbox=\"allow-scripts\" security=\"restricted\" style=\"position: absolute; visibility: hidden;\" title=\"&#8222;Nemzetk\u00f6zi plak\u00e1tp\u00e1ly\u00e1zat a Visegr\u00e1di csoport megalakul\u00e1s\u00e1nak 30. \u00e9vfordul\u00f3ja alkalm\u00e1b\u00f3l&#8221; &#8212; Instytut Polski w Budapeszcie\" src=\"https:\/\/instytutpolski.pl\/budapest\/2020\/09\/02\/nemzetkozi-plakatpalyazat-a-visegradi-csoport-megalakulasanak-30-evforduloja-alkalmabol\/embed\/#?secret=5hBTGZ6SDg#?secret=eUSmwHlqR1\" data-secret=\"eUSmwHlqR1\" width=\"500\" height=\"282\" frameborder=\"0\" marginwidth=\"0\" marginheight=\"0\" scrolling=\"no\"><\/iframe>\n<\/div><\/figure>\n\n\n\n<figure class=\"wp-block-embed-wordpress wp-block-embed is-type-wp-embed is-provider-instytut-polski-w-budapeszcie\"><div class=\"wp-block-embed__wrapper\">\n<blockquote class=\"wp-embedded-content\" data-secret=\"ycoqHr08no\"><a href=\"https:\/\/instytutpolski.pl\/budapest\/2020\/11\/18\/a-v4-plakatpalyazat-nyertesei\/\">A V4 plak\u00e1tp\u00e1ly\u00e1zat nyertesei<\/a><\/blockquote><iframe loading=\"lazy\" class=\"wp-embedded-content\" sandbox=\"allow-scripts\" security=\"restricted\" style=\"position: absolute; visibility: hidden;\" title=\"&#8222;A V4 plak\u00e1tp\u00e1ly\u00e1zat nyertesei&#8221; &#8212; Instytut Polski w Budapeszcie\" src=\"https:\/\/instytutpolski.pl\/budapest\/2020\/11\/18\/a-v4-plakatpalyazat-nyertesei\/embed\/#?secret=RroABtRTrE#?secret=ycoqHr08no\" data-secret=\"ycoqHr08no\" width=\"500\" height=\"282\" frameborder=\"0\" marginwidth=\"0\" marginheight=\"0\" scrolling=\"no\"><\/iframe>\n<\/div><\/figure>\n\n\n\n<p><\/p>\n\n\n\n<figure class=\"wp-block-embed-wordpress wp-block-embed is-type-wp-embed is-provider-instytut-polski-w-budapeszcie\"><div class=\"wp-block-embed__wrapper\">\n<blockquote class=\"wp-embedded-content\" data-secret=\"17WLZ9wVMQ\"><a href=\"https:\/\/instytutpolski.pl\/budapest\/2020\/11\/20\/a-visegradi-orszagok-legerdekesebb-latvanyossagai-cimu-rajzpalyazat-eredmenyhirdetese\/\">A visegr\u00e1di orsz\u00e1gok leg\u00e9rdekesebb l\u00e1tv\u00e1nyoss\u00e1gai c\u00edm\u0171 rajzp\u00e1ly\u00e1zat eredm\u00e9nyhirdet\u00e9se<\/a><\/blockquote><iframe loading=\"lazy\" class=\"wp-embedded-content\" sandbox=\"allow-scripts\" security=\"restricted\" style=\"position: absolute; visibility: hidden;\" title=\"&#8222;A visegr\u00e1di orsz\u00e1gok leg\u00e9rdekesebb l\u00e1tv\u00e1nyoss\u00e1gai c\u00edm\u0171 rajzp\u00e1ly\u00e1zat eredm\u00e9nyhirdet\u00e9se&#8221; &#8212; Instytut Polski w Budapeszcie\" src=\"https:\/\/instytutpolski.pl\/budapest\/2020\/11\/20\/a-visegradi-orszagok-legerdekesebb-latvanyossagai-cimu-rajzpalyazat-eredmenyhirdetese\/embed\/#?secret=7DhQn7cL1f#?secret=17WLZ9wVMQ\" data-secret=\"17WLZ9wVMQ\" width=\"500\" height=\"282\" frameborder=\"0\" marginwidth=\"0\" marginheight=\"0\" scrolling=\"no\"><\/iframe>\n<\/div><\/figure>\n","protected":false},"excerpt":{"rendered":"","protected":false},"author":137,"featured_media":10724,"parent":0,"menu_order":0,"comment_status":"closed","ping_status":"closed","template":"","meta":{"inline_featured_image":false,"_monsterinsights_skip_tracking":false,"_monsterinsights_sitenote_active":false,"_monsterinsights_sitenote_note":"","_monsterinsights_sitenote_category":0,"footnotes":""},"class_list":["post-10298","page","type-page","status-publish","has-post-thumbnail","hentry"],"yoast_head":"<!-- This site is optimized with the Yoast SEO plugin v24.6 - https:\/\/yoast.com\/wordpress\/plugins\/seo\/ -->\n<title>P\u00e1ly\u00e1zatok - Instytut Polski w Budapeszcie<\/title>\n<meta name=\"robots\" content=\"index, follow, max-snippet:-1, max-image-preview:large, max-video-preview:-1\" \/>\n<link rel=\"canonical\" href=\"https:\/\/instytutpolski.pl\/budapest\/palyazatok\/\" \/>\n<meta property=\"og:locale\" content=\"pl_PL\" \/>\n<meta property=\"og:type\" content=\"article\" \/>\n<meta property=\"og:title\" content=\"P\u00e1ly\u00e1zatok - Instytut Polski w Budapeszcie\" \/>\n<meta property=\"og:url\" content=\"https:\/\/instytutpolski.pl\/budapest\/palyazatok\/\" \/>\n<meta property=\"og:site_name\" content=\"Instytut Polski w Budapeszcie\" \/>\n<meta property=\"article:modified_time\" content=\"2020-11-23T14:43:13+00:00\" \/>\n<meta property=\"og:image\" content=\"https:\/\/instytutpolski.pl\/budapest\/wp-content\/uploads\/sites\/21\/2020\/11\/92-Pingalt-hazak-scaled.jpg\" \/>\n\t<meta property=\"og:image:width\" content=\"2560\" \/>\n\t<meta property=\"og:image:height\" content=\"1794\" \/>\n\t<meta property=\"og:image:type\" content=\"image\/jpeg\" \/>\n<meta name=\"twitter:card\" content=\"summary_large_image\" \/>\n<script type=\"application\/ld+json\" class=\"yoast-schema-graph\">{\"@context\":\"https:\/\/schema.org\",\"@graph\":[{\"@type\":\"WebPage\",\"@id\":\"https:\/\/instytutpolski.pl\/budapest\/palyazatok\/\",\"url\":\"https:\/\/instytutpolski.pl\/budapest\/palyazatok\/\",\"name\":\"P\u00e1ly\u00e1zatok - Instytut Polski w Budapeszcie\",\"isPartOf\":{\"@id\":\"https:\/\/instytutpolski.pl\/budapest\/#website\"},\"primaryImageOfPage\":{\"@id\":\"https:\/\/instytutpolski.pl\/budapest\/palyazatok\/#primaryimage\"},\"image\":{\"@id\":\"https:\/\/instytutpolski.pl\/budapest\/palyazatok\/#primaryimage\"},\"thumbnailUrl\":\"https:\/\/instytutpolski.pl\/budapest\/wp-content\/uploads\/sites\/21\/2020\/11\/92-Pingalt-hazak-scaled.jpg\",\"datePublished\":\"2020-10-19T14:33:28+00:00\",\"dateModified\":\"2020-11-23T14:43:13+00:00\",\"breadcrumb\":{\"@id\":\"https:\/\/instytutpolski.pl\/budapest\/palyazatok\/#breadcrumb\"},\"inLanguage\":\"pl-PL\",\"potentialAction\":[{\"@type\":\"ReadAction\",\"target\":[\"https:\/\/instytutpolski.pl\/budapest\/palyazatok\/\"]}]},{\"@type\":\"ImageObject\",\"inLanguage\":\"pl-PL\",\"@id\":\"https:\/\/instytutpolski.pl\/budapest\/palyazatok\/#primaryimage\",\"url\":\"https:\/\/instytutpolski.pl\/budapest\/wp-content\/uploads\/sites\/21\/2020\/11\/92-Pingalt-hazak-scaled.jpg\",\"contentUrl\":\"https:\/\/instytutpolski.pl\/budapest\/wp-content\/uploads\/sites\/21\/2020\/11\/92-Pingalt-hazak-scaled.jpg\",\"width\":2560,\"height\":1794,\"caption\":\"All-focus\"},{\"@type\":\"BreadcrumbList\",\"@id\":\"https:\/\/instytutpolski.pl\/budapest\/palyazatok\/#breadcrumb\",\"itemListElement\":[{\"@type\":\"ListItem\",\"position\":1,\"name\":\"Home\",\"item\":\"https:\/\/instytutpolski.pl\/budapest\/\"},{\"@type\":\"ListItem\",\"position\":2,\"name\":\"P\u00e1ly\u00e1zatok\"}]},{\"@type\":\"WebSite\",\"@id\":\"https:\/\/instytutpolski.pl\/budapest\/#website\",\"url\":\"https:\/\/instytutpolski.pl\/budapest\/\",\"name\":\"Instytut Polski w Budapeszcie\",\"description\":\"Instytuty Polskie\",\"potentialAction\":[{\"@type\":\"SearchAction\",\"target\":{\"@type\":\"EntryPoint\",\"urlTemplate\":\"https:\/\/instytutpolski.pl\/budapest\/?s={search_term_string}\"},\"query-input\":{\"@type\":\"PropertyValueSpecification\",\"valueRequired\":true,\"valueName\":\"search_term_string\"}}],\"inLanguage\":\"pl-PL\"}]}<\/script>\n<!-- \/ Yoast SEO plugin. -->","yoast_head_json":{"title":"P\u00e1ly\u00e1zatok - Instytut Polski w Budapeszcie","robots":{"index":"index","follow":"follow","max-snippet":"max-snippet:-1","max-image-preview":"max-image-preview:large","max-video-preview":"max-video-preview:-1"},"canonical":"https:\/\/instytutpolski.pl\/budapest\/palyazatok\/","og_locale":"pl_PL","og_type":"article","og_title":"P\u00e1ly\u00e1zatok - Instytut Polski w Budapeszcie","og_url":"https:\/\/instytutpolski.pl\/budapest\/palyazatok\/","og_site_name":"Instytut Polski w Budapeszcie","article_modified_time":"2020-11-23T14:43:13+00:00","og_image":[{"width":2560,"height":1794,"url":"https:\/\/instytutpolski.pl\/budapest\/wp-content\/uploads\/sites\/21\/2020\/11\/92-Pingalt-hazak-scaled.jpg","type":"image\/jpeg"}],"twitter_card":"summary_large_image","schema":{"@context":"https:\/\/schema.org","@graph":[{"@type":"WebPage","@id":"https:\/\/instytutpolski.pl\/budapest\/palyazatok\/","url":"https:\/\/instytutpolski.pl\/budapest\/palyazatok\/","name":"P\u00e1ly\u00e1zatok - Instytut Polski w Budapeszcie","isPartOf":{"@id":"https:\/\/instytutpolski.pl\/budapest\/#website"},"primaryImageOfPage":{"@id":"https:\/\/instytutpolski.pl\/budapest\/palyazatok\/#primaryimage"},"image":{"@id":"https:\/\/instytutpolski.pl\/budapest\/palyazatok\/#primaryimage"},"thumbnailUrl":"https:\/\/instytutpolski.pl\/budapest\/wp-content\/uploads\/sites\/21\/2020\/11\/92-Pingalt-hazak-scaled.jpg","datePublished":"2020-10-19T14:33:28+00:00","dateModified":"2020-11-23T14:43:13+00:00","breadcrumb":{"@id":"https:\/\/instytutpolski.pl\/budapest\/palyazatok\/#breadcrumb"},"inLanguage":"pl-PL","potentialAction":[{"@type":"ReadAction","target":["https:\/\/instytutpolski.pl\/budapest\/palyazatok\/"]}]},{"@type":"ImageObject","inLanguage":"pl-PL","@id":"https:\/\/instytutpolski.pl\/budapest\/palyazatok\/#primaryimage","url":"https:\/\/instytutpolski.pl\/budapest\/wp-content\/uploads\/sites\/21\/2020\/11\/92-Pingalt-hazak-scaled.jpg","contentUrl":"https:\/\/instytutpolski.pl\/budapest\/wp-content\/uploads\/sites\/21\/2020\/11\/92-Pingalt-hazak-scaled.jpg","width":2560,"height":1794,"caption":"All-focus"},{"@type":"BreadcrumbList","@id":"https:\/\/instytutpolski.pl\/budapest\/palyazatok\/#breadcrumb","itemListElement":[{"@type":"ListItem","position":1,"name":"Home","item":"https:\/\/instytutpolski.pl\/budapest\/"},{"@type":"ListItem","position":2,"name":"P\u00e1ly\u00e1zatok"}]},{"@type":"WebSite","@id":"https:\/\/instytutpolski.pl\/budapest\/#website","url":"https:\/\/instytutpolski.pl\/budapest\/","name":"Instytut Polski w Budapeszcie","description":"Instytuty Polskie","potentialAction":[{"@type":"SearchAction","target":{"@type":"EntryPoint","urlTemplate":"https:\/\/instytutpolski.pl\/budapest\/?s={search_term_string}"},"query-input":{"@type":"PropertyValueSpecification","valueRequired":true,"valueName":"search_term_string"}}],"inLanguage":"pl-PL"}]}},"_links":{"self":[{"href":"https:\/\/instytutpolski.pl\/budapest\/wp-json\/wp\/v2\/pages\/10298","targetHints":{"allow":["GET"]}}],"collection":[{"href":"https:\/\/instytutpolski.pl\/budapest\/wp-json\/wp\/v2\/pages"}],"about":[{"href":"https:\/\/instytutpolski.pl\/budapest\/wp-json\/wp\/v2\/types\/page"}],"author":[{"embeddable":true,"href":"https:\/\/instytutpolski.pl\/budapest\/wp-json\/wp\/v2\/users\/137"}],"replies":[{"embeddable":true,"href":"https:\/\/instytutpolski.pl\/budapest\/wp-json\/wp\/v2\/comments?post=10298"}],"version-history":[{"count":7,"href":"https:\/\/instytutpolski.pl\/budapest\/wp-json\/wp\/v2\/pages\/10298\/revisions"}],"predecessor-version":[{"id":10824,"href":"https:\/\/instytutpolski.pl\/budapest\/wp-json\/wp\/v2\/pages\/10298\/revisions\/10824"}],"wp:featuredmedia":[{"embeddable":true,"href":"https:\/\/instytutpolski.pl\/budapest\/wp-json\/wp\/v2\/media\/10724"}],"wp:attachment":[{"href":"https:\/\/instytutpolski.pl\/budapest\/wp-json\/wp\/v2\/media?parent=10298"}],"curies":[{"name":"wp","href":"https:\/\/api.w.org\/{rel}","templated":true}]}}