{"id":105,"date":"2019-05-28T14:44:19","date_gmt":"2019-05-28T12:44:19","guid":{"rendered":"https:\/\/instytutpolski.pl\/budapeszt\/?page_id=105"},"modified":"2019-05-28T14:44:19","modified_gmt":"2019-05-28T12:44:19","slug":"nyari-nyelvtanfolyamok-2019","status":"publish","type":"page","link":"https:\/\/instytutpolski.pl\/budapest\/nyari-nyelvtanfolyamok-2019\/","title":{"rendered":"Ny\u00e1ri nyelvtanfolyamok 2019"},"content":{"rendered":"\n<p><strong>\u00dajra intenz\u00edv ny\u00e1ri nyelvtanfolyamokkal v\u00e1runk Titeket!<\/strong><\/p>\n<p><strong>A nyelvtanfolyamokra m\u00e1jus 20-31 k\u00f6z\u00f6tt lehet beiratkozni.<\/strong><\/p>\n<p><a href=\"https:\/\/instytutpolski.pl\/budapeszt\/wp-content\/uploads\/sites\/21\/2019\/05\/polish.jpg\"><img loading=\"lazy\" decoding=\"async\" class=\"alignnone size-full wp-image-106\" src=\"https:\/\/instytutpolski.pl\/budapeszt\/wp-content\/uploads\/sites\/21\/2019\/05\/polish.jpg\" alt=\"\" width=\"320\" height=\"212\" srcset=\"https:\/\/instytutpolski.pl\/budapest\/wp-content\/uploads\/sites\/21\/2019\/05\/polish.jpg 320w, https:\/\/instytutpolski.pl\/budapest\/wp-content\/uploads\/sites\/21\/2019\/05\/polish-300x199.jpg 300w\" sizes=\"auto, (max-width: 320px) 100vw, 320px\" \/><\/a><\/p>\n<p>A budapesti Lengyel Int\u00e9zet id\u00e9n is intenz\u00edv ny\u00e1ri nyelvtanfolyamokat hirdet az al\u00e1bbi id\u0151pontokban, \u00e9s szinteken:<\/p>\n<p>\u00a0<\/p>\n<p>1. 3 hetes intenz\u00edv tanfolyam kezd\u0151knek (nulladik szint)<\/p>\n<p>Minden nap 9.00.-12.15-ig (15 perc sz\u00fcnettel)<\/p>\n<p>15 alkalom x 4 \u00f3ra, \u00f6sszesen 60 \u00f3ra<\/p>\n<p>Id\u0151pontja: 2019. j\u00fanius 3 -24-ig<\/p>\n<p>Az intenz\u00edv kurzus \u00e1ra: 39.000 Ft; di\u00e1koknak kedvezm\u00e9nnyel: 35.000 Ft<\/p>\n<p>\u00a0<\/p>\n<p>2. 2 hetes, sz\u00f3kincs fejleszt\u0151, rendszerez\u0151 intenz\u00edv tanfolyam\u00a0(akik m\u00e1r legal\u00e1bb 2 szemesztert elv\u00e9geztek, vagy minimum olyan tud\u00e1ssal rendelkeznek).<\/p>\n<p>Minden nap 9.00.-12.15-ig (15 perc sz\u00fcnettel)<\/p>\n<p>10 alkalom x 4 \u00f3ra, \u00f6sszesen 40 \u00f3ra<\/p>\n<p>Id\u0151pontja: 2019. j\u00falius 1- 12-ig<\/p>\n<p>Az intenz\u00edv kurzus \u00e1ra: 26.000 Ft; di\u00e1koknak kedvezm\u00e9nnyel: 23.500 Ft<\/p>\n<p>A tanfolyamok minimum 10 f\u0151s l\u00e9tsz\u00e1mmal indulnak.<\/p>\n<p>Tov\u00e1bbi inform\u00e1ci\u00f3k a Lengyel Int\u00e9zet titk\u00e1rs\u00e1g\u00e1n (1065 Budapest, Nagymez\u0151 u. 15.): Kapcsolat: tel: (+361) 505 4660,\u00a0<span id=\"919301b5c518c9ff00d1a59ebc883be5\"><a href=\"mailto:budapest.info@instytutpolski.org\">budapest.info@instytutpolski.org<\/a><\/span><\/p>\n<p>K\u00e9rj\u00fck, a tanfolyam \u00e1r\u00e1t \u00e1tutal\u00e1ssal fizess\u00e9k be a k\u00f6vetkez\u0151 sz\u00e1mlasz\u00e1mra, miut\u00e1n e-mailben, vagy telefonon egyeztettek a titk\u00e1rs\u00e1ggal a csoport l\u00e9tsz\u00e1ma \u00fcgy\u00e9ben:<\/p>\n<p>Penta Art Egyes\u00fclet MKB Bank Zrt.<\/p>\n<p>10300002-10565128-49020027<\/p>\n<p>A megjegyz\u00e9sben k\u00e9rj\u00fck felt\u00fcntetni: Nyelvtanfolyam d\u00edja \u00e9s melyik csoport.<\/p>\n<p>A befizet\u00e9st k\u00f6vet\u0151en a tranzakci\u00f3r\u00f3l sz\u00f3l\u00f3 igazol\u00e1st el kell juttatni (e-mailben, vagy szem\u00e9lyesen) a Lengyel Int\u00e9zet titk\u00e1rs\u00e1g\u00e1ra! A tanfolyamhoz sz\u00fcks\u00e9ges (\u201eHurra!!! Po polsku\u201d) tank\u00f6nyv a Gda\u0144sk Lengyel K\u00f6nyvesbolt \u00e9s B\u00fcf\u00e9-ben kaphat\u00f3 (Bart\u00f3k B\u00e9la \u00fat 46., 1111 Budapest, mobiltelefon: 0620\/9881873). A tanfolyam \u00e1ra tartalmazza a szemeszter v\u00e9g\u00e9n esed\u00e9kes z\u00e1r\u00f3teszt, illetve a kurzus elv\u00e9gz\u00e9s\u00e9r\u0151l sz\u00f3l\u00f3 bizony\u00edtv\u00e1ny k\u00f6lts\u00e9geit, nem tartalmazza azonban a tank\u00f6nyvek \u00e1r\u00e1t, ezeket a beiratkoz\u00f3knak k\u00fcl\u00f6n kell megv\u00e1s\u00e1rolni.<\/p>\n","protected":false},"excerpt":{"rendered":"<p>\u00dajra intenz\u00edv ny\u00e1ri nyelvtanfolyamokkal v\u00e1runk Titeket! A nyelvtanfolyamokra m\u00e1jus 20-31 k\u00f6z\u00f6tt lehet beiratkozni. A budapesti Lengyel Int\u00e9zet id\u00e9n is intenz\u00edv ny\u00e1ri nyelvtanfolyamokat hirdet az al\u00e1bbi id\u0151pontokban, \u00e9s szinteken: \u00a0 1. 3 hetes intenz\u00edv tanfolyam kezd\u0151knek (nulladik szint) Minden nap 9.00.-12.15-ig (15 perc sz\u00fcnettel) 15 alkalom x 4 \u00f3ra, \u00f6sszesen 60 \u00f3ra Id\u0151pontja: 2019. j\u00fanius 3 [&hellip;]<\/p>\n","protected":false},"author":1,"featured_media":0,"parent":0,"menu_order":0,"comment_status":"closed","ping_status":"closed","template":"","meta":{"inline_featured_image":false,"_monsterinsights_skip_tracking":false,"_monsterinsights_sitenote_active":false,"_monsterinsights_sitenote_note":"","_monsterinsights_sitenote_category":0,"footnotes":""},"class_list":["post-105","page","type-page","status-publish","hentry"],"yoast_head":"<!-- This site is optimized with the Yoast SEO plugin v24.6 - https:\/\/yoast.com\/wordpress\/plugins\/seo\/ -->\n<title>Ny\u00e1ri nyelvtanfolyamok 2019 - Instytut Polski w Budapeszcie<\/title>\n<meta name=\"robots\" content=\"index, follow, max-snippet:-1, max-image-preview:large, max-video-preview:-1\" \/>\n<link rel=\"canonical\" href=\"https:\/\/instytutpolski.pl\/budapest\/nyari-nyelvtanfolyamok-2019\/\" \/>\n<meta property=\"og:locale\" content=\"pl_PL\" \/>\n<meta property=\"og:type\" content=\"article\" \/>\n<meta property=\"og:title\" content=\"Ny\u00e1ri nyelvtanfolyamok 2019 - Instytut Polski w Budapeszcie\" \/>\n<meta property=\"og:description\" content=\"\u00dajra intenz\u00edv ny\u00e1ri nyelvtanfolyamokkal v\u00e1runk Titeket! A nyelvtanfolyamokra m\u00e1jus 20-31 k\u00f6z\u00f6tt lehet beiratkozni. A budapesti Lengyel Int\u00e9zet id\u00e9n is intenz\u00edv ny\u00e1ri nyelvtanfolyamokat hirdet az al\u00e1bbi id\u0151pontokban, \u00e9s szinteken: \u00a0 1. 3 hetes intenz\u00edv tanfolyam kezd\u0151knek (nulladik szint) Minden nap 9.00.-12.15-ig (15 perc sz\u00fcnettel) 15 alkalom x 4 \u00f3ra, \u00f6sszesen 60 \u00f3ra Id\u0151pontja: 2019. j\u00fanius 3 [&hellip;]\" \/>\n<meta property=\"og:url\" content=\"https:\/\/instytutpolski.pl\/budapest\/nyari-nyelvtanfolyamok-2019\/\" \/>\n<meta property=\"og:site_name\" content=\"Instytut Polski w Budapeszcie\" \/>\n<meta property=\"og:image\" content=\"https:\/\/instytutpolski.pl\/budapeszt\/wp-content\/uploads\/sites\/21\/2019\/05\/polish.jpg\" \/>\n<meta name=\"twitter:card\" content=\"summary_large_image\" \/>\n<meta name=\"twitter:label1\" content=\"Szacowany czas czytania\" \/>\n\t<meta name=\"twitter:data1\" content=\"2 minuty\" \/>\n<script type=\"application\/ld+json\" class=\"yoast-schema-graph\">{\"@context\":\"https:\/\/schema.org\",\"@graph\":[{\"@type\":\"WebPage\",\"@id\":\"https:\/\/instytutpolski.pl\/budapest\/nyari-nyelvtanfolyamok-2019\/\",\"url\":\"https:\/\/instytutpolski.pl\/budapest\/nyari-nyelvtanfolyamok-2019\/\",\"name\":\"Ny\u00e1ri nyelvtanfolyamok 2019 - Instytut Polski w Budapeszcie\",\"isPartOf\":{\"@id\":\"https:\/\/instytutpolski.pl\/budapest\/#website\"},\"primaryImageOfPage\":{\"@id\":\"https:\/\/instytutpolski.pl\/budapest\/nyari-nyelvtanfolyamok-2019\/#primaryimage\"},\"image\":{\"@id\":\"https:\/\/instytutpolski.pl\/budapest\/nyari-nyelvtanfolyamok-2019\/#primaryimage\"},\"thumbnailUrl\":\"https:\/\/instytutpolski.pl\/budapeszt\/wp-content\/uploads\/sites\/21\/2019\/05\/polish.jpg\",\"datePublished\":\"2019-05-28T12:44:19+00:00\",\"breadcrumb\":{\"@id\":\"https:\/\/instytutpolski.pl\/budapest\/nyari-nyelvtanfolyamok-2019\/#breadcrumb\"},\"inLanguage\":\"pl-PL\",\"potentialAction\":[{\"@type\":\"ReadAction\",\"target\":[\"https:\/\/instytutpolski.pl\/budapest\/nyari-nyelvtanfolyamok-2019\/\"]}]},{\"@type\":\"ImageObject\",\"inLanguage\":\"pl-PL\",\"@id\":\"https:\/\/instytutpolski.pl\/budapest\/nyari-nyelvtanfolyamok-2019\/#primaryimage\",\"url\":\"https:\/\/instytutpolski.pl\/budapeszt\/wp-content\/uploads\/sites\/21\/2019\/05\/polish.jpg\",\"contentUrl\":\"https:\/\/instytutpolski.pl\/budapeszt\/wp-content\/uploads\/sites\/21\/2019\/05\/polish.jpg\"},{\"@type\":\"BreadcrumbList\",\"@id\":\"https:\/\/instytutpolski.pl\/budapest\/nyari-nyelvtanfolyamok-2019\/#breadcrumb\",\"itemListElement\":[{\"@type\":\"ListItem\",\"position\":1,\"name\":\"Home\",\"item\":\"https:\/\/instytutpolski.pl\/budapest\/\"},{\"@type\":\"ListItem\",\"position\":2,\"name\":\"Ny\u00e1ri nyelvtanfolyamok 2019\"}]},{\"@type\":\"WebSite\",\"@id\":\"https:\/\/instytutpolski.pl\/budapest\/#website\",\"url\":\"https:\/\/instytutpolski.pl\/budapest\/\",\"name\":\"Instytut Polski w Budapeszcie\",\"description\":\"Instytuty Polskie\",\"potentialAction\":[{\"@type\":\"SearchAction\",\"target\":{\"@type\":\"EntryPoint\",\"urlTemplate\":\"https:\/\/instytutpolski.pl\/budapest\/?s={search_term_string}\"},\"query-input\":{\"@type\":\"PropertyValueSpecification\",\"valueRequired\":true,\"valueName\":\"search_term_string\"}}],\"inLanguage\":\"pl-PL\"}]}<\/script>\n<!-- \/ Yoast SEO plugin. -->","yoast_head_json":{"title":"Ny\u00e1ri nyelvtanfolyamok 2019 - Instytut Polski w Budapeszcie","robots":{"index":"index","follow":"follow","max-snippet":"max-snippet:-1","max-image-preview":"max-image-preview:large","max-video-preview":"max-video-preview:-1"},"canonical":"https:\/\/instytutpolski.pl\/budapest\/nyari-nyelvtanfolyamok-2019\/","og_locale":"pl_PL","og_type":"article","og_title":"Ny\u00e1ri nyelvtanfolyamok 2019 - Instytut Polski w Budapeszcie","og_description":"\u00dajra intenz\u00edv ny\u00e1ri nyelvtanfolyamokkal v\u00e1runk Titeket! A nyelvtanfolyamokra m\u00e1jus 20-31 k\u00f6z\u00f6tt lehet beiratkozni. A budapesti Lengyel Int\u00e9zet id\u00e9n is intenz\u00edv ny\u00e1ri nyelvtanfolyamokat hirdet az al\u00e1bbi id\u0151pontokban, \u00e9s szinteken: \u00a0 1. 3 hetes intenz\u00edv tanfolyam kezd\u0151knek (nulladik szint) Minden nap 9.00.-12.15-ig (15 perc sz\u00fcnettel) 15 alkalom x 4 \u00f3ra, \u00f6sszesen 60 \u00f3ra Id\u0151pontja: 2019. j\u00fanius 3 [&hellip;]","og_url":"https:\/\/instytutpolski.pl\/budapest\/nyari-nyelvtanfolyamok-2019\/","og_site_name":"Instytut Polski w Budapeszcie","og_image":[{"url":"https:\/\/instytutpolski.pl\/budapeszt\/wp-content\/uploads\/sites\/21\/2019\/05\/polish.jpg","type":"","width":"","height":""}],"twitter_card":"summary_large_image","twitter_misc":{"Szacowany czas czytania":"2 minuty"},"schema":{"@context":"https:\/\/schema.org","@graph":[{"@type":"WebPage","@id":"https:\/\/instytutpolski.pl\/budapest\/nyari-nyelvtanfolyamok-2019\/","url":"https:\/\/instytutpolski.pl\/budapest\/nyari-nyelvtanfolyamok-2019\/","name":"Ny\u00e1ri nyelvtanfolyamok 2019 - Instytut Polski w Budapeszcie","isPartOf":{"@id":"https:\/\/instytutpolski.pl\/budapest\/#website"},"primaryImageOfPage":{"@id":"https:\/\/instytutpolski.pl\/budapest\/nyari-nyelvtanfolyamok-2019\/#primaryimage"},"image":{"@id":"https:\/\/instytutpolski.pl\/budapest\/nyari-nyelvtanfolyamok-2019\/#primaryimage"},"thumbnailUrl":"https:\/\/instytutpolski.pl\/budapeszt\/wp-content\/uploads\/sites\/21\/2019\/05\/polish.jpg","datePublished":"2019-05-28T12:44:19+00:00","breadcrumb":{"@id":"https:\/\/instytutpolski.pl\/budapest\/nyari-nyelvtanfolyamok-2019\/#breadcrumb"},"inLanguage":"pl-PL","potentialAction":[{"@type":"ReadAction","target":["https:\/\/instytutpolski.pl\/budapest\/nyari-nyelvtanfolyamok-2019\/"]}]},{"@type":"ImageObject","inLanguage":"pl-PL","@id":"https:\/\/instytutpolski.pl\/budapest\/nyari-nyelvtanfolyamok-2019\/#primaryimage","url":"https:\/\/instytutpolski.pl\/budapeszt\/wp-content\/uploads\/sites\/21\/2019\/05\/polish.jpg","contentUrl":"https:\/\/instytutpolski.pl\/budapeszt\/wp-content\/uploads\/sites\/21\/2019\/05\/polish.jpg"},{"@type":"BreadcrumbList","@id":"https:\/\/instytutpolski.pl\/budapest\/nyari-nyelvtanfolyamok-2019\/#breadcrumb","itemListElement":[{"@type":"ListItem","position":1,"name":"Home","item":"https:\/\/instytutpolski.pl\/budapest\/"},{"@type":"ListItem","position":2,"name":"Ny\u00e1ri nyelvtanfolyamok 2019"}]},{"@type":"WebSite","@id":"https:\/\/instytutpolski.pl\/budapest\/#website","url":"https:\/\/instytutpolski.pl\/budapest\/","name":"Instytut Polski w Budapeszcie","description":"Instytuty Polskie","potentialAction":[{"@type":"SearchAction","target":{"@type":"EntryPoint","urlTemplate":"https:\/\/instytutpolski.pl\/budapest\/?s={search_term_string}"},"query-input":{"@type":"PropertyValueSpecification","valueRequired":true,"valueName":"search_term_string"}}],"inLanguage":"pl-PL"}]}},"_links":{"self":[{"href":"https:\/\/instytutpolski.pl\/budapest\/wp-json\/wp\/v2\/pages\/105","targetHints":{"allow":["GET"]}}],"collection":[{"href":"https:\/\/instytutpolski.pl\/budapest\/wp-json\/wp\/v2\/pages"}],"about":[{"href":"https:\/\/instytutpolski.pl\/budapest\/wp-json\/wp\/v2\/types\/page"}],"author":[{"embeddable":true,"href":"https:\/\/instytutpolski.pl\/budapest\/wp-json\/wp\/v2\/users\/1"}],"replies":[{"embeddable":true,"href":"https:\/\/instytutpolski.pl\/budapest\/wp-json\/wp\/v2\/comments?post=105"}],"version-history":[{"count":1,"href":"https:\/\/instytutpolski.pl\/budapest\/wp-json\/wp\/v2\/pages\/105\/revisions"}],"predecessor-version":[{"id":107,"href":"https:\/\/instytutpolski.pl\/budapest\/wp-json\/wp\/v2\/pages\/105\/revisions\/107"}],"wp:attachment":[{"href":"https:\/\/instytutpolski.pl\/budapest\/wp-json\/wp\/v2\/media?parent=105"}],"curies":[{"name":"wp","href":"https:\/\/api.w.org\/{rel}","templated":true}]}}