{"id":10621,"date":"2020-11-04T15:58:38","date_gmt":"2020-11-04T14:58:38","guid":{"rendered":"https:\/\/instytutpolski.pl\/budapest\/?page_id=10621"},"modified":"2020-11-04T16:19:39","modified_gmt":"2020-11-04T15:19:39","slug":"digitalis-nemzeti-muzeum","status":"publish","type":"page","link":"https:\/\/instytutpolski.pl\/budapest\/digitalis-nemzeti-muzeum\/","title":{"rendered":"Digit\u00e1lis Nemzeti M\u00fazeum"},"content":{"rendered":"\n<p>\u00a0<\/p>\n<p><img loading=\"lazy\" decoding=\"async\" class=\" wp-image-10450 alignright\" src=\"https:\/\/instytutpolski.pl\/budapest\/wp-content\/uploads\/sites\/21\/2020\/10\/fot_Adam-Oleksiak_MNW_5.jpg\" alt=\"\" width=\"309\" height=\"205\" srcset=\"https:\/\/instytutpolski.pl\/budapest\/wp-content\/uploads\/sites\/21\/2020\/10\/fot_Adam-Oleksiak_MNW_5.jpg 1600w, https:\/\/instytutpolski.pl\/budapest\/wp-content\/uploads\/sites\/21\/2020\/10\/fot_Adam-Oleksiak_MNW_5-300x200.jpg 300w, https:\/\/instytutpolski.pl\/budapest\/wp-content\/uploads\/sites\/21\/2020\/10\/fot_Adam-Oleksiak_MNW_5-1024x682.jpg 1024w, https:\/\/instytutpolski.pl\/budapest\/wp-content\/uploads\/sites\/21\/2020\/10\/fot_Adam-Oleksiak_MNW_5-768x512.jpg 768w, https:\/\/instytutpolski.pl\/budapest\/wp-content\/uploads\/sites\/21\/2020\/10\/fot_Adam-Oleksiak_MNW_5-1536x1023.jpg 1536w\" sizes=\"auto, (max-width: 309px) 100vw, 309px\" \/>A <strong style=\"font-size: inherit\"><a href=\"https:\/\/cyfrowe.mnw.art.pl\/en\/home\">Digit\u00e1lis Vars\u00f3i Nemzeti M\u00fazeum<\/a><\/strong> <span style=\"font-size: inherit\">a Vars\u00f3i Nemzeti M\u00fazeum gy\u0171jtem\u00e9ny\u00e9ben tal\u00e1lhat\u00f3 t\u00f6bb mint 800 000 ki\u00e1ll\u00edt\u00e1si t\u00e1rgy k\u00f6z\u00fcl mintegy 60 ezret mutat be. Ezek k\u00f6z\u00f6tt vannak a lengyel fest\u00e9szet, szobr\u00e1szat \u00e9s grafika remekm\u0171vei, a lengyel r\u00e9g\u00e9szek \u00e1ltal felt\u00e1rt \u00f3kori falfestm\u00e9nyek Faras-b\u00f3l, a k\u00f6z\u00e9pkori \u00e9s kort\u00e1rs m\u0171v\u00e9szet alkot\u00e1sai. Lak\u00f3hely\u00e9t\u0151l f\u00fcggetlen\u00fcl mindenki elindulhat a vars\u00f3i lengyel Nemzeti M\u00fazeum virtu\u00e1lis megtekint\u00e9s\u00e9re. A szolg\u00e1ltat\u00e1s szem\u00e9lyre szabott. A felhaszn\u00e1l\u00f3 megtekintheti az eg\u00e9sz gy\u0171jtem\u00e9nyt a m\u00fazeum honlapj\u00e1n, vagy kiv\u00e1laszthatja a konkr\u00e9t m\u0171t\u00e1rgyat \u00e9s a keres\u00e9se t\u00f6rt\u00e9net\u00e9t felrakhatja a saj\u00e1t profilj\u00e1ra a port\u00e1lon.<\/span><\/p>\n<div id=\"attachment_10455\" style=\"width: 238px\" class=\"wp-caption alignleft\"><img loading=\"lazy\" decoding=\"async\" aria-describedby=\"caption-attachment-10455\" class=\" wp-image-10455\" src=\"https:\/\/instytutpolski.pl\/budapest\/wp-content\/uploads\/sites\/21\/2020\/10\/fot_Adam-Oleksiak_MNW_8-ok-scaled.jpg\" alt=\"\" width=\"228\" height=\"342\" srcset=\"https:\/\/instytutpolski.pl\/budapest\/wp-content\/uploads\/sites\/21\/2020\/10\/fot_Adam-Oleksiak_MNW_8-ok-scaled.jpg 1707w, https:\/\/instytutpolski.pl\/budapest\/wp-content\/uploads\/sites\/21\/2020\/10\/fot_Adam-Oleksiak_MNW_8-ok-200x300.jpg 200w, https:\/\/instytutpolski.pl\/budapest\/wp-content\/uploads\/sites\/21\/2020\/10\/fot_Adam-Oleksiak_MNW_8-ok-683x1024.jpg 683w, https:\/\/instytutpolski.pl\/budapest\/wp-content\/uploads\/sites\/21\/2020\/10\/fot_Adam-Oleksiak_MNW_8-ok-768x1152.jpg 768w, https:\/\/instytutpolski.pl\/budapest\/wp-content\/uploads\/sites\/21\/2020\/10\/fot_Adam-Oleksiak_MNW_8-ok-1024x1536.jpg 1024w, https:\/\/instytutpolski.pl\/budapest\/wp-content\/uploads\/sites\/21\/2020\/10\/fot_Adam-Oleksiak_MNW_8-ok-1365x2048.jpg 1365w\" sizes=\"auto, (max-width: 228px) 100vw, 228px\" \/><p id=\"caption-attachment-10455\" class=\"wp-caption-text\">Fot. Adam Oleksiak\/MNW<\/p><\/div>\n<ul>\n<li>\u00a0 \u00a0A k\u00fcl\u00f6nleges figyelmet ig\u00e9nyl\u0151 m\u0171t\u00e1rgyak a\u00a0 \u00a0 \u00a0 m\u0171remekek szekci\u00f3ban tal\u00e1lhat\u00f3ak\u00a0 \u00a0(<a href=\"https:\/\/cyfrowe.mnw.art.pl\/pl\/arcydziela\">https:\/\/cyfrowe.mnw.art.pl\/pl\/arcydziela<\/a>) \u2013 mondja Karolina Tabak, a vars\u00f3i Nemzeti M\u00fazeum Vizu\u00e1lis Dokument\u00e1ci\u00f3s \u00e9s Digitaliz\u00e1ci\u00f3s R\u00e9szleg\u00e9nek vezet\u0151je. Lehet\u0151s\u00e9g ny\u00edlik tematikus keres\u00e9sre is (<a href=\"https:\/\/cyfrowe.mnw.art.pl\/pl\/sciezki-tematyczne\">https:\/\/cyfrowe.mnw.art.pl\/pl\/sciezki-tematyczne<\/a>) \u2013 ezek interakt\u00edv prezent\u00e1ci\u00f3k a m\u00fazeum gy\u0171jtem\u00e9ny\u00e9b\u0151l, k\u00fcl\u00f6nb\u00f6z\u0151 jelens\u00e9gekr\u0151l a sz\u00e9lesen \u00e9rtelmezett kult\u00fara ter\u00fcleteir\u0151l, pl. Faras \u2013 a sivatag kincse, B\u0171ntett \u00e9s hal\u00e1l, A gyermek, A m\u0171v\u00e9sz m\u0171term\u00e9ben. A Digit\u00e1lis M\u00fazeumban p\u00e9ld\u00e1ul meg lehet tekinteni Jan Matejko <em>Grunwaldi csata<\/em> c\u00edm\u0171 festm\u00e9ny\u00e9t is (<a href=\"https:\/\/cyfrowe.mnw.art.pl\/pl\/katalog\/509927\">https:\/\/cyfrowe.mnw.art.pl\/pl\/katalog\/509927<\/a>) \u00a0\u00e9s a speci\u00e1lis helyekre klikkelve megismerkedhet\u00fcnk a festm\u00e9nyen szerepl\u0151 alakokkal.<\/li>\n<\/ul>\n<p>A m\u0171v\u00e9szet szerelmesei let\u00f6lthetik a nekik legink\u00e1bb tetsz\u0151,\u00a0 kedvenc m\u0171t\u00e1rgyaikat. Az oldalon a f\u00e9nyk\u00e9pek mellett megtal\u00e1lhat\u00f3ak azok felhaszn\u00e1l\u00e1si felt\u00e9telei, t\u00f6bbek k\u00f6z\u00f6tt a szerz\u0151i jog k\u00e9rd\u00e9se is. A k\u00f6zdom\u00e9nen tal\u00e1lhat\u00f3 m\u0171t\u00e1rgyak f\u00e9nyk\u00e9pei (ha az alkot\u00f3 hal\u00e1l\u00e1t\u00f3l legal\u00e1bb 70 \u00e9v telt el) let\u00f6lthet\u0151ek, \u00e1talak\u00edthat\u00f3ak \u00e9s korl\u00e1toz\u00e1s n\u00e9lk\u00fcl felhaszn\u00e1lhat\u00f3ak, kereskedelmi c\u00e9lokra is.<\/p>\n\n\n\n<figure class=\"wp-block-image size-large\"><img loading=\"lazy\" decoding=\"async\" width=\"1024\" height=\"683\" src=\"https:\/\/instytutpolski.pl\/budapest\/wp-content\/uploads\/sites\/21\/2020\/10\/fot_Adam-Oleksiak_MNW_9-ok-1024x683.jpg\" alt=\"\" class=\"wp-image-10446\" srcset=\"https:\/\/instytutpolski.pl\/budapest\/wp-content\/uploads\/sites\/21\/2020\/10\/fot_Adam-Oleksiak_MNW_9-ok-1024x683.jpg 1024w, https:\/\/instytutpolski.pl\/budapest\/wp-content\/uploads\/sites\/21\/2020\/10\/fot_Adam-Oleksiak_MNW_9-ok-300x200.jpg 300w, https:\/\/instytutpolski.pl\/budapest\/wp-content\/uploads\/sites\/21\/2020\/10\/fot_Adam-Oleksiak_MNW_9-ok-768x512.jpg 768w, https:\/\/instytutpolski.pl\/budapest\/wp-content\/uploads\/sites\/21\/2020\/10\/fot_Adam-Oleksiak_MNW_9-ok-1536x1024.jpg 1536w, https:\/\/instytutpolski.pl\/budapest\/wp-content\/uploads\/sites\/21\/2020\/10\/fot_Adam-Oleksiak_MNW_9-ok-2048x1365.jpg 2048w\" sizes=\"auto, (max-width: 1024px) 100vw, 1024px\" \/><figcaption>Fot\u00f3: Adam Oleksiak\/MNW<\/figcaption><\/figure>\n","protected":false},"excerpt":{"rendered":"<p>\u00a0 A Digit\u00e1lis Vars\u00f3i Nemzeti M\u00fazeum a Vars\u00f3i Nemzeti M\u00fazeum gy\u0171jtem\u00e9ny\u00e9ben tal\u00e1lhat\u00f3 t\u00f6bb mint 800 000 ki\u00e1ll\u00edt\u00e1si t\u00e1rgy k\u00f6z\u00fcl mintegy 60 ezret mutat be. Ezek k\u00f6z\u00f6tt vannak a lengyel fest\u00e9szet, szobr\u00e1szat \u00e9s grafika remekm\u0171vei, a lengyel r\u00e9g\u00e9szek \u00e1ltal felt\u00e1rt \u00f3kori falfestm\u00e9nyek Faras-b\u00f3l, a k\u00f6z\u00e9pkori \u00e9s kort\u00e1rs m\u0171v\u00e9szet alkot\u00e1sai. Lak\u00f3hely\u00e9t\u0151l f\u00fcggetlen\u00fcl mindenki elindulhat a vars\u00f3i lengyel [&hellip;]<\/p>\n","protected":false},"author":137,"featured_media":10448,"parent":0,"menu_order":0,"comment_status":"closed","ping_status":"closed","template":"","meta":{"inline_featured_image":false,"_monsterinsights_skip_tracking":false,"_monsterinsights_sitenote_active":false,"_monsterinsights_sitenote_note":"","_monsterinsights_sitenote_category":0,"footnotes":""},"class_list":["post-10621","page","type-page","status-publish","has-post-thumbnail","hentry"],"yoast_head":"<!-- This site is optimized with the Yoast SEO plugin v24.6 - https:\/\/yoast.com\/wordpress\/plugins\/seo\/ -->\n<title>Digit\u00e1lis Nemzeti M\u00fazeum - Instytut Polski w Budapeszcie<\/title>\n<meta name=\"robots\" content=\"index, follow, max-snippet:-1, max-image-preview:large, max-video-preview:-1\" \/>\n<link rel=\"canonical\" href=\"https:\/\/instytutpolski.pl\/budapest\/digitalis-nemzeti-muzeum\/\" \/>\n<meta property=\"og:locale\" content=\"pl_PL\" \/>\n<meta property=\"og:type\" content=\"article\" \/>\n<meta property=\"og:title\" content=\"Digit\u00e1lis Nemzeti M\u00fazeum - Instytut Polski w Budapeszcie\" \/>\n<meta property=\"og:description\" content=\"\u00a0 A Digit\u00e1lis Vars\u00f3i Nemzeti M\u00fazeum a Vars\u00f3i Nemzeti M\u00fazeum gy\u0171jtem\u00e9ny\u00e9ben tal\u00e1lhat\u00f3 t\u00f6bb mint 800 000 ki\u00e1ll\u00edt\u00e1si t\u00e1rgy k\u00f6z\u00fcl mintegy 60 ezret mutat be. Ezek k\u00f6z\u00f6tt vannak a lengyel fest\u00e9szet, szobr\u00e1szat \u00e9s grafika remekm\u0171vei, a lengyel r\u00e9g\u00e9szek \u00e1ltal felt\u00e1rt \u00f3kori falfestm\u00e9nyek Faras-b\u00f3l, a k\u00f6z\u00e9pkori \u00e9s kort\u00e1rs m\u0171v\u00e9szet alkot\u00e1sai. Lak\u00f3hely\u00e9t\u0151l f\u00fcggetlen\u00fcl mindenki elindulhat a vars\u00f3i lengyel [&hellip;]\" \/>\n<meta property=\"og:url\" content=\"https:\/\/instytutpolski.pl\/budapest\/digitalis-nemzeti-muzeum\/\" \/>\n<meta property=\"og:site_name\" content=\"Instytut Polski w Budapeszcie\" \/>\n<meta property=\"article:modified_time\" content=\"2020-11-04T15:19:39+00:00\" \/>\n<meta property=\"og:image\" content=\"https:\/\/instytutpolski.pl\/budapest\/wp-content\/uploads\/sites\/21\/2020\/10\/fot_Adam-Oleksiak_MNW_9-gotowe-scaled.jpg\" \/>\n\t<meta property=\"og:image:width\" content=\"2560\" \/>\n\t<meta property=\"og:image:height\" content=\"1003\" \/>\n\t<meta property=\"og:image:type\" content=\"image\/jpeg\" \/>\n<meta name=\"twitter:card\" content=\"summary_large_image\" \/>\n<meta name=\"twitter:label1\" content=\"Szacowany czas czytania\" \/>\n\t<meta name=\"twitter:data1\" content=\"2 minuty\" \/>\n<script type=\"application\/ld+json\" class=\"yoast-schema-graph\">{\"@context\":\"https:\/\/schema.org\",\"@graph\":[{\"@type\":\"WebPage\",\"@id\":\"https:\/\/instytutpolski.pl\/budapest\/digitalis-nemzeti-muzeum\/\",\"url\":\"https:\/\/instytutpolski.pl\/budapest\/digitalis-nemzeti-muzeum\/\",\"name\":\"Digit\u00e1lis Nemzeti M\u00fazeum - Instytut Polski w Budapeszcie\",\"isPartOf\":{\"@id\":\"https:\/\/instytutpolski.pl\/budapest\/#website\"},\"primaryImageOfPage\":{\"@id\":\"https:\/\/instytutpolski.pl\/budapest\/digitalis-nemzeti-muzeum\/#primaryimage\"},\"image\":{\"@id\":\"https:\/\/instytutpolski.pl\/budapest\/digitalis-nemzeti-muzeum\/#primaryimage\"},\"thumbnailUrl\":\"https:\/\/instytutpolski.pl\/budapest\/wp-content\/uploads\/sites\/21\/2020\/10\/fot_Adam-Oleksiak_MNW_9-gotowe-scaled.jpg\",\"datePublished\":\"2020-11-04T14:58:38+00:00\",\"dateModified\":\"2020-11-04T15:19:39+00:00\",\"breadcrumb\":{\"@id\":\"https:\/\/instytutpolski.pl\/budapest\/digitalis-nemzeti-muzeum\/#breadcrumb\"},\"inLanguage\":\"pl-PL\",\"potentialAction\":[{\"@type\":\"ReadAction\",\"target\":[\"https:\/\/instytutpolski.pl\/budapest\/digitalis-nemzeti-muzeum\/\"]}]},{\"@type\":\"ImageObject\",\"inLanguage\":\"pl-PL\",\"@id\":\"https:\/\/instytutpolski.pl\/budapest\/digitalis-nemzeti-muzeum\/#primaryimage\",\"url\":\"https:\/\/instytutpolski.pl\/budapest\/wp-content\/uploads\/sites\/21\/2020\/10\/fot_Adam-Oleksiak_MNW_9-gotowe-scaled.jpg\",\"contentUrl\":\"https:\/\/instytutpolski.pl\/budapest\/wp-content\/uploads\/sites\/21\/2020\/10\/fot_Adam-Oleksiak_MNW_9-gotowe-scaled.jpg\",\"width\":2560,\"height\":1003},{\"@type\":\"BreadcrumbList\",\"@id\":\"https:\/\/instytutpolski.pl\/budapest\/digitalis-nemzeti-muzeum\/#breadcrumb\",\"itemListElement\":[{\"@type\":\"ListItem\",\"position\":1,\"name\":\"Home\",\"item\":\"https:\/\/instytutpolski.pl\/budapest\/\"},{\"@type\":\"ListItem\",\"position\":2,\"name\":\"Digit\u00e1lis Nemzeti M\u00fazeum\"}]},{\"@type\":\"WebSite\",\"@id\":\"https:\/\/instytutpolski.pl\/budapest\/#website\",\"url\":\"https:\/\/instytutpolski.pl\/budapest\/\",\"name\":\"Instytut Polski w Budapeszcie\",\"description\":\"Instytuty Polskie\",\"potentialAction\":[{\"@type\":\"SearchAction\",\"target\":{\"@type\":\"EntryPoint\",\"urlTemplate\":\"https:\/\/instytutpolski.pl\/budapest\/?s={search_term_string}\"},\"query-input\":{\"@type\":\"PropertyValueSpecification\",\"valueRequired\":true,\"valueName\":\"search_term_string\"}}],\"inLanguage\":\"pl-PL\"}]}<\/script>\n<!-- \/ Yoast SEO plugin. -->","yoast_head_json":{"title":"Digit\u00e1lis Nemzeti M\u00fazeum - Instytut Polski w Budapeszcie","robots":{"index":"index","follow":"follow","max-snippet":"max-snippet:-1","max-image-preview":"max-image-preview:large","max-video-preview":"max-video-preview:-1"},"canonical":"https:\/\/instytutpolski.pl\/budapest\/digitalis-nemzeti-muzeum\/","og_locale":"pl_PL","og_type":"article","og_title":"Digit\u00e1lis Nemzeti M\u00fazeum - Instytut Polski w Budapeszcie","og_description":"\u00a0 A Digit\u00e1lis Vars\u00f3i Nemzeti M\u00fazeum a Vars\u00f3i Nemzeti M\u00fazeum gy\u0171jtem\u00e9ny\u00e9ben tal\u00e1lhat\u00f3 t\u00f6bb mint 800 000 ki\u00e1ll\u00edt\u00e1si t\u00e1rgy k\u00f6z\u00fcl mintegy 60 ezret mutat be. Ezek k\u00f6z\u00f6tt vannak a lengyel fest\u00e9szet, szobr\u00e1szat \u00e9s grafika remekm\u0171vei, a lengyel r\u00e9g\u00e9szek \u00e1ltal felt\u00e1rt \u00f3kori falfestm\u00e9nyek Faras-b\u00f3l, a k\u00f6z\u00e9pkori \u00e9s kort\u00e1rs m\u0171v\u00e9szet alkot\u00e1sai. Lak\u00f3hely\u00e9t\u0151l f\u00fcggetlen\u00fcl mindenki elindulhat a vars\u00f3i lengyel [&hellip;]","og_url":"https:\/\/instytutpolski.pl\/budapest\/digitalis-nemzeti-muzeum\/","og_site_name":"Instytut Polski w Budapeszcie","article_modified_time":"2020-11-04T15:19:39+00:00","og_image":[{"width":2560,"height":1003,"url":"https:\/\/instytutpolski.pl\/budapest\/wp-content\/uploads\/sites\/21\/2020\/10\/fot_Adam-Oleksiak_MNW_9-gotowe-scaled.jpg","type":"image\/jpeg"}],"twitter_card":"summary_large_image","twitter_misc":{"Szacowany czas czytania":"2 minuty"},"schema":{"@context":"https:\/\/schema.org","@graph":[{"@type":"WebPage","@id":"https:\/\/instytutpolski.pl\/budapest\/digitalis-nemzeti-muzeum\/","url":"https:\/\/instytutpolski.pl\/budapest\/digitalis-nemzeti-muzeum\/","name":"Digit\u00e1lis Nemzeti M\u00fazeum - Instytut Polski w Budapeszcie","isPartOf":{"@id":"https:\/\/instytutpolski.pl\/budapest\/#website"},"primaryImageOfPage":{"@id":"https:\/\/instytutpolski.pl\/budapest\/digitalis-nemzeti-muzeum\/#primaryimage"},"image":{"@id":"https:\/\/instytutpolski.pl\/budapest\/digitalis-nemzeti-muzeum\/#primaryimage"},"thumbnailUrl":"https:\/\/instytutpolski.pl\/budapest\/wp-content\/uploads\/sites\/21\/2020\/10\/fot_Adam-Oleksiak_MNW_9-gotowe-scaled.jpg","datePublished":"2020-11-04T14:58:38+00:00","dateModified":"2020-11-04T15:19:39+00:00","breadcrumb":{"@id":"https:\/\/instytutpolski.pl\/budapest\/digitalis-nemzeti-muzeum\/#breadcrumb"},"inLanguage":"pl-PL","potentialAction":[{"@type":"ReadAction","target":["https:\/\/instytutpolski.pl\/budapest\/digitalis-nemzeti-muzeum\/"]}]},{"@type":"ImageObject","inLanguage":"pl-PL","@id":"https:\/\/instytutpolski.pl\/budapest\/digitalis-nemzeti-muzeum\/#primaryimage","url":"https:\/\/instytutpolski.pl\/budapest\/wp-content\/uploads\/sites\/21\/2020\/10\/fot_Adam-Oleksiak_MNW_9-gotowe-scaled.jpg","contentUrl":"https:\/\/instytutpolski.pl\/budapest\/wp-content\/uploads\/sites\/21\/2020\/10\/fot_Adam-Oleksiak_MNW_9-gotowe-scaled.jpg","width":2560,"height":1003},{"@type":"BreadcrumbList","@id":"https:\/\/instytutpolski.pl\/budapest\/digitalis-nemzeti-muzeum\/#breadcrumb","itemListElement":[{"@type":"ListItem","position":1,"name":"Home","item":"https:\/\/instytutpolski.pl\/budapest\/"},{"@type":"ListItem","position":2,"name":"Digit\u00e1lis Nemzeti M\u00fazeum"}]},{"@type":"WebSite","@id":"https:\/\/instytutpolski.pl\/budapest\/#website","url":"https:\/\/instytutpolski.pl\/budapest\/","name":"Instytut Polski w Budapeszcie","description":"Instytuty Polskie","potentialAction":[{"@type":"SearchAction","target":{"@type":"EntryPoint","urlTemplate":"https:\/\/instytutpolski.pl\/budapest\/?s={search_term_string}"},"query-input":{"@type":"PropertyValueSpecification","valueRequired":true,"valueName":"search_term_string"}}],"inLanguage":"pl-PL"}]}},"_links":{"self":[{"href":"https:\/\/instytutpolski.pl\/budapest\/wp-json\/wp\/v2\/pages\/10621","targetHints":{"allow":["GET"]}}],"collection":[{"href":"https:\/\/instytutpolski.pl\/budapest\/wp-json\/wp\/v2\/pages"}],"about":[{"href":"https:\/\/instytutpolski.pl\/budapest\/wp-json\/wp\/v2\/types\/page"}],"author":[{"embeddable":true,"href":"https:\/\/instytutpolski.pl\/budapest\/wp-json\/wp\/v2\/users\/137"}],"replies":[{"embeddable":true,"href":"https:\/\/instytutpolski.pl\/budapest\/wp-json\/wp\/v2\/comments?post=10621"}],"version-history":[{"count":5,"href":"https:\/\/instytutpolski.pl\/budapest\/wp-json\/wp\/v2\/pages\/10621\/revisions"}],"predecessor-version":[{"id":10630,"href":"https:\/\/instytutpolski.pl\/budapest\/wp-json\/wp\/v2\/pages\/10621\/revisions\/10630"}],"wp:featuredmedia":[{"embeddable":true,"href":"https:\/\/instytutpolski.pl\/budapest\/wp-json\/wp\/v2\/media\/10448"}],"wp:attachment":[{"href":"https:\/\/instytutpolski.pl\/budapest\/wp-json\/wp\/v2\/media?parent=10621"}],"curies":[{"name":"wp","href":"https:\/\/api.w.org\/{rel}","templated":true}]}}