{"id":110,"date":"2019-05-28T15:02:26","date_gmt":"2019-05-28T13:02:26","guid":{"rendered":"https:\/\/instytutpolski.pl\/budapeszt\/?page_id=110"},"modified":"2019-06-11T18:07:25","modified_gmt":"2019-06-11T16:07:25","slug":"studia","status":"publish","type":"page","link":"https:\/\/instytutpolski.pl\/budapest\/pl\/studia\/","title":{"rendered":"Studia"},"content":{"rendered":"\n<h2 class=\"wp-block-heading\"><strong>STUDIA POLONISTYCZNE W REPUBLICE WEGIERSKIEJ<\/strong><\/h2>\n\n\n\n<div class=\"wp-block-columns has-2-columns is-layout-flex wp-container-core-columns-is-layout-1 wp-block-columns-is-layout-flex\">\n<div class=\"wp-block-column is-layout-flow wp-block-column-is-layout-flow\">\n<p><a href=\"http:\/\/szlavintezet.elte.hu\/lengyel\/index.shtml\"><img loading=\"lazy\" decoding=\"async\" class=\"alignnone wp-image-965 size-full\" src=\"https:\/\/instytutpolski.pl\/budapeszt\/wp-content\/uploads\/sites\/21\/2019\/06\/1-1.jpg\" alt=\"\" width=\"224\" height=\"224\" srcset=\"https:\/\/instytutpolski.pl\/budapest\/wp-content\/uploads\/sites\/21\/2019\/06\/1-1.jpg 224w, https:\/\/instytutpolski.pl\/budapest\/wp-content\/uploads\/sites\/21\/2019\/06\/1-1-150x150.jpg 150w\" sizes=\"auto, (max-width: 224px) 100vw, 224px\" \/><\/a><\/p>\n<\/div>\n\n\n\n<div class=\"wp-block-column is-layout-flow wp-block-column-is-layout-flow\">\n<p><a href=\"http:\/\/szlavintezet.elte.hu\/lengyel\/index.shtml\" target=\"_blank\" rel=\"noopener noreferrer\"><strong>Uniwersytet ELTE w Budapeszcie<\/strong><\/a><\/p>\n<p>Wydzia\u0142 Humanistyczny<\/p>\n<p>Instytut Filologii S\u0142owia\u0144skiej i Ba\u0142tyckiej<\/p>\n<p>Katedra Filologii Polskiej<\/p>\n<p>Kierownik katedry: dr Zsuzsanna R\u00e1duly<\/p>\n<p>To najstarsza katedra polonistyczna na W\u0119grzech, na kt\u00f3rej uczy si\u0119 obecnie 90 student\u00f3w. Katedra oferuje: polonistyczne studia licencjackie i magisterskie, lektorat j\u0119zyka polskiego, zaj\u0119cia fakultatywne, studia doktoranckie. Przedmioty prowadzone w ramach studi\u00f3w polonistycznych: j\u0119zykoznawstwo, literatura i kultura s\u0142owia\u0144ska<\/p>\n\n\n\n<p><\/p>\n<\/div>\n<\/div>\n\n\n\n<div class=\"wp-block-columns has-2-columns is-layout-flex wp-container-core-columns-is-layout-2 wp-block-columns-is-layout-flex\">\n<div class=\"wp-block-column is-layout-flow wp-block-column-is-layout-flow\">\n<p><a href=\"http:\/\/www.btk.ppke.hu\/karunkrol\/intezetek-tanszekek\/szlavisztika-kozep-europa-intezet\/lengyel-tanszek\"><img loading=\"lazy\" decoding=\"async\" class=\"alignnone wp-image-112 size-full\" src=\"https:\/\/instytutpolski.pl\/budapeszt\/wp-content\/uploads\/sites\/21\/2019\/05\/Pazmany2_0.jpg\" alt=\"\" width=\"350\" height=\"472\" srcset=\"https:\/\/instytutpolski.pl\/budapest\/wp-content\/uploads\/sites\/21\/2019\/05\/Pazmany2_0.jpg 350w, https:\/\/instytutpolski.pl\/budapest\/wp-content\/uploads\/sites\/21\/2019\/05\/Pazmany2_0-222x300.jpg 222w\" sizes=\"auto, (max-width: 350px) 100vw, 350px\" \/><\/a><\/p>\n<\/div>\n\n\n\n<div class=\"wp-block-column is-layout-flow wp-block-column-is-layout-flow\">\n<p><strong><a href=\"http:\/\/www.btk.ppke.hu\/karunkrol\/intezetek-tanszekek\/szlavisztika-kozep-europa-intezet\/lengyel-tanszek\" target=\"_blank\" rel=\"noopener noreferrer\">Katolicki Uniwersytet im. P\u00e9tera P\u00e1zm\u00e1nya<\/a><\/strong><\/p>\n<p>Wydzia\u0142 Humanistyczny<\/p>\n<p>Instytut Slawistyki \u2013 Instytut Europy \u015arodkowej<\/p>\n<p>Katedra Filologii Polskiej<\/p>\n<p>Kierownik katedry: dr Lajos P\u00e1lfalvi<\/p>\n<p>Katedra Filologii Polskiej oferuje studia licencjackie. Przedmioty prowadzone w ramach studi\u00f3w polonistycznych: literatura, j\u0119zykoznawstwo, historia, kultura. Liczba student\u00f3w: 70 os\u00f3b.<\/p>\n<\/div>\n<\/div>\n\n\n\n<div class=\"wp-block-columns has-2-columns is-layout-flex wp-container-core-columns-is-layout-3 wp-block-columns-is-layout-flex\">\n<div class=\"wp-block-column is-layout-flow wp-block-column-is-layout-flow\">\n<p><a href=\"http:\/\/delfin.unideb.hu\/~lengyel\/\"><img loading=\"lazy\" decoding=\"async\" class=\"alignnone wp-image-113 size-full\" src=\"https:\/\/instytutpolski.pl\/budapeszt\/wp-content\/uploads\/sites\/21\/2019\/05\/de_logo_0.jpg\" alt=\"\" width=\"178\" height=\"500\" srcset=\"https:\/\/instytutpolski.pl\/budapest\/wp-content\/uploads\/sites\/21\/2019\/05\/de_logo_0.jpg 178w, https:\/\/instytutpolski.pl\/budapest\/wp-content\/uploads\/sites\/21\/2019\/05\/de_logo_0-107x300.jpg 107w\" sizes=\"auto, (max-width: 178px) 100vw, 178px\" \/><\/a><\/p>\n\n\n\n<p><\/p>\n<\/div>\n\n\n\n<div class=\"wp-block-column is-layout-flow wp-block-column-is-layout-flow\">\n<p><strong><a href=\"http:\/\/delfin.unideb.hu\/~lengyel\/\" target=\"_blank\" rel=\"noopener noreferrer\">Uniwersytet w Debreczynie<\/a><\/strong><\/p>\n<p>Wydzia\u0142 Humanistyczny<\/p>\n<p>Instytut Slawistyki<\/p>\n<p>Katedra J\u0119zyka i Literatury Polskiej Instytutu Slawistyki<\/p>\n<p>Kierownik katedry: dr L\u00e1szl\u00f3 K\u00e1lm\u00e1n Nagy<\/p>\n<p>Katedra J\u0119zyka i Literatury Polskiej na Uniwersytecie w Debreczynie istnieje od 1984 roku.<\/p>\n<p>Katedra oferuje studia licencjackie i magisterskie oraz specjalizacj\u0119 polonistyczn\u0105 w wymiarze 50 pukt\u00f3w ETCS. Opr\u00f3cz zaj\u0119\u0107 obowi\u0105zkowych studenci studi\u00f3w magisterskich maj\u0105 do wyboru szereg zaj\u0119\u0107 fakultatywnych, w\u015br\u00f3d nich znajduj\u0105 si\u0119: \u0107wiczenia stylistyczne i konwersacje, t\u0142umaczenie tekst\u00f3w fachowych, j\u0119zyk biznesu i polityki, frazeologia, j\u0119zyk reklamy i propagandy w Polsce, nowo\u015bci j\u0119zykoznawstwa opisowego i historycznego, ortografia, typologia j\u0119zykowa, laureaci Literackiej Nagrody Nobla, W\u0119grzy w literaturze polskiej, literatura \u0142agrowa i lagrowa, legendarni i tragiczni polscy poeci, nowo\u015bci literaturoznawstwa, polska sztuka od XVI do XIX w., stosunki polsko-w\u0119gierskie, historia protestantyzmu w Polsce. Og\u00f3lna liczba student\u00f3w: 66 os\u00f3b<\/p>\n<\/div>\n<\/div>\n\n\n\n<h2 class=\"wp-block-heading\"><strong>STUDIA W POLSCE<\/strong><\/h2>\n\n\n\n<p>\n\nW Polsce studiuje prawie dwa miliony os\u00f3b &#8211; to prawie po\u0142owa populacji w wieku studenckim (od 19 do 24 lat). Studenci maj\u0105 ogromny wyb\u00f3r pod wzgl\u0119dem rodzaju studi\u00f3w. W Polsce istnieje prawie p\u00f3\u0142 tysi\u0105ca wy\u017cszych szk\u00f3\u0142 i uczelni. Studia mog\u0105 si\u0119 odbywa\u0107 na uczelniach publicznych: publiczne uczelnie akademickie i pa\u0144stwowe wy\u017csze szko\u0142y zawodowe oraz niepublicznych czy ko\u015bcielnych. Mury szk\u00f3\u0142 wy\u017cszych i uczelni opuszcza rocznie 400 tysi\u0119cy absolwent\u00f3w.\n\n<\/p>\n\n\n\n<div class=\"wp-block-columns has-2-columns is-layout-flex wp-container-core-columns-is-layout-4 wp-block-columns-is-layout-flex\">\n<div class=\"wp-block-column is-layout-flow wp-block-column-is-layout-flow\">\n<p><strong><a rel=\"noreferrer noopener\" href=\"http:\/\/studyinpoland.pl\/\" target=\"_blank\">STUDIUJ W POLSCE!<\/a><\/strong><\/p>\n<\/div>\n\n\n\n<div class=\"wp-block-column is-layout-flow wp-block-column-is-layout-flow\">\n<p><strong><a href=\"http:\/\/www.nauka.gov.pl\/higher-education\/ready-study-go-poland\/\" target=\"_blank\" rel=\"noreferrer noopener\">READY, STUDY, GO! POLAND<\/a><\/strong><\/p>\n<\/div>\n<\/div>\n\n\n\n<div class=\"wp-block-columns has-2-columns is-layout-flex wp-container-core-columns-is-layout-5 wp-block-columns-is-layout-flex\">\n<div class=\"wp-block-column is-layout-flow wp-block-column-is-layout-flow\">\n<p><a href=\"http:\/\/www.studyinpoland.pl\/en\/\"><img loading=\"lazy\" decoding=\"async\" class=\"alignnone wp-image-114 size-full\" src=\"https:\/\/instytutpolski.pl\/budapeszt\/wp-content\/uploads\/sites\/21\/2019\/05\/study_in_poland_0.jpg\" alt=\"\" width=\"180\" height=\"74\" \/><\/a><\/p>\n<\/div>\n\n\n\n<div class=\"wp-block-column is-layout-flow wp-block-column-is-layout-flow\">\n<p><a href=\"http:\/\/www.nauka.gov.pl\/fileadmin\/user_upload\/eng\/he\/20120625_ENG_prev.pdf\"><img loading=\"lazy\" decoding=\"async\" class=\"alignnone wp-image-115 size-full\" src=\"https:\/\/instytutpolski.pl\/budapeszt\/wp-content\/uploads\/sites\/21\/2019\/05\/readystudygopoland.jpg\" alt=\"\" width=\"161\" height=\"144\" \/><\/a><\/p>\n<\/div>\n<\/div>\n\n\n\n<div class=\"wp-block-columns has-2-columns is-layout-flex wp-container-core-columns-is-layout-6 wp-block-columns-is-layout-flex\">\n<div class=\"wp-block-column is-layout-flow wp-block-column-is-layout-flow\">\n<p><strong><a href=\"http:\/\/www.studyinkrakow.edu.pl\/\" target=\"_blank\" rel=\"noreferrer noopener\">STUDIUJ W KRAKOWIE!<\/a><\/strong><\/p>\n<\/div>\n\n\n\n<div class=\"wp-block-column is-layout-flow wp-block-column-is-layout-flow\">\n<p><strong><a href=\"http:\/\/www.studyinwarsaw.pl\/\" target=\"_blank\" rel=\"noreferrer noopener\">STUDIUJ W WARSZAWIE!<\/a><\/strong><\/p>\n<\/div>\n<\/div>\n\n\n\n<hr class=\"wp-block-separator is-style-wide\" \/>\n\n\n\n<div class=\"wp-block-columns has-2-columns is-layout-flex wp-container-core-columns-is-layout-7 wp-block-columns-is-layout-flex\">\n<div class=\"wp-block-column is-layout-flow wp-block-column-is-layout-flow\">\n<p><img loading=\"lazy\" decoding=\"async\" class=\"alignnone size-full wp-image-118\" src=\"https:\/\/instytutpolski.pl\/budapeszt\/wp-content\/uploads\/sites\/21\/2019\/05\/collegium_polonicum_0.jpg\" alt=\"\" width=\"250\" height=\"80\" \/><\/p>\n<\/div>\n\n\n\n<div class=\"wp-block-column is-layout-flow wp-block-column-is-layout-flow\">\n<p>W 2007 roku rozpocz\u0105\u0142 si\u0119 pierwszy nab\u00f3r na innowacyjny kierunek studi\u00f3w adresowany do obcokrajowc\u00f3w, chc\u0105cych pozna\u0107 j\u0119zyk i kultur\u0119 Polski, o nazwie Filologia polska jako obca. Od tego czasu nauk\u0119 na nim podj\u0119\u0142o ju\u017c ponad dwustu cudzoziemc\u00f3w, kt\u00f3rzy w trakcie 6 semestr\u00f3w nauki poznali j\u0119zyk, histori\u0119, kultur\u0119 oraz literatur\u0119 polsk\u0105. Program studi\u00f3w zosta\u0142 tak pomy\u015blany, aby do ko\u0144ca studi\u00f3w umo\u017cliwi\u0107 zdobycie kompetencji j\u0119zykowej na poziomie minimum C1 nawet osobom, kt\u00f3re pocz\u0105tkowo w og\u00f3le nie znaj\u0105 j\u0119zyka polskiego.\u00a0<\/p>\n\n\n\n<p><\/p>\n<\/div>\n<\/div>\n\n\n\n<h4><strong>SYSTEM STUDI\u00d3W W POLSCE<\/strong><\/h4>\n<p>Zgodnie z za\u0142o\u017ceniami Procesu Bolo\u0144skiego polskie uczelnie oferuj\u0105 studia na trzech poziomach nauczania:<\/p>\n<p><strong>Studia pierwszego stopnia<\/strong>\u00a0&#8211; studia licencjackie lub in\u017cynierskie, umo\u017cliwiaj\u0105ce uzyskanie wiedzy i umiej\u0119tno\u015bci w okre\u015blonym zakresie kszta\u0142cenia, przygotowuj\u0105ce do pracy w okre\u015blonym zawodzie, ko\u0144cz\u0105ce si\u0119 uzyskaniem tytu\u0142u licencjata albo in\u017cyniera.<\/p>\n<p><br \/><strong>Studia drugiego stopnia<\/strong>\u00a0&#8211; studia magisterskie, umo\u017cliwiaj\u0105ce uzyskanie specjalistycznej wiedzy w okre\u015blonym zakresie kszta\u0142cenia, jak r\u00f3wnie\u017c przygotowuj\u0105ce do tw\u00f3rczej pracy w okre\u015blonym zawodzie, ko\u0144cz\u0105ce si\u0119 uzyskaniem tytu\u0142u magistra albo tytu\u0142u r\u00f3wnorz\u0119dnego.<\/p>\n<p><br \/><strong>Studia trzeciego stopnia<\/strong>\u00a0&#8211; studia doktoranckie, na kt\u00f3re przyjmowani s\u0105 kandydaci posiadaj\u0105cy tytu\u0142 magistra albo tytu\u0142 r\u00f3wnorz\u0119dny, umo\u017cliwiaj\u0105ce uzyskanie zaawansowanej wiedzy w okre\u015blonej dziedzinie lub dyscyplinie nauki, przygotowuj\u0105ce do samodzielnej dzia\u0142alno\u015bci badawczej i tw\u00f3rczej oraz uzyskania stopnia naukowego doktora.<\/p>\n<p>Studenci, kt\u00f3rzy uzyskali dyplom uko\u0144czenia studi\u00f3w wy\u017cszych maj\u0105 mo\u017cliwo\u015b\u0107 dalszego zdobywania wiedzy w na studiach podyplomowych.<\/p>\n<p>\u00a0<\/p>\n<p><strong>Dalsze linki:<\/strong><\/p>\n<p><strong><a href=\"http:\/\/www.ajp.gdansk.pl\/\" target=\"_blank\" rel=\"noopener noreferrer\">Akademia J\u0119zyka Polskiego w Gda\u0144sku\u00a0<\/a><\/strong><\/p>\n<p><strong>Uniwersytety<\/strong><\/p>\n<p><a href=\"http:\/\/polinst.hu\/pl\/node\/www.kul.lublin.pl\" target=\"_blank\" rel=\"noopener noreferrer\">Katolicki Uniwersytet Lubelski\u00a0<\/a><br \/><a href=\"http:\/\/polinst.hu\/pl\/node\/www.univ.gda.pl\" target=\"_blank\" rel=\"noopener noreferrer\">Uniwersytet Gda\u0144ski\u00a0<\/a><br \/><a href=\"http:\/\/polinst.hu\/pl\/node\/www.uj.edu.pl\" target=\"_blank\" rel=\"noopener noreferrer\">Uniwersytet Jagiello\u0144ski w Krakowie\u00a0<\/a><br \/><a href=\"http:\/\/polinst.hu\/pl\/node\/www.uni.lodz.pl\" target=\"_blank\" rel=\"noopener noreferrer\">Uniwersytet \u0141\u00f3dzki\u00a0<\/a><br \/><a href=\"http:\/\/polinst.hu\/pl\/node\/www.amu.edu.pl\">Uniwersytet im. Adama Mickiewicza w Poznaniu\u00a0<\/a><br \/><a href=\"http:\/\/polinst.hu\/pl\/node\/www.us.edu.pl\">Uniwersytet \u015al\u0105ski w Katowicach\u00a0<\/a><br \/><a href=\"http:\/\/polinst.hu\/pl\/node\/www.uni.torun.pl\">Uniwersytet im. Miko\u0142aja Kopernika w Toruniu\u00a0<\/a><br \/><a href=\"http:\/\/polinst.hu\/pl\/node\/www.uw.edu.pl\">Uniwersytet Warszawski\u00a0<\/a><br \/><a href=\"http:\/\/www.adm.uni.wroc.pl\/\" target=\"_blank\" rel=\"noopener noreferrer\">Uniwersytet Wroc\u0142awski<\/a><\/p>\n<p><strong>Politechniki<\/strong><\/p>\n<p><a href=\"http:\/\/www.pk.edu.pl\/\" target=\"_blank\" rel=\"noopener noreferrer\">Politechnika Krakowska\u00a0<\/a><br \/><a href=\"http:\/\/www.p.lodz.pl\/\" target=\"_blank\" rel=\"noopener noreferrer\">Politechnika \u0141\u00f3dzka<\/a><br \/><a href=\"http:\/\/www.po.opole.pl\/\" target=\"_blank\" rel=\"noopener noreferrer\">Politechnika Opolska\u00a0<\/a><br \/><a href=\"http:\/\/www.polsl.gliwice.pl\/\" target=\"_blank\" rel=\"noopener noreferrer\">Politechnika \u015al\u0105ska\u00a0<\/a><br \/><a href=\"http:\/\/www.pw.edu.pl\/\" target=\"_blank\" rel=\"noopener noreferrer\">Politechnika Warszawska<\/a>\u00a0<br \/><a href=\"http:\/\/www.pwr.wroc.pl\/\" target=\"_blank\" rel=\"noopener noreferrer\">Politechnika Wroc\u0142awska<\/a><\/p>\n<p><strong>Akademie Ekonomiczne<\/strong><\/p>\n<p><a href=\"http:\/\/www.ae.katowice.pl\/\" target=\"_blank\" rel=\"noopener noreferrer\">Akademia Ekonomiczna im.Karola Adamieckiego w Katowicach\u00a0<\/a><br \/><a href=\"http:\/\/www.ae.krakow.pl\/\" target=\"_blank\" rel=\"noopener noreferrer\">Akademia Ekonomiczna w Krakowie\u00a0<\/a><br \/><a href=\"http:\/\/www.ae.poznan.pl\/\" target=\"_blank\" rel=\"noopener noreferrer\">Akademia Ekonomiczna w Poznaniu\u00a0<\/a><br \/><a href=\"http:\/\/www.ae.wroc.pl\/\" target=\"_blank\" rel=\"noopener noreferrer\">Akademia Ekonomiczna im. Oskara Langego we Wroc\u0142awiu\u00a0<\/a><br \/><a href=\"http:\/\/www.sgh.waw.pl\/\" target=\"_blank\" rel=\"noopener noreferrer\">Szko\u0142a G\u0142\u00f3wna Handlowa w Warszawie<\/a><\/p>\n","protected":false},"excerpt":{"rendered":"<p>STUDIA POLONISTYCZNE W REPUBLICE WEGIERSKIEJ Uniwersytet ELTE w Budapeszcie Wydzia\u0142 Humanistyczny Instytut Filologii S\u0142owia\u0144skiej i Ba\u0142tyckiej Katedra Filologii Polskiej Kierownik katedry: dr Zsuzsanna R\u00e1duly To najstarsza katedra polonistyczna na W\u0119grzech, na kt\u00f3rej uczy si\u0119 obecnie 90 student\u00f3w. Katedra oferuje: polonistyczne studia licencjackie i magisterskie, lektorat j\u0119zyka polskiego, zaj\u0119cia fakultatywne, studia doktoranckie. Przedmioty prowadzone w ramach [&hellip;]<\/p>\n","protected":false},"author":1,"featured_media":0,"parent":0,"menu_order":0,"comment_status":"closed","ping_status":"closed","template":"","meta":{"inline_featured_image":false,"_monsterinsights_skip_tracking":false,"_monsterinsights_sitenote_active":false,"_monsterinsights_sitenote_note":"","_monsterinsights_sitenote_category":0,"footnotes":""},"class_list":["post-110","page","type-page","status-publish","hentry"],"yoast_head":"<!-- This site is optimized with the Yoast SEO plugin v24.6 - https:\/\/yoast.com\/wordpress\/plugins\/seo\/ -->\n<title>Studia - Instytut Polski w Budapeszcie<\/title>\n<meta name=\"robots\" content=\"index, follow, max-snippet:-1, max-image-preview:large, max-video-preview:-1\" \/>\n<link rel=\"canonical\" href=\"https:\/\/instytutpolski.pl\/budapest\/pl\/studia\/\" \/>\n<meta property=\"og:locale\" content=\"pl_PL\" \/>\n<meta property=\"og:type\" content=\"article\" \/>\n<meta property=\"og:title\" content=\"Studia - Instytut Polski w Budapeszcie\" \/>\n<meta property=\"og:description\" content=\"STUDIA POLONISTYCZNE W REPUBLICE WEGIERSKIEJ Uniwersytet ELTE w Budapeszcie Wydzia\u0142 Humanistyczny Instytut Filologii S\u0142owia\u0144skiej i Ba\u0142tyckiej Katedra Filologii Polskiej Kierownik katedry: dr Zsuzsanna R\u00e1duly To najstarsza katedra polonistyczna na W\u0119grzech, na kt\u00f3rej uczy si\u0119 obecnie 90 student\u00f3w. Katedra oferuje: polonistyczne studia licencjackie i magisterskie, lektorat j\u0119zyka polskiego, zaj\u0119cia fakultatywne, studia doktoranckie. Przedmioty prowadzone w ramach [&hellip;]\" \/>\n<meta property=\"og:url\" content=\"https:\/\/instytutpolski.pl\/budapest\/pl\/studia\/\" \/>\n<meta property=\"og:site_name\" content=\"Instytut Polski w Budapeszcie\" \/>\n<meta property=\"article:modified_time\" content=\"2019-06-11T16:07:25+00:00\" \/>\n<meta property=\"og:image\" content=\"https:\/\/instytutpolski.pl\/budapeszt\/wp-content\/uploads\/sites\/21\/2019\/06\/1-1.jpg\" \/>\n<meta name=\"twitter:card\" content=\"summary_large_image\" \/>\n<meta name=\"twitter:label1\" content=\"Szacowany czas czytania\" \/>\n\t<meta name=\"twitter:data1\" content=\"4 minuty\" \/>\n<script type=\"application\/ld+json\" class=\"yoast-schema-graph\">{\"@context\":\"https:\/\/schema.org\",\"@graph\":[{\"@type\":\"WebPage\",\"@id\":\"https:\/\/instytutpolski.pl\/budapest\/pl\/studia\/\",\"url\":\"https:\/\/instytutpolski.pl\/budapest\/pl\/studia\/\",\"name\":\"Studia - Instytut Polski w Budapeszcie\",\"isPartOf\":{\"@id\":\"https:\/\/instytutpolski.pl\/budapest\/#website\"},\"primaryImageOfPage\":{\"@id\":\"https:\/\/instytutpolski.pl\/budapest\/pl\/studia\/#primaryimage\"},\"image\":{\"@id\":\"https:\/\/instytutpolski.pl\/budapest\/pl\/studia\/#primaryimage\"},\"thumbnailUrl\":\"https:\/\/instytutpolski.pl\/budapeszt\/wp-content\/uploads\/sites\/21\/2019\/06\/1-1.jpg\",\"datePublished\":\"2019-05-28T13:02:26+00:00\",\"dateModified\":\"2019-06-11T16:07:25+00:00\",\"breadcrumb\":{\"@id\":\"https:\/\/instytutpolski.pl\/budapest\/pl\/studia\/#breadcrumb\"},\"inLanguage\":\"pl-PL\",\"potentialAction\":[{\"@type\":\"ReadAction\",\"target\":[\"https:\/\/instytutpolski.pl\/budapest\/pl\/studia\/\"]}]},{\"@type\":\"ImageObject\",\"inLanguage\":\"pl-PL\",\"@id\":\"https:\/\/instytutpolski.pl\/budapest\/pl\/studia\/#primaryimage\",\"url\":\"https:\/\/instytutpolski.pl\/budapeszt\/wp-content\/uploads\/sites\/21\/2019\/06\/1-1.jpg\",\"contentUrl\":\"https:\/\/instytutpolski.pl\/budapeszt\/wp-content\/uploads\/sites\/21\/2019\/06\/1-1.jpg\"},{\"@type\":\"BreadcrumbList\",\"@id\":\"https:\/\/instytutpolski.pl\/budapest\/pl\/studia\/#breadcrumb\",\"itemListElement\":[{\"@type\":\"ListItem\",\"position\":1,\"name\":\"Home\",\"item\":\"https:\/\/instytutpolski.pl\/budapest\/\"},{\"@type\":\"ListItem\",\"position\":2,\"name\":\"Studia\"}]},{\"@type\":\"WebSite\",\"@id\":\"https:\/\/instytutpolski.pl\/budapest\/#website\",\"url\":\"https:\/\/instytutpolski.pl\/budapest\/\",\"name\":\"Instytut Polski w Budapeszcie\",\"description\":\"Instytuty Polskie\",\"potentialAction\":[{\"@type\":\"SearchAction\",\"target\":{\"@type\":\"EntryPoint\",\"urlTemplate\":\"https:\/\/instytutpolski.pl\/budapest\/?s={search_term_string}\"},\"query-input\":{\"@type\":\"PropertyValueSpecification\",\"valueRequired\":true,\"valueName\":\"search_term_string\"}}],\"inLanguage\":\"pl-PL\"}]}<\/script>\n<!-- \/ Yoast SEO plugin. -->","yoast_head_json":{"title":"Studia - Instytut Polski w Budapeszcie","robots":{"index":"index","follow":"follow","max-snippet":"max-snippet:-1","max-image-preview":"max-image-preview:large","max-video-preview":"max-video-preview:-1"},"canonical":"https:\/\/instytutpolski.pl\/budapest\/pl\/studia\/","og_locale":"pl_PL","og_type":"article","og_title":"Studia - Instytut Polski w Budapeszcie","og_description":"STUDIA POLONISTYCZNE W REPUBLICE WEGIERSKIEJ Uniwersytet ELTE w Budapeszcie Wydzia\u0142 Humanistyczny Instytut Filologii S\u0142owia\u0144skiej i Ba\u0142tyckiej Katedra Filologii Polskiej Kierownik katedry: dr Zsuzsanna R\u00e1duly To najstarsza katedra polonistyczna na W\u0119grzech, na kt\u00f3rej uczy si\u0119 obecnie 90 student\u00f3w. Katedra oferuje: polonistyczne studia licencjackie i magisterskie, lektorat j\u0119zyka polskiego, zaj\u0119cia fakultatywne, studia doktoranckie. Przedmioty prowadzone w ramach [&hellip;]","og_url":"https:\/\/instytutpolski.pl\/budapest\/pl\/studia\/","og_site_name":"Instytut Polski w Budapeszcie","article_modified_time":"2019-06-11T16:07:25+00:00","og_image":[{"url":"https:\/\/instytutpolski.pl\/budapeszt\/wp-content\/uploads\/sites\/21\/2019\/06\/1-1.jpg","type":"","width":"","height":""}],"twitter_card":"summary_large_image","twitter_misc":{"Szacowany czas czytania":"4 minuty"},"schema":{"@context":"https:\/\/schema.org","@graph":[{"@type":"WebPage","@id":"https:\/\/instytutpolski.pl\/budapest\/pl\/studia\/","url":"https:\/\/instytutpolski.pl\/budapest\/pl\/studia\/","name":"Studia - Instytut Polski w Budapeszcie","isPartOf":{"@id":"https:\/\/instytutpolski.pl\/budapest\/#website"},"primaryImageOfPage":{"@id":"https:\/\/instytutpolski.pl\/budapest\/pl\/studia\/#primaryimage"},"image":{"@id":"https:\/\/instytutpolski.pl\/budapest\/pl\/studia\/#primaryimage"},"thumbnailUrl":"https:\/\/instytutpolski.pl\/budapeszt\/wp-content\/uploads\/sites\/21\/2019\/06\/1-1.jpg","datePublished":"2019-05-28T13:02:26+00:00","dateModified":"2019-06-11T16:07:25+00:00","breadcrumb":{"@id":"https:\/\/instytutpolski.pl\/budapest\/pl\/studia\/#breadcrumb"},"inLanguage":"pl-PL","potentialAction":[{"@type":"ReadAction","target":["https:\/\/instytutpolski.pl\/budapest\/pl\/studia\/"]}]},{"@type":"ImageObject","inLanguage":"pl-PL","@id":"https:\/\/instytutpolski.pl\/budapest\/pl\/studia\/#primaryimage","url":"https:\/\/instytutpolski.pl\/budapeszt\/wp-content\/uploads\/sites\/21\/2019\/06\/1-1.jpg","contentUrl":"https:\/\/instytutpolski.pl\/budapeszt\/wp-content\/uploads\/sites\/21\/2019\/06\/1-1.jpg"},{"@type":"BreadcrumbList","@id":"https:\/\/instytutpolski.pl\/budapest\/pl\/studia\/#breadcrumb","itemListElement":[{"@type":"ListItem","position":1,"name":"Home","item":"https:\/\/instytutpolski.pl\/budapest\/"},{"@type":"ListItem","position":2,"name":"Studia"}]},{"@type":"WebSite","@id":"https:\/\/instytutpolski.pl\/budapest\/#website","url":"https:\/\/instytutpolski.pl\/budapest\/","name":"Instytut Polski w Budapeszcie","description":"Instytuty Polskie","potentialAction":[{"@type":"SearchAction","target":{"@type":"EntryPoint","urlTemplate":"https:\/\/instytutpolski.pl\/budapest\/?s={search_term_string}"},"query-input":{"@type":"PropertyValueSpecification","valueRequired":true,"valueName":"search_term_string"}}],"inLanguage":"pl-PL"}]}},"_links":{"self":[{"href":"https:\/\/instytutpolski.pl\/budapest\/wp-json\/wp\/v2\/pages\/110","targetHints":{"allow":["GET"]}}],"collection":[{"href":"https:\/\/instytutpolski.pl\/budapest\/wp-json\/wp\/v2\/pages"}],"about":[{"href":"https:\/\/instytutpolski.pl\/budapest\/wp-json\/wp\/v2\/types\/page"}],"author":[{"embeddable":true,"href":"https:\/\/instytutpolski.pl\/budapest\/wp-json\/wp\/v2\/users\/1"}],"replies":[{"embeddable":true,"href":"https:\/\/instytutpolski.pl\/budapest\/wp-json\/wp\/v2\/comments?post=110"}],"version-history":[{"count":21,"href":"https:\/\/instytutpolski.pl\/budapest\/wp-json\/wp\/v2\/pages\/110\/revisions"}],"predecessor-version":[{"id":987,"href":"https:\/\/instytutpolski.pl\/budapest\/wp-json\/wp\/v2\/pages\/110\/revisions\/987"}],"wp:attachment":[{"href":"https:\/\/instytutpolski.pl\/budapest\/wp-json\/wp\/v2\/media?parent=110"}],"curies":[{"name":"wp","href":"https:\/\/api.w.org\/{rel}","templated":true}]}}