{"id":1161,"date":"2020-05-14T09:01:33","date_gmt":"2020-05-14T07:01:33","guid":{"rendered":"https:\/\/instytutpolski.pl\/budapeszt\/?page_id=1161"},"modified":"2020-05-27T15:42:37","modified_gmt":"2020-05-27T13:42:37","slug":"stypendia-w-polsce","status":"publish","type":"page","link":"https:\/\/instytutpolski.pl\/budapest\/pl\/fedezd-fel-lengyelorszagot\/stypendia-w-polsce\/","title":{"rendered":"Stypendia w Polsce"},"content":{"rendered":"\n<p><strong>Polska oferuje kilka rodzaj\u00f3w stypendi\u00f3w dla obcokrajowc\u00f3w chc\u0105cych studiowa\u0107 w Polsce i prowadzi\u0107 tutaj badania naukowe.<\/strong><\/p>\n<p>Dost\u0119pne s\u0105 m.in.: Erasmus +, stypendia w ramach um\u00f3w bilateralnych, \u015arodkowoeuropejski Program Wymiany Uniwersyteckiej CEEPUS, Wyszehradzki program stypendialny, stypendia dla student\u00f3w z kraj\u00f3w Partnerstwa Wschodniego oraz z kraj\u00f3w postsowieckich, stypendia dla obywateli kraj\u00f3w rozwijaj\u0105cych si\u0119, Program Fulbrighta, program stypendialny im. Lane\u2019a Kirklanda, UNESCO\/Poland Co-Sponsored Fellowships Programme in Engineering, Programme of Fellowships under the Polish National Commission for UNESCO.<\/p>\n<p>Wi\u0119cej informacji na <a href=\"http:\/\/www.go-poland.pl\/\">http:\/\/www.go-poland.pl\/<\/a><\/p>\n<p>\u00a0<\/p>\n","protected":false},"excerpt":{"rendered":"<p>Polska oferuje kilka rodzaj\u00f3w stypendi\u00f3w dla obcokrajowc\u00f3w chc\u0105cych studiowa\u0107 w Polsce i prowadzi\u0107 tutaj badania naukowe. Dost\u0119pne s\u0105 m.in.: Erasmus +, stypendia w ramach um\u00f3w bilateralnych, \u015arodkowoeuropejski Program Wymiany Uniwersyteckiej CEEPUS, Wyszehradzki program stypendialny, stypendia dla student\u00f3w z kraj\u00f3w Partnerstwa Wschodniego oraz z kraj\u00f3w postsowieckich, stypendia dla obywateli kraj\u00f3w rozwijaj\u0105cych si\u0119, Program Fulbrighta, program stypendialny [&hellip;]<\/p>\n","protected":false},"author":124,"featured_media":1162,"parent":1149,"menu_order":0,"comment_status":"closed","ping_status":"closed","template":"","meta":{"inline_featured_image":false,"_monsterinsights_skip_tracking":false,"_monsterinsights_sitenote_active":false,"_monsterinsights_sitenote_note":"","_monsterinsights_sitenote_category":0,"footnotes":""},"class_list":["post-1161","page","type-page","status-publish","has-post-thumbnail","hentry"],"yoast_head":"<!-- This site is optimized with the Yoast SEO plugin v24.6 - https:\/\/yoast.com\/wordpress\/plugins\/seo\/ -->\n<title>Stypendia w Polsce - Instytut Polski w Budapeszcie<\/title>\n<meta name=\"robots\" content=\"index, follow, max-snippet:-1, max-image-preview:large, max-video-preview:-1\" \/>\n<link rel=\"canonical\" href=\"https:\/\/instytutpolski.pl\/budapest\/pl\/fedezd-fel-lengyelorszagot\/stypendia-w-polsce\/\" \/>\n<meta property=\"og:locale\" content=\"pl_PL\" \/>\n<meta property=\"og:type\" content=\"article\" \/>\n<meta property=\"og:title\" content=\"Stypendia w Polsce - Instytut Polski w Budapeszcie\" \/>\n<meta property=\"og:description\" content=\"Polska oferuje kilka rodzaj\u00f3w stypendi\u00f3w dla obcokrajowc\u00f3w chc\u0105cych studiowa\u0107 w Polsce i prowadzi\u0107 tutaj badania naukowe. Dost\u0119pne s\u0105 m.in.: Erasmus +, stypendia w ramach um\u00f3w bilateralnych, \u015arodkowoeuropejski Program Wymiany Uniwersyteckiej CEEPUS, Wyszehradzki program stypendialny, stypendia dla student\u00f3w z kraj\u00f3w Partnerstwa Wschodniego oraz z kraj\u00f3w postsowieckich, stypendia dla obywateli kraj\u00f3w rozwijaj\u0105cych si\u0119, Program Fulbrighta, program stypendialny [&hellip;]\" \/>\n<meta property=\"og:url\" content=\"https:\/\/instytutpolski.pl\/budapest\/pl\/fedezd-fel-lengyelorszagot\/stypendia-w-polsce\/\" \/>\n<meta property=\"og:site_name\" content=\"Instytut Polski w Budapeszcie\" \/>\n<meta property=\"article:modified_time\" content=\"2020-05-27T13:42:37+00:00\" \/>\n<meta property=\"og:image\" content=\"https:\/\/instytutpolski.pl\/budapest\/wp-content\/uploads\/sites\/21\/2019\/07\/stypendia-w-polsce.jpg\" \/>\n\t<meta property=\"og:image:width\" content=\"1920\" \/>\n\t<meta property=\"og:image:height\" content=\"700\" \/>\n\t<meta property=\"og:image:type\" content=\"image\/jpeg\" \/>\n<meta name=\"twitter:card\" content=\"summary_large_image\" \/>\n<script type=\"application\/ld+json\" class=\"yoast-schema-graph\">{\"@context\":\"https:\/\/schema.org\",\"@graph\":[{\"@type\":\"WebPage\",\"@id\":\"https:\/\/instytutpolski.pl\/budapest\/pl\/fedezd-fel-lengyelorszagot\/stypendia-w-polsce\/\",\"url\":\"https:\/\/instytutpolski.pl\/budapest\/pl\/fedezd-fel-lengyelorszagot\/stypendia-w-polsce\/\",\"name\":\"Stypendia w Polsce - Instytut Polski w Budapeszcie\",\"isPartOf\":{\"@id\":\"https:\/\/instytutpolski.pl\/budapest\/#website\"},\"primaryImageOfPage\":{\"@id\":\"https:\/\/instytutpolski.pl\/budapest\/pl\/fedezd-fel-lengyelorszagot\/stypendia-w-polsce\/#primaryimage\"},\"image\":{\"@id\":\"https:\/\/instytutpolski.pl\/budapest\/pl\/fedezd-fel-lengyelorszagot\/stypendia-w-polsce\/#primaryimage\"},\"thumbnailUrl\":\"https:\/\/instytutpolski.pl\/budapest\/wp-content\/uploads\/sites\/21\/2019\/07\/stypendia-w-polsce.jpg\",\"datePublished\":\"2020-05-14T07:01:33+00:00\",\"dateModified\":\"2020-05-27T13:42:37+00:00\",\"breadcrumb\":{\"@id\":\"https:\/\/instytutpolski.pl\/budapest\/pl\/fedezd-fel-lengyelorszagot\/stypendia-w-polsce\/#breadcrumb\"},\"inLanguage\":\"pl-PL\",\"potentialAction\":[{\"@type\":\"ReadAction\",\"target\":[\"https:\/\/instytutpolski.pl\/budapest\/pl\/fedezd-fel-lengyelorszagot\/stypendia-w-polsce\/\"]}]},{\"@type\":\"ImageObject\",\"inLanguage\":\"pl-PL\",\"@id\":\"https:\/\/instytutpolski.pl\/budapest\/pl\/fedezd-fel-lengyelorszagot\/stypendia-w-polsce\/#primaryimage\",\"url\":\"https:\/\/instytutpolski.pl\/budapest\/wp-content\/uploads\/sites\/21\/2019\/07\/stypendia-w-polsce.jpg\",\"contentUrl\":\"https:\/\/instytutpolski.pl\/budapest\/wp-content\/uploads\/sites\/21\/2019\/07\/stypendia-w-polsce.jpg\",\"width\":1920,\"height\":700},{\"@type\":\"BreadcrumbList\",\"@id\":\"https:\/\/instytutpolski.pl\/budapest\/pl\/fedezd-fel-lengyelorszagot\/stypendia-w-polsce\/#breadcrumb\",\"itemListElement\":[{\"@type\":\"ListItem\",\"position\":1,\"name\":\"Home\",\"item\":\"https:\/\/instytutpolski.pl\/budapest\/\"},{\"@type\":\"ListItem\",\"position\":2,\"name\":\"Fedezd fel Lengyelorsz\u00e1got!\",\"item\":\"https:\/\/instytutpolski.pl\/budapest\/pl\/fedezd-fel-lengyelorszagot\/\"},{\"@type\":\"ListItem\",\"position\":3,\"name\":\"Stypendia w Polsce\"}]},{\"@type\":\"WebSite\",\"@id\":\"https:\/\/instytutpolski.pl\/budapest\/#website\",\"url\":\"https:\/\/instytutpolski.pl\/budapest\/\",\"name\":\"Instytut Polski w Budapeszcie\",\"description\":\"Instytuty Polskie\",\"potentialAction\":[{\"@type\":\"SearchAction\",\"target\":{\"@type\":\"EntryPoint\",\"urlTemplate\":\"https:\/\/instytutpolski.pl\/budapest\/?s={search_term_string}\"},\"query-input\":{\"@type\":\"PropertyValueSpecification\",\"valueRequired\":true,\"valueName\":\"search_term_string\"}}],\"inLanguage\":\"pl-PL\"}]}<\/script>\n<!-- \/ Yoast SEO plugin. -->","yoast_head_json":{"title":"Stypendia w Polsce - Instytut Polski w Budapeszcie","robots":{"index":"index","follow":"follow","max-snippet":"max-snippet:-1","max-image-preview":"max-image-preview:large","max-video-preview":"max-video-preview:-1"},"canonical":"https:\/\/instytutpolski.pl\/budapest\/pl\/fedezd-fel-lengyelorszagot\/stypendia-w-polsce\/","og_locale":"pl_PL","og_type":"article","og_title":"Stypendia w Polsce - Instytut Polski w Budapeszcie","og_description":"Polska oferuje kilka rodzaj\u00f3w stypendi\u00f3w dla obcokrajowc\u00f3w chc\u0105cych studiowa\u0107 w Polsce i prowadzi\u0107 tutaj badania naukowe. Dost\u0119pne s\u0105 m.in.: Erasmus +, stypendia w ramach um\u00f3w bilateralnych, \u015arodkowoeuropejski Program Wymiany Uniwersyteckiej CEEPUS, Wyszehradzki program stypendialny, stypendia dla student\u00f3w z kraj\u00f3w Partnerstwa Wschodniego oraz z kraj\u00f3w postsowieckich, stypendia dla obywateli kraj\u00f3w rozwijaj\u0105cych si\u0119, Program Fulbrighta, program stypendialny [&hellip;]","og_url":"https:\/\/instytutpolski.pl\/budapest\/pl\/fedezd-fel-lengyelorszagot\/stypendia-w-polsce\/","og_site_name":"Instytut Polski w Budapeszcie","article_modified_time":"2020-05-27T13:42:37+00:00","og_image":[{"width":1920,"height":700,"url":"https:\/\/instytutpolski.pl\/budapest\/wp-content\/uploads\/sites\/21\/2019\/07\/stypendia-w-polsce.jpg","type":"image\/jpeg"}],"twitter_card":"summary_large_image","schema":{"@context":"https:\/\/schema.org","@graph":[{"@type":"WebPage","@id":"https:\/\/instytutpolski.pl\/budapest\/pl\/fedezd-fel-lengyelorszagot\/stypendia-w-polsce\/","url":"https:\/\/instytutpolski.pl\/budapest\/pl\/fedezd-fel-lengyelorszagot\/stypendia-w-polsce\/","name":"Stypendia w Polsce - Instytut Polski w Budapeszcie","isPartOf":{"@id":"https:\/\/instytutpolski.pl\/budapest\/#website"},"primaryImageOfPage":{"@id":"https:\/\/instytutpolski.pl\/budapest\/pl\/fedezd-fel-lengyelorszagot\/stypendia-w-polsce\/#primaryimage"},"image":{"@id":"https:\/\/instytutpolski.pl\/budapest\/pl\/fedezd-fel-lengyelorszagot\/stypendia-w-polsce\/#primaryimage"},"thumbnailUrl":"https:\/\/instytutpolski.pl\/budapest\/wp-content\/uploads\/sites\/21\/2019\/07\/stypendia-w-polsce.jpg","datePublished":"2020-05-14T07:01:33+00:00","dateModified":"2020-05-27T13:42:37+00:00","breadcrumb":{"@id":"https:\/\/instytutpolski.pl\/budapest\/pl\/fedezd-fel-lengyelorszagot\/stypendia-w-polsce\/#breadcrumb"},"inLanguage":"pl-PL","potentialAction":[{"@type":"ReadAction","target":["https:\/\/instytutpolski.pl\/budapest\/pl\/fedezd-fel-lengyelorszagot\/stypendia-w-polsce\/"]}]},{"@type":"ImageObject","inLanguage":"pl-PL","@id":"https:\/\/instytutpolski.pl\/budapest\/pl\/fedezd-fel-lengyelorszagot\/stypendia-w-polsce\/#primaryimage","url":"https:\/\/instytutpolski.pl\/budapest\/wp-content\/uploads\/sites\/21\/2019\/07\/stypendia-w-polsce.jpg","contentUrl":"https:\/\/instytutpolski.pl\/budapest\/wp-content\/uploads\/sites\/21\/2019\/07\/stypendia-w-polsce.jpg","width":1920,"height":700},{"@type":"BreadcrumbList","@id":"https:\/\/instytutpolski.pl\/budapest\/pl\/fedezd-fel-lengyelorszagot\/stypendia-w-polsce\/#breadcrumb","itemListElement":[{"@type":"ListItem","position":1,"name":"Home","item":"https:\/\/instytutpolski.pl\/budapest\/"},{"@type":"ListItem","position":2,"name":"Fedezd fel Lengyelorsz\u00e1got!","item":"https:\/\/instytutpolski.pl\/budapest\/pl\/fedezd-fel-lengyelorszagot\/"},{"@type":"ListItem","position":3,"name":"Stypendia w Polsce"}]},{"@type":"WebSite","@id":"https:\/\/instytutpolski.pl\/budapest\/#website","url":"https:\/\/instytutpolski.pl\/budapest\/","name":"Instytut Polski w Budapeszcie","description":"Instytuty Polskie","potentialAction":[{"@type":"SearchAction","target":{"@type":"EntryPoint","urlTemplate":"https:\/\/instytutpolski.pl\/budapest\/?s={search_term_string}"},"query-input":{"@type":"PropertyValueSpecification","valueRequired":true,"valueName":"search_term_string"}}],"inLanguage":"pl-PL"}]}},"_links":{"self":[{"href":"https:\/\/instytutpolski.pl\/budapest\/wp-json\/wp\/v2\/pages\/1161","targetHints":{"allow":["GET"]}}],"collection":[{"href":"https:\/\/instytutpolski.pl\/budapest\/wp-json\/wp\/v2\/pages"}],"about":[{"href":"https:\/\/instytutpolski.pl\/budapest\/wp-json\/wp\/v2\/types\/page"}],"author":[{"embeddable":true,"href":"https:\/\/instytutpolski.pl\/budapest\/wp-json\/wp\/v2\/users\/124"}],"replies":[{"embeddable":true,"href":"https:\/\/instytutpolski.pl\/budapest\/wp-json\/wp\/v2\/comments?post=1161"}],"version-history":[{"count":5,"href":"https:\/\/instytutpolski.pl\/budapest\/wp-json\/wp\/v2\/pages\/1161\/revisions"}],"predecessor-version":[{"id":8497,"href":"https:\/\/instytutpolski.pl\/budapest\/wp-json\/wp\/v2\/pages\/1161\/revisions\/8497"}],"up":[{"embeddable":true,"href":"https:\/\/instytutpolski.pl\/budapest\/wp-json\/wp\/v2\/pages\/1149"}],"wp:featuredmedia":[{"embeddable":true,"href":"https:\/\/instytutpolski.pl\/budapest\/wp-json\/wp\/v2\/media\/1162"}],"wp:attachment":[{"href":"https:\/\/instytutpolski.pl\/budapest\/wp-json\/wp\/v2\/media?parent=1161"}],"curies":[{"name":"wp","href":"https:\/\/api.w.org\/{rel}","templated":true}]}}