{"id":1169,"date":"2019-07-03T09:02:37","date_gmt":"2019-07-03T07:02:37","guid":{"rendered":"https:\/\/instytutpolski.pl\/budapeszt\/?page_id=1169"},"modified":"2020-05-27T15:45:00","modified_gmt":"2020-05-27T13:45:00","slug":"stypendia-naukowe","status":"publish","type":"page","link":"https:\/\/instytutpolski.pl\/budapest\/pl\/fedezd-fel-lengyelorszagot\/stypendia-w-polsce\/stypendia-naukowe\/","title":{"rendered":"Stypendia naukowe"},"content":{"rendered":"\n<p><strong>W\u015br\u00f3d projekt\u00f3w dedykowanych naukowcom i doktorantom znajduj\u0105 si\u0119:<\/strong><\/p>\n\n\n\n<ul class=\"wp-block-list\"><li><strong>Program Poland My First Choice <\/strong>\u2013skierowany do student\u00f3w zagranicznych zainteresowanych odbyciem studi\u00f3w II stopnia i uzyskaniem tytu\u0142u magistra na polskiej uczelni.<\/li><\/ul>\n\n\n\n<p><strong><em>Wi\u0119cej informacji o programie oraz pe\u0142na lista kraj\u00f3w partnerskich<\/em><\/strong><strong>: <\/strong>https:\/\/www.nawa.gov.pl\/studenci\/studenci-zagraniczni\/program-poland-my-first-choice<\/p>\n\n\n\n<ul class=\"wp-block-list\"><li><strong>Polskie Powroty<\/strong> &#8211; program wspiera wyr\u00f3\u017cniaj\u0105cych si\u0119 polskich naukowc\u00f3w w powrocie do kraju. Skierowany do polskich naukowc\u00f3w pracuj\u0105cych w&nbsp;zagranicznych instytucjach naukowych, kt\u00f3rzy zdobyt\u0105 poza krajem wiedz\u0119 i&nbsp;do\u015bwiadczenie chc\u0105 wykorzysta\u0107 po powrocie do Polski, rozwijaj\u0105c w\u0142asn\u0105 grup\u0119 badawcz\u0105 b\u0105d\u017a w\u0142\u0105czaj\u0105c si\u0119 w&nbsp;badania prowadzone w&nbsp;ju\u017c dzia\u0142aj\u0105cych zespo\u0142ach naukowych.<\/li><\/ul>\n\n\n\n<p><em>Wi\u0119cej informacji o programie<\/em>: <a href=\"https:\/\/nawa.gov.pl\/naukowcy\/polskie-powroty\">https:\/\/nawa.gov.pl\/naukowcy\/polskie-powroty<\/a><\/p>\n\n\n\n<figure class=\"wp-block-image size-large\"><img loading=\"lazy\" decoding=\"async\" width=\"799\" height=\"533\" src=\"https:\/\/instytutpolski.pl\/budapest\/wp-content\/uploads\/sites\/21\/2020\/05\/13598688935_685e9cce10_c.jpg\" alt=\"\" class=\"wp-image-8286\" srcset=\"https:\/\/instytutpolski.pl\/budapest\/wp-content\/uploads\/sites\/21\/2020\/05\/13598688935_685e9cce10_c.jpg 799w, https:\/\/instytutpolski.pl\/budapest\/wp-content\/uploads\/sites\/21\/2020\/05\/13598688935_685e9cce10_c-300x200.jpg 300w, https:\/\/instytutpolski.pl\/budapest\/wp-content\/uploads\/sites\/21\/2020\/05\/13598688935_685e9cce10_c-768x512.jpg 768w\" sizes=\"auto, (max-width: 799px) 100vw, 799px\" \/><figcaption>Foto: Mariusz Cieszewski<\/figcaption><\/figure>\n\n\n\n<ul class=\"wp-block-list\"><li><strong>Program im. Ulama<\/strong> \u2013Stypendium umo\u017cliwia prowadzenie bada\u0144 naukowych, w tym we wsp\u00f3\u0142pracy z polskimi naukowcami lub grupami badawczymi; odbycie sta\u017cu podoktorskiego; pozyskanie materia\u0142\u00f3w do bada\u0144 lub publikacji naukowej; prowadzenie zaj\u0119\u0107 dydaktycznych w o\u015brodku goszcz\u0105cym.<\/li><\/ul>\n\n\n\n<p><em>Wi\u0119cej informacji o programie<\/em>: <a href=\"https:\/\/nawa.gov.pl\/naukowcy\/program-im-ulama\">https:\/\/nawa.gov.pl\/naukowcy\/program-im-ulama<\/a><\/p>\n\n\n\n<ul class=\"wp-block-list\"><li><strong>Program Stypendialny dla Polonii im. gen. W\u0142. Andersa<\/strong> \u2013 stypendium oferowane m\u0142odzie\u017cy polskiego pochodzenia, obywateli jednego z nast\u0119puj\u0105cych pa\u0144stw: Albania, Armenia, Azerbejd\u017can, Bia\u0142oru\u015b, Bu\u0142garia, Czechy, Chorwacja, Estonia, Gruzja, Kazachstan, Kirgistan, Litwa, \u0141otwa, Macedonia, Mo\u0142dawia, Rosja, Rumunia, Serbia, S\u0142owacja, Tad\u017cykistan, Turkmenistan, Ukraina, USA, Uzbekistan, W\u0119gry oraz pa\u0144stw Ameryki Po\u0142udniowej, Ameryki \u015arodkowej i Afryki.<\/li><\/ul>\n\n\n\n<figure class=\"wp-block-image size-large\"><img loading=\"lazy\" decoding=\"async\" width=\"799\" height=\"533\" src=\"https:\/\/instytutpolski.pl\/budapest\/wp-content\/uploads\/sites\/21\/2020\/05\/13598759413_fc2f67e52e_c.jpg\" alt=\"\" class=\"wp-image-8288\" srcset=\"https:\/\/instytutpolski.pl\/budapest\/wp-content\/uploads\/sites\/21\/2020\/05\/13598759413_fc2f67e52e_c.jpg 799w, https:\/\/instytutpolski.pl\/budapest\/wp-content\/uploads\/sites\/21\/2020\/05\/13598759413_fc2f67e52e_c-300x200.jpg 300w, https:\/\/instytutpolski.pl\/budapest\/wp-content\/uploads\/sites\/21\/2020\/05\/13598759413_fc2f67e52e_c-768x512.jpg 768w\" sizes=\"auto, (max-width: 799px) 100vw, 799px\" \/><figcaption>Foto: Mariusz Cieszewski<\/figcaption><\/figure>\n\n\n\n<ul class=\"wp-block-list\"><li><strong>Program Stypendialny im. Stefana Banacha \u2013 <\/strong>powsta\u0142 z inicjatywy Ministerstwa Spraw Zagranicznych oraz Narodowej Agencji Wymiany Akademickiej. Celem programu skierowanego do obywateli pa\u0144stw Partnerstwa Wschodniego, Azji Centralnej oraz kraj\u00f3w Ba\u0142kan\u00f3w Zachodnich, jest wspieranie rozwoju spo\u0142eczno-gospodarczego kraj\u00f3w rozwijaj\u0105cych si\u0119 poprzez podnoszenie poziomu wiedzy i&nbsp;wykszta\u0142cenia obywateli.<\/li><\/ul>\n\n\n\n<p><strong><em>Wi\u0119cej informacji o programie<\/em><\/strong><strong>: <\/strong><a href=\"https:\/\/www.nawa.gov.pl\/studenci\/studenci-zagraniczni\/program-stypendialny-im-stefana-banacha\">https:\/\/www.nawa.gov.pl\/studenci\/studenci-zagraniczni\/program-stypendialny-im-stefana-banacha<\/a><\/p>\n\n\n\n<ul class=\"wp-block-list\"><li><strong>Program Stypendialny im. Ignacego \u0141ukasiewicza \u2013 <\/strong>zainicjowany wsp\u00f3lnie przez MSZ oraz NAWA w ramach polskiej pomocy rozwojowej, podobnie jak w przypadku Programu Stypendialnego im. Stefana Banacha, wspiera on rozw\u00f3j spo\u0142eczno-gospodarczy kraj\u00f3w rozwijaj\u0105cych si\u0119 (bez kraj\u00f3w Europy i Azji Centralnej). Pierwsze\u0144stwo maj\u0105 aplikanci z nast\u0119puj\u0105cych kraj\u00f3w: <strong>Angola, Etiopia, Filipiny, Indie, Indonezja, Kenia, Kolumbia, Liban, Meksyk, Mjanma, Nigeria, Palestyna, Peru, RPA, Senegal, Tanzania, Uganda, Wietnam<\/strong><strong>.<\/strong><\/li><\/ul>\n\n\n\n<p><strong><em>Wi\u0119cej informacji o programie<\/em><\/strong><strong>: <\/strong><a href=\"https:\/\/www.nawa.gov.pl\/studenci\/studenci-zagraniczni\/program-stypendialny-im-ignacego-lukasiewicza\">https:\/\/www.nawa.gov.pl\/studenci\/studenci-zagraniczni\/program-stypendialny-im-ignacego-lukasiewicza<\/a><\/p>\n\n\n\n<figure class=\"wp-block-image size-large\"><img loading=\"lazy\" decoding=\"async\" width=\"799\" height=\"533\" src=\"https:\/\/instytutpolski.pl\/budapest\/wp-content\/uploads\/sites\/21\/2020\/05\/13598763583_3b4385c82a_c.jpg\" alt=\"\" class=\"wp-image-8290\" srcset=\"https:\/\/instytutpolski.pl\/budapest\/wp-content\/uploads\/sites\/21\/2020\/05\/13598763583_3b4385c82a_c.jpg 799w, https:\/\/instytutpolski.pl\/budapest\/wp-content\/uploads\/sites\/21\/2020\/05\/13598763583_3b4385c82a_c-300x200.jpg 300w, https:\/\/instytutpolski.pl\/budapest\/wp-content\/uploads\/sites\/21\/2020\/05\/13598763583_3b4385c82a_c-768x512.jpg 768w\" sizes=\"auto, (max-width: 799px) 100vw, 799px\" \/><figcaption>Foto: Mariusz Cieszewski<\/figcaption><\/figure>\n\n\n\n<p>Wi\u0119cej o programach NAWA: <a href=\"https:\/\/www.nawa.gov.pl\/programy-nawa\/programy-nawa-alias\/trwajace\">https:\/\/www.nawa.gov.pl\/programy-nawa\/programy-nawa-alias\/trwajace<\/a><\/p>\n","protected":false},"excerpt":{"rendered":"<p>W\u015br\u00f3d projekt\u00f3w dedykowanych naukowcom i doktorantom znajduj\u0105 si\u0119: Program Poland My First Choice \u2013skierowany do student\u00f3w zagranicznych zainteresowanych odbyciem studi\u00f3w II stopnia i uzyskaniem tytu\u0142u magistra na polskiej uczelni. Wi\u0119cej informacji o programie oraz pe\u0142na lista kraj\u00f3w partnerskich: https:\/\/www.nawa.gov.pl\/studenci\/studenci-zagraniczni\/program-poland-my-first-choice Polskie Powroty &#8211; program wspiera wyr\u00f3\u017cniaj\u0105cych si\u0119 polskich naukowc\u00f3w w powrocie do kraju. Skierowany do polskich [&hellip;]<\/p>\n","protected":false},"author":1,"featured_media":8297,"parent":1161,"menu_order":0,"comment_status":"closed","ping_status":"closed","template":"","meta":{"inline_featured_image":false,"_monsterinsights_skip_tracking":false,"_monsterinsights_sitenote_active":false,"_monsterinsights_sitenote_note":"","_monsterinsights_sitenote_category":0,"footnotes":""},"class_list":["post-1169","page","type-page","status-publish","has-post-thumbnail","hentry"],"yoast_head":"<!-- This site is optimized with the Yoast SEO plugin v24.6 - https:\/\/yoast.com\/wordpress\/plugins\/seo\/ -->\n<title>Stypendia naukowe - Instytut Polski w Budapeszcie<\/title>\n<meta name=\"robots\" content=\"index, follow, max-snippet:-1, max-image-preview:large, max-video-preview:-1\" \/>\n<link rel=\"canonical\" href=\"https:\/\/instytutpolski.pl\/budapest\/pl\/fedezd-fel-lengyelorszagot\/stypendia-w-polsce\/stypendia-naukowe\/\" \/>\n<meta property=\"og:locale\" content=\"pl_PL\" \/>\n<meta property=\"og:type\" content=\"article\" \/>\n<meta property=\"og:title\" content=\"Stypendia naukowe - Instytut Polski w Budapeszcie\" \/>\n<meta property=\"og:description\" content=\"W\u015br\u00f3d projekt\u00f3w dedykowanych naukowcom i doktorantom znajduj\u0105 si\u0119: Program Poland My First Choice \u2013skierowany do student\u00f3w zagranicznych zainteresowanych odbyciem studi\u00f3w II stopnia i uzyskaniem tytu\u0142u magistra na polskiej uczelni. Wi\u0119cej informacji o programie oraz pe\u0142na lista kraj\u00f3w partnerskich: https:\/\/www.nawa.gov.pl\/studenci\/studenci-zagraniczni\/program-poland-my-first-choice Polskie Powroty &#8211; program wspiera wyr\u00f3\u017cniaj\u0105cych si\u0119 polskich naukowc\u00f3w w powrocie do kraju. Skierowany do polskich [&hellip;]\" \/>\n<meta property=\"og:url\" content=\"https:\/\/instytutpolski.pl\/budapest\/pl\/fedezd-fel-lengyelorszagot\/stypendia-w-polsce\/stypendia-naukowe\/\" \/>\n<meta property=\"og:site_name\" content=\"Instytut Polski w Budapeszcie\" \/>\n<meta property=\"article:modified_time\" content=\"2020-05-27T13:45:00+00:00\" \/>\n<meta property=\"og:image\" content=\"https:\/\/instytutpolski.pl\/budapest\/wp-content\/uploads\/sites\/21\/2020\/05\/13599135464_da0d0e94bd_c.jpg\" \/>\n\t<meta property=\"og:image:width\" content=\"799\" \/>\n\t<meta property=\"og:image:height\" content=\"533\" \/>\n\t<meta property=\"og:image:type\" content=\"image\/jpeg\" \/>\n<meta name=\"twitter:card\" content=\"summary_large_image\" \/>\n<meta name=\"twitter:label1\" content=\"Szacowany czas czytania\" \/>\n\t<meta name=\"twitter:data1\" content=\"2 minuty\" \/>\n<script type=\"application\/ld+json\" class=\"yoast-schema-graph\">{\"@context\":\"https:\/\/schema.org\",\"@graph\":[{\"@type\":\"WebPage\",\"@id\":\"https:\/\/instytutpolski.pl\/budapest\/pl\/fedezd-fel-lengyelorszagot\/stypendia-w-polsce\/stypendia-naukowe\/\",\"url\":\"https:\/\/instytutpolski.pl\/budapest\/pl\/fedezd-fel-lengyelorszagot\/stypendia-w-polsce\/stypendia-naukowe\/\",\"name\":\"Stypendia naukowe - Instytut Polski w Budapeszcie\",\"isPartOf\":{\"@id\":\"https:\/\/instytutpolski.pl\/budapest\/#website\"},\"primaryImageOfPage\":{\"@id\":\"https:\/\/instytutpolski.pl\/budapest\/pl\/fedezd-fel-lengyelorszagot\/stypendia-w-polsce\/stypendia-naukowe\/#primaryimage\"},\"image\":{\"@id\":\"https:\/\/instytutpolski.pl\/budapest\/pl\/fedezd-fel-lengyelorszagot\/stypendia-w-polsce\/stypendia-naukowe\/#primaryimage\"},\"thumbnailUrl\":\"https:\/\/instytutpolski.pl\/budapest\/wp-content\/uploads\/sites\/21\/2020\/05\/13599135464_da0d0e94bd_c.jpg\",\"datePublished\":\"2019-07-03T07:02:37+00:00\",\"dateModified\":\"2020-05-27T13:45:00+00:00\",\"breadcrumb\":{\"@id\":\"https:\/\/instytutpolski.pl\/budapest\/pl\/fedezd-fel-lengyelorszagot\/stypendia-w-polsce\/stypendia-naukowe\/#breadcrumb\"},\"inLanguage\":\"pl-PL\",\"potentialAction\":[{\"@type\":\"ReadAction\",\"target\":[\"https:\/\/instytutpolski.pl\/budapest\/pl\/fedezd-fel-lengyelorszagot\/stypendia-w-polsce\/stypendia-naukowe\/\"]}]},{\"@type\":\"ImageObject\",\"inLanguage\":\"pl-PL\",\"@id\":\"https:\/\/instytutpolski.pl\/budapest\/pl\/fedezd-fel-lengyelorszagot\/stypendia-w-polsce\/stypendia-naukowe\/#primaryimage\",\"url\":\"https:\/\/instytutpolski.pl\/budapest\/wp-content\/uploads\/sites\/21\/2020\/05\/13599135464_da0d0e94bd_c.jpg\",\"contentUrl\":\"https:\/\/instytutpolski.pl\/budapest\/wp-content\/uploads\/sites\/21\/2020\/05\/13599135464_da0d0e94bd_c.jpg\",\"width\":799,\"height\":533},{\"@type\":\"BreadcrumbList\",\"@id\":\"https:\/\/instytutpolski.pl\/budapest\/pl\/fedezd-fel-lengyelorszagot\/stypendia-w-polsce\/stypendia-naukowe\/#breadcrumb\",\"itemListElement\":[{\"@type\":\"ListItem\",\"position\":1,\"name\":\"Home\",\"item\":\"https:\/\/instytutpolski.pl\/budapest\/\"},{\"@type\":\"ListItem\",\"position\":2,\"name\":\"Fedezd fel Lengyelorsz\u00e1got!\",\"item\":\"https:\/\/instytutpolski.pl\/budapest\/pl\/fedezd-fel-lengyelorszagot\/\"},{\"@type\":\"ListItem\",\"position\":3,\"name\":\"Stypendia w Polsce\",\"item\":\"https:\/\/instytutpolski.pl\/budapest\/pl\/fedezd-fel-lengyelorszagot\/stypendia-w-polsce\/\"},{\"@type\":\"ListItem\",\"position\":4,\"name\":\"Stypendia naukowe\"}]},{\"@type\":\"WebSite\",\"@id\":\"https:\/\/instytutpolski.pl\/budapest\/#website\",\"url\":\"https:\/\/instytutpolski.pl\/budapest\/\",\"name\":\"Instytut Polski w Budapeszcie\",\"description\":\"Instytuty Polskie\",\"potentialAction\":[{\"@type\":\"SearchAction\",\"target\":{\"@type\":\"EntryPoint\",\"urlTemplate\":\"https:\/\/instytutpolski.pl\/budapest\/?s={search_term_string}\"},\"query-input\":{\"@type\":\"PropertyValueSpecification\",\"valueRequired\":true,\"valueName\":\"search_term_string\"}}],\"inLanguage\":\"pl-PL\"}]}<\/script>\n<!-- \/ Yoast SEO plugin. -->","yoast_head_json":{"title":"Stypendia naukowe - Instytut Polski w Budapeszcie","robots":{"index":"index","follow":"follow","max-snippet":"max-snippet:-1","max-image-preview":"max-image-preview:large","max-video-preview":"max-video-preview:-1"},"canonical":"https:\/\/instytutpolski.pl\/budapest\/pl\/fedezd-fel-lengyelorszagot\/stypendia-w-polsce\/stypendia-naukowe\/","og_locale":"pl_PL","og_type":"article","og_title":"Stypendia naukowe - Instytut Polski w Budapeszcie","og_description":"W\u015br\u00f3d projekt\u00f3w dedykowanych naukowcom i doktorantom znajduj\u0105 si\u0119: Program Poland My First Choice \u2013skierowany do student\u00f3w zagranicznych zainteresowanych odbyciem studi\u00f3w II stopnia i uzyskaniem tytu\u0142u magistra na polskiej uczelni. Wi\u0119cej informacji o programie oraz pe\u0142na lista kraj\u00f3w partnerskich: https:\/\/www.nawa.gov.pl\/studenci\/studenci-zagraniczni\/program-poland-my-first-choice Polskie Powroty &#8211; program wspiera wyr\u00f3\u017cniaj\u0105cych si\u0119 polskich naukowc\u00f3w w powrocie do kraju. Skierowany do polskich [&hellip;]","og_url":"https:\/\/instytutpolski.pl\/budapest\/pl\/fedezd-fel-lengyelorszagot\/stypendia-w-polsce\/stypendia-naukowe\/","og_site_name":"Instytut Polski w Budapeszcie","article_modified_time":"2020-05-27T13:45:00+00:00","og_image":[{"width":799,"height":533,"url":"https:\/\/instytutpolski.pl\/budapest\/wp-content\/uploads\/sites\/21\/2020\/05\/13599135464_da0d0e94bd_c.jpg","type":"image\/jpeg"}],"twitter_card":"summary_large_image","twitter_misc":{"Szacowany czas czytania":"2 minuty"},"schema":{"@context":"https:\/\/schema.org","@graph":[{"@type":"WebPage","@id":"https:\/\/instytutpolski.pl\/budapest\/pl\/fedezd-fel-lengyelorszagot\/stypendia-w-polsce\/stypendia-naukowe\/","url":"https:\/\/instytutpolski.pl\/budapest\/pl\/fedezd-fel-lengyelorszagot\/stypendia-w-polsce\/stypendia-naukowe\/","name":"Stypendia naukowe - Instytut Polski w Budapeszcie","isPartOf":{"@id":"https:\/\/instytutpolski.pl\/budapest\/#website"},"primaryImageOfPage":{"@id":"https:\/\/instytutpolski.pl\/budapest\/pl\/fedezd-fel-lengyelorszagot\/stypendia-w-polsce\/stypendia-naukowe\/#primaryimage"},"image":{"@id":"https:\/\/instytutpolski.pl\/budapest\/pl\/fedezd-fel-lengyelorszagot\/stypendia-w-polsce\/stypendia-naukowe\/#primaryimage"},"thumbnailUrl":"https:\/\/instytutpolski.pl\/budapest\/wp-content\/uploads\/sites\/21\/2020\/05\/13599135464_da0d0e94bd_c.jpg","datePublished":"2019-07-03T07:02:37+00:00","dateModified":"2020-05-27T13:45:00+00:00","breadcrumb":{"@id":"https:\/\/instytutpolski.pl\/budapest\/pl\/fedezd-fel-lengyelorszagot\/stypendia-w-polsce\/stypendia-naukowe\/#breadcrumb"},"inLanguage":"pl-PL","potentialAction":[{"@type":"ReadAction","target":["https:\/\/instytutpolski.pl\/budapest\/pl\/fedezd-fel-lengyelorszagot\/stypendia-w-polsce\/stypendia-naukowe\/"]}]},{"@type":"ImageObject","inLanguage":"pl-PL","@id":"https:\/\/instytutpolski.pl\/budapest\/pl\/fedezd-fel-lengyelorszagot\/stypendia-w-polsce\/stypendia-naukowe\/#primaryimage","url":"https:\/\/instytutpolski.pl\/budapest\/wp-content\/uploads\/sites\/21\/2020\/05\/13599135464_da0d0e94bd_c.jpg","contentUrl":"https:\/\/instytutpolski.pl\/budapest\/wp-content\/uploads\/sites\/21\/2020\/05\/13599135464_da0d0e94bd_c.jpg","width":799,"height":533},{"@type":"BreadcrumbList","@id":"https:\/\/instytutpolski.pl\/budapest\/pl\/fedezd-fel-lengyelorszagot\/stypendia-w-polsce\/stypendia-naukowe\/#breadcrumb","itemListElement":[{"@type":"ListItem","position":1,"name":"Home","item":"https:\/\/instytutpolski.pl\/budapest\/"},{"@type":"ListItem","position":2,"name":"Fedezd fel Lengyelorsz\u00e1got!","item":"https:\/\/instytutpolski.pl\/budapest\/pl\/fedezd-fel-lengyelorszagot\/"},{"@type":"ListItem","position":3,"name":"Stypendia w Polsce","item":"https:\/\/instytutpolski.pl\/budapest\/pl\/fedezd-fel-lengyelorszagot\/stypendia-w-polsce\/"},{"@type":"ListItem","position":4,"name":"Stypendia naukowe"}]},{"@type":"WebSite","@id":"https:\/\/instytutpolski.pl\/budapest\/#website","url":"https:\/\/instytutpolski.pl\/budapest\/","name":"Instytut Polski w Budapeszcie","description":"Instytuty Polskie","potentialAction":[{"@type":"SearchAction","target":{"@type":"EntryPoint","urlTemplate":"https:\/\/instytutpolski.pl\/budapest\/?s={search_term_string}"},"query-input":{"@type":"PropertyValueSpecification","valueRequired":true,"valueName":"search_term_string"}}],"inLanguage":"pl-PL"}]}},"_links":{"self":[{"href":"https:\/\/instytutpolski.pl\/budapest\/wp-json\/wp\/v2\/pages\/1169","targetHints":{"allow":["GET"]}}],"collection":[{"href":"https:\/\/instytutpolski.pl\/budapest\/wp-json\/wp\/v2\/pages"}],"about":[{"href":"https:\/\/instytutpolski.pl\/budapest\/wp-json\/wp\/v2\/types\/page"}],"author":[{"embeddable":true,"href":"https:\/\/instytutpolski.pl\/budapest\/wp-json\/wp\/v2\/users\/1"}],"replies":[{"embeddable":true,"href":"https:\/\/instytutpolski.pl\/budapest\/wp-json\/wp\/v2\/comments?post=1169"}],"version-history":[{"count":4,"href":"https:\/\/instytutpolski.pl\/budapest\/wp-json\/wp\/v2\/pages\/1169\/revisions"}],"predecessor-version":[{"id":8502,"href":"https:\/\/instytutpolski.pl\/budapest\/wp-json\/wp\/v2\/pages\/1169\/revisions\/8502"}],"up":[{"embeddable":true,"href":"https:\/\/instytutpolski.pl\/budapest\/wp-json\/wp\/v2\/pages\/1161"}],"wp:featuredmedia":[{"embeddable":true,"href":"https:\/\/instytutpolski.pl\/budapest\/wp-json\/wp\/v2\/media\/8297"}],"wp:attachment":[{"href":"https:\/\/instytutpolski.pl\/budapest\/wp-json\/wp\/v2\/media?parent=1169"}],"curies":[{"name":"wp","href":"https:\/\/api.w.org\/{rel}","templated":true}]}}