{"id":1172,"date":"2019-07-03T09:02:37","date_gmt":"2019-07-03T07:02:37","guid":{"rendered":"https:\/\/instytutpolski.pl\/budapeszt\/?page_id=1172"},"modified":"2019-07-03T09:02:48","modified_gmt":"2019-07-03T07:02:48","slug":"tanulmanyi-osztondijak","status":"publish","type":"page","link":"https:\/\/instytutpolski.pl\/budapest\/fedezd-fel-lengyelorszagot\/osztondijak-lengyelorszagban\/tanulmanyi-osztondijak\/","title":{"rendered":"Tanulm\u00e1nyi \u00f6szt\u00f6nd\u00edjak"},"content":{"rendered":"","protected":false},"excerpt":{"rendered":"","protected":false},"author":1,"featured_media":8297,"parent":1165,"menu_order":0,"comment_status":"closed","ping_status":"closed","template":"","meta":{"inline_featured_image":false,"_monsterinsights_skip_tracking":false,"_monsterinsights_sitenote_active":false,"_monsterinsights_sitenote_note":"","_monsterinsights_sitenote_category":0,"footnotes":""},"class_list":["post-1172","page","type-page","status-publish","has-post-thumbnail","hentry"],"yoast_head":"<!-- This site is optimized with the Yoast SEO plugin v24.6 - https:\/\/yoast.com\/wordpress\/plugins\/seo\/ -->\n<title>Tanulm\u00e1nyi \u00f6szt\u00f6nd\u00edjak - Instytut Polski w Budapeszcie<\/title>\n<meta name=\"robots\" content=\"index, follow, max-snippet:-1, max-image-preview:large, max-video-preview:-1\" \/>\n<link rel=\"canonical\" href=\"https:\/\/instytutpolski.pl\/budapest\/fedezd-fel-lengyelorszagot\/osztondijak-lengyelorszagban\/tanulmanyi-osztondijak\/\" \/>\n<meta property=\"og:locale\" content=\"pl_PL\" \/>\n<meta property=\"og:type\" content=\"article\" \/>\n<meta property=\"og:title\" content=\"Tanulm\u00e1nyi \u00f6szt\u00f6nd\u00edjak - Instytut Polski w Budapeszcie\" \/>\n<meta property=\"og:url\" content=\"https:\/\/instytutpolski.pl\/budapest\/fedezd-fel-lengyelorszagot\/osztondijak-lengyelorszagban\/tanulmanyi-osztondijak\/\" \/>\n<meta property=\"og:site_name\" content=\"Instytut Polski w Budapeszcie\" \/>\n<meta property=\"article:modified_time\" content=\"2019-07-03T07:02:48+00:00\" \/>\n<meta property=\"og:image\" content=\"https:\/\/instytutpolski.pl\/budapest\/wp-content\/uploads\/sites\/21\/2020\/05\/13599135464_da0d0e94bd_c.jpg\" \/>\n\t<meta property=\"og:image:width\" content=\"799\" \/>\n\t<meta property=\"og:image:height\" content=\"533\" \/>\n\t<meta property=\"og:image:type\" content=\"image\/jpeg\" \/>\n<meta name=\"twitter:card\" content=\"summary_large_image\" \/>\n<script type=\"application\/ld+json\" class=\"yoast-schema-graph\">{\"@context\":\"https:\/\/schema.org\",\"@graph\":[{\"@type\":\"WebPage\",\"@id\":\"https:\/\/instytutpolski.pl\/budapest\/fedezd-fel-lengyelorszagot\/osztondijak-lengyelorszagban\/tanulmanyi-osztondijak\/\",\"url\":\"https:\/\/instytutpolski.pl\/budapest\/fedezd-fel-lengyelorszagot\/osztondijak-lengyelorszagban\/tanulmanyi-osztondijak\/\",\"name\":\"Tanulm\u00e1nyi \u00f6szt\u00f6nd\u00edjak - Instytut Polski w Budapeszcie\",\"isPartOf\":{\"@id\":\"https:\/\/instytutpolski.pl\/budapest\/#website\"},\"primaryImageOfPage\":{\"@id\":\"https:\/\/instytutpolski.pl\/budapest\/fedezd-fel-lengyelorszagot\/osztondijak-lengyelorszagban\/tanulmanyi-osztondijak\/#primaryimage\"},\"image\":{\"@id\":\"https:\/\/instytutpolski.pl\/budapest\/fedezd-fel-lengyelorszagot\/osztondijak-lengyelorszagban\/tanulmanyi-osztondijak\/#primaryimage\"},\"thumbnailUrl\":\"https:\/\/instytutpolski.pl\/budapest\/wp-content\/uploads\/sites\/21\/2020\/05\/13599135464_da0d0e94bd_c.jpg\",\"datePublished\":\"2019-07-03T07:02:37+00:00\",\"dateModified\":\"2019-07-03T07:02:48+00:00\",\"breadcrumb\":{\"@id\":\"https:\/\/instytutpolski.pl\/budapest\/fedezd-fel-lengyelorszagot\/osztondijak-lengyelorszagban\/tanulmanyi-osztondijak\/#breadcrumb\"},\"inLanguage\":\"pl-PL\",\"potentialAction\":[{\"@type\":\"ReadAction\",\"target\":[\"https:\/\/instytutpolski.pl\/budapest\/fedezd-fel-lengyelorszagot\/osztondijak-lengyelorszagban\/tanulmanyi-osztondijak\/\"]}]},{\"@type\":\"ImageObject\",\"inLanguage\":\"pl-PL\",\"@id\":\"https:\/\/instytutpolski.pl\/budapest\/fedezd-fel-lengyelorszagot\/osztondijak-lengyelorszagban\/tanulmanyi-osztondijak\/#primaryimage\",\"url\":\"https:\/\/instytutpolski.pl\/budapest\/wp-content\/uploads\/sites\/21\/2020\/05\/13599135464_da0d0e94bd_c.jpg\",\"contentUrl\":\"https:\/\/instytutpolski.pl\/budapest\/wp-content\/uploads\/sites\/21\/2020\/05\/13599135464_da0d0e94bd_c.jpg\",\"width\":799,\"height\":533},{\"@type\":\"BreadcrumbList\",\"@id\":\"https:\/\/instytutpolski.pl\/budapest\/fedezd-fel-lengyelorszagot\/osztondijak-lengyelorszagban\/tanulmanyi-osztondijak\/#breadcrumb\",\"itemListElement\":[{\"@type\":\"ListItem\",\"position\":1,\"name\":\"Home\",\"item\":\"https:\/\/instytutpolski.pl\/budapest\/\"},{\"@type\":\"ListItem\",\"position\":2,\"name\":\"Fedezd fel Lengyelorsz\u00e1got!\",\"item\":\"https:\/\/instytutpolski.pl\/budapest\/pl\/fedezd-fel-lengyelorszagot\/\"},{\"@type\":\"ListItem\",\"position\":3,\"name\":\"\u00d6szt\u00f6nd\u00edjak Lengyelorsz\u00e1gban\",\"item\":\"https:\/\/instytutpolski.pl\/budapest\/fedezd-fel-lengyelorszagot\/osztondijak-lengyelorszagban\/\"},{\"@type\":\"ListItem\",\"position\":4,\"name\":\"Tanulm\u00e1nyi \u00f6szt\u00f6nd\u00edjak\"}]},{\"@type\":\"WebSite\",\"@id\":\"https:\/\/instytutpolski.pl\/budapest\/#website\",\"url\":\"https:\/\/instytutpolski.pl\/budapest\/\",\"name\":\"Instytut Polski w Budapeszcie\",\"description\":\"Instytuty Polskie\",\"potentialAction\":[{\"@type\":\"SearchAction\",\"target\":{\"@type\":\"EntryPoint\",\"urlTemplate\":\"https:\/\/instytutpolski.pl\/budapest\/?s={search_term_string}\"},\"query-input\":{\"@type\":\"PropertyValueSpecification\",\"valueRequired\":true,\"valueName\":\"search_term_string\"}}],\"inLanguage\":\"pl-PL\"}]}<\/script>\n<!-- \/ Yoast SEO plugin. -->","yoast_head_json":{"title":"Tanulm\u00e1nyi \u00f6szt\u00f6nd\u00edjak - Instytut Polski w Budapeszcie","robots":{"index":"index","follow":"follow","max-snippet":"max-snippet:-1","max-image-preview":"max-image-preview:large","max-video-preview":"max-video-preview:-1"},"canonical":"https:\/\/instytutpolski.pl\/budapest\/fedezd-fel-lengyelorszagot\/osztondijak-lengyelorszagban\/tanulmanyi-osztondijak\/","og_locale":"pl_PL","og_type":"article","og_title":"Tanulm\u00e1nyi \u00f6szt\u00f6nd\u00edjak - Instytut Polski w Budapeszcie","og_url":"https:\/\/instytutpolski.pl\/budapest\/fedezd-fel-lengyelorszagot\/osztondijak-lengyelorszagban\/tanulmanyi-osztondijak\/","og_site_name":"Instytut Polski w Budapeszcie","article_modified_time":"2019-07-03T07:02:48+00:00","og_image":[{"width":799,"height":533,"url":"https:\/\/instytutpolski.pl\/budapest\/wp-content\/uploads\/sites\/21\/2020\/05\/13599135464_da0d0e94bd_c.jpg","type":"image\/jpeg"}],"twitter_card":"summary_large_image","schema":{"@context":"https:\/\/schema.org","@graph":[{"@type":"WebPage","@id":"https:\/\/instytutpolski.pl\/budapest\/fedezd-fel-lengyelorszagot\/osztondijak-lengyelorszagban\/tanulmanyi-osztondijak\/","url":"https:\/\/instytutpolski.pl\/budapest\/fedezd-fel-lengyelorszagot\/osztondijak-lengyelorszagban\/tanulmanyi-osztondijak\/","name":"Tanulm\u00e1nyi \u00f6szt\u00f6nd\u00edjak - Instytut Polski w Budapeszcie","isPartOf":{"@id":"https:\/\/instytutpolski.pl\/budapest\/#website"},"primaryImageOfPage":{"@id":"https:\/\/instytutpolski.pl\/budapest\/fedezd-fel-lengyelorszagot\/osztondijak-lengyelorszagban\/tanulmanyi-osztondijak\/#primaryimage"},"image":{"@id":"https:\/\/instytutpolski.pl\/budapest\/fedezd-fel-lengyelorszagot\/osztondijak-lengyelorszagban\/tanulmanyi-osztondijak\/#primaryimage"},"thumbnailUrl":"https:\/\/instytutpolski.pl\/budapest\/wp-content\/uploads\/sites\/21\/2020\/05\/13599135464_da0d0e94bd_c.jpg","datePublished":"2019-07-03T07:02:37+00:00","dateModified":"2019-07-03T07:02:48+00:00","breadcrumb":{"@id":"https:\/\/instytutpolski.pl\/budapest\/fedezd-fel-lengyelorszagot\/osztondijak-lengyelorszagban\/tanulmanyi-osztondijak\/#breadcrumb"},"inLanguage":"pl-PL","potentialAction":[{"@type":"ReadAction","target":["https:\/\/instytutpolski.pl\/budapest\/fedezd-fel-lengyelorszagot\/osztondijak-lengyelorszagban\/tanulmanyi-osztondijak\/"]}]},{"@type":"ImageObject","inLanguage":"pl-PL","@id":"https:\/\/instytutpolski.pl\/budapest\/fedezd-fel-lengyelorszagot\/osztondijak-lengyelorszagban\/tanulmanyi-osztondijak\/#primaryimage","url":"https:\/\/instytutpolski.pl\/budapest\/wp-content\/uploads\/sites\/21\/2020\/05\/13599135464_da0d0e94bd_c.jpg","contentUrl":"https:\/\/instytutpolski.pl\/budapest\/wp-content\/uploads\/sites\/21\/2020\/05\/13599135464_da0d0e94bd_c.jpg","width":799,"height":533},{"@type":"BreadcrumbList","@id":"https:\/\/instytutpolski.pl\/budapest\/fedezd-fel-lengyelorszagot\/osztondijak-lengyelorszagban\/tanulmanyi-osztondijak\/#breadcrumb","itemListElement":[{"@type":"ListItem","position":1,"name":"Home","item":"https:\/\/instytutpolski.pl\/budapest\/"},{"@type":"ListItem","position":2,"name":"Fedezd fel Lengyelorsz\u00e1got!","item":"https:\/\/instytutpolski.pl\/budapest\/pl\/fedezd-fel-lengyelorszagot\/"},{"@type":"ListItem","position":3,"name":"\u00d6szt\u00f6nd\u00edjak Lengyelorsz\u00e1gban","item":"https:\/\/instytutpolski.pl\/budapest\/fedezd-fel-lengyelorszagot\/osztondijak-lengyelorszagban\/"},{"@type":"ListItem","position":4,"name":"Tanulm\u00e1nyi \u00f6szt\u00f6nd\u00edjak"}]},{"@type":"WebSite","@id":"https:\/\/instytutpolski.pl\/budapest\/#website","url":"https:\/\/instytutpolski.pl\/budapest\/","name":"Instytut Polski w Budapeszcie","description":"Instytuty Polskie","potentialAction":[{"@type":"SearchAction","target":{"@type":"EntryPoint","urlTemplate":"https:\/\/instytutpolski.pl\/budapest\/?s={search_term_string}"},"query-input":{"@type":"PropertyValueSpecification","valueRequired":true,"valueName":"search_term_string"}}],"inLanguage":"pl-PL"}]}},"_links":{"self":[{"href":"https:\/\/instytutpolski.pl\/budapest\/wp-json\/wp\/v2\/pages\/1172","targetHints":{"allow":["GET"]}}],"collection":[{"href":"https:\/\/instytutpolski.pl\/budapest\/wp-json\/wp\/v2\/pages"}],"about":[{"href":"https:\/\/instytutpolski.pl\/budapest\/wp-json\/wp\/v2\/types\/page"}],"author":[{"embeddable":true,"href":"https:\/\/instytutpolski.pl\/budapest\/wp-json\/wp\/v2\/users\/1"}],"replies":[{"embeddable":true,"href":"https:\/\/instytutpolski.pl\/budapest\/wp-json\/wp\/v2\/comments?post=1172"}],"version-history":[{"count":1,"href":"https:\/\/instytutpolski.pl\/budapest\/wp-json\/wp\/v2\/pages\/1172\/revisions"}],"predecessor-version":[{"id":1173,"href":"https:\/\/instytutpolski.pl\/budapest\/wp-json\/wp\/v2\/pages\/1172\/revisions\/1173"}],"up":[{"embeddable":true,"href":"https:\/\/instytutpolski.pl\/budapest\/wp-json\/wp\/v2\/pages\/1165"}],"wp:featuredmedia":[{"embeddable":true,"href":"https:\/\/instytutpolski.pl\/budapest\/wp-json\/wp\/v2\/media\/8297"}],"wp:attachment":[{"href":"https:\/\/instytutpolski.pl\/budapest\/wp-json\/wp\/v2\/media?parent=1172"}],"curies":[{"name":"wp","href":"https:\/\/api.w.org\/{rel}","templated":true}]}}