{"id":1176,"date":"2019-07-03T09:03:30","date_gmt":"2019-07-03T07:03:30","guid":{"rendered":"https:\/\/instytutpolski.pl\/budapeszt\/?page_id=1176"},"modified":"2020-05-27T15:47:20","modified_gmt":"2020-05-27T13:47:20","slug":"stypendia-w-ramach-umow-dwustronnych","status":"publish","type":"page","link":"https:\/\/instytutpolski.pl\/budapest\/pl\/fedezd-fel-lengyelorszagot\/stypendia-w-polsce\/stypendia-w-ramach-umow-dwustronnych\/","title":{"rendered":"Stypendia w ramach um\u00f3w dwustronnych"},"content":{"rendered":"\n<p>Wsp\u00f3\u0142prac\u0105 obj\u0119te s\u0105 m.in.:&nbsp;Armenia, Belgia Walonia, Bia\u0142oru\u015b, Bu\u0142garia, Chiny, Chorwacja, Czechy, Egipt, Francja, Izrael, Japonia, Jemen, Kazachstan,&nbsp;Korea, Macedonia, Mongolia, Rumunia, Serbia, S\u0142owacja, S\u0142owenia, Tajwan, Ukraina, W\u0119gry, Wietnam, W\u0142ochy. W ramach programu pobyt mo\u017ce trwa\u0107 od 3 dni do 12 miesi\u0119cy w danym roku akademickim. Wi\u0119cej informacji o programie wsp\u00f3\u0142pracy tutaj: <a href=\"https:\/\/www.nawa.gov.pl\/studenci\/studenci-zagraniczni\/program-wymiany-osobowej-studentow-i-naukowcow-w-ramach-wspolpracy-bilateralnej-oferta-przyjazdowa\">https:\/\/www.nawa.gov.pl\/studenci\/studenci-zagraniczni\/program-wymiany-osobowej-studentow-i-naukowcow-w-ramach-wspolpracy-bilateralnej-oferta-przyjazdowa<\/a> .<\/p>\n\n\n\n<p>Wi\u0119cej o<strong> projektach dedykowanych instytucjom<\/strong>: Promocja Zagraniczna; Program PROM; <a href=\"https:\/\/www.nawa.gov.pl\/instytucje\/akademickie-partnerstwa-miedzynarodowe\">Akademickie Partnerstwa Mi\u0119dzynarodowe<\/a>; Welcome to Poland; <a href=\"https:\/\/www.nawa.gov.pl\/instytucje\/ster-stypendia-doktorskie-dla-cudzoziemcow\">STER &#8211; Stypendia doktorskie dla cudzoziemc\u00f3w<\/a>; KATAMARAN &#8211; Przygotowanie i realizacja wsp\u00f3lnych studi\u00f3w II stopnia: <a href=\"https:\/\/www.nawa.gov.pl\/instytucje\">https:\/\/www.nawa.gov.pl\/instytucje<\/a><\/p>\n","protected":false},"excerpt":{"rendered":"<p>Wsp\u00f3\u0142prac\u0105 obj\u0119te s\u0105 m.in.:&nbsp;Armenia, Belgia Walonia, Bia\u0142oru\u015b, Bu\u0142garia, Chiny, Chorwacja, Czechy, Egipt, Francja, Izrael, Japonia, Jemen, Kazachstan,&nbsp;Korea, Macedonia, Mongolia, Rumunia, Serbia, S\u0142owacja, S\u0142owenia, Tajwan, Ukraina, W\u0119gry, Wietnam, W\u0142ochy. W ramach programu pobyt mo\u017ce trwa\u0107 od 3 dni do 12 miesi\u0119cy w danym roku akademickim. Wi\u0119cej informacji o programie wsp\u00f3\u0142pracy tutaj: https:\/\/www.nawa.gov.pl\/studenci\/studenci-zagraniczni\/program-wymiany-osobowej-studentow-i-naukowcow-w-ramach-wspolpracy-bilateralnej-oferta-przyjazdowa . Wi\u0119cej o projektach [&hellip;]<\/p>\n","protected":false},"author":1,"featured_media":8284,"parent":1161,"menu_order":0,"comment_status":"closed","ping_status":"closed","template":"","meta":{"inline_featured_image":false,"_monsterinsights_skip_tracking":false,"_monsterinsights_sitenote_active":false,"_monsterinsights_sitenote_note":"","_monsterinsights_sitenote_category":0,"footnotes":""},"class_list":["post-1176","page","type-page","status-publish","has-post-thumbnail","hentry"],"yoast_head":"<!-- This site is optimized with the Yoast SEO plugin v24.6 - https:\/\/yoast.com\/wordpress\/plugins\/seo\/ -->\n<title>Stypendia w ramach um\u00f3w dwustronnych - Instytut Polski w Budapeszcie<\/title>\n<meta name=\"robots\" content=\"index, follow, max-snippet:-1, max-image-preview:large, max-video-preview:-1\" \/>\n<link rel=\"canonical\" href=\"https:\/\/instytutpolski.pl\/budapest\/pl\/fedezd-fel-lengyelorszagot\/stypendia-w-polsce\/stypendia-w-ramach-umow-dwustronnych\/\" \/>\n<meta property=\"og:locale\" content=\"pl_PL\" \/>\n<meta property=\"og:type\" content=\"article\" \/>\n<meta property=\"og:title\" content=\"Stypendia w ramach um\u00f3w dwustronnych - Instytut Polski w Budapeszcie\" \/>\n<meta property=\"og:description\" content=\"Wsp\u00f3\u0142prac\u0105 obj\u0119te s\u0105 m.in.:&nbsp;Armenia, Belgia Walonia, Bia\u0142oru\u015b, Bu\u0142garia, Chiny, Chorwacja, Czechy, Egipt, Francja, Izrael, Japonia, Jemen, Kazachstan,&nbsp;Korea, Macedonia, Mongolia, Rumunia, Serbia, S\u0142owacja, S\u0142owenia, Tajwan, Ukraina, W\u0119gry, Wietnam, W\u0142ochy. W ramach programu pobyt mo\u017ce trwa\u0107 od 3 dni do 12 miesi\u0119cy w danym roku akademickim. Wi\u0119cej informacji o programie wsp\u00f3\u0142pracy tutaj: https:\/\/www.nawa.gov.pl\/studenci\/studenci-zagraniczni\/program-wymiany-osobowej-studentow-i-naukowcow-w-ramach-wspolpracy-bilateralnej-oferta-przyjazdowa . Wi\u0119cej o projektach [&hellip;]\" \/>\n<meta property=\"og:url\" content=\"https:\/\/instytutpolski.pl\/budapest\/pl\/fedezd-fel-lengyelorszagot\/stypendia-w-polsce\/stypendia-w-ramach-umow-dwustronnych\/\" \/>\n<meta property=\"og:site_name\" content=\"Instytut Polski w Budapeszcie\" \/>\n<meta property=\"article:modified_time\" content=\"2020-05-27T13:47:20+00:00\" \/>\n<meta property=\"og:image\" content=\"https:\/\/instytutpolski.pl\/budapest\/wp-content\/uploads\/sites\/21\/2020\/05\/14214486902_06d92247c2_c.jpg\" \/>\n\t<meta property=\"og:image:width\" content=\"799\" \/>\n\t<meta property=\"og:image:height\" content=\"533\" \/>\n\t<meta property=\"og:image:type\" content=\"image\/jpeg\" \/>\n<meta name=\"twitter:card\" content=\"summary_large_image\" \/>\n<meta name=\"twitter:label1\" content=\"Szacowany czas czytania\" \/>\n\t<meta name=\"twitter:data1\" content=\"1 minuta\" \/>\n<script type=\"application\/ld+json\" class=\"yoast-schema-graph\">{\"@context\":\"https:\/\/schema.org\",\"@graph\":[{\"@type\":\"WebPage\",\"@id\":\"https:\/\/instytutpolski.pl\/budapest\/pl\/fedezd-fel-lengyelorszagot\/stypendia-w-polsce\/stypendia-w-ramach-umow-dwustronnych\/\",\"url\":\"https:\/\/instytutpolski.pl\/budapest\/pl\/fedezd-fel-lengyelorszagot\/stypendia-w-polsce\/stypendia-w-ramach-umow-dwustronnych\/\",\"name\":\"Stypendia w ramach um\u00f3w dwustronnych - Instytut Polski w Budapeszcie\",\"isPartOf\":{\"@id\":\"https:\/\/instytutpolski.pl\/budapest\/#website\"},\"primaryImageOfPage\":{\"@id\":\"https:\/\/instytutpolski.pl\/budapest\/pl\/fedezd-fel-lengyelorszagot\/stypendia-w-polsce\/stypendia-w-ramach-umow-dwustronnych\/#primaryimage\"},\"image\":{\"@id\":\"https:\/\/instytutpolski.pl\/budapest\/pl\/fedezd-fel-lengyelorszagot\/stypendia-w-polsce\/stypendia-w-ramach-umow-dwustronnych\/#primaryimage\"},\"thumbnailUrl\":\"https:\/\/instytutpolski.pl\/budapest\/wp-content\/uploads\/sites\/21\/2020\/05\/14214486902_06d92247c2_c.jpg\",\"datePublished\":\"2019-07-03T07:03:30+00:00\",\"dateModified\":\"2020-05-27T13:47:20+00:00\",\"breadcrumb\":{\"@id\":\"https:\/\/instytutpolski.pl\/budapest\/pl\/fedezd-fel-lengyelorszagot\/stypendia-w-polsce\/stypendia-w-ramach-umow-dwustronnych\/#breadcrumb\"},\"inLanguage\":\"pl-PL\",\"potentialAction\":[{\"@type\":\"ReadAction\",\"target\":[\"https:\/\/instytutpolski.pl\/budapest\/pl\/fedezd-fel-lengyelorszagot\/stypendia-w-polsce\/stypendia-w-ramach-umow-dwustronnych\/\"]}]},{\"@type\":\"ImageObject\",\"inLanguage\":\"pl-PL\",\"@id\":\"https:\/\/instytutpolski.pl\/budapest\/pl\/fedezd-fel-lengyelorszagot\/stypendia-w-polsce\/stypendia-w-ramach-umow-dwustronnych\/#primaryimage\",\"url\":\"https:\/\/instytutpolski.pl\/budapest\/wp-content\/uploads\/sites\/21\/2020\/05\/14214486902_06d92247c2_c.jpg\",\"contentUrl\":\"https:\/\/instytutpolski.pl\/budapest\/wp-content\/uploads\/sites\/21\/2020\/05\/14214486902_06d92247c2_c.jpg\",\"width\":799,\"height\":533},{\"@type\":\"BreadcrumbList\",\"@id\":\"https:\/\/instytutpolski.pl\/budapest\/pl\/fedezd-fel-lengyelorszagot\/stypendia-w-polsce\/stypendia-w-ramach-umow-dwustronnych\/#breadcrumb\",\"itemListElement\":[{\"@type\":\"ListItem\",\"position\":1,\"name\":\"Home\",\"item\":\"https:\/\/instytutpolski.pl\/budapest\/\"},{\"@type\":\"ListItem\",\"position\":2,\"name\":\"Fedezd fel Lengyelorsz\u00e1got!\",\"item\":\"https:\/\/instytutpolski.pl\/budapest\/pl\/fedezd-fel-lengyelorszagot\/\"},{\"@type\":\"ListItem\",\"position\":3,\"name\":\"Stypendia w Polsce\",\"item\":\"https:\/\/instytutpolski.pl\/budapest\/pl\/fedezd-fel-lengyelorszagot\/stypendia-w-polsce\/\"},{\"@type\":\"ListItem\",\"position\":4,\"name\":\"Stypendia w ramach um\u00f3w dwustronnych\"}]},{\"@type\":\"WebSite\",\"@id\":\"https:\/\/instytutpolski.pl\/budapest\/#website\",\"url\":\"https:\/\/instytutpolski.pl\/budapest\/\",\"name\":\"Instytut Polski w Budapeszcie\",\"description\":\"Instytuty Polskie\",\"potentialAction\":[{\"@type\":\"SearchAction\",\"target\":{\"@type\":\"EntryPoint\",\"urlTemplate\":\"https:\/\/instytutpolski.pl\/budapest\/?s={search_term_string}\"},\"query-input\":{\"@type\":\"PropertyValueSpecification\",\"valueRequired\":true,\"valueName\":\"search_term_string\"}}],\"inLanguage\":\"pl-PL\"}]}<\/script>\n<!-- \/ Yoast SEO plugin. -->","yoast_head_json":{"title":"Stypendia w ramach um\u00f3w dwustronnych - Instytut Polski w Budapeszcie","robots":{"index":"index","follow":"follow","max-snippet":"max-snippet:-1","max-image-preview":"max-image-preview:large","max-video-preview":"max-video-preview:-1"},"canonical":"https:\/\/instytutpolski.pl\/budapest\/pl\/fedezd-fel-lengyelorszagot\/stypendia-w-polsce\/stypendia-w-ramach-umow-dwustronnych\/","og_locale":"pl_PL","og_type":"article","og_title":"Stypendia w ramach um\u00f3w dwustronnych - Instytut Polski w Budapeszcie","og_description":"Wsp\u00f3\u0142prac\u0105 obj\u0119te s\u0105 m.in.:&nbsp;Armenia, Belgia Walonia, Bia\u0142oru\u015b, Bu\u0142garia, Chiny, Chorwacja, Czechy, Egipt, Francja, Izrael, Japonia, Jemen, Kazachstan,&nbsp;Korea, Macedonia, Mongolia, Rumunia, Serbia, S\u0142owacja, S\u0142owenia, Tajwan, Ukraina, W\u0119gry, Wietnam, W\u0142ochy. W ramach programu pobyt mo\u017ce trwa\u0107 od 3 dni do 12 miesi\u0119cy w danym roku akademickim. Wi\u0119cej informacji o programie wsp\u00f3\u0142pracy tutaj: https:\/\/www.nawa.gov.pl\/studenci\/studenci-zagraniczni\/program-wymiany-osobowej-studentow-i-naukowcow-w-ramach-wspolpracy-bilateralnej-oferta-przyjazdowa . Wi\u0119cej o projektach [&hellip;]","og_url":"https:\/\/instytutpolski.pl\/budapest\/pl\/fedezd-fel-lengyelorszagot\/stypendia-w-polsce\/stypendia-w-ramach-umow-dwustronnych\/","og_site_name":"Instytut Polski w Budapeszcie","article_modified_time":"2020-05-27T13:47:20+00:00","og_image":[{"width":799,"height":533,"url":"https:\/\/instytutpolski.pl\/budapest\/wp-content\/uploads\/sites\/21\/2020\/05\/14214486902_06d92247c2_c.jpg","type":"image\/jpeg"}],"twitter_card":"summary_large_image","twitter_misc":{"Szacowany czas czytania":"1 minuta"},"schema":{"@context":"https:\/\/schema.org","@graph":[{"@type":"WebPage","@id":"https:\/\/instytutpolski.pl\/budapest\/pl\/fedezd-fel-lengyelorszagot\/stypendia-w-polsce\/stypendia-w-ramach-umow-dwustronnych\/","url":"https:\/\/instytutpolski.pl\/budapest\/pl\/fedezd-fel-lengyelorszagot\/stypendia-w-polsce\/stypendia-w-ramach-umow-dwustronnych\/","name":"Stypendia w ramach um\u00f3w dwustronnych - Instytut Polski w Budapeszcie","isPartOf":{"@id":"https:\/\/instytutpolski.pl\/budapest\/#website"},"primaryImageOfPage":{"@id":"https:\/\/instytutpolski.pl\/budapest\/pl\/fedezd-fel-lengyelorszagot\/stypendia-w-polsce\/stypendia-w-ramach-umow-dwustronnych\/#primaryimage"},"image":{"@id":"https:\/\/instytutpolski.pl\/budapest\/pl\/fedezd-fel-lengyelorszagot\/stypendia-w-polsce\/stypendia-w-ramach-umow-dwustronnych\/#primaryimage"},"thumbnailUrl":"https:\/\/instytutpolski.pl\/budapest\/wp-content\/uploads\/sites\/21\/2020\/05\/14214486902_06d92247c2_c.jpg","datePublished":"2019-07-03T07:03:30+00:00","dateModified":"2020-05-27T13:47:20+00:00","breadcrumb":{"@id":"https:\/\/instytutpolski.pl\/budapest\/pl\/fedezd-fel-lengyelorszagot\/stypendia-w-polsce\/stypendia-w-ramach-umow-dwustronnych\/#breadcrumb"},"inLanguage":"pl-PL","potentialAction":[{"@type":"ReadAction","target":["https:\/\/instytutpolski.pl\/budapest\/pl\/fedezd-fel-lengyelorszagot\/stypendia-w-polsce\/stypendia-w-ramach-umow-dwustronnych\/"]}]},{"@type":"ImageObject","inLanguage":"pl-PL","@id":"https:\/\/instytutpolski.pl\/budapest\/pl\/fedezd-fel-lengyelorszagot\/stypendia-w-polsce\/stypendia-w-ramach-umow-dwustronnych\/#primaryimage","url":"https:\/\/instytutpolski.pl\/budapest\/wp-content\/uploads\/sites\/21\/2020\/05\/14214486902_06d92247c2_c.jpg","contentUrl":"https:\/\/instytutpolski.pl\/budapest\/wp-content\/uploads\/sites\/21\/2020\/05\/14214486902_06d92247c2_c.jpg","width":799,"height":533},{"@type":"BreadcrumbList","@id":"https:\/\/instytutpolski.pl\/budapest\/pl\/fedezd-fel-lengyelorszagot\/stypendia-w-polsce\/stypendia-w-ramach-umow-dwustronnych\/#breadcrumb","itemListElement":[{"@type":"ListItem","position":1,"name":"Home","item":"https:\/\/instytutpolski.pl\/budapest\/"},{"@type":"ListItem","position":2,"name":"Fedezd fel Lengyelorsz\u00e1got!","item":"https:\/\/instytutpolski.pl\/budapest\/pl\/fedezd-fel-lengyelorszagot\/"},{"@type":"ListItem","position":3,"name":"Stypendia w Polsce","item":"https:\/\/instytutpolski.pl\/budapest\/pl\/fedezd-fel-lengyelorszagot\/stypendia-w-polsce\/"},{"@type":"ListItem","position":4,"name":"Stypendia w ramach um\u00f3w dwustronnych"}]},{"@type":"WebSite","@id":"https:\/\/instytutpolski.pl\/budapest\/#website","url":"https:\/\/instytutpolski.pl\/budapest\/","name":"Instytut Polski w Budapeszcie","description":"Instytuty Polskie","potentialAction":[{"@type":"SearchAction","target":{"@type":"EntryPoint","urlTemplate":"https:\/\/instytutpolski.pl\/budapest\/?s={search_term_string}"},"query-input":{"@type":"PropertyValueSpecification","valueRequired":true,"valueName":"search_term_string"}}],"inLanguage":"pl-PL"}]}},"_links":{"self":[{"href":"https:\/\/instytutpolski.pl\/budapest\/wp-json\/wp\/v2\/pages\/1176","targetHints":{"allow":["GET"]}}],"collection":[{"href":"https:\/\/instytutpolski.pl\/budapest\/wp-json\/wp\/v2\/pages"}],"about":[{"href":"https:\/\/instytutpolski.pl\/budapest\/wp-json\/wp\/v2\/types\/page"}],"author":[{"embeddable":true,"href":"https:\/\/instytutpolski.pl\/budapest\/wp-json\/wp\/v2\/users\/1"}],"replies":[{"embeddable":true,"href":"https:\/\/instytutpolski.pl\/budapest\/wp-json\/wp\/v2\/comments?post=1176"}],"version-history":[{"count":4,"href":"https:\/\/instytutpolski.pl\/budapest\/wp-json\/wp\/v2\/pages\/1176\/revisions"}],"predecessor-version":[{"id":8506,"href":"https:\/\/instytutpolski.pl\/budapest\/wp-json\/wp\/v2\/pages\/1176\/revisions\/8506"}],"up":[{"embeddable":true,"href":"https:\/\/instytutpolski.pl\/budapest\/wp-json\/wp\/v2\/pages\/1161"}],"wp:featuredmedia":[{"embeddable":true,"href":"https:\/\/instytutpolski.pl\/budapest\/wp-json\/wp\/v2\/media\/8284"}],"wp:attachment":[{"href":"https:\/\/instytutpolski.pl\/budapest\/wp-json\/wp\/v2\/media?parent=1176"}],"curies":[{"name":"wp","href":"https:\/\/api.w.org\/{rel}","templated":true}]}}