{"id":11981,"date":"2021-05-06T13:35:55","date_gmt":"2021-05-06T11:35:55","guid":{"rendered":"https:\/\/instytutpolski.pl\/budapest\/?page_id=11981"},"modified":"2023-04-04T12:26:56","modified_gmt":"2023-04-04T10:26:56","slug":"nemzetkozi-palyazatok","status":"publish","type":"page","link":"https:\/\/instytutpolski.pl\/budapest\/nemzetkozi-palyazatok\/","title":{"rendered":"Nemzetk\u00f6zi p\u00e1ly\u00e1zatok"},"content":{"rendered":"\n<p style=\"text-align: justify\"><strong>A Lengyel K\u00f6zt\u00e1rsas\u00e1g Londoni Nagyk\u00f6vets\u00e9ge \u00e1ltal finansz\u00edrozott \u00e9s a Cambridge-i Egyetem Lauterpacht Centre for International Law \u00e1ltal ki\u00edrt Bohdan Winiarski \u00f6szt\u00f6nd\u00edj\u00a0<\/strong><\/p>\n<p><img loading=\"lazy\" decoding=\"async\" class=\"alignnone  wp-image-16778\" src=\"https:\/\/instytutpolski.pl\/budapest\/wp-content\/uploads\/sites\/21\/2023\/04\/winiarski_scholarship_soc_media_post_2024_webpage_icon-280x300.jpg\" alt=\"\" width=\"246\" height=\"264\" srcset=\"https:\/\/instytutpolski.pl\/budapest\/wp-content\/uploads\/sites\/21\/2023\/04\/winiarski_scholarship_soc_media_post_2024_webpage_icon-280x300.jpg 280w, https:\/\/instytutpolski.pl\/budapest\/wp-content\/uploads\/sites\/21\/2023\/04\/winiarski_scholarship_soc_media_post_2024_webpage_icon.jpg 704w\" sizes=\"auto, (max-width: 246px) 100vw, 246px\" \/><\/p>\n<p style=\"text-align: justify\">Az \u00f6szt\u00f6nd\u00edjra a V4-ek \u00e9s a Nyugat-Balk\u00e1n, valamint a keleti partners\u00e9g orsz\u00e1gaib\u00f3l sz\u00e1rmaz\u00f3 nemzetk\u00f6zi jog\u00e1szok p\u00e1ly\u00e1zhatnak. Minden egyes \u00f6szt\u00f6nd\u00edj a 8 hetes cambridge-i kutat\u00f3munka k\u00f6lts\u00e9geinek fedez\u00e9s\u00e9t foglalja mag\u00e1ban. Egy \u00f6szt\u00f6nd\u00edj \u00e9rt\u00e9ke 2600 font. Azok, akik a jelenlegi p\u00e1ly\u00e1zat eredm\u00e9nyek\u00e9nt \u00f6szt\u00f6nd\u00edjasok lesznek, 2024-ben kapnak \u00f6szt\u00f6nd\u00edjat kutat\u00e1suk elv\u00e9gz\u00e9s\u00e9hez. Bead\u00e1si hat\u00e1rid\u0151: 2023. j\u00fanius 12.<\/p>\n<p>B\u0151vebb inform\u00e1ci\u00f3: <a href=\"https:\/\/www.lcil.cam.ac.uk\/bohdan-winiarski-scholarship-international-law-2024\" target=\"_blank\" rel=\"noopener\">https:\/\/www.lcil.cam.ac.uk\/bohdan-winiarski-scholarship-international-law-2024<\/a><\/p>\n<p><strong>III.<\/strong> <strong>Nemzetk\u00f6zi Lengyel Zenei Verseny<\/strong><\/p>\n<p style=\"text-align: justify\">A lengyel Nemzeti Zene- \u00e9s T\u00e1ncint\u00e9zet harmadik alkalommal rendezi meg a <strong>Nemzetk\u00f6zi Lengyel Zenei Verseny<\/strong>t, amelynek 2023. j\u00falius 2-9. k\u00f6z\u00f6tt a rzesz\u00f3wi Artur Malawski Filharm\u00f3nia ad helyet.<\/p>\n<p style=\"text-align: justify\">Jelentkez\u00e9si hat\u00e1rid\u0151: 2023. febru\u00e1r 15.<\/p>\n<p><img loading=\"lazy\" decoding=\"async\" class=\"alignnone  wp-image-16336\" src=\"https:\/\/instytutpolski.pl\/budapest\/wp-content\/uploads\/sites\/21\/2023\/01\/Bez-tytulu-300x188.jpg\" alt=\"\" width=\"474\" height=\"297\" srcset=\"https:\/\/instytutpolski.pl\/budapest\/wp-content\/uploads\/sites\/21\/2023\/01\/Bez-tytulu-300x188.jpg 300w, https:\/\/instytutpolski.pl\/budapest\/wp-content\/uploads\/sites\/21\/2023\/01\/Bez-tytulu.jpg 450w\" sizes=\"auto, (max-width: 474px) 100vw, 474px\" \/><\/p>\n\n\n\n<p style=\"text-align: justify\">Az esem\u00e9ny a 19. \u00e9s 20. sz\u00e1zadi lengyel zen\u00e9t n\u00e9pszer\u0171s\u00edti vil\u00e1gszerte. A verseny c\u00e9lja tov\u00e1bb\u00e1, hogy t\u00e1mogassa azokat a tehets\u00e9ges zen\u00e9szeket, akik lengyel zeneszerz\u0151k kev\u00e9sb\u00e9 ismert m\u0171veit is felveszik reperto\u00e1rjukba. Ezt az egyed\u00fcl\u00e1ll\u00f3, kiz\u00e1r\u00f3lag a lengyel zen\u00e9nek szentelt esem\u00e9nyt 2019 \u00f3ta a kultur\u00e1lis \u00e9s nemzeti \u00f6r\u00f6ks\u00e9g miniszter\u00e9nek v\u00e9dn\u00f6ks\u00e9ge alatt rendezik meg.<\/p>\n\n\n\n<p style=\"text-align: justify\">A versenyre a vil\u00e1g minden t\u00e1j\u00e1r\u00f3l \u00e9rkez\u0151 zen\u00e9szek jelentkez\u00e9s\u00e9t v\u00e1rj\u00e1k, korhat\u00e1r n\u00e9lk\u00fcl, k\u00e9t kateg\u00f3ri\u00e1ban &#8211; zongorist\u00e1k \u00e9s kamaraegy\u00fcttesek (2-6 f\u0151s egy\u00fcttesek). A r\u00e9sztvev\u0151k a versenyki\u00edr\u00e1sban felsorolt hatvan lengyel zeneszerz\u0151 m\u0171vein k\u00edv\u00fcl m\u00e1s zeneszerz\u0151k m\u0171veit is bemutathatj\u00e1k. Kateg\u00f3ri\u00e1nk\u00e9nt hat f\u0151d\u00edjat osztanak ki.<\/p>\n<p>B\u0151vebben: <a href=\"https:\/\/polishmusiccompetition.pl\/\">https:\/\/polishmusiccompetition.pl\/<\/a><\/p>\n\n\n\n<hr class=\"wp-block-separator has-alpha-channel-opacity\" \/>\n\n\n\n<p><\/p>\n\n\n\n<p><strong>My Internet of the Future<\/strong><\/p>\n\n\n\n<figure class=\"wp-block-image size-large is-resized\"><img loading=\"lazy\" decoding=\"async\" src=\"https:\/\/instytutpolski.pl\/budapest\/wp-content\/uploads\/sites\/21\/2021\/09\/ENG_G1_Twitter_1200x675-1024x576.png\" alt=\"\" class=\"wp-image-13020\" width=\"538\" height=\"302\" srcset=\"https:\/\/instytutpolski.pl\/budapest\/wp-content\/uploads\/sites\/21\/2021\/09\/ENG_G1_Twitter_1200x675-1024x576.png 1024w, https:\/\/instytutpolski.pl\/budapest\/wp-content\/uploads\/sites\/21\/2021\/09\/ENG_G1_Twitter_1200x675-300x169.png 300w, https:\/\/instytutpolski.pl\/budapest\/wp-content\/uploads\/sites\/21\/2021\/09\/ENG_G1_Twitter_1200x675-768x432.png 768w, https:\/\/instytutpolski.pl\/budapest\/wp-content\/uploads\/sites\/21\/2021\/09\/ENG_G1_Twitter_1200x675-1120x630.png 1120w, https:\/\/instytutpolski.pl\/budapest\/wp-content\/uploads\/sites\/21\/2021\/09\/ENG_G1_Twitter_1200x675.png 1200w\" sizes=\"auto, (max-width: 538px) 100vw, 538px\" \/><\/figure>\n\n\n\n<p style=\"text-align: justify\"><strong>\u201eA j\u00f6v\u0151 Internete\u201d \u2013 \u00edrj, k\u00e9sz\u00edts filmet, rajzolj \u00e9s nyerj!<\/strong><\/p>\n<p style=\"text-align: justify\">A 78 000 PLN \u00f6sszd\u00edjaz\u00e1s\u00fa &#8222;A j\u00f6v\u0151 Internete&#8221; c\u00edm\u0171 p\u00e1ly\u00e1zat az ENSZ Digit\u00e1lis Cs\u00facstal\u00e1lkoz\u00f3ja keret\u00e9n bel\u00fcl ker\u00fcl megrendez\u00e9sre #IGF2021. A p\u00e1ly\u00e1zatok bead\u00e1si hat\u00e1rideje: 2021. okt\u00f3ber 8.<\/p>\n<p style=\"text-align: justify\">Hogyan fog m\u0171k\u00f6dni a j\u00f6v\u0151ben az Internet? Biztons\u00e1gos lesz? Fejl\u0151d\u00e9se n\u00f6veli vagy cs\u00f6kkenti az emberek k\u00f6z\u00f6tti kapcsolatokat? A p\u00e1ly\u00e1zat ezekre a k\u00e9rd\u00e9sekre keresi a v\u00e1laszt.. Tervezzetek plak\u00e1tot, k\u00e9sz\u00edtsetek filmet, vagy \u00edrjatok egy essz\u00e9t! A p\u00e1ly\u00e1zaton 18-28 \u00e9v k\u00f6z\u00f6tti fiatalok vehetnek r\u00e9szt.<\/p>\n<p style=\"text-align: justify\">B\u0151vebb inform\u00e1ci\u00f3:&nbsp;<a href=\"https:\/\/www.gov.pl\/web\/igf2021award\" target=\"_blank\" rel=\"noreferrer noopener\">https:\/\/www.gov.pl\/web\/igf2021award<\/a><\/p>\n\n\n\n<p><\/p>\n\n\n\n<hr class=\"wp-block-separator has-css-opacity\" \/>\n\n\n\n<p><strong>Wac\u0142aw Felczak \u00e9s Henryk Wereszycki p\u00e1ly\u00e1zat<\/strong><\/p>\n\n\n\n<figure class=\"wp-block-image size-large is-resized\"><img loading=\"lazy\" decoding=\"async\" src=\"https:\/\/instytutpolski.pl\/budapest\/wp-content\/uploads\/sites\/21\/2021\/07\/wif_20111-1024x922.jpg\" alt=\"\" class=\"wp-image-12710\" width=\"382\" height=\"344\" srcset=\"https:\/\/instytutpolski.pl\/budapest\/wp-content\/uploads\/sites\/21\/2021\/07\/wif_20111-1024x922.jpg 1024w, https:\/\/instytutpolski.pl\/budapest\/wp-content\/uploads\/sites\/21\/2021\/07\/wif_20111-300x270.jpg 300w, https:\/\/instytutpolski.pl\/budapest\/wp-content\/uploads\/sites\/21\/2021\/07\/wif_20111-768x691.jpg 768w, https:\/\/instytutpolski.pl\/budapest\/wp-content\/uploads\/sites\/21\/2021\/07\/wif_20111-1536x1382.jpg 1536w, https:\/\/instytutpolski.pl\/budapest\/wp-content\/uploads\/sites\/21\/2021\/07\/wif_20111.jpg 2000w\" sizes=\"auto, (max-width: 382px) 100vw, 382px\" \/><\/figure>\n\n\n\n<p>&nbsp;A Wac\u0142aw Felczak \u00e9s Henryk Wereszycki D\u00edjat 2001-ben alap\u00edtotta a Lengyel T\u00f6rt\u00e9nelmi T\u00e1rsas\u00e1g \u00e9s a Jagell\u00f3i Egyetem T\u00f6rt\u00e9nelem Tansz\u00e9ke. A krakk\u00f3i alap\u00edt\u00e1s\u00fa d\u00edjjal a k\u00f6z\u00e9p-kelet-eur\u00f3pai t\u00f6rt\u00e9nelemmel foglalkoz\u00f3 szerz\u0151ket jutalmazz\u00e1k.  <\/p>\n\n\n\n<p>B\u0151vebb inform\u00e1ci\u00f3: <a href=\"http:\/\/www.pth.krakow.pl\/index.php?site=konkurs_wereszycki\">http:\/\/www.pth.krakow.pl\/index.php?site=konkurs_wereszycki<\/a>  <\/p>\n\n\n\n<hr class=\"wp-block-separator has-css-opacity is-style-wide\" \/>\n\n\n\n<p><strong>Stanis\u0142aw Moniuszko Nemzetk\u00f6zi Lengyel Zenei Verseny<\/strong>  &#8211; zongorist\u00e1k \u00e9s kamarazenekarok r\u00e9sz\u00e9re<\/p>\n\n\n\n<figure class=\"wp-block-image size-large is-resized\"><img loading=\"lazy\" decoding=\"async\" src=\"https:\/\/instytutpolski.pl\/budapest\/wp-content\/uploads\/sites\/21\/2021\/05\/MONIUSZKO_portret_podstawa6.png\" alt=\"\" class=\"wp-image-11996\" width=\"339\" height=\"284\" srcset=\"https:\/\/instytutpolski.pl\/budapest\/wp-content\/uploads\/sites\/21\/2021\/05\/MONIUSZKO_portret_podstawa6.png 940w, https:\/\/instytutpolski.pl\/budapest\/wp-content\/uploads\/sites\/21\/2021\/05\/MONIUSZKO_portret_podstawa6-300x251.png 300w, https:\/\/instytutpolski.pl\/budapest\/wp-content\/uploads\/sites\/21\/2021\/05\/MONIUSZKO_portret_podstawa6-768x644.png 768w\" sizes=\"auto, (max-width: 339px) 100vw, 339px\" \/><\/figure>\n\n\n\n<figure class=\"wp-block-image size-large is-resized\"><img loading=\"lazy\" decoding=\"async\" src=\"https:\/\/instytutpolski.pl\/budapest\/wp-content\/uploads\/sites\/21\/2021\/05\/2ICoPM_new_deadline_banner_ENG-1024x433.png\" alt=\"\" class=\"wp-image-11998\" width=\"491\" height=\"208\" srcset=\"https:\/\/instytutpolski.pl\/budapest\/wp-content\/uploads\/sites\/21\/2021\/05\/2ICoPM_new_deadline_banner_ENG-1024x433.png 1024w, https:\/\/instytutpolski.pl\/budapest\/wp-content\/uploads\/sites\/21\/2021\/05\/2ICoPM_new_deadline_banner_ENG-300x127.png 300w, https:\/\/instytutpolski.pl\/budapest\/wp-content\/uploads\/sites\/21\/2021\/05\/2ICoPM_new_deadline_banner_ENG-768x324.png 768w, https:\/\/instytutpolski.pl\/budapest\/wp-content\/uploads\/sites\/21\/2021\/05\/2ICoPM_new_deadline_banner_ENG-1536x649.png 1536w, https:\/\/instytutpolski.pl\/budapest\/wp-content\/uploads\/sites\/21\/2021\/05\/2ICoPM_new_deadline_banner_ENG.png 1600w\" sizes=\"auto, (max-width: 491px) 100vw, 491px\" \/><\/figure>\n\n\n\n<p><strong>P\u00e1ly\u00e1zat-beny\u00fajt\u00e1si hat\u00e1rid\u0151: 2021. m\u00e1jus 31. <\/strong><\/p>\n\n\n\n<p>Let\u00f6lthet\u0151 angol nyelv\u0171 inform\u00e1ci\u00f3:<\/p>\n\n\n\n<div class=\"wp-block-file\"><a id=\"wp-block-file--media-af0a44bb-734b-4c96-8aa7-c287a3cef467\" href=\"https:\/\/instytutpolski.pl\/budapest\/wp-content\/uploads\/sites\/21\/2021\/05\/IMiT_2ndICoPM_press-release_30.04.2021.docx\">IMiT_2ndICoPM_press-release_30.04.2021<\/a><a href=\"https:\/\/instytutpolski.pl\/budapest\/wp-content\/uploads\/sites\/21\/2021\/05\/IMiT_2ndICoPM_press-release_30.04.2021.docx\" class=\"wp-block-file__button\" download aria-describedby=\"wp-block-file--media-af0a44bb-734b-4c96-8aa7-c287a3cef467\">Pobierz<\/a><\/div>\n\n\n\n<p><\/p>\n\n\n\n<hr \/>\n<p><strong>13. Micha\u0142 Spisak Zenei P\u00e1ly\u00e1zat &#8211; oboa, klarin\u00e9t, fagott<\/strong><\/p>\n\n\n\n<div class=\"wp-block-group\"><div class=\"wp-block-group__inner-container is-layout-flow wp-block-group-is-layout-flow\">\n<figure class=\"wp-block-image size-large is-resized\"><img loading=\"lazy\" decoding=\"async\" src=\"https:\/\/instytutpolski.pl\/budapest\/wp-content\/uploads\/sites\/21\/2021\/05\/KonkursSpisaka_21_pr.jpg\" alt=\"\" class=\"wp-image-11987\" width=\"267\" height=\"382\" srcset=\"https:\/\/instytutpolski.pl\/budapest\/wp-content\/uploads\/sites\/21\/2021\/05\/KonkursSpisaka_21_pr.jpg 630w, https:\/\/instytutpolski.pl\/budapest\/wp-content\/uploads\/sites\/21\/2021\/05\/KonkursSpisaka_21_pr-210x300.jpg 210w\" sizes=\"auto, (max-width: 267px) 100vw, 267px\" \/><\/figure>\n<\/div><\/div>\n\n\n\n<p>P\u00e1ly\u00e1zat a 30. \u00e9let\u00e9v\u00fcket be nem t\u00f6lt\u00f6tt obo\u00e1n, klarin\u00e9ton vagy fagotton j\u00e1tsz\u00f3 zen\u00e9szek sz\u00e1m\u00e1ra. <\/p>\n\n\n\n<p><strong>P\u00e1ly\u00e1zat-beny\u00fajt\u00e1si hat\u00e1rid\u0151: 2021. j\u00fanius 14. <\/strong><\/p>\n\n\n\n<p>B\u0151vebb inform\u00e1ci\u00f3: <a href=\"https:\/\/spisakcompetition.com\/now-you-can-apply-to-the-competition\/\">https:\/\/spisakcompetition.com\/now-you-can-apply-to-the-competition\/<\/a><\/p>\n\n\n\n<hr class=\"wp-block-separator has-css-opacity is-style-wide\" \/>\n\n\n\n<p><strong>XIV. Golden Pointe Shoes nemzetk\u00f6zi balettverseny<\/strong> \/ online<\/p>\n\n\n\n<p><strong>Id\u0151pont: 2021. 06. 18-20.<\/strong><\/p>\n\n\n\n<figure class=\"wp-block-image size-large is-resized\"><img loading=\"lazy\" decoding=\"async\" src=\"https:\/\/instytutpolski.pl\/budapest\/wp-content\/uploads\/sites\/21\/2021\/05\/thumbnail_POSTER-Golden-Pointe-Shoes-2021-Online_v.-EN-723x1024.png\" alt=\"\" class=\"wp-image-12159\" width=\"287\" height=\"406\" srcset=\"https:\/\/instytutpolski.pl\/budapest\/wp-content\/uploads\/sites\/21\/2021\/05\/thumbnail_POSTER-Golden-Pointe-Shoes-2021-Online_v.-EN-723x1024.png 723w, https:\/\/instytutpolski.pl\/budapest\/wp-content\/uploads\/sites\/21\/2021\/05\/thumbnail_POSTER-Golden-Pointe-Shoes-2021-Online_v.-EN-212x300.png 212w, https:\/\/instytutpolski.pl\/budapest\/wp-content\/uploads\/sites\/21\/2021\/05\/thumbnail_POSTER-Golden-Pointe-Shoes-2021-Online_v.-EN-768x1087.png 768w, https:\/\/instytutpolski.pl\/budapest\/wp-content\/uploads\/sites\/21\/2021\/05\/thumbnail_POSTER-Golden-Pointe-Shoes-2021-Online_v.-EN.png 904w\" sizes=\"auto, (max-width: 287px) 100vw, 287px\" \/><\/figure>\n\n\n\n<p>B\u0151vebb inform\u00e1ci\u00f3: <a href=\"http:\/\/goldenpointeshoes.com\/en\/\">http:\/\/goldenpointeshoes.com\/en\/<\/a><\/p>\n\n\n\n<p>Let\u00f6lthet\u0151 angol nyelv\u0171 inform\u00e1ci\u00f3:<\/p>\n\n\n\n<div class=\"wp-block-file\"><a id=\"wp-block-file--media-5662ac56-c84f-48f8-96f0-5e1a20328290\" href=\"https:\/\/instytutpolski.pl\/budapest\/wp-content\/uploads\/sites\/21\/2021\/05\/Golden-Pointe-Shoes-2021-Online_v.-EN.docx\">Golden-Pointe-Shoes-2021-Online_v.-EN<\/a><a href=\"https:\/\/instytutpolski.pl\/budapest\/wp-content\/uploads\/sites\/21\/2021\/05\/Golden-Pointe-Shoes-2021-Online_v.-EN.docx\" class=\"wp-block-file__button\" download aria-describedby=\"wp-block-file--media-5662ac56-c84f-48f8-96f0-5e1a20328290\">Pobierz<\/a><\/div>\n","protected":false},"excerpt":{"rendered":"<p>A Lengyel K\u00f6zt\u00e1rsas\u00e1g Londoni Nagyk\u00f6vets\u00e9ge \u00e1ltal finansz\u00edrozott \u00e9s a Cambridge-i Egyetem Lauterpacht Centre for International Law \u00e1ltal ki\u00edrt Bohdan Winiarski \u00f6szt\u00f6nd\u00edj\u00a0 Az \u00f6szt\u00f6nd\u00edjra a V4-ek \u00e9s a Nyugat-Balk\u00e1n, valamint a keleti partners\u00e9g orsz\u00e1gaib\u00f3l sz\u00e1rmaz\u00f3 nemzetk\u00f6zi jog\u00e1szok p\u00e1ly\u00e1zhatnak. Minden egyes \u00f6szt\u00f6nd\u00edj a 8 hetes cambridge-i kutat\u00f3munka k\u00f6lts\u00e9geinek fedez\u00e9s\u00e9t foglalja mag\u00e1ban. Egy \u00f6szt\u00f6nd\u00edj \u00e9rt\u00e9ke 2600 font. Azok, [&hellip;]<\/p>\n","protected":false},"author":137,"featured_media":8284,"parent":0,"menu_order":0,"comment_status":"closed","ping_status":"closed","template":"","meta":{"inline_featured_image":false,"_monsterinsights_skip_tracking":false,"_monsterinsights_sitenote_active":false,"_monsterinsights_sitenote_note":"","_monsterinsights_sitenote_category":0,"footnotes":""},"class_list":["post-11981","page","type-page","status-publish","has-post-thumbnail","hentry"],"yoast_head":"<!-- This site is optimized with the Yoast SEO plugin v24.6 - https:\/\/yoast.com\/wordpress\/plugins\/seo\/ -->\n<title>Nemzetk\u00f6zi p\u00e1ly\u00e1zatok - Instytut Polski w Budapeszcie<\/title>\n<meta name=\"robots\" content=\"index, follow, max-snippet:-1, max-image-preview:large, max-video-preview:-1\" \/>\n<link rel=\"canonical\" href=\"https:\/\/instytutpolski.pl\/budapest\/nemzetkozi-palyazatok\/\" \/>\n<meta property=\"og:locale\" content=\"pl_PL\" \/>\n<meta property=\"og:type\" content=\"article\" \/>\n<meta property=\"og:title\" content=\"Nemzetk\u00f6zi p\u00e1ly\u00e1zatok - Instytut Polski w Budapeszcie\" \/>\n<meta property=\"og:description\" content=\"A Lengyel K\u00f6zt\u00e1rsas\u00e1g Londoni Nagyk\u00f6vets\u00e9ge \u00e1ltal finansz\u00edrozott \u00e9s a Cambridge-i Egyetem Lauterpacht Centre for International Law \u00e1ltal ki\u00edrt Bohdan Winiarski \u00f6szt\u00f6nd\u00edj\u00a0 Az \u00f6szt\u00f6nd\u00edjra a V4-ek \u00e9s a Nyugat-Balk\u00e1n, valamint a keleti partners\u00e9g orsz\u00e1gaib\u00f3l sz\u00e1rmaz\u00f3 nemzetk\u00f6zi jog\u00e1szok p\u00e1ly\u00e1zhatnak. Minden egyes \u00f6szt\u00f6nd\u00edj a 8 hetes cambridge-i kutat\u00f3munka k\u00f6lts\u00e9geinek fedez\u00e9s\u00e9t foglalja mag\u00e1ban. Egy \u00f6szt\u00f6nd\u00edj \u00e9rt\u00e9ke 2600 font. Azok, [&hellip;]\" \/>\n<meta property=\"og:url\" content=\"https:\/\/instytutpolski.pl\/budapest\/nemzetkozi-palyazatok\/\" \/>\n<meta property=\"og:site_name\" content=\"Instytut Polski w Budapeszcie\" \/>\n<meta property=\"article:modified_time\" content=\"2023-04-04T10:26:56+00:00\" \/>\n<meta property=\"og:image\" content=\"https:\/\/instytutpolski.pl\/budapest\/wp-content\/uploads\/sites\/21\/2020\/05\/14214486902_06d92247c2_c.jpg\" \/>\n\t<meta property=\"og:image:width\" content=\"799\" \/>\n\t<meta property=\"og:image:height\" content=\"533\" \/>\n\t<meta property=\"og:image:type\" content=\"image\/jpeg\" \/>\n<meta name=\"twitter:card\" content=\"summary_large_image\" \/>\n<meta name=\"twitter:label1\" content=\"Szacowany czas czytania\" \/>\n\t<meta name=\"twitter:data1\" content=\"5 minut\" \/>\n<script type=\"application\/ld+json\" class=\"yoast-schema-graph\">{\"@context\":\"https:\/\/schema.org\",\"@graph\":[{\"@type\":\"WebPage\",\"@id\":\"https:\/\/instytutpolski.pl\/budapest\/nemzetkozi-palyazatok\/\",\"url\":\"https:\/\/instytutpolski.pl\/budapest\/nemzetkozi-palyazatok\/\",\"name\":\"Nemzetk\u00f6zi p\u00e1ly\u00e1zatok - Instytut Polski w Budapeszcie\",\"isPartOf\":{\"@id\":\"https:\/\/instytutpolski.pl\/budapest\/#website\"},\"primaryImageOfPage\":{\"@id\":\"https:\/\/instytutpolski.pl\/budapest\/nemzetkozi-palyazatok\/#primaryimage\"},\"image\":{\"@id\":\"https:\/\/instytutpolski.pl\/budapest\/nemzetkozi-palyazatok\/#primaryimage\"},\"thumbnailUrl\":\"https:\/\/instytutpolski.pl\/budapest\/wp-content\/uploads\/sites\/21\/2020\/05\/14214486902_06d92247c2_c.jpg\",\"datePublished\":\"2021-05-06T11:35:55+00:00\",\"dateModified\":\"2023-04-04T10:26:56+00:00\",\"breadcrumb\":{\"@id\":\"https:\/\/instytutpolski.pl\/budapest\/nemzetkozi-palyazatok\/#breadcrumb\"},\"inLanguage\":\"pl-PL\",\"potentialAction\":[{\"@type\":\"ReadAction\",\"target\":[\"https:\/\/instytutpolski.pl\/budapest\/nemzetkozi-palyazatok\/\"]}]},{\"@type\":\"ImageObject\",\"inLanguage\":\"pl-PL\",\"@id\":\"https:\/\/instytutpolski.pl\/budapest\/nemzetkozi-palyazatok\/#primaryimage\",\"url\":\"https:\/\/instytutpolski.pl\/budapest\/wp-content\/uploads\/sites\/21\/2020\/05\/14214486902_06d92247c2_c.jpg\",\"contentUrl\":\"https:\/\/instytutpolski.pl\/budapest\/wp-content\/uploads\/sites\/21\/2020\/05\/14214486902_06d92247c2_c.jpg\",\"width\":799,\"height\":533},{\"@type\":\"BreadcrumbList\",\"@id\":\"https:\/\/instytutpolski.pl\/budapest\/nemzetkozi-palyazatok\/#breadcrumb\",\"itemListElement\":[{\"@type\":\"ListItem\",\"position\":1,\"name\":\"Home\",\"item\":\"https:\/\/instytutpolski.pl\/budapest\/\"},{\"@type\":\"ListItem\",\"position\":2,\"name\":\"Nemzetk\u00f6zi p\u00e1ly\u00e1zatok\"}]},{\"@type\":\"WebSite\",\"@id\":\"https:\/\/instytutpolski.pl\/budapest\/#website\",\"url\":\"https:\/\/instytutpolski.pl\/budapest\/\",\"name\":\"Instytut Polski w Budapeszcie\",\"description\":\"Instytuty Polskie\",\"potentialAction\":[{\"@type\":\"SearchAction\",\"target\":{\"@type\":\"EntryPoint\",\"urlTemplate\":\"https:\/\/instytutpolski.pl\/budapest\/?s={search_term_string}\"},\"query-input\":{\"@type\":\"PropertyValueSpecification\",\"valueRequired\":true,\"valueName\":\"search_term_string\"}}],\"inLanguage\":\"pl-PL\"}]}<\/script>\n<!-- \/ Yoast SEO plugin. -->","yoast_head_json":{"title":"Nemzetk\u00f6zi p\u00e1ly\u00e1zatok - Instytut Polski w Budapeszcie","robots":{"index":"index","follow":"follow","max-snippet":"max-snippet:-1","max-image-preview":"max-image-preview:large","max-video-preview":"max-video-preview:-1"},"canonical":"https:\/\/instytutpolski.pl\/budapest\/nemzetkozi-palyazatok\/","og_locale":"pl_PL","og_type":"article","og_title":"Nemzetk\u00f6zi p\u00e1ly\u00e1zatok - Instytut Polski w Budapeszcie","og_description":"A Lengyel K\u00f6zt\u00e1rsas\u00e1g Londoni Nagyk\u00f6vets\u00e9ge \u00e1ltal finansz\u00edrozott \u00e9s a Cambridge-i Egyetem Lauterpacht Centre for International Law \u00e1ltal ki\u00edrt Bohdan Winiarski \u00f6szt\u00f6nd\u00edj\u00a0 Az \u00f6szt\u00f6nd\u00edjra a V4-ek \u00e9s a Nyugat-Balk\u00e1n, valamint a keleti partners\u00e9g orsz\u00e1gaib\u00f3l sz\u00e1rmaz\u00f3 nemzetk\u00f6zi jog\u00e1szok p\u00e1ly\u00e1zhatnak. Minden egyes \u00f6szt\u00f6nd\u00edj a 8 hetes cambridge-i kutat\u00f3munka k\u00f6lts\u00e9geinek fedez\u00e9s\u00e9t foglalja mag\u00e1ban. Egy \u00f6szt\u00f6nd\u00edj \u00e9rt\u00e9ke 2600 font. Azok, [&hellip;]","og_url":"https:\/\/instytutpolski.pl\/budapest\/nemzetkozi-palyazatok\/","og_site_name":"Instytut Polski w Budapeszcie","article_modified_time":"2023-04-04T10:26:56+00:00","og_image":[{"width":799,"height":533,"url":"https:\/\/instytutpolski.pl\/budapest\/wp-content\/uploads\/sites\/21\/2020\/05\/14214486902_06d92247c2_c.jpg","type":"image\/jpeg"}],"twitter_card":"summary_large_image","twitter_misc":{"Szacowany czas czytania":"5 minut"},"schema":{"@context":"https:\/\/schema.org","@graph":[{"@type":"WebPage","@id":"https:\/\/instytutpolski.pl\/budapest\/nemzetkozi-palyazatok\/","url":"https:\/\/instytutpolski.pl\/budapest\/nemzetkozi-palyazatok\/","name":"Nemzetk\u00f6zi p\u00e1ly\u00e1zatok - Instytut Polski w Budapeszcie","isPartOf":{"@id":"https:\/\/instytutpolski.pl\/budapest\/#website"},"primaryImageOfPage":{"@id":"https:\/\/instytutpolski.pl\/budapest\/nemzetkozi-palyazatok\/#primaryimage"},"image":{"@id":"https:\/\/instytutpolski.pl\/budapest\/nemzetkozi-palyazatok\/#primaryimage"},"thumbnailUrl":"https:\/\/instytutpolski.pl\/budapest\/wp-content\/uploads\/sites\/21\/2020\/05\/14214486902_06d92247c2_c.jpg","datePublished":"2021-05-06T11:35:55+00:00","dateModified":"2023-04-04T10:26:56+00:00","breadcrumb":{"@id":"https:\/\/instytutpolski.pl\/budapest\/nemzetkozi-palyazatok\/#breadcrumb"},"inLanguage":"pl-PL","potentialAction":[{"@type":"ReadAction","target":["https:\/\/instytutpolski.pl\/budapest\/nemzetkozi-palyazatok\/"]}]},{"@type":"ImageObject","inLanguage":"pl-PL","@id":"https:\/\/instytutpolski.pl\/budapest\/nemzetkozi-palyazatok\/#primaryimage","url":"https:\/\/instytutpolski.pl\/budapest\/wp-content\/uploads\/sites\/21\/2020\/05\/14214486902_06d92247c2_c.jpg","contentUrl":"https:\/\/instytutpolski.pl\/budapest\/wp-content\/uploads\/sites\/21\/2020\/05\/14214486902_06d92247c2_c.jpg","width":799,"height":533},{"@type":"BreadcrumbList","@id":"https:\/\/instytutpolski.pl\/budapest\/nemzetkozi-palyazatok\/#breadcrumb","itemListElement":[{"@type":"ListItem","position":1,"name":"Home","item":"https:\/\/instytutpolski.pl\/budapest\/"},{"@type":"ListItem","position":2,"name":"Nemzetk\u00f6zi p\u00e1ly\u00e1zatok"}]},{"@type":"WebSite","@id":"https:\/\/instytutpolski.pl\/budapest\/#website","url":"https:\/\/instytutpolski.pl\/budapest\/","name":"Instytut Polski w Budapeszcie","description":"Instytuty Polskie","potentialAction":[{"@type":"SearchAction","target":{"@type":"EntryPoint","urlTemplate":"https:\/\/instytutpolski.pl\/budapest\/?s={search_term_string}"},"query-input":{"@type":"PropertyValueSpecification","valueRequired":true,"valueName":"search_term_string"}}],"inLanguage":"pl-PL"}]}},"_links":{"self":[{"href":"https:\/\/instytutpolski.pl\/budapest\/wp-json\/wp\/v2\/pages\/11981","targetHints":{"allow":["GET"]}}],"collection":[{"href":"https:\/\/instytutpolski.pl\/budapest\/wp-json\/wp\/v2\/pages"}],"about":[{"href":"https:\/\/instytutpolski.pl\/budapest\/wp-json\/wp\/v2\/types\/page"}],"author":[{"embeddable":true,"href":"https:\/\/instytutpolski.pl\/budapest\/wp-json\/wp\/v2\/users\/137"}],"replies":[{"embeddable":true,"href":"https:\/\/instytutpolski.pl\/budapest\/wp-json\/wp\/v2\/comments?post=11981"}],"version-history":[{"count":21,"href":"https:\/\/instytutpolski.pl\/budapest\/wp-json\/wp\/v2\/pages\/11981\/revisions"}],"predecessor-version":[{"id":16782,"href":"https:\/\/instytutpolski.pl\/budapest\/wp-json\/wp\/v2\/pages\/11981\/revisions\/16782"}],"wp:featuredmedia":[{"embeddable":true,"href":"https:\/\/instytutpolski.pl\/budapest\/wp-json\/wp\/v2\/media\/8284"}],"wp:attachment":[{"href":"https:\/\/instytutpolski.pl\/budapest\/wp-json\/wp\/v2\/media?parent=11981"}],"curies":[{"name":"wp","href":"https:\/\/api.w.org\/{rel}","templated":true}]}}