{"id":1205,"date":"2020-05-14T09:08:13","date_gmt":"2020-05-14T07:08:13","guid":{"rendered":"https:\/\/instytutpolski.pl\/budapeszt\/?page_id=1205"},"modified":"2020-05-31T14:21:26","modified_gmt":"2020-05-31T12:21:26","slug":"tanulmanyok-lengyelorszagban","status":"publish","type":"page","link":"https:\/\/instytutpolski.pl\/budapest\/fedezd-fel-lengyelorszagot\/tanulmanyok-lengyelorszagban\/","title":{"rendered":"Tudom\u00e1ny"},"content":{"rendered":"\n<p><strong>A lengyel tud\u00f3sok \u00e1tt\u00f6r\u00e9st hoz\u00f3 felfedez\u00e9seikr\u0151l \u00e9s tal\u00e1lm\u00e1nyaikr\u00f3l ismertek. Ismerj meg n\u00e9h\u00e1nyat k\u00f6z\u00fcl\u00fck, \u00e9s tudj meg t\u00f6bbet munk\u00e1ss\u00e1gukr\u00f3l:<\/strong><\/p>\n\n\n\n<p><a href=\"https:\/\/nawa.gov.pl\/images\/zdjecia\/ResearchinPoland\/Science_in_Poland_v1.25a-www.pdf\">https:\/\/nawa.gov.pl\/images\/zdjecia\/ResearchinPoland\/Science_in_Poland_v1.25a-www.pdf<\/a><\/p>\n\n\n\n<figure class=\"wp-block-embed-youtube wp-block-embed is-type-video is-provider-youtube wp-embed-aspect-16-9 wp-has-aspect-ratio\"><div class=\"wp-block-embed__wrapper\">\nhttps:\/\/youtu.be\/DQY_WY46I20\n<\/div><\/figure>\n\n\n\n<p><strong>B\u0151vebben:<\/strong><\/p>\n\n\n\n<p><a href=\"https:\/\/nawa.gov.pl\/en\/researchinpoland\">https:\/\/nawa.gov.pl\/en\/researchinpoland<\/a><\/p>\n\n\n\n<p><a href=\"https:\/\/www.gov.pl\/web\/science\">https:\/\/www.gov.pl\/web\/science<\/a><\/p>\n\n\n\n<p><a href=\"https:\/\/poland.pl\/science\/famous-scientists\/\">https:\/\/poland.pl\/science\/famous-scientists\/<\/a><\/p>\n","protected":false},"excerpt":{"rendered":"<p>A lengyel tud\u00f3sok \u00e1tt\u00f6r\u00e9st hoz\u00f3 felfedez\u00e9seikr\u0151l \u00e9s tal\u00e1lm\u00e1nyaikr\u00f3l ismertek. Ismerj meg n\u00e9h\u00e1nyat k\u00f6z\u00fcl\u00fck, \u00e9s tudj meg t\u00f6bbet munk\u00e1ss\u00e1gukr\u00f3l: https:\/\/nawa.gov.pl\/images\/zdjecia\/ResearchinPoland\/Science_in_Poland_v1.25a-www.pdf B\u0151vebben: https:\/\/nawa.gov.pl\/en\/researchinpoland https:\/\/www.gov.pl\/web\/science https:\/\/poland.pl\/science\/famous-scientists\/<\/p>\n","protected":false},"author":1,"featured_media":1200,"parent":1149,"menu_order":0,"comment_status":"closed","ping_status":"closed","template":"","meta":{"inline_featured_image":false,"_monsterinsights_skip_tracking":false,"_monsterinsights_sitenote_active":false,"_monsterinsights_sitenote_note":"","_monsterinsights_sitenote_category":0,"footnotes":""},"class_list":["post-1205","page","type-page","status-publish","has-post-thumbnail","hentry"],"yoast_head":"<!-- This site is optimized with the Yoast SEO plugin v24.6 - https:\/\/yoast.com\/wordpress\/plugins\/seo\/ -->\n<title>Tudom\u00e1ny - Instytut Polski w Budapeszcie<\/title>\n<meta name=\"robots\" content=\"index, follow, max-snippet:-1, max-image-preview:large, max-video-preview:-1\" \/>\n<link rel=\"canonical\" href=\"https:\/\/instytutpolski.pl\/budapest\/fedezd-fel-lengyelorszagot\/tanulmanyok-lengyelorszagban\/\" \/>\n<meta property=\"og:locale\" content=\"pl_PL\" \/>\n<meta property=\"og:type\" content=\"article\" \/>\n<meta property=\"og:title\" content=\"Tudom\u00e1ny - Instytut Polski w Budapeszcie\" \/>\n<meta property=\"og:description\" content=\"A lengyel tud\u00f3sok \u00e1tt\u00f6r\u00e9st hoz\u00f3 felfedez\u00e9seikr\u0151l \u00e9s tal\u00e1lm\u00e1nyaikr\u00f3l ismertek. Ismerj meg n\u00e9h\u00e1nyat k\u00f6z\u00fcl\u00fck, \u00e9s tudj meg t\u00f6bbet munk\u00e1ss\u00e1gukr\u00f3l: https:\/\/nawa.gov.pl\/images\/zdjecia\/ResearchinPoland\/Science_in_Poland_v1.25a-www.pdf B\u0151vebben: https:\/\/nawa.gov.pl\/en\/researchinpoland https:\/\/www.gov.pl\/web\/science https:\/\/poland.pl\/science\/famous-scientists\/\" \/>\n<meta property=\"og:url\" content=\"https:\/\/instytutpolski.pl\/budapest\/fedezd-fel-lengyelorszagot\/tanulmanyok-lengyelorszagban\/\" \/>\n<meta property=\"og:site_name\" content=\"Instytut Polski w Budapeszcie\" \/>\n<meta property=\"article:modified_time\" content=\"2020-05-31T12:21:26+00:00\" \/>\n<meta property=\"og:image\" content=\"https:\/\/instytutpolski.pl\/budapest\/wp-content\/uploads\/sites\/21\/2019\/07\/nauka-w-polsce.jpg\" \/>\n\t<meta property=\"og:image:width\" content=\"1920\" \/>\n\t<meta property=\"og:image:height\" content=\"700\" \/>\n\t<meta property=\"og:image:type\" content=\"image\/jpeg\" \/>\n<meta name=\"twitter:card\" content=\"summary_large_image\" \/>\n<script type=\"application\/ld+json\" class=\"yoast-schema-graph\">{\"@context\":\"https:\/\/schema.org\",\"@graph\":[{\"@type\":\"WebPage\",\"@id\":\"https:\/\/instytutpolski.pl\/budapest\/fedezd-fel-lengyelorszagot\/tanulmanyok-lengyelorszagban\/\",\"url\":\"https:\/\/instytutpolski.pl\/budapest\/fedezd-fel-lengyelorszagot\/tanulmanyok-lengyelorszagban\/\",\"name\":\"Tudom\u00e1ny - Instytut Polski w Budapeszcie\",\"isPartOf\":{\"@id\":\"https:\/\/instytutpolski.pl\/budapest\/#website\"},\"primaryImageOfPage\":{\"@id\":\"https:\/\/instytutpolski.pl\/budapest\/fedezd-fel-lengyelorszagot\/tanulmanyok-lengyelorszagban\/#primaryimage\"},\"image\":{\"@id\":\"https:\/\/instytutpolski.pl\/budapest\/fedezd-fel-lengyelorszagot\/tanulmanyok-lengyelorszagban\/#primaryimage\"},\"thumbnailUrl\":\"https:\/\/instytutpolski.pl\/budapest\/wp-content\/uploads\/sites\/21\/2019\/07\/nauka-w-polsce.jpg\",\"datePublished\":\"2020-05-14T07:08:13+00:00\",\"dateModified\":\"2020-05-31T12:21:26+00:00\",\"breadcrumb\":{\"@id\":\"https:\/\/instytutpolski.pl\/budapest\/fedezd-fel-lengyelorszagot\/tanulmanyok-lengyelorszagban\/#breadcrumb\"},\"inLanguage\":\"pl-PL\",\"potentialAction\":[{\"@type\":\"ReadAction\",\"target\":[\"https:\/\/instytutpolski.pl\/budapest\/fedezd-fel-lengyelorszagot\/tanulmanyok-lengyelorszagban\/\"]}]},{\"@type\":\"ImageObject\",\"inLanguage\":\"pl-PL\",\"@id\":\"https:\/\/instytutpolski.pl\/budapest\/fedezd-fel-lengyelorszagot\/tanulmanyok-lengyelorszagban\/#primaryimage\",\"url\":\"https:\/\/instytutpolski.pl\/budapest\/wp-content\/uploads\/sites\/21\/2019\/07\/nauka-w-polsce.jpg\",\"contentUrl\":\"https:\/\/instytutpolski.pl\/budapest\/wp-content\/uploads\/sites\/21\/2019\/07\/nauka-w-polsce.jpg\",\"width\":1920,\"height\":700},{\"@type\":\"BreadcrumbList\",\"@id\":\"https:\/\/instytutpolski.pl\/budapest\/fedezd-fel-lengyelorszagot\/tanulmanyok-lengyelorszagban\/#breadcrumb\",\"itemListElement\":[{\"@type\":\"ListItem\",\"position\":1,\"name\":\"Home\",\"item\":\"https:\/\/instytutpolski.pl\/budapest\/\"},{\"@type\":\"ListItem\",\"position\":2,\"name\":\"Fedezd fel Lengyelorsz\u00e1got!\",\"item\":\"https:\/\/instytutpolski.pl\/budapest\/pl\/fedezd-fel-lengyelorszagot\/\"},{\"@type\":\"ListItem\",\"position\":3,\"name\":\"Tudom\u00e1ny\"}]},{\"@type\":\"WebSite\",\"@id\":\"https:\/\/instytutpolski.pl\/budapest\/#website\",\"url\":\"https:\/\/instytutpolski.pl\/budapest\/\",\"name\":\"Instytut Polski w Budapeszcie\",\"description\":\"Instytuty Polskie\",\"potentialAction\":[{\"@type\":\"SearchAction\",\"target\":{\"@type\":\"EntryPoint\",\"urlTemplate\":\"https:\/\/instytutpolski.pl\/budapest\/?s={search_term_string}\"},\"query-input\":{\"@type\":\"PropertyValueSpecification\",\"valueRequired\":true,\"valueName\":\"search_term_string\"}}],\"inLanguage\":\"pl-PL\"}]}<\/script>\n<!-- \/ Yoast SEO plugin. -->","yoast_head_json":{"title":"Tudom\u00e1ny - Instytut Polski w Budapeszcie","robots":{"index":"index","follow":"follow","max-snippet":"max-snippet:-1","max-image-preview":"max-image-preview:large","max-video-preview":"max-video-preview:-1"},"canonical":"https:\/\/instytutpolski.pl\/budapest\/fedezd-fel-lengyelorszagot\/tanulmanyok-lengyelorszagban\/","og_locale":"pl_PL","og_type":"article","og_title":"Tudom\u00e1ny - Instytut Polski w Budapeszcie","og_description":"A lengyel tud\u00f3sok \u00e1tt\u00f6r\u00e9st hoz\u00f3 felfedez\u00e9seikr\u0151l \u00e9s tal\u00e1lm\u00e1nyaikr\u00f3l ismertek. Ismerj meg n\u00e9h\u00e1nyat k\u00f6z\u00fcl\u00fck, \u00e9s tudj meg t\u00f6bbet munk\u00e1ss\u00e1gukr\u00f3l: https:\/\/nawa.gov.pl\/images\/zdjecia\/ResearchinPoland\/Science_in_Poland_v1.25a-www.pdf B\u0151vebben: https:\/\/nawa.gov.pl\/en\/researchinpoland https:\/\/www.gov.pl\/web\/science https:\/\/poland.pl\/science\/famous-scientists\/","og_url":"https:\/\/instytutpolski.pl\/budapest\/fedezd-fel-lengyelorszagot\/tanulmanyok-lengyelorszagban\/","og_site_name":"Instytut Polski w Budapeszcie","article_modified_time":"2020-05-31T12:21:26+00:00","og_image":[{"width":1920,"height":700,"url":"https:\/\/instytutpolski.pl\/budapest\/wp-content\/uploads\/sites\/21\/2019\/07\/nauka-w-polsce.jpg","type":"image\/jpeg"}],"twitter_card":"summary_large_image","schema":{"@context":"https:\/\/schema.org","@graph":[{"@type":"WebPage","@id":"https:\/\/instytutpolski.pl\/budapest\/fedezd-fel-lengyelorszagot\/tanulmanyok-lengyelorszagban\/","url":"https:\/\/instytutpolski.pl\/budapest\/fedezd-fel-lengyelorszagot\/tanulmanyok-lengyelorszagban\/","name":"Tudom\u00e1ny - Instytut Polski w Budapeszcie","isPartOf":{"@id":"https:\/\/instytutpolski.pl\/budapest\/#website"},"primaryImageOfPage":{"@id":"https:\/\/instytutpolski.pl\/budapest\/fedezd-fel-lengyelorszagot\/tanulmanyok-lengyelorszagban\/#primaryimage"},"image":{"@id":"https:\/\/instytutpolski.pl\/budapest\/fedezd-fel-lengyelorszagot\/tanulmanyok-lengyelorszagban\/#primaryimage"},"thumbnailUrl":"https:\/\/instytutpolski.pl\/budapest\/wp-content\/uploads\/sites\/21\/2019\/07\/nauka-w-polsce.jpg","datePublished":"2020-05-14T07:08:13+00:00","dateModified":"2020-05-31T12:21:26+00:00","breadcrumb":{"@id":"https:\/\/instytutpolski.pl\/budapest\/fedezd-fel-lengyelorszagot\/tanulmanyok-lengyelorszagban\/#breadcrumb"},"inLanguage":"pl-PL","potentialAction":[{"@type":"ReadAction","target":["https:\/\/instytutpolski.pl\/budapest\/fedezd-fel-lengyelorszagot\/tanulmanyok-lengyelorszagban\/"]}]},{"@type":"ImageObject","inLanguage":"pl-PL","@id":"https:\/\/instytutpolski.pl\/budapest\/fedezd-fel-lengyelorszagot\/tanulmanyok-lengyelorszagban\/#primaryimage","url":"https:\/\/instytutpolski.pl\/budapest\/wp-content\/uploads\/sites\/21\/2019\/07\/nauka-w-polsce.jpg","contentUrl":"https:\/\/instytutpolski.pl\/budapest\/wp-content\/uploads\/sites\/21\/2019\/07\/nauka-w-polsce.jpg","width":1920,"height":700},{"@type":"BreadcrumbList","@id":"https:\/\/instytutpolski.pl\/budapest\/fedezd-fel-lengyelorszagot\/tanulmanyok-lengyelorszagban\/#breadcrumb","itemListElement":[{"@type":"ListItem","position":1,"name":"Home","item":"https:\/\/instytutpolski.pl\/budapest\/"},{"@type":"ListItem","position":2,"name":"Fedezd fel Lengyelorsz\u00e1got!","item":"https:\/\/instytutpolski.pl\/budapest\/pl\/fedezd-fel-lengyelorszagot\/"},{"@type":"ListItem","position":3,"name":"Tudom\u00e1ny"}]},{"@type":"WebSite","@id":"https:\/\/instytutpolski.pl\/budapest\/#website","url":"https:\/\/instytutpolski.pl\/budapest\/","name":"Instytut Polski w Budapeszcie","description":"Instytuty Polskie","potentialAction":[{"@type":"SearchAction","target":{"@type":"EntryPoint","urlTemplate":"https:\/\/instytutpolski.pl\/budapest\/?s={search_term_string}"},"query-input":{"@type":"PropertyValueSpecification","valueRequired":true,"valueName":"search_term_string"}}],"inLanguage":"pl-PL"}]}},"_links":{"self":[{"href":"https:\/\/instytutpolski.pl\/budapest\/wp-json\/wp\/v2\/pages\/1205","targetHints":{"allow":["GET"]}}],"collection":[{"href":"https:\/\/instytutpolski.pl\/budapest\/wp-json\/wp\/v2\/pages"}],"about":[{"href":"https:\/\/instytutpolski.pl\/budapest\/wp-json\/wp\/v2\/types\/page"}],"author":[{"embeddable":true,"href":"https:\/\/instytutpolski.pl\/budapest\/wp-json\/wp\/v2\/users\/1"}],"replies":[{"embeddable":true,"href":"https:\/\/instytutpolski.pl\/budapest\/wp-json\/wp\/v2\/comments?post=1205"}],"version-history":[{"count":5,"href":"https:\/\/instytutpolski.pl\/budapest\/wp-json\/wp\/v2\/pages\/1205\/revisions"}],"predecessor-version":[{"id":8823,"href":"https:\/\/instytutpolski.pl\/budapest\/wp-json\/wp\/v2\/pages\/1205\/revisions\/8823"}],"up":[{"embeddable":true,"href":"https:\/\/instytutpolski.pl\/budapest\/wp-json\/wp\/v2\/pages\/1149"}],"wp:featuredmedia":[{"embeddable":true,"href":"https:\/\/instytutpolski.pl\/budapest\/wp-json\/wp\/v2\/media\/1200"}],"wp:attachment":[{"href":"https:\/\/instytutpolski.pl\/budapest\/wp-json\/wp\/v2\/media?parent=1205"}],"curies":[{"name":"wp","href":"https:\/\/api.w.org\/{rel}","templated":true}]}}