{"id":1238,"date":"2019-07-03T09:38:51","date_gmt":"2019-07-03T07:38:51","guid":{"rendered":"https:\/\/instytutpolski.pl\/budapeszt\/?page_id=1238"},"modified":"2020-05-31T14:28:16","modified_gmt":"2020-05-31T12:28:16","slug":"tanulj-tovabb-lengyelorszagban","status":"publish","type":"page","link":"https:\/\/instytutpolski.pl\/budapest\/fedezd-fel-lengyelorszagot\/tanulmanyok-lengyelorszagban\/tanulj-tovabb-lengyelorszagban\/","title":{"rendered":"Tanulj Lengyelorsz\u00e1gban!"},"content":{"rendered":"\n<p>Lengyelorsz\u00e1gban a t\u00f6bb mint 400 fels\u0151oktat\u00e1si int\u00e9zm\u00e9nyben \u00f6sszesen kb. egymilli\u00f3-egysz\u00e1zezren tanulnak. A 2019\/2020-as tan\u00e9vben t\u00f6bb mint 85 ezer k\u00fclf\u00f6ldi di\u00e1k folytatott tanulm\u00e1nyokat Lengyelorsz\u00e1gban. Gy\u0151z\u0151dj meg te is arr\u00f3l, hogy \u00e9rdemes Lengyelorsz\u00e1gban tanulni!<\/p>\n\n\n\n<p>B\u0151vebb inform\u00e1ci\u00f3 a lengyel fels\u0151oktat\u00e1si int\u00e9zm\u00e9nyekr\u0151l, a honos\u00edt\u00e1sr\u00f3l, valamint gyakorlati tan\u00e1csok az \u00e9rdekl\u0151d\u0151k sz\u00e1m\u00e1ra: <a href=\"http:\/\/www.go-poland.pl\/\">http:\/\/www.go-poland.pl\/<\/a> &nbsp;<\/p>\n","protected":false},"excerpt":{"rendered":"<p>Lengyelorsz\u00e1gban a t\u00f6bb mint 400 fels\u0151oktat\u00e1si int\u00e9zm\u00e9nyben \u00f6sszesen kb. egymilli\u00f3-egysz\u00e1zezren tanulnak. A 2019\/2020-as tan\u00e9vben t\u00f6bb mint 85 ezer k\u00fclf\u00f6ldi di\u00e1k folytatott tanulm\u00e1nyokat Lengyelorsz\u00e1gban. Gy\u0151z\u0151dj meg te is arr\u00f3l, hogy \u00e9rdemes Lengyelorsz\u00e1gban tanulni! B\u0151vebb inform\u00e1ci\u00f3 a lengyel fels\u0151oktat\u00e1si int\u00e9zm\u00e9nyekr\u0151l, a honos\u00edt\u00e1sr\u00f3l, valamint gyakorlati tan\u00e1csok az \u00e9rdekl\u0151d\u0151k sz\u00e1m\u00e1ra: http:\/\/www.go-poland.pl\/ &nbsp;<\/p>\n","protected":false},"author":1,"featured_media":1235,"parent":1205,"menu_order":0,"comment_status":"closed","ping_status":"closed","template":"","meta":{"inline_featured_image":false,"_monsterinsights_skip_tracking":false,"_monsterinsights_sitenote_active":false,"_monsterinsights_sitenote_note":"","_monsterinsights_sitenote_category":0,"footnotes":""},"class_list":["post-1238","page","type-page","status-publish","has-post-thumbnail","hentry"],"yoast_head":"<!-- This site is optimized with the Yoast SEO plugin v24.6 - https:\/\/yoast.com\/wordpress\/plugins\/seo\/ -->\n<title>Tanulj Lengyelorsz\u00e1gban! - Instytut Polski w Budapeszcie<\/title>\n<meta name=\"robots\" content=\"index, follow, max-snippet:-1, max-image-preview:large, max-video-preview:-1\" \/>\n<link rel=\"canonical\" href=\"https:\/\/instytutpolski.pl\/budapest\/fedezd-fel-lengyelorszagot\/tanulmanyok-lengyelorszagban\/tanulj-tovabb-lengyelorszagban\/\" \/>\n<meta property=\"og:locale\" content=\"pl_PL\" \/>\n<meta property=\"og:type\" content=\"article\" \/>\n<meta property=\"og:title\" content=\"Tanulj Lengyelorsz\u00e1gban! - Instytut Polski w Budapeszcie\" \/>\n<meta property=\"og:description\" content=\"Lengyelorsz\u00e1gban a t\u00f6bb mint 400 fels\u0151oktat\u00e1si int\u00e9zm\u00e9nyben \u00f6sszesen kb. egymilli\u00f3-egysz\u00e1zezren tanulnak. A 2019\/2020-as tan\u00e9vben t\u00f6bb mint 85 ezer k\u00fclf\u00f6ldi di\u00e1k folytatott tanulm\u00e1nyokat Lengyelorsz\u00e1gban. Gy\u0151z\u0151dj meg te is arr\u00f3l, hogy \u00e9rdemes Lengyelorsz\u00e1gban tanulni! B\u0151vebb inform\u00e1ci\u00f3 a lengyel fels\u0151oktat\u00e1si int\u00e9zm\u00e9nyekr\u0151l, a honos\u00edt\u00e1sr\u00f3l, valamint gyakorlati tan\u00e1csok az \u00e9rdekl\u0151d\u0151k sz\u00e1m\u00e1ra: http:\/\/www.go-poland.pl\/ &nbsp;\" \/>\n<meta property=\"og:url\" content=\"https:\/\/instytutpolski.pl\/budapest\/fedezd-fel-lengyelorszagot\/tanulmanyok-lengyelorszagban\/tanulj-tovabb-lengyelorszagban\/\" \/>\n<meta property=\"og:site_name\" content=\"Instytut Polski w Budapeszcie\" \/>\n<meta property=\"article:modified_time\" content=\"2020-05-31T12:28:16+00:00\" \/>\n<meta property=\"og:image\" content=\"https:\/\/instytutpolski.pl\/budapest\/wp-content\/uploads\/sites\/21\/2019\/07\/studiuj-w-polsce.jpg\" \/>\n\t<meta property=\"og:image:width\" content=\"1920\" \/>\n\t<meta property=\"og:image:height\" content=\"700\" \/>\n\t<meta property=\"og:image:type\" content=\"image\/jpeg\" \/>\n<meta name=\"twitter:card\" content=\"summary_large_image\" \/>\n<script type=\"application\/ld+json\" class=\"yoast-schema-graph\">{\"@context\":\"https:\/\/schema.org\",\"@graph\":[{\"@type\":\"WebPage\",\"@id\":\"https:\/\/instytutpolski.pl\/budapest\/fedezd-fel-lengyelorszagot\/tanulmanyok-lengyelorszagban\/tanulj-tovabb-lengyelorszagban\/\",\"url\":\"https:\/\/instytutpolski.pl\/budapest\/fedezd-fel-lengyelorszagot\/tanulmanyok-lengyelorszagban\/tanulj-tovabb-lengyelorszagban\/\",\"name\":\"Tanulj Lengyelorsz\u00e1gban! - Instytut Polski w Budapeszcie\",\"isPartOf\":{\"@id\":\"https:\/\/instytutpolski.pl\/budapest\/#website\"},\"primaryImageOfPage\":{\"@id\":\"https:\/\/instytutpolski.pl\/budapest\/fedezd-fel-lengyelorszagot\/tanulmanyok-lengyelorszagban\/tanulj-tovabb-lengyelorszagban\/#primaryimage\"},\"image\":{\"@id\":\"https:\/\/instytutpolski.pl\/budapest\/fedezd-fel-lengyelorszagot\/tanulmanyok-lengyelorszagban\/tanulj-tovabb-lengyelorszagban\/#primaryimage\"},\"thumbnailUrl\":\"https:\/\/instytutpolski.pl\/budapest\/wp-content\/uploads\/sites\/21\/2019\/07\/studiuj-w-polsce.jpg\",\"datePublished\":\"2019-07-03T07:38:51+00:00\",\"dateModified\":\"2020-05-31T12:28:16+00:00\",\"breadcrumb\":{\"@id\":\"https:\/\/instytutpolski.pl\/budapest\/fedezd-fel-lengyelorszagot\/tanulmanyok-lengyelorszagban\/tanulj-tovabb-lengyelorszagban\/#breadcrumb\"},\"inLanguage\":\"pl-PL\",\"potentialAction\":[{\"@type\":\"ReadAction\",\"target\":[\"https:\/\/instytutpolski.pl\/budapest\/fedezd-fel-lengyelorszagot\/tanulmanyok-lengyelorszagban\/tanulj-tovabb-lengyelorszagban\/\"]}]},{\"@type\":\"ImageObject\",\"inLanguage\":\"pl-PL\",\"@id\":\"https:\/\/instytutpolski.pl\/budapest\/fedezd-fel-lengyelorszagot\/tanulmanyok-lengyelorszagban\/tanulj-tovabb-lengyelorszagban\/#primaryimage\",\"url\":\"https:\/\/instytutpolski.pl\/budapest\/wp-content\/uploads\/sites\/21\/2019\/07\/studiuj-w-polsce.jpg\",\"contentUrl\":\"https:\/\/instytutpolski.pl\/budapest\/wp-content\/uploads\/sites\/21\/2019\/07\/studiuj-w-polsce.jpg\",\"width\":1920,\"height\":700},{\"@type\":\"BreadcrumbList\",\"@id\":\"https:\/\/instytutpolski.pl\/budapest\/fedezd-fel-lengyelorszagot\/tanulmanyok-lengyelorszagban\/tanulj-tovabb-lengyelorszagban\/#breadcrumb\",\"itemListElement\":[{\"@type\":\"ListItem\",\"position\":1,\"name\":\"Home\",\"item\":\"https:\/\/instytutpolski.pl\/budapest\/\"},{\"@type\":\"ListItem\",\"position\":2,\"name\":\"Fedezd fel Lengyelorsz\u00e1got!\",\"item\":\"https:\/\/instytutpolski.pl\/budapest\/pl\/fedezd-fel-lengyelorszagot\/\"},{\"@type\":\"ListItem\",\"position\":3,\"name\":\"Tudom\u00e1ny\",\"item\":\"https:\/\/instytutpolski.pl\/budapest\/fedezd-fel-lengyelorszagot\/tanulmanyok-lengyelorszagban\/\"},{\"@type\":\"ListItem\",\"position\":4,\"name\":\"Tanulj Lengyelorsz\u00e1gban!\"}]},{\"@type\":\"WebSite\",\"@id\":\"https:\/\/instytutpolski.pl\/budapest\/#website\",\"url\":\"https:\/\/instytutpolski.pl\/budapest\/\",\"name\":\"Instytut Polski w Budapeszcie\",\"description\":\"Instytuty Polskie\",\"potentialAction\":[{\"@type\":\"SearchAction\",\"target\":{\"@type\":\"EntryPoint\",\"urlTemplate\":\"https:\/\/instytutpolski.pl\/budapest\/?s={search_term_string}\"},\"query-input\":{\"@type\":\"PropertyValueSpecification\",\"valueRequired\":true,\"valueName\":\"search_term_string\"}}],\"inLanguage\":\"pl-PL\"}]}<\/script>\n<!-- \/ Yoast SEO plugin. -->","yoast_head_json":{"title":"Tanulj Lengyelorsz\u00e1gban! - Instytut Polski w Budapeszcie","robots":{"index":"index","follow":"follow","max-snippet":"max-snippet:-1","max-image-preview":"max-image-preview:large","max-video-preview":"max-video-preview:-1"},"canonical":"https:\/\/instytutpolski.pl\/budapest\/fedezd-fel-lengyelorszagot\/tanulmanyok-lengyelorszagban\/tanulj-tovabb-lengyelorszagban\/","og_locale":"pl_PL","og_type":"article","og_title":"Tanulj Lengyelorsz\u00e1gban! - Instytut Polski w Budapeszcie","og_description":"Lengyelorsz\u00e1gban a t\u00f6bb mint 400 fels\u0151oktat\u00e1si int\u00e9zm\u00e9nyben \u00f6sszesen kb. egymilli\u00f3-egysz\u00e1zezren tanulnak. A 2019\/2020-as tan\u00e9vben t\u00f6bb mint 85 ezer k\u00fclf\u00f6ldi di\u00e1k folytatott tanulm\u00e1nyokat Lengyelorsz\u00e1gban. Gy\u0151z\u0151dj meg te is arr\u00f3l, hogy \u00e9rdemes Lengyelorsz\u00e1gban tanulni! B\u0151vebb inform\u00e1ci\u00f3 a lengyel fels\u0151oktat\u00e1si int\u00e9zm\u00e9nyekr\u0151l, a honos\u00edt\u00e1sr\u00f3l, valamint gyakorlati tan\u00e1csok az \u00e9rdekl\u0151d\u0151k sz\u00e1m\u00e1ra: http:\/\/www.go-poland.pl\/ &nbsp;","og_url":"https:\/\/instytutpolski.pl\/budapest\/fedezd-fel-lengyelorszagot\/tanulmanyok-lengyelorszagban\/tanulj-tovabb-lengyelorszagban\/","og_site_name":"Instytut Polski w Budapeszcie","article_modified_time":"2020-05-31T12:28:16+00:00","og_image":[{"width":1920,"height":700,"url":"https:\/\/instytutpolski.pl\/budapest\/wp-content\/uploads\/sites\/21\/2019\/07\/studiuj-w-polsce.jpg","type":"image\/jpeg"}],"twitter_card":"summary_large_image","schema":{"@context":"https:\/\/schema.org","@graph":[{"@type":"WebPage","@id":"https:\/\/instytutpolski.pl\/budapest\/fedezd-fel-lengyelorszagot\/tanulmanyok-lengyelorszagban\/tanulj-tovabb-lengyelorszagban\/","url":"https:\/\/instytutpolski.pl\/budapest\/fedezd-fel-lengyelorszagot\/tanulmanyok-lengyelorszagban\/tanulj-tovabb-lengyelorszagban\/","name":"Tanulj Lengyelorsz\u00e1gban! - Instytut Polski w Budapeszcie","isPartOf":{"@id":"https:\/\/instytutpolski.pl\/budapest\/#website"},"primaryImageOfPage":{"@id":"https:\/\/instytutpolski.pl\/budapest\/fedezd-fel-lengyelorszagot\/tanulmanyok-lengyelorszagban\/tanulj-tovabb-lengyelorszagban\/#primaryimage"},"image":{"@id":"https:\/\/instytutpolski.pl\/budapest\/fedezd-fel-lengyelorszagot\/tanulmanyok-lengyelorszagban\/tanulj-tovabb-lengyelorszagban\/#primaryimage"},"thumbnailUrl":"https:\/\/instytutpolski.pl\/budapest\/wp-content\/uploads\/sites\/21\/2019\/07\/studiuj-w-polsce.jpg","datePublished":"2019-07-03T07:38:51+00:00","dateModified":"2020-05-31T12:28:16+00:00","breadcrumb":{"@id":"https:\/\/instytutpolski.pl\/budapest\/fedezd-fel-lengyelorszagot\/tanulmanyok-lengyelorszagban\/tanulj-tovabb-lengyelorszagban\/#breadcrumb"},"inLanguage":"pl-PL","potentialAction":[{"@type":"ReadAction","target":["https:\/\/instytutpolski.pl\/budapest\/fedezd-fel-lengyelorszagot\/tanulmanyok-lengyelorszagban\/tanulj-tovabb-lengyelorszagban\/"]}]},{"@type":"ImageObject","inLanguage":"pl-PL","@id":"https:\/\/instytutpolski.pl\/budapest\/fedezd-fel-lengyelorszagot\/tanulmanyok-lengyelorszagban\/tanulj-tovabb-lengyelorszagban\/#primaryimage","url":"https:\/\/instytutpolski.pl\/budapest\/wp-content\/uploads\/sites\/21\/2019\/07\/studiuj-w-polsce.jpg","contentUrl":"https:\/\/instytutpolski.pl\/budapest\/wp-content\/uploads\/sites\/21\/2019\/07\/studiuj-w-polsce.jpg","width":1920,"height":700},{"@type":"BreadcrumbList","@id":"https:\/\/instytutpolski.pl\/budapest\/fedezd-fel-lengyelorszagot\/tanulmanyok-lengyelorszagban\/tanulj-tovabb-lengyelorszagban\/#breadcrumb","itemListElement":[{"@type":"ListItem","position":1,"name":"Home","item":"https:\/\/instytutpolski.pl\/budapest\/"},{"@type":"ListItem","position":2,"name":"Fedezd fel Lengyelorsz\u00e1got!","item":"https:\/\/instytutpolski.pl\/budapest\/pl\/fedezd-fel-lengyelorszagot\/"},{"@type":"ListItem","position":3,"name":"Tudom\u00e1ny","item":"https:\/\/instytutpolski.pl\/budapest\/fedezd-fel-lengyelorszagot\/tanulmanyok-lengyelorszagban\/"},{"@type":"ListItem","position":4,"name":"Tanulj Lengyelorsz\u00e1gban!"}]},{"@type":"WebSite","@id":"https:\/\/instytutpolski.pl\/budapest\/#website","url":"https:\/\/instytutpolski.pl\/budapest\/","name":"Instytut Polski w Budapeszcie","description":"Instytuty Polskie","potentialAction":[{"@type":"SearchAction","target":{"@type":"EntryPoint","urlTemplate":"https:\/\/instytutpolski.pl\/budapest\/?s={search_term_string}"},"query-input":{"@type":"PropertyValueSpecification","valueRequired":true,"valueName":"search_term_string"}}],"inLanguage":"pl-PL"}]}},"_links":{"self":[{"href":"https:\/\/instytutpolski.pl\/budapest\/wp-json\/wp\/v2\/pages\/1238","targetHints":{"allow":["GET"]}}],"collection":[{"href":"https:\/\/instytutpolski.pl\/budapest\/wp-json\/wp\/v2\/pages"}],"about":[{"href":"https:\/\/instytutpolski.pl\/budapest\/wp-json\/wp\/v2\/types\/page"}],"author":[{"embeddable":true,"href":"https:\/\/instytutpolski.pl\/budapest\/wp-json\/wp\/v2\/users\/1"}],"replies":[{"embeddable":true,"href":"https:\/\/instytutpolski.pl\/budapest\/wp-json\/wp\/v2\/comments?post=1238"}],"version-history":[{"count":6,"href":"https:\/\/instytutpolski.pl\/budapest\/wp-json\/wp\/v2\/pages\/1238\/revisions"}],"predecessor-version":[{"id":8826,"href":"https:\/\/instytutpolski.pl\/budapest\/wp-json\/wp\/v2\/pages\/1238\/revisions\/8826"}],"up":[{"embeddable":true,"href":"https:\/\/instytutpolski.pl\/budapest\/wp-json\/wp\/v2\/pages\/1205"}],"wp:featuredmedia":[{"embeddable":true,"href":"https:\/\/instytutpolski.pl\/budapest\/wp-json\/wp\/v2\/media\/1235"}],"wp:attachment":[{"href":"https:\/\/instytutpolski.pl\/budapest\/wp-json\/wp\/v2\/media?parent=1238"}],"curies":[{"name":"wp","href":"https:\/\/api.w.org\/{rel}","templated":true}]}}