{"id":1250,"date":"2019-07-03T09:40:36","date_gmt":"2019-07-03T07:40:36","guid":{"rendered":"https:\/\/instytutpolski.pl\/budapeszt\/?page_id=1250"},"modified":"2020-07-20T16:23:51","modified_gmt":"2020-07-20T14:23:51","slug":"kursy-jezyka-polskiego-organizowane-przez-ip","status":"publish","type":"page","link":"https:\/\/instytutpolski.pl\/budapest\/pl\/jezyk-polski\/kursy-jezyka-polskiego-organizowane-przez-ip\/","title":{"rendered":"Kursy j\u0119zyka polskiego   organizowane przez IP"},"content":{"rendered":"\n<p><strong>Kursy j\u0119zyka polskiego<\/strong><\/p>\n\n\n\n<p><strong>Ucz si\u0119 j\u0119zyka polskiego! <\/strong><\/p>\n\n\n\n<p>Zg\u0142oszenia przyjmujemy od pa\u017adziernika 2020.<\/p>\n\n\n\n<p>Zapewniamy:<\/p>\n\n\n\n<ul class=\"wp-block-list\"><li>nauk\u0119 w ma\u0142ych grupach<\/li><li>kompetentnych lektor\u00f3w z wieloletnim do\u015bwiadczeniem<\/li><li>przyjazn\u0105, domow\u0105 atmosfer\u0119<\/li><\/ul>\n\n\n\n<p>Instytut Polski w Budapeszcie 2 razy w roku, w pa\u017adzierniku i w lutym, organizuje kursy j\u0119zyka polskiego na r\u00f3\u017cnych poziomach zaawansowania.<\/p>\n\n\n\n<p>Zaj\u0119cia odbywaj\u0105 si\u0119 2 razy w tygodniu: w poniedzia\u0142ki i w \u015brody, b\u0105d\u017a we wtorki i w czwartki<\/p>\n\n\n\n<p>Ka\u017cdy kurs to jeden semestr, czyli 60 godzin nauki. Zaj\u0119cia prowadz\u0105 dobrze przygotowani lektorzy z wieloletnim do\u015bwiadczeniem. Podr\u0119czniki&nbsp; \u201eHurra!!! Po polsku\u201d do nabycia w Budapeszcie w&nbsp;<strong>kawiarni i ksi\u0119garni Gda\u0144sk: Gda\u0144sk Lengyel K\u00f6nyvesbolt \u00e9s B\u00fcf\u00e9<\/strong>, adres: ul. Bart\u00f3k B\u00e9la 46, 1111 Budapest, tel. kom\u00f3rkowy: +36 20 \/998 18 73.<\/p>\n\n\n\n<p>W cenie kursu jest test na koniec semestru oraz dyplom, koszty podr\u0119cznik\u00f3w pokrywaj\u0105 kursanci.&nbsp;<\/p>\n\n\n\n<p>Dodatkowych informacji udziela sekretariat Instytutu Polskiego (1065 Budapest, ul. Nagymez\u0151 15)<\/p>\n\n\n\n<p>Kontakt: &nbsp;El\u017cbieta Forusi\u0144ska-Hamar<\/p>\n\n\n\n<p>tel.: (+361) 50 54&nbsp;660, e-mail:&nbsp;<a href=\"mailto:budapeszt@instytutpolski.org\">budapeszt@instytutpolski.org<\/a><\/p>\n\n\n\n<p>Godziny otwarcia: 9.00 \u2013 17.00 od poniedzia\u0142ku do wtorku<\/p>\n\n\n\n<ul class=\"wp-block-list\"><li>Zg\u0142osi\u0107 si\u0119 na kursy mo\u017cna w e-mailu, telefonicznie, b\u0105d\u017a osobi\u015bcie w godzinach otwarcia sekretariatu<\/li><li>Udzia\u0142 w kursie mog\u0105 wzi\u0105\u0107 te osoby, kt\u00f3re dokona\u0142y przelewu op\u0142aty za kurs<\/li><li>Koszt jednego semestru: 39&nbsp;000 HUF, studenci z wa\u017cn\u0105 legitymacj\u0105 35&nbsp;000 HUF<\/li><\/ul>\n\n\n\n<p><strong>Op\u0142at\u0119 za kurs prosimy regulowa\u0107 przelewem,&nbsp;<\/strong><strong>po uprzednim e-mailowym, b\u0105d\u017a telefonicznym uzgodnieniem z sekretariatem IP odpowiedniej grupy<\/strong><strong>, na konto w&nbsp; banku<\/strong><\/p>\n\n\n\n<p><strong>Penta Art Egyes\u00fclet&nbsp;MKB Bank Zrt :10300002-10565128-49020027<\/strong><\/p>\n\n\n\n<p>W tytule przelewu prosimy umie\u015bci\u0107 nast\u0119puj\u0105ce dane: op\u0142ata za kurs i jak grupa&nbsp;<\/p>\n\n\n\n<p>(np. poziom podstawowy, 6 semestr)<\/p>\n\n\n\n<p>Potwierdzenie transakcji &nbsp;nale\u017cy wys\u0142a\u0107 e-mailem na adres sekretariatu IP!<\/p>\n\n\n\n<p><strong>Certyfikat otrzymuj\u0105 ci kursanci, kt\u00f3rzy:<\/strong><\/p>\n\n\n\n<ul class=\"wp-block-list\"><li>wzi\u0119li udzia\u0142 w przynajmniej 60 % zaj\u0119\u0107<\/li><li>przyst\u0105pili do egzaminu obejmuj\u0105cego wiedz\u0119 prezentowan\u0105 na kursie udzielaj\u0105c powy\u017cej 60 % prawid\u0142owych odpowiedzi<\/li><\/ul>\n\n\n\n<p>Nasz partner:<\/p>\n\n\n\n<p>The CUBE<\/p>\n","protected":false},"excerpt":{"rendered":"<p>Kursy j\u0119zyka polskiego Ucz si\u0119 j\u0119zyka polskiego! Zg\u0142oszenia przyjmujemy od pa\u017adziernika 2020. Zapewniamy: nauk\u0119 w ma\u0142ych grupach kompetentnych lektor\u00f3w z wieloletnim do\u015bwiadczeniem przyjazn\u0105, domow\u0105 atmosfer\u0119 Instytut Polski w Budapeszcie 2 razy w roku, w pa\u017adzierniku i w lutym, organizuje kursy j\u0119zyka polskiego na r\u00f3\u017cnych poziomach zaawansowania. Zaj\u0119cia odbywaj\u0105 si\u0119 2 razy w tygodniu: w poniedzia\u0142ki [&hellip;]<\/p>\n","protected":false},"author":1,"featured_media":9217,"parent":1242,"menu_order":0,"comment_status":"closed","ping_status":"closed","template":"","meta":{"inline_featured_image":false,"_monsterinsights_skip_tracking":false,"_monsterinsights_sitenote_active":false,"_monsterinsights_sitenote_note":"","_monsterinsights_sitenote_category":0,"footnotes":""},"class_list":["post-1250","page","type-page","status-publish","has-post-thumbnail","hentry"],"yoast_head":"<!-- This site is optimized with the Yoast SEO plugin v24.6 - https:\/\/yoast.com\/wordpress\/plugins\/seo\/ -->\n<title>Kursy j\u0119zyka polskiego  organizowane przez IP - Instytut Polski w Budapeszcie<\/title>\n<meta name=\"robots\" content=\"index, follow, max-snippet:-1, max-image-preview:large, max-video-preview:-1\" \/>\n<link rel=\"canonical\" href=\"https:\/\/instytutpolski.pl\/budapest\/pl\/jezyk-polski\/kursy-jezyka-polskiego-organizowane-przez-ip\/\" \/>\n<meta property=\"og:locale\" content=\"pl_PL\" \/>\n<meta property=\"og:type\" content=\"article\" \/>\n<meta property=\"og:title\" content=\"Kursy j\u0119zyka polskiego  organizowane przez IP - Instytut Polski w Budapeszcie\" \/>\n<meta property=\"og:description\" content=\"Kursy j\u0119zyka polskiego Ucz si\u0119 j\u0119zyka polskiego! Zg\u0142oszenia przyjmujemy od pa\u017adziernika 2020. Zapewniamy: nauk\u0119 w ma\u0142ych grupach kompetentnych lektor\u00f3w z wieloletnim do\u015bwiadczeniem przyjazn\u0105, domow\u0105 atmosfer\u0119 Instytut Polski w Budapeszcie 2 razy w roku, w pa\u017adzierniku i w lutym, organizuje kursy j\u0119zyka polskiego na r\u00f3\u017cnych poziomach zaawansowania. Zaj\u0119cia odbywaj\u0105 si\u0119 2 razy w tygodniu: w poniedzia\u0142ki [&hellip;]\" \/>\n<meta property=\"og:url\" content=\"https:\/\/instytutpolski.pl\/budapest\/pl\/jezyk-polski\/kursy-jezyka-polskiego-organizowane-przez-ip\/\" \/>\n<meta property=\"og:site_name\" content=\"Instytut Polski w Budapeszcie\" \/>\n<meta property=\"article:modified_time\" content=\"2020-07-20T14:23:51+00:00\" \/>\n<meta property=\"og:image\" content=\"https:\/\/instytutpolski.pl\/budapest\/wp-content\/uploads\/sites\/21\/2020\/06\/JB-2014-03-20-00381.jpg\" \/>\n\t<meta property=\"og:image:width\" content=\"1200\" \/>\n\t<meta property=\"og:image:height\" content=\"800\" \/>\n\t<meta property=\"og:image:type\" content=\"image\/jpeg\" \/>\n<meta name=\"twitter:card\" content=\"summary_large_image\" \/>\n<meta name=\"twitter:label1\" content=\"Szacowany czas czytania\" \/>\n\t<meta name=\"twitter:data1\" content=\"2 minuty\" \/>\n<script type=\"application\/ld+json\" class=\"yoast-schema-graph\">{\"@context\":\"https:\/\/schema.org\",\"@graph\":[{\"@type\":\"WebPage\",\"@id\":\"https:\/\/instytutpolski.pl\/budapest\/pl\/jezyk-polski\/kursy-jezyka-polskiego-organizowane-przez-ip\/\",\"url\":\"https:\/\/instytutpolski.pl\/budapest\/pl\/jezyk-polski\/kursy-jezyka-polskiego-organizowane-przez-ip\/\",\"name\":\"Kursy j\u0119zyka polskiego organizowane przez IP - Instytut Polski w Budapeszcie\",\"isPartOf\":{\"@id\":\"https:\/\/instytutpolski.pl\/budapest\/#website\"},\"primaryImageOfPage\":{\"@id\":\"https:\/\/instytutpolski.pl\/budapest\/pl\/jezyk-polski\/kursy-jezyka-polskiego-organizowane-przez-ip\/#primaryimage\"},\"image\":{\"@id\":\"https:\/\/instytutpolski.pl\/budapest\/pl\/jezyk-polski\/kursy-jezyka-polskiego-organizowane-przez-ip\/#primaryimage\"},\"thumbnailUrl\":\"https:\/\/instytutpolski.pl\/budapest\/wp-content\/uploads\/sites\/21\/2020\/06\/JB-2014-03-20-00381.jpg\",\"datePublished\":\"2019-07-03T07:40:36+00:00\",\"dateModified\":\"2020-07-20T14:23:51+00:00\",\"breadcrumb\":{\"@id\":\"https:\/\/instytutpolski.pl\/budapest\/pl\/jezyk-polski\/kursy-jezyka-polskiego-organizowane-przez-ip\/#breadcrumb\"},\"inLanguage\":\"pl-PL\",\"potentialAction\":[{\"@type\":\"ReadAction\",\"target\":[\"https:\/\/instytutpolski.pl\/budapest\/pl\/jezyk-polski\/kursy-jezyka-polskiego-organizowane-przez-ip\/\"]}]},{\"@type\":\"ImageObject\",\"inLanguage\":\"pl-PL\",\"@id\":\"https:\/\/instytutpolski.pl\/budapest\/pl\/jezyk-polski\/kursy-jezyka-polskiego-organizowane-przez-ip\/#primaryimage\",\"url\":\"https:\/\/instytutpolski.pl\/budapest\/wp-content\/uploads\/sites\/21\/2020\/06\/JB-2014-03-20-00381.jpg\",\"contentUrl\":\"https:\/\/instytutpolski.pl\/budapest\/wp-content\/uploads\/sites\/21\/2020\/06\/JB-2014-03-20-00381.jpg\",\"width\":1200,\"height\":800},{\"@type\":\"BreadcrumbList\",\"@id\":\"https:\/\/instytutpolski.pl\/budapest\/pl\/jezyk-polski\/kursy-jezyka-polskiego-organizowane-przez-ip\/#breadcrumb\",\"itemListElement\":[{\"@type\":\"ListItem\",\"position\":1,\"name\":\"Home\",\"item\":\"https:\/\/instytutpolski.pl\/budapest\/\"},{\"@type\":\"ListItem\",\"position\":2,\"name\":\"J\u0119zyk polski\",\"item\":\"https:\/\/instytutpolski.pl\/budapest\/pl\/jezyk-polski\/\"},{\"@type\":\"ListItem\",\"position\":3,\"name\":\"Kursy j\u0119zyka polskiego organizowane przez IP\"}]},{\"@type\":\"WebSite\",\"@id\":\"https:\/\/instytutpolski.pl\/budapest\/#website\",\"url\":\"https:\/\/instytutpolski.pl\/budapest\/\",\"name\":\"Instytut Polski w Budapeszcie\",\"description\":\"Instytuty Polskie\",\"potentialAction\":[{\"@type\":\"SearchAction\",\"target\":{\"@type\":\"EntryPoint\",\"urlTemplate\":\"https:\/\/instytutpolski.pl\/budapest\/?s={search_term_string}\"},\"query-input\":{\"@type\":\"PropertyValueSpecification\",\"valueRequired\":true,\"valueName\":\"search_term_string\"}}],\"inLanguage\":\"pl-PL\"}]}<\/script>\n<!-- \/ Yoast SEO plugin. -->","yoast_head_json":{"title":"Kursy j\u0119zyka polskiego  organizowane przez IP - Instytut Polski w Budapeszcie","robots":{"index":"index","follow":"follow","max-snippet":"max-snippet:-1","max-image-preview":"max-image-preview:large","max-video-preview":"max-video-preview:-1"},"canonical":"https:\/\/instytutpolski.pl\/budapest\/pl\/jezyk-polski\/kursy-jezyka-polskiego-organizowane-przez-ip\/","og_locale":"pl_PL","og_type":"article","og_title":"Kursy j\u0119zyka polskiego  organizowane przez IP - Instytut Polski w Budapeszcie","og_description":"Kursy j\u0119zyka polskiego Ucz si\u0119 j\u0119zyka polskiego! Zg\u0142oszenia przyjmujemy od pa\u017adziernika 2020. Zapewniamy: nauk\u0119 w ma\u0142ych grupach kompetentnych lektor\u00f3w z wieloletnim do\u015bwiadczeniem przyjazn\u0105, domow\u0105 atmosfer\u0119 Instytut Polski w Budapeszcie 2 razy w roku, w pa\u017adzierniku i w lutym, organizuje kursy j\u0119zyka polskiego na r\u00f3\u017cnych poziomach zaawansowania. Zaj\u0119cia odbywaj\u0105 si\u0119 2 razy w tygodniu: w poniedzia\u0142ki [&hellip;]","og_url":"https:\/\/instytutpolski.pl\/budapest\/pl\/jezyk-polski\/kursy-jezyka-polskiego-organizowane-przez-ip\/","og_site_name":"Instytut Polski w Budapeszcie","article_modified_time":"2020-07-20T14:23:51+00:00","og_image":[{"width":1200,"height":800,"url":"https:\/\/instytutpolski.pl\/budapest\/wp-content\/uploads\/sites\/21\/2020\/06\/JB-2014-03-20-00381.jpg","type":"image\/jpeg"}],"twitter_card":"summary_large_image","twitter_misc":{"Szacowany czas czytania":"2 minuty"},"schema":{"@context":"https:\/\/schema.org","@graph":[{"@type":"WebPage","@id":"https:\/\/instytutpolski.pl\/budapest\/pl\/jezyk-polski\/kursy-jezyka-polskiego-organizowane-przez-ip\/","url":"https:\/\/instytutpolski.pl\/budapest\/pl\/jezyk-polski\/kursy-jezyka-polskiego-organizowane-przez-ip\/","name":"Kursy j\u0119zyka polskiego organizowane przez IP - Instytut Polski w Budapeszcie","isPartOf":{"@id":"https:\/\/instytutpolski.pl\/budapest\/#website"},"primaryImageOfPage":{"@id":"https:\/\/instytutpolski.pl\/budapest\/pl\/jezyk-polski\/kursy-jezyka-polskiego-organizowane-przez-ip\/#primaryimage"},"image":{"@id":"https:\/\/instytutpolski.pl\/budapest\/pl\/jezyk-polski\/kursy-jezyka-polskiego-organizowane-przez-ip\/#primaryimage"},"thumbnailUrl":"https:\/\/instytutpolski.pl\/budapest\/wp-content\/uploads\/sites\/21\/2020\/06\/JB-2014-03-20-00381.jpg","datePublished":"2019-07-03T07:40:36+00:00","dateModified":"2020-07-20T14:23:51+00:00","breadcrumb":{"@id":"https:\/\/instytutpolski.pl\/budapest\/pl\/jezyk-polski\/kursy-jezyka-polskiego-organizowane-przez-ip\/#breadcrumb"},"inLanguage":"pl-PL","potentialAction":[{"@type":"ReadAction","target":["https:\/\/instytutpolski.pl\/budapest\/pl\/jezyk-polski\/kursy-jezyka-polskiego-organizowane-przez-ip\/"]}]},{"@type":"ImageObject","inLanguage":"pl-PL","@id":"https:\/\/instytutpolski.pl\/budapest\/pl\/jezyk-polski\/kursy-jezyka-polskiego-organizowane-przez-ip\/#primaryimage","url":"https:\/\/instytutpolski.pl\/budapest\/wp-content\/uploads\/sites\/21\/2020\/06\/JB-2014-03-20-00381.jpg","contentUrl":"https:\/\/instytutpolski.pl\/budapest\/wp-content\/uploads\/sites\/21\/2020\/06\/JB-2014-03-20-00381.jpg","width":1200,"height":800},{"@type":"BreadcrumbList","@id":"https:\/\/instytutpolski.pl\/budapest\/pl\/jezyk-polski\/kursy-jezyka-polskiego-organizowane-przez-ip\/#breadcrumb","itemListElement":[{"@type":"ListItem","position":1,"name":"Home","item":"https:\/\/instytutpolski.pl\/budapest\/"},{"@type":"ListItem","position":2,"name":"J\u0119zyk polski","item":"https:\/\/instytutpolski.pl\/budapest\/pl\/jezyk-polski\/"},{"@type":"ListItem","position":3,"name":"Kursy j\u0119zyka polskiego organizowane przez IP"}]},{"@type":"WebSite","@id":"https:\/\/instytutpolski.pl\/budapest\/#website","url":"https:\/\/instytutpolski.pl\/budapest\/","name":"Instytut Polski w Budapeszcie","description":"Instytuty Polskie","potentialAction":[{"@type":"SearchAction","target":{"@type":"EntryPoint","urlTemplate":"https:\/\/instytutpolski.pl\/budapest\/?s={search_term_string}"},"query-input":{"@type":"PropertyValueSpecification","valueRequired":true,"valueName":"search_term_string"}}],"inLanguage":"pl-PL"}]}},"_links":{"self":[{"href":"https:\/\/instytutpolski.pl\/budapest\/wp-json\/wp\/v2\/pages\/1250","targetHints":{"allow":["GET"]}}],"collection":[{"href":"https:\/\/instytutpolski.pl\/budapest\/wp-json\/wp\/v2\/pages"}],"about":[{"href":"https:\/\/instytutpolski.pl\/budapest\/wp-json\/wp\/v2\/types\/page"}],"author":[{"embeddable":true,"href":"https:\/\/instytutpolski.pl\/budapest\/wp-json\/wp\/v2\/users\/1"}],"replies":[{"embeddable":true,"href":"https:\/\/instytutpolski.pl\/budapest\/wp-json\/wp\/v2\/comments?post=1250"}],"version-history":[{"count":5,"href":"https:\/\/instytutpolski.pl\/budapest\/wp-json\/wp\/v2\/pages\/1250\/revisions"}],"predecessor-version":[{"id":9306,"href":"https:\/\/instytutpolski.pl\/budapest\/wp-json\/wp\/v2\/pages\/1250\/revisions\/9306"}],"up":[{"embeddable":true,"href":"https:\/\/instytutpolski.pl\/budapest\/wp-json\/wp\/v2\/pages\/1242"}],"wp:featuredmedia":[{"embeddable":true,"href":"https:\/\/instytutpolski.pl\/budapest\/wp-json\/wp\/v2\/media\/9217"}],"wp:attachment":[{"href":"https:\/\/instytutpolski.pl\/budapest\/wp-json\/wp\/v2\/media?parent=1250"}],"curies":[{"name":"wp","href":"https:\/\/api.w.org\/{rel}","templated":true}]}}