{"id":1254,"date":"2019-07-03T09:40:36","date_gmt":"2019-07-03T07:40:36","guid":{"rendered":"https:\/\/instytutpolski.pl\/budapeszt\/?page_id=1254"},"modified":"2026-01-28T15:48:13","modified_gmt":"2026-01-28T14:48:13","slug":"nyelvtanfolyamok-a-lengyel-intezet-szervezeseben","status":"publish","type":"page","link":"https:\/\/instytutpolski.pl\/budapest\/lengyel-nyelv\/nyelvtanfolyamok-a-lengyel-intezet-szervezeseben\/","title":{"rendered":"Nyelvtanfolyamok a Lengyel Int\u00e9zet szervez\u00e9s\u00e9ben"},"content":{"rendered":"\n<p style=\"text-align: justify\"><strong>Egy nyelvet megtanulni olyan, mintha egy m\u00e1sik ablakon kereszt\u00fcl szeml\u00e9ln\u00e9nk a vil\u00e1got. Tanulj vel\u00fcnk lengyel\u00fcl, nyiss ablakot LENGYELORSZ\u00c1Gra \u00e9s a LENGYEL kult\u00far\u00e1ra!<\/strong><\/p>\n<p style=\"text-align: justify\">A <strong>60 \u00f3r\u00e1s<\/strong> hibrid, f\u00e9l\u00e9ves kurzus <strong>heti 2 online \u00f3r\u00e1t \u00e9s 4 olyan interakt\u00edv alkalmat<\/strong> foglal mag\u00e1ba, amely sor\u00e1n a nyelv\u00f3r\u00e1k \u00e9s a Lengyel Int\u00e9zet programjainak k\u00f6sz\u00f6nhet\u0151en k\u00f6zelebbr\u0151l is megismerkedhetsz a lengyel kult\u00far\u00e1val.<\/p>\n<p style=\"text-align: justify\">A lengyel nyelv elsaj\u00e1t\u00edt\u00e1sa nem annyira neh\u00e9z, mint gondoln\u00e1d! Adj nek\u00fcnk egy es\u00e9lyt, hogy ezt bebizony\u00edtsuk! V\u00e1lassz minket, mert a<strong> Lengyel Int\u00e9zet t\u00f6bb, mint egy nyelviskola.<\/strong><\/p>\n<p><strong>!<\/strong> Becsl\u00e9sek szerint a Lengyel Int\u00e9zet nyelvtanfolyamain az 1960-as \u00e9vek \u00f3ta k\u00f6zel h\u00faszezren tanultak lengyel\u00fcl, s a hallgat\u00f3k k\u00f6z\u00fcl sz\u00e1mos ismert m\u0171ford\u00edt\u00f3, \u00fajs\u00e1g\u00edr\u00f3, politikus, t\u00f6rt\u00e9n\u00e9sz, egyetemi oktat\u00f3 \u00e9s sportol\u00f3 ker\u00fclt ki, akik a mai napig kamatoztatj\u00e1k n\u00e1lunk szerzett tud\u00e1sukat.\u00a0\u00a0<\/p>\n<p><img loading=\"lazy\" decoding=\"async\" class=\" wp-image-14939 aligncenter\" src=\"https:\/\/instytutpolski.pl\/budapest\/wp-content\/uploads\/sites\/21\/2022\/05\/kartka-PL_HU-strona-1024-300x203.jpg\" alt=\"\" width=\"567\" height=\"384\" srcset=\"https:\/\/instytutpolski.pl\/budapest\/wp-content\/uploads\/sites\/21\/2022\/05\/kartka-PL_HU-strona-1024-300x203.jpg 300w, https:\/\/instytutpolski.pl\/budapest\/wp-content\/uploads\/sites\/21\/2022\/05\/kartka-PL_HU-strona-1024-768x519.jpg 768w, https:\/\/instytutpolski.pl\/budapest\/wp-content\/uploads\/sites\/21\/2022\/05\/kartka-PL_HU-strona-1024.jpg 1024w\" sizes=\"auto, (max-width: 567px) 100vw, 567px\" \/><\/p>\n<p><b><i>2026 TAVASZ<\/i><\/b><\/p>\n<p><span class=\"TextRun SCXW17919055 BCX0\" lang=\"HU-HU\" xml:lang=\"HU-HU\" data-contrast=\"auto\"><span class=\"NormalTextRun SCXW17919055 BCX0\">Kezd\u00e9s: <strong>2026.<\/strong> <b>febru\u00e1r 2.<\/b><\/span><\/span><\/p>\n<table style=\"border-collapse: collapse;width: 100%;height: 250px\">\n<tbody>\n<tr style=\"height: 23px\">\n<td style=\"width: 25%;height: 23px\"><strong>csoport<\/strong><\/td>\n<td style=\"width: 25%;height: 23px\"><strong>oktat\u00f3<\/strong><\/td>\n<td style=\"width: 25%;height: 23px\"><strong>nap<\/strong><\/td>\n<td style=\"width: 25%;height: 23px\"><strong>\u00f3ra<\/strong><\/td>\n<\/tr>\n<tr style=\"height: 46px\">\n<td style=\"width: 25%;height: 46px\">\n<p>1. szemeszter (kezd\u0151)<\/p>\n<p>\u00a0<\/p>\n<\/td>\n<td style=\"width: 25%;height: 46px\">D\u00fcrr \u00c9va<\/td>\n<td style=\"width: 25%;height: 46px\">h\u00e9tf\u0151-szerda<\/td>\n<td style=\"width: 25%;height: 46px\">17.00 &#8211; 18.30<\/td>\n<\/tr>\n<tr style=\"height: 23px\">\n<td style=\"width: 25%;height: 23px\">\n<p>2. szemeszter<\/p>\n<p>\u00a0<\/p>\n<\/td>\n<td style=\"width: 25%;height: 23px\">D\u00fcrr \u00c9va<\/td>\n<td style=\"width: 25%;height: 23px\">h\u00e9tf\u0151-szerda<\/td>\n<td style=\"width: 25%;height: 23px\">20.00 &#8211; 21.30<\/td>\n<\/tr>\n<tr style=\"height: 20px\">\n<td style=\"width: 25%;height: 20px\">\n<p>3. szemeszter<\/p>\n<p>\u00a0<\/p>\n<\/td>\n<td style=\"width: 25%;height: 20px\">Vir\u00e1gh Szilvia<\/td>\n<td style=\"width: 25%;height: 20px\">h\u00e9tf\u0151-szerda<\/td>\n<td style=\"width: 25%;height: 20px\">18.30 &#8211; 20.00<\/td>\n<\/tr>\n<tr style=\"height: 23px\">\n<td style=\"width: 25%;height: 23px\">\n<p>3. szemeszter<\/p>\n<p>\u00a0<\/p>\n<\/td>\n<td style=\"width: 25%;height: 23px\">D\u00fcrr \u00c9va<\/td>\n<td style=\"width: 25%;height: 23px\">kedd-cs\u00fct\u00f6rt\u00f6k<\/td>\n<td style=\"width: 25%;height: 23px\">20.00 &#8211; 21.30<\/td>\n<\/tr>\n<tr style=\"height: 23px\">\n<td style=\"width: 25%;height: 23px\">\n<p>4. szemeszter<\/p>\n<p>\u00a0<\/p>\n<\/td>\n<td style=\"width: 25%;height: 23px\">Vir\u00e1gh Szilvia<\/td>\n<td style=\"width: 25%;height: 23px\">h\u00e9tf\u0151-szerda<\/td>\n<td style=\"width: 25%;height: 23px\"><span class=\"TextRun SCXW46920256 BCX0\" lang=\"HU-HU\" xml:lang=\"HU-HU\" data-contrast=\"auto\"><span class=\"NormalTextRun SCXW46920256 BCX0\">17.00-18.30<\/span><\/span><\/td>\n<\/tr>\n<tr style=\"height: 23px\">\n<td style=\"width: 25%;height: 23px\">\n<p>7. szemeszter<\/p>\n<p>\u00a0<\/p>\n<\/td>\n<td style=\"width: 25%;height: 23px\">D\u00fcrr \u00c9va<\/td>\n<td style=\"width: 25%;height: 23px\">h\u00e9tf\u0151-szerda<\/td>\n<td style=\"width: 25%;height: 23px\"><span class=\"TextRun SCXW33088214 BCX0\" lang=\"HU-HU\" xml:lang=\"HU-HU\" data-contrast=\"auto\"><span class=\"NormalTextRun SCXW33088214 BCX0\">18.30-20.00<\/span><\/span><span class=\"EOP SCXW33088214 BCX0\" data-ccp-props=\"{}\">\u00a0<\/span><\/td>\n<\/tr>\n<tr style=\"height: 23px\">\n<td style=\"width: 25%;height: 23px\">\n<p>8. szemeszter<\/p>\n<p>\u00a0<\/p>\n<\/td>\n<td style=\"width: 25%;height: 23px\">D\u00fcrr \u00c9va<\/td>\n<td style=\"width: 25%;height: 23px\">kedd-cs\u00fct\u00f6rt\u00f6k<\/td>\n<td style=\"width: 25%;height: 23px\"><span class=\"TextRun SCXW28976212 BCX0\" lang=\"HU-HU\" xml:lang=\"HU-HU\" data-contrast=\"auto\"><span class=\"NormalTextRun SCXW28976212 BCX0\">17.00-18.30<\/span><\/span><\/td>\n<\/tr>\n<tr style=\"height: 23px\">\n<td style=\"width: 25%;height: 23px\">\n<p>11. szemeszter<\/p>\n<p>\u00a0<\/p>\n<\/td>\n<td style=\"width: 25%;height: 23px\">D\u00fcrr \u00c9va<\/td>\n<td style=\"width: 25%;height: 23px\">kedd-cs\u00fct\u00f6rt\u00f6k<\/td>\n<td style=\"width: 25%;height: 23px\"><span class=\"TextRun SCXW147401357 BCX0\" lang=\"HU-HU\" xml:lang=\"HU-HU\" data-contrast=\"auto\"><span class=\"NormalTextRun SCXW147401357 BCX0\">18.30-20.00<\/span><\/span><span class=\"EOP SCXW147401357 BCX0\" data-ccp-props=\"{}\">\u00a0<\/span><\/td>\n<\/tr>\n<\/tbody>\n<\/table>\n<p>\u00a0<\/p>\n<p><strong>A tanfolyam d\u00edja (\u00f6sszesen 60 \u00f3ra):<\/strong><\/p>\n<p>Teljes \u00e1r\u00fa d\u00edj: 60.000 HUF<\/p>\n<p>Kezdbezm\u00e9nyes d\u00edj (di\u00e1k, nyugd\u00edjas): 55.000 HUF<\/p>\n<p><strong>Jelentkezni k\u00f6zvetlen\u00fcl az oktat\u00f3kn\u00e1l lehet az al\u00e1bbi el\u00e9rhet\u0151s\u00e9geken:<\/strong><\/p>\n<p>D\u00fcrr \u00c9va: ewa.durr@gmail.com<\/p>\n<p><span class=\"TextRun SCXW190592467 BCX0\" lang=\"HU-HU\" xml:lang=\"HU-HU\" data-contrast=\"auto\"><span class=\"NormalTextRun SCXW190592467 BCX0\">Vir\u00e1gh Szilvia: <\/span><span class=\"NormalTextRun SCXW190592467 BCX0\">70\/<\/span><span class=\"NormalTextRun SCXW190592467 BCX0\">366-7169<\/span><\/span><span class=\"EOP SCXW190592467 BCX0\" data-ccp-props=\"{}\">\u00a0<\/span><\/p>\n<p><strong>A tanfolyam d\u00edj\u00e1t az al\u00e1bbi banksz\u00e1mlasz\u00e1mra k\u00e9rj\u00fck befizetni:<\/strong><\/p>\n<p>Penta Art Egyes\u00fclet<\/p>\n<p>MBH Bank &#8211; 10300002-10565128-49020027<\/p>\n<p>A megjegyz\u00e9sben k\u00e9rj\u00fck felt\u00fcntetni: Nyelvtanfolyam d\u00edja \u2013 a jelentkez\u0151 \u00e9s a kiv\u00e1lasztott csoport neve.<\/p>\n<p>A banki igazol\u00e1st az oktat\u00f3nak k\u00e9rj\u00fck elk\u00fcldeni.<\/p>\n<p><strong>A tanfolyam sor\u00e1n a\u00a0<em>Hurra po polsku<\/em>\u00a0c. tank\u00f6nyvet haszn\u00e1ljuk. A tanfolyam d\u00edja a tank\u00f6nyv \u00e9s a munkaf\u00fczet \u00e1r\u00e1t nem tartalmazza.\u00a0<\/strong><\/p>\n\n\t\t<style type=\"text\/css\">\n\t\t\t#gallery-1 {\n\t\t\t\tmargin: auto;\n\t\t\t}\n\t\t\t#gallery-1 .gallery-item {\n\t\t\t\tfloat: left;\n\t\t\t\tmargin-top: 10px;\n\t\t\t\ttext-align: center;\n\t\t\t\twidth: 50%;\n\t\t\t}\n\t\t\t#gallery-1 img {\n\t\t\t\tborder: 2px solid #cfcfcf;\n\t\t\t}\n\t\t\t#gallery-1 .gallery-caption {\n\t\t\t\tmargin-left: 0;\n\t\t\t}\n\t\t\t\/* see gallery_shortcode() in wp-includes\/media.php *\/\n\t\t<\/style>\n\t\t<div id='gallery-1' class='gallery galleryid-1254 gallery-columns-2 gallery-size-large'><dl class='gallery-item'>\n\t\t\t<dt class='gallery-icon portrait'>\n\t\t\t\t<a href='https:\/\/instytutpolski.pl\/budapest\/lengyel-nyelv\/nyelvtanfolyamok-a-lengyel-intezet-szervezeseben\/product-cover\/'><img loading=\"lazy\" decoding=\"async\" width=\"726\" height=\"1024\" src=\"https:\/\/instytutpolski.pl\/budapest\/wp-content\/uploads\/sites\/21\/2025\/09\/product-cover-726x1024.jpg\" class=\"attachment-large size-large\" alt=\"\" srcset=\"https:\/\/instytutpolski.pl\/budapest\/wp-content\/uploads\/sites\/21\/2025\/09\/product-cover-726x1024.jpg 726w, https:\/\/instytutpolski.pl\/budapest\/wp-content\/uploads\/sites\/21\/2025\/09\/product-cover-213x300.jpg 213w, https:\/\/instytutpolski.pl\/budapest\/wp-content\/uploads\/sites\/21\/2025\/09\/product-cover-768x1084.jpg 768w, https:\/\/instytutpolski.pl\/budapest\/wp-content\/uploads\/sites\/21\/2025\/09\/product-cover-1089x1536.jpg 1089w, https:\/\/instytutpolski.pl\/budapest\/wp-content\/uploads\/sites\/21\/2025\/09\/product-cover.jpg 1134w\" sizes=\"auto, (max-width: 726px) 100vw, 726px\" \/><\/a>\n\t\t\t<\/dt><\/dl><dl class='gallery-item'>\n\t\t\t<dt class='gallery-icon portrait'>\n\t\t\t\t<a href='https:\/\/instytutpolski.pl\/budapest\/lengyel-nyelv\/nyelvtanfolyamok-a-lengyel-intezet-szervezeseben\/product-cover-1\/'><img loading=\"lazy\" decoding=\"async\" width=\"728\" height=\"1024\" src=\"https:\/\/instytutpolski.pl\/budapest\/wp-content\/uploads\/sites\/21\/2025\/09\/product-cover-1-728x1024.jpg\" class=\"attachment-large size-large\" alt=\"\" srcset=\"https:\/\/instytutpolski.pl\/budapest\/wp-content\/uploads\/sites\/21\/2025\/09\/product-cover-1-728x1024.jpg 728w, https:\/\/instytutpolski.pl\/budapest\/wp-content\/uploads\/sites\/21\/2025\/09\/product-cover-1-213x300.jpg 213w, https:\/\/instytutpolski.pl\/budapest\/wp-content\/uploads\/sites\/21\/2025\/09\/product-cover-1-768x1080.jpg 768w, https:\/\/instytutpolski.pl\/budapest\/wp-content\/uploads\/sites\/21\/2025\/09\/product-cover-1-1092x1536.jpg 1092w, https:\/\/instytutpolski.pl\/budapest\/wp-content\/uploads\/sites\/21\/2025\/09\/product-cover-1.jpg 1138w\" sizes=\"auto, (max-width: 728px) 100vw, 728px\" \/><\/a>\n\t\t\t<\/dt><\/dl><br style=\"clear: both\" \/>\n\t\t<\/div>\n\n\n\n\n<p><\/p>\n","protected":false},"excerpt":{"rendered":"<p>Egy nyelvet megtanulni olyan, mintha egy m\u00e1sik ablakon kereszt\u00fcl szeml\u00e9ln\u00e9nk a vil\u00e1got. Tanulj vel\u00fcnk lengyel\u00fcl, nyiss ablakot LENGYELORSZ\u00c1Gra \u00e9s a LENGYEL kult\u00far\u00e1ra! A 60 \u00f3r\u00e1s hibrid, f\u00e9l\u00e9ves kurzus heti 2 online \u00f3r\u00e1t \u00e9s 4 olyan interakt\u00edv alkalmat foglal mag\u00e1ba, amely sor\u00e1n a nyelv\u00f3r\u00e1k \u00e9s a Lengyel Int\u00e9zet programjainak k\u00f6sz\u00f6nhet\u0151en k\u00f6zelebbr\u0151l is megismerkedhetsz a lengyel kult\u00far\u00e1val. [&hellip;]<\/p>\n","protected":false},"author":1,"featured_media":9217,"parent":1246,"menu_order":0,"comment_status":"closed","ping_status":"closed","template":"","meta":{"inline_featured_image":false,"_monsterinsights_skip_tracking":false,"_monsterinsights_sitenote_active":false,"_monsterinsights_sitenote_note":"","_monsterinsights_sitenote_category":0,"footnotes":""},"class_list":["post-1254","page","type-page","status-publish","has-post-thumbnail","hentry"],"yoast_head":"<!-- This site is optimized with the Yoast SEO plugin v24.6 - https:\/\/yoast.com\/wordpress\/plugins\/seo\/ -->\n<title>Nyelvtanfolyamok a Lengyel Int\u00e9zet szervez\u00e9s\u00e9ben - Instytut Polski w Budapeszcie<\/title>\n<meta name=\"robots\" content=\"index, follow, max-snippet:-1, max-image-preview:large, max-video-preview:-1\" \/>\n<link rel=\"canonical\" href=\"https:\/\/instytutpolski.pl\/budapest\/lengyel-nyelv\/nyelvtanfolyamok-a-lengyel-intezet-szervezeseben\/\" \/>\n<meta property=\"og:locale\" content=\"pl_PL\" \/>\n<meta property=\"og:type\" content=\"article\" \/>\n<meta property=\"og:title\" content=\"Nyelvtanfolyamok a Lengyel Int\u00e9zet szervez\u00e9s\u00e9ben - Instytut Polski w Budapeszcie\" \/>\n<meta property=\"og:description\" content=\"Egy nyelvet megtanulni olyan, mintha egy m\u00e1sik ablakon kereszt\u00fcl szeml\u00e9ln\u00e9nk a vil\u00e1got. Tanulj vel\u00fcnk lengyel\u00fcl, nyiss ablakot LENGYELORSZ\u00c1Gra \u00e9s a LENGYEL kult\u00far\u00e1ra! A 60 \u00f3r\u00e1s hibrid, f\u00e9l\u00e9ves kurzus heti 2 online \u00f3r\u00e1t \u00e9s 4 olyan interakt\u00edv alkalmat foglal mag\u00e1ba, amely sor\u00e1n a nyelv\u00f3r\u00e1k \u00e9s a Lengyel Int\u00e9zet programjainak k\u00f6sz\u00f6nhet\u0151en k\u00f6zelebbr\u0151l is megismerkedhetsz a lengyel kult\u00far\u00e1val. [&hellip;]\" \/>\n<meta property=\"og:url\" content=\"https:\/\/instytutpolski.pl\/budapest\/lengyel-nyelv\/nyelvtanfolyamok-a-lengyel-intezet-szervezeseben\/\" \/>\n<meta property=\"og:site_name\" content=\"Instytut Polski w Budapeszcie\" \/>\n<meta property=\"article:modified_time\" content=\"2026-01-28T14:48:13+00:00\" \/>\n<meta property=\"og:image\" content=\"https:\/\/instytutpolski.pl\/budapest\/wp-content\/uploads\/sites\/21\/2020\/06\/JB-2014-03-20-00381.jpg\" \/>\n\t<meta property=\"og:image:width\" content=\"1200\" \/>\n\t<meta property=\"og:image:height\" content=\"800\" \/>\n\t<meta property=\"og:image:type\" content=\"image\/jpeg\" \/>\n<meta name=\"twitter:card\" content=\"summary_large_image\" \/>\n<meta name=\"twitter:label1\" content=\"Szacowany czas czytania\" \/>\n\t<meta name=\"twitter:data1\" content=\"3 minuty\" \/>\n<script type=\"application\/ld+json\" class=\"yoast-schema-graph\">{\"@context\":\"https:\/\/schema.org\",\"@graph\":[{\"@type\":\"WebPage\",\"@id\":\"https:\/\/instytutpolski.pl\/budapest\/lengyel-nyelv\/nyelvtanfolyamok-a-lengyel-intezet-szervezeseben\/\",\"url\":\"https:\/\/instytutpolski.pl\/budapest\/lengyel-nyelv\/nyelvtanfolyamok-a-lengyel-intezet-szervezeseben\/\",\"name\":\"Nyelvtanfolyamok a Lengyel Int\u00e9zet szervez\u00e9s\u00e9ben - Instytut Polski w Budapeszcie\",\"isPartOf\":{\"@id\":\"https:\/\/instytutpolski.pl\/budapest\/#website\"},\"primaryImageOfPage\":{\"@id\":\"https:\/\/instytutpolski.pl\/budapest\/lengyel-nyelv\/nyelvtanfolyamok-a-lengyel-intezet-szervezeseben\/#primaryimage\"},\"image\":{\"@id\":\"https:\/\/instytutpolski.pl\/budapest\/lengyel-nyelv\/nyelvtanfolyamok-a-lengyel-intezet-szervezeseben\/#primaryimage\"},\"thumbnailUrl\":\"https:\/\/instytutpolski.pl\/budapest\/wp-content\/uploads\/sites\/21\/2020\/06\/JB-2014-03-20-00381.jpg\",\"datePublished\":\"2019-07-03T07:40:36+00:00\",\"dateModified\":\"2026-01-28T14:48:13+00:00\",\"breadcrumb\":{\"@id\":\"https:\/\/instytutpolski.pl\/budapest\/lengyel-nyelv\/nyelvtanfolyamok-a-lengyel-intezet-szervezeseben\/#breadcrumb\"},\"inLanguage\":\"pl-PL\",\"potentialAction\":[{\"@type\":\"ReadAction\",\"target\":[\"https:\/\/instytutpolski.pl\/budapest\/lengyel-nyelv\/nyelvtanfolyamok-a-lengyel-intezet-szervezeseben\/\"]}]},{\"@type\":\"ImageObject\",\"inLanguage\":\"pl-PL\",\"@id\":\"https:\/\/instytutpolski.pl\/budapest\/lengyel-nyelv\/nyelvtanfolyamok-a-lengyel-intezet-szervezeseben\/#primaryimage\",\"url\":\"https:\/\/instytutpolski.pl\/budapest\/wp-content\/uploads\/sites\/21\/2020\/06\/JB-2014-03-20-00381.jpg\",\"contentUrl\":\"https:\/\/instytutpolski.pl\/budapest\/wp-content\/uploads\/sites\/21\/2020\/06\/JB-2014-03-20-00381.jpg\",\"width\":1200,\"height\":800},{\"@type\":\"BreadcrumbList\",\"@id\":\"https:\/\/instytutpolski.pl\/budapest\/lengyel-nyelv\/nyelvtanfolyamok-a-lengyel-intezet-szervezeseben\/#breadcrumb\",\"itemListElement\":[{\"@type\":\"ListItem\",\"position\":1,\"name\":\"Home\",\"item\":\"https:\/\/instytutpolski.pl\/budapest\/\"},{\"@type\":\"ListItem\",\"position\":2,\"name\":\"A lengyel nyelv\",\"item\":\"https:\/\/instytutpolski.pl\/budapest\/lengyel-nyelv\/\"},{\"@type\":\"ListItem\",\"position\":3,\"name\":\"Nyelvtanfolyamok a Lengyel Int\u00e9zet szervez\u00e9s\u00e9ben\"}]},{\"@type\":\"WebSite\",\"@id\":\"https:\/\/instytutpolski.pl\/budapest\/#website\",\"url\":\"https:\/\/instytutpolski.pl\/budapest\/\",\"name\":\"Instytut Polski w Budapeszcie\",\"description\":\"Instytuty Polskie\",\"potentialAction\":[{\"@type\":\"SearchAction\",\"target\":{\"@type\":\"EntryPoint\",\"urlTemplate\":\"https:\/\/instytutpolski.pl\/budapest\/?s={search_term_string}\"},\"query-input\":{\"@type\":\"PropertyValueSpecification\",\"valueRequired\":true,\"valueName\":\"search_term_string\"}}],\"inLanguage\":\"pl-PL\"}]}<\/script>\n<!-- \/ Yoast SEO plugin. -->","yoast_head_json":{"title":"Nyelvtanfolyamok a Lengyel Int\u00e9zet szervez\u00e9s\u00e9ben - Instytut Polski w Budapeszcie","robots":{"index":"index","follow":"follow","max-snippet":"max-snippet:-1","max-image-preview":"max-image-preview:large","max-video-preview":"max-video-preview:-1"},"canonical":"https:\/\/instytutpolski.pl\/budapest\/lengyel-nyelv\/nyelvtanfolyamok-a-lengyel-intezet-szervezeseben\/","og_locale":"pl_PL","og_type":"article","og_title":"Nyelvtanfolyamok a Lengyel Int\u00e9zet szervez\u00e9s\u00e9ben - Instytut Polski w Budapeszcie","og_description":"Egy nyelvet megtanulni olyan, mintha egy m\u00e1sik ablakon kereszt\u00fcl szeml\u00e9ln\u00e9nk a vil\u00e1got. Tanulj vel\u00fcnk lengyel\u00fcl, nyiss ablakot LENGYELORSZ\u00c1Gra \u00e9s a LENGYEL kult\u00far\u00e1ra! A 60 \u00f3r\u00e1s hibrid, f\u00e9l\u00e9ves kurzus heti 2 online \u00f3r\u00e1t \u00e9s 4 olyan interakt\u00edv alkalmat foglal mag\u00e1ba, amely sor\u00e1n a nyelv\u00f3r\u00e1k \u00e9s a Lengyel Int\u00e9zet programjainak k\u00f6sz\u00f6nhet\u0151en k\u00f6zelebbr\u0151l is megismerkedhetsz a lengyel kult\u00far\u00e1val. [&hellip;]","og_url":"https:\/\/instytutpolski.pl\/budapest\/lengyel-nyelv\/nyelvtanfolyamok-a-lengyel-intezet-szervezeseben\/","og_site_name":"Instytut Polski w Budapeszcie","article_modified_time":"2026-01-28T14:48:13+00:00","og_image":[{"width":1200,"height":800,"url":"https:\/\/instytutpolski.pl\/budapest\/wp-content\/uploads\/sites\/21\/2020\/06\/JB-2014-03-20-00381.jpg","type":"image\/jpeg"}],"twitter_card":"summary_large_image","twitter_misc":{"Szacowany czas czytania":"3 minuty"},"schema":{"@context":"https:\/\/schema.org","@graph":[{"@type":"WebPage","@id":"https:\/\/instytutpolski.pl\/budapest\/lengyel-nyelv\/nyelvtanfolyamok-a-lengyel-intezet-szervezeseben\/","url":"https:\/\/instytutpolski.pl\/budapest\/lengyel-nyelv\/nyelvtanfolyamok-a-lengyel-intezet-szervezeseben\/","name":"Nyelvtanfolyamok a Lengyel Int\u00e9zet szervez\u00e9s\u00e9ben - Instytut Polski w Budapeszcie","isPartOf":{"@id":"https:\/\/instytutpolski.pl\/budapest\/#website"},"primaryImageOfPage":{"@id":"https:\/\/instytutpolski.pl\/budapest\/lengyel-nyelv\/nyelvtanfolyamok-a-lengyel-intezet-szervezeseben\/#primaryimage"},"image":{"@id":"https:\/\/instytutpolski.pl\/budapest\/lengyel-nyelv\/nyelvtanfolyamok-a-lengyel-intezet-szervezeseben\/#primaryimage"},"thumbnailUrl":"https:\/\/instytutpolski.pl\/budapest\/wp-content\/uploads\/sites\/21\/2020\/06\/JB-2014-03-20-00381.jpg","datePublished":"2019-07-03T07:40:36+00:00","dateModified":"2026-01-28T14:48:13+00:00","breadcrumb":{"@id":"https:\/\/instytutpolski.pl\/budapest\/lengyel-nyelv\/nyelvtanfolyamok-a-lengyel-intezet-szervezeseben\/#breadcrumb"},"inLanguage":"pl-PL","potentialAction":[{"@type":"ReadAction","target":["https:\/\/instytutpolski.pl\/budapest\/lengyel-nyelv\/nyelvtanfolyamok-a-lengyel-intezet-szervezeseben\/"]}]},{"@type":"ImageObject","inLanguage":"pl-PL","@id":"https:\/\/instytutpolski.pl\/budapest\/lengyel-nyelv\/nyelvtanfolyamok-a-lengyel-intezet-szervezeseben\/#primaryimage","url":"https:\/\/instytutpolski.pl\/budapest\/wp-content\/uploads\/sites\/21\/2020\/06\/JB-2014-03-20-00381.jpg","contentUrl":"https:\/\/instytutpolski.pl\/budapest\/wp-content\/uploads\/sites\/21\/2020\/06\/JB-2014-03-20-00381.jpg","width":1200,"height":800},{"@type":"BreadcrumbList","@id":"https:\/\/instytutpolski.pl\/budapest\/lengyel-nyelv\/nyelvtanfolyamok-a-lengyel-intezet-szervezeseben\/#breadcrumb","itemListElement":[{"@type":"ListItem","position":1,"name":"Home","item":"https:\/\/instytutpolski.pl\/budapest\/"},{"@type":"ListItem","position":2,"name":"A lengyel nyelv","item":"https:\/\/instytutpolski.pl\/budapest\/lengyel-nyelv\/"},{"@type":"ListItem","position":3,"name":"Nyelvtanfolyamok a Lengyel Int\u00e9zet szervez\u00e9s\u00e9ben"}]},{"@type":"WebSite","@id":"https:\/\/instytutpolski.pl\/budapest\/#website","url":"https:\/\/instytutpolski.pl\/budapest\/","name":"Instytut Polski w Budapeszcie","description":"Instytuty Polskie","potentialAction":[{"@type":"SearchAction","target":{"@type":"EntryPoint","urlTemplate":"https:\/\/instytutpolski.pl\/budapest\/?s={search_term_string}"},"query-input":{"@type":"PropertyValueSpecification","valueRequired":true,"valueName":"search_term_string"}}],"inLanguage":"pl-PL"}]}},"_links":{"self":[{"href":"https:\/\/instytutpolski.pl\/budapest\/wp-json\/wp\/v2\/pages\/1254","targetHints":{"allow":["GET"]}}],"collection":[{"href":"https:\/\/instytutpolski.pl\/budapest\/wp-json\/wp\/v2\/pages"}],"about":[{"href":"https:\/\/instytutpolski.pl\/budapest\/wp-json\/wp\/v2\/types\/page"}],"author":[{"embeddable":true,"href":"https:\/\/instytutpolski.pl\/budapest\/wp-json\/wp\/v2\/users\/1"}],"replies":[{"embeddable":true,"href":"https:\/\/instytutpolski.pl\/budapest\/wp-json\/wp\/v2\/comments?post=1254"}],"version-history":[{"count":89,"href":"https:\/\/instytutpolski.pl\/budapest\/wp-json\/wp\/v2\/pages\/1254\/revisions"}],"predecessor-version":[{"id":21376,"href":"https:\/\/instytutpolski.pl\/budapest\/wp-json\/wp\/v2\/pages\/1254\/revisions\/21376"}],"up":[{"embeddable":true,"href":"https:\/\/instytutpolski.pl\/budapest\/wp-json\/wp\/v2\/pages\/1246"}],"wp:featuredmedia":[{"embeddable":true,"href":"https:\/\/instytutpolski.pl\/budapest\/wp-json\/wp\/v2\/media\/9217"}],"wp:attachment":[{"href":"https:\/\/instytutpolski.pl\/budapest\/wp-json\/wp\/v2\/media?parent=1254"}],"curies":[{"name":"wp","href":"https:\/\/api.w.org\/{rel}","templated":true}]}}