{"id":1264,"date":"2019-07-03T09:42:14","date_gmt":"2019-07-03T07:42:14","guid":{"rendered":"https:\/\/instytutpolski.pl\/budapeszt\/?page_id=1264"},"modified":"2020-05-29T11:02:02","modified_gmt":"2020-05-29T09:02:02","slug":"lektoraty-jezyka-polskiego-na-uczelniach","status":"publish","type":"page","link":"https:\/\/instytutpolski.pl\/budapest\/pl\/jezyk-polski\/lektoraty-jezyka-polskiego-na-uczelniach\/","title":{"rendered":"Lektoraty j\u0119zyka polskiego na uczelniach"},"content":{"rendered":"\n<h2 class=\"wp-block-heading\"><strong>Studia polonistyczne na W\u0119grzech <\/strong><\/h2>\n\n\n\n<p><\/p>\n\n\n\n<div class=\"wp-block-image\"><figure class=\"aligncenter\"><img decoding=\"async\" src=\"https:\/\/polithu1.megacp.hu\/sites\/default\/files\/imagecache\/program\/ELTE.jpg\" alt=\"\" \/><\/figure><\/div>\n\n\n\n<p><a href=\"http:\/\/szlavintezet.elte.hu\/lengyel\/index.shtml\" target=\"_blank\" rel=\"noreferrer noopener\"><\/a><a href=\"http:\/\/szlavintezet.elte.hu\/lengyel\/index.shtml\" target=\"_blank\" rel=\"noreferrer noopener\"><strong>Uniwersytet ELTE w Budapeszcie<\/strong><\/a><\/p>\n\n\n\n<p>Wydzia\u0142 Humanistyczny<\/p>\n\n\n\n<p>Instytut Filologii S\u0142owia\u0144skiej i Ba\u0142tyckiej<\/p>\n\n\n\n<p>Katedra Filologii Polskiej<\/p>\n\n\n\n<p>Kierownik katedry: dr Zsuzsanna R\u00e1duly<\/p>\n\n\n\n<p>To najstarsza katedra polonistyczna na W\u0119grzech, na kt\u00f3rej uczy si\u0119 obecnie 90 student\u00f3w. Katedra oferuje: polonistyczne studia licencjackie i magisterskie, lektorat j\u0119zyka polskiego, zaj\u0119cia fakultatywne, studia doktoranckie. Przedmioty prowadzone w ramach studi\u00f3w polonistycznych: j\u0119zykoznawstwo, literatura i kultura s\u0142owia\u0144ska.<\/p>\n\n\n\n<p><\/p>\n\n\n\n<div class=\"wp-block-image\"><figure class=\"aligncenter\"><img decoding=\"async\" src=\"https:\/\/polithu1.megacp.hu\/sites\/default\/files\/imagecache\/program\/Pazmany2.jpg\" alt=\"\" \/><\/figure><\/div>\n\n\n\n<p><strong><a href=\"http:\/\/www.btk.ppke.hu\/karunkrol\/intezetek-tanszekek\/szlavisztika-kozep-europa-intezet\/lengyel-tanszek\" target=\"_blank\" rel=\"noreferrer noopener\">Katolicki Uniwersytet im. P\u00e9tera P\u00e1zm\u00e1nya<\/a><\/strong><\/p>\n\n\n\n<p>Wydzia\u0142 Humanistyczny<\/p>\n\n\n\n<p>Instytut Slawistyki \u2013 Instytut Europy \u015arodkowej<\/p>\n\n\n\n<p>Katedra Filologii Polskiej<\/p>\n\n\n\n<p>Kierownik katedry: dr Lajos P\u00e1lfalvi<\/p>\n\n\n\n<p>Katedra Filologii Polskiej oferuje studia licencjackie. Przedmioty prowadzone w ramach studi\u00f3w polonistycznych: literatura, j\u0119zykoznawstwo, historia, kultura. Liczba student\u00f3w: 70 os\u00f3b.<\/p>\n\n\n\n<p><\/p>\n\n\n\n<p><strong><a rel=\"noreferrer noopener\" href=\"http:\/\/delfin.unideb.hu\/~lengyel\/\" target=\"_blank\"><br><\/a><\/strong><\/p>\n\n\n\n<div class=\"wp-block-image\"><figure class=\"aligncenter size-large\"><img loading=\"lazy\" decoding=\"async\" width=\"178\" height=\"500\" src=\"https:\/\/instytutpolski.pl\/budapest\/wp-content\/uploads\/sites\/21\/2020\/05\/de_logo_0.jpg\" alt=\"\" class=\"wp-image-8703\" srcset=\"https:\/\/instytutpolski.pl\/budapest\/wp-content\/uploads\/sites\/21\/2020\/05\/de_logo_0.jpg 178w, https:\/\/instytutpolski.pl\/budapest\/wp-content\/uploads\/sites\/21\/2020\/05\/de_logo_0-107x300.jpg 107w\" sizes=\"auto, (max-width: 178px) 100vw, 178px\" \/><\/figure><\/div>\n\n\n\n<p><strong><a rel=\"noreferrer noopener\" href=\"http:\/\/delfin.unideb.hu\/~lengyel\/\" target=\"_blank\">Uniwersytet w Debreczynie<\/a><\/strong><\/p>\n\n\n\n<p>Wydzia\u0142 Humanistyczny<\/p>\n\n\n\n<p>Instytut Slawistyki<\/p>\n\n\n\n<p>Katedra J\u0119zyka i Literatury Polskiej Instytutu Slawistyki<\/p>\n\n\n\n<p>Kierownik katedry: dr L\u00e1szl\u00f3 K\u00e1lm\u00e1n Nagy<\/p>\n\n\n\n<p>Katedra J\u0119zyka i Literatury Polskiej na Uniwersytecie w Debreczynie istnieje od 1984 roku.<\/p>\n\n\n\n<p>Katedra oferuje studia licencjackie i magisterskie oraz specjalizacj\u0119 polonistyczn\u0105 w wymiarze 50 pukt\u00f3w ETCS. Opr\u00f3cz zaj\u0119\u0107 obowi\u0105zkowych studenci studi\u00f3w magisterskich maj\u0105 do wyboru szereg zaj\u0119\u0107 fakultatywnych, w\u015br\u00f3d nich znajduj\u0105 si\u0119: \u0107wiczenia stylistyczne i konwersacje, t\u0142umaczenie tekst\u00f3w fachowych, j\u0119zyk biznesu i polityki, frazeologia, j\u0119zyk reklamy i propagandy w Polsce, nowo\u015bci j\u0119zykoznawstwa opisowego i historycznego, ortografia, typologia j\u0119zykowa, laureaci Literackiej Nagrody Nobla, W\u0119grzy w literaturze polskiej, literatura \u0142agrowa i lagrowa, legendarni i tragiczni polscy poeci, nowo\u015bci literaturoznawstwa, polska sztuka od XVI do XIX w., stosunki polsko-w\u0119gierskie, historia protestantyzmu w Polsce. Og\u00f3lna liczba student\u00f3w: 66 os\u00f3b<\/p>\n\n\n\n<p><strong><a href=\"http:\/\/studyinpoland.pl\/\" target=\"_blank\" rel=\"noreferrer noopener\"><\/a><\/strong><\/p>\n","protected":false},"excerpt":{"rendered":"<p>Studia polonistyczne na W\u0119grzech Uniwersytet ELTE w Budapeszcie Wydzia\u0142 Humanistyczny Instytut Filologii S\u0142owia\u0144skiej i Ba\u0142tyckiej Katedra Filologii Polskiej Kierownik katedry: dr Zsuzsanna R\u00e1duly To najstarsza katedra polonistyczna na W\u0119grzech, na kt\u00f3rej uczy si\u0119 obecnie 90 student\u00f3w. Katedra oferuje: polonistyczne studia licencjackie i magisterskie, lektorat j\u0119zyka polskiego, zaj\u0119cia fakultatywne, studia doktoranckie. Przedmioty prowadzone w ramach studi\u00f3w [&hellip;]<\/p>\n","protected":false},"author":1,"featured_media":1265,"parent":1242,"menu_order":0,"comment_status":"closed","ping_status":"closed","template":"","meta":{"inline_featured_image":false,"_monsterinsights_skip_tracking":false,"_monsterinsights_sitenote_active":false,"_monsterinsights_sitenote_note":"","_monsterinsights_sitenote_category":0,"footnotes":""},"class_list":["post-1264","page","type-page","status-publish","has-post-thumbnail","hentry"],"yoast_head":"<!-- This site is optimized with the Yoast SEO plugin v24.6 - https:\/\/yoast.com\/wordpress\/plugins\/seo\/ -->\n<title>Lektoraty j\u0119zyka polskiego na uczelniach - Instytut Polski w Budapeszcie<\/title>\n<meta name=\"robots\" content=\"index, follow, max-snippet:-1, max-image-preview:large, max-video-preview:-1\" \/>\n<link rel=\"canonical\" href=\"https:\/\/instytutpolski.pl\/budapest\/pl\/jezyk-polski\/lektoraty-jezyka-polskiego-na-uczelniach\/\" \/>\n<meta property=\"og:locale\" content=\"pl_PL\" \/>\n<meta property=\"og:type\" content=\"article\" \/>\n<meta property=\"og:title\" content=\"Lektoraty j\u0119zyka polskiego na uczelniach - Instytut Polski w Budapeszcie\" \/>\n<meta property=\"og:description\" content=\"Studia polonistyczne na W\u0119grzech Uniwersytet ELTE w Budapeszcie Wydzia\u0142 Humanistyczny Instytut Filologii S\u0142owia\u0144skiej i Ba\u0142tyckiej Katedra Filologii Polskiej Kierownik katedry: dr Zsuzsanna R\u00e1duly To najstarsza katedra polonistyczna na W\u0119grzech, na kt\u00f3rej uczy si\u0119 obecnie 90 student\u00f3w. Katedra oferuje: polonistyczne studia licencjackie i magisterskie, lektorat j\u0119zyka polskiego, zaj\u0119cia fakultatywne, studia doktoranckie. Przedmioty prowadzone w ramach studi\u00f3w [&hellip;]\" \/>\n<meta property=\"og:url\" content=\"https:\/\/instytutpolski.pl\/budapest\/pl\/jezyk-polski\/lektoraty-jezyka-polskiego-na-uczelniach\/\" \/>\n<meta property=\"og:site_name\" content=\"Instytut Polski w Budapeszcie\" \/>\n<meta property=\"article:modified_time\" content=\"2020-05-29T09:02:02+00:00\" \/>\n<meta property=\"og:image\" content=\"https:\/\/instytutpolski.pl\/budapest\/wp-content\/uploads\/sites\/21\/2019\/07\/lektoraty-jezyka-polskiego.jpg\" \/>\n\t<meta property=\"og:image:width\" content=\"1920\" \/>\n\t<meta property=\"og:image:height\" content=\"700\" \/>\n\t<meta property=\"og:image:type\" content=\"image\/jpeg\" \/>\n<meta name=\"twitter:card\" content=\"summary_large_image\" \/>\n<meta name=\"twitter:label1\" content=\"Szacowany czas czytania\" \/>\n\t<meta name=\"twitter:data1\" content=\"1 minuta\" \/>\n<script type=\"application\/ld+json\" class=\"yoast-schema-graph\">{\"@context\":\"https:\/\/schema.org\",\"@graph\":[{\"@type\":\"WebPage\",\"@id\":\"https:\/\/instytutpolski.pl\/budapest\/pl\/jezyk-polski\/lektoraty-jezyka-polskiego-na-uczelniach\/\",\"url\":\"https:\/\/instytutpolski.pl\/budapest\/pl\/jezyk-polski\/lektoraty-jezyka-polskiego-na-uczelniach\/\",\"name\":\"Lektoraty j\u0119zyka polskiego na uczelniach - Instytut Polski w Budapeszcie\",\"isPartOf\":{\"@id\":\"https:\/\/instytutpolski.pl\/budapest\/#website\"},\"primaryImageOfPage\":{\"@id\":\"https:\/\/instytutpolski.pl\/budapest\/pl\/jezyk-polski\/lektoraty-jezyka-polskiego-na-uczelniach\/#primaryimage\"},\"image\":{\"@id\":\"https:\/\/instytutpolski.pl\/budapest\/pl\/jezyk-polski\/lektoraty-jezyka-polskiego-na-uczelniach\/#primaryimage\"},\"thumbnailUrl\":\"https:\/\/instytutpolski.pl\/budapest\/wp-content\/uploads\/sites\/21\/2019\/07\/lektoraty-jezyka-polskiego.jpg\",\"datePublished\":\"2019-07-03T07:42:14+00:00\",\"dateModified\":\"2020-05-29T09:02:02+00:00\",\"breadcrumb\":{\"@id\":\"https:\/\/instytutpolski.pl\/budapest\/pl\/jezyk-polski\/lektoraty-jezyka-polskiego-na-uczelniach\/#breadcrumb\"},\"inLanguage\":\"pl-PL\",\"potentialAction\":[{\"@type\":\"ReadAction\",\"target\":[\"https:\/\/instytutpolski.pl\/budapest\/pl\/jezyk-polski\/lektoraty-jezyka-polskiego-na-uczelniach\/\"]}]},{\"@type\":\"ImageObject\",\"inLanguage\":\"pl-PL\",\"@id\":\"https:\/\/instytutpolski.pl\/budapest\/pl\/jezyk-polski\/lektoraty-jezyka-polskiego-na-uczelniach\/#primaryimage\",\"url\":\"https:\/\/instytutpolski.pl\/budapest\/wp-content\/uploads\/sites\/21\/2019\/07\/lektoraty-jezyka-polskiego.jpg\",\"contentUrl\":\"https:\/\/instytutpolski.pl\/budapest\/wp-content\/uploads\/sites\/21\/2019\/07\/lektoraty-jezyka-polskiego.jpg\",\"width\":1920,\"height\":700},{\"@type\":\"BreadcrumbList\",\"@id\":\"https:\/\/instytutpolski.pl\/budapest\/pl\/jezyk-polski\/lektoraty-jezyka-polskiego-na-uczelniach\/#breadcrumb\",\"itemListElement\":[{\"@type\":\"ListItem\",\"position\":1,\"name\":\"Home\",\"item\":\"https:\/\/instytutpolski.pl\/budapest\/\"},{\"@type\":\"ListItem\",\"position\":2,\"name\":\"J\u0119zyk polski\",\"item\":\"https:\/\/instytutpolski.pl\/budapest\/pl\/jezyk-polski\/\"},{\"@type\":\"ListItem\",\"position\":3,\"name\":\"Lektoraty j\u0119zyka polskiego na uczelniach\"}]},{\"@type\":\"WebSite\",\"@id\":\"https:\/\/instytutpolski.pl\/budapest\/#website\",\"url\":\"https:\/\/instytutpolski.pl\/budapest\/\",\"name\":\"Instytut Polski w Budapeszcie\",\"description\":\"Instytuty Polskie\",\"potentialAction\":[{\"@type\":\"SearchAction\",\"target\":{\"@type\":\"EntryPoint\",\"urlTemplate\":\"https:\/\/instytutpolski.pl\/budapest\/?s={search_term_string}\"},\"query-input\":{\"@type\":\"PropertyValueSpecification\",\"valueRequired\":true,\"valueName\":\"search_term_string\"}}],\"inLanguage\":\"pl-PL\"}]}<\/script>\n<!-- \/ Yoast SEO plugin. -->","yoast_head_json":{"title":"Lektoraty j\u0119zyka polskiego na uczelniach - Instytut Polski w Budapeszcie","robots":{"index":"index","follow":"follow","max-snippet":"max-snippet:-1","max-image-preview":"max-image-preview:large","max-video-preview":"max-video-preview:-1"},"canonical":"https:\/\/instytutpolski.pl\/budapest\/pl\/jezyk-polski\/lektoraty-jezyka-polskiego-na-uczelniach\/","og_locale":"pl_PL","og_type":"article","og_title":"Lektoraty j\u0119zyka polskiego na uczelniach - Instytut Polski w Budapeszcie","og_description":"Studia polonistyczne na W\u0119grzech Uniwersytet ELTE w Budapeszcie Wydzia\u0142 Humanistyczny Instytut Filologii S\u0142owia\u0144skiej i Ba\u0142tyckiej Katedra Filologii Polskiej Kierownik katedry: dr Zsuzsanna R\u00e1duly To najstarsza katedra polonistyczna na W\u0119grzech, na kt\u00f3rej uczy si\u0119 obecnie 90 student\u00f3w. Katedra oferuje: polonistyczne studia licencjackie i magisterskie, lektorat j\u0119zyka polskiego, zaj\u0119cia fakultatywne, studia doktoranckie. Przedmioty prowadzone w ramach studi\u00f3w [&hellip;]","og_url":"https:\/\/instytutpolski.pl\/budapest\/pl\/jezyk-polski\/lektoraty-jezyka-polskiego-na-uczelniach\/","og_site_name":"Instytut Polski w Budapeszcie","article_modified_time":"2020-05-29T09:02:02+00:00","og_image":[{"width":1920,"height":700,"url":"https:\/\/instytutpolski.pl\/budapest\/wp-content\/uploads\/sites\/21\/2019\/07\/lektoraty-jezyka-polskiego.jpg","type":"image\/jpeg"}],"twitter_card":"summary_large_image","twitter_misc":{"Szacowany czas czytania":"1 minuta"},"schema":{"@context":"https:\/\/schema.org","@graph":[{"@type":"WebPage","@id":"https:\/\/instytutpolski.pl\/budapest\/pl\/jezyk-polski\/lektoraty-jezyka-polskiego-na-uczelniach\/","url":"https:\/\/instytutpolski.pl\/budapest\/pl\/jezyk-polski\/lektoraty-jezyka-polskiego-na-uczelniach\/","name":"Lektoraty j\u0119zyka polskiego na uczelniach - Instytut Polski w Budapeszcie","isPartOf":{"@id":"https:\/\/instytutpolski.pl\/budapest\/#website"},"primaryImageOfPage":{"@id":"https:\/\/instytutpolski.pl\/budapest\/pl\/jezyk-polski\/lektoraty-jezyka-polskiego-na-uczelniach\/#primaryimage"},"image":{"@id":"https:\/\/instytutpolski.pl\/budapest\/pl\/jezyk-polski\/lektoraty-jezyka-polskiego-na-uczelniach\/#primaryimage"},"thumbnailUrl":"https:\/\/instytutpolski.pl\/budapest\/wp-content\/uploads\/sites\/21\/2019\/07\/lektoraty-jezyka-polskiego.jpg","datePublished":"2019-07-03T07:42:14+00:00","dateModified":"2020-05-29T09:02:02+00:00","breadcrumb":{"@id":"https:\/\/instytutpolski.pl\/budapest\/pl\/jezyk-polski\/lektoraty-jezyka-polskiego-na-uczelniach\/#breadcrumb"},"inLanguage":"pl-PL","potentialAction":[{"@type":"ReadAction","target":["https:\/\/instytutpolski.pl\/budapest\/pl\/jezyk-polski\/lektoraty-jezyka-polskiego-na-uczelniach\/"]}]},{"@type":"ImageObject","inLanguage":"pl-PL","@id":"https:\/\/instytutpolski.pl\/budapest\/pl\/jezyk-polski\/lektoraty-jezyka-polskiego-na-uczelniach\/#primaryimage","url":"https:\/\/instytutpolski.pl\/budapest\/wp-content\/uploads\/sites\/21\/2019\/07\/lektoraty-jezyka-polskiego.jpg","contentUrl":"https:\/\/instytutpolski.pl\/budapest\/wp-content\/uploads\/sites\/21\/2019\/07\/lektoraty-jezyka-polskiego.jpg","width":1920,"height":700},{"@type":"BreadcrumbList","@id":"https:\/\/instytutpolski.pl\/budapest\/pl\/jezyk-polski\/lektoraty-jezyka-polskiego-na-uczelniach\/#breadcrumb","itemListElement":[{"@type":"ListItem","position":1,"name":"Home","item":"https:\/\/instytutpolski.pl\/budapest\/"},{"@type":"ListItem","position":2,"name":"J\u0119zyk polski","item":"https:\/\/instytutpolski.pl\/budapest\/pl\/jezyk-polski\/"},{"@type":"ListItem","position":3,"name":"Lektoraty j\u0119zyka polskiego na uczelniach"}]},{"@type":"WebSite","@id":"https:\/\/instytutpolski.pl\/budapest\/#website","url":"https:\/\/instytutpolski.pl\/budapest\/","name":"Instytut Polski w Budapeszcie","description":"Instytuty Polskie","potentialAction":[{"@type":"SearchAction","target":{"@type":"EntryPoint","urlTemplate":"https:\/\/instytutpolski.pl\/budapest\/?s={search_term_string}"},"query-input":{"@type":"PropertyValueSpecification","valueRequired":true,"valueName":"search_term_string"}}],"inLanguage":"pl-PL"}]}},"_links":{"self":[{"href":"https:\/\/instytutpolski.pl\/budapest\/wp-json\/wp\/v2\/pages\/1264","targetHints":{"allow":["GET"]}}],"collection":[{"href":"https:\/\/instytutpolski.pl\/budapest\/wp-json\/wp\/v2\/pages"}],"about":[{"href":"https:\/\/instytutpolski.pl\/budapest\/wp-json\/wp\/v2\/types\/page"}],"author":[{"embeddable":true,"href":"https:\/\/instytutpolski.pl\/budapest\/wp-json\/wp\/v2\/users\/1"}],"replies":[{"embeddable":true,"href":"https:\/\/instytutpolski.pl\/budapest\/wp-json\/wp\/v2\/comments?post=1264"}],"version-history":[{"count":11,"href":"https:\/\/instytutpolski.pl\/budapest\/wp-json\/wp\/v2\/pages\/1264\/revisions"}],"predecessor-version":[{"id":8711,"href":"https:\/\/instytutpolski.pl\/budapest\/wp-json\/wp\/v2\/pages\/1264\/revisions\/8711"}],"up":[{"embeddable":true,"href":"https:\/\/instytutpolski.pl\/budapest\/wp-json\/wp\/v2\/pages\/1242"}],"wp:featuredmedia":[{"embeddable":true,"href":"https:\/\/instytutpolski.pl\/budapest\/wp-json\/wp\/v2\/media\/1265"}],"wp:attachment":[{"href":"https:\/\/instytutpolski.pl\/budapest\/wp-json\/wp\/v2\/media?parent=1264"}],"curies":[{"name":"wp","href":"https:\/\/api.w.org\/{rel}","templated":true}]}}