{"id":1280,"date":"2019-07-03T09:45:06","date_gmt":"2019-07-03T07:45:06","guid":{"rendered":"https:\/\/instytutpolski.pl\/budapeszt\/?page_id=1280"},"modified":"2020-05-14T10:13:26","modified_gmt":"2020-05-14T08:13:26","slug":"certyfikacja-znajomosci-jezyka-polskiego","status":"publish","type":"page","link":"https:\/\/instytutpolski.pl\/budapest\/pl\/jezyk-polski\/certyfikacja-znajomosci-jezyka-polskiego\/","title":{"rendered":"Certyfikacja znajomo\u015bci j\u0119zyka polskiego"},"content":{"rendered":"\n<h2 class=\"wp-block-heading\"><strong>CERTYFIKOWANY EGZAMIN Z J\u0118ZYKA POLSKIEGO<\/strong><\/h2>\n\n\n\n<p>Certyfikowane egzaminy z j\u0119zyka polskiego jako obcego maj\u0105 za zadanie okre\u015blenie kompetencji w j\u0119zyku polskim niezale\u017cnie od instytucji prowadz\u0105cych nauczanie, program\u00f3w nauczania, stosowanych materia\u0142\u00f3w i metod. Znajomo\u015b\u0107 j\u0119zyka polskiego okre\u015bla si\u0119 jako umiej\u0119tno\u015b\u0107 rozumienia wsp\u00f3\u0142czesnej polszczyzny pisanej i m\u00f3wionej oraz umiej\u0119tno\u015b\u0107 u\u017cywania j\u0119zyka polskiego w mowie i pi\u015bmie.<\/p>\n\n\n\n<p><strong>EGZAMIN ECL W BUDAPESZCIE<\/strong><\/p>\n\n\n\n<p>Akredytowanym o\u015brodkiem certyfikowanego egzaminu z j\u0119zyka polskiego ECL w Budapeszcie jest Centrum Nauki J\u0119zyk\u00f3w Obcych przy Uniwersytecie ELTE (<strong>ELTE Idegennyelvi Tov\u00e1bbk\u00e9pz\u0151 K\u00f6zpont). Egzamin organizowany jest dwa razy w roku na poziomach A2, B1, B2 i C1.&nbsp;<\/strong><\/p>\n\n\n\n<p><a href=\"http:\/\/www.nyak.hu\/hol\/detail.asp?strUid=AAAAAI\" target=\"_blank\" rel=\"noreferrer noopener\">Dalsze informacje<\/a><\/p>\n\n\n\n<p><strong>PA\u0143STWOWY EGZAMIN CERTYFIKOWANY Z J\u0118ZYKA POLSKIEGO JAKO OBCEGO<\/strong><\/p>\n\n\n\n<p>Certyfikowany egzamin z j\u0119zyka polskiego przeprowadza Pa\u0144stwowa Komisja &nbsp;Po\u015bwiadczania Znajomo\u015bci J\u0119zyka Polskiego jako Obcego. Standardy wymaga\u0144 egzaminacyjnych oraz zasady przeprowadzania egzamin\u00f3w zosta\u0142y oparte na najnowszych zaleceniach Rady Europy zmierzaj\u0105cych do standaryzacji testowania znajomo\u015bci j\u0119zyk\u00f3w obcych w Europie.&nbsp;Egzaminy organizowane s\u0105 co najmniej 3 razy w roku (wiosn\u0105, latem i jesieni\u0105) na poziomach B1, B2 i C2.<\/p>\n\n\n\n<p><a href=\"http:\/\/certyfikatpolski.pl\/\" target=\"_blank\" rel=\"noreferrer noopener\">Dalsze informacje<\/a><\/p>\n\n\n\n<p><a href=\"http:\/\/certyfikatpolski.pl\/index.php?option=com_content&amp;view=article&amp;id=82&amp;Itemid=119&amp;lang=en\" target=\"_blank\" rel=\"noreferrer noopener\">Zg\u0142oszenia<\/a><\/p>\n","protected":false},"excerpt":{"rendered":"<p>CERTYFIKOWANY EGZAMIN Z J\u0118ZYKA POLSKIEGO Certyfikowane egzaminy z j\u0119zyka polskiego jako obcego maj\u0105 za zadanie okre\u015blenie kompetencji w j\u0119zyku polskim niezale\u017cnie od instytucji prowadz\u0105cych nauczanie, program\u00f3w nauczania, stosowanych materia\u0142\u00f3w i metod. Znajomo\u015b\u0107 j\u0119zyka polskiego okre\u015bla si\u0119 jako umiej\u0119tno\u015b\u0107 rozumienia wsp\u00f3\u0142czesnej polszczyzny pisanej i m\u00f3wionej oraz umiej\u0119tno\u015b\u0107 u\u017cywania j\u0119zyka polskiego w mowie i pi\u015bmie. EGZAMIN ECL [&hellip;]<\/p>\n","protected":false},"author":1,"featured_media":1281,"parent":1242,"menu_order":0,"comment_status":"closed","ping_status":"closed","template":"","meta":{"inline_featured_image":false,"_monsterinsights_skip_tracking":false,"_monsterinsights_sitenote_active":false,"_monsterinsights_sitenote_note":"","_monsterinsights_sitenote_category":0,"footnotes":""},"class_list":["post-1280","page","type-page","status-publish","has-post-thumbnail","hentry"],"yoast_head":"<!-- This site is optimized with the Yoast SEO plugin v24.6 - https:\/\/yoast.com\/wordpress\/plugins\/seo\/ -->\n<title>Certyfikacja znajomo\u015bci j\u0119zyka polskiego - Instytut Polski w Budapeszcie<\/title>\n<meta name=\"robots\" content=\"index, follow, max-snippet:-1, max-image-preview:large, max-video-preview:-1\" \/>\n<link rel=\"canonical\" href=\"https:\/\/instytutpolski.pl\/budapest\/pl\/jezyk-polski\/certyfikacja-znajomosci-jezyka-polskiego\/\" \/>\n<meta property=\"og:locale\" content=\"pl_PL\" \/>\n<meta property=\"og:type\" content=\"article\" \/>\n<meta property=\"og:title\" content=\"Certyfikacja znajomo\u015bci j\u0119zyka polskiego - Instytut Polski w Budapeszcie\" \/>\n<meta property=\"og:description\" content=\"CERTYFIKOWANY EGZAMIN Z J\u0118ZYKA POLSKIEGO Certyfikowane egzaminy z j\u0119zyka polskiego jako obcego maj\u0105 za zadanie okre\u015blenie kompetencji w j\u0119zyku polskim niezale\u017cnie od instytucji prowadz\u0105cych nauczanie, program\u00f3w nauczania, stosowanych materia\u0142\u00f3w i metod. Znajomo\u015b\u0107 j\u0119zyka polskiego okre\u015bla si\u0119 jako umiej\u0119tno\u015b\u0107 rozumienia wsp\u00f3\u0142czesnej polszczyzny pisanej i m\u00f3wionej oraz umiej\u0119tno\u015b\u0107 u\u017cywania j\u0119zyka polskiego w mowie i pi\u015bmie. EGZAMIN ECL [&hellip;]\" \/>\n<meta property=\"og:url\" content=\"https:\/\/instytutpolski.pl\/budapest\/pl\/jezyk-polski\/certyfikacja-znajomosci-jezyka-polskiego\/\" \/>\n<meta property=\"og:site_name\" content=\"Instytut Polski w Budapeszcie\" \/>\n<meta property=\"article:modified_time\" content=\"2020-05-14T08:13:26+00:00\" \/>\n<meta property=\"og:image\" content=\"https:\/\/instytutpolski.pl\/budapest\/wp-content\/uploads\/sites\/21\/2019\/07\/certyfikacja-znajomosci.jpg\" \/>\n\t<meta property=\"og:image:width\" content=\"1920\" \/>\n\t<meta property=\"og:image:height\" content=\"700\" \/>\n\t<meta property=\"og:image:type\" content=\"image\/jpeg\" \/>\n<meta name=\"twitter:card\" content=\"summary_large_image\" \/>\n<meta name=\"twitter:label1\" content=\"Szacowany czas czytania\" \/>\n\t<meta name=\"twitter:data1\" content=\"1 minuta\" \/>\n<script type=\"application\/ld+json\" class=\"yoast-schema-graph\">{\"@context\":\"https:\/\/schema.org\",\"@graph\":[{\"@type\":\"WebPage\",\"@id\":\"https:\/\/instytutpolski.pl\/budapest\/pl\/jezyk-polski\/certyfikacja-znajomosci-jezyka-polskiego\/\",\"url\":\"https:\/\/instytutpolski.pl\/budapest\/pl\/jezyk-polski\/certyfikacja-znajomosci-jezyka-polskiego\/\",\"name\":\"Certyfikacja znajomo\u015bci j\u0119zyka polskiego - Instytut Polski w Budapeszcie\",\"isPartOf\":{\"@id\":\"https:\/\/instytutpolski.pl\/budapest\/#website\"},\"primaryImageOfPage\":{\"@id\":\"https:\/\/instytutpolski.pl\/budapest\/pl\/jezyk-polski\/certyfikacja-znajomosci-jezyka-polskiego\/#primaryimage\"},\"image\":{\"@id\":\"https:\/\/instytutpolski.pl\/budapest\/pl\/jezyk-polski\/certyfikacja-znajomosci-jezyka-polskiego\/#primaryimage\"},\"thumbnailUrl\":\"https:\/\/instytutpolski.pl\/budapest\/wp-content\/uploads\/sites\/21\/2019\/07\/certyfikacja-znajomosci.jpg\",\"datePublished\":\"2019-07-03T07:45:06+00:00\",\"dateModified\":\"2020-05-14T08:13:26+00:00\",\"breadcrumb\":{\"@id\":\"https:\/\/instytutpolski.pl\/budapest\/pl\/jezyk-polski\/certyfikacja-znajomosci-jezyka-polskiego\/#breadcrumb\"},\"inLanguage\":\"pl-PL\",\"potentialAction\":[{\"@type\":\"ReadAction\",\"target\":[\"https:\/\/instytutpolski.pl\/budapest\/pl\/jezyk-polski\/certyfikacja-znajomosci-jezyka-polskiego\/\"]}]},{\"@type\":\"ImageObject\",\"inLanguage\":\"pl-PL\",\"@id\":\"https:\/\/instytutpolski.pl\/budapest\/pl\/jezyk-polski\/certyfikacja-znajomosci-jezyka-polskiego\/#primaryimage\",\"url\":\"https:\/\/instytutpolski.pl\/budapest\/wp-content\/uploads\/sites\/21\/2019\/07\/certyfikacja-znajomosci.jpg\",\"contentUrl\":\"https:\/\/instytutpolski.pl\/budapest\/wp-content\/uploads\/sites\/21\/2019\/07\/certyfikacja-znajomosci.jpg\",\"width\":1920,\"height\":700},{\"@type\":\"BreadcrumbList\",\"@id\":\"https:\/\/instytutpolski.pl\/budapest\/pl\/jezyk-polski\/certyfikacja-znajomosci-jezyka-polskiego\/#breadcrumb\",\"itemListElement\":[{\"@type\":\"ListItem\",\"position\":1,\"name\":\"Home\",\"item\":\"https:\/\/instytutpolski.pl\/budapest\/\"},{\"@type\":\"ListItem\",\"position\":2,\"name\":\"J\u0119zyk polski\",\"item\":\"https:\/\/instytutpolski.pl\/budapest\/pl\/jezyk-polski\/\"},{\"@type\":\"ListItem\",\"position\":3,\"name\":\"Certyfikacja znajomo\u015bci j\u0119zyka polskiego\"}]},{\"@type\":\"WebSite\",\"@id\":\"https:\/\/instytutpolski.pl\/budapest\/#website\",\"url\":\"https:\/\/instytutpolski.pl\/budapest\/\",\"name\":\"Instytut Polski w Budapeszcie\",\"description\":\"Instytuty Polskie\",\"potentialAction\":[{\"@type\":\"SearchAction\",\"target\":{\"@type\":\"EntryPoint\",\"urlTemplate\":\"https:\/\/instytutpolski.pl\/budapest\/?s={search_term_string}\"},\"query-input\":{\"@type\":\"PropertyValueSpecification\",\"valueRequired\":true,\"valueName\":\"search_term_string\"}}],\"inLanguage\":\"pl-PL\"}]}<\/script>\n<!-- \/ Yoast SEO plugin. -->","yoast_head_json":{"title":"Certyfikacja znajomo\u015bci j\u0119zyka polskiego - Instytut Polski w Budapeszcie","robots":{"index":"index","follow":"follow","max-snippet":"max-snippet:-1","max-image-preview":"max-image-preview:large","max-video-preview":"max-video-preview:-1"},"canonical":"https:\/\/instytutpolski.pl\/budapest\/pl\/jezyk-polski\/certyfikacja-znajomosci-jezyka-polskiego\/","og_locale":"pl_PL","og_type":"article","og_title":"Certyfikacja znajomo\u015bci j\u0119zyka polskiego - Instytut Polski w Budapeszcie","og_description":"CERTYFIKOWANY EGZAMIN Z J\u0118ZYKA POLSKIEGO Certyfikowane egzaminy z j\u0119zyka polskiego jako obcego maj\u0105 za zadanie okre\u015blenie kompetencji w j\u0119zyku polskim niezale\u017cnie od instytucji prowadz\u0105cych nauczanie, program\u00f3w nauczania, stosowanych materia\u0142\u00f3w i metod. Znajomo\u015b\u0107 j\u0119zyka polskiego okre\u015bla si\u0119 jako umiej\u0119tno\u015b\u0107 rozumienia wsp\u00f3\u0142czesnej polszczyzny pisanej i m\u00f3wionej oraz umiej\u0119tno\u015b\u0107 u\u017cywania j\u0119zyka polskiego w mowie i pi\u015bmie. EGZAMIN ECL [&hellip;]","og_url":"https:\/\/instytutpolski.pl\/budapest\/pl\/jezyk-polski\/certyfikacja-znajomosci-jezyka-polskiego\/","og_site_name":"Instytut Polski w Budapeszcie","article_modified_time":"2020-05-14T08:13:26+00:00","og_image":[{"width":1920,"height":700,"url":"https:\/\/instytutpolski.pl\/budapest\/wp-content\/uploads\/sites\/21\/2019\/07\/certyfikacja-znajomosci.jpg","type":"image\/jpeg"}],"twitter_card":"summary_large_image","twitter_misc":{"Szacowany czas czytania":"1 minuta"},"schema":{"@context":"https:\/\/schema.org","@graph":[{"@type":"WebPage","@id":"https:\/\/instytutpolski.pl\/budapest\/pl\/jezyk-polski\/certyfikacja-znajomosci-jezyka-polskiego\/","url":"https:\/\/instytutpolski.pl\/budapest\/pl\/jezyk-polski\/certyfikacja-znajomosci-jezyka-polskiego\/","name":"Certyfikacja znajomo\u015bci j\u0119zyka polskiego - Instytut Polski w Budapeszcie","isPartOf":{"@id":"https:\/\/instytutpolski.pl\/budapest\/#website"},"primaryImageOfPage":{"@id":"https:\/\/instytutpolski.pl\/budapest\/pl\/jezyk-polski\/certyfikacja-znajomosci-jezyka-polskiego\/#primaryimage"},"image":{"@id":"https:\/\/instytutpolski.pl\/budapest\/pl\/jezyk-polski\/certyfikacja-znajomosci-jezyka-polskiego\/#primaryimage"},"thumbnailUrl":"https:\/\/instytutpolski.pl\/budapest\/wp-content\/uploads\/sites\/21\/2019\/07\/certyfikacja-znajomosci.jpg","datePublished":"2019-07-03T07:45:06+00:00","dateModified":"2020-05-14T08:13:26+00:00","breadcrumb":{"@id":"https:\/\/instytutpolski.pl\/budapest\/pl\/jezyk-polski\/certyfikacja-znajomosci-jezyka-polskiego\/#breadcrumb"},"inLanguage":"pl-PL","potentialAction":[{"@type":"ReadAction","target":["https:\/\/instytutpolski.pl\/budapest\/pl\/jezyk-polski\/certyfikacja-znajomosci-jezyka-polskiego\/"]}]},{"@type":"ImageObject","inLanguage":"pl-PL","@id":"https:\/\/instytutpolski.pl\/budapest\/pl\/jezyk-polski\/certyfikacja-znajomosci-jezyka-polskiego\/#primaryimage","url":"https:\/\/instytutpolski.pl\/budapest\/wp-content\/uploads\/sites\/21\/2019\/07\/certyfikacja-znajomosci.jpg","contentUrl":"https:\/\/instytutpolski.pl\/budapest\/wp-content\/uploads\/sites\/21\/2019\/07\/certyfikacja-znajomosci.jpg","width":1920,"height":700},{"@type":"BreadcrumbList","@id":"https:\/\/instytutpolski.pl\/budapest\/pl\/jezyk-polski\/certyfikacja-znajomosci-jezyka-polskiego\/#breadcrumb","itemListElement":[{"@type":"ListItem","position":1,"name":"Home","item":"https:\/\/instytutpolski.pl\/budapest\/"},{"@type":"ListItem","position":2,"name":"J\u0119zyk polski","item":"https:\/\/instytutpolski.pl\/budapest\/pl\/jezyk-polski\/"},{"@type":"ListItem","position":3,"name":"Certyfikacja znajomo\u015bci j\u0119zyka polskiego"}]},{"@type":"WebSite","@id":"https:\/\/instytutpolski.pl\/budapest\/#website","url":"https:\/\/instytutpolski.pl\/budapest\/","name":"Instytut Polski w Budapeszcie","description":"Instytuty Polskie","potentialAction":[{"@type":"SearchAction","target":{"@type":"EntryPoint","urlTemplate":"https:\/\/instytutpolski.pl\/budapest\/?s={search_term_string}"},"query-input":{"@type":"PropertyValueSpecification","valueRequired":true,"valueName":"search_term_string"}}],"inLanguage":"pl-PL"}]}},"_links":{"self":[{"href":"https:\/\/instytutpolski.pl\/budapest\/wp-json\/wp\/v2\/pages\/1280","targetHints":{"allow":["GET"]}}],"collection":[{"href":"https:\/\/instytutpolski.pl\/budapest\/wp-json\/wp\/v2\/pages"}],"about":[{"href":"https:\/\/instytutpolski.pl\/budapest\/wp-json\/wp\/v2\/types\/page"}],"author":[{"embeddable":true,"href":"https:\/\/instytutpolski.pl\/budapest\/wp-json\/wp\/v2\/users\/1"}],"replies":[{"embeddable":true,"href":"https:\/\/instytutpolski.pl\/budapest\/wp-json\/wp\/v2\/comments?post=1280"}],"version-history":[{"count":3,"href":"https:\/\/instytutpolski.pl\/budapest\/wp-json\/wp\/v2\/pages\/1280\/revisions"}],"predecessor-version":[{"id":7562,"href":"https:\/\/instytutpolski.pl\/budapest\/wp-json\/wp\/v2\/pages\/1280\/revisions\/7562"}],"up":[{"embeddable":true,"href":"https:\/\/instytutpolski.pl\/budapest\/wp-json\/wp\/v2\/pages\/1242"}],"wp:featuredmedia":[{"embeddable":true,"href":"https:\/\/instytutpolski.pl\/budapest\/wp-json\/wp\/v2\/media\/1281"}],"wp:attachment":[{"href":"https:\/\/instytutpolski.pl\/budapest\/wp-json\/wp\/v2\/media?parent=1280"}],"curies":[{"name":"wp","href":"https:\/\/api.w.org\/{rel}","templated":true}]}}