{"id":1284,"date":"2019-07-03T09:45:06","date_gmt":"2019-07-03T07:45:06","guid":{"rendered":"https:\/\/instytutpolski.pl\/budapeszt\/?page_id=1284"},"modified":"2020-01-31T16:03:58","modified_gmt":"2020-01-31T15:03:58","slug":"nyelvvizsgak","status":"publish","type":"page","link":"https:\/\/instytutpolski.pl\/budapest\/lengyel-nyelv\/nyelvvizsgak\/","title":{"rendered":"Nyelvvizsg\u00e1k"},"content":{"rendered":"\n<p>Az okleveles nyelvvizsga a lengyel nyelvi kompetencia felm\u00e9r\u00e9s\u00e9re ir\u00e1nyul, f\u00fcggetlen\u00fcl a nyelvi tanulm\u00e1nyokat vezet\u0151 int\u00e9zett\u0151l, a tanulm\u00e1nyok programj\u00e1t\u00f3l, a seg\u00e9danyagok \u00e9s tanul\u00e1si met\u00f3dus jelleg\u00e9t\u0151l. A lengyel nyelv ismerete az aktu\u00e1lis \u00edrott \u00e9s besz\u00e9lt nyelv meg\u00e9rt\u00e9s\u00e9t, valamint a \u00edr\u00e1sbeli \u00e9s sz\u00f3beli nyelvhaszn\u00e1latra val\u00f3 k\u00e9pess\u00e9get jelenti.<\/p>\n<p>\u00a0<\/p>\n<p><strong>BUDAPESTI ECL NYELVVIZSGA<\/strong><\/p>\n<p>Az ELTE Idegennyelvi Tov\u00e1bbk\u00e9pz\u0151 K\u00f6zpontj\u00e1hoz tartoz\u00f3 budapesti ECL akkredit\u00e1lt nyelvvizsgak\u00f6zpont az egyik olyan int\u00e9zm\u00e9ny, ahol okleveles lengyel nyelvvizsg\u00e1t lehet tenni. A nyelvvizsg\u00e1kra k\u00e9tszer egy \u00e9vben ker\u00fcl sor,\u00a0<strong>A2, B1, B2 \u00e9s C1 szinteken.\u00a0<\/strong>A lengyel nem akkredit\u00e1lt vizsganyelv, de kieg\u00e9sz\u00edt\u0151 vizsga n\u00e9lk\u00fcl honos\u00edt\u00e1ssal akkredit\u00e1lhat\u00f3 \u00e1ltal\u00e1nos nyelvi egynyelv\u0171 komplex, sz\u00f3beli, \u00edr\u00e1sbeli bizony\u00edtv\u00e1nyk\u00e9nt, teh\u00e1t\u00a0<em>k\u00e9tnyelv\u0171re nem honos\u00edthat\u00f3.<\/em><\/p>\n<p><a href=\"http:\/\/www.ecl.hu\/pages\/Default.aspx\" target=\"_blank\" rel=\"noopener noreferrer\">Tov\u00e1bb az ECL honlapj\u00e1ra<\/a><\/p>\n<p><a href=\"http:\/\/www.nyak.hu\/doc\/honositas\/tajekoztato.asp\" target=\"_blank\" rel=\"noopener noreferrer\">Inform\u00e1ci\u00f3 a honos\u00edt\u00e1si elj\u00e1r\u00e1sr\u00f3l<\/a><\/p>\n<p>\u00a0<\/p>\n<p><strong>\u00c1LLAMILAG ELISMERT LENGYEL IDEGENNYELVI VIZSGA<\/strong><\/p>\n<p><strong>Az okleveles lengyel nyelvvizsga-bizony\u00edtv\u00e1nyra val\u00f3 jogosults\u00e1gr\u00f3l az<\/strong>\u00a0\u00c1llami Lengyel Idegennyelvi Vizsgabizotts\u00e1g d\u00f6nt. A vizsgak\u00f6vetelm\u00e9nyek \u00e9s a vizsg\u00e1ztat\u00e1s menet\u00e9nek szab\u00e1lyrendszere az Eur\u00f3pai Tan\u00e1cs leg\u00fajabb, valamennyi vizsganyelvb\u0151l azonos k\u00f6vetelm\u00e9nyek alapj\u00e1n, egys\u00e9ges m\u00f3dszereket alkalmaz\u00f3 el\u0151\u00edr\u00e1saival \u00f6sszhangban sz\u00fcletett meg. A B1, B2 \u00e9s C2 szint\u0171 nyelvvizsg\u00e1kra minimum \u00e9vi h\u00e1rom alkalommal (tavasszal, ny\u00e1ron \u00e9s \u0151sszel) lehet jelentkezni. Kieg\u00e9sz\u00edt\u0151 vizsga n\u00e9lk\u00fcl honos\u00edt\u00e1ssal akkredit\u00e1lhat\u00f3 \u00e1ltal\u00e1nos nyelvi egynyelv\u0171 komplex bizony\u00edtv\u00e1nyk\u00e9nt, teh\u00e1t\u00a0<em>k\u00e9tnyelv\u0171re nem honos\u00edthat\u00f3.<\/em><\/p>\n<p><a href=\"http:\/\/certyfikatpolski.pl\/\" target=\"_blank\" rel=\"noopener noreferrer\">Tov\u00e1bb a lengyel \u00e1llami nyelvvizsga oldal\u00e1ra<\/a><\/p>\n<p>\u00a0<\/p>\n<p><strong>EGY\u00c9B HONOS\u00cdTHAT\u00d3 NYELVVIZSGA<\/strong><\/p>\n<p>N\u00e9h\u00e1ny n\u00e9metorsz\u00e1gi fels\u0151oktat\u00e1si int\u00e9zm\u00e9nyben, illetve p\u00e9ld\u00e1ul az \u00e9retts\u00e9gi keret\u00e9ben lehet\u0151s\u00e9g ny\u00edlik az UNIcert nyelvvizsga let\u00e9tel\u00e9re lengyel nyelvb\u0151l is I (~B1), II (~B2), III (~C1) \u00e9s IV (~C2) szinteken. Magyarorsz\u00e1gon kieg\u00e9sz\u00edt\u0151 vizsga n\u00e9lk\u00fcl honos\u00edt\u00e1ssal akkredit\u00e1lhat\u00f3 \u00e1ltal\u00e1nos nyelvi egynyelv\u0171 komplex bizony\u00edtv\u00e1nyk\u00e9nt, teh\u00e1t\u00a0<em>k\u00e9tnyelv\u0171re nem honos\u00edthat\u00f3<\/em>\u00a0(I = alap-, II = k\u00f6z\u00e9p-, III-IV = fels\u0151fok).<\/p>\n<p><a href=\"http:\/\/www.unicert-online.org\/en\" target=\"_blank\" rel=\"noopener noreferrer\">Tov\u00e1bbi inform\u00e1ci\u00f3k az UNIcertr\u0151l<\/a><\/p>\n<p>\u00a0<\/p>\n","protected":false},"excerpt":{"rendered":"<p>Az okleveles nyelvvizsga a lengyel nyelvi kompetencia felm\u00e9r\u00e9s\u00e9re ir\u00e1nyul, f\u00fcggetlen\u00fcl a nyelvi tanulm\u00e1nyokat vezet\u0151 int\u00e9zett\u0151l, a tanulm\u00e1nyok programj\u00e1t\u00f3l, a seg\u00e9danyagok \u00e9s tanul\u00e1si met\u00f3dus jelleg\u00e9t\u0151l. A lengyel nyelv ismerete az aktu\u00e1lis \u00edrott \u00e9s besz\u00e9lt nyelv meg\u00e9rt\u00e9s\u00e9t, valamint a \u00edr\u00e1sbeli \u00e9s sz\u00f3beli nyelvhaszn\u00e1latra val\u00f3 k\u00e9pess\u00e9get jelenti. \u00a0 BUDAPESTI ECL NYELVVIZSGA Az ELTE Idegennyelvi Tov\u00e1bbk\u00e9pz\u0151 K\u00f6zpontj\u00e1hoz tartoz\u00f3 budapesti [&hellip;]<\/p>\n","protected":false},"author":1,"featured_media":1281,"parent":1246,"menu_order":0,"comment_status":"closed","ping_status":"closed","template":"","meta":{"inline_featured_image":false,"_monsterinsights_skip_tracking":false,"_monsterinsights_sitenote_active":false,"_monsterinsights_sitenote_note":"","_monsterinsights_sitenote_category":0,"footnotes":""},"class_list":["post-1284","page","type-page","status-publish","has-post-thumbnail","hentry"],"yoast_head":"<!-- This site is optimized with the Yoast SEO plugin v24.6 - https:\/\/yoast.com\/wordpress\/plugins\/seo\/ -->\n<title>Nyelvvizsg\u00e1k - Instytut Polski w Budapeszcie<\/title>\n<meta name=\"robots\" content=\"index, follow, max-snippet:-1, max-image-preview:large, max-video-preview:-1\" \/>\n<link rel=\"canonical\" href=\"https:\/\/instytutpolski.pl\/budapest\/lengyel-nyelv\/nyelvvizsgak\/\" \/>\n<meta property=\"og:locale\" content=\"pl_PL\" \/>\n<meta property=\"og:type\" content=\"article\" \/>\n<meta property=\"og:title\" content=\"Nyelvvizsg\u00e1k - Instytut Polski w Budapeszcie\" \/>\n<meta property=\"og:description\" content=\"Az okleveles nyelvvizsga a lengyel nyelvi kompetencia felm\u00e9r\u00e9s\u00e9re ir\u00e1nyul, f\u00fcggetlen\u00fcl a nyelvi tanulm\u00e1nyokat vezet\u0151 int\u00e9zett\u0151l, a tanulm\u00e1nyok programj\u00e1t\u00f3l, a seg\u00e9danyagok \u00e9s tanul\u00e1si met\u00f3dus jelleg\u00e9t\u0151l. A lengyel nyelv ismerete az aktu\u00e1lis \u00edrott \u00e9s besz\u00e9lt nyelv meg\u00e9rt\u00e9s\u00e9t, valamint a \u00edr\u00e1sbeli \u00e9s sz\u00f3beli nyelvhaszn\u00e1latra val\u00f3 k\u00e9pess\u00e9get jelenti. \u00a0 BUDAPESTI ECL NYELVVIZSGA Az ELTE Idegennyelvi Tov\u00e1bbk\u00e9pz\u0151 K\u00f6zpontj\u00e1hoz tartoz\u00f3 budapesti [&hellip;]\" \/>\n<meta property=\"og:url\" content=\"https:\/\/instytutpolski.pl\/budapest\/lengyel-nyelv\/nyelvvizsgak\/\" \/>\n<meta property=\"og:site_name\" content=\"Instytut Polski w Budapeszcie\" \/>\n<meta property=\"article:modified_time\" content=\"2020-01-31T15:03:58+00:00\" \/>\n<meta property=\"og:image\" content=\"https:\/\/instytutpolski.pl\/budapest\/wp-content\/uploads\/sites\/21\/2019\/07\/certyfikacja-znajomosci.jpg\" \/>\n\t<meta property=\"og:image:width\" content=\"1920\" \/>\n\t<meta property=\"og:image:height\" content=\"700\" \/>\n\t<meta property=\"og:image:type\" content=\"image\/jpeg\" \/>\n<meta name=\"twitter:card\" content=\"summary_large_image\" \/>\n<meta name=\"twitter:label1\" content=\"Szacowany czas czytania\" \/>\n\t<meta name=\"twitter:data1\" content=\"2 minuty\" \/>\n<script type=\"application\/ld+json\" class=\"yoast-schema-graph\">{\"@context\":\"https:\/\/schema.org\",\"@graph\":[{\"@type\":\"WebPage\",\"@id\":\"https:\/\/instytutpolski.pl\/budapest\/lengyel-nyelv\/nyelvvizsgak\/\",\"url\":\"https:\/\/instytutpolski.pl\/budapest\/lengyel-nyelv\/nyelvvizsgak\/\",\"name\":\"Nyelvvizsg\u00e1k - Instytut Polski w Budapeszcie\",\"isPartOf\":{\"@id\":\"https:\/\/instytutpolski.pl\/budapest\/#website\"},\"primaryImageOfPage\":{\"@id\":\"https:\/\/instytutpolski.pl\/budapest\/lengyel-nyelv\/nyelvvizsgak\/#primaryimage\"},\"image\":{\"@id\":\"https:\/\/instytutpolski.pl\/budapest\/lengyel-nyelv\/nyelvvizsgak\/#primaryimage\"},\"thumbnailUrl\":\"https:\/\/instytutpolski.pl\/budapest\/wp-content\/uploads\/sites\/21\/2019\/07\/certyfikacja-znajomosci.jpg\",\"datePublished\":\"2019-07-03T07:45:06+00:00\",\"dateModified\":\"2020-01-31T15:03:58+00:00\",\"breadcrumb\":{\"@id\":\"https:\/\/instytutpolski.pl\/budapest\/lengyel-nyelv\/nyelvvizsgak\/#breadcrumb\"},\"inLanguage\":\"pl-PL\",\"potentialAction\":[{\"@type\":\"ReadAction\",\"target\":[\"https:\/\/instytutpolski.pl\/budapest\/lengyel-nyelv\/nyelvvizsgak\/\"]}]},{\"@type\":\"ImageObject\",\"inLanguage\":\"pl-PL\",\"@id\":\"https:\/\/instytutpolski.pl\/budapest\/lengyel-nyelv\/nyelvvizsgak\/#primaryimage\",\"url\":\"https:\/\/instytutpolski.pl\/budapest\/wp-content\/uploads\/sites\/21\/2019\/07\/certyfikacja-znajomosci.jpg\",\"contentUrl\":\"https:\/\/instytutpolski.pl\/budapest\/wp-content\/uploads\/sites\/21\/2019\/07\/certyfikacja-znajomosci.jpg\",\"width\":1920,\"height\":700},{\"@type\":\"BreadcrumbList\",\"@id\":\"https:\/\/instytutpolski.pl\/budapest\/lengyel-nyelv\/nyelvvizsgak\/#breadcrumb\",\"itemListElement\":[{\"@type\":\"ListItem\",\"position\":1,\"name\":\"Home\",\"item\":\"https:\/\/instytutpolski.pl\/budapest\/\"},{\"@type\":\"ListItem\",\"position\":2,\"name\":\"A lengyel nyelv\",\"item\":\"https:\/\/instytutpolski.pl\/budapest\/lengyel-nyelv\/\"},{\"@type\":\"ListItem\",\"position\":3,\"name\":\"Nyelvvizsg\u00e1k\"}]},{\"@type\":\"WebSite\",\"@id\":\"https:\/\/instytutpolski.pl\/budapest\/#website\",\"url\":\"https:\/\/instytutpolski.pl\/budapest\/\",\"name\":\"Instytut Polski w Budapeszcie\",\"description\":\"Instytuty Polskie\",\"potentialAction\":[{\"@type\":\"SearchAction\",\"target\":{\"@type\":\"EntryPoint\",\"urlTemplate\":\"https:\/\/instytutpolski.pl\/budapest\/?s={search_term_string}\"},\"query-input\":{\"@type\":\"PropertyValueSpecification\",\"valueRequired\":true,\"valueName\":\"search_term_string\"}}],\"inLanguage\":\"pl-PL\"}]}<\/script>\n<!-- \/ Yoast SEO plugin. -->","yoast_head_json":{"title":"Nyelvvizsg\u00e1k - Instytut Polski w Budapeszcie","robots":{"index":"index","follow":"follow","max-snippet":"max-snippet:-1","max-image-preview":"max-image-preview:large","max-video-preview":"max-video-preview:-1"},"canonical":"https:\/\/instytutpolski.pl\/budapest\/lengyel-nyelv\/nyelvvizsgak\/","og_locale":"pl_PL","og_type":"article","og_title":"Nyelvvizsg\u00e1k - Instytut Polski w Budapeszcie","og_description":"Az okleveles nyelvvizsga a lengyel nyelvi kompetencia felm\u00e9r\u00e9s\u00e9re ir\u00e1nyul, f\u00fcggetlen\u00fcl a nyelvi tanulm\u00e1nyokat vezet\u0151 int\u00e9zett\u0151l, a tanulm\u00e1nyok programj\u00e1t\u00f3l, a seg\u00e9danyagok \u00e9s tanul\u00e1si met\u00f3dus jelleg\u00e9t\u0151l. A lengyel nyelv ismerete az aktu\u00e1lis \u00edrott \u00e9s besz\u00e9lt nyelv meg\u00e9rt\u00e9s\u00e9t, valamint a \u00edr\u00e1sbeli \u00e9s sz\u00f3beli nyelvhaszn\u00e1latra val\u00f3 k\u00e9pess\u00e9get jelenti. \u00a0 BUDAPESTI ECL NYELVVIZSGA Az ELTE Idegennyelvi Tov\u00e1bbk\u00e9pz\u0151 K\u00f6zpontj\u00e1hoz tartoz\u00f3 budapesti [&hellip;]","og_url":"https:\/\/instytutpolski.pl\/budapest\/lengyel-nyelv\/nyelvvizsgak\/","og_site_name":"Instytut Polski w Budapeszcie","article_modified_time":"2020-01-31T15:03:58+00:00","og_image":[{"width":1920,"height":700,"url":"https:\/\/instytutpolski.pl\/budapest\/wp-content\/uploads\/sites\/21\/2019\/07\/certyfikacja-znajomosci.jpg","type":"image\/jpeg"}],"twitter_card":"summary_large_image","twitter_misc":{"Szacowany czas czytania":"2 minuty"},"schema":{"@context":"https:\/\/schema.org","@graph":[{"@type":"WebPage","@id":"https:\/\/instytutpolski.pl\/budapest\/lengyel-nyelv\/nyelvvizsgak\/","url":"https:\/\/instytutpolski.pl\/budapest\/lengyel-nyelv\/nyelvvizsgak\/","name":"Nyelvvizsg\u00e1k - Instytut Polski w Budapeszcie","isPartOf":{"@id":"https:\/\/instytutpolski.pl\/budapest\/#website"},"primaryImageOfPage":{"@id":"https:\/\/instytutpolski.pl\/budapest\/lengyel-nyelv\/nyelvvizsgak\/#primaryimage"},"image":{"@id":"https:\/\/instytutpolski.pl\/budapest\/lengyel-nyelv\/nyelvvizsgak\/#primaryimage"},"thumbnailUrl":"https:\/\/instytutpolski.pl\/budapest\/wp-content\/uploads\/sites\/21\/2019\/07\/certyfikacja-znajomosci.jpg","datePublished":"2019-07-03T07:45:06+00:00","dateModified":"2020-01-31T15:03:58+00:00","breadcrumb":{"@id":"https:\/\/instytutpolski.pl\/budapest\/lengyel-nyelv\/nyelvvizsgak\/#breadcrumb"},"inLanguage":"pl-PL","potentialAction":[{"@type":"ReadAction","target":["https:\/\/instytutpolski.pl\/budapest\/lengyel-nyelv\/nyelvvizsgak\/"]}]},{"@type":"ImageObject","inLanguage":"pl-PL","@id":"https:\/\/instytutpolski.pl\/budapest\/lengyel-nyelv\/nyelvvizsgak\/#primaryimage","url":"https:\/\/instytutpolski.pl\/budapest\/wp-content\/uploads\/sites\/21\/2019\/07\/certyfikacja-znajomosci.jpg","contentUrl":"https:\/\/instytutpolski.pl\/budapest\/wp-content\/uploads\/sites\/21\/2019\/07\/certyfikacja-znajomosci.jpg","width":1920,"height":700},{"@type":"BreadcrumbList","@id":"https:\/\/instytutpolski.pl\/budapest\/lengyel-nyelv\/nyelvvizsgak\/#breadcrumb","itemListElement":[{"@type":"ListItem","position":1,"name":"Home","item":"https:\/\/instytutpolski.pl\/budapest\/"},{"@type":"ListItem","position":2,"name":"A lengyel nyelv","item":"https:\/\/instytutpolski.pl\/budapest\/lengyel-nyelv\/"},{"@type":"ListItem","position":3,"name":"Nyelvvizsg\u00e1k"}]},{"@type":"WebSite","@id":"https:\/\/instytutpolski.pl\/budapest\/#website","url":"https:\/\/instytutpolski.pl\/budapest\/","name":"Instytut Polski w Budapeszcie","description":"Instytuty Polskie","potentialAction":[{"@type":"SearchAction","target":{"@type":"EntryPoint","urlTemplate":"https:\/\/instytutpolski.pl\/budapest\/?s={search_term_string}"},"query-input":{"@type":"PropertyValueSpecification","valueRequired":true,"valueName":"search_term_string"}}],"inLanguage":"pl-PL"}]}},"_links":{"self":[{"href":"https:\/\/instytutpolski.pl\/budapest\/wp-json\/wp\/v2\/pages\/1284","targetHints":{"allow":["GET"]}}],"collection":[{"href":"https:\/\/instytutpolski.pl\/budapest\/wp-json\/wp\/v2\/pages"}],"about":[{"href":"https:\/\/instytutpolski.pl\/budapest\/wp-json\/wp\/v2\/types\/page"}],"author":[{"embeddable":true,"href":"https:\/\/instytutpolski.pl\/budapest\/wp-json\/wp\/v2\/users\/1"}],"replies":[{"embeddable":true,"href":"https:\/\/instytutpolski.pl\/budapest\/wp-json\/wp\/v2\/comments?post=1284"}],"version-history":[{"count":2,"href":"https:\/\/instytutpolski.pl\/budapest\/wp-json\/wp\/v2\/pages\/1284\/revisions"}],"predecessor-version":[{"id":2671,"href":"https:\/\/instytutpolski.pl\/budapest\/wp-json\/wp\/v2\/pages\/1284\/revisions\/2671"}],"up":[{"embeddable":true,"href":"https:\/\/instytutpolski.pl\/budapest\/wp-json\/wp\/v2\/pages\/1246"}],"wp:featuredmedia":[{"embeddable":true,"href":"https:\/\/instytutpolski.pl\/budapest\/wp-json\/wp\/v2\/media\/1281"}],"wp:attachment":[{"href":"https:\/\/instytutpolski.pl\/budapest\/wp-json\/wp\/v2\/media?parent=1284"}],"curies":[{"name":"wp","href":"https:\/\/api.w.org\/{rel}","templated":true}]}}