{"id":1288,"date":"2019-07-03T09:45:44","date_gmt":"2019-07-03T07:45:44","guid":{"rendered":"https:\/\/instytutpolski.pl\/budapeszt\/?page_id=1288"},"modified":"2020-05-14T10:14:30","modified_gmt":"2020-05-14T08:14:30","slug":"kursy-i-materialy-on-line","status":"publish","type":"page","link":"https:\/\/instytutpolski.pl\/budapest\/pl\/jezyk-polski\/kursy-i-materialy-on-line\/","title":{"rendered":"Kursy i materia\u0142y on-line"},"content":{"rendered":"\n<h2 class=\"wp-block-heading\"><strong>S\u0141OWNIKI POLSKIE W SIECI<\/strong><\/h2>\n\n\n\n<p><a href=\"http:\/\/www.sjp.pwn.pl\/\" target=\"_blank\" rel=\"noreferrer noopener\">S\u0142ownik j\u0119zyka polskiego<\/a><\/p>\n\n\n\n<p><a href=\"http:\/\/usjp.pwn.pl\/\" target=\"_blank\" rel=\"noreferrer noopener\">Uniwersalny s\u0142ownik j\u0119zyka polskiego<\/a><br>&nbsp;<br><a href=\"http:\/\/slowniki.tejo.pl\/index.php?a=index&amp;d=2\" target=\"_blank\" rel=\"noreferrer noopener\">S\u0142ownik synonim\u00f3w<\/a><br>&nbsp;<br><a href=\"http:\/\/so.pwn.pl\/\" target=\"_blank\" rel=\"noreferrer noopener\">Wielki s\u0142ownik ortograficzny<\/a><br>&nbsp;<br><a href=\"http:\/\/swo.pwn.pl\/\" target=\"_blank\" rel=\"noreferrer noopener\">S\u0142ownik wyraz\u00f3w obcych<\/a><br>&nbsp;<br><a href=\"http:\/\/www.univ.gda.pl\/slang\/\" target=\"_blank\" rel=\"noreferrer noopener\">S\u0142ownik polskiego slangu<\/a><\/p>\n","protected":false},"excerpt":{"rendered":"<p>S\u0141OWNIKI POLSKIE W SIECI S\u0142ownik j\u0119zyka polskiego Uniwersalny s\u0142ownik j\u0119zyka polskiego&nbsp;S\u0142ownik synonim\u00f3w&nbsp;Wielki s\u0142ownik ortograficzny&nbsp;S\u0142ownik wyraz\u00f3w obcych&nbsp;S\u0142ownik polskiego slangu<\/p>\n","protected":false},"author":1,"featured_media":0,"parent":1242,"menu_order":0,"comment_status":"closed","ping_status":"closed","template":"","meta":{"inline_featured_image":false,"_monsterinsights_skip_tracking":false,"_monsterinsights_sitenote_active":false,"_monsterinsights_sitenote_note":"","_monsterinsights_sitenote_category":0,"footnotes":""},"class_list":["post-1288","page","type-page","status-publish","hentry"],"yoast_head":"<!-- This site is optimized with the Yoast SEO plugin v24.6 - https:\/\/yoast.com\/wordpress\/plugins\/seo\/ -->\n<title>Kursy i materia\u0142y on-line - Instytut Polski w Budapeszcie<\/title>\n<meta name=\"robots\" content=\"index, follow, max-snippet:-1, max-image-preview:large, max-video-preview:-1\" \/>\n<link rel=\"canonical\" href=\"https:\/\/instytutpolski.pl\/budapest\/pl\/jezyk-polski\/kursy-i-materialy-on-line\/\" \/>\n<meta property=\"og:locale\" content=\"pl_PL\" \/>\n<meta property=\"og:type\" content=\"article\" \/>\n<meta property=\"og:title\" content=\"Kursy i materia\u0142y on-line - Instytut Polski w Budapeszcie\" \/>\n<meta property=\"og:description\" content=\"S\u0141OWNIKI POLSKIE W SIECI S\u0142ownik j\u0119zyka polskiego Uniwersalny s\u0142ownik j\u0119zyka polskiego&nbsp;S\u0142ownik synonim\u00f3w&nbsp;Wielki s\u0142ownik ortograficzny&nbsp;S\u0142ownik wyraz\u00f3w obcych&nbsp;S\u0142ownik polskiego slangu\" \/>\n<meta property=\"og:url\" content=\"https:\/\/instytutpolski.pl\/budapest\/pl\/jezyk-polski\/kursy-i-materialy-on-line\/\" \/>\n<meta property=\"og:site_name\" content=\"Instytut Polski w Budapeszcie\" \/>\n<meta property=\"article:modified_time\" content=\"2020-05-14T08:14:30+00:00\" \/>\n<meta name=\"twitter:card\" content=\"summary_large_image\" \/>\n<script type=\"application\/ld+json\" class=\"yoast-schema-graph\">{\"@context\":\"https:\/\/schema.org\",\"@graph\":[{\"@type\":\"WebPage\",\"@id\":\"https:\/\/instytutpolski.pl\/budapest\/pl\/jezyk-polski\/kursy-i-materialy-on-line\/\",\"url\":\"https:\/\/instytutpolski.pl\/budapest\/pl\/jezyk-polski\/kursy-i-materialy-on-line\/\",\"name\":\"Kursy i materia\u0142y on-line - Instytut Polski w Budapeszcie\",\"isPartOf\":{\"@id\":\"https:\/\/instytutpolski.pl\/budapest\/#website\"},\"datePublished\":\"2019-07-03T07:45:44+00:00\",\"dateModified\":\"2020-05-14T08:14:30+00:00\",\"breadcrumb\":{\"@id\":\"https:\/\/instytutpolski.pl\/budapest\/pl\/jezyk-polski\/kursy-i-materialy-on-line\/#breadcrumb\"},\"inLanguage\":\"pl-PL\",\"potentialAction\":[{\"@type\":\"ReadAction\",\"target\":[\"https:\/\/instytutpolski.pl\/budapest\/pl\/jezyk-polski\/kursy-i-materialy-on-line\/\"]}]},{\"@type\":\"BreadcrumbList\",\"@id\":\"https:\/\/instytutpolski.pl\/budapest\/pl\/jezyk-polski\/kursy-i-materialy-on-line\/#breadcrumb\",\"itemListElement\":[{\"@type\":\"ListItem\",\"position\":1,\"name\":\"Home\",\"item\":\"https:\/\/instytutpolski.pl\/budapest\/\"},{\"@type\":\"ListItem\",\"position\":2,\"name\":\"J\u0119zyk polski\",\"item\":\"https:\/\/instytutpolski.pl\/budapest\/pl\/jezyk-polski\/\"},{\"@type\":\"ListItem\",\"position\":3,\"name\":\"Kursy i materia\u0142y on-line\"}]},{\"@type\":\"WebSite\",\"@id\":\"https:\/\/instytutpolski.pl\/budapest\/#website\",\"url\":\"https:\/\/instytutpolski.pl\/budapest\/\",\"name\":\"Instytut Polski w Budapeszcie\",\"description\":\"Instytuty Polskie\",\"potentialAction\":[{\"@type\":\"SearchAction\",\"target\":{\"@type\":\"EntryPoint\",\"urlTemplate\":\"https:\/\/instytutpolski.pl\/budapest\/?s={search_term_string}\"},\"query-input\":{\"@type\":\"PropertyValueSpecification\",\"valueRequired\":true,\"valueName\":\"search_term_string\"}}],\"inLanguage\":\"pl-PL\"}]}<\/script>\n<!-- \/ Yoast SEO plugin. -->","yoast_head_json":{"title":"Kursy i materia\u0142y on-line - Instytut Polski w Budapeszcie","robots":{"index":"index","follow":"follow","max-snippet":"max-snippet:-1","max-image-preview":"max-image-preview:large","max-video-preview":"max-video-preview:-1"},"canonical":"https:\/\/instytutpolski.pl\/budapest\/pl\/jezyk-polski\/kursy-i-materialy-on-line\/","og_locale":"pl_PL","og_type":"article","og_title":"Kursy i materia\u0142y on-line - Instytut Polski w Budapeszcie","og_description":"S\u0141OWNIKI POLSKIE W SIECI S\u0142ownik j\u0119zyka polskiego Uniwersalny s\u0142ownik j\u0119zyka polskiego&nbsp;S\u0142ownik synonim\u00f3w&nbsp;Wielki s\u0142ownik ortograficzny&nbsp;S\u0142ownik wyraz\u00f3w obcych&nbsp;S\u0142ownik polskiego slangu","og_url":"https:\/\/instytutpolski.pl\/budapest\/pl\/jezyk-polski\/kursy-i-materialy-on-line\/","og_site_name":"Instytut Polski w Budapeszcie","article_modified_time":"2020-05-14T08:14:30+00:00","twitter_card":"summary_large_image","schema":{"@context":"https:\/\/schema.org","@graph":[{"@type":"WebPage","@id":"https:\/\/instytutpolski.pl\/budapest\/pl\/jezyk-polski\/kursy-i-materialy-on-line\/","url":"https:\/\/instytutpolski.pl\/budapest\/pl\/jezyk-polski\/kursy-i-materialy-on-line\/","name":"Kursy i materia\u0142y on-line - Instytut Polski w Budapeszcie","isPartOf":{"@id":"https:\/\/instytutpolski.pl\/budapest\/#website"},"datePublished":"2019-07-03T07:45:44+00:00","dateModified":"2020-05-14T08:14:30+00:00","breadcrumb":{"@id":"https:\/\/instytutpolski.pl\/budapest\/pl\/jezyk-polski\/kursy-i-materialy-on-line\/#breadcrumb"},"inLanguage":"pl-PL","potentialAction":[{"@type":"ReadAction","target":["https:\/\/instytutpolski.pl\/budapest\/pl\/jezyk-polski\/kursy-i-materialy-on-line\/"]}]},{"@type":"BreadcrumbList","@id":"https:\/\/instytutpolski.pl\/budapest\/pl\/jezyk-polski\/kursy-i-materialy-on-line\/#breadcrumb","itemListElement":[{"@type":"ListItem","position":1,"name":"Home","item":"https:\/\/instytutpolski.pl\/budapest\/"},{"@type":"ListItem","position":2,"name":"J\u0119zyk polski","item":"https:\/\/instytutpolski.pl\/budapest\/pl\/jezyk-polski\/"},{"@type":"ListItem","position":3,"name":"Kursy i materia\u0142y on-line"}]},{"@type":"WebSite","@id":"https:\/\/instytutpolski.pl\/budapest\/#website","url":"https:\/\/instytutpolski.pl\/budapest\/","name":"Instytut Polski w Budapeszcie","description":"Instytuty Polskie","potentialAction":[{"@type":"SearchAction","target":{"@type":"EntryPoint","urlTemplate":"https:\/\/instytutpolski.pl\/budapest\/?s={search_term_string}"},"query-input":{"@type":"PropertyValueSpecification","valueRequired":true,"valueName":"search_term_string"}}],"inLanguage":"pl-PL"}]}},"_links":{"self":[{"href":"https:\/\/instytutpolski.pl\/budapest\/wp-json\/wp\/v2\/pages\/1288","targetHints":{"allow":["GET"]}}],"collection":[{"href":"https:\/\/instytutpolski.pl\/budapest\/wp-json\/wp\/v2\/pages"}],"about":[{"href":"https:\/\/instytutpolski.pl\/budapest\/wp-json\/wp\/v2\/types\/page"}],"author":[{"embeddable":true,"href":"https:\/\/instytutpolski.pl\/budapest\/wp-json\/wp\/v2\/users\/1"}],"replies":[{"embeddable":true,"href":"https:\/\/instytutpolski.pl\/budapest\/wp-json\/wp\/v2\/comments?post=1288"}],"version-history":[{"count":2,"href":"https:\/\/instytutpolski.pl\/budapest\/wp-json\/wp\/v2\/pages\/1288\/revisions"}],"predecessor-version":[{"id":7563,"href":"https:\/\/instytutpolski.pl\/budapest\/wp-json\/wp\/v2\/pages\/1288\/revisions\/7563"}],"up":[{"embeddable":true,"href":"https:\/\/instytutpolski.pl\/budapest\/wp-json\/wp\/v2\/pages\/1242"}],"wp:attachment":[{"href":"https:\/\/instytutpolski.pl\/budapest\/wp-json\/wp\/v2\/media?parent=1288"}],"curies":[{"name":"wp","href":"https:\/\/api.w.org\/{rel}","templated":true}]}}