{"id":1296,"date":"2019-07-03T09:46:19","date_gmt":"2019-07-03T07:46:19","guid":{"rendered":"https:\/\/instytutpolski.pl\/budapeszt\/?page_id=1296"},"modified":"2025-11-10T12:08:59","modified_gmt":"2025-11-10T11:08:59","slug":"a-lengyel-intezetrol","status":"publish","type":"page","link":"https:\/\/instytutpolski.pl\/budapest\/a-lengyel-intezetrol\/","title":{"rendered":"A budapesti Lengyel Int\u00e9zetr\u0151l"},"content":{"rendered":"\n<p style=\"text-align: justify\"><strong>Az els\u0151 kultur\u00e1lis egy\u00fcttm\u0171k\u00f6d\u00e9si meg\u00e1llapod\u00e1st Lengyelorsz\u00e1g \u00e9s Magyarorsz\u00e1g k\u00f6z\u00f6tt 1934. okt\u00f3ber 21-\u00e9n \u00edrt\u00e1k al\u00e1 Vars\u00f3ban, a magyar minisztereln\u00f6k l\u00e1togat\u00e1s\u00e1nak alkalm\u00e1b\u00f3l. N\u00e9gy \u00e9vvel k\u00e9s\u0151bb, 1938. okt\u00f3ber 31-\u00e9n a Budapesti Kir\u00e1lyi Magyar P\u00e1zm\u00e1ny P\u00e9ter Tudom\u00e1nyegyetem lengyel nyelvi lektor\u00e1t nevezt\u00e9k ki a Lengyel Int\u00e9zet els\u0151 igazgat\u00f3j\u00e1v\u00e1. Az Int\u00e9zet 1939 janu\u00e1rj\u00e1ban kezdte meg m\u0171k\u00f6d\u00e9s\u00e9t, hivatalos megnyit\u00f3j\u00e1ra pedig 1939. m\u00e1jus 24-\u00e9n ker\u00fclt sor, a lengyel \u00e9s a magyar korm\u00e1ny k\u00e9pvisel\u0151inek jelenl\u00e9t\u00e9ben.<\/strong><\/p>\n\n\t\t<style type=\"text\/css\">\n\t\t\t#gallery-1 {\n\t\t\t\tmargin: auto;\n\t\t\t}\n\t\t\t#gallery-1 .gallery-item {\n\t\t\t\tfloat: left;\n\t\t\t\tmargin-top: 10px;\n\t\t\t\ttext-align: center;\n\t\t\t\twidth: 100%;\n\t\t\t}\n\t\t\t#gallery-1 img {\n\t\t\t\tborder: 2px solid #cfcfcf;\n\t\t\t}\n\t\t\t#gallery-1 .gallery-caption {\n\t\t\t\tmargin-left: 0;\n\t\t\t}\n\t\t\t\/* see gallery_shortcode() in wp-includes\/media.php *\/\n\t\t<\/style>\n\t\t<div id='gallery-1' class='gallery galleryid-1296 gallery-columns-1 gallery-size-large'><dl class='gallery-item'>\n\t\t\t<dt class='gallery-icon landscape'>\n\t\t\t\t<a href='https:\/\/instytutpolski.pl\/budapest\/pl\/o-instytucie-polskim\/8fbe34b2-0b76-4d52-8b9e-14ed9188eae0-2\/'><img loading=\"lazy\" decoding=\"async\" width=\"1024\" height=\"683\" src=\"https:\/\/instytutpolski.pl\/budapest\/wp-content\/uploads\/sites\/21\/2025\/09\/8fbe34b2-0b76-4d52-8b9e-14ed9188eae0-1-1024x683.jpg\" class=\"attachment-large size-large\" alt=\"\" srcset=\"https:\/\/instytutpolski.pl\/budapest\/wp-content\/uploads\/sites\/21\/2025\/09\/8fbe34b2-0b76-4d52-8b9e-14ed9188eae0-1-1024x683.jpg 1024w, https:\/\/instytutpolski.pl\/budapest\/wp-content\/uploads\/sites\/21\/2025\/09\/8fbe34b2-0b76-4d52-8b9e-14ed9188eae0-1-300x200.jpg 300w, https:\/\/instytutpolski.pl\/budapest\/wp-content\/uploads\/sites\/21\/2025\/09\/8fbe34b2-0b76-4d52-8b9e-14ed9188eae0-1-768x512.jpg 768w, https:\/\/instytutpolski.pl\/budapest\/wp-content\/uploads\/sites\/21\/2025\/09\/8fbe34b2-0b76-4d52-8b9e-14ed9188eae0-1.jpg 1200w\" sizes=\"auto, (max-width: 1024px) 100vw, 1024px\" \/><\/a>\n\t\t\t<\/dt><\/dl><br style=\"clear: both\" \/><dl class='gallery-item'>\n\t\t\t<dt class='gallery-icon landscape'>\n\t\t\t\t<a href='https:\/\/instytutpolski.pl\/budapest\/pl\/o-instytucie-polskim\/37e1b2cb-5a23-44d0-a22a-d35b9fd5d9aa\/'><img loading=\"lazy\" decoding=\"async\" width=\"1024\" height=\"683\" src=\"https:\/\/instytutpolski.pl\/budapest\/wp-content\/uploads\/sites\/21\/2025\/09\/37e1b2cb-5a23-44d0-a22a-d35b9fd5d9aa-1024x683.jpg\" class=\"attachment-large size-large\" alt=\"\" srcset=\"https:\/\/instytutpolski.pl\/budapest\/wp-content\/uploads\/sites\/21\/2025\/09\/37e1b2cb-5a23-44d0-a22a-d35b9fd5d9aa-1024x683.jpg 1024w, https:\/\/instytutpolski.pl\/budapest\/wp-content\/uploads\/sites\/21\/2025\/09\/37e1b2cb-5a23-44d0-a22a-d35b9fd5d9aa-300x200.jpg 300w, https:\/\/instytutpolski.pl\/budapest\/wp-content\/uploads\/sites\/21\/2025\/09\/37e1b2cb-5a23-44d0-a22a-d35b9fd5d9aa-768x512.jpg 768w, https:\/\/instytutpolski.pl\/budapest\/wp-content\/uploads\/sites\/21\/2025\/09\/37e1b2cb-5a23-44d0-a22a-d35b9fd5d9aa.jpg 1200w\" sizes=\"auto, (max-width: 1024px) 100vw, 1024px\" \/><\/a>\n\t\t\t<\/dt><\/dl><br style=\"clear: both\" \/><dl class='gallery-item'>\n\t\t\t<dt class='gallery-icon landscape'>\n\t\t\t\t<a href='https:\/\/instytutpolski.pl\/budapest\/pl\/o-instytucie-polskim\/8f431794-b354-44b2-b9ba-f87df97d8cc5\/'><img loading=\"lazy\" decoding=\"async\" width=\"1024\" height=\"768\" src=\"https:\/\/instytutpolski.pl\/budapest\/wp-content\/uploads\/sites\/21\/2025\/09\/8f431794-b354-44b2-b9ba-f87df97d8cc5-1024x768.jpg\" class=\"attachment-large size-large\" alt=\"\" srcset=\"https:\/\/instytutpolski.pl\/budapest\/wp-content\/uploads\/sites\/21\/2025\/09\/8f431794-b354-44b2-b9ba-f87df97d8cc5-1024x768.jpg 1024w, https:\/\/instytutpolski.pl\/budapest\/wp-content\/uploads\/sites\/21\/2025\/09\/8f431794-b354-44b2-b9ba-f87df97d8cc5-300x225.jpg 300w, https:\/\/instytutpolski.pl\/budapest\/wp-content\/uploads\/sites\/21\/2025\/09\/8f431794-b354-44b2-b9ba-f87df97d8cc5-768x576.jpg 768w, https:\/\/instytutpolski.pl\/budapest\/wp-content\/uploads\/sites\/21\/2025\/09\/8f431794-b354-44b2-b9ba-f87df97d8cc5.jpg 1244w\" sizes=\"auto, (max-width: 1024px) 100vw, 1024px\" \/><\/a>\n\t\t\t<\/dt><\/dl><br style=\"clear: both\" \/>\n\t\t<\/div>\n\n<p style=\"text-align: justify\">A Lengyel Int\u00e9zet a m\u00e1sodik vil\u00e1gh\u00e1bor\u00fa kit\u00f6r\u00e9s\u00e9ig a lengyel kult\u00fara, tudom\u00e1ny \u00e9s nyelv n\u00e9pszer\u0171s\u00edt\u00e9s\u00e9vel foglalkozott. A h\u00e1bor\u00fa kit\u00f6r\u00e9s\u00e9vel azonban minden megv\u00e1ltozott: a Magyarorsz\u00e1gon mened\u00e9ket tal\u00e1lt, sz\u00e1zezres l\u00e9tsz\u00e1m\u00fa lengyel civil \u00e9s katonai menek\u00fclt hull\u00e1m \u00faj feladatokat r\u00f3tt az Int\u00e9zetre. Ett\u0151l kezdve a Lengyel Int\u00e9zet a lengyel emigr\u00e1ci\u00f3 szellemi vezet\u0151inek, valamint a lengyel irodalom, kult\u00fara \u00e9s m\u0171v\u00e9szet kiemelked\u0151 k\u00e9pvisel\u0151inek biztons\u00e1gos tal\u00e1lkoz\u00f3hely\u00e9v\u00e9 v\u00e1lt.<\/p>\n<p style=\"text-align: justify\">Itt adt\u00e1k ki a lengyel irodalom klasszikusait: Mickiewicz, S\u0142owacki, \u017beromski \u00e9s Wyspia\u0144ski m\u0171vei a <strong>Lengyel K\u00f6nyvt\u00e1r<\/strong> (<em>Biblioteka Polska<\/em>) c\u00edm\u0171 sorozatban jelentek meg, amely \u00f6sszesen t\u00f6bb mint nyolcvan k\u00f6tetet foglalt mag\u00e1ban. A Lengyel Int\u00e9zet a lengyel nyelvk\u00f6nyvek szerkeszt\u00e9s\u00e9ben is fontos szerepet v\u00e1llalt, emellett itt szerkesztett\u00e9k a <strong>Lengyel \u00c9vk\u00f6nyv<\/strong> (<em>Rocznik Literacki<\/em>) c\u00edm\u0171 foly\u00f3iratot is. Az int\u00e9zm\u00e9ny keretein bel\u00fcl m\u0171k\u00f6d\u00f6tt a <strong>Menek\u00fcltek Fels\u0151fok\u00fa Tanulm\u00e1nyi Int\u00e9zete<\/strong> is, ahol t\u00f6bbek k\u00f6z\u00f6tt a neves lengyel \u00edr\u00f3 \u00e9s essz\u00e9ista, <strong>Stanis\u0142aw Vincenz<\/strong> tan\u00edtott.<\/p>\n<p style=\"text-align: justify\">\u00c9rdemes hangs\u00falyozni, hogy a fentiek tekintet\u00e9ben a budapesti Lengyel Int\u00e9zet egyed\u00fcl\u00e1ll\u00f3 int\u00e9zm\u00e9nynek sz\u00e1m\u00edtott, hiszen egy olyan orsz\u00e1g ter\u00fclet\u00e9n m\u0171k\u00f6d\u00f6tt, amely sz\u00f6vets\u00e9gben \u00e1llt N\u00e9metorsz\u00e1ggal. A Harmadik Birodalom hat\u00f3s\u00e1gai t\u00f6bbsz\u00f6r is tiltakoztak az Int\u00e9zet tev\u00e9kenys\u00e9ge ellen. Ennek ellen\u00e9re \u2013 a magyar korm\u00e1ny t\u00e1mogat\u00e1s\u00e1nak k\u00f6sz\u00f6nhet\u0151en \u2013 a Lengyel Int\u00e9zet 1944. m\u00e1rcius 19-ig megszak\u00edt\u00e1s n\u00e9lk\u00fcl m\u0171k\u00f6dhetett.<\/p>\n<p style=\"text-align: justify\">Az \u00faj korm\u00e1ny megalakul\u00e1sa \u00e9s a h\u00e1bor\u00fat k\u00f6vet\u0151 politikai z\u0171rzavar k\u00f6vetkezt\u00e9ben egy id\u0151re megszakadt a lengyel kultur\u00e1lis diplom\u00e1cia jelenl\u00e9te Magyarorsz\u00e1gon. A lengyel k\u00f6nyvt\u00e1r, a lengyel nyelvoktat\u00e1s \u00e9s a lengyel kultur\u00e1lis \u00e9let 1951-ben t\u00e9rt vissza Budapestre, <strong>Lengyel Olvas\u00f3terem<\/strong> n\u00e9ven.<\/p>\n<p style=\"text-align: justify\">Jelenlegi sz\u00e9khely\u00fcnk, a Nagymez\u0151 utca \u00e9s az Andr\u00e1ssy \u00fat sark\u00e1n, 1964 \u00f3ta ad otthont az int\u00e9zetnek. Kezdetben <strong>Lengyel T\u00e1j\u00e9koztat\u00f3 \u00e9s Kultur\u00e1lis K\u00f6zpontk\u00e9nt<\/strong> m\u0171k\u00f6d\u00f6tt (amelyhez egy k\u00f6zkedvelt bolt is tartozott), majd 1994-t\u0151l ism\u00e9t <strong>Lengyel Int\u00e9zet<\/strong> n\u00e9ven folytatta tev\u00e9kenys\u00e9g\u00e9t.<\/p>\n<p style=\"text-align: justify\">Bukaresttel \u00e9s Londonnal egy\u00fctt a budapesti Lengyel Int\u00e9zet a vil\u00e1g h\u00e1rom legr\u00e9gebbi lengyel int\u00e9zeteinek egyike, \u00e9s egy\u00fattal a k\u00fclf\u00f6ld\u00f6n m\u0171k\u00f6d\u0151 legr\u00e9gebbi lengyel kultur\u00e1lis int\u00e9zm\u00e9nyek k\u00f6z\u00e9 tartozik. \u00c9vr\u0151l \u00e9vre folytatjuk gazdag hagyom\u00e1nyunkat, hogy a magyar k\u00f6z\u00f6ns\u00e9gnek bemutassuk mindazt, ami a lengyel kult\u00far\u00e1ban \u00e9s m\u0171v\u00e9szetben a leg\u00e9rt\u00e9kesebb.<\/p>\n<p style=\"text-align: justify\">Saj\u00e1t rendezv\u00e9nyeink \u00e9s helyi partnereinkkel k\u00f6z\u00f6sen megval\u00f3s\u00edtott projektjeink r\u00e9v\u00e9n hidakat \u00e9p\u00edt\u00fcnk a lengyelek \u00e9s a magyarok k\u00f6z\u00f6tt. Fesztiv\u00e1lokon, irodalmi bemutat\u00f3kon \u00e9s filmvet\u00edt\u00e9seken vesz\u00fcnk r\u00e9szt, besz\u00e9l\u00fcnk a lengyel t\u00f6rt\u00e9nelemr\u0151l, t\u00e1rsadalomr\u00f3l \u00e9s tudom\u00e1nyr\u00f3l. Lengyel nyelvtanfolyamokat szervez\u00fcnk, \u00e9s t\u00e1mogatjuk a lengyel szakos egyetemi tanulm\u00e1nyokat. Bemutatjuk a mai Lengyelorsz\u00e1got, terjesztj\u00fck az orsz\u00e1gra vonatkoz\u00f3 ismereteket, \u00e9s arra b\u00e1tor\u00edtunk mindenkit, hogy l\u00e1togasson el Lengyelorsz\u00e1gba.<\/p>\n<p style=\"text-align: justify\">Szorosan egy\u00fcttm\u0171k\u00f6d\u00fcnk a Lengyel K\u00f6zt\u00e1rsas\u00e1g budapesti Nagyk\u00f6vets\u00e9g\u00e9vel, a Lengyel Idegenforgalmi Szervezettel, a LOT l\u00e9git\u00e1rsas\u00e1ggal, tov\u00e1bb\u00e1 a Wac\u0142aw Felczak Alap\u00edtv\u00e1nnyal \u00e9s Int\u00e9zettel.<\/p>\n<p style=\"text-align: justify\">Minden kedves \u00e9rdekl\u0151d\u0151 \u2013 legyen az mag\u00e1nszem\u00e9ly vagy int\u00e9zm\u00e9ny \u2013 jelentkez\u00e9s\u00e9t sz\u00edvesen fogadjuk. Minden j\u00f3 \u00f6tletet komolyan megfontolunk, hiszen fontos sz\u00e1munkra, hogy a lengyel\u2013magyar kapcsolatok \u00e9l\u0151ek, dinamikusak \u00e9s a kor szellem\u00e9hez igazod\u00f3k legyenek. Arra t\u00f6reksz\u00fcnk, hogy a k\u00e9t orsz\u00e1g civil t\u00e1rsadalma rendszeresen kapcsolatba l\u00e9phessen egym\u00e1ssal, el\u0151seg\u00edtve a k\u00f6lcs\u00f6n\u00f6s megismer\u00e9st \u00e9s meg\u00e9rt\u00e9st.<\/p>\n\n\t\t<style type=\"text\/css\">\n\t\t\t#gallery-2 {\n\t\t\t\tmargin: auto;\n\t\t\t}\n\t\t\t#gallery-2 .gallery-item {\n\t\t\t\tfloat: left;\n\t\t\t\tmargin-top: 10px;\n\t\t\t\ttext-align: center;\n\t\t\t\twidth: 33%;\n\t\t\t}\n\t\t\t#gallery-2 img {\n\t\t\t\tborder: 2px solid #cfcfcf;\n\t\t\t}\n\t\t\t#gallery-2 .gallery-caption {\n\t\t\t\tmargin-left: 0;\n\t\t\t}\n\t\t\t\/* see gallery_shortcode() in wp-includes\/media.php *\/\n\t\t<\/style>\n\t\t<div id='gallery-2' class='gallery galleryid-1296 gallery-columns-3 gallery-size-full'><dl class='gallery-item'>\n\t\t\t<dt class='gallery-icon portrait'>\n\t\t\t\t<a href='https:\/\/instytutpolski.pl\/budapest\/pl\/2025\/03\/31\/konfrontacja-z-holokaustem-rola-dyplomacji-w-ratowaniu-zydow\/szembenezes_a_holokauszttal_plakat_tv\/'><img loading=\"lazy\" decoding=\"async\" width=\"1792\" height=\"2560\" src=\"https:\/\/instytutpolski.pl\/budapest\/wp-content\/uploads\/sites\/21\/2025\/03\/Szembenezes_a_holokauszttal_Plakat_TV-scaled.jpg\" class=\"attachment-full size-full\" alt=\"\" srcset=\"https:\/\/instytutpolski.pl\/budapest\/wp-content\/uploads\/sites\/21\/2025\/03\/Szembenezes_a_holokauszttal_Plakat_TV-scaled.jpg 1792w, https:\/\/instytutpolski.pl\/budapest\/wp-content\/uploads\/sites\/21\/2025\/03\/Szembenezes_a_holokauszttal_Plakat_TV-210x300.jpg 210w, https:\/\/instytutpolski.pl\/budapest\/wp-content\/uploads\/sites\/21\/2025\/03\/Szembenezes_a_holokauszttal_Plakat_TV-717x1024.jpg 717w, https:\/\/instytutpolski.pl\/budapest\/wp-content\/uploads\/sites\/21\/2025\/03\/Szembenezes_a_holokauszttal_Plakat_TV-768x1097.jpg 768w, https:\/\/instytutpolski.pl\/budapest\/wp-content\/uploads\/sites\/21\/2025\/03\/Szembenezes_a_holokauszttal_Plakat_TV-1075x1536.jpg 1075w, https:\/\/instytutpolski.pl\/budapest\/wp-content\/uploads\/sites\/21\/2025\/03\/Szembenezes_a_holokauszttal_Plakat_TV-1434x2048.jpg 1434w\" sizes=\"auto, (max-width: 1792px) 100vw, 1792px\" \/><\/a>\n\t\t\t<\/dt><\/dl><dl class='gallery-item'>\n\t\t\t<dt class='gallery-icon portrait'>\n\t\t\t\t<a href='https:\/\/instytutpolski.pl\/budapest\/2025\/03\/17\/iden-aprilisban-is-lesz-lengyel-filmtavasz\/bez_logo_zapowiedz\/'><img loading=\"lazy\" decoding=\"async\" width=\"700\" height=\"1000\" src=\"https:\/\/instytutpolski.pl\/budapest\/wp-content\/uploads\/sites\/21\/2025\/03\/bez_logo_zapowiedz.png\" class=\"attachment-full size-full\" alt=\"\" srcset=\"https:\/\/instytutpolski.pl\/budapest\/wp-content\/uploads\/sites\/21\/2025\/03\/bez_logo_zapowiedz.png 700w, https:\/\/instytutpolski.pl\/budapest\/wp-content\/uploads\/sites\/21\/2025\/03\/bez_logo_zapowiedz-210x300.png 210w\" sizes=\"auto, (max-width: 700px) 100vw, 700px\" \/><\/a>\n\t\t\t<\/dt><\/dl><dl class='gallery-item'>\n\t\t\t<dt class='gallery-icon portrait'>\n\t\t\t\t<a href='https:\/\/instytutpolski.pl\/budapest\/2025\/05\/09\/tamara-de-lempicka-igaz-tortenete-a-tuleles-muveszete-filmvetites\/tamara-de-lempicka-igaz-tortenete-a-tuleles-muveszete\/'><img loading=\"lazy\" decoding=\"async\" width=\"700\" height=\"1000\" src=\"https:\/\/instytutpolski.pl\/budapest\/wp-content\/uploads\/sites\/21\/2025\/05\/Tamara-de-Lempicka-igaz-tortenete.-A-tuleles-muveszete.jpg\" class=\"attachment-full size-full\" alt=\"\" srcset=\"https:\/\/instytutpolski.pl\/budapest\/wp-content\/uploads\/sites\/21\/2025\/05\/Tamara-de-Lempicka-igaz-tortenete.-A-tuleles-muveszete.jpg 700w, https:\/\/instytutpolski.pl\/budapest\/wp-content\/uploads\/sites\/21\/2025\/05\/Tamara-de-Lempicka-igaz-tortenete.-A-tuleles-muveszete-210x300.jpg 210w\" sizes=\"auto, (max-width: 700px) 100vw, 700px\" \/><\/a>\n\t\t\t<\/dt><\/dl><br style=\"clear: both\" \/>\n\t\t<\/div>\n\n<p>\u00a0<\/p>\n","protected":false},"excerpt":{"rendered":"<p>Az els\u0151 kultur\u00e1lis egy\u00fcttm\u0171k\u00f6d\u00e9si meg\u00e1llapod\u00e1st Lengyelorsz\u00e1g \u00e9s Magyarorsz\u00e1g k\u00f6z\u00f6tt 1934. okt\u00f3ber 21-\u00e9n \u00edrt\u00e1k al\u00e1 Vars\u00f3ban, a magyar minisztereln\u00f6k l\u00e1togat\u00e1s\u00e1nak alkalm\u00e1b\u00f3l. N\u00e9gy \u00e9vvel k\u00e9s\u0151bb, 1938. okt\u00f3ber 31-\u00e9n a Budapesti Kir\u00e1lyi Magyar P\u00e1zm\u00e1ny P\u00e9ter Tudom\u00e1nyegyetem lengyel nyelvi lektor\u00e1t nevezt\u00e9k ki a Lengyel Int\u00e9zet els\u0151 igazgat\u00f3j\u00e1v\u00e1. Az Int\u00e9zet 1939 janu\u00e1rj\u00e1ban kezdte meg m\u0171k\u00f6d\u00e9s\u00e9t, hivatalos megnyit\u00f3j\u00e1ra pedig 1939. m\u00e1jus [&hellip;]<\/p>\n","protected":false},"author":1,"featured_media":1689,"parent":0,"menu_order":0,"comment_status":"closed","ping_status":"closed","template":"","meta":{"inline_featured_image":false,"_monsterinsights_skip_tracking":false,"_monsterinsights_sitenote_active":false,"_monsterinsights_sitenote_note":"","_monsterinsights_sitenote_category":0,"footnotes":""},"class_list":["post-1296","page","type-page","status-publish","has-post-thumbnail","hentry"],"yoast_head":"<!-- This site is optimized with the Yoast SEO plugin v24.6 - https:\/\/yoast.com\/wordpress\/plugins\/seo\/ -->\n<title>A budapesti Lengyel Int\u00e9zetr\u0151l - Instytut Polski w Budapeszcie<\/title>\n<meta name=\"robots\" content=\"index, follow, max-snippet:-1, max-image-preview:large, max-video-preview:-1\" \/>\n<link rel=\"canonical\" href=\"https:\/\/instytutpolski.pl\/budapest\/a-lengyel-intezetrol\/\" \/>\n<meta property=\"og:locale\" content=\"pl_PL\" \/>\n<meta property=\"og:type\" content=\"article\" \/>\n<meta property=\"og:title\" content=\"A budapesti Lengyel Int\u00e9zetr\u0151l - Instytut Polski w Budapeszcie\" \/>\n<meta property=\"og:description\" content=\"Az els\u0151 kultur\u00e1lis egy\u00fcttm\u0171k\u00f6d\u00e9si meg\u00e1llapod\u00e1st Lengyelorsz\u00e1g \u00e9s Magyarorsz\u00e1g k\u00f6z\u00f6tt 1934. okt\u00f3ber 21-\u00e9n \u00edrt\u00e1k al\u00e1 Vars\u00f3ban, a magyar minisztereln\u00f6k l\u00e1togat\u00e1s\u00e1nak alkalm\u00e1b\u00f3l. N\u00e9gy \u00e9vvel k\u00e9s\u0151bb, 1938. okt\u00f3ber 31-\u00e9n a Budapesti Kir\u00e1lyi Magyar P\u00e1zm\u00e1ny P\u00e9ter Tudom\u00e1nyegyetem lengyel nyelvi lektor\u00e1t nevezt\u00e9k ki a Lengyel Int\u00e9zet els\u0151 igazgat\u00f3j\u00e1v\u00e1. Az Int\u00e9zet 1939 janu\u00e1rj\u00e1ban kezdte meg m\u0171k\u00f6d\u00e9s\u00e9t, hivatalos megnyit\u00f3j\u00e1ra pedig 1939. m\u00e1jus [&hellip;]\" \/>\n<meta property=\"og:url\" content=\"https:\/\/instytutpolski.pl\/budapest\/a-lengyel-intezetrol\/\" \/>\n<meta property=\"og:site_name\" content=\"Instytut Polski w Budapeszcie\" \/>\n<meta property=\"article:modified_time\" content=\"2025-11-10T11:08:59+00:00\" \/>\n<meta property=\"og:image\" content=\"https:\/\/instytutpolski.pl\/budapest\/wp-content\/uploads\/sites\/21\/2020\/01\/JB-2014-03-18-00436.jpg\" \/>\n\t<meta property=\"og:image:width\" content=\"1200\" \/>\n\t<meta property=\"og:image:height\" content=\"675\" \/>\n\t<meta property=\"og:image:type\" content=\"image\/jpeg\" \/>\n<meta name=\"twitter:card\" content=\"summary_large_image\" \/>\n<meta name=\"twitter:label1\" content=\"Szacowany czas czytania\" \/>\n\t<meta name=\"twitter:data1\" content=\"4 minuty\" \/>\n<script type=\"application\/ld+json\" class=\"yoast-schema-graph\">{\"@context\":\"https:\/\/schema.org\",\"@graph\":[{\"@type\":\"WebPage\",\"@id\":\"https:\/\/instytutpolski.pl\/budapest\/a-lengyel-intezetrol\/\",\"url\":\"https:\/\/instytutpolski.pl\/budapest\/a-lengyel-intezetrol\/\",\"name\":\"A budapesti Lengyel Int\u00e9zetr\u0151l - Instytut Polski w Budapeszcie\",\"isPartOf\":{\"@id\":\"https:\/\/instytutpolski.pl\/budapest\/#website\"},\"primaryImageOfPage\":{\"@id\":\"https:\/\/instytutpolski.pl\/budapest\/a-lengyel-intezetrol\/#primaryimage\"},\"image\":{\"@id\":\"https:\/\/instytutpolski.pl\/budapest\/a-lengyel-intezetrol\/#primaryimage\"},\"thumbnailUrl\":\"https:\/\/instytutpolski.pl\/budapest\/wp-content\/uploads\/sites\/21\/2020\/01\/JB-2014-03-18-00436.jpg\",\"datePublished\":\"2019-07-03T07:46:19+00:00\",\"dateModified\":\"2025-11-10T11:08:59+00:00\",\"breadcrumb\":{\"@id\":\"https:\/\/instytutpolski.pl\/budapest\/a-lengyel-intezetrol\/#breadcrumb\"},\"inLanguage\":\"pl-PL\",\"potentialAction\":[{\"@type\":\"ReadAction\",\"target\":[\"https:\/\/instytutpolski.pl\/budapest\/a-lengyel-intezetrol\/\"]}]},{\"@type\":\"ImageObject\",\"inLanguage\":\"pl-PL\",\"@id\":\"https:\/\/instytutpolski.pl\/budapest\/a-lengyel-intezetrol\/#primaryimage\",\"url\":\"https:\/\/instytutpolski.pl\/budapest\/wp-content\/uploads\/sites\/21\/2020\/01\/JB-2014-03-18-00436.jpg\",\"contentUrl\":\"https:\/\/instytutpolski.pl\/budapest\/wp-content\/uploads\/sites\/21\/2020\/01\/JB-2014-03-18-00436.jpg\",\"width\":1200,\"height\":675},{\"@type\":\"BreadcrumbList\",\"@id\":\"https:\/\/instytutpolski.pl\/budapest\/a-lengyel-intezetrol\/#breadcrumb\",\"itemListElement\":[{\"@type\":\"ListItem\",\"position\":1,\"name\":\"Home\",\"item\":\"https:\/\/instytutpolski.pl\/budapest\/\"},{\"@type\":\"ListItem\",\"position\":2,\"name\":\"A budapesti Lengyel Int\u00e9zetr\u0151l\"}]},{\"@type\":\"WebSite\",\"@id\":\"https:\/\/instytutpolski.pl\/budapest\/#website\",\"url\":\"https:\/\/instytutpolski.pl\/budapest\/\",\"name\":\"Instytut Polski w Budapeszcie\",\"description\":\"Instytuty Polskie\",\"potentialAction\":[{\"@type\":\"SearchAction\",\"target\":{\"@type\":\"EntryPoint\",\"urlTemplate\":\"https:\/\/instytutpolski.pl\/budapest\/?s={search_term_string}\"},\"query-input\":{\"@type\":\"PropertyValueSpecification\",\"valueRequired\":true,\"valueName\":\"search_term_string\"}}],\"inLanguage\":\"pl-PL\"}]}<\/script>\n<!-- \/ Yoast SEO plugin. -->","yoast_head_json":{"title":"A budapesti Lengyel Int\u00e9zetr\u0151l - Instytut Polski w Budapeszcie","robots":{"index":"index","follow":"follow","max-snippet":"max-snippet:-1","max-image-preview":"max-image-preview:large","max-video-preview":"max-video-preview:-1"},"canonical":"https:\/\/instytutpolski.pl\/budapest\/a-lengyel-intezetrol\/","og_locale":"pl_PL","og_type":"article","og_title":"A budapesti Lengyel Int\u00e9zetr\u0151l - Instytut Polski w Budapeszcie","og_description":"Az els\u0151 kultur\u00e1lis egy\u00fcttm\u0171k\u00f6d\u00e9si meg\u00e1llapod\u00e1st Lengyelorsz\u00e1g \u00e9s Magyarorsz\u00e1g k\u00f6z\u00f6tt 1934. okt\u00f3ber 21-\u00e9n \u00edrt\u00e1k al\u00e1 Vars\u00f3ban, a magyar minisztereln\u00f6k l\u00e1togat\u00e1s\u00e1nak alkalm\u00e1b\u00f3l. N\u00e9gy \u00e9vvel k\u00e9s\u0151bb, 1938. okt\u00f3ber 31-\u00e9n a Budapesti Kir\u00e1lyi Magyar P\u00e1zm\u00e1ny P\u00e9ter Tudom\u00e1nyegyetem lengyel nyelvi lektor\u00e1t nevezt\u00e9k ki a Lengyel Int\u00e9zet els\u0151 igazgat\u00f3j\u00e1v\u00e1. Az Int\u00e9zet 1939 janu\u00e1rj\u00e1ban kezdte meg m\u0171k\u00f6d\u00e9s\u00e9t, hivatalos megnyit\u00f3j\u00e1ra pedig 1939. m\u00e1jus [&hellip;]","og_url":"https:\/\/instytutpolski.pl\/budapest\/a-lengyel-intezetrol\/","og_site_name":"Instytut Polski w Budapeszcie","article_modified_time":"2025-11-10T11:08:59+00:00","og_image":[{"width":1200,"height":675,"url":"https:\/\/instytutpolski.pl\/budapest\/wp-content\/uploads\/sites\/21\/2020\/01\/JB-2014-03-18-00436.jpg","type":"image\/jpeg"}],"twitter_card":"summary_large_image","twitter_misc":{"Szacowany czas czytania":"4 minuty"},"schema":{"@context":"https:\/\/schema.org","@graph":[{"@type":"WebPage","@id":"https:\/\/instytutpolski.pl\/budapest\/a-lengyel-intezetrol\/","url":"https:\/\/instytutpolski.pl\/budapest\/a-lengyel-intezetrol\/","name":"A budapesti Lengyel Int\u00e9zetr\u0151l - Instytut Polski w Budapeszcie","isPartOf":{"@id":"https:\/\/instytutpolski.pl\/budapest\/#website"},"primaryImageOfPage":{"@id":"https:\/\/instytutpolski.pl\/budapest\/a-lengyel-intezetrol\/#primaryimage"},"image":{"@id":"https:\/\/instytutpolski.pl\/budapest\/a-lengyel-intezetrol\/#primaryimage"},"thumbnailUrl":"https:\/\/instytutpolski.pl\/budapest\/wp-content\/uploads\/sites\/21\/2020\/01\/JB-2014-03-18-00436.jpg","datePublished":"2019-07-03T07:46:19+00:00","dateModified":"2025-11-10T11:08:59+00:00","breadcrumb":{"@id":"https:\/\/instytutpolski.pl\/budapest\/a-lengyel-intezetrol\/#breadcrumb"},"inLanguage":"pl-PL","potentialAction":[{"@type":"ReadAction","target":["https:\/\/instytutpolski.pl\/budapest\/a-lengyel-intezetrol\/"]}]},{"@type":"ImageObject","inLanguage":"pl-PL","@id":"https:\/\/instytutpolski.pl\/budapest\/a-lengyel-intezetrol\/#primaryimage","url":"https:\/\/instytutpolski.pl\/budapest\/wp-content\/uploads\/sites\/21\/2020\/01\/JB-2014-03-18-00436.jpg","contentUrl":"https:\/\/instytutpolski.pl\/budapest\/wp-content\/uploads\/sites\/21\/2020\/01\/JB-2014-03-18-00436.jpg","width":1200,"height":675},{"@type":"BreadcrumbList","@id":"https:\/\/instytutpolski.pl\/budapest\/a-lengyel-intezetrol\/#breadcrumb","itemListElement":[{"@type":"ListItem","position":1,"name":"Home","item":"https:\/\/instytutpolski.pl\/budapest\/"},{"@type":"ListItem","position":2,"name":"A budapesti Lengyel Int\u00e9zetr\u0151l"}]},{"@type":"WebSite","@id":"https:\/\/instytutpolski.pl\/budapest\/#website","url":"https:\/\/instytutpolski.pl\/budapest\/","name":"Instytut Polski w Budapeszcie","description":"Instytuty Polskie","potentialAction":[{"@type":"SearchAction","target":{"@type":"EntryPoint","urlTemplate":"https:\/\/instytutpolski.pl\/budapest\/?s={search_term_string}"},"query-input":{"@type":"PropertyValueSpecification","valueRequired":true,"valueName":"search_term_string"}}],"inLanguage":"pl-PL"}]}},"_links":{"self":[{"href":"https:\/\/instytutpolski.pl\/budapest\/wp-json\/wp\/v2\/pages\/1296","targetHints":{"allow":["GET"]}}],"collection":[{"href":"https:\/\/instytutpolski.pl\/budapest\/wp-json\/wp\/v2\/pages"}],"about":[{"href":"https:\/\/instytutpolski.pl\/budapest\/wp-json\/wp\/v2\/types\/page"}],"author":[{"embeddable":true,"href":"https:\/\/instytutpolski.pl\/budapest\/wp-json\/wp\/v2\/users\/1"}],"replies":[{"embeddable":true,"href":"https:\/\/instytutpolski.pl\/budapest\/wp-json\/wp\/v2\/comments?post=1296"}],"version-history":[{"count":17,"href":"https:\/\/instytutpolski.pl\/budapest\/wp-json\/wp\/v2\/pages\/1296\/revisions"}],"predecessor-version":[{"id":20999,"href":"https:\/\/instytutpolski.pl\/budapest\/wp-json\/wp\/v2\/pages\/1296\/revisions\/20999"}],"wp:featuredmedia":[{"embeddable":true,"href":"https:\/\/instytutpolski.pl\/budapest\/wp-json\/wp\/v2\/media\/1689"}],"wp:attachment":[{"href":"https:\/\/instytutpolski.pl\/budapest\/wp-json\/wp\/v2\/media?parent=1296"}],"curies":[{"name":"wp","href":"https:\/\/api.w.org\/{rel}","templated":true}]}}