{"id":1306,"date":"2020-05-07T09:48:05","date_gmt":"2020-05-07T07:48:05","guid":{"rendered":"https:\/\/instytutpolski.pl\/budapeszt\/?page_id=1306"},"modified":"2025-11-28T13:45:39","modified_gmt":"2025-11-28T12:45:39","slug":"kapcsolat","status":"publish","type":"page","link":"https:\/\/instytutpolski.pl\/budapest\/a-lengyel-intezetrol\/kapcsolat\/","title":{"rendered":"Kapcsolat"},"content":{"rendered":"\n<p><strong>Lengyel Int\u00e9zet<\/strong> &#8211; 1065 Budapest, Nagymez\u0151 u. 15. <\/p>\n\n\n\n<p>Titk\u00e1rs\u00e1g &#8211; tel: (+361) 505 4660, e-mail: <a href=\"mailto:budapeszt@instytutpolski.pl\"><\/a><a href=\"mailto:budapeszt@instytutpolski.org\"><a href=\"mailto:budapeszt@instytutpolski.pl\">budapeszt@instytutpolski.pl<\/a><\/a>, fax: (+361) 331 0341<\/p>\n\n\n\n<p>Nyitva tart\u00e1s: h\u00e9tf\u0151 &#8211; p\u00e9ntek: 9.00 &#8211; 17.00 \u00f3ra<\/p>\n\n\n\n<p><em>T\u00e1j\u00e9koztatjuk l\u00e1togat\u00f3inkat, hogy rendezv\u00e9nyeinken k\u00e9p- \u00e9s hangfelv\u00e9tel k\u00e9sz\u00fclhet; ezeket a Lengyel Int\u00e9zet saj\u00e1t fel\u00fcletein, illet\u0151leg prom\u00f3ci\u00f3s anyagaiban felhaszn\u00e1lhatja.<\/em><\/p>\n\n\n\n<p>A <strong>k\u00f6nyvt\u00e1r<\/strong> minden kedden, 15.00 &#8211; 19.00 \u00f3ra k\u00f6z\u00f6tt tart nyitva.<\/p>\n\n\n\n<p><strong><em>2025. november 18-\u00e1n, 25-\u00e9n \u00e9s december 2-\u00e1n a budapesti Lengyel Int\u00e9zet k\u00f6nyvt\u00e1ra fel\u00faj\u00edt\u00e1s miatt z\u00e1rva tart. Legk\u00f6zelebb december 9-\u00e9n v\u00e1rjuk Olvas\u00f3inkat! <\/em><\/strong><\/p>\n\n\n\n<p><strong>Plat\u00e1n Gal\u00e9ria<\/strong> &#8211; 1061 Budapest, Andr\u00e1ssy \u00fat 32. tel: (+361) 505 4668<\/p>\n\n\n\n<p>Nyitva tart\u00e1s: h\u00e9tf\u0151 &#8211; p\u00e9ntek: 10.00 &#8211; 18.00 <\/p>\n\n\n\n<hr class=\"wp-block-separator has-alpha-channel-opacity\" \/>\n\n\n\n<p><strong>Munkat\u00e1rsak:<\/strong><\/p>\n\n\n\n<p><strong>Jaros\u0142aw Bajaczyk<\/strong> &#8211; <em>igazgat\u00f3<\/em><\/p>\n<p><strong>Dominika Teske\u00a0<\/strong>&#8211; <em>igazgat\u00f3helyettes<\/em><\/p>\n<p>(+361) 505 4660, <a href=\"mailto:budapeszt@instytutpolski.pl\">budapeszt@instytutpolski.pl<\/a><\/p>\n<p><strong>Sygizman Aneta<\/strong> &#8211; titk\u00e1rs\u00e1g<\/p>\n<p>(+361) 505 4660, <a href=\"mailto:budapeszt@instytutpolski.pl\">budapeszt@instytutpolski.pl<\/a><\/p>\n<p><strong>Felvid\u00e9ki Eszter <\/strong>&#8211; irodalom, sz\u00ednh\u00e1z<\/p>\n<p>(+361) 505 4664, <a href=\"mailto:eszter.felvideki@instytutpolski.pl\">eszter.felvideki@instytutpolski.pl<\/a><\/p>\n<p><strong>Tomasz Piars<\/strong> &#8211; zene, k\u00e9pz\u0151m\u0171v\u00e9szet, Plat\u00e1n Gal\u00e9ria<\/p>\n<p>(+361) 505 4668,\u00a0<a href=\"mailto:tomasz.piars@instytutpolski.pl\">tomasz.piars@instytutpolski.pl<\/a><\/p>\n<p><strong>Jerger T\u00edmea<\/strong> &#8211; film, ki\u00e1ll\u00edt\u00e1s, sajt\u00f3kapcsolatok<\/p>\n<p>(+361) 505 4667, <a href=\"mailto:timea.jerger@instytutpolski.pl\">timea.jerger@instytutpolski.pl<\/a><\/p>\n<p><strong>B\u00e9key Kamila<\/strong> &#8211; k\u00f6nyvt\u00e1r<\/p>\n<p>(+361) 505 46 65, <a href=\"mailto:budapest.biblioteka@instytutpolski.pl\">budapest.biblioteka@instytutpolski.pl<\/a><\/p>\n<p><strong>Przemys\u0142aw Honkisz<\/strong> &#8211; k\u00f6nyvel\u00e9s<\/p>\n<p><strong>M\u00e1t\u00e9 Endre<\/strong>\u00a0&#8211; logisztika<\/p>\n<p>\u00a0<\/p>\n","protected":false},"excerpt":{"rendered":"<p>Lengyel Int\u00e9zet &#8211; 1065 Budapest, Nagymez\u0151 u. 15. Titk\u00e1rs\u00e1g &#8211; tel: (+361) 505 4660, e-mail: budapeszt@instytutpolski.pl, fax: (+361) 331 0341 Nyitva tart\u00e1s: h\u00e9tf\u0151 &#8211; p\u00e9ntek: 9.00 &#8211; 17.00 \u00f3ra T\u00e1j\u00e9koztatjuk l\u00e1togat\u00f3inkat, hogy rendezv\u00e9nyeinken k\u00e9p- \u00e9s hangfelv\u00e9tel k\u00e9sz\u00fclhet; ezeket a Lengyel Int\u00e9zet saj\u00e1t fel\u00fcletein, illet\u0151leg prom\u00f3ci\u00f3s anyagaiban felhaszn\u00e1lhatja. A k\u00f6nyvt\u00e1r minden kedden, 15.00 &#8211; 19.00 \u00f3ra [&hellip;]<\/p>\n","protected":false},"author":1,"featured_media":2149,"parent":1296,"menu_order":0,"comment_status":"closed","ping_status":"closed","template":"","meta":{"inline_featured_image":false,"_monsterinsights_skip_tracking":false,"_monsterinsights_sitenote_active":false,"_monsterinsights_sitenote_note":"","_monsterinsights_sitenote_category":0,"footnotes":""},"class_list":["post-1306","page","type-page","status-publish","has-post-thumbnail","hentry"],"yoast_head":"<!-- This site is optimized with the Yoast SEO plugin v24.6 - https:\/\/yoast.com\/wordpress\/plugins\/seo\/ -->\n<title>Kapcsolat - Instytut Polski w Budapeszcie<\/title>\n<meta name=\"robots\" content=\"index, follow, max-snippet:-1, max-image-preview:large, max-video-preview:-1\" \/>\n<link rel=\"canonical\" href=\"https:\/\/instytutpolski.pl\/budapest\/a-lengyel-intezetrol\/kapcsolat\/\" \/>\n<meta property=\"og:locale\" content=\"pl_PL\" \/>\n<meta property=\"og:type\" content=\"article\" \/>\n<meta property=\"og:title\" content=\"Kapcsolat - Instytut Polski w Budapeszcie\" \/>\n<meta property=\"og:description\" content=\"Lengyel Int\u00e9zet &#8211; 1065 Budapest, Nagymez\u0151 u. 15. Titk\u00e1rs\u00e1g &#8211; tel: (+361) 505 4660, e-mail: budapeszt@instytutpolski.pl, fax: (+361) 331 0341 Nyitva tart\u00e1s: h\u00e9tf\u0151 &#8211; p\u00e9ntek: 9.00 &#8211; 17.00 \u00f3ra T\u00e1j\u00e9koztatjuk l\u00e1togat\u00f3inkat, hogy rendezv\u00e9nyeinken k\u00e9p- \u00e9s hangfelv\u00e9tel k\u00e9sz\u00fclhet; ezeket a Lengyel Int\u00e9zet saj\u00e1t fel\u00fcletein, illet\u0151leg prom\u00f3ci\u00f3s anyagaiban felhaszn\u00e1lhatja. A k\u00f6nyvt\u00e1r minden kedden, 15.00 &#8211; 19.00 \u00f3ra [&hellip;]\" \/>\n<meta property=\"og:url\" content=\"https:\/\/instytutpolski.pl\/budapest\/a-lengyel-intezetrol\/kapcsolat\/\" \/>\n<meta property=\"og:site_name\" content=\"Instytut Polski w Budapeszcie\" \/>\n<meta property=\"article:modified_time\" content=\"2025-11-28T12:45:39+00:00\" \/>\n<meta property=\"og:image\" content=\"https:\/\/instytutpolski.pl\/budapest\/wp-content\/uploads\/sites\/21\/2020\/01\/JB-2014-03-20-00215-1.jpg\" \/>\n\t<meta property=\"og:image:width\" content=\"1200\" \/>\n\t<meta property=\"og:image:height\" content=\"600\" \/>\n\t<meta property=\"og:image:type\" content=\"image\/jpeg\" \/>\n<meta name=\"twitter:card\" content=\"summary_large_image\" \/>\n<meta name=\"twitter:label1\" content=\"Szacowany czas czytania\" \/>\n\t<meta name=\"twitter:data1\" content=\"2 minuty\" \/>\n<script type=\"application\/ld+json\" class=\"yoast-schema-graph\">{\"@context\":\"https:\/\/schema.org\",\"@graph\":[{\"@type\":\"WebPage\",\"@id\":\"https:\/\/instytutpolski.pl\/budapest\/a-lengyel-intezetrol\/kapcsolat\/\",\"url\":\"https:\/\/instytutpolski.pl\/budapest\/a-lengyel-intezetrol\/kapcsolat\/\",\"name\":\"Kapcsolat - Instytut Polski w Budapeszcie\",\"isPartOf\":{\"@id\":\"https:\/\/instytutpolski.pl\/budapest\/#website\"},\"primaryImageOfPage\":{\"@id\":\"https:\/\/instytutpolski.pl\/budapest\/a-lengyel-intezetrol\/kapcsolat\/#primaryimage\"},\"image\":{\"@id\":\"https:\/\/instytutpolski.pl\/budapest\/a-lengyel-intezetrol\/kapcsolat\/#primaryimage\"},\"thumbnailUrl\":\"https:\/\/instytutpolski.pl\/budapest\/wp-content\/uploads\/sites\/21\/2020\/01\/JB-2014-03-20-00215-1.jpg\",\"datePublished\":\"2020-05-07T07:48:05+00:00\",\"dateModified\":\"2025-11-28T12:45:39+00:00\",\"breadcrumb\":{\"@id\":\"https:\/\/instytutpolski.pl\/budapest\/a-lengyel-intezetrol\/kapcsolat\/#breadcrumb\"},\"inLanguage\":\"pl-PL\",\"potentialAction\":[{\"@type\":\"ReadAction\",\"target\":[\"https:\/\/instytutpolski.pl\/budapest\/a-lengyel-intezetrol\/kapcsolat\/\"]}]},{\"@type\":\"ImageObject\",\"inLanguage\":\"pl-PL\",\"@id\":\"https:\/\/instytutpolski.pl\/budapest\/a-lengyel-intezetrol\/kapcsolat\/#primaryimage\",\"url\":\"https:\/\/instytutpolski.pl\/budapest\/wp-content\/uploads\/sites\/21\/2020\/01\/JB-2014-03-20-00215-1.jpg\",\"contentUrl\":\"https:\/\/instytutpolski.pl\/budapest\/wp-content\/uploads\/sites\/21\/2020\/01\/JB-2014-03-20-00215-1.jpg\",\"width\":1200,\"height\":600},{\"@type\":\"BreadcrumbList\",\"@id\":\"https:\/\/instytutpolski.pl\/budapest\/a-lengyel-intezetrol\/kapcsolat\/#breadcrumb\",\"itemListElement\":[{\"@type\":\"ListItem\",\"position\":1,\"name\":\"Home\",\"item\":\"https:\/\/instytutpolski.pl\/budapest\/\"},{\"@type\":\"ListItem\",\"position\":2,\"name\":\"A budapesti Lengyel Int\u00e9zetr\u0151l\",\"item\":\"https:\/\/instytutpolski.pl\/budapest\/a-lengyel-intezetrol\/\"},{\"@type\":\"ListItem\",\"position\":3,\"name\":\"Kapcsolat\"}]},{\"@type\":\"WebSite\",\"@id\":\"https:\/\/instytutpolski.pl\/budapest\/#website\",\"url\":\"https:\/\/instytutpolski.pl\/budapest\/\",\"name\":\"Instytut Polski w Budapeszcie\",\"description\":\"Instytuty Polskie\",\"potentialAction\":[{\"@type\":\"SearchAction\",\"target\":{\"@type\":\"EntryPoint\",\"urlTemplate\":\"https:\/\/instytutpolski.pl\/budapest\/?s={search_term_string}\"},\"query-input\":{\"@type\":\"PropertyValueSpecification\",\"valueRequired\":true,\"valueName\":\"search_term_string\"}}],\"inLanguage\":\"pl-PL\"}]}<\/script>\n<!-- \/ Yoast SEO plugin. -->","yoast_head_json":{"title":"Kapcsolat - Instytut Polski w Budapeszcie","robots":{"index":"index","follow":"follow","max-snippet":"max-snippet:-1","max-image-preview":"max-image-preview:large","max-video-preview":"max-video-preview:-1"},"canonical":"https:\/\/instytutpolski.pl\/budapest\/a-lengyel-intezetrol\/kapcsolat\/","og_locale":"pl_PL","og_type":"article","og_title":"Kapcsolat - Instytut Polski w Budapeszcie","og_description":"Lengyel Int\u00e9zet &#8211; 1065 Budapest, Nagymez\u0151 u. 15. Titk\u00e1rs\u00e1g &#8211; tel: (+361) 505 4660, e-mail: budapeszt@instytutpolski.pl, fax: (+361) 331 0341 Nyitva tart\u00e1s: h\u00e9tf\u0151 &#8211; p\u00e9ntek: 9.00 &#8211; 17.00 \u00f3ra T\u00e1j\u00e9koztatjuk l\u00e1togat\u00f3inkat, hogy rendezv\u00e9nyeinken k\u00e9p- \u00e9s hangfelv\u00e9tel k\u00e9sz\u00fclhet; ezeket a Lengyel Int\u00e9zet saj\u00e1t fel\u00fcletein, illet\u0151leg prom\u00f3ci\u00f3s anyagaiban felhaszn\u00e1lhatja. A k\u00f6nyvt\u00e1r minden kedden, 15.00 &#8211; 19.00 \u00f3ra [&hellip;]","og_url":"https:\/\/instytutpolski.pl\/budapest\/a-lengyel-intezetrol\/kapcsolat\/","og_site_name":"Instytut Polski w Budapeszcie","article_modified_time":"2025-11-28T12:45:39+00:00","og_image":[{"width":1200,"height":600,"url":"https:\/\/instytutpolski.pl\/budapest\/wp-content\/uploads\/sites\/21\/2020\/01\/JB-2014-03-20-00215-1.jpg","type":"image\/jpeg"}],"twitter_card":"summary_large_image","twitter_misc":{"Szacowany czas czytania":"2 minuty"},"schema":{"@context":"https:\/\/schema.org","@graph":[{"@type":"WebPage","@id":"https:\/\/instytutpolski.pl\/budapest\/a-lengyel-intezetrol\/kapcsolat\/","url":"https:\/\/instytutpolski.pl\/budapest\/a-lengyel-intezetrol\/kapcsolat\/","name":"Kapcsolat - Instytut Polski w Budapeszcie","isPartOf":{"@id":"https:\/\/instytutpolski.pl\/budapest\/#website"},"primaryImageOfPage":{"@id":"https:\/\/instytutpolski.pl\/budapest\/a-lengyel-intezetrol\/kapcsolat\/#primaryimage"},"image":{"@id":"https:\/\/instytutpolski.pl\/budapest\/a-lengyel-intezetrol\/kapcsolat\/#primaryimage"},"thumbnailUrl":"https:\/\/instytutpolski.pl\/budapest\/wp-content\/uploads\/sites\/21\/2020\/01\/JB-2014-03-20-00215-1.jpg","datePublished":"2020-05-07T07:48:05+00:00","dateModified":"2025-11-28T12:45:39+00:00","breadcrumb":{"@id":"https:\/\/instytutpolski.pl\/budapest\/a-lengyel-intezetrol\/kapcsolat\/#breadcrumb"},"inLanguage":"pl-PL","potentialAction":[{"@type":"ReadAction","target":["https:\/\/instytutpolski.pl\/budapest\/a-lengyel-intezetrol\/kapcsolat\/"]}]},{"@type":"ImageObject","inLanguage":"pl-PL","@id":"https:\/\/instytutpolski.pl\/budapest\/a-lengyel-intezetrol\/kapcsolat\/#primaryimage","url":"https:\/\/instytutpolski.pl\/budapest\/wp-content\/uploads\/sites\/21\/2020\/01\/JB-2014-03-20-00215-1.jpg","contentUrl":"https:\/\/instytutpolski.pl\/budapest\/wp-content\/uploads\/sites\/21\/2020\/01\/JB-2014-03-20-00215-1.jpg","width":1200,"height":600},{"@type":"BreadcrumbList","@id":"https:\/\/instytutpolski.pl\/budapest\/a-lengyel-intezetrol\/kapcsolat\/#breadcrumb","itemListElement":[{"@type":"ListItem","position":1,"name":"Home","item":"https:\/\/instytutpolski.pl\/budapest\/"},{"@type":"ListItem","position":2,"name":"A budapesti Lengyel Int\u00e9zetr\u0151l","item":"https:\/\/instytutpolski.pl\/budapest\/a-lengyel-intezetrol\/"},{"@type":"ListItem","position":3,"name":"Kapcsolat"}]},{"@type":"WebSite","@id":"https:\/\/instytutpolski.pl\/budapest\/#website","url":"https:\/\/instytutpolski.pl\/budapest\/","name":"Instytut Polski w Budapeszcie","description":"Instytuty Polskie","potentialAction":[{"@type":"SearchAction","target":{"@type":"EntryPoint","urlTemplate":"https:\/\/instytutpolski.pl\/budapest\/?s={search_term_string}"},"query-input":{"@type":"PropertyValueSpecification","valueRequired":true,"valueName":"search_term_string"}}],"inLanguage":"pl-PL"}]}},"_links":{"self":[{"href":"https:\/\/instytutpolski.pl\/budapest\/wp-json\/wp\/v2\/pages\/1306","targetHints":{"allow":["GET"]}}],"collection":[{"href":"https:\/\/instytutpolski.pl\/budapest\/wp-json\/wp\/v2\/pages"}],"about":[{"href":"https:\/\/instytutpolski.pl\/budapest\/wp-json\/wp\/v2\/types\/page"}],"author":[{"embeddable":true,"href":"https:\/\/instytutpolski.pl\/budapest\/wp-json\/wp\/v2\/users\/1"}],"replies":[{"embeddable":true,"href":"https:\/\/instytutpolski.pl\/budapest\/wp-json\/wp\/v2\/comments?post=1306"}],"version-history":[{"count":62,"href":"https:\/\/instytutpolski.pl\/budapest\/wp-json\/wp\/v2\/pages\/1306\/revisions"}],"predecessor-version":[{"id":21120,"href":"https:\/\/instytutpolski.pl\/budapest\/wp-json\/wp\/v2\/pages\/1306\/revisions\/21120"}],"up":[{"embeddable":true,"href":"https:\/\/instytutpolski.pl\/budapest\/wp-json\/wp\/v2\/pages\/1296"}],"wp:featuredmedia":[{"embeddable":true,"href":"https:\/\/instytutpolski.pl\/budapest\/wp-json\/wp\/v2\/media\/2149"}],"wp:attachment":[{"href":"https:\/\/instytutpolski.pl\/budapest\/wp-json\/wp\/v2\/media?parent=1306"}],"curies":[{"name":"wp","href":"https:\/\/api.w.org\/{rel}","templated":true}]}}