{"id":1310,"date":"2020-05-07T09:48:52","date_gmt":"2020-05-07T07:48:52","guid":{"rendered":"https:\/\/instytutpolski.pl\/budapeszt\/?page_id=1310"},"modified":"2025-11-28T13:46:40","modified_gmt":"2025-11-28T12:46:40","slug":"biblioteka","status":"publish","type":"page","link":"https:\/\/instytutpolski.pl\/budapest\/pl\/o-instytucie-polskim\/biblioteka\/","title":{"rendered":"Biblioteka"},"content":{"rendered":"\n<div class=\"x14z9mp xat24cr x1lziwak x1vvkbs xtlvy1s x126k92a\">\n<div dir=\"auto\"><em><strong>Drodzy Czytelnicy!<\/strong><\/em><\/div>\n<div dir=\"auto\">\u00a0<\/div>\n<\/div>\n<div class=\"x14z9mp xat24cr x1lziwak x1vvkbs xtlvy1s x126k92a\">\n<div dir=\"auto\"><em><strong>Uprzejmie informujemy, \u017ce w dniach 18.11., 25.11. i 2.12. biblioteka Instytutu Polskiego w Budapeszcie b\u0119dzie zamkni\u0119ta z powodu remontu. Zapraszamy ponownie 9 grudnia!<\/strong><\/em><\/div>\n<div dir=\"auto\">\u00a0<\/div>\n<div dir=\"auto\">***<\/div>\n<\/div>\n<p>Biblioteka Instytutu Polskiego w Budapeszcie to ok. 10 tysi\u0119cy ksi\u0105\u017cek i czasopism, a tak\u017ce audiobooki i filmy!<\/p>\n<p><strong>Godziny otwarcia: wtorek, godz. 15.00 &#8211; 19.00\u00a0<\/strong><\/p>\n<p style=\"text-align: justify\"><span style=\"color: initial;font-size: revert;text-align: justify\">G\u0142\u00f3wnym profilem zbior\u00f3w jest klasyka literatury polskiej, dzie\u0142a wsp\u00f3\u0142czesnych polskich autor\u00f3w oraz t\u0142umaczenia literatury w\u0119gierskiej na j\u0119zyk polski. Opr\u00f3cz literatury pi\u0119knej dost\u0119pne s\u0105 te\u017c prace z zakresu nauk humanistycznych: literaturoznawstwa, j\u0119zykoznawstwa, kultury, folkloru, oraz historii i geografii Polski. Ksi\u0119gozbi\u00f3r podr\u0119czny stanowi\u0105 leksykony, encyklopedie i s\u0142owniki. Gromadzimy r\u00f3wnie\u017c przewodniki, podr\u0119czniki do nauki j\u0119zyka polskiego oraz wsp\u00f3\u0142czesn\u0105 literatur\u0119 dzieci\u0119c\u0105. Biblioteka jest regularnie zaopatrywana w nowo\u015bci wydawnicze. Staramy si\u0119 zbiera\u0107 ukazuj\u0105ce si\u0119 na W\u0119grzech wydawnictwa dotycz\u0105ce Polski oraz t\u0142umaczenia literatury polskiej w j\u0119zyku w\u0119gierskim.<\/span><\/p>\n<p style=\"text-align: justify\">W\u015br\u00f3d u\u017cytkownik\u00f3w biblioteki s\u0105 m.in. studenci wydzia\u0142\u00f3w polonistycznych i polscy stypendy\u015bci studiuj\u0105cy na w\u0119gierskich uczelniach, wyk\u0142adowcy, badacze i t\u0142umacze, uczniowie przygotowuj\u0105cy prezentacje o Polsce oraz s\u0142uchacze kurs\u00f3w j\u0119zyka polskiego.\u00a0<\/p>\n<p><strong>Kontakt:<\/strong><\/p>\n<p><strong>Kamila B\u00e9key\u00a0<\/strong><\/p>\n<p>E-mail: <a href=\"mailto:budapest.biblioteka@instytutpolski.pl\">budapest.biblioteka@instytutpolski.pl<\/a><\/p>\n<p>Tel.: +361 505 46 65<\/p>\n<h3><strong><span style=\"color: #ff0000\"><a style=\"color: #ff0000\" href=\"https:\/\/xn--szukamksiki-4kb16m.pl\/SkNewWeb\/bstart\/505001442\" target=\"_blank\" rel=\"noopener\">Katalog biblioteki<\/a><\/span><\/strong><\/h3>\n<p>\u00a0<\/p>\n","protected":false},"excerpt":{"rendered":"<p>Drodzy Czytelnicy! \u00a0 Uprzejmie informujemy, \u017ce w dniach 18.11., 25.11. i 2.12. biblioteka Instytutu Polskiego w Budapeszcie b\u0119dzie zamkni\u0119ta z powodu remontu. Zapraszamy ponownie 9 grudnia! \u00a0 *** Biblioteka Instytutu Polskiego w Budapeszcie to ok. 10 tysi\u0119cy ksi\u0105\u017cek i czasopism, a tak\u017ce audiobooki i filmy! Godziny otwarcia: wtorek, godz. 15.00 &#8211; 19.00\u00a0 G\u0142\u00f3wnym profilem zbior\u00f3w [&hellip;]<\/p>\n","protected":false},"author":124,"featured_media":1625,"parent":1294,"menu_order":0,"comment_status":"closed","ping_status":"closed","template":"","meta":{"inline_featured_image":false,"_monsterinsights_skip_tracking":false,"_monsterinsights_sitenote_active":false,"_monsterinsights_sitenote_note":"","_monsterinsights_sitenote_category":0,"footnotes":""},"class_list":["post-1310","page","type-page","status-publish","has-post-thumbnail","hentry"],"yoast_head":"<!-- This site is optimized with the Yoast SEO plugin v24.6 - https:\/\/yoast.com\/wordpress\/plugins\/seo\/ -->\n<title>Biblioteka - Instytut Polski w Budapeszcie<\/title>\n<meta name=\"robots\" content=\"index, follow, max-snippet:-1, max-image-preview:large, max-video-preview:-1\" \/>\n<link rel=\"canonical\" href=\"https:\/\/instytutpolski.pl\/budapest\/pl\/o-instytucie-polskim\/biblioteka\/\" \/>\n<meta property=\"og:locale\" content=\"pl_PL\" \/>\n<meta property=\"og:type\" content=\"article\" \/>\n<meta property=\"og:title\" content=\"Biblioteka - Instytut Polski w Budapeszcie\" \/>\n<meta property=\"og:description\" content=\"Drodzy Czytelnicy! \u00a0 Uprzejmie informujemy, \u017ce w dniach 18.11., 25.11. i 2.12. biblioteka Instytutu Polskiego w Budapeszcie b\u0119dzie zamkni\u0119ta z powodu remontu. Zapraszamy ponownie 9 grudnia! \u00a0 *** Biblioteka Instytutu Polskiego w Budapeszcie to ok. 10 tysi\u0119cy ksi\u0105\u017cek i czasopism, a tak\u017ce audiobooki i filmy! Godziny otwarcia: wtorek, godz. 15.00 &#8211; 19.00\u00a0 G\u0142\u00f3wnym profilem zbior\u00f3w [&hellip;]\" \/>\n<meta property=\"og:url\" content=\"https:\/\/instytutpolski.pl\/budapest\/pl\/o-instytucie-polskim\/biblioteka\/\" \/>\n<meta property=\"og:site_name\" content=\"Instytut Polski w Budapeszcie\" \/>\n<meta property=\"article:modified_time\" content=\"2025-11-28T12:46:40+00:00\" \/>\n<meta property=\"og:image\" content=\"https:\/\/instytutpolski.pl\/budapest\/wp-content\/uploads\/sites\/21\/2020\/01\/JB-2014-03-18-00098.jpg\" \/>\n\t<meta property=\"og:image:width\" content=\"1200\" \/>\n\t<meta property=\"og:image:height\" content=\"475\" \/>\n\t<meta property=\"og:image:type\" content=\"image\/jpeg\" \/>\n<meta name=\"twitter:card\" content=\"summary_large_image\" \/>\n<meta name=\"twitter:label1\" content=\"Szacowany czas czytania\" \/>\n\t<meta name=\"twitter:data1\" content=\"2 minuty\" \/>\n<script type=\"application\/ld+json\" class=\"yoast-schema-graph\">{\"@context\":\"https:\/\/schema.org\",\"@graph\":[{\"@type\":\"WebPage\",\"@id\":\"https:\/\/instytutpolski.pl\/budapest\/pl\/o-instytucie-polskim\/biblioteka\/\",\"url\":\"https:\/\/instytutpolski.pl\/budapest\/pl\/o-instytucie-polskim\/biblioteka\/\",\"name\":\"Biblioteka - Instytut Polski w Budapeszcie\",\"isPartOf\":{\"@id\":\"https:\/\/instytutpolski.pl\/budapest\/#website\"},\"primaryImageOfPage\":{\"@id\":\"https:\/\/instytutpolski.pl\/budapest\/pl\/o-instytucie-polskim\/biblioteka\/#primaryimage\"},\"image\":{\"@id\":\"https:\/\/instytutpolski.pl\/budapest\/pl\/o-instytucie-polskim\/biblioteka\/#primaryimage\"},\"thumbnailUrl\":\"https:\/\/instytutpolski.pl\/budapest\/wp-content\/uploads\/sites\/21\/2020\/01\/JB-2014-03-18-00098.jpg\",\"datePublished\":\"2020-05-07T07:48:52+00:00\",\"dateModified\":\"2025-11-28T12:46:40+00:00\",\"breadcrumb\":{\"@id\":\"https:\/\/instytutpolski.pl\/budapest\/pl\/o-instytucie-polskim\/biblioteka\/#breadcrumb\"},\"inLanguage\":\"pl-PL\",\"potentialAction\":[{\"@type\":\"ReadAction\",\"target\":[\"https:\/\/instytutpolski.pl\/budapest\/pl\/o-instytucie-polskim\/biblioteka\/\"]}]},{\"@type\":\"ImageObject\",\"inLanguage\":\"pl-PL\",\"@id\":\"https:\/\/instytutpolski.pl\/budapest\/pl\/o-instytucie-polskim\/biblioteka\/#primaryimage\",\"url\":\"https:\/\/instytutpolski.pl\/budapest\/wp-content\/uploads\/sites\/21\/2020\/01\/JB-2014-03-18-00098.jpg\",\"contentUrl\":\"https:\/\/instytutpolski.pl\/budapest\/wp-content\/uploads\/sites\/21\/2020\/01\/JB-2014-03-18-00098.jpg\",\"width\":1200,\"height\":475},{\"@type\":\"BreadcrumbList\",\"@id\":\"https:\/\/instytutpolski.pl\/budapest\/pl\/o-instytucie-polskim\/biblioteka\/#breadcrumb\",\"itemListElement\":[{\"@type\":\"ListItem\",\"position\":1,\"name\":\"Home\",\"item\":\"https:\/\/instytutpolski.pl\/budapest\/\"},{\"@type\":\"ListItem\",\"position\":2,\"name\":\"O Instytucie Polskim w Budapszcie\",\"item\":\"https:\/\/instytutpolski.pl\/budapest\/pl\/o-instytucie-polskim\/\"},{\"@type\":\"ListItem\",\"position\":3,\"name\":\"Biblioteka\"}]},{\"@type\":\"WebSite\",\"@id\":\"https:\/\/instytutpolski.pl\/budapest\/#website\",\"url\":\"https:\/\/instytutpolski.pl\/budapest\/\",\"name\":\"Instytut Polski w Budapeszcie\",\"description\":\"Instytuty Polskie\",\"potentialAction\":[{\"@type\":\"SearchAction\",\"target\":{\"@type\":\"EntryPoint\",\"urlTemplate\":\"https:\/\/instytutpolski.pl\/budapest\/?s={search_term_string}\"},\"query-input\":{\"@type\":\"PropertyValueSpecification\",\"valueRequired\":true,\"valueName\":\"search_term_string\"}}],\"inLanguage\":\"pl-PL\"}]}<\/script>\n<!-- \/ Yoast SEO plugin. -->","yoast_head_json":{"title":"Biblioteka - Instytut Polski w Budapeszcie","robots":{"index":"index","follow":"follow","max-snippet":"max-snippet:-1","max-image-preview":"max-image-preview:large","max-video-preview":"max-video-preview:-1"},"canonical":"https:\/\/instytutpolski.pl\/budapest\/pl\/o-instytucie-polskim\/biblioteka\/","og_locale":"pl_PL","og_type":"article","og_title":"Biblioteka - Instytut Polski w Budapeszcie","og_description":"Drodzy Czytelnicy! \u00a0 Uprzejmie informujemy, \u017ce w dniach 18.11., 25.11. i 2.12. biblioteka Instytutu Polskiego w Budapeszcie b\u0119dzie zamkni\u0119ta z powodu remontu. Zapraszamy ponownie 9 grudnia! \u00a0 *** Biblioteka Instytutu Polskiego w Budapeszcie to ok. 10 tysi\u0119cy ksi\u0105\u017cek i czasopism, a tak\u017ce audiobooki i filmy! Godziny otwarcia: wtorek, godz. 15.00 &#8211; 19.00\u00a0 G\u0142\u00f3wnym profilem zbior\u00f3w [&hellip;]","og_url":"https:\/\/instytutpolski.pl\/budapest\/pl\/o-instytucie-polskim\/biblioteka\/","og_site_name":"Instytut Polski w Budapeszcie","article_modified_time":"2025-11-28T12:46:40+00:00","og_image":[{"width":1200,"height":475,"url":"https:\/\/instytutpolski.pl\/budapest\/wp-content\/uploads\/sites\/21\/2020\/01\/JB-2014-03-18-00098.jpg","type":"image\/jpeg"}],"twitter_card":"summary_large_image","twitter_misc":{"Szacowany czas czytania":"2 minuty"},"schema":{"@context":"https:\/\/schema.org","@graph":[{"@type":"WebPage","@id":"https:\/\/instytutpolski.pl\/budapest\/pl\/o-instytucie-polskim\/biblioteka\/","url":"https:\/\/instytutpolski.pl\/budapest\/pl\/o-instytucie-polskim\/biblioteka\/","name":"Biblioteka - Instytut Polski w Budapeszcie","isPartOf":{"@id":"https:\/\/instytutpolski.pl\/budapest\/#website"},"primaryImageOfPage":{"@id":"https:\/\/instytutpolski.pl\/budapest\/pl\/o-instytucie-polskim\/biblioteka\/#primaryimage"},"image":{"@id":"https:\/\/instytutpolski.pl\/budapest\/pl\/o-instytucie-polskim\/biblioteka\/#primaryimage"},"thumbnailUrl":"https:\/\/instytutpolski.pl\/budapest\/wp-content\/uploads\/sites\/21\/2020\/01\/JB-2014-03-18-00098.jpg","datePublished":"2020-05-07T07:48:52+00:00","dateModified":"2025-11-28T12:46:40+00:00","breadcrumb":{"@id":"https:\/\/instytutpolski.pl\/budapest\/pl\/o-instytucie-polskim\/biblioteka\/#breadcrumb"},"inLanguage":"pl-PL","potentialAction":[{"@type":"ReadAction","target":["https:\/\/instytutpolski.pl\/budapest\/pl\/o-instytucie-polskim\/biblioteka\/"]}]},{"@type":"ImageObject","inLanguage":"pl-PL","@id":"https:\/\/instytutpolski.pl\/budapest\/pl\/o-instytucie-polskim\/biblioteka\/#primaryimage","url":"https:\/\/instytutpolski.pl\/budapest\/wp-content\/uploads\/sites\/21\/2020\/01\/JB-2014-03-18-00098.jpg","contentUrl":"https:\/\/instytutpolski.pl\/budapest\/wp-content\/uploads\/sites\/21\/2020\/01\/JB-2014-03-18-00098.jpg","width":1200,"height":475},{"@type":"BreadcrumbList","@id":"https:\/\/instytutpolski.pl\/budapest\/pl\/o-instytucie-polskim\/biblioteka\/#breadcrumb","itemListElement":[{"@type":"ListItem","position":1,"name":"Home","item":"https:\/\/instytutpolski.pl\/budapest\/"},{"@type":"ListItem","position":2,"name":"O Instytucie Polskim w Budapszcie","item":"https:\/\/instytutpolski.pl\/budapest\/pl\/o-instytucie-polskim\/"},{"@type":"ListItem","position":3,"name":"Biblioteka"}]},{"@type":"WebSite","@id":"https:\/\/instytutpolski.pl\/budapest\/#website","url":"https:\/\/instytutpolski.pl\/budapest\/","name":"Instytut Polski w Budapeszcie","description":"Instytuty Polskie","potentialAction":[{"@type":"SearchAction","target":{"@type":"EntryPoint","urlTemplate":"https:\/\/instytutpolski.pl\/budapest\/?s={search_term_string}"},"query-input":{"@type":"PropertyValueSpecification","valueRequired":true,"valueName":"search_term_string"}}],"inLanguage":"pl-PL"}]}},"_links":{"self":[{"href":"https:\/\/instytutpolski.pl\/budapest\/wp-json\/wp\/v2\/pages\/1310","targetHints":{"allow":["GET"]}}],"collection":[{"href":"https:\/\/instytutpolski.pl\/budapest\/wp-json\/wp\/v2\/pages"}],"about":[{"href":"https:\/\/instytutpolski.pl\/budapest\/wp-json\/wp\/v2\/types\/page"}],"author":[{"embeddable":true,"href":"https:\/\/instytutpolski.pl\/budapest\/wp-json\/wp\/v2\/users\/124"}],"replies":[{"embeddable":true,"href":"https:\/\/instytutpolski.pl\/budapest\/wp-json\/wp\/v2\/comments?post=1310"}],"version-history":[{"count":47,"href":"https:\/\/instytutpolski.pl\/budapest\/wp-json\/wp\/v2\/pages\/1310\/revisions"}],"predecessor-version":[{"id":21122,"href":"https:\/\/instytutpolski.pl\/budapest\/wp-json\/wp\/v2\/pages\/1310\/revisions\/21122"}],"up":[{"embeddable":true,"href":"https:\/\/instytutpolski.pl\/budapest\/wp-json\/wp\/v2\/pages\/1294"}],"wp:featuredmedia":[{"embeddable":true,"href":"https:\/\/instytutpolski.pl\/budapest\/wp-json\/wp\/v2\/media\/1625"}],"wp:attachment":[{"href":"https:\/\/instytutpolski.pl\/budapest\/wp-json\/wp\/v2\/media?parent=1310"}],"curies":[{"name":"wp","href":"https:\/\/api.w.org\/{rel}","templated":true}]}}