{"id":1312,"date":"2020-05-07T09:48:52","date_gmt":"2020-05-07T07:48:52","guid":{"rendered":"https:\/\/instytutpolski.pl\/budapeszt\/?page_id=1312"},"modified":"2025-11-28T13:47:10","modified_gmt":"2025-11-28T12:47:10","slug":"konyvtar","status":"publish","type":"page","link":"https:\/\/instytutpolski.pl\/budapest\/a-lengyel-intezetrol\/konyvtar\/","title":{"rendered":"K\u00f6nyvt\u00e1r"},"content":{"rendered":"\n<div class=\"kvgmc6g5 cxmmr5t8 oygrvhab hcukyx3x c1et5uql ii04i59q\">\n<div>\n<div class=\"xdj266r x14z9mp xat24cr x1lziwak x1vvkbs x126k92a\">\n<p dir=\"auto\"><em><strong>Kedves Olvas\u00f3ink!<\/strong><\/em><\/p>\n<p dir=\"auto\"><em style=\"font-size: revert;color: initial\"><strong>2025. november 18-\u00e1n, 25-\u00e9n \u00e9s december 2-\u00e1n a budapesti Lengyel Int\u00e9zet k\u00f6nyvt\u00e1ra fel\u00faj\u00edt\u00e1s miatt z\u00e1rva tart. Legk\u00f6zelebb december 9-\u00e9n v\u00e1runk Benneteket! Meg\u00e9rt\u00e9seteket k\u00f6sz\u00f6nj\u00fck.<\/strong><\/em><\/p>\n<\/div>\n<\/div>\n<p>***<\/p>\n<\/div>\n<div><span style=\"color: initial;text-align: justify\">A Lengyel Int\u00e9zet k\u00f6nyvt\u00e1ra egy k\u00f6zel t\u00edzezer k\u00f6nyvet, k\u00f6zt\u00fck hangosk\u00f6nyveket, valamint foly\u00f3iratokat \u00e9s filmeket tartalmaz\u00f3 gy\u0171jtem\u00e9ny.<\/span><\/div>\n<div class=\"o9v6fnle cxmmr5t8 oygrvhab hcukyx3x c1et5uql ii04i59q\">\n<div dir=\"auto\">\u00a0<\/div>\n<div dir=\"auto\" style=\"text-align: justify\"><strong>Nyitva tart\u00e1s: minden kedden 15.00 &#8211; 19.00 \u00f3ra k\u00f6z\u00f6tt.\u00a0<\/strong><\/div>\n<div dir=\"auto\">\u00a0<\/div>\n<div dir=\"auto\"><span style=\"color: initial;font-size: revert;text-align: justify\">F\u0151k\u00e9nt a klasszikus \u00e9s kort\u00e1rs lengyel irodalmat, valamint magyar m\u0171vek lengyel nyelv\u0171 ford\u00edt\u00e1sait gy\u0171jtj\u00fck. A sz\u00e9pirodalom mellett a hum\u00e1n ter\u00fcletek lengyel vonatkoz\u00e1s\u00fa szakirodalma jelenik meg hangs\u00falyosan gy\u0171jtem\u00e9ny\u00fcnkben: irodalomt\u00f6rt\u00e9neti \u00e9s nyelv\u00e9szeti munk\u00e1k, a lengyel kult\u00far\u00e1t, n\u00e9prajzot, Lengyelorsz\u00e1g t\u00f6rt\u00e9net\u00e9t \u00e9s f\u00f6ldrajz\u00e1t ismertet\u0151 m\u0171vek, a k\u00e9zik\u00f6nyvt\u00e1rban lexikonok, enciklop\u00e9di\u00e1k, egy- \u00e9s t\u00f6bbnyelv\u0171 sz\u00f3t\u00e1rak. A rendszeresen friss\u00fcl\u0151 \u00e1llom\u00e1ny r\u00e9sz\u00e9t k\u00e9pezik tov\u00e1bb\u00e1 az \u00fatik\u00f6nyvek, nyelvk\u00f6nyvek \u00e9s a kort\u00e1rs lengyel gyermekirodalmi kiadv\u00e1nyok is. A k\u00f6nyvt\u00e1r \u00e1llom\u00e1nya d\u00f6nt\u0151 r\u00e9szben lengyel nyelv\u0171.<\/span><\/div>\n<\/div>\n<p style=\"text-align: justify\">Olvas\u00f3ink z\u00f6me a helyi lengyel k\u00f6z\u00f6ss\u00e9g tagjai, a magyarorsz\u00e1gi egyetemek lengyel szakos hallgat\u00f3i \u00e9s a Magyarorsz\u00e1gon tanul\u00f3 lengyel egyetemist\u00e1k k\u00f6z\u00fcl ker\u00fcl ki, de oktat\u00f3k, kutat\u00f3k, m\u0171ford\u00edt\u00f3k is haszn\u00e1lj\u00e1k a gy\u0171jtem\u00e9nyt.<\/p>\n<div class=\"o9v6fnle cxmmr5t8 oygrvhab hcukyx3x c1et5uql ii04i59q\">\n<div dir=\"auto\"><strong style=\"font-size: inherit\">Kapcsolat:<\/strong><\/div>\n<div dir=\"auto\">\u00a0<\/div>\n<div dir=\"auto\"><strong>B\u00e9key Kamila<\/strong><\/div>\n<\/div>\n<p>Email:\u00a0<a href=\"mailto:budapest.biblioteka@instytutpolski.pl\">budapest.biblioteka@instytutpolski.pl<\/a><\/p>\n<p>Tel.: +361 505 46 65<\/p>\n<h3><strong><a href=\"https:\/\/xn--szukamksiki-4kb16m.pl\/SkNewWeb\/bstart\/505001442\" target=\"_blank\" rel=\"noopener\"><span style=\"color: #ff0000\">K\u00f6nyvt\u00e1ri katal\u00f3gus<\/span><\/a><\/strong><\/h3>\n<p>\u00a0<\/p>\n\n\n\n<p><\/p>\n","protected":false},"excerpt":{"rendered":"<p>Kedves Olvas\u00f3ink! 2025. november 18-\u00e1n, 25-\u00e9n \u00e9s december 2-\u00e1n a budapesti Lengyel Int\u00e9zet k\u00f6nyvt\u00e1ra fel\u00faj\u00edt\u00e1s miatt z\u00e1rva tart. Legk\u00f6zelebb december 9-\u00e9n v\u00e1runk Benneteket! Meg\u00e9rt\u00e9seteket k\u00f6sz\u00f6nj\u00fck. *** A Lengyel Int\u00e9zet k\u00f6nyvt\u00e1ra egy k\u00f6zel t\u00edzezer k\u00f6nyvet, k\u00f6zt\u00fck hangosk\u00f6nyveket, valamint foly\u00f3iratokat \u00e9s filmeket tartalmaz\u00f3 gy\u0171jtem\u00e9ny. \u00a0 Nyitva tart\u00e1s: minden kedden 15.00 &#8211; 19.00 \u00f3ra k\u00f6z\u00f6tt.\u00a0 \u00a0 F\u0151k\u00e9nt a [&hellip;]<\/p>\n","protected":false},"author":68,"featured_media":1625,"parent":1296,"menu_order":0,"comment_status":"closed","ping_status":"closed","template":"","meta":{"inline_featured_image":false,"_monsterinsights_skip_tracking":false,"_monsterinsights_sitenote_active":false,"_monsterinsights_sitenote_note":"","_monsterinsights_sitenote_category":0,"footnotes":""},"class_list":["post-1312","page","type-page","status-publish","has-post-thumbnail","hentry"],"yoast_head":"<!-- This site is optimized with the Yoast SEO plugin v24.6 - https:\/\/yoast.com\/wordpress\/plugins\/seo\/ -->\n<title>K\u00f6nyvt\u00e1r - Instytut Polski w Budapeszcie<\/title>\n<meta name=\"robots\" content=\"index, follow, max-snippet:-1, max-image-preview:large, max-video-preview:-1\" \/>\n<link rel=\"canonical\" href=\"https:\/\/instytutpolski.pl\/budapest\/a-lengyel-intezetrol\/konyvtar\/\" \/>\n<meta property=\"og:locale\" content=\"pl_PL\" \/>\n<meta property=\"og:type\" content=\"article\" \/>\n<meta property=\"og:title\" content=\"K\u00f6nyvt\u00e1r - Instytut Polski w Budapeszcie\" \/>\n<meta property=\"og:description\" content=\"Kedves Olvas\u00f3ink! 2025. november 18-\u00e1n, 25-\u00e9n \u00e9s december 2-\u00e1n a budapesti Lengyel Int\u00e9zet k\u00f6nyvt\u00e1ra fel\u00faj\u00edt\u00e1s miatt z\u00e1rva tart. Legk\u00f6zelebb december 9-\u00e9n v\u00e1runk Benneteket! Meg\u00e9rt\u00e9seteket k\u00f6sz\u00f6nj\u00fck. *** A Lengyel Int\u00e9zet k\u00f6nyvt\u00e1ra egy k\u00f6zel t\u00edzezer k\u00f6nyvet, k\u00f6zt\u00fck hangosk\u00f6nyveket, valamint foly\u00f3iratokat \u00e9s filmeket tartalmaz\u00f3 gy\u0171jtem\u00e9ny. \u00a0 Nyitva tart\u00e1s: minden kedden 15.00 &#8211; 19.00 \u00f3ra k\u00f6z\u00f6tt.\u00a0 \u00a0 F\u0151k\u00e9nt a [&hellip;]\" \/>\n<meta property=\"og:url\" content=\"https:\/\/instytutpolski.pl\/budapest\/a-lengyel-intezetrol\/konyvtar\/\" \/>\n<meta property=\"og:site_name\" content=\"Instytut Polski w Budapeszcie\" \/>\n<meta property=\"article:modified_time\" content=\"2025-11-28T12:47:10+00:00\" \/>\n<meta property=\"og:image\" content=\"https:\/\/instytutpolski.pl\/budapest\/wp-content\/uploads\/sites\/21\/2020\/01\/JB-2014-03-18-00098.jpg\" \/>\n\t<meta property=\"og:image:width\" content=\"1200\" \/>\n\t<meta property=\"og:image:height\" content=\"475\" \/>\n\t<meta property=\"og:image:type\" content=\"image\/jpeg\" \/>\n<meta name=\"twitter:card\" content=\"summary_large_image\" \/>\n<meta name=\"twitter:label1\" content=\"Szacowany czas czytania\" \/>\n\t<meta name=\"twitter:data1\" content=\"2 minuty\" \/>\n<script type=\"application\/ld+json\" class=\"yoast-schema-graph\">{\"@context\":\"https:\/\/schema.org\",\"@graph\":[{\"@type\":\"WebPage\",\"@id\":\"https:\/\/instytutpolski.pl\/budapest\/a-lengyel-intezetrol\/konyvtar\/\",\"url\":\"https:\/\/instytutpolski.pl\/budapest\/a-lengyel-intezetrol\/konyvtar\/\",\"name\":\"K\u00f6nyvt\u00e1r - Instytut Polski w Budapeszcie\",\"isPartOf\":{\"@id\":\"https:\/\/instytutpolski.pl\/budapest\/#website\"},\"primaryImageOfPage\":{\"@id\":\"https:\/\/instytutpolski.pl\/budapest\/a-lengyel-intezetrol\/konyvtar\/#primaryimage\"},\"image\":{\"@id\":\"https:\/\/instytutpolski.pl\/budapest\/a-lengyel-intezetrol\/konyvtar\/#primaryimage\"},\"thumbnailUrl\":\"https:\/\/instytutpolski.pl\/budapest\/wp-content\/uploads\/sites\/21\/2020\/01\/JB-2014-03-18-00098.jpg\",\"datePublished\":\"2020-05-07T07:48:52+00:00\",\"dateModified\":\"2025-11-28T12:47:10+00:00\",\"breadcrumb\":{\"@id\":\"https:\/\/instytutpolski.pl\/budapest\/a-lengyel-intezetrol\/konyvtar\/#breadcrumb\"},\"inLanguage\":\"pl-PL\",\"potentialAction\":[{\"@type\":\"ReadAction\",\"target\":[\"https:\/\/instytutpolski.pl\/budapest\/a-lengyel-intezetrol\/konyvtar\/\"]}]},{\"@type\":\"ImageObject\",\"inLanguage\":\"pl-PL\",\"@id\":\"https:\/\/instytutpolski.pl\/budapest\/a-lengyel-intezetrol\/konyvtar\/#primaryimage\",\"url\":\"https:\/\/instytutpolski.pl\/budapest\/wp-content\/uploads\/sites\/21\/2020\/01\/JB-2014-03-18-00098.jpg\",\"contentUrl\":\"https:\/\/instytutpolski.pl\/budapest\/wp-content\/uploads\/sites\/21\/2020\/01\/JB-2014-03-18-00098.jpg\",\"width\":1200,\"height\":475},{\"@type\":\"BreadcrumbList\",\"@id\":\"https:\/\/instytutpolski.pl\/budapest\/a-lengyel-intezetrol\/konyvtar\/#breadcrumb\",\"itemListElement\":[{\"@type\":\"ListItem\",\"position\":1,\"name\":\"Home\",\"item\":\"https:\/\/instytutpolski.pl\/budapest\/\"},{\"@type\":\"ListItem\",\"position\":2,\"name\":\"A budapesti Lengyel Int\u00e9zetr\u0151l\",\"item\":\"https:\/\/instytutpolski.pl\/budapest\/a-lengyel-intezetrol\/\"},{\"@type\":\"ListItem\",\"position\":3,\"name\":\"K\u00f6nyvt\u00e1r\"}]},{\"@type\":\"WebSite\",\"@id\":\"https:\/\/instytutpolski.pl\/budapest\/#website\",\"url\":\"https:\/\/instytutpolski.pl\/budapest\/\",\"name\":\"Instytut Polski w Budapeszcie\",\"description\":\"Instytuty Polskie\",\"potentialAction\":[{\"@type\":\"SearchAction\",\"target\":{\"@type\":\"EntryPoint\",\"urlTemplate\":\"https:\/\/instytutpolski.pl\/budapest\/?s={search_term_string}\"},\"query-input\":{\"@type\":\"PropertyValueSpecification\",\"valueRequired\":true,\"valueName\":\"search_term_string\"}}],\"inLanguage\":\"pl-PL\"}]}<\/script>\n<!-- \/ Yoast SEO plugin. -->","yoast_head_json":{"title":"K\u00f6nyvt\u00e1r - Instytut Polski w Budapeszcie","robots":{"index":"index","follow":"follow","max-snippet":"max-snippet:-1","max-image-preview":"max-image-preview:large","max-video-preview":"max-video-preview:-1"},"canonical":"https:\/\/instytutpolski.pl\/budapest\/a-lengyel-intezetrol\/konyvtar\/","og_locale":"pl_PL","og_type":"article","og_title":"K\u00f6nyvt\u00e1r - Instytut Polski w Budapeszcie","og_description":"Kedves Olvas\u00f3ink! 2025. november 18-\u00e1n, 25-\u00e9n \u00e9s december 2-\u00e1n a budapesti Lengyel Int\u00e9zet k\u00f6nyvt\u00e1ra fel\u00faj\u00edt\u00e1s miatt z\u00e1rva tart. Legk\u00f6zelebb december 9-\u00e9n v\u00e1runk Benneteket! Meg\u00e9rt\u00e9seteket k\u00f6sz\u00f6nj\u00fck. *** A Lengyel Int\u00e9zet k\u00f6nyvt\u00e1ra egy k\u00f6zel t\u00edzezer k\u00f6nyvet, k\u00f6zt\u00fck hangosk\u00f6nyveket, valamint foly\u00f3iratokat \u00e9s filmeket tartalmaz\u00f3 gy\u0171jtem\u00e9ny. \u00a0 Nyitva tart\u00e1s: minden kedden 15.00 &#8211; 19.00 \u00f3ra k\u00f6z\u00f6tt.\u00a0 \u00a0 F\u0151k\u00e9nt a [&hellip;]","og_url":"https:\/\/instytutpolski.pl\/budapest\/a-lengyel-intezetrol\/konyvtar\/","og_site_name":"Instytut Polski w Budapeszcie","article_modified_time":"2025-11-28T12:47:10+00:00","og_image":[{"width":1200,"height":475,"url":"https:\/\/instytutpolski.pl\/budapest\/wp-content\/uploads\/sites\/21\/2020\/01\/JB-2014-03-18-00098.jpg","type":"image\/jpeg"}],"twitter_card":"summary_large_image","twitter_misc":{"Szacowany czas czytania":"2 minuty"},"schema":{"@context":"https:\/\/schema.org","@graph":[{"@type":"WebPage","@id":"https:\/\/instytutpolski.pl\/budapest\/a-lengyel-intezetrol\/konyvtar\/","url":"https:\/\/instytutpolski.pl\/budapest\/a-lengyel-intezetrol\/konyvtar\/","name":"K\u00f6nyvt\u00e1r - Instytut Polski w Budapeszcie","isPartOf":{"@id":"https:\/\/instytutpolski.pl\/budapest\/#website"},"primaryImageOfPage":{"@id":"https:\/\/instytutpolski.pl\/budapest\/a-lengyel-intezetrol\/konyvtar\/#primaryimage"},"image":{"@id":"https:\/\/instytutpolski.pl\/budapest\/a-lengyel-intezetrol\/konyvtar\/#primaryimage"},"thumbnailUrl":"https:\/\/instytutpolski.pl\/budapest\/wp-content\/uploads\/sites\/21\/2020\/01\/JB-2014-03-18-00098.jpg","datePublished":"2020-05-07T07:48:52+00:00","dateModified":"2025-11-28T12:47:10+00:00","breadcrumb":{"@id":"https:\/\/instytutpolski.pl\/budapest\/a-lengyel-intezetrol\/konyvtar\/#breadcrumb"},"inLanguage":"pl-PL","potentialAction":[{"@type":"ReadAction","target":["https:\/\/instytutpolski.pl\/budapest\/a-lengyel-intezetrol\/konyvtar\/"]}]},{"@type":"ImageObject","inLanguage":"pl-PL","@id":"https:\/\/instytutpolski.pl\/budapest\/a-lengyel-intezetrol\/konyvtar\/#primaryimage","url":"https:\/\/instytutpolski.pl\/budapest\/wp-content\/uploads\/sites\/21\/2020\/01\/JB-2014-03-18-00098.jpg","contentUrl":"https:\/\/instytutpolski.pl\/budapest\/wp-content\/uploads\/sites\/21\/2020\/01\/JB-2014-03-18-00098.jpg","width":1200,"height":475},{"@type":"BreadcrumbList","@id":"https:\/\/instytutpolski.pl\/budapest\/a-lengyel-intezetrol\/konyvtar\/#breadcrumb","itemListElement":[{"@type":"ListItem","position":1,"name":"Home","item":"https:\/\/instytutpolski.pl\/budapest\/"},{"@type":"ListItem","position":2,"name":"A budapesti Lengyel Int\u00e9zetr\u0151l","item":"https:\/\/instytutpolski.pl\/budapest\/a-lengyel-intezetrol\/"},{"@type":"ListItem","position":3,"name":"K\u00f6nyvt\u00e1r"}]},{"@type":"WebSite","@id":"https:\/\/instytutpolski.pl\/budapest\/#website","url":"https:\/\/instytutpolski.pl\/budapest\/","name":"Instytut Polski w Budapeszcie","description":"Instytuty Polskie","potentialAction":[{"@type":"SearchAction","target":{"@type":"EntryPoint","urlTemplate":"https:\/\/instytutpolski.pl\/budapest\/?s={search_term_string}"},"query-input":{"@type":"PropertyValueSpecification","valueRequired":true,"valueName":"search_term_string"}}],"inLanguage":"pl-PL"}]}},"_links":{"self":[{"href":"https:\/\/instytutpolski.pl\/budapest\/wp-json\/wp\/v2\/pages\/1312","targetHints":{"allow":["GET"]}}],"collection":[{"href":"https:\/\/instytutpolski.pl\/budapest\/wp-json\/wp\/v2\/pages"}],"about":[{"href":"https:\/\/instytutpolski.pl\/budapest\/wp-json\/wp\/v2\/types\/page"}],"author":[{"embeddable":true,"href":"https:\/\/instytutpolski.pl\/budapest\/wp-json\/wp\/v2\/users\/68"}],"replies":[{"embeddable":true,"href":"https:\/\/instytutpolski.pl\/budapest\/wp-json\/wp\/v2\/comments?post=1312"}],"version-history":[{"count":62,"href":"https:\/\/instytutpolski.pl\/budapest\/wp-json\/wp\/v2\/pages\/1312\/revisions"}],"predecessor-version":[{"id":21123,"href":"https:\/\/instytutpolski.pl\/budapest\/wp-json\/wp\/v2\/pages\/1312\/revisions\/21123"}],"up":[{"embeddable":true,"href":"https:\/\/instytutpolski.pl\/budapest\/wp-json\/wp\/v2\/pages\/1296"}],"wp:featuredmedia":[{"embeddable":true,"href":"https:\/\/instytutpolski.pl\/budapest\/wp-json\/wp\/v2\/media\/1625"}],"wp:attachment":[{"href":"https:\/\/instytutpolski.pl\/budapest\/wp-json\/wp\/v2\/media?parent=1312"}],"curies":[{"name":"wp","href":"https:\/\/api.w.org\/{rel}","templated":true}]}}