{"id":1320,"date":"2019-07-03T09:51:03","date_gmt":"2019-07-03T07:51:03","guid":{"rendered":"https:\/\/instytutpolski.pl\/budapeszt\/?page_id=1320"},"modified":"2022-01-10T09:49:07","modified_gmt":"2022-01-10T08:49:07","slug":"online-katalogus","status":"publish","type":"page","link":"https:\/\/instytutpolski.pl\/budapest\/a-lengyel-intezetrol\/konyvtar\/online-katalogus\/","title":{"rendered":"Online katal\u00f3gus"},"content":{"rendered":"\n<h2 class=\"wp-block-heading\"><a href=\"https:\/\/xn--szukamksiki-4kb16m.pl\/SkNewWeb\/bstart\/505001442\"><strong>K\u00f6nyvt\u00e1ri katal\u00f3gus<\/strong><\/a><\/h2>\n","protected":false},"excerpt":{"rendered":"<p>K\u00f6nyvt\u00e1ri katal\u00f3gus<\/p>\n","protected":false},"author":1,"featured_media":2641,"parent":1312,"menu_order":0,"comment_status":"closed","ping_status":"closed","template":"","meta":{"inline_featured_image":false,"_monsterinsights_skip_tracking":false,"_monsterinsights_sitenote_active":false,"_monsterinsights_sitenote_note":"","_monsterinsights_sitenote_category":0,"footnotes":""},"class_list":["post-1320","page","type-page","status-publish","has-post-thumbnail","hentry"],"yoast_head":"<!-- This site is optimized with the Yoast SEO plugin v24.6 - https:\/\/yoast.com\/wordpress\/plugins\/seo\/ -->\n<title>Online katal\u00f3gus - Instytut Polski w Budapeszcie<\/title>\n<meta name=\"robots\" content=\"index, follow, max-snippet:-1, max-image-preview:large, max-video-preview:-1\" \/>\n<link rel=\"canonical\" href=\"https:\/\/instytutpolski.pl\/budapest\/a-lengyel-intezetrol\/konyvtar\/online-katalogus\/\" \/>\n<meta property=\"og:locale\" content=\"pl_PL\" \/>\n<meta property=\"og:type\" content=\"article\" \/>\n<meta property=\"og:title\" content=\"Online katal\u00f3gus - Instytut Polski w Budapeszcie\" \/>\n<meta property=\"og:description\" content=\"K\u00f6nyvt\u00e1ri katal\u00f3gus\" \/>\n<meta property=\"og:url\" content=\"https:\/\/instytutpolski.pl\/budapest\/a-lengyel-intezetrol\/konyvtar\/online-katalogus\/\" \/>\n<meta property=\"og:site_name\" content=\"Instytut Polski w Budapeszcie\" \/>\n<meta property=\"article:modified_time\" content=\"2022-01-10T08:49:07+00:00\" \/>\n<meta property=\"og:image\" content=\"https:\/\/instytutpolski.pl\/budapest\/wp-content\/uploads\/sites\/21\/2020\/01\/JB-2014-03-18-00110.jpg\" \/>\n\t<meta property=\"og:image:width\" content=\"1200\" \/>\n\t<meta property=\"og:image:height\" content=\"499\" \/>\n\t<meta property=\"og:image:type\" content=\"image\/jpeg\" \/>\n<meta name=\"twitter:card\" content=\"summary_large_image\" \/>\n<meta name=\"twitter:label1\" content=\"Szacowany czas czytania\" \/>\n\t<meta name=\"twitter:data1\" content=\"1 minuta\" \/>\n<script type=\"application\/ld+json\" class=\"yoast-schema-graph\">{\"@context\":\"https:\/\/schema.org\",\"@graph\":[{\"@type\":\"WebPage\",\"@id\":\"https:\/\/instytutpolski.pl\/budapest\/a-lengyel-intezetrol\/konyvtar\/online-katalogus\/\",\"url\":\"https:\/\/instytutpolski.pl\/budapest\/a-lengyel-intezetrol\/konyvtar\/online-katalogus\/\",\"name\":\"Online katal\u00f3gus - Instytut Polski w Budapeszcie\",\"isPartOf\":{\"@id\":\"https:\/\/instytutpolski.pl\/budapest\/#website\"},\"primaryImageOfPage\":{\"@id\":\"https:\/\/instytutpolski.pl\/budapest\/a-lengyel-intezetrol\/konyvtar\/online-katalogus\/#primaryimage\"},\"image\":{\"@id\":\"https:\/\/instytutpolski.pl\/budapest\/a-lengyel-intezetrol\/konyvtar\/online-katalogus\/#primaryimage\"},\"thumbnailUrl\":\"https:\/\/instytutpolski.pl\/budapest\/wp-content\/uploads\/sites\/21\/2020\/01\/JB-2014-03-18-00110.jpg\",\"datePublished\":\"2019-07-03T07:51:03+00:00\",\"dateModified\":\"2022-01-10T08:49:07+00:00\",\"breadcrumb\":{\"@id\":\"https:\/\/instytutpolski.pl\/budapest\/a-lengyel-intezetrol\/konyvtar\/online-katalogus\/#breadcrumb\"},\"inLanguage\":\"pl-PL\",\"potentialAction\":[{\"@type\":\"ReadAction\",\"target\":[\"https:\/\/instytutpolski.pl\/budapest\/a-lengyel-intezetrol\/konyvtar\/online-katalogus\/\"]}]},{\"@type\":\"ImageObject\",\"inLanguage\":\"pl-PL\",\"@id\":\"https:\/\/instytutpolski.pl\/budapest\/a-lengyel-intezetrol\/konyvtar\/online-katalogus\/#primaryimage\",\"url\":\"https:\/\/instytutpolski.pl\/budapest\/wp-content\/uploads\/sites\/21\/2020\/01\/JB-2014-03-18-00110.jpg\",\"contentUrl\":\"https:\/\/instytutpolski.pl\/budapest\/wp-content\/uploads\/sites\/21\/2020\/01\/JB-2014-03-18-00110.jpg\",\"width\":1200,\"height\":499},{\"@type\":\"BreadcrumbList\",\"@id\":\"https:\/\/instytutpolski.pl\/budapest\/a-lengyel-intezetrol\/konyvtar\/online-katalogus\/#breadcrumb\",\"itemListElement\":[{\"@type\":\"ListItem\",\"position\":1,\"name\":\"Home\",\"item\":\"https:\/\/instytutpolski.pl\/budapest\/\"},{\"@type\":\"ListItem\",\"position\":2,\"name\":\"A budapesti Lengyel Int\u00e9zetr\u0151l\",\"item\":\"https:\/\/instytutpolski.pl\/budapest\/a-lengyel-intezetrol\/\"},{\"@type\":\"ListItem\",\"position\":3,\"name\":\"K\u00f6nyvt\u00e1r\",\"item\":\"https:\/\/instytutpolski.pl\/budapest\/a-lengyel-intezetrol\/konyvtar\/\"},{\"@type\":\"ListItem\",\"position\":4,\"name\":\"Online katal\u00f3gus\"}]},{\"@type\":\"WebSite\",\"@id\":\"https:\/\/instytutpolski.pl\/budapest\/#website\",\"url\":\"https:\/\/instytutpolski.pl\/budapest\/\",\"name\":\"Instytut Polski w Budapeszcie\",\"description\":\"Instytuty Polskie\",\"potentialAction\":[{\"@type\":\"SearchAction\",\"target\":{\"@type\":\"EntryPoint\",\"urlTemplate\":\"https:\/\/instytutpolski.pl\/budapest\/?s={search_term_string}\"},\"query-input\":{\"@type\":\"PropertyValueSpecification\",\"valueRequired\":true,\"valueName\":\"search_term_string\"}}],\"inLanguage\":\"pl-PL\"}]}<\/script>\n<!-- \/ Yoast SEO plugin. -->","yoast_head_json":{"title":"Online katal\u00f3gus - Instytut Polski w Budapeszcie","robots":{"index":"index","follow":"follow","max-snippet":"max-snippet:-1","max-image-preview":"max-image-preview:large","max-video-preview":"max-video-preview:-1"},"canonical":"https:\/\/instytutpolski.pl\/budapest\/a-lengyel-intezetrol\/konyvtar\/online-katalogus\/","og_locale":"pl_PL","og_type":"article","og_title":"Online katal\u00f3gus - Instytut Polski w Budapeszcie","og_description":"K\u00f6nyvt\u00e1ri katal\u00f3gus","og_url":"https:\/\/instytutpolski.pl\/budapest\/a-lengyel-intezetrol\/konyvtar\/online-katalogus\/","og_site_name":"Instytut Polski w Budapeszcie","article_modified_time":"2022-01-10T08:49:07+00:00","og_image":[{"width":1200,"height":499,"url":"https:\/\/instytutpolski.pl\/budapest\/wp-content\/uploads\/sites\/21\/2020\/01\/JB-2014-03-18-00110.jpg","type":"image\/jpeg"}],"twitter_card":"summary_large_image","twitter_misc":{"Szacowany czas czytania":"1 minuta"},"schema":{"@context":"https:\/\/schema.org","@graph":[{"@type":"WebPage","@id":"https:\/\/instytutpolski.pl\/budapest\/a-lengyel-intezetrol\/konyvtar\/online-katalogus\/","url":"https:\/\/instytutpolski.pl\/budapest\/a-lengyel-intezetrol\/konyvtar\/online-katalogus\/","name":"Online katal\u00f3gus - Instytut Polski w Budapeszcie","isPartOf":{"@id":"https:\/\/instytutpolski.pl\/budapest\/#website"},"primaryImageOfPage":{"@id":"https:\/\/instytutpolski.pl\/budapest\/a-lengyel-intezetrol\/konyvtar\/online-katalogus\/#primaryimage"},"image":{"@id":"https:\/\/instytutpolski.pl\/budapest\/a-lengyel-intezetrol\/konyvtar\/online-katalogus\/#primaryimage"},"thumbnailUrl":"https:\/\/instytutpolski.pl\/budapest\/wp-content\/uploads\/sites\/21\/2020\/01\/JB-2014-03-18-00110.jpg","datePublished":"2019-07-03T07:51:03+00:00","dateModified":"2022-01-10T08:49:07+00:00","breadcrumb":{"@id":"https:\/\/instytutpolski.pl\/budapest\/a-lengyel-intezetrol\/konyvtar\/online-katalogus\/#breadcrumb"},"inLanguage":"pl-PL","potentialAction":[{"@type":"ReadAction","target":["https:\/\/instytutpolski.pl\/budapest\/a-lengyel-intezetrol\/konyvtar\/online-katalogus\/"]}]},{"@type":"ImageObject","inLanguage":"pl-PL","@id":"https:\/\/instytutpolski.pl\/budapest\/a-lengyel-intezetrol\/konyvtar\/online-katalogus\/#primaryimage","url":"https:\/\/instytutpolski.pl\/budapest\/wp-content\/uploads\/sites\/21\/2020\/01\/JB-2014-03-18-00110.jpg","contentUrl":"https:\/\/instytutpolski.pl\/budapest\/wp-content\/uploads\/sites\/21\/2020\/01\/JB-2014-03-18-00110.jpg","width":1200,"height":499},{"@type":"BreadcrumbList","@id":"https:\/\/instytutpolski.pl\/budapest\/a-lengyel-intezetrol\/konyvtar\/online-katalogus\/#breadcrumb","itemListElement":[{"@type":"ListItem","position":1,"name":"Home","item":"https:\/\/instytutpolski.pl\/budapest\/"},{"@type":"ListItem","position":2,"name":"A budapesti Lengyel Int\u00e9zetr\u0151l","item":"https:\/\/instytutpolski.pl\/budapest\/a-lengyel-intezetrol\/"},{"@type":"ListItem","position":3,"name":"K\u00f6nyvt\u00e1r","item":"https:\/\/instytutpolski.pl\/budapest\/a-lengyel-intezetrol\/konyvtar\/"},{"@type":"ListItem","position":4,"name":"Online katal\u00f3gus"}]},{"@type":"WebSite","@id":"https:\/\/instytutpolski.pl\/budapest\/#website","url":"https:\/\/instytutpolski.pl\/budapest\/","name":"Instytut Polski w Budapeszcie","description":"Instytuty Polskie","potentialAction":[{"@type":"SearchAction","target":{"@type":"EntryPoint","urlTemplate":"https:\/\/instytutpolski.pl\/budapest\/?s={search_term_string}"},"query-input":{"@type":"PropertyValueSpecification","valueRequired":true,"valueName":"search_term_string"}}],"inLanguage":"pl-PL"}]}},"_links":{"self":[{"href":"https:\/\/instytutpolski.pl\/budapest\/wp-json\/wp\/v2\/pages\/1320","targetHints":{"allow":["GET"]}}],"collection":[{"href":"https:\/\/instytutpolski.pl\/budapest\/wp-json\/wp\/v2\/pages"}],"about":[{"href":"https:\/\/instytutpolski.pl\/budapest\/wp-json\/wp\/v2\/types\/page"}],"author":[{"embeddable":true,"href":"https:\/\/instytutpolski.pl\/budapest\/wp-json\/wp\/v2\/users\/1"}],"replies":[{"embeddable":true,"href":"https:\/\/instytutpolski.pl\/budapest\/wp-json\/wp\/v2\/comments?post=1320"}],"version-history":[{"count":7,"href":"https:\/\/instytutpolski.pl\/budapest\/wp-json\/wp\/v2\/pages\/1320\/revisions"}],"predecessor-version":[{"id":14153,"href":"https:\/\/instytutpolski.pl\/budapest\/wp-json\/wp\/v2\/pages\/1320\/revisions\/14153"}],"up":[{"embeddable":true,"href":"https:\/\/instytutpolski.pl\/budapest\/wp-json\/wp\/v2\/pages\/1312"}],"wp:featuredmedia":[{"embeddable":true,"href":"https:\/\/instytutpolski.pl\/budapest\/wp-json\/wp\/v2\/media\/2641"}],"wp:attachment":[{"href":"https:\/\/instytutpolski.pl\/budapest\/wp-json\/wp\/v2\/media?parent=1320"}],"curies":[{"name":"wp","href":"https:\/\/api.w.org\/{rel}","templated":true}]}}