{"id":1324,"date":"2020-05-07T09:52:57","date_gmt":"2020-05-07T07:52:57","guid":{"rendered":"https:\/\/instytutpolski.pl\/budapeszt\/?page_id=1324"},"modified":"2025-07-25T12:46:19","modified_gmt":"2025-07-25T10:46:19","slug":"praktyki","status":"publish","type":"page","link":"https:\/\/instytutpolski.pl\/budapest\/pl\/o-instytucie-polskim\/praktyki\/","title":{"rendered":"Praktyki"},"content":{"rendered":"\n<p class=\"quiet\" style=\"text-align: justify;\"><strong>Osoby zainteresowane praktyk\u0105 studenck\u0105, sta\u017cem b\u0105d\u017a wolontariatem w Instytucie Polskim w Budapeszcie powinny spe\u0142nia\u0107 nast\u0119puj\u0105ce warunki:<\/strong><\/p>\n<ul>\n<li style=\"text-align: justify;\">posiada\u0107 obywatelstwo polskie lub innego kraju cz\u0142onkowskiego Unii Europejskiej;<\/li>\n<li style=\"text-align: justify;\">by\u0107 studentem ostatniego roku studi\u00f3w pierwszego stopnia, jednego z trzech ostatnich lat jednolitych studi\u00f3w magisterskich, studi\u00f3w drugiego stopnia, studi\u00f3w trzeciego stopnia lub studi\u00f3w podyplomowych;<\/li>\n<li style=\"text-align: justify;\">studiowa\u0107 na kierunku istotnym z punktu widzenia potrzeb Ministerstwa;<\/li>\n<li style=\"text-align: justify;\">od uko\u0144czenia studi\u00f3w nie min\u0119\u0142o wi\u0119cej ni\u017c 5 lat.<\/li>\n<\/ul>\n<p style=\"text-align: justify;\">Dodatkowym atutem b\u0119dzie znajomo\u015b\u0107 j\u0119zyka w\u0119gierskiego.<\/p>\n<p style=\"text-align: justify;\">Osoby ubiegaj\u0105ce si\u0119 o praktyki, sta\u017c lub wolontariat w MSZ lub w plac\u00f3wce zagranicznej proszone s\u0105 o zapoznanie si\u0119 z nast\u0119puj\u0105cym aktem prawnym:<\/p>\n<a href=\"https:\/\/instytutpolski.pl\/budapest\/wp-content\/uploads\/sites\/21\/2025\/07\/Zarz-DGSZ-8_2019.pdf\" class=\"pdfemb-viewer\" style=\"\" data-width=\"max\" data-height=\"max\" data-toolbar=\"bottom\" data-toolbar-fixed=\"off\">Zarz DGSZ 8_2019<\/a>\n<p style=\"text-align: justify;\">Kompletne zg\u0142oszenia na w\u0142a\u015bciwych formularzach aplikacyjnych nale\u017cy przesy\u0142a\u0107 najp\u00f3\u017aniej na 45 dni przed planowan\u0105 praktyk\u0105\/sta\u017cem\/wolontariatem:<\/p>\n<ul>\n<li>Dokumenty mo\u017cna te\u017c wys\u0142a\u0107 poczt\u0105 elektroniczn\u0105 w formie skan\u00f3w na adres:\u00a0<a href=\"mailto:budapeszt@instytutpolski.pl\" target=\"_blank\" rel=\"noopener\">budapeszt@instytutpolski.pl<\/a><\/li>\n<li>Aplikacje sk\u0142adane w formie kserokopii nale\u017cy wype\u0142ni\u0107 czarnym d\u0142ugopisem. Dokumenty niekompletne, wype\u0142nione nieczytelnie nie b\u0119d\u0105 brane pod uwag\u0119 w procesie rekrutacji. W przypadku przes\u0142ania dokument\u00f3w drog\u0105 elektroniczn\u0105 osoby zakwalifikowane na praktyk\u0119 zobowi\u0105zane s\u0105 przed\u0142o\u017cy\u0107 orygina\u0142y dokument\u00f3w aplikacyjnych najp\u00f3\u017aniej w dniu rozpocz\u0119cia praktyki\/sta\u017cu\/wolontariatu.<\/li>\n<li>Decyzj\u0119 o przyj\u0119ciu na praktyk\u0119 podejmuje dyrektor Instytutu Polskiego. Kandydat zostaje poinformowany o zgodzie odno\u015bnie odbycia praktyki telefonicznie lub poczt\u0105 elektroniczn\u0105 najp\u00f3\u017aniej 14 dni przed planowanym terminem rozpocz\u0119cia praktyk.\u00a0<\/li>\n<li>Najp\u00f3\u017aniej w dniu rozpocz\u0119cia praktyk kandydat zobowi\u0105zany jest do przedstawienia orygina\u0142\u00f3w dokument\u00f3w aplikacyjnych (formularza i za\u0142\u0105cznik\u00f3w) oraz dowodu ubezpieczenia na okres odbywania praktyki.<\/li>\n<\/ul>\n<p class=\"x_MsoNormal\"><span data-olk-copy-source=\"MessageBody\">Informujemy, \u017ce praktyka jest bezp\u0142atna, plac\u00f3wka nie zapewnia wy\u017cywienia ani zakwaterowania, nie po\u015bredniczy w wynajmie mieszkania.\u00a0Instytut Polski nie organizuje praktyk zawodowych w ramach programu Sokrates-Erasmus.<\/span><\/p>\n<p style=\"text-align: justify;\">Instytut zastrzega sobie prawo do wst\u0119pnej selekcji zg\u0142osze\u0144 i kontaktu jedynie z wybranymi osobami ubiegaj\u0105cym si\u0119 o praktyki, sta\u017c lub wolontariat Instytucie Polski w Budapeszcie.<\/p>\n<p><strong>Materia\u0142y do pobrania:<\/strong><\/p>\n\n\n\n<div class=\"wp-block-file\"><a id=\"wp-block-file--media-bccc28ba-8763-4004-9227-4d3d7a46e250\" href=\"https:\/\/instytutpolski.pl\/budapest\/wp-content\/uploads\/sites\/21\/2024\/11\/Formularz-aplikacyjny-praktyki-absolwenckie-1.docx\"><strong>Formularz aplikacyjny_praktyki absolwenckie<\/strong><\/a><a href=\"https:\/\/instytutpolski.pl\/budapest\/wp-content\/uploads\/sites\/21\/2024\/11\/Formularz-aplikacyjny-praktyki-absolwenckie-1.docx\" class=\"wp-block-file__button wp-element-button\" download aria-describedby=\"wp-block-file--media-bccc28ba-8763-4004-9227-4d3d7a46e250\">Pobierz<\/a><\/div>\n\n\n\n<div class=\"wp-block-file\"><a id=\"wp-block-file--media-8e03bbb9-5bc7-4f04-b879-5de140bc6f2f\" href=\"https:\/\/instytutpolski.pl\/budapest\/wp-content\/uploads\/sites\/21\/2024\/11\/Formularz-aplikacyjny-praktyki-studenckie2019-1.docx\"><strong>Formularz aplikacyjny_praktyki studenckie<\/strong><\/a><a href=\"https:\/\/instytutpolski.pl\/budapest\/wp-content\/uploads\/sites\/21\/2024\/11\/Formularz-aplikacyjny-praktyki-studenckie2019-1.docx\" class=\"wp-block-file__button wp-element-button\" download aria-describedby=\"wp-block-file--media-8e03bbb9-5bc7-4f04-b879-5de140bc6f2f\">Pobierz<\/a><\/div>\n\n\n<div class=\"file \" id=\"file-block_68834ae7a71c0\">\r\n\r\n                <div class=\"row mb-4\">\r\n                                <div class=\"col-9\">\r\n                    <a href=\"https:\/\/instytutpolski.pl\/budapest\/wp-content\/uploads\/sites\/21\/2025\/07\/Zarz-DGSZ-8_2019.pdf\"><strong><\/strong><\/a>\r\n                                    <\/div>\r\n\r\n            <\/div>\r\n        \r\n\r\n<\/div>\r\n","protected":false},"excerpt":{"rendered":"<p>Osoby zainteresowane praktyk\u0105 studenck\u0105, sta\u017cem b\u0105d\u017a wolontariatem w Instytucie Polskim w Budapeszcie powinny spe\u0142nia\u0107 nast\u0119puj\u0105ce warunki: posiada\u0107 obywatelstwo polskie lub innego kraju cz\u0142onkowskiego Unii Europejskiej; by\u0107 studentem ostatniego roku studi\u00f3w pierwszego stopnia, jednego z trzech ostatnich lat jednolitych studi\u00f3w magisterskich, studi\u00f3w drugiego stopnia, studi\u00f3w trzeciego stopnia lub studi\u00f3w podyplomowych; studiowa\u0107 na kierunku istotnym z punktu [&hellip;]<\/p>\n","protected":false},"author":124,"featured_media":1696,"parent":1294,"menu_order":0,"comment_status":"closed","ping_status":"closed","template":"","meta":{"inline_featured_image":false,"_monsterinsights_skip_tracking":false,"_monsterinsights_sitenote_active":false,"_monsterinsights_sitenote_note":"","_monsterinsights_sitenote_category":0,"footnotes":""},"class_list":["post-1324","page","type-page","status-publish","has-post-thumbnail","hentry"],"yoast_head":"<!-- This site is optimized with the Yoast SEO plugin v24.6 - https:\/\/yoast.com\/wordpress\/plugins\/seo\/ -->\n<title>Praktyki - Instytut Polski w Budapeszcie<\/title>\n<meta name=\"robots\" content=\"index, follow, max-snippet:-1, max-image-preview:large, max-video-preview:-1\" \/>\n<link rel=\"canonical\" href=\"https:\/\/instytutpolski.pl\/budapest\/pl\/o-instytucie-polskim\/praktyki\/\" \/>\n<meta property=\"og:locale\" content=\"pl_PL\" \/>\n<meta property=\"og:type\" content=\"article\" \/>\n<meta property=\"og:title\" content=\"Praktyki - Instytut Polski w Budapeszcie\" \/>\n<meta property=\"og:description\" content=\"Osoby zainteresowane praktyk\u0105 studenck\u0105, sta\u017cem b\u0105d\u017a wolontariatem w Instytucie Polskim w Budapeszcie powinny spe\u0142nia\u0107 nast\u0119puj\u0105ce warunki: posiada\u0107 obywatelstwo polskie lub innego kraju cz\u0142onkowskiego Unii Europejskiej; by\u0107 studentem ostatniego roku studi\u00f3w pierwszego stopnia, jednego z trzech ostatnich lat jednolitych studi\u00f3w magisterskich, studi\u00f3w drugiego stopnia, studi\u00f3w trzeciego stopnia lub studi\u00f3w podyplomowych; studiowa\u0107 na kierunku istotnym z punktu [&hellip;]\" \/>\n<meta property=\"og:url\" content=\"https:\/\/instytutpolski.pl\/budapest\/pl\/o-instytucie-polskim\/praktyki\/\" \/>\n<meta property=\"og:site_name\" content=\"Instytut Polski w Budapeszcie\" \/>\n<meta property=\"article:modified_time\" content=\"2025-07-25T10:46:19+00:00\" \/>\n<meta property=\"og:image\" content=\"https:\/\/instytutpolski.pl\/budapest\/wp-content\/uploads\/sites\/21\/2020\/01\/JB-2014-03-20-00215.jpg\" \/>\n\t<meta property=\"og:image:width\" content=\"1200\" \/>\n\t<meta property=\"og:image:height\" content=\"600\" \/>\n\t<meta property=\"og:image:type\" content=\"image\/jpeg\" \/>\n<meta name=\"twitter:card\" content=\"summary_large_image\" \/>\n<meta name=\"twitter:label1\" content=\"Szacowany czas czytania\" \/>\n\t<meta name=\"twitter:data1\" content=\"2 minuty\" \/>\n<script type=\"application\/ld+json\" class=\"yoast-schema-graph\">{\"@context\":\"https:\/\/schema.org\",\"@graph\":[{\"@type\":\"WebPage\",\"@id\":\"https:\/\/instytutpolski.pl\/budapest\/pl\/o-instytucie-polskim\/praktyki\/\",\"url\":\"https:\/\/instytutpolski.pl\/budapest\/pl\/o-instytucie-polskim\/praktyki\/\",\"name\":\"Praktyki - Instytut Polski w Budapeszcie\",\"isPartOf\":{\"@id\":\"https:\/\/instytutpolski.pl\/budapest\/#website\"},\"primaryImageOfPage\":{\"@id\":\"https:\/\/instytutpolski.pl\/budapest\/pl\/o-instytucie-polskim\/praktyki\/#primaryimage\"},\"image\":{\"@id\":\"https:\/\/instytutpolski.pl\/budapest\/pl\/o-instytucie-polskim\/praktyki\/#primaryimage\"},\"thumbnailUrl\":\"https:\/\/instytutpolski.pl\/budapest\/wp-content\/uploads\/sites\/21\/2020\/01\/JB-2014-03-20-00215.jpg\",\"datePublished\":\"2020-05-07T07:52:57+00:00\",\"dateModified\":\"2025-07-25T10:46:19+00:00\",\"breadcrumb\":{\"@id\":\"https:\/\/instytutpolski.pl\/budapest\/pl\/o-instytucie-polskim\/praktyki\/#breadcrumb\"},\"inLanguage\":\"pl-PL\",\"potentialAction\":[{\"@type\":\"ReadAction\",\"target\":[\"https:\/\/instytutpolski.pl\/budapest\/pl\/o-instytucie-polskim\/praktyki\/\"]}]},{\"@type\":\"ImageObject\",\"inLanguage\":\"pl-PL\",\"@id\":\"https:\/\/instytutpolski.pl\/budapest\/pl\/o-instytucie-polskim\/praktyki\/#primaryimage\",\"url\":\"https:\/\/instytutpolski.pl\/budapest\/wp-content\/uploads\/sites\/21\/2020\/01\/JB-2014-03-20-00215.jpg\",\"contentUrl\":\"https:\/\/instytutpolski.pl\/budapest\/wp-content\/uploads\/sites\/21\/2020\/01\/JB-2014-03-20-00215.jpg\",\"width\":1200,\"height\":600},{\"@type\":\"BreadcrumbList\",\"@id\":\"https:\/\/instytutpolski.pl\/budapest\/pl\/o-instytucie-polskim\/praktyki\/#breadcrumb\",\"itemListElement\":[{\"@type\":\"ListItem\",\"position\":1,\"name\":\"Home\",\"item\":\"https:\/\/instytutpolski.pl\/budapest\/\"},{\"@type\":\"ListItem\",\"position\":2,\"name\":\"O Instytucie Polskim w Budapszcie\",\"item\":\"https:\/\/instytutpolski.pl\/budapest\/pl\/o-instytucie-polskim\/\"},{\"@type\":\"ListItem\",\"position\":3,\"name\":\"Praktyki\"}]},{\"@type\":\"WebSite\",\"@id\":\"https:\/\/instytutpolski.pl\/budapest\/#website\",\"url\":\"https:\/\/instytutpolski.pl\/budapest\/\",\"name\":\"Instytut Polski w Budapeszcie\",\"description\":\"Instytuty Polskie\",\"potentialAction\":[{\"@type\":\"SearchAction\",\"target\":{\"@type\":\"EntryPoint\",\"urlTemplate\":\"https:\/\/instytutpolski.pl\/budapest\/?s={search_term_string}\"},\"query-input\":{\"@type\":\"PropertyValueSpecification\",\"valueRequired\":true,\"valueName\":\"search_term_string\"}}],\"inLanguage\":\"pl-PL\"}]}<\/script>\n<!-- \/ Yoast SEO plugin. -->","yoast_head_json":{"title":"Praktyki - Instytut Polski w Budapeszcie","robots":{"index":"index","follow":"follow","max-snippet":"max-snippet:-1","max-image-preview":"max-image-preview:large","max-video-preview":"max-video-preview:-1"},"canonical":"https:\/\/instytutpolski.pl\/budapest\/pl\/o-instytucie-polskim\/praktyki\/","og_locale":"pl_PL","og_type":"article","og_title":"Praktyki - Instytut Polski w Budapeszcie","og_description":"Osoby zainteresowane praktyk\u0105 studenck\u0105, sta\u017cem b\u0105d\u017a wolontariatem w Instytucie Polskim w Budapeszcie powinny spe\u0142nia\u0107 nast\u0119puj\u0105ce warunki: posiada\u0107 obywatelstwo polskie lub innego kraju cz\u0142onkowskiego Unii Europejskiej; by\u0107 studentem ostatniego roku studi\u00f3w pierwszego stopnia, jednego z trzech ostatnich lat jednolitych studi\u00f3w magisterskich, studi\u00f3w drugiego stopnia, studi\u00f3w trzeciego stopnia lub studi\u00f3w podyplomowych; studiowa\u0107 na kierunku istotnym z punktu [&hellip;]","og_url":"https:\/\/instytutpolski.pl\/budapest\/pl\/o-instytucie-polskim\/praktyki\/","og_site_name":"Instytut Polski w Budapeszcie","article_modified_time":"2025-07-25T10:46:19+00:00","og_image":[{"width":1200,"height":600,"url":"https:\/\/instytutpolski.pl\/budapest\/wp-content\/uploads\/sites\/21\/2020\/01\/JB-2014-03-20-00215.jpg","type":"image\/jpeg"}],"twitter_card":"summary_large_image","twitter_misc":{"Szacowany czas czytania":"2 minuty"},"schema":{"@context":"https:\/\/schema.org","@graph":[{"@type":"WebPage","@id":"https:\/\/instytutpolski.pl\/budapest\/pl\/o-instytucie-polskim\/praktyki\/","url":"https:\/\/instytutpolski.pl\/budapest\/pl\/o-instytucie-polskim\/praktyki\/","name":"Praktyki - Instytut Polski w Budapeszcie","isPartOf":{"@id":"https:\/\/instytutpolski.pl\/budapest\/#website"},"primaryImageOfPage":{"@id":"https:\/\/instytutpolski.pl\/budapest\/pl\/o-instytucie-polskim\/praktyki\/#primaryimage"},"image":{"@id":"https:\/\/instytutpolski.pl\/budapest\/pl\/o-instytucie-polskim\/praktyki\/#primaryimage"},"thumbnailUrl":"https:\/\/instytutpolski.pl\/budapest\/wp-content\/uploads\/sites\/21\/2020\/01\/JB-2014-03-20-00215.jpg","datePublished":"2020-05-07T07:52:57+00:00","dateModified":"2025-07-25T10:46:19+00:00","breadcrumb":{"@id":"https:\/\/instytutpolski.pl\/budapest\/pl\/o-instytucie-polskim\/praktyki\/#breadcrumb"},"inLanguage":"pl-PL","potentialAction":[{"@type":"ReadAction","target":["https:\/\/instytutpolski.pl\/budapest\/pl\/o-instytucie-polskim\/praktyki\/"]}]},{"@type":"ImageObject","inLanguage":"pl-PL","@id":"https:\/\/instytutpolski.pl\/budapest\/pl\/o-instytucie-polskim\/praktyki\/#primaryimage","url":"https:\/\/instytutpolski.pl\/budapest\/wp-content\/uploads\/sites\/21\/2020\/01\/JB-2014-03-20-00215.jpg","contentUrl":"https:\/\/instytutpolski.pl\/budapest\/wp-content\/uploads\/sites\/21\/2020\/01\/JB-2014-03-20-00215.jpg","width":1200,"height":600},{"@type":"BreadcrumbList","@id":"https:\/\/instytutpolski.pl\/budapest\/pl\/o-instytucie-polskim\/praktyki\/#breadcrumb","itemListElement":[{"@type":"ListItem","position":1,"name":"Home","item":"https:\/\/instytutpolski.pl\/budapest\/"},{"@type":"ListItem","position":2,"name":"O Instytucie Polskim w Budapszcie","item":"https:\/\/instytutpolski.pl\/budapest\/pl\/o-instytucie-polskim\/"},{"@type":"ListItem","position":3,"name":"Praktyki"}]},{"@type":"WebSite","@id":"https:\/\/instytutpolski.pl\/budapest\/#website","url":"https:\/\/instytutpolski.pl\/budapest\/","name":"Instytut Polski w Budapeszcie","description":"Instytuty Polskie","potentialAction":[{"@type":"SearchAction","target":{"@type":"EntryPoint","urlTemplate":"https:\/\/instytutpolski.pl\/budapest\/?s={search_term_string}"},"query-input":{"@type":"PropertyValueSpecification","valueRequired":true,"valueName":"search_term_string"}}],"inLanguage":"pl-PL"}]}},"_links":{"self":[{"href":"https:\/\/instytutpolski.pl\/budapest\/wp-json\/wp\/v2\/pages\/1324","targetHints":{"allow":["GET"]}}],"collection":[{"href":"https:\/\/instytutpolski.pl\/budapest\/wp-json\/wp\/v2\/pages"}],"about":[{"href":"https:\/\/instytutpolski.pl\/budapest\/wp-json\/wp\/v2\/types\/page"}],"author":[{"embeddable":true,"href":"https:\/\/instytutpolski.pl\/budapest\/wp-json\/wp\/v2\/users\/124"}],"replies":[{"embeddable":true,"href":"https:\/\/instytutpolski.pl\/budapest\/wp-json\/wp\/v2\/comments?post=1324"}],"version-history":[{"count":16,"href":"https:\/\/instytutpolski.pl\/budapest\/wp-json\/wp\/v2\/pages\/1324\/revisions"}],"predecessor-version":[{"id":20593,"href":"https:\/\/instytutpolski.pl\/budapest\/wp-json\/wp\/v2\/pages\/1324\/revisions\/20593"}],"up":[{"embeddable":true,"href":"https:\/\/instytutpolski.pl\/budapest\/wp-json\/wp\/v2\/pages\/1294"}],"wp:featuredmedia":[{"embeddable":true,"href":"https:\/\/instytutpolski.pl\/budapest\/wp-json\/wp\/v2\/media\/1696"}],"wp:attachment":[{"href":"https:\/\/instytutpolski.pl\/budapest\/wp-json\/wp\/v2\/media?parent=1324"}],"curies":[{"name":"wp","href":"https:\/\/api.w.org\/{rel}","templated":true}]}}