{"id":1330,"date":"2019-07-03T09:53:35","date_gmt":"2019-07-03T07:53:35","guid":{"rendered":"https:\/\/instytutpolski.pl\/budapeszt\/?page_id=1330"},"modified":"2025-12-18T15:16:21","modified_gmt":"2025-12-18T14:16:21","slug":"zespol","status":"publish","type":"page","link":"https:\/\/instytutpolski.pl\/budapest\/pl\/o-instytucie-polskim\/zespol\/","title":{"rendered":"Zesp\u00f3\u0142"},"content":{"rendered":"\n<figure class=\"wp-block-image size-large\"><img loading=\"lazy\" decoding=\"async\" width=\"1024\" height=\"603\" src=\"https:\/\/instytutpolski.pl\/budapest\/wp-content\/uploads\/sites\/21\/2025\/12\/munkata\u0301rsak-1-1024x603.jpg\" alt=\"\" class=\"wp-image-21257\" srcset=\"https:\/\/instytutpolski.pl\/budapest\/wp-content\/uploads\/sites\/21\/2025\/12\/munkata\u0301rsak-1-1024x603.jpg 1024w, https:\/\/instytutpolski.pl\/budapest\/wp-content\/uploads\/sites\/21\/2025\/12\/munkata\u0301rsak-1-300x177.jpg 300w, https:\/\/instytutpolski.pl\/budapest\/wp-content\/uploads\/sites\/21\/2025\/12\/munkata\u0301rsak-1-768x452.jpg 768w, https:\/\/instytutpolski.pl\/budapest\/wp-content\/uploads\/sites\/21\/2025\/12\/munkata\u0301rsak-1-1536x905.jpg 1536w, https:\/\/instytutpolski.pl\/budapest\/wp-content\/uploads\/sites\/21\/2025\/12\/munkata\u0301rsak-1-2048x1206.jpg 2048w\" sizes=\"auto, (max-width: 1024px) 100vw, 1024px\" \/><\/figure>\n\n\n\n<p><strong>Jaros\u0142aw Bajaczyk <\/strong>&#8211; Dyrektor<\/p>\n\n\n\n<hr class=\"wp-block-separator has-alpha-channel-opacity\" \/>\n\n\n\n<p style=\"text-align: justify\"><strong>Dominika Teske<\/strong> \u2013 Wicedyrektor<\/p>\n\n\n\n<hr class=\"wp-block-separator has-css-opacity\" \/>\n\n\n\n<p><strong>Aneta Sygizman<\/strong>, sekretariat &#8211;\u00a0 pracownik Instytutu Polskiego w Budapeszcie od 2023 roku.\u00a0<\/p>\n<hr \/>\n<p><strong>Eszter Felvid\u00e9ki \u2013 <\/strong>ekspert od organizacji program\u00f3w kulturalnych (literatura, teatr, sztuki plastyczne, media). Pracownik IP w latach 2010-2019, 2024 &#8211;<\/p>\n\n\n\n<hr class=\"wp-block-separator has-alpha-channel-opacity\" \/>\n\n\n\n<p><strong>T\u00edmea Jerger&nbsp;<\/strong>\u2013 od 2002 roku ekspert ds. sztuk plastycznych oraz kurator Galerii Platan Instytutu Polskiego w Budapeszcie. Od 2020 roku&nbsp;zajmuje si\u0119 komunikacj\u0105, obecnie r\u00f3wnie\u017c projektami filmowymi. <\/p>\n\n\n\n<p><\/p>\n\n\n\n<hr class=\"wp-block-separator has-alpha-channel-opacity\" \/>\n\n\n\n<div class=\"wp-block-columns is-layout-flex wp-container-core-columns-is-layout-1 wp-block-columns-is-layout-flex\">\n<div class=\"wp-block-column is-layout-flow wp-block-column-is-layout-flow\" style=\"flex-basis:100%\">\n<p style=\"text-align: justify\"><strong>Tomasz Piars<\/strong> &#8211; W Instytucie Polskim w Budapeszcie\u00a0w\u00a0latach 2013-2018 zajmowa\u0142\u00a0si\u0119 projektami zwi\u0105zanymi ze sztuk\u0105\u00a0i dizajnem. Od 2025 roku organizator program\u00f3w kulturalnych \u2013 koordynuje projekty artystyczne i\u00a0muzyczne. Referent ds. program\u00f3w wystawienniczych w galeriach Plat\u00e1n i Latarka.<\/p>\n<\/div>\n<\/div>\n\n\n\n<hr class=\"wp-block-separator has-alpha-channel-opacity\" \/>\n\n\n\n<p><strong>Endre&nbsp;M\u00e1t\u00e9<\/strong>&nbsp;&#8211; od 2007 roku intendent i kierowca&nbsp;Instytutu Polskiego w Budapeszcie.<\/p>\n","protected":false},"excerpt":{"rendered":"<p>Jaros\u0142aw Bajaczyk &#8211; Dyrektor Dominika Teske \u2013 Wicedyrektor Aneta Sygizman, sekretariat &#8211;\u00a0 pracownik Instytutu Polskiego w Budapeszcie od 2023 roku.\u00a0 Eszter Felvid\u00e9ki \u2013 ekspert od organizacji program\u00f3w kulturalnych (literatura, teatr, sztuki plastyczne, media). Pracownik IP w latach 2010-2019, 2024 &#8211; T\u00edmea Jerger&nbsp;\u2013 od 2002 roku ekspert ds. sztuk plastycznych oraz kurator Galerii Platan Instytutu Polskiego [&hellip;]<\/p>\n","protected":false},"author":1,"featured_media":8342,"parent":1294,"menu_order":0,"comment_status":"closed","ping_status":"closed","template":"","meta":{"inline_featured_image":false,"_monsterinsights_skip_tracking":false,"_monsterinsights_sitenote_active":false,"_monsterinsights_sitenote_note":"","_monsterinsights_sitenote_category":0,"footnotes":""},"class_list":["post-1330","page","type-page","status-publish","has-post-thumbnail","hentry"],"yoast_head":"<!-- This site is optimized with the Yoast SEO plugin v24.6 - https:\/\/yoast.com\/wordpress\/plugins\/seo\/ -->\n<title>Zesp\u00f3\u0142 - Instytut Polski w Budapeszcie<\/title>\n<meta name=\"robots\" content=\"index, follow, max-snippet:-1, max-image-preview:large, max-video-preview:-1\" \/>\n<link rel=\"canonical\" href=\"https:\/\/instytutpolski.pl\/budapest\/pl\/o-instytucie-polskim\/zespol\/\" \/>\n<meta property=\"og:locale\" content=\"pl_PL\" \/>\n<meta property=\"og:type\" content=\"article\" \/>\n<meta property=\"og:title\" content=\"Zesp\u00f3\u0142 - Instytut Polski w Budapeszcie\" \/>\n<meta property=\"og:description\" content=\"Jaros\u0142aw Bajaczyk &#8211; Dyrektor Dominika Teske \u2013 Wicedyrektor Aneta Sygizman, sekretariat &#8211;\u00a0 pracownik Instytutu Polskiego w Budapeszcie od 2023 roku.\u00a0 Eszter Felvid\u00e9ki \u2013 ekspert od organizacji program\u00f3w kulturalnych (literatura, teatr, sztuki plastyczne, media). Pracownik IP w latach 2010-2019, 2024 &#8211; T\u00edmea Jerger&nbsp;\u2013 od 2002 roku ekspert ds. sztuk plastycznych oraz kurator Galerii Platan Instytutu Polskiego [&hellip;]\" \/>\n<meta property=\"og:url\" content=\"https:\/\/instytutpolski.pl\/budapest\/pl\/o-instytucie-polskim\/zespol\/\" \/>\n<meta property=\"og:site_name\" content=\"Instytut Polski w Budapeszcie\" \/>\n<meta property=\"article:modified_time\" content=\"2025-12-18T14:16:21+00:00\" \/>\n<meta property=\"og:image\" content=\"https:\/\/instytutpolski.pl\/budapest\/wp-content\/uploads\/sites\/21\/2020\/05\/JB-2014-03-20-00215-1.jpg\" \/>\n\t<meta property=\"og:image:width\" content=\"1200\" \/>\n\t<meta property=\"og:image:height\" content=\"600\" \/>\n\t<meta property=\"og:image:type\" content=\"image\/jpeg\" \/>\n<meta name=\"twitter:card\" content=\"summary_large_image\" \/>\n<meta name=\"twitter:label1\" content=\"Szacowany czas czytania\" \/>\n\t<meta name=\"twitter:data1\" content=\"2 minuty\" \/>\n<script type=\"application\/ld+json\" class=\"yoast-schema-graph\">{\"@context\":\"https:\/\/schema.org\",\"@graph\":[{\"@type\":\"WebPage\",\"@id\":\"https:\/\/instytutpolski.pl\/budapest\/pl\/o-instytucie-polskim\/zespol\/\",\"url\":\"https:\/\/instytutpolski.pl\/budapest\/pl\/o-instytucie-polskim\/zespol\/\",\"name\":\"Zesp\u00f3\u0142 - Instytut Polski w Budapeszcie\",\"isPartOf\":{\"@id\":\"https:\/\/instytutpolski.pl\/budapest\/#website\"},\"primaryImageOfPage\":{\"@id\":\"https:\/\/instytutpolski.pl\/budapest\/pl\/o-instytucie-polskim\/zespol\/#primaryimage\"},\"image\":{\"@id\":\"https:\/\/instytutpolski.pl\/budapest\/pl\/o-instytucie-polskim\/zespol\/#primaryimage\"},\"thumbnailUrl\":\"https:\/\/instytutpolski.pl\/budapest\/wp-content\/uploads\/sites\/21\/2020\/05\/JB-2014-03-20-00215-1.jpg\",\"datePublished\":\"2019-07-03T07:53:35+00:00\",\"dateModified\":\"2025-12-18T14:16:21+00:00\",\"breadcrumb\":{\"@id\":\"https:\/\/instytutpolski.pl\/budapest\/pl\/o-instytucie-polskim\/zespol\/#breadcrumb\"},\"inLanguage\":\"pl-PL\",\"potentialAction\":[{\"@type\":\"ReadAction\",\"target\":[\"https:\/\/instytutpolski.pl\/budapest\/pl\/o-instytucie-polskim\/zespol\/\"]}]},{\"@type\":\"ImageObject\",\"inLanguage\":\"pl-PL\",\"@id\":\"https:\/\/instytutpolski.pl\/budapest\/pl\/o-instytucie-polskim\/zespol\/#primaryimage\",\"url\":\"https:\/\/instytutpolski.pl\/budapest\/wp-content\/uploads\/sites\/21\/2020\/05\/JB-2014-03-20-00215-1.jpg\",\"contentUrl\":\"https:\/\/instytutpolski.pl\/budapest\/wp-content\/uploads\/sites\/21\/2020\/05\/JB-2014-03-20-00215-1.jpg\",\"width\":1200,\"height\":600},{\"@type\":\"BreadcrumbList\",\"@id\":\"https:\/\/instytutpolski.pl\/budapest\/pl\/o-instytucie-polskim\/zespol\/#breadcrumb\",\"itemListElement\":[{\"@type\":\"ListItem\",\"position\":1,\"name\":\"Home\",\"item\":\"https:\/\/instytutpolski.pl\/budapest\/\"},{\"@type\":\"ListItem\",\"position\":2,\"name\":\"O Instytucie Polskim w Budapszcie\",\"item\":\"https:\/\/instytutpolski.pl\/budapest\/pl\/o-instytucie-polskim\/\"},{\"@type\":\"ListItem\",\"position\":3,\"name\":\"Zesp\u00f3\u0142\"}]},{\"@type\":\"WebSite\",\"@id\":\"https:\/\/instytutpolski.pl\/budapest\/#website\",\"url\":\"https:\/\/instytutpolski.pl\/budapest\/\",\"name\":\"Instytut Polski w Budapeszcie\",\"description\":\"Instytuty Polskie\",\"potentialAction\":[{\"@type\":\"SearchAction\",\"target\":{\"@type\":\"EntryPoint\",\"urlTemplate\":\"https:\/\/instytutpolski.pl\/budapest\/?s={search_term_string}\"},\"query-input\":{\"@type\":\"PropertyValueSpecification\",\"valueRequired\":true,\"valueName\":\"search_term_string\"}}],\"inLanguage\":\"pl-PL\"}]}<\/script>\n<!-- \/ Yoast SEO plugin. -->","yoast_head_json":{"title":"Zesp\u00f3\u0142 - Instytut Polski w Budapeszcie","robots":{"index":"index","follow":"follow","max-snippet":"max-snippet:-1","max-image-preview":"max-image-preview:large","max-video-preview":"max-video-preview:-1"},"canonical":"https:\/\/instytutpolski.pl\/budapest\/pl\/o-instytucie-polskim\/zespol\/","og_locale":"pl_PL","og_type":"article","og_title":"Zesp\u00f3\u0142 - Instytut Polski w Budapeszcie","og_description":"Jaros\u0142aw Bajaczyk &#8211; Dyrektor Dominika Teske \u2013 Wicedyrektor Aneta Sygizman, sekretariat &#8211;\u00a0 pracownik Instytutu Polskiego w Budapeszcie od 2023 roku.\u00a0 Eszter Felvid\u00e9ki \u2013 ekspert od organizacji program\u00f3w kulturalnych (literatura, teatr, sztuki plastyczne, media). Pracownik IP w latach 2010-2019, 2024 &#8211; T\u00edmea Jerger&nbsp;\u2013 od 2002 roku ekspert ds. sztuk plastycznych oraz kurator Galerii Platan Instytutu Polskiego [&hellip;]","og_url":"https:\/\/instytutpolski.pl\/budapest\/pl\/o-instytucie-polskim\/zespol\/","og_site_name":"Instytut Polski w Budapeszcie","article_modified_time":"2025-12-18T14:16:21+00:00","og_image":[{"width":1200,"height":600,"url":"https:\/\/instytutpolski.pl\/budapest\/wp-content\/uploads\/sites\/21\/2020\/05\/JB-2014-03-20-00215-1.jpg","type":"image\/jpeg"}],"twitter_card":"summary_large_image","twitter_misc":{"Szacowany czas czytania":"2 minuty"},"schema":{"@context":"https:\/\/schema.org","@graph":[{"@type":"WebPage","@id":"https:\/\/instytutpolski.pl\/budapest\/pl\/o-instytucie-polskim\/zespol\/","url":"https:\/\/instytutpolski.pl\/budapest\/pl\/o-instytucie-polskim\/zespol\/","name":"Zesp\u00f3\u0142 - Instytut Polski w Budapeszcie","isPartOf":{"@id":"https:\/\/instytutpolski.pl\/budapest\/#website"},"primaryImageOfPage":{"@id":"https:\/\/instytutpolski.pl\/budapest\/pl\/o-instytucie-polskim\/zespol\/#primaryimage"},"image":{"@id":"https:\/\/instytutpolski.pl\/budapest\/pl\/o-instytucie-polskim\/zespol\/#primaryimage"},"thumbnailUrl":"https:\/\/instytutpolski.pl\/budapest\/wp-content\/uploads\/sites\/21\/2020\/05\/JB-2014-03-20-00215-1.jpg","datePublished":"2019-07-03T07:53:35+00:00","dateModified":"2025-12-18T14:16:21+00:00","breadcrumb":{"@id":"https:\/\/instytutpolski.pl\/budapest\/pl\/o-instytucie-polskim\/zespol\/#breadcrumb"},"inLanguage":"pl-PL","potentialAction":[{"@type":"ReadAction","target":["https:\/\/instytutpolski.pl\/budapest\/pl\/o-instytucie-polskim\/zespol\/"]}]},{"@type":"ImageObject","inLanguage":"pl-PL","@id":"https:\/\/instytutpolski.pl\/budapest\/pl\/o-instytucie-polskim\/zespol\/#primaryimage","url":"https:\/\/instytutpolski.pl\/budapest\/wp-content\/uploads\/sites\/21\/2020\/05\/JB-2014-03-20-00215-1.jpg","contentUrl":"https:\/\/instytutpolski.pl\/budapest\/wp-content\/uploads\/sites\/21\/2020\/05\/JB-2014-03-20-00215-1.jpg","width":1200,"height":600},{"@type":"BreadcrumbList","@id":"https:\/\/instytutpolski.pl\/budapest\/pl\/o-instytucie-polskim\/zespol\/#breadcrumb","itemListElement":[{"@type":"ListItem","position":1,"name":"Home","item":"https:\/\/instytutpolski.pl\/budapest\/"},{"@type":"ListItem","position":2,"name":"O Instytucie Polskim w Budapszcie","item":"https:\/\/instytutpolski.pl\/budapest\/pl\/o-instytucie-polskim\/"},{"@type":"ListItem","position":3,"name":"Zesp\u00f3\u0142"}]},{"@type":"WebSite","@id":"https:\/\/instytutpolski.pl\/budapest\/#website","url":"https:\/\/instytutpolski.pl\/budapest\/","name":"Instytut Polski w Budapeszcie","description":"Instytuty Polskie","potentialAction":[{"@type":"SearchAction","target":{"@type":"EntryPoint","urlTemplate":"https:\/\/instytutpolski.pl\/budapest\/?s={search_term_string}"},"query-input":{"@type":"PropertyValueSpecification","valueRequired":true,"valueName":"search_term_string"}}],"inLanguage":"pl-PL"}]}},"_links":{"self":[{"href":"https:\/\/instytutpolski.pl\/budapest\/wp-json\/wp\/v2\/pages\/1330","targetHints":{"allow":["GET"]}}],"collection":[{"href":"https:\/\/instytutpolski.pl\/budapest\/wp-json\/wp\/v2\/pages"}],"about":[{"href":"https:\/\/instytutpolski.pl\/budapest\/wp-json\/wp\/v2\/types\/page"}],"author":[{"embeddable":true,"href":"https:\/\/instytutpolski.pl\/budapest\/wp-json\/wp\/v2\/users\/1"}],"replies":[{"embeddable":true,"href":"https:\/\/instytutpolski.pl\/budapest\/wp-json\/wp\/v2\/comments?post=1330"}],"version-history":[{"count":53,"href":"https:\/\/instytutpolski.pl\/budapest\/wp-json\/wp\/v2\/pages\/1330\/revisions"}],"predecessor-version":[{"id":21259,"href":"https:\/\/instytutpolski.pl\/budapest\/wp-json\/wp\/v2\/pages\/1330\/revisions\/21259"}],"up":[{"embeddable":true,"href":"https:\/\/instytutpolski.pl\/budapest\/wp-json\/wp\/v2\/pages\/1294"}],"wp:featuredmedia":[{"embeddable":true,"href":"https:\/\/instytutpolski.pl\/budapest\/wp-json\/wp\/v2\/media\/8342"}],"wp:attachment":[{"href":"https:\/\/instytutpolski.pl\/budapest\/wp-json\/wp\/v2\/media?parent=1330"}],"curies":[{"name":"wp","href":"https:\/\/api.w.org\/{rel}","templated":true}]}}