{"id":1357,"date":"2019-07-03T09:56:29","date_gmt":"2019-07-03T07:56:29","guid":{"rendered":"https:\/\/instytutpolski.pl\/budapeszt\/?page_id=1357"},"modified":"2019-07-03T09:56:41","modified_gmt":"2019-07-03T07:56:41","slug":"partnerek","status":"publish","type":"page","link":"https:\/\/instytutpolski.pl\/budapest\/a-lengyel-intezetrol\/egyuttmukodes\/partnerek\/","title":{"rendered":"Partnerek"},"content":{"rendered":"","protected":false},"excerpt":{"rendered":"","protected":false},"author":1,"featured_media":0,"parent":1338,"menu_order":0,"comment_status":"closed","ping_status":"closed","template":"","meta":{"inline_featured_image":false,"_monsterinsights_skip_tracking":false,"_monsterinsights_sitenote_active":false,"_monsterinsights_sitenote_note":"","_monsterinsights_sitenote_category":0,"footnotes":""},"class_list":["post-1357","page","type-page","status-publish","hentry"],"yoast_head":"<!-- This site is optimized with the Yoast SEO plugin v24.6 - https:\/\/yoast.com\/wordpress\/plugins\/seo\/ -->\n<title>Partnerek - Instytut Polski w Budapeszcie<\/title>\n<meta name=\"robots\" content=\"index, follow, max-snippet:-1, max-image-preview:large, max-video-preview:-1\" \/>\n<link rel=\"canonical\" href=\"https:\/\/instytutpolski.pl\/budapest\/a-lengyel-intezetrol\/egyuttmukodes\/partnerek\/\" \/>\n<meta property=\"og:locale\" content=\"pl_PL\" \/>\n<meta property=\"og:type\" content=\"article\" \/>\n<meta property=\"og:title\" content=\"Partnerek - Instytut Polski w Budapeszcie\" \/>\n<meta property=\"og:url\" content=\"https:\/\/instytutpolski.pl\/budapest\/a-lengyel-intezetrol\/egyuttmukodes\/partnerek\/\" \/>\n<meta property=\"og:site_name\" content=\"Instytut Polski w Budapeszcie\" \/>\n<meta property=\"article:modified_time\" content=\"2019-07-03T07:56:41+00:00\" \/>\n<meta name=\"twitter:card\" content=\"summary_large_image\" \/>\n<script type=\"application\/ld+json\" class=\"yoast-schema-graph\">{\"@context\":\"https:\/\/schema.org\",\"@graph\":[{\"@type\":\"WebPage\",\"@id\":\"https:\/\/instytutpolski.pl\/budapest\/a-lengyel-intezetrol\/egyuttmukodes\/partnerek\/\",\"url\":\"https:\/\/instytutpolski.pl\/budapest\/a-lengyel-intezetrol\/egyuttmukodes\/partnerek\/\",\"name\":\"Partnerek - Instytut Polski w Budapeszcie\",\"isPartOf\":{\"@id\":\"https:\/\/instytutpolski.pl\/budapest\/#website\"},\"datePublished\":\"2019-07-03T07:56:29+00:00\",\"dateModified\":\"2019-07-03T07:56:41+00:00\",\"breadcrumb\":{\"@id\":\"https:\/\/instytutpolski.pl\/budapest\/a-lengyel-intezetrol\/egyuttmukodes\/partnerek\/#breadcrumb\"},\"inLanguage\":\"pl-PL\",\"potentialAction\":[{\"@type\":\"ReadAction\",\"target\":[\"https:\/\/instytutpolski.pl\/budapest\/a-lengyel-intezetrol\/egyuttmukodes\/partnerek\/\"]}]},{\"@type\":\"BreadcrumbList\",\"@id\":\"https:\/\/instytutpolski.pl\/budapest\/a-lengyel-intezetrol\/egyuttmukodes\/partnerek\/#breadcrumb\",\"itemListElement\":[{\"@type\":\"ListItem\",\"position\":1,\"name\":\"Home\",\"item\":\"https:\/\/instytutpolski.pl\/budapest\/\"},{\"@type\":\"ListItem\",\"position\":2,\"name\":\"A budapesti Lengyel Int\u00e9zetr\u0151l\",\"item\":\"https:\/\/instytutpolski.pl\/budapest\/a-lengyel-intezetrol\/\"},{\"@type\":\"ListItem\",\"position\":3,\"name\":\"Egy\u00fcttm\u0171k\u00f6d\u00e9s\",\"item\":\"https:\/\/instytutpolski.pl\/budapest\/a-lengyel-intezetrol\/egyuttmukodes\/\"},{\"@type\":\"ListItem\",\"position\":4,\"name\":\"Partnerek\"}]},{\"@type\":\"WebSite\",\"@id\":\"https:\/\/instytutpolski.pl\/budapest\/#website\",\"url\":\"https:\/\/instytutpolski.pl\/budapest\/\",\"name\":\"Instytut Polski w Budapeszcie\",\"description\":\"Instytuty Polskie\",\"potentialAction\":[{\"@type\":\"SearchAction\",\"target\":{\"@type\":\"EntryPoint\",\"urlTemplate\":\"https:\/\/instytutpolski.pl\/budapest\/?s={search_term_string}\"},\"query-input\":{\"@type\":\"PropertyValueSpecification\",\"valueRequired\":true,\"valueName\":\"search_term_string\"}}],\"inLanguage\":\"pl-PL\"}]}<\/script>\n<!-- \/ Yoast SEO plugin. -->","yoast_head_json":{"title":"Partnerek - Instytut Polski w Budapeszcie","robots":{"index":"index","follow":"follow","max-snippet":"max-snippet:-1","max-image-preview":"max-image-preview:large","max-video-preview":"max-video-preview:-1"},"canonical":"https:\/\/instytutpolski.pl\/budapest\/a-lengyel-intezetrol\/egyuttmukodes\/partnerek\/","og_locale":"pl_PL","og_type":"article","og_title":"Partnerek - Instytut Polski w Budapeszcie","og_url":"https:\/\/instytutpolski.pl\/budapest\/a-lengyel-intezetrol\/egyuttmukodes\/partnerek\/","og_site_name":"Instytut Polski w Budapeszcie","article_modified_time":"2019-07-03T07:56:41+00:00","twitter_card":"summary_large_image","schema":{"@context":"https:\/\/schema.org","@graph":[{"@type":"WebPage","@id":"https:\/\/instytutpolski.pl\/budapest\/a-lengyel-intezetrol\/egyuttmukodes\/partnerek\/","url":"https:\/\/instytutpolski.pl\/budapest\/a-lengyel-intezetrol\/egyuttmukodes\/partnerek\/","name":"Partnerek - Instytut Polski w Budapeszcie","isPartOf":{"@id":"https:\/\/instytutpolski.pl\/budapest\/#website"},"datePublished":"2019-07-03T07:56:29+00:00","dateModified":"2019-07-03T07:56:41+00:00","breadcrumb":{"@id":"https:\/\/instytutpolski.pl\/budapest\/a-lengyel-intezetrol\/egyuttmukodes\/partnerek\/#breadcrumb"},"inLanguage":"pl-PL","potentialAction":[{"@type":"ReadAction","target":["https:\/\/instytutpolski.pl\/budapest\/a-lengyel-intezetrol\/egyuttmukodes\/partnerek\/"]}]},{"@type":"BreadcrumbList","@id":"https:\/\/instytutpolski.pl\/budapest\/a-lengyel-intezetrol\/egyuttmukodes\/partnerek\/#breadcrumb","itemListElement":[{"@type":"ListItem","position":1,"name":"Home","item":"https:\/\/instytutpolski.pl\/budapest\/"},{"@type":"ListItem","position":2,"name":"A budapesti Lengyel Int\u00e9zetr\u0151l","item":"https:\/\/instytutpolski.pl\/budapest\/a-lengyel-intezetrol\/"},{"@type":"ListItem","position":3,"name":"Egy\u00fcttm\u0171k\u00f6d\u00e9s","item":"https:\/\/instytutpolski.pl\/budapest\/a-lengyel-intezetrol\/egyuttmukodes\/"},{"@type":"ListItem","position":4,"name":"Partnerek"}]},{"@type":"WebSite","@id":"https:\/\/instytutpolski.pl\/budapest\/#website","url":"https:\/\/instytutpolski.pl\/budapest\/","name":"Instytut Polski w Budapeszcie","description":"Instytuty Polskie","potentialAction":[{"@type":"SearchAction","target":{"@type":"EntryPoint","urlTemplate":"https:\/\/instytutpolski.pl\/budapest\/?s={search_term_string}"},"query-input":{"@type":"PropertyValueSpecification","valueRequired":true,"valueName":"search_term_string"}}],"inLanguage":"pl-PL"}]}},"_links":{"self":[{"href":"https:\/\/instytutpolski.pl\/budapest\/wp-json\/wp\/v2\/pages\/1357","targetHints":{"allow":["GET"]}}],"collection":[{"href":"https:\/\/instytutpolski.pl\/budapest\/wp-json\/wp\/v2\/pages"}],"about":[{"href":"https:\/\/instytutpolski.pl\/budapest\/wp-json\/wp\/v2\/types\/page"}],"author":[{"embeddable":true,"href":"https:\/\/instytutpolski.pl\/budapest\/wp-json\/wp\/v2\/users\/1"}],"replies":[{"embeddable":true,"href":"https:\/\/instytutpolski.pl\/budapest\/wp-json\/wp\/v2\/comments?post=1357"}],"version-history":[{"count":1,"href":"https:\/\/instytutpolski.pl\/budapest\/wp-json\/wp\/v2\/pages\/1357\/revisions"}],"predecessor-version":[{"id":1358,"href":"https:\/\/instytutpolski.pl\/budapest\/wp-json\/wp\/v2\/pages\/1357\/revisions\/1358"}],"up":[{"embeddable":true,"href":"https:\/\/instytutpolski.pl\/budapest\/wp-json\/wp\/v2\/pages\/1338"}],"wp:attachment":[{"href":"https:\/\/instytutpolski.pl\/budapest\/wp-json\/wp\/v2\/media?parent=1357"}],"curies":[{"name":"wp","href":"https:\/\/api.w.org\/{rel}","templated":true}]}}