{"id":139,"date":"2019-05-28T15:31:20","date_gmt":"2019-05-28T13:31:20","guid":{"rendered":"https:\/\/instytutpolski.pl\/budapeszt\/?page_id=139"},"modified":"2023-09-25T11:04:23","modified_gmt":"2023-09-25T09:04:23","slug":"szotarak","status":"publish","type":"page","link":"https:\/\/instytutpolski.pl\/budapest\/szotarak\/","title":{"rendered":"Sz\u00f3t\u00e1rak"},"content":{"rendered":"\n<p><strong>Lengyel-magyar sz\u00f3t\u00e1rak:<\/strong><\/p>\n<ul>\n<li>e-Bratanki: \u00a0<a href=\"http:\/\/e-bratanki.pl\/hu\/\">e-bratanki.pl<\/a><\/li>\n<li>SZTAKI:\u00a0<a href=\"http:\/\/szotar.sztaki.hu\/\" target=\"_blank\" rel=\"noopener noreferrer\">http:\/\/szotar.sztaki.hu\/<\/a><\/li>\n<li>Lengyel-magyar enciklop\u00e9dia:\u00a0<a href=\"http:\/\/leki17.hu\/ebook_enciklopedia\/index.html\" target=\"_blank\" rel=\"noopener noreferrer\">http:\/\/leki17.hu\/ebook_enciklopedia\/index.html<\/a><\/li>\n<li>A lengyel nyelvtanr\u00f3l magyarul:\u00a0<a href=\"http:\/\/vrnk.hu\/lengyel\/\" target=\"_blank\" rel=\"noopener noreferrer\">http:\/\/vrnk.hu\/lengyel\/<\/a><\/li>\n<\/ul>\n<p><strong>Lengyel-angol sz\u00f3t\u00e1rak:<\/strong><\/p>\n<ul>\n<li>A Pittsburghi Egyetem sz\u00f3t\u00e1ra:\u00a0<a href=\"http:\/\/polish.slavic.pitt.edu\/polish\/\" target=\"_blank\" rel=\"noopener noreferrer\">http:\/\/polish.slavic.pitt.edu\/polish\/<\/a><\/li>\n<li>Lengyel nyelvtan angol nyelven &#8211; Oscar E. Swann, A Grammar of Contemporary Polish:\u00a0<a href=\"http:\/\/polish.slavic.pitt.edu\/grammar.pdf\" target=\"_blank\" rel=\"noopener noreferrer\">http:\/\/polish.slavic.pitt.edu\/grammar.pdf<\/a><\/li>\n<li>PONS t\u00f6bbnyelv\u0171 sz\u00f3t\u00e1r:\u00a0<a href=\"http:\/\/en.pons.eu\/translate\/english-polish\" target=\"_blank\" rel=\"noopener noreferrer\">http:\/\/en.pons.eu\/translate\/english-polish<\/a><\/li>\n<\/ul>\n<p><strong>Lengyel egynyelv\u0171 sz\u00f3t\u00e1rak:<\/strong><\/p>\n<ul>\n<li>PWN lengyel \u00e9rtelmez\u0151 sz\u00f3t\u00e1r:\u00a0<a href=\"http:\/\/sjp.pwn.pl\/\" target=\"_blank\" rel=\"noopener noreferrer\">http:\/\/sjp.pwn.pl\/<\/a><\/li>\n<li>PWN helyes\u00edr\u00e1si sz\u00f3t\u00e1r:\u00a0<a href=\"http:\/\/so.pwn.pl\/\" target=\"_blank\" rel=\"noopener noreferrer\">http:\/\/so.pwn.pl\/<\/a><\/li>\n<li>Helyes\u00edr\u00e1si sz\u00f3t\u00e1r r\u00e9szletes ragoz\u00e1si t\u00e1bl\u00e1zatokkal:\u00a0<a href=\"http:\/\/www.sjp.pl\/\" target=\"_blank\" rel=\"noopener noreferrer\">http:\/\/www.sjp.pl\/<\/a><\/li>\n<li>A Lengyel Tudom\u00e1nyos Akad\u00e9mia sz\u00f3t\u00e1ra (feldolgoz\u00e1s alatt):\u00a0<a href=\"http:\/\/www.wsjp.pl\/\" target=\"_blank\" rel=\"noopener noreferrer\">http:\/\/www.wsjp.pl\/<\/a><\/li>\n<li>Szinon\u00edmasz\u00f3t\u00e1r:\u00a0<a href=\"http:\/\/slowniki.tejo.pl\/index.php?a=index&amp;d=2\" target=\"_blank\" rel=\"noopener noreferrer\">http:\/\/slowniki.tejo.pl\/index.php?a=index&amp;d=2<\/a><\/li>\n<li>Szlengsz\u00f3t\u00e1r:\u00a0<a href=\"http:\/\/www.ug.edu.pl\/slang\/\" target=\"_blank\" rel=\"noopener noreferrer\">http:\/\/www.ug.edu.pl\/slang\/<\/a><\/li>\n<\/ul>\n","protected":false},"excerpt":{"rendered":"<p>Lengyel-magyar sz\u00f3t\u00e1rak: e-Bratanki: \u00a0e-bratanki.pl SZTAKI:\u00a0http:\/\/szotar.sztaki.hu\/ Lengyel-magyar enciklop\u00e9dia:\u00a0http:\/\/leki17.hu\/ebook_enciklopedia\/index.html A lengyel nyelvtanr\u00f3l magyarul:\u00a0http:\/\/vrnk.hu\/lengyel\/ Lengyel-angol sz\u00f3t\u00e1rak: A Pittsburghi Egyetem sz\u00f3t\u00e1ra:\u00a0http:\/\/polish.slavic.pitt.edu\/polish\/ Lengyel nyelvtan angol nyelven &#8211; Oscar E. Swann, A Grammar of Contemporary Polish:\u00a0http:\/\/polish.slavic.pitt.edu\/grammar.pdf PONS t\u00f6bbnyelv\u0171 sz\u00f3t\u00e1r:\u00a0http:\/\/en.pons.eu\/translate\/english-polish Lengyel egynyelv\u0171 sz\u00f3t\u00e1rak: PWN lengyel \u00e9rtelmez\u0151 sz\u00f3t\u00e1r:\u00a0http:\/\/sjp.pwn.pl\/ PWN helyes\u00edr\u00e1si sz\u00f3t\u00e1r:\u00a0http:\/\/so.pwn.pl\/ Helyes\u00edr\u00e1si sz\u00f3t\u00e1r r\u00e9szletes ragoz\u00e1si t\u00e1bl\u00e1zatokkal:\u00a0http:\/\/www.sjp.pl\/ A Lengyel Tudom\u00e1nyos Akad\u00e9mia sz\u00f3t\u00e1ra (feldolgoz\u00e1s alatt):\u00a0http:\/\/www.wsjp.pl\/ [&hellip;]<\/p>\n","protected":false},"author":1,"featured_media":17671,"parent":0,"menu_order":0,"comment_status":"closed","ping_status":"closed","template":"","meta":{"inline_featured_image":false,"_monsterinsights_skip_tracking":false,"_monsterinsights_sitenote_active":false,"_monsterinsights_sitenote_note":"","_monsterinsights_sitenote_category":0,"footnotes":""},"class_list":["post-139","page","type-page","status-publish","has-post-thumbnail","hentry"],"yoast_head":"<!-- This site is optimized with the Yoast SEO plugin v24.6 - https:\/\/yoast.com\/wordpress\/plugins\/seo\/ -->\n<title>Sz\u00f3t\u00e1rak - Instytut Polski w Budapeszcie<\/title>\n<meta name=\"robots\" content=\"index, follow, max-snippet:-1, max-image-preview:large, max-video-preview:-1\" \/>\n<link rel=\"canonical\" href=\"https:\/\/instytutpolski.pl\/budapest\/szotarak\/\" \/>\n<meta property=\"og:locale\" content=\"pl_PL\" \/>\n<meta property=\"og:type\" content=\"article\" \/>\n<meta property=\"og:title\" content=\"Sz\u00f3t\u00e1rak - Instytut Polski w Budapeszcie\" \/>\n<meta property=\"og:description\" content=\"Lengyel-magyar sz\u00f3t\u00e1rak: e-Bratanki: \u00a0e-bratanki.pl SZTAKI:\u00a0http:\/\/szotar.sztaki.hu\/ Lengyel-magyar enciklop\u00e9dia:\u00a0http:\/\/leki17.hu\/ebook_enciklopedia\/index.html A lengyel nyelvtanr\u00f3l magyarul:\u00a0http:\/\/vrnk.hu\/lengyel\/ Lengyel-angol sz\u00f3t\u00e1rak: A Pittsburghi Egyetem sz\u00f3t\u00e1ra:\u00a0http:\/\/polish.slavic.pitt.edu\/polish\/ Lengyel nyelvtan angol nyelven &#8211; Oscar E. Swann, A Grammar of Contemporary Polish:\u00a0http:\/\/polish.slavic.pitt.edu\/grammar.pdf PONS t\u00f6bbnyelv\u0171 sz\u00f3t\u00e1r:\u00a0http:\/\/en.pons.eu\/translate\/english-polish Lengyel egynyelv\u0171 sz\u00f3t\u00e1rak: PWN lengyel \u00e9rtelmez\u0151 sz\u00f3t\u00e1r:\u00a0http:\/\/sjp.pwn.pl\/ PWN helyes\u00edr\u00e1si sz\u00f3t\u00e1r:\u00a0http:\/\/so.pwn.pl\/ Helyes\u00edr\u00e1si sz\u00f3t\u00e1r r\u00e9szletes ragoz\u00e1si t\u00e1bl\u00e1zatokkal:\u00a0http:\/\/www.sjp.pl\/ A Lengyel Tudom\u00e1nyos Akad\u00e9mia sz\u00f3t\u00e1ra (feldolgoz\u00e1s alatt):\u00a0http:\/\/www.wsjp.pl\/ [&hellip;]\" \/>\n<meta property=\"og:url\" content=\"https:\/\/instytutpolski.pl\/budapest\/szotarak\/\" \/>\n<meta property=\"og:site_name\" content=\"Instytut Polski w Budapeszcie\" \/>\n<meta property=\"article:modified_time\" content=\"2023-09-25T09:04:23+00:00\" \/>\n<meta property=\"og:image\" content=\"https:\/\/instytutpolski.pl\/budapest\/wp-content\/uploads\/sites\/21\/2023\/09\/283553904_5247525908643715_4242547787110573443_n.jpg\" \/>\n\t<meta property=\"og:image:width\" content=\"1024\" \/>\n\t<meta property=\"og:image:height\" content=\"692\" \/>\n\t<meta property=\"og:image:type\" content=\"image\/jpeg\" \/>\n<meta name=\"twitter:card\" content=\"summary_large_image\" \/>\n<meta name=\"twitter:label1\" content=\"Szacowany czas czytania\" \/>\n\t<meta name=\"twitter:data1\" content=\"1 minuta\" \/>\n<script type=\"application\/ld+json\" class=\"yoast-schema-graph\">{\"@context\":\"https:\/\/schema.org\",\"@graph\":[{\"@type\":\"WebPage\",\"@id\":\"https:\/\/instytutpolski.pl\/budapest\/szotarak\/\",\"url\":\"https:\/\/instytutpolski.pl\/budapest\/szotarak\/\",\"name\":\"Sz\u00f3t\u00e1rak - Instytut Polski w Budapeszcie\",\"isPartOf\":{\"@id\":\"https:\/\/instytutpolski.pl\/budapest\/#website\"},\"primaryImageOfPage\":{\"@id\":\"https:\/\/instytutpolski.pl\/budapest\/szotarak\/#primaryimage\"},\"image\":{\"@id\":\"https:\/\/instytutpolski.pl\/budapest\/szotarak\/#primaryimage\"},\"thumbnailUrl\":\"https:\/\/instytutpolski.pl\/budapest\/wp-content\/uploads\/sites\/21\/2023\/09\/283553904_5247525908643715_4242547787110573443_n.jpg\",\"datePublished\":\"2019-05-28T13:31:20+00:00\",\"dateModified\":\"2023-09-25T09:04:23+00:00\",\"breadcrumb\":{\"@id\":\"https:\/\/instytutpolski.pl\/budapest\/szotarak\/#breadcrumb\"},\"inLanguage\":\"pl-PL\",\"potentialAction\":[{\"@type\":\"ReadAction\",\"target\":[\"https:\/\/instytutpolski.pl\/budapest\/szotarak\/\"]}]},{\"@type\":\"ImageObject\",\"inLanguage\":\"pl-PL\",\"@id\":\"https:\/\/instytutpolski.pl\/budapest\/szotarak\/#primaryimage\",\"url\":\"https:\/\/instytutpolski.pl\/budapest\/wp-content\/uploads\/sites\/21\/2023\/09\/283553904_5247525908643715_4242547787110573443_n.jpg\",\"contentUrl\":\"https:\/\/instytutpolski.pl\/budapest\/wp-content\/uploads\/sites\/21\/2023\/09\/283553904_5247525908643715_4242547787110573443_n.jpg\",\"width\":1024,\"height\":692},{\"@type\":\"BreadcrumbList\",\"@id\":\"https:\/\/instytutpolski.pl\/budapest\/szotarak\/#breadcrumb\",\"itemListElement\":[{\"@type\":\"ListItem\",\"position\":1,\"name\":\"Home\",\"item\":\"https:\/\/instytutpolski.pl\/budapest\/\"},{\"@type\":\"ListItem\",\"position\":2,\"name\":\"Sz\u00f3t\u00e1rak\"}]},{\"@type\":\"WebSite\",\"@id\":\"https:\/\/instytutpolski.pl\/budapest\/#website\",\"url\":\"https:\/\/instytutpolski.pl\/budapest\/\",\"name\":\"Instytut Polski w Budapeszcie\",\"description\":\"Instytuty Polskie\",\"potentialAction\":[{\"@type\":\"SearchAction\",\"target\":{\"@type\":\"EntryPoint\",\"urlTemplate\":\"https:\/\/instytutpolski.pl\/budapest\/?s={search_term_string}\"},\"query-input\":{\"@type\":\"PropertyValueSpecification\",\"valueRequired\":true,\"valueName\":\"search_term_string\"}}],\"inLanguage\":\"pl-PL\"}]}<\/script>\n<!-- \/ Yoast SEO plugin. -->","yoast_head_json":{"title":"Sz\u00f3t\u00e1rak - Instytut Polski w Budapeszcie","robots":{"index":"index","follow":"follow","max-snippet":"max-snippet:-1","max-image-preview":"max-image-preview:large","max-video-preview":"max-video-preview:-1"},"canonical":"https:\/\/instytutpolski.pl\/budapest\/szotarak\/","og_locale":"pl_PL","og_type":"article","og_title":"Sz\u00f3t\u00e1rak - Instytut Polski w Budapeszcie","og_description":"Lengyel-magyar sz\u00f3t\u00e1rak: e-Bratanki: \u00a0e-bratanki.pl SZTAKI:\u00a0http:\/\/szotar.sztaki.hu\/ Lengyel-magyar enciklop\u00e9dia:\u00a0http:\/\/leki17.hu\/ebook_enciklopedia\/index.html A lengyel nyelvtanr\u00f3l magyarul:\u00a0http:\/\/vrnk.hu\/lengyel\/ Lengyel-angol sz\u00f3t\u00e1rak: A Pittsburghi Egyetem sz\u00f3t\u00e1ra:\u00a0http:\/\/polish.slavic.pitt.edu\/polish\/ Lengyel nyelvtan angol nyelven &#8211; Oscar E. Swann, A Grammar of Contemporary Polish:\u00a0http:\/\/polish.slavic.pitt.edu\/grammar.pdf PONS t\u00f6bbnyelv\u0171 sz\u00f3t\u00e1r:\u00a0http:\/\/en.pons.eu\/translate\/english-polish Lengyel egynyelv\u0171 sz\u00f3t\u00e1rak: PWN lengyel \u00e9rtelmez\u0151 sz\u00f3t\u00e1r:\u00a0http:\/\/sjp.pwn.pl\/ PWN helyes\u00edr\u00e1si sz\u00f3t\u00e1r:\u00a0http:\/\/so.pwn.pl\/ Helyes\u00edr\u00e1si sz\u00f3t\u00e1r r\u00e9szletes ragoz\u00e1si t\u00e1bl\u00e1zatokkal:\u00a0http:\/\/www.sjp.pl\/ A Lengyel Tudom\u00e1nyos Akad\u00e9mia sz\u00f3t\u00e1ra (feldolgoz\u00e1s alatt):\u00a0http:\/\/www.wsjp.pl\/ [&hellip;]","og_url":"https:\/\/instytutpolski.pl\/budapest\/szotarak\/","og_site_name":"Instytut Polski w Budapeszcie","article_modified_time":"2023-09-25T09:04:23+00:00","og_image":[{"width":1024,"height":692,"url":"https:\/\/instytutpolski.pl\/budapest\/wp-content\/uploads\/sites\/21\/2023\/09\/283553904_5247525908643715_4242547787110573443_n.jpg","type":"image\/jpeg"}],"twitter_card":"summary_large_image","twitter_misc":{"Szacowany czas czytania":"1 minuta"},"schema":{"@context":"https:\/\/schema.org","@graph":[{"@type":"WebPage","@id":"https:\/\/instytutpolski.pl\/budapest\/szotarak\/","url":"https:\/\/instytutpolski.pl\/budapest\/szotarak\/","name":"Sz\u00f3t\u00e1rak - Instytut Polski w Budapeszcie","isPartOf":{"@id":"https:\/\/instytutpolski.pl\/budapest\/#website"},"primaryImageOfPage":{"@id":"https:\/\/instytutpolski.pl\/budapest\/szotarak\/#primaryimage"},"image":{"@id":"https:\/\/instytutpolski.pl\/budapest\/szotarak\/#primaryimage"},"thumbnailUrl":"https:\/\/instytutpolski.pl\/budapest\/wp-content\/uploads\/sites\/21\/2023\/09\/283553904_5247525908643715_4242547787110573443_n.jpg","datePublished":"2019-05-28T13:31:20+00:00","dateModified":"2023-09-25T09:04:23+00:00","breadcrumb":{"@id":"https:\/\/instytutpolski.pl\/budapest\/szotarak\/#breadcrumb"},"inLanguage":"pl-PL","potentialAction":[{"@type":"ReadAction","target":["https:\/\/instytutpolski.pl\/budapest\/szotarak\/"]}]},{"@type":"ImageObject","inLanguage":"pl-PL","@id":"https:\/\/instytutpolski.pl\/budapest\/szotarak\/#primaryimage","url":"https:\/\/instytutpolski.pl\/budapest\/wp-content\/uploads\/sites\/21\/2023\/09\/283553904_5247525908643715_4242547787110573443_n.jpg","contentUrl":"https:\/\/instytutpolski.pl\/budapest\/wp-content\/uploads\/sites\/21\/2023\/09\/283553904_5247525908643715_4242547787110573443_n.jpg","width":1024,"height":692},{"@type":"BreadcrumbList","@id":"https:\/\/instytutpolski.pl\/budapest\/szotarak\/#breadcrumb","itemListElement":[{"@type":"ListItem","position":1,"name":"Home","item":"https:\/\/instytutpolski.pl\/budapest\/"},{"@type":"ListItem","position":2,"name":"Sz\u00f3t\u00e1rak"}]},{"@type":"WebSite","@id":"https:\/\/instytutpolski.pl\/budapest\/#website","url":"https:\/\/instytutpolski.pl\/budapest\/","name":"Instytut Polski w Budapeszcie","description":"Instytuty Polskie","potentialAction":[{"@type":"SearchAction","target":{"@type":"EntryPoint","urlTemplate":"https:\/\/instytutpolski.pl\/budapest\/?s={search_term_string}"},"query-input":{"@type":"PropertyValueSpecification","valueRequired":true,"valueName":"search_term_string"}}],"inLanguage":"pl-PL"}]}},"_links":{"self":[{"href":"https:\/\/instytutpolski.pl\/budapest\/wp-json\/wp\/v2\/pages\/139","targetHints":{"allow":["GET"]}}],"collection":[{"href":"https:\/\/instytutpolski.pl\/budapest\/wp-json\/wp\/v2\/pages"}],"about":[{"href":"https:\/\/instytutpolski.pl\/budapest\/wp-json\/wp\/v2\/types\/page"}],"author":[{"embeddable":true,"href":"https:\/\/instytutpolski.pl\/budapest\/wp-json\/wp\/v2\/users\/1"}],"replies":[{"embeddable":true,"href":"https:\/\/instytutpolski.pl\/budapest\/wp-json\/wp\/v2\/comments?post=139"}],"version-history":[{"count":3,"href":"https:\/\/instytutpolski.pl\/budapest\/wp-json\/wp\/v2\/pages\/139\/revisions"}],"predecessor-version":[{"id":17728,"href":"https:\/\/instytutpolski.pl\/budapest\/wp-json\/wp\/v2\/pages\/139\/revisions\/17728"}],"wp:featuredmedia":[{"embeddable":true,"href":"https:\/\/instytutpolski.pl\/budapest\/wp-json\/wp\/v2\/media\/17671"}],"wp:attachment":[{"href":"https:\/\/instytutpolski.pl\/budapest\/wp-json\/wp\/v2\/media?parent=139"}],"curies":[{"name":"wp","href":"https:\/\/api.w.org\/{rel}","templated":true}]}}