{"id":198,"date":"2019-05-29T10:33:47","date_gmt":"2019-05-29T08:33:47","guid":{"rendered":"https:\/\/instytutpolski.pl\/budapeszt\/?page_id=198"},"modified":"2019-05-31T12:37:33","modified_gmt":"2019-05-31T10:37:33","slug":"rolunk-irtak","status":"publish","type":"page","link":"https:\/\/instytutpolski.pl\/budapest\/rolunk-irtak\/","title":{"rendered":"R\u00f3lunk \u00edrt\u00e1k&#8230;"},"content":{"rendered":"\n\n\n<h2><a href=\"https:\/\/instytutpolski.pl\/budapeszt\/wp-content\/uploads\/sites\/21\/2019\/05\/2015_sajtovalogatas-1.pdf\"><strong>2015 &#8211; SAJT\u00d3V\u00c1LOGAT\u00c1S<\/strong><\/a><\/h2>\n<p><strong><a href=\"http:\/\/polinst.hu\/sites\/default\/files\/2015_sajtovalogatas.pdf\"><span class=\"image-caption-container image-caption-container-\"><img loading=\"lazy\" decoding=\"async\" class=\"imagecache-program caption\" src=\"http:\/\/polinst.hu\/sites\/default\/files\/imagecache\/program\/cimlap_2015.jpg\" width=\"350\" height=\"471\" align=\"\" \/><\/span><\/a><\/strong><\/p>\n<h2 class=\"title\"><a href=\"https:\/\/instytutpolski.pl\/budapeszt\/wp-content\/uploads\/sites\/21\/2019\/05\/2014_sajtovalogatas-1.pdf\"><strong>2014 &#8211; SAJT\u00d3V\u00c1LOGAT\u00c1S<\/strong><\/a><\/h2>\n<p><strong><a href=\"http:\/\/polinst.hu\/sites\/default\/files\/2014_sajtovalogatas.pdf\"><span class=\"image-caption-container image-caption-container-\"><img loading=\"lazy\" decoding=\"async\" class=\"imagecache-program caption\" src=\"http:\/\/polinst.hu\/sites\/default\/files\/imagecache\/program\/cimlap2014.jpg\" width=\"339\" height=\"500\" align=\"\" \/><\/span><\/a><\/strong><\/p>\n<h2 class=\"title\"><a href=\"https:\/\/instytutpolski.pl\/budapeszt\/wp-content\/uploads\/sites\/21\/2019\/05\/2013_sajtovalogatas.pdf\"><strong>2013 &#8211; SAJT\u00d3V\u00c1LOGAT\u00c1S<\/strong><\/a><\/h2>\n<p><strong><a href=\"http:\/\/polinst.hu\/sites\/default\/files\/2013_sajtovalogatas.pdf\"><span class=\"image-caption-container image-caption-container-\"><img loading=\"lazy\" decoding=\"async\" class=\"imagecache-program caption\" src=\"http:\/\/polinst.hu\/sites\/default\/files\/imagecache\/program\/cimlap2013_0.jpg\" width=\"346\" height=\"500\" align=\"\" \/><\/span><\/a><\/strong><\/p>\n<h2 class=\"title\"><strong>ARTUR DOMOS\u0141AWSKI: H\u00c1BOR\u00daK \u00c9S FORRADALMAK K\u00d6LT\u0150JE<\/strong><\/h2>\n<p><span class=\"image-caption-container image-caption-container-\"><img loading=\"lazy\" decoding=\"async\" class=\"imagecache-program caption\" src=\"http:\/\/polinst.hu\/sites\/default\/files\/imagecache\/program\/domoslawski_nepszabi.jpg\" width=\"350\" height=\"250\" align=\"\" \/><\/span><\/p>\n<p><strong>N\u00e9pszabads\u00e1g, 2012. j\u00fanius 2.<\/strong><\/p>\n<p><a href=\"https:\/\/instytutpolski.pl\/budapeszt\/wp-content\/uploads\/sites\/21\/2019\/05\/artur_domoslawski_haboruk_es_forradalmak_koltoje.pdf\">SAJT\u00d3SZEMLE<\/a><strong><br \/><\/strong><\/p>\n<h2 class=\"title\"><strong>XVIII. LENGYEL FILMTAVASZ<\/strong><\/h2>\n<p><strong><span class=\"image-caption-container image-caption-container-\"><img loading=\"lazy\" decoding=\"async\" class=\"imagecache-program caption\" src=\"http:\/\/polinst.hu\/sites\/default\/files\/imagecache\/program\/magyar_nemzet_xviii._lengyel_filmtavasz.jpg\" width=\"350\" height=\"472\" align=\"\" \/><\/span><\/strong><\/p>\n<p><strong>Magyar Nemzet, 2012. \u00e1prilis 26<\/strong><\/p>\n<p><a href=\"https:\/\/instytutpolski.pl\/budapeszt\/wp-content\/uploads\/sites\/21\/2019\/05\/xviii._lengyel_filmtavasz.pdf\">SAJT\u00d3SZEMLE<\/a><\/p>\n<h2 class=\"title\"><strong>JANUSZ G\u0141OWACKI, A XIX. BUDAPESTI NEMZETK\u00d6ZI K\u00d6NYVFESZTIV\u00c1L VEND\u00c9GE\u00a0<\/strong><\/h2>\n<p><strong><span class=\"image-caption-container image-caption-container-\"><img loading=\"lazy\" decoding=\"async\" class=\"imagecache-program caption\" src=\"http:\/\/polinst.hu\/sites\/default\/files\/imagecache\/program\/nepszabadsag_glowacki.jpg\" width=\"350\" height=\"256\" align=\"\" \/><\/span><\/strong><\/p>\n<p><strong>N\u00e9pszabads\u00e1g, 2012. m\u00e1jus 19.<\/strong><\/p>\n<p><a href=\"https:\/\/instytutpolski.pl\/budapeszt\/wp-content\/uploads\/sites\/21\/2019\/05\/janusz_glowacki.pdf\">SAJT\u00d3SZEMLE<\/a><\/p>\n<h2 class=\"title\"><strong>A LENGYEL RIPORTISKOLA<\/strong><\/h2>\n<p><strong><span class=\"image-caption-container image-caption-container-\"><img loading=\"lazy\" decoding=\"async\" class=\"imagecache-program caption\" src=\"http:\/\/polinst.hu\/sites\/default\/files\/imagecache\/program\/nepszabadsag_-riport.jpg\" width=\"350\" height=\"452\" align=\"\" \/><\/span><\/strong><\/p>\n<p><a href=\"https:\/\/instytutpolski.pl\/budapeszt\/wp-content\/uploads\/sites\/21\/2019\/05\/riportiskola.pdf\"><strong>SAJT\u00d3SZEMLE<\/strong><\/a><\/p>\n<h2 class=\"title\"><strong>NATALIA LL: OPUS MAGNUM<\/strong><\/h2>\n<p><strong><span class=\"image-caption-container image-caption-container-\"><img loading=\"lazy\" decoding=\"async\" class=\"imagecache-program caption\" src=\"http:\/\/polinst.hu\/sites\/default\/files\/imagecache\/program\/natalia_ll_nepszabadsag_2012februar16.jpg\" width=\"350\" height=\"254\" align=\"\" \/><\/span><\/strong><\/p>\n<p><strong>N\u00e9pszabads\u00e1g, 2012. febru\u00e1r 16.<\/strong><\/p>\n<p><a href=\"https:\/\/instytutpolski.pl\/budapeszt\/wp-content\/uploads\/sites\/21\/2019\/05\/natalia_ll.pdf\">SAJT\u00d3SZEMLE<\/a><\/p>\n<h2 class=\"title\"><strong>TADEUSZ S\u0141OBODZIANEK: A MI OSZT\u00c1LYUNK<\/strong><\/h2>\n<p><strong><span class=\"image-caption-container image-caption-container-\"><img loading=\"lazy\" decoding=\"async\" class=\"imagecache-program caption\" src=\"http:\/\/polinst.hu\/sites\/default\/files\/imagecache\/program\/szinhaz_februar_a_mi_osztalyunk.jpg\" width=\"350\" height=\"482\" align=\"\" \/><\/span><\/strong><\/p>\n<p><a href=\"https:\/\/instytutpolski.pl\/budapeszt\/wp-content\/uploads\/sites\/21\/2019\/05\/tadeusz_slobodzianek_-_a_mi_osztalyunk_0.pdf\">SAJT\u00d3SZEMLE<\/a><strong><br \/><\/strong><\/p>\n<p>\u00a0<\/p>\n<h2 class=\"title\"><strong>EAT YOUR MIND \/ BRUINS BLURPS<\/strong><\/h2>\n<p><strong><span class=\"image-caption-container image-caption-container-\"><img loading=\"lazy\" decoding=\"async\" class=\"imagecache-program caption\" src=\"http:\/\/polinst.hu\/sites\/default\/files\/imagecache\/program\/eat_your_mind2.jpg\" width=\"347\" height=\"500\" align=\"\" \/><\/span><\/strong><\/p>\n<p><strong>\u00daj M\u0171v\u00e9szet, 2012. janu\u00e1r<\/strong><\/p>\n<p><a href=\"https:\/\/instytutpolski.pl\/budapeszt\/wp-content\/uploads\/sites\/21\/2019\/05\/eat_your_mind.pdf\">SAJT\u00d3SZEMLE<\/a><strong><br \/><\/strong><\/p>\n<h2><strong>A CZES<\/strong><strong>\u0141AW MI\u0141OSZ\u00a0<\/strong><strong>\u00c9VFORDUL\u00d3 MAGYARORSZ\u00c1GI RENDEZV\u00c9NYEIVEL KAPCSOLATOS CIKKEKB\u0150L V\u00c1LOGATTUNK:<\/strong><\/h2>\n<p><strong><span class=\"image-caption-container image-caption-container-\"><img loading=\"lazy\" decoding=\"async\" class=\"imagecache-program caption\" src=\"http:\/\/polinst.hu\/sites\/default\/files\/imagecache\/program\/milosz_narancs.jpg\" width=\"350\" height=\"478\" align=\"\" \/><\/span><\/strong><\/p>\n<p><a href=\"https:\/\/instytutpolski.pl\/budapeszt\/wp-content\/uploads\/sites\/21\/2019\/05\/czeslaw_milosz_ev_0.pdf\">SAJT\u00d3SZEMLE<\/a><strong><br \/><\/strong><\/p>\n<h2><strong>LENGYEL EU-ELN\u00d6KS\u00c9G &#8211; HVG MELL\u00c9KLET<\/strong><\/h2>\n<p><span class=\"image-caption-container image-caption-container-\"><img decoding=\"async\" class=\"imagecache-program caption\" src=\"http:\/\/www.polinst.hu\/sites\/default\/files\/imagecache\/program\/hvg_melleklet.jpg\" align=\"\" \/><\/span><\/p>\n<p><strong>HVG \u2013 mell\u00e9klet\u00a0<\/strong><strong>\u2502<\/strong><strong>2011. j\u00falius 1.<\/strong><\/p>\n<p><a href=\"https:\/\/instytutpolski.pl\/budapeszt\/wp-content\/uploads\/sites\/21\/2019\/05\/hvg_-_melleklet.pdf\">OLVASS BELE!<\/a><\/p>\n<h2 id=\"page-title\" class=\"title\"><strong>SZENT SZANISZL\u00d3 ORAT\u00d3RIUM<\/strong><\/h2>\n<p><strong><span class=\"image-caption-container image-caption-container-\"><img decoding=\"async\" class=\"imagecache-program caption\" src=\"http:\/\/www.polinst.hu\/sites\/default\/files\/imagecache\/program\/szt_szaniszlo_es.jpg\" align=\"\" \/><\/span><\/strong><\/p>\n<p><strong>\u00c9let \u00e9s Irodalom, 2011. j\u00falius 1.<\/strong><\/p>\n<p><a href=\"https:\/\/instytutpolski.pl\/budapeszt\/wp-content\/uploads\/sites\/21\/2019\/05\/szent_szaniszlo_oratorium.pdf\">SAJT\u00d3SZEMLE<\/a><strong><br \/><\/strong><\/p>\n<h2><strong>T\u00d6BB MINT SZOLIDARIT\u00c1S<\/strong><\/h2>\n<p><strong><span class=\"image-caption-container image-caption-container-\"><img decoding=\"async\" class=\"imagecache-program caption\" src=\"http:\/\/www.polinst.hu\/sites\/default\/files\/imagecache\/program\/tobb_mint_szolidaritas_mult-kor_0.jpg\" align=\"\" \/><\/span><\/strong><\/p>\n<p><strong>M\u00falt-kor, 2011 ny\u00e1r<\/strong><\/p>\n<p><a href=\"https:\/\/instytutpolski.pl\/budapeszt\/wp-content\/uploads\/sites\/21\/2019\/05\/tobb_mint_szolidaritas.pdf\">SAJT\u00d3SZEMLE<\/a><strong><br \/><\/strong><\/p>\n<h2><strong>ART ON LAKE<\/strong><\/h2>\n<p><strong><img decoding=\"async\" src=\"http:\/\/www.polinst.hu\/sites\/default\/files\/imagecache\/program\/art_on_lake.jpg\" align=\"\" \/><\/strong><\/p>\n<p><strong>N\u00e9pszabads\u00e1g, 2011. j\u00fanius 15.<\/strong><\/p>\n<p><a href=\"https:\/\/instytutpolski.pl\/budapeszt\/wp-content\/uploads\/sites\/21\/2019\/05\/art_on_lake.pdf\">SAJT\u00d3SZEMLE<\/a><\/p>\n<h2><strong>TRANSZFER BUDAPEST NEMZETK\u00d6ZI FESZTIV\u00c1L &#8211; 2011<\/strong><\/h2>\n<p><strong><img decoding=\"async\" src=\"http:\/\/www.polinst.hu\/sites\/default\/files\/imagecache\/program\/irodalmi_transzfer_pim.jpg\" align=\"\" \/><\/strong><\/p>\n<p><strong>N\u00e9pszabads\u00e1g, 2011. m\u00e1jus 14.<\/strong><\/p>\n<h2><strong>A NAPI GAZDAS\u00c1G K\u00dcL\u00d6NSZ\u00c1MA<\/strong><\/h2>\n<p><img decoding=\"async\" src=\"http:\/\/www.polinst.hu\/sites\/default\/files\/imagecache\/program\/napi_gazdasag-kulonszam.jpg\" align=\"\" \/><\/p>\n<p><strong>NAPI GAZDAS\u00c1G &#8211; mell\u00e9klet, 2010. november<br \/><\/strong><\/p>\n<p><a href=\"https:\/\/instytutpolski.pl\/budapeszt\/wp-content\/uploads\/sites\/21\/2019\/05\/art_on_lake.pdf\">OLVASS BELE!<\/a><\/p>\n<h2><strong>CHOPIN 2010<\/strong><\/h2>\n<p><img decoding=\"async\" src=\"http:\/\/polithu1.megacp.hu\/sites\/default\/files\/imagecache\/program\/chopin_artykuly_001.jpg\" align=\"\" \/>&gt;<\/p>\n<p>Time Out Magazin, 2010. m\u00e1rcius<\/p>\n<p><a href=\"https:\/\/instytutpolski.pl\/budapeszt\/wp-content\/uploads\/sites\/21\/2019\/05\/chopin.pdf\">SAJT\u00d3SZEMLE<\/a><\/p>\n<h2><strong>KER\u00c9KP\u00c1RRRAL A FEKETE KONTINENSEN \u00c1T\u00a0 (2011.01.27-03.31, LENGYEL INT\u00c9ZET)<\/strong><\/h2>\n<p><img decoding=\"async\" class=\"imagecache-program caption\" src=\"http:\/\/polithu1.megacp.hu\/sites\/default\/files\/imagecache\/program\/nowak_nepszava2.jpg\" align=\"\" \/>\u00a0\u00a0<\/p>\n<p>\u00a0<\/p>\n<p><a href=\"https:\/\/instytutpolski.pl\/budapeszt\/wp-content\/uploads\/sites\/21\/2019\/05\/kerekparral_a_fekete_kontinensen_at.pdf\">SAJT\u00d3SZEMLE<\/a><\/p>\n<h2><strong>MARGE MONKO:\u00a0<\/strong><strong>MONDD MEG\u00a0<\/strong><strong>(2011.02.03-04.01, PLAT\u00c1N GAL\u00c9RIA)<\/strong><\/h2>\n<p>\u00a0<\/p>\n<p><strong><img decoding=\"async\" src=\"http:\/\/polithu1.megacp.hu\/sites\/default\/files\/imagecache\/program\/monko_magyar_narancs.jpg\" align=\"\" \/><\/strong><\/p>\n<p><strong>Magyar Narancs, 2011. febru\u00e1r 10.<\/strong><\/p>\n<p><a href=\"https:\/\/instytutpolski.pl\/budapeszt\/wp-content\/uploads\/sites\/21\/2019\/05\/kerekparral_a_fekete_kontinensen_at.pdf\">SAJT\u00d3SZEMLE<\/a><\/p>\n","protected":false},"excerpt":{"rendered":"<p>2015 &#8211; SAJT\u00d3V\u00c1LOGAT\u00c1S 2014 &#8211; SAJT\u00d3V\u00c1LOGAT\u00c1S 2013 &#8211; SAJT\u00d3V\u00c1LOGAT\u00c1S ARTUR DOMOS\u0141AWSKI: H\u00c1BOR\u00daK \u00c9S FORRADALMAK K\u00d6LT\u0150JE N\u00e9pszabads\u00e1g, 2012. j\u00fanius 2. SAJT\u00d3SZEMLE XVIII. LENGYEL FILMTAVASZ Magyar Nemzet, 2012. \u00e1prilis 26 SAJT\u00d3SZEMLE JANUSZ G\u0141OWACKI, A XIX. BUDAPESTI NEMZETK\u00d6ZI K\u00d6NYVFESZTIV\u00c1L VEND\u00c9GE\u00a0 N\u00e9pszabads\u00e1g, 2012. m\u00e1jus 19. SAJT\u00d3SZEMLE A LENGYEL RIPORTISKOLA SAJT\u00d3SZEMLE NATALIA LL: OPUS MAGNUM N\u00e9pszabads\u00e1g, 2012. febru\u00e1r 16. SAJT\u00d3SZEMLE [&hellip;]<\/p>\n","protected":false},"author":1,"featured_media":0,"parent":0,"menu_order":0,"comment_status":"closed","ping_status":"closed","template":"","meta":{"inline_featured_image":false,"_monsterinsights_skip_tracking":false,"_monsterinsights_sitenote_active":false,"_monsterinsights_sitenote_note":"","_monsterinsights_sitenote_category":0,"footnotes":""},"class_list":["post-198","page","type-page","status-publish","hentry"],"yoast_head":"<!-- This site is optimized with the Yoast SEO plugin v24.6 - https:\/\/yoast.com\/wordpress\/plugins\/seo\/ -->\n<title>R\u00f3lunk \u00edrt\u00e1k... - Instytut Polski w Budapeszcie<\/title>\n<meta name=\"robots\" content=\"index, follow, max-snippet:-1, max-image-preview:large, max-video-preview:-1\" \/>\n<link rel=\"canonical\" href=\"https:\/\/instytutpolski.pl\/budapest\/rolunk-irtak\/\" \/>\n<meta property=\"og:locale\" content=\"pl_PL\" \/>\n<meta property=\"og:type\" content=\"article\" \/>\n<meta property=\"og:title\" content=\"R\u00f3lunk \u00edrt\u00e1k... - Instytut Polski w Budapeszcie\" \/>\n<meta property=\"og:description\" content=\"2015 &#8211; SAJT\u00d3V\u00c1LOGAT\u00c1S 2014 &#8211; SAJT\u00d3V\u00c1LOGAT\u00c1S 2013 &#8211; SAJT\u00d3V\u00c1LOGAT\u00c1S ARTUR DOMOS\u0141AWSKI: H\u00c1BOR\u00daK \u00c9S FORRADALMAK K\u00d6LT\u0150JE N\u00e9pszabads\u00e1g, 2012. j\u00fanius 2. SAJT\u00d3SZEMLE XVIII. LENGYEL FILMTAVASZ Magyar Nemzet, 2012. \u00e1prilis 26 SAJT\u00d3SZEMLE JANUSZ G\u0141OWACKI, A XIX. BUDAPESTI NEMZETK\u00d6ZI K\u00d6NYVFESZTIV\u00c1L VEND\u00c9GE\u00a0 N\u00e9pszabads\u00e1g, 2012. m\u00e1jus 19. SAJT\u00d3SZEMLE A LENGYEL RIPORTISKOLA SAJT\u00d3SZEMLE NATALIA LL: OPUS MAGNUM N\u00e9pszabads\u00e1g, 2012. febru\u00e1r 16. SAJT\u00d3SZEMLE [&hellip;]\" \/>\n<meta property=\"og:url\" content=\"https:\/\/instytutpolski.pl\/budapest\/rolunk-irtak\/\" \/>\n<meta property=\"og:site_name\" content=\"Instytut Polski w Budapeszcie\" \/>\n<meta property=\"article:modified_time\" content=\"2019-05-31T10:37:33+00:00\" \/>\n<meta property=\"og:image\" content=\"http:\/\/polinst.hu\/sites\/default\/files\/imagecache\/program\/cimlap_2015.jpg\" \/>\n<meta name=\"twitter:card\" content=\"summary_large_image\" \/>\n<meta name=\"twitter:label1\" content=\"Szacowany czas czytania\" \/>\n\t<meta name=\"twitter:data1\" content=\"1 minuta\" \/>\n<script type=\"application\/ld+json\" class=\"yoast-schema-graph\">{\"@context\":\"https:\/\/schema.org\",\"@graph\":[{\"@type\":\"WebPage\",\"@id\":\"https:\/\/instytutpolski.pl\/budapest\/rolunk-irtak\/\",\"url\":\"https:\/\/instytutpolski.pl\/budapest\/rolunk-irtak\/\",\"name\":\"R\u00f3lunk \u00edrt\u00e1k... - Instytut Polski w Budapeszcie\",\"isPartOf\":{\"@id\":\"https:\/\/instytutpolski.pl\/budapest\/#website\"},\"primaryImageOfPage\":{\"@id\":\"https:\/\/instytutpolski.pl\/budapest\/rolunk-irtak\/#primaryimage\"},\"image\":{\"@id\":\"https:\/\/instytutpolski.pl\/budapest\/rolunk-irtak\/#primaryimage\"},\"thumbnailUrl\":\"http:\/\/polinst.hu\/sites\/default\/files\/imagecache\/program\/cimlap_2015.jpg\",\"datePublished\":\"2019-05-29T08:33:47+00:00\",\"dateModified\":\"2019-05-31T10:37:33+00:00\",\"breadcrumb\":{\"@id\":\"https:\/\/instytutpolski.pl\/budapest\/rolunk-irtak\/#breadcrumb\"},\"inLanguage\":\"pl-PL\",\"potentialAction\":[{\"@type\":\"ReadAction\",\"target\":[\"https:\/\/instytutpolski.pl\/budapest\/rolunk-irtak\/\"]}]},{\"@type\":\"ImageObject\",\"inLanguage\":\"pl-PL\",\"@id\":\"https:\/\/instytutpolski.pl\/budapest\/rolunk-irtak\/#primaryimage\",\"url\":\"http:\/\/polinst.hu\/sites\/default\/files\/imagecache\/program\/cimlap_2015.jpg\",\"contentUrl\":\"http:\/\/polinst.hu\/sites\/default\/files\/imagecache\/program\/cimlap_2015.jpg\"},{\"@type\":\"BreadcrumbList\",\"@id\":\"https:\/\/instytutpolski.pl\/budapest\/rolunk-irtak\/#breadcrumb\",\"itemListElement\":[{\"@type\":\"ListItem\",\"position\":1,\"name\":\"Home\",\"item\":\"https:\/\/instytutpolski.pl\/budapest\/\"},{\"@type\":\"ListItem\",\"position\":2,\"name\":\"R\u00f3lunk \u00edrt\u00e1k&#8230;\"}]},{\"@type\":\"WebSite\",\"@id\":\"https:\/\/instytutpolski.pl\/budapest\/#website\",\"url\":\"https:\/\/instytutpolski.pl\/budapest\/\",\"name\":\"Instytut Polski w Budapeszcie\",\"description\":\"Instytuty Polskie\",\"potentialAction\":[{\"@type\":\"SearchAction\",\"target\":{\"@type\":\"EntryPoint\",\"urlTemplate\":\"https:\/\/instytutpolski.pl\/budapest\/?s={search_term_string}\"},\"query-input\":{\"@type\":\"PropertyValueSpecification\",\"valueRequired\":true,\"valueName\":\"search_term_string\"}}],\"inLanguage\":\"pl-PL\"}]}<\/script>\n<!-- \/ Yoast SEO plugin. -->","yoast_head_json":{"title":"R\u00f3lunk \u00edrt\u00e1k... - Instytut Polski w Budapeszcie","robots":{"index":"index","follow":"follow","max-snippet":"max-snippet:-1","max-image-preview":"max-image-preview:large","max-video-preview":"max-video-preview:-1"},"canonical":"https:\/\/instytutpolski.pl\/budapest\/rolunk-irtak\/","og_locale":"pl_PL","og_type":"article","og_title":"R\u00f3lunk \u00edrt\u00e1k... - Instytut Polski w Budapeszcie","og_description":"2015 &#8211; SAJT\u00d3V\u00c1LOGAT\u00c1S 2014 &#8211; SAJT\u00d3V\u00c1LOGAT\u00c1S 2013 &#8211; SAJT\u00d3V\u00c1LOGAT\u00c1S ARTUR DOMOS\u0141AWSKI: H\u00c1BOR\u00daK \u00c9S FORRADALMAK K\u00d6LT\u0150JE N\u00e9pszabads\u00e1g, 2012. j\u00fanius 2. SAJT\u00d3SZEMLE XVIII. LENGYEL FILMTAVASZ Magyar Nemzet, 2012. \u00e1prilis 26 SAJT\u00d3SZEMLE JANUSZ G\u0141OWACKI, A XIX. BUDAPESTI NEMZETK\u00d6ZI K\u00d6NYVFESZTIV\u00c1L VEND\u00c9GE\u00a0 N\u00e9pszabads\u00e1g, 2012. m\u00e1jus 19. SAJT\u00d3SZEMLE A LENGYEL RIPORTISKOLA SAJT\u00d3SZEMLE NATALIA LL: OPUS MAGNUM N\u00e9pszabads\u00e1g, 2012. febru\u00e1r 16. SAJT\u00d3SZEMLE [&hellip;]","og_url":"https:\/\/instytutpolski.pl\/budapest\/rolunk-irtak\/","og_site_name":"Instytut Polski w Budapeszcie","article_modified_time":"2019-05-31T10:37:33+00:00","og_image":[{"url":"http:\/\/polinst.hu\/sites\/default\/files\/imagecache\/program\/cimlap_2015.jpg","type":"","width":"","height":""}],"twitter_card":"summary_large_image","twitter_misc":{"Szacowany czas czytania":"1 minuta"},"schema":{"@context":"https:\/\/schema.org","@graph":[{"@type":"WebPage","@id":"https:\/\/instytutpolski.pl\/budapest\/rolunk-irtak\/","url":"https:\/\/instytutpolski.pl\/budapest\/rolunk-irtak\/","name":"R\u00f3lunk \u00edrt\u00e1k... - Instytut Polski w Budapeszcie","isPartOf":{"@id":"https:\/\/instytutpolski.pl\/budapest\/#website"},"primaryImageOfPage":{"@id":"https:\/\/instytutpolski.pl\/budapest\/rolunk-irtak\/#primaryimage"},"image":{"@id":"https:\/\/instytutpolski.pl\/budapest\/rolunk-irtak\/#primaryimage"},"thumbnailUrl":"http:\/\/polinst.hu\/sites\/default\/files\/imagecache\/program\/cimlap_2015.jpg","datePublished":"2019-05-29T08:33:47+00:00","dateModified":"2019-05-31T10:37:33+00:00","breadcrumb":{"@id":"https:\/\/instytutpolski.pl\/budapest\/rolunk-irtak\/#breadcrumb"},"inLanguage":"pl-PL","potentialAction":[{"@type":"ReadAction","target":["https:\/\/instytutpolski.pl\/budapest\/rolunk-irtak\/"]}]},{"@type":"ImageObject","inLanguage":"pl-PL","@id":"https:\/\/instytutpolski.pl\/budapest\/rolunk-irtak\/#primaryimage","url":"http:\/\/polinst.hu\/sites\/default\/files\/imagecache\/program\/cimlap_2015.jpg","contentUrl":"http:\/\/polinst.hu\/sites\/default\/files\/imagecache\/program\/cimlap_2015.jpg"},{"@type":"BreadcrumbList","@id":"https:\/\/instytutpolski.pl\/budapest\/rolunk-irtak\/#breadcrumb","itemListElement":[{"@type":"ListItem","position":1,"name":"Home","item":"https:\/\/instytutpolski.pl\/budapest\/"},{"@type":"ListItem","position":2,"name":"R\u00f3lunk \u00edrt\u00e1k&#8230;"}]},{"@type":"WebSite","@id":"https:\/\/instytutpolski.pl\/budapest\/#website","url":"https:\/\/instytutpolski.pl\/budapest\/","name":"Instytut Polski w Budapeszcie","description":"Instytuty Polskie","potentialAction":[{"@type":"SearchAction","target":{"@type":"EntryPoint","urlTemplate":"https:\/\/instytutpolski.pl\/budapest\/?s={search_term_string}"},"query-input":{"@type":"PropertyValueSpecification","valueRequired":true,"valueName":"search_term_string"}}],"inLanguage":"pl-PL"}]}},"_links":{"self":[{"href":"https:\/\/instytutpolski.pl\/budapest\/wp-json\/wp\/v2\/pages\/198","targetHints":{"allow":["GET"]}}],"collection":[{"href":"https:\/\/instytutpolski.pl\/budapest\/wp-json\/wp\/v2\/pages"}],"about":[{"href":"https:\/\/instytutpolski.pl\/budapest\/wp-json\/wp\/v2\/types\/page"}],"author":[{"embeddable":true,"href":"https:\/\/instytutpolski.pl\/budapest\/wp-json\/wp\/v2\/users\/1"}],"replies":[{"embeddable":true,"href":"https:\/\/instytutpolski.pl\/budapest\/wp-json\/wp\/v2\/comments?post=198"}],"version-history":[{"count":4,"href":"https:\/\/instytutpolski.pl\/budapest\/wp-json\/wp\/v2\/pages\/198\/revisions"}],"predecessor-version":[{"id":533,"href":"https:\/\/instytutpolski.pl\/budapest\/wp-json\/wp\/v2\/pages\/198\/revisions\/533"}],"wp:attachment":[{"href":"https:\/\/instytutpolski.pl\/budapest\/wp-json\/wp\/v2\/media?parent=198"}],"curies":[{"name":"wp","href":"https:\/\/api.w.org\/{rel}","templated":true}]}}