{"id":21,"date":"2019-05-28T13:09:23","date_gmt":"2019-05-28T11:09:23","guid":{"rendered":"https:\/\/instytutpolski.pl\/budapeszt\/?page_id=21"},"modified":"2019-05-28T13:09:24","modified_gmt":"2019-05-28T11:09:24","slug":"gdpr","status":"publish","type":"page","link":"https:\/\/instytutpolski.pl\/budapest\/gdpr\/","title":{"rendered":"GDPR"},"content":{"rendered":"\n<h3>A BUDAPESTI LENGYEL INT\u00c9ZET SZEM\u00c9LYES ADATOK KEZEL\u00c9S\u00c9VEL KAPCSOLATOS SZAB\u00c1LYZATA<\/h3>\n<p><strong>Az Eur\u00f3pai Parlament \u00e9s a Tan\u00e1cs (EU) 2016\/679 rendelete (2016. \u00e1prilis 27.) a term\u00e9szetes szem\u00e9lyeknek a szem\u00e9lyes adatok kezel\u00e9se tekintet\u00e9ben t\u00f6rt\u00e9n\u0151 v\u00e9delm\u00e9r\u0151l \u00e9s az ilyen adatok szabad \u00e1raml\u00e1s\u00e1r\u00f3l, valamint a 95\/46\/EK rendelet hat\u00e1lyon k\u00edv\u00fcl helyez\u00e9s\u00e9r\u0151l (\u00e1ltal\u00e1nos adatv\u00e9delmi rendelet, a tov\u00e1bbiakban \u201eGDPR\u201d) 13. cikkely\u00e9nek 1. \u00e9s 2. pontj\u00e1ban meghat\u00e1rozottaknak az al\u00e1bbi inform\u00e1ci\u00f3k k\u00f6zread\u00e1s\u00e1val tesz\u00fcnk eleget:<\/strong><\/p>\n<p>1. A GDPR 4. paragrafus\u00e1nak 7. pontja \u00e9rtelm\u00e9ben szem\u00e9lyes adatainak kezel\u0151je a Lengyel K\u00f6zt\u00e1rsas\u00e1g K\u00fcl\u00fcgyminisztere (sz\u00e9khely: Al. J. Ch. Szucha 23, Vars\u00f3, Lengyelorsz\u00e1g); az adatkezel\u0151i feladatokat a budapesti Lengyel Int\u00e9zet igazgat\u00f3ja (sz\u00e9khely: Budapest, Nagymez\u0151 u. 15.) l\u00e1tja el.<\/p>\n<p>2. A Lengyel K\u00f6zt\u00e1rsas\u00e1g K\u00fcl\u00fcgyminiszt\u00e9riuma l\u00e9trehozta az Adatv\u00e9delmi Fel\u00fcgyel\u0151 (Inspektor Ochrony Danych, IOD) hivatal\u00e1t. Az IOD el\u00e9rhet\u0151s\u00e9gei:<\/p>\n<blockquote>Sz\u00e9khely: Al. J. Ch. Szucha 23, 00-580 Vars\u00f3, Lengyelorsz\u00e1g<br \/>E-mail:\u00a0<a href=\"mailto:iod@msz.gov.pl\">iod@msz.gov.pl<\/a><\/blockquote>\n<p>3. A GDPR 6. cikkely\u00e9nek \u00a01. pontja alapj\u00e1n az adatok t\u00e1rol\u00e1s\u00e1nak c\u00e9lja az, hogy a budapesti Lengyel Int\u00e9zet tev\u00e9kenys\u00e9g\u00e9vel kapcsolatban t\u00e1j\u00e9koztat\u00e1st adjunk, illetve azt n\u00e9pszer\u0171s\u00edts\u00fck.<\/p>\n<p>4. A szem\u00e9lyes adatokat mindaddig meg\u0151rizz\u00fck, am\u00edg \u00d6n a 3. pontnak megfelel\u0151en ellent\u00e9tes \u00e9rtelemben err\u0151l nem nyilatkozik.<\/p>\n<p>5. Az adatokhoz kiz\u00e1r\u00f3lag a budapesti Lengyel Int\u00e9zet munkat\u00e1rsai rendelkeznek hozz\u00e1f\u00e9r\u00e9ssel.<\/p>\n<p>6. Az adatok a GDPR el\u0151\u00edr\u00e1sainak megfelel\u0151 oltalmat \u00e9lveznek; harmadik, arra jogosulatlan f\u00e9l sz\u00e1m\u00e1ra nem adjuk \u00e1t \u0151ket.<\/p>\n<p>7. Az adatokat nem adjuk \u00e1t harmadik orsz\u00e1g vagy nemzetk\u00f6zi szervezet r\u00e9sz\u00e9re.\u00a0\u00a0<\/p>\n<p>8. \u00d6n jogosult arra, hogy ellen\u0151rz\u00e9st gyakoroljon szem\u00e9lyes adatainak t\u00e1rol\u00e1sa felett, amint arr\u00f3l a GDPR 15., 16., 17., 18., 19., \u00e9s 20, cikkelyei rendelkeznek, k\u00fcl\u00f6n\u00f6s tekintettel a hozz\u00e1f\u00e9r\u00e9shez az \u00d6nr\u0151l \u00e1ltalunk t\u00e1rolt szem\u00e9lyes adatokhoz, azok helyesb\u00edt\u00e9s\u00e9hez, t\u00e1rol\u00e1suk korl\u00e1toz\u00e1s\u00e1hoz, illetve ahhoz, hogy nyilatkozzon arr\u00f3l, hogy tov\u00e1bbi t\u00e1rol\u00e1sukhoz nem j\u00e1rul hozz\u00e1.<\/p>\n<p>9. Az adatokat nem dolgozzuk fel automatikusan; azok seg\u00edts\u00e9g\u00e9vel felhaszn\u00e1l\u00f3i profilt nem alkotunk.<\/p>\n<p>10. Szem\u00e9lyes adatai kezel\u00e9s\u00e9vel kapcsolatban \u00d6n \u00a0jogosult panaszt tenni a fel\u00fcgyel\u0151 hat\u00f3s\u00e1gn\u00e1l a k\u00f6vetkez\u0151 c\u00edmen:<\/p>\n<blockquote>Prezes Urz\u0119du Ochrony Danych Osobowych<br \/>ul. Stawki 2, 00-193 Vars\u00f3, Lengyelorsz\u00e1g<\/blockquote>\n","protected":false},"excerpt":{"rendered":"<p>A BUDAPESTI LENGYEL INT\u00c9ZET SZEM\u00c9LYES ADATOK KEZEL\u00c9S\u00c9VEL KAPCSOLATOS SZAB\u00c1LYZATA Az Eur\u00f3pai Parlament \u00e9s a Tan\u00e1cs (EU) 2016\/679 rendelete (2016. \u00e1prilis 27.) a term\u00e9szetes szem\u00e9lyeknek a szem\u00e9lyes adatok kezel\u00e9se tekintet\u00e9ben t\u00f6rt\u00e9n\u0151 v\u00e9delm\u00e9r\u0151l \u00e9s az ilyen adatok szabad \u00e1raml\u00e1s\u00e1r\u00f3l, valamint a 95\/46\/EK rendelet hat\u00e1lyon k\u00edv\u00fcl helyez\u00e9s\u00e9r\u0151l (\u00e1ltal\u00e1nos adatv\u00e9delmi rendelet, a tov\u00e1bbiakban \u201eGDPR\u201d) 13. cikkely\u00e9nek 1. \u00e9s 2. [&hellip;]<\/p>\n","protected":false},"author":1,"featured_media":0,"parent":0,"menu_order":0,"comment_status":"closed","ping_status":"closed","template":"","meta":{"inline_featured_image":false,"_monsterinsights_skip_tracking":false,"_monsterinsights_sitenote_active":false,"_monsterinsights_sitenote_note":"","_monsterinsights_sitenote_category":0,"footnotes":""},"class_list":["post-21","page","type-page","status-publish","hentry"],"yoast_head":"<!-- This site is optimized with the Yoast SEO plugin v24.6 - https:\/\/yoast.com\/wordpress\/plugins\/seo\/ -->\n<title>GDPR - Instytut Polski w Budapeszcie<\/title>\n<meta name=\"robots\" content=\"index, follow, max-snippet:-1, max-image-preview:large, max-video-preview:-1\" \/>\n<link rel=\"canonical\" href=\"https:\/\/instytutpolski.pl\/budapest\/gdpr\/\" \/>\n<meta property=\"og:locale\" content=\"pl_PL\" \/>\n<meta property=\"og:type\" content=\"article\" \/>\n<meta property=\"og:title\" content=\"GDPR - Instytut Polski w Budapeszcie\" \/>\n<meta property=\"og:description\" content=\"A BUDAPESTI LENGYEL INT\u00c9ZET SZEM\u00c9LYES ADATOK KEZEL\u00c9S\u00c9VEL KAPCSOLATOS SZAB\u00c1LYZATA Az Eur\u00f3pai Parlament \u00e9s a Tan\u00e1cs (EU) 2016\/679 rendelete (2016. \u00e1prilis 27.) a term\u00e9szetes szem\u00e9lyeknek a szem\u00e9lyes adatok kezel\u00e9se tekintet\u00e9ben t\u00f6rt\u00e9n\u0151 v\u00e9delm\u00e9r\u0151l \u00e9s az ilyen adatok szabad \u00e1raml\u00e1s\u00e1r\u00f3l, valamint a 95\/46\/EK rendelet hat\u00e1lyon k\u00edv\u00fcl helyez\u00e9s\u00e9r\u0151l (\u00e1ltal\u00e1nos adatv\u00e9delmi rendelet, a tov\u00e1bbiakban \u201eGDPR\u201d) 13. cikkely\u00e9nek 1. \u00e9s 2. [&hellip;]\" \/>\n<meta property=\"og:url\" content=\"https:\/\/instytutpolski.pl\/budapest\/gdpr\/\" \/>\n<meta property=\"og:site_name\" content=\"Instytut Polski w Budapeszcie\" \/>\n<meta property=\"article:modified_time\" content=\"2019-05-28T11:09:24+00:00\" \/>\n<meta name=\"twitter:card\" content=\"summary_large_image\" \/>\n<meta name=\"twitter:label1\" content=\"Szacowany czas czytania\" \/>\n\t<meta name=\"twitter:data1\" content=\"2 minuty\" \/>\n<script type=\"application\/ld+json\" class=\"yoast-schema-graph\">{\"@context\":\"https:\/\/schema.org\",\"@graph\":[{\"@type\":\"WebPage\",\"@id\":\"https:\/\/instytutpolski.pl\/budapest\/gdpr\/\",\"url\":\"https:\/\/instytutpolski.pl\/budapest\/gdpr\/\",\"name\":\"GDPR - Instytut Polski w Budapeszcie\",\"isPartOf\":{\"@id\":\"https:\/\/instytutpolski.pl\/budapest\/#website\"},\"datePublished\":\"2019-05-28T11:09:23+00:00\",\"dateModified\":\"2019-05-28T11:09:24+00:00\",\"breadcrumb\":{\"@id\":\"https:\/\/instytutpolski.pl\/budapest\/gdpr\/#breadcrumb\"},\"inLanguage\":\"pl-PL\",\"potentialAction\":[{\"@type\":\"ReadAction\",\"target\":[\"https:\/\/instytutpolski.pl\/budapest\/gdpr\/\"]}]},{\"@type\":\"BreadcrumbList\",\"@id\":\"https:\/\/instytutpolski.pl\/budapest\/gdpr\/#breadcrumb\",\"itemListElement\":[{\"@type\":\"ListItem\",\"position\":1,\"name\":\"Home\",\"item\":\"https:\/\/instytutpolski.pl\/budapest\/\"},{\"@type\":\"ListItem\",\"position\":2,\"name\":\"GDPR\"}]},{\"@type\":\"WebSite\",\"@id\":\"https:\/\/instytutpolski.pl\/budapest\/#website\",\"url\":\"https:\/\/instytutpolski.pl\/budapest\/\",\"name\":\"Instytut Polski w Budapeszcie\",\"description\":\"Instytuty Polskie\",\"potentialAction\":[{\"@type\":\"SearchAction\",\"target\":{\"@type\":\"EntryPoint\",\"urlTemplate\":\"https:\/\/instytutpolski.pl\/budapest\/?s={search_term_string}\"},\"query-input\":{\"@type\":\"PropertyValueSpecification\",\"valueRequired\":true,\"valueName\":\"search_term_string\"}}],\"inLanguage\":\"pl-PL\"}]}<\/script>\n<!-- \/ Yoast SEO plugin. -->","yoast_head_json":{"title":"GDPR - Instytut Polski w Budapeszcie","robots":{"index":"index","follow":"follow","max-snippet":"max-snippet:-1","max-image-preview":"max-image-preview:large","max-video-preview":"max-video-preview:-1"},"canonical":"https:\/\/instytutpolski.pl\/budapest\/gdpr\/","og_locale":"pl_PL","og_type":"article","og_title":"GDPR - Instytut Polski w Budapeszcie","og_description":"A BUDAPESTI LENGYEL INT\u00c9ZET SZEM\u00c9LYES ADATOK KEZEL\u00c9S\u00c9VEL KAPCSOLATOS SZAB\u00c1LYZATA Az Eur\u00f3pai Parlament \u00e9s a Tan\u00e1cs (EU) 2016\/679 rendelete (2016. \u00e1prilis 27.) a term\u00e9szetes szem\u00e9lyeknek a szem\u00e9lyes adatok kezel\u00e9se tekintet\u00e9ben t\u00f6rt\u00e9n\u0151 v\u00e9delm\u00e9r\u0151l \u00e9s az ilyen adatok szabad \u00e1raml\u00e1s\u00e1r\u00f3l, valamint a 95\/46\/EK rendelet hat\u00e1lyon k\u00edv\u00fcl helyez\u00e9s\u00e9r\u0151l (\u00e1ltal\u00e1nos adatv\u00e9delmi rendelet, a tov\u00e1bbiakban \u201eGDPR\u201d) 13. cikkely\u00e9nek 1. \u00e9s 2. [&hellip;]","og_url":"https:\/\/instytutpolski.pl\/budapest\/gdpr\/","og_site_name":"Instytut Polski w Budapeszcie","article_modified_time":"2019-05-28T11:09:24+00:00","twitter_card":"summary_large_image","twitter_misc":{"Szacowany czas czytania":"2 minuty"},"schema":{"@context":"https:\/\/schema.org","@graph":[{"@type":"WebPage","@id":"https:\/\/instytutpolski.pl\/budapest\/gdpr\/","url":"https:\/\/instytutpolski.pl\/budapest\/gdpr\/","name":"GDPR - Instytut Polski w Budapeszcie","isPartOf":{"@id":"https:\/\/instytutpolski.pl\/budapest\/#website"},"datePublished":"2019-05-28T11:09:23+00:00","dateModified":"2019-05-28T11:09:24+00:00","breadcrumb":{"@id":"https:\/\/instytutpolski.pl\/budapest\/gdpr\/#breadcrumb"},"inLanguage":"pl-PL","potentialAction":[{"@type":"ReadAction","target":["https:\/\/instytutpolski.pl\/budapest\/gdpr\/"]}]},{"@type":"BreadcrumbList","@id":"https:\/\/instytutpolski.pl\/budapest\/gdpr\/#breadcrumb","itemListElement":[{"@type":"ListItem","position":1,"name":"Home","item":"https:\/\/instytutpolski.pl\/budapest\/"},{"@type":"ListItem","position":2,"name":"GDPR"}]},{"@type":"WebSite","@id":"https:\/\/instytutpolski.pl\/budapest\/#website","url":"https:\/\/instytutpolski.pl\/budapest\/","name":"Instytut Polski w Budapeszcie","description":"Instytuty Polskie","potentialAction":[{"@type":"SearchAction","target":{"@type":"EntryPoint","urlTemplate":"https:\/\/instytutpolski.pl\/budapest\/?s={search_term_string}"},"query-input":{"@type":"PropertyValueSpecification","valueRequired":true,"valueName":"search_term_string"}}],"inLanguage":"pl-PL"}]}},"_links":{"self":[{"href":"https:\/\/instytutpolski.pl\/budapest\/wp-json\/wp\/v2\/pages\/21","targetHints":{"allow":["GET"]}}],"collection":[{"href":"https:\/\/instytutpolski.pl\/budapest\/wp-json\/wp\/v2\/pages"}],"about":[{"href":"https:\/\/instytutpolski.pl\/budapest\/wp-json\/wp\/v2\/types\/page"}],"author":[{"embeddable":true,"href":"https:\/\/instytutpolski.pl\/budapest\/wp-json\/wp\/v2\/users\/1"}],"replies":[{"embeddable":true,"href":"https:\/\/instytutpolski.pl\/budapest\/wp-json\/wp\/v2\/comments?post=21"}],"version-history":[{"count":1,"href":"https:\/\/instytutpolski.pl\/budapest\/wp-json\/wp\/v2\/pages\/21\/revisions"}],"predecessor-version":[{"id":22,"href":"https:\/\/instytutpolski.pl\/budapest\/wp-json\/wp\/v2\/pages\/21\/revisions\/22"}],"wp:attachment":[{"href":"https:\/\/instytutpolski.pl\/budapest\/wp-json\/wp\/v2\/media?parent=21"}],"curies":[{"name":"wp","href":"https:\/\/api.w.org\/{rel}","templated":true}]}}