{"id":226,"date":"2019-05-29T11:32:56","date_gmt":"2019-05-29T09:32:56","guid":{"rendered":"https:\/\/instytutpolski.pl\/budapeszt\/?page_id=226"},"modified":"2019-05-29T11:32:57","modified_gmt":"2019-05-29T09:32:57","slug":"jubileuszowy-album","status":"publish","type":"page","link":"https:\/\/instytutpolski.pl\/budapest\/pl\/jubileuszowy-album\/","title":{"rendered":"Jubileuszowy album"},"content":{"rendered":"\n<p><strong>Jubileuszowy album na 75-lecie Instytutu Polskiego w Budapeszcie<\/strong><\/p>\n<p>Na 80 stronach album przedstawia niezwykle ciekaw\u0105 histori\u0119 plac\u00f3wki, kt\u00f3ra okresowo &#8211; z uwagi na uwarunkowania historyczne (II wojna \u015bwiatowa, rok 1956, opozycja demokratyczna w latach 1980-tych) \u2013 pe\u0142ni\u0142a rol\u0119 wychodz\u0105c\u0105 poza tradycyjnie pojmowan\u0105 dyplomacj\u0119 kulturaln\u0105.<\/p>\n<p>Publikacja, wydana w nak\u0142adzie 500 egzemplarzy ze \u015brodk\u00f3w MSZ oraz przy wsparciu burmistrzyni VI dzielnicy Budapesztu, zawiera liczne zdj\u0119cia i materia\u0142y archiwalne, wspomnienia by\u0142ych dyrektor\u00f3w oraz w\u0119gierskich partner\u00f3w, a tak\u017ce prezentacj\u0119 wsp\u00f3\u0142czesnej dzia\u0142alno\u015bci Instytutu (wszystkie teksty w wersji polskiej i w\u0119gierskiej). Autorem koncepcji graficznej jest Krzysztof Ducki, polski grafik na W\u0119grzech, wieloletni wsp\u00f3\u0142pracownik Instytutu.<\/p>\n<p>Album mia\u0142 premier\u0119 podczas koncertu galowego w Akademii Muzycznej im. Franciszka Liszta w Budapeszcie w dniu 17 pa\u017adziernika 2014 roku. Mo\u017cna go wygodnie ogl\u0105da\u0107 w internecie w przegl\u0105darce wydawnictw elektronicznych\u00a0<a href=\"http:\/\/issuu.com\/lengyelintezetbudapest\/docs\/75ip_internet?utm_source=conversion_success&amp;utm_campaign=Transactional&amp;utm_medium=email\" target=\"_blank\" rel=\"noopener noreferrer\">issuu.com<\/a><\/p>\n<p>W przygotowaniu jest portal internetowy, kt\u00f3ry w wersji poszerzonej i interaktywnej \u2013 w oparciu o tre\u015bci albumu &#8211; zaprezentuje dorobek Instytutu.<\/p>\n<p>\u00a0<\/p>\n<p>&#8212;&#8212;&#8212;&#8212;&#8212;&#8212;&#8212;&#8212;&#8212;&#8212;&#8212;&#8212;&#8212;&#8212;&#8212;&#8212;&#8212;&#8212;<\/p>\n<p>Instytut Polski w Budapeszcie rozpocz\u0105\u0142 dzia\u0142alno\u015b\u0107 z pocz\u0105tkiem 1939 roku, natomiast oficjalne otwarcie mia\u0142o miejsce 24 maja 1939 roku. Nale\u017cy, wsp\u00f3lnie z Instytutami Polskimi w Londynie i Bukareszcie, do najstarszych plac\u00f3wek zagranicznych promuj\u0105cych polsk\u0105 kultur\u0119 za granic\u0105. Jest te\u017c, obok Instytutu W\u0142oskiego, najstarszym zagranicznym o\u015brodkiem kultury na W\u0119grzech. W obecnej siedzibie &#8211; po\u0142o\u017conej w \u015bcis\u0142ym centrum Pesztu &#8211; funkcjonuje od 50 lat.\u00a0<\/p>\n","protected":false},"excerpt":{"rendered":"<p>Jubileuszowy album na 75-lecie Instytutu Polskiego w Budapeszcie Na 80 stronach album przedstawia niezwykle ciekaw\u0105 histori\u0119 plac\u00f3wki, kt\u00f3ra okresowo &#8211; z uwagi na uwarunkowania historyczne (II wojna \u015bwiatowa, rok 1956, opozycja demokratyczna w latach 1980-tych) \u2013 pe\u0142ni\u0142a rol\u0119 wychodz\u0105c\u0105 poza tradycyjnie pojmowan\u0105 dyplomacj\u0119 kulturaln\u0105. Publikacja, wydana w nak\u0142adzie 500 egzemplarzy ze \u015brodk\u00f3w MSZ oraz przy [&hellip;]<\/p>\n","protected":false},"author":1,"featured_media":227,"parent":0,"menu_order":0,"comment_status":"closed","ping_status":"closed","template":"","meta":{"inline_featured_image":false,"_monsterinsights_skip_tracking":false,"_monsterinsights_sitenote_active":false,"_monsterinsights_sitenote_note":"","_monsterinsights_sitenote_category":0,"footnotes":""},"class_list":["post-226","page","type-page","status-publish","has-post-thumbnail","hentry"],"yoast_head":"<!-- This site is optimized with the Yoast SEO plugin v24.6 - https:\/\/yoast.com\/wordpress\/plugins\/seo\/ -->\n<title>Jubileuszowy album - Instytut Polski w Budapeszcie<\/title>\n<meta name=\"robots\" content=\"index, follow, max-snippet:-1, max-image-preview:large, max-video-preview:-1\" \/>\n<link rel=\"canonical\" href=\"https:\/\/instytutpolski.pl\/budapest\/pl\/jubileuszowy-album\/\" \/>\n<meta property=\"og:locale\" content=\"pl_PL\" \/>\n<meta property=\"og:type\" content=\"article\" \/>\n<meta property=\"og:title\" content=\"Jubileuszowy album - Instytut Polski w Budapeszcie\" \/>\n<meta property=\"og:description\" content=\"Jubileuszowy album na 75-lecie Instytutu Polskiego w Budapeszcie Na 80 stronach album przedstawia niezwykle ciekaw\u0105 histori\u0119 plac\u00f3wki, kt\u00f3ra okresowo &#8211; z uwagi na uwarunkowania historyczne (II wojna \u015bwiatowa, rok 1956, opozycja demokratyczna w latach 1980-tych) \u2013 pe\u0142ni\u0142a rol\u0119 wychodz\u0105c\u0105 poza tradycyjnie pojmowan\u0105 dyplomacj\u0119 kulturaln\u0105. Publikacja, wydana w nak\u0142adzie 500 egzemplarzy ze \u015brodk\u00f3w MSZ oraz przy [&hellip;]\" \/>\n<meta property=\"og:url\" content=\"https:\/\/instytutpolski.pl\/budapest\/pl\/jubileuszowy-album\/\" \/>\n<meta property=\"og:site_name\" content=\"Instytut Polski w Budapeszcie\" \/>\n<meta property=\"article:modified_time\" content=\"2019-05-29T09:32:57+00:00\" \/>\n<meta property=\"og:image\" content=\"https:\/\/instytutpolski.pl\/budapest\/wp-content\/uploads\/sites\/21\/2019\/05\/katalogus.jpg\" \/>\n\t<meta property=\"og:image:width\" content=\"350\" \/>\n\t<meta property=\"og:image:height\" content=\"495\" \/>\n\t<meta property=\"og:image:type\" content=\"image\/jpeg\" \/>\n<meta name=\"twitter:card\" content=\"summary_large_image\" \/>\n<meta name=\"twitter:label1\" content=\"Szacowany czas czytania\" \/>\n\t<meta name=\"twitter:data1\" content=\"1 minuta\" \/>\n<script type=\"application\/ld+json\" class=\"yoast-schema-graph\">{\"@context\":\"https:\/\/schema.org\",\"@graph\":[{\"@type\":\"WebPage\",\"@id\":\"https:\/\/instytutpolski.pl\/budapest\/pl\/jubileuszowy-album\/\",\"url\":\"https:\/\/instytutpolski.pl\/budapest\/pl\/jubileuszowy-album\/\",\"name\":\"Jubileuszowy album - Instytut Polski w Budapeszcie\",\"isPartOf\":{\"@id\":\"https:\/\/instytutpolski.pl\/budapest\/#website\"},\"primaryImageOfPage\":{\"@id\":\"https:\/\/instytutpolski.pl\/budapest\/pl\/jubileuszowy-album\/#primaryimage\"},\"image\":{\"@id\":\"https:\/\/instytutpolski.pl\/budapest\/pl\/jubileuszowy-album\/#primaryimage\"},\"thumbnailUrl\":\"https:\/\/instytutpolski.pl\/budapest\/wp-content\/uploads\/sites\/21\/2019\/05\/katalogus.jpg\",\"datePublished\":\"2019-05-29T09:32:56+00:00\",\"dateModified\":\"2019-05-29T09:32:57+00:00\",\"breadcrumb\":{\"@id\":\"https:\/\/instytutpolski.pl\/budapest\/pl\/jubileuszowy-album\/#breadcrumb\"},\"inLanguage\":\"pl-PL\",\"potentialAction\":[{\"@type\":\"ReadAction\",\"target\":[\"https:\/\/instytutpolski.pl\/budapest\/pl\/jubileuszowy-album\/\"]}]},{\"@type\":\"ImageObject\",\"inLanguage\":\"pl-PL\",\"@id\":\"https:\/\/instytutpolski.pl\/budapest\/pl\/jubileuszowy-album\/#primaryimage\",\"url\":\"https:\/\/instytutpolski.pl\/budapest\/wp-content\/uploads\/sites\/21\/2019\/05\/katalogus.jpg\",\"contentUrl\":\"https:\/\/instytutpolski.pl\/budapest\/wp-content\/uploads\/sites\/21\/2019\/05\/katalogus.jpg\",\"width\":350,\"height\":495},{\"@type\":\"BreadcrumbList\",\"@id\":\"https:\/\/instytutpolski.pl\/budapest\/pl\/jubileuszowy-album\/#breadcrumb\",\"itemListElement\":[{\"@type\":\"ListItem\",\"position\":1,\"name\":\"Home\",\"item\":\"https:\/\/instytutpolski.pl\/budapest\/\"},{\"@type\":\"ListItem\",\"position\":2,\"name\":\"Jubileuszowy album\"}]},{\"@type\":\"WebSite\",\"@id\":\"https:\/\/instytutpolski.pl\/budapest\/#website\",\"url\":\"https:\/\/instytutpolski.pl\/budapest\/\",\"name\":\"Instytut Polski w Budapeszcie\",\"description\":\"Instytuty Polskie\",\"potentialAction\":[{\"@type\":\"SearchAction\",\"target\":{\"@type\":\"EntryPoint\",\"urlTemplate\":\"https:\/\/instytutpolski.pl\/budapest\/?s={search_term_string}\"},\"query-input\":{\"@type\":\"PropertyValueSpecification\",\"valueRequired\":true,\"valueName\":\"search_term_string\"}}],\"inLanguage\":\"pl-PL\"}]}<\/script>\n<!-- \/ Yoast SEO plugin. -->","yoast_head_json":{"title":"Jubileuszowy album - Instytut Polski w Budapeszcie","robots":{"index":"index","follow":"follow","max-snippet":"max-snippet:-1","max-image-preview":"max-image-preview:large","max-video-preview":"max-video-preview:-1"},"canonical":"https:\/\/instytutpolski.pl\/budapest\/pl\/jubileuszowy-album\/","og_locale":"pl_PL","og_type":"article","og_title":"Jubileuszowy album - Instytut Polski w Budapeszcie","og_description":"Jubileuszowy album na 75-lecie Instytutu Polskiego w Budapeszcie Na 80 stronach album przedstawia niezwykle ciekaw\u0105 histori\u0119 plac\u00f3wki, kt\u00f3ra okresowo &#8211; z uwagi na uwarunkowania historyczne (II wojna \u015bwiatowa, rok 1956, opozycja demokratyczna w latach 1980-tych) \u2013 pe\u0142ni\u0142a rol\u0119 wychodz\u0105c\u0105 poza tradycyjnie pojmowan\u0105 dyplomacj\u0119 kulturaln\u0105. Publikacja, wydana w nak\u0142adzie 500 egzemplarzy ze \u015brodk\u00f3w MSZ oraz przy [&hellip;]","og_url":"https:\/\/instytutpolski.pl\/budapest\/pl\/jubileuszowy-album\/","og_site_name":"Instytut Polski w Budapeszcie","article_modified_time":"2019-05-29T09:32:57+00:00","og_image":[{"width":350,"height":495,"url":"https:\/\/instytutpolski.pl\/budapest\/wp-content\/uploads\/sites\/21\/2019\/05\/katalogus.jpg","type":"image\/jpeg"}],"twitter_card":"summary_large_image","twitter_misc":{"Szacowany czas czytania":"1 minuta"},"schema":{"@context":"https:\/\/schema.org","@graph":[{"@type":"WebPage","@id":"https:\/\/instytutpolski.pl\/budapest\/pl\/jubileuszowy-album\/","url":"https:\/\/instytutpolski.pl\/budapest\/pl\/jubileuszowy-album\/","name":"Jubileuszowy album - Instytut Polski w Budapeszcie","isPartOf":{"@id":"https:\/\/instytutpolski.pl\/budapest\/#website"},"primaryImageOfPage":{"@id":"https:\/\/instytutpolski.pl\/budapest\/pl\/jubileuszowy-album\/#primaryimage"},"image":{"@id":"https:\/\/instytutpolski.pl\/budapest\/pl\/jubileuszowy-album\/#primaryimage"},"thumbnailUrl":"https:\/\/instytutpolski.pl\/budapest\/wp-content\/uploads\/sites\/21\/2019\/05\/katalogus.jpg","datePublished":"2019-05-29T09:32:56+00:00","dateModified":"2019-05-29T09:32:57+00:00","breadcrumb":{"@id":"https:\/\/instytutpolski.pl\/budapest\/pl\/jubileuszowy-album\/#breadcrumb"},"inLanguage":"pl-PL","potentialAction":[{"@type":"ReadAction","target":["https:\/\/instytutpolski.pl\/budapest\/pl\/jubileuszowy-album\/"]}]},{"@type":"ImageObject","inLanguage":"pl-PL","@id":"https:\/\/instytutpolski.pl\/budapest\/pl\/jubileuszowy-album\/#primaryimage","url":"https:\/\/instytutpolski.pl\/budapest\/wp-content\/uploads\/sites\/21\/2019\/05\/katalogus.jpg","contentUrl":"https:\/\/instytutpolski.pl\/budapest\/wp-content\/uploads\/sites\/21\/2019\/05\/katalogus.jpg","width":350,"height":495},{"@type":"BreadcrumbList","@id":"https:\/\/instytutpolski.pl\/budapest\/pl\/jubileuszowy-album\/#breadcrumb","itemListElement":[{"@type":"ListItem","position":1,"name":"Home","item":"https:\/\/instytutpolski.pl\/budapest\/"},{"@type":"ListItem","position":2,"name":"Jubileuszowy album"}]},{"@type":"WebSite","@id":"https:\/\/instytutpolski.pl\/budapest\/#website","url":"https:\/\/instytutpolski.pl\/budapest\/","name":"Instytut Polski w Budapeszcie","description":"Instytuty Polskie","potentialAction":[{"@type":"SearchAction","target":{"@type":"EntryPoint","urlTemplate":"https:\/\/instytutpolski.pl\/budapest\/?s={search_term_string}"},"query-input":{"@type":"PropertyValueSpecification","valueRequired":true,"valueName":"search_term_string"}}],"inLanguage":"pl-PL"}]}},"_links":{"self":[{"href":"https:\/\/instytutpolski.pl\/budapest\/wp-json\/wp\/v2\/pages\/226","targetHints":{"allow":["GET"]}}],"collection":[{"href":"https:\/\/instytutpolski.pl\/budapest\/wp-json\/wp\/v2\/pages"}],"about":[{"href":"https:\/\/instytutpolski.pl\/budapest\/wp-json\/wp\/v2\/types\/page"}],"author":[{"embeddable":true,"href":"https:\/\/instytutpolski.pl\/budapest\/wp-json\/wp\/v2\/users\/1"}],"replies":[{"embeddable":true,"href":"https:\/\/instytutpolski.pl\/budapest\/wp-json\/wp\/v2\/comments?post=226"}],"version-history":[{"count":1,"href":"https:\/\/instytutpolski.pl\/budapest\/wp-json\/wp\/v2\/pages\/226\/revisions"}],"predecessor-version":[{"id":228,"href":"https:\/\/instytutpolski.pl\/budapest\/wp-json\/wp\/v2\/pages\/226\/revisions\/228"}],"wp:featuredmedia":[{"embeddable":true,"href":"https:\/\/instytutpolski.pl\/budapest\/wp-json\/wp\/v2\/media\/227"}],"wp:attachment":[{"href":"https:\/\/instytutpolski.pl\/budapest\/wp-json\/wp\/v2\/media?parent=226"}],"curies":[{"name":"wp","href":"https:\/\/api.w.org\/{rel}","templated":true}]}}