{"id":229,"date":"2019-05-29T11:33:52","date_gmt":"2019-05-29T09:33:52","guid":{"rendered":"https:\/\/instytutpolski.pl\/budapeszt\/?page_id=229"},"modified":"2019-05-29T11:33:53","modified_gmt":"2019-05-29T09:33:53","slug":"jubileumi-album","status":"publish","type":"page","link":"https:\/\/instytutpolski.pl\/budapest\/jubileumi-album\/","title":{"rendered":"Jubileumi album"},"content":{"rendered":"\n<p><strong>Jubileumi album a budapesti Lengyel Int\u00e9zet 75-ik \u00e9vfordul\u00f3ja alkalm\u00e1b\u00f3l<\/strong><\/p>\n<p>Az album 80 oldal\u00e1n bemutat\u00e1sra ker\u00fcl a Lengyel Int\u00e9zet rendk\u00edv\u00fcl \u00e9rdekfesz\u00edt\u0151 t\u00f6rt\u00e9nete, amelynek sor\u00e1n az int\u00e9zm\u00e9ny szerepv\u00e1llal\u00e1sa id\u0151nk\u00e9nt \u2013 k\u00fcl\u00f6n\u00f6s tekintettel a t\u00f6rt\u00e9nelmi k\u00e9nyszerhelyzetekre (II. vil\u00e1gh\u00e1bor\u00fa, 1956, a demokratikus ellenz\u00e9k a 80-as \u00e9vekben) \u2013 messze t\u00falmutatott a kultur\u00e1lis diplom\u00e1cia hagyom\u00e1nyosan \u00e9rtelmezett szerepk\u00f6r\u00e9n.<\/p>\n<p>A lengyel K\u00fcl\u00fcgyminiszt\u00e9rium k\u00f6lts\u00e9gvet\u00e9s\u00e9b\u0151l \u00e9s a VI. ker\u00fcleti polg\u00e1rmester anyagi t\u00e1mogat\u00e1s\u00e1val\u00a0 500 p\u00e9ld\u00e1nyban megjelent kiadv\u00e1ny a sz\u00e1mos f\u00e9nyk\u00e9pen \u00e9s arch\u00edv anyagon k\u00edv\u00fcl\u00a0 tartalmazza a kor\u00e1bbi igazgat\u00f3k \u00e9s magyar partnereik visszaeml\u00e9kez\u00e9seit valamint bemutatja az Int\u00e9zet mai m\u0171k\u00f6d\u00e9s\u00e9t is (lengyel \u00e9s magyar nyelven). A grafikai koncepci\u00f3 szerz\u0151je Krzysztof Ducki, Magyarorsz\u00e1gon \u00e9l\u0151 lengyel grafikusm\u0171v\u00e9sz, aki \u00e9vtizedek \u00f3ta m\u0171k\u00f6dik egy\u00fctt a Lengyel Int\u00e9zettel.<\/p>\n<p>Az album premierj\u00e9re a 2014 okt\u00f3ber 17-\u00e9n a Liszt Ferenc \u00a0Zeneakad\u00e9mi\u00e1n elhangzott g\u00e1lahangverseny alkalm\u00e1b\u00f3l ker\u00fclt sor. A kiadv\u00e1ny k\u00e9nyelmesen hozz\u00e1f\u00e9rhet\u0151 az interneten\u00a0<a href=\"http:\/\/issuu.com\/lengyelintezetbudapest\/docs\/75ip_internet?utm_source=conversion_success&amp;utm_campaign=Transactional&amp;utm_medium=email\" target=\"_blank\" rel=\"noopener noreferrer\">ITT<\/a>\u00a0<\/p>\n<p>Jelenleg is folyik egy web oldal el\u0151k\u00e9sz\u00edt\u00e9se, amely sz\u00e9lesebb k\u00f6rben \u00e9s interakt\u00edv m\u00f3don mutatja be a Lengyel Int\u00e9zet munk\u00e1ss\u00e1g\u00e1t.<\/p>\n<p>A budapesti Lengyel Int\u00e9zet 1939 elej\u00e9n kezdte meg m\u0171k\u00f6d\u00e9s\u00e9t Budapesten, a hivatalos megnyit\u00f3ra azonban 1939 m\u00e1jus 24-\u00e9n ker\u00fclt sor. A londoni \u00e9s bukaresti Lengyel Int\u00e9zetekkel egy\u00fctt a legr\u00e9gebbi, k\u00fclf\u00f6ld\u00f6n lengyel kult\u00far\u00e1t n\u00e9pszer\u0171s\u00edt\u0151 int\u00e9zm\u00e9nyek egyike. Magyarorsz\u00e1gon az Olasz Int\u00e9zettel k\u00f6z\u00f6sen a Lengyel Int\u00e9zet a \u201eleg\u00f6regebb\u201d k\u00fclf\u00f6ldi kultur\u00e1lis int\u00e9zm\u00e9ny. Jelenlegi sz\u00e9khely\u00e9n \u2013 Pest legbels\u0151bb k\u00f6zpontj\u00e1ban \u2013 m\u00e1r 50 \u00e9ve m\u0171k\u00f6dik.\u00a0<\/p>\n<p>A tartalmakat hamarosan k\u00fcl\u00f6n honlapon is el\u00e9rhet\u0151v\u00e9 tessz\u00fck!<\/p>\n\n\n\n<p><\/p>\n","protected":false},"excerpt":{"rendered":"<p>Jubileumi album a budapesti Lengyel Int\u00e9zet 75-ik \u00e9vfordul\u00f3ja alkalm\u00e1b\u00f3l Az album 80 oldal\u00e1n bemutat\u00e1sra ker\u00fcl a Lengyel Int\u00e9zet rendk\u00edv\u00fcl \u00e9rdekfesz\u00edt\u0151 t\u00f6rt\u00e9nete, amelynek sor\u00e1n az int\u00e9zm\u00e9ny szerepv\u00e1llal\u00e1sa id\u0151nk\u00e9nt \u2013 k\u00fcl\u00f6n\u00f6s tekintettel a t\u00f6rt\u00e9nelmi k\u00e9nyszerhelyzetekre (II. vil\u00e1gh\u00e1bor\u00fa, 1956, a demokratikus ellenz\u00e9k a 80-as \u00e9vekben) \u2013 messze t\u00falmutatott a kultur\u00e1lis diplom\u00e1cia hagyom\u00e1nyosan \u00e9rtelmezett szerepk\u00f6r\u00e9n. A lengyel K\u00fcl\u00fcgyminiszt\u00e9rium k\u00f6lts\u00e9gvet\u00e9s\u00e9b\u0151l [&hellip;]<\/p>\n","protected":false},"author":1,"featured_media":227,"parent":0,"menu_order":0,"comment_status":"closed","ping_status":"closed","template":"","meta":{"inline_featured_image":false,"_monsterinsights_skip_tracking":false,"_monsterinsights_sitenote_active":false,"_monsterinsights_sitenote_note":"","_monsterinsights_sitenote_category":0,"footnotes":""},"class_list":["post-229","page","type-page","status-publish","has-post-thumbnail","hentry"],"yoast_head":"<!-- This site is optimized with the Yoast SEO plugin v24.6 - https:\/\/yoast.com\/wordpress\/plugins\/seo\/ -->\n<title>Jubileumi album - Instytut Polski w Budapeszcie<\/title>\n<meta name=\"robots\" content=\"index, follow, max-snippet:-1, max-image-preview:large, max-video-preview:-1\" \/>\n<link rel=\"canonical\" href=\"https:\/\/instytutpolski.pl\/budapest\/jubileumi-album\/\" \/>\n<meta property=\"og:locale\" content=\"pl_PL\" \/>\n<meta property=\"og:type\" content=\"article\" \/>\n<meta property=\"og:title\" content=\"Jubileumi album - Instytut Polski w Budapeszcie\" \/>\n<meta property=\"og:description\" content=\"Jubileumi album a budapesti Lengyel Int\u00e9zet 75-ik \u00e9vfordul\u00f3ja alkalm\u00e1b\u00f3l Az album 80 oldal\u00e1n bemutat\u00e1sra ker\u00fcl a Lengyel Int\u00e9zet rendk\u00edv\u00fcl \u00e9rdekfesz\u00edt\u0151 t\u00f6rt\u00e9nete, amelynek sor\u00e1n az int\u00e9zm\u00e9ny szerepv\u00e1llal\u00e1sa id\u0151nk\u00e9nt \u2013 k\u00fcl\u00f6n\u00f6s tekintettel a t\u00f6rt\u00e9nelmi k\u00e9nyszerhelyzetekre (II. vil\u00e1gh\u00e1bor\u00fa, 1956, a demokratikus ellenz\u00e9k a 80-as \u00e9vekben) \u2013 messze t\u00falmutatott a kultur\u00e1lis diplom\u00e1cia hagyom\u00e1nyosan \u00e9rtelmezett szerepk\u00f6r\u00e9n. A lengyel K\u00fcl\u00fcgyminiszt\u00e9rium k\u00f6lts\u00e9gvet\u00e9s\u00e9b\u0151l [&hellip;]\" \/>\n<meta property=\"og:url\" content=\"https:\/\/instytutpolski.pl\/budapest\/jubileumi-album\/\" \/>\n<meta property=\"og:site_name\" content=\"Instytut Polski w Budapeszcie\" \/>\n<meta property=\"article:modified_time\" content=\"2019-05-29T09:33:53+00:00\" \/>\n<meta property=\"og:image\" content=\"https:\/\/instytutpolski.pl\/budapest\/wp-content\/uploads\/sites\/21\/2019\/05\/katalogus.jpg\" \/>\n\t<meta property=\"og:image:width\" content=\"350\" \/>\n\t<meta property=\"og:image:height\" content=\"495\" \/>\n\t<meta property=\"og:image:type\" content=\"image\/jpeg\" \/>\n<meta name=\"twitter:card\" content=\"summary_large_image\" \/>\n<meta name=\"twitter:label1\" content=\"Szacowany czas czytania\" \/>\n\t<meta name=\"twitter:data1\" content=\"2 minuty\" \/>\n<script type=\"application\/ld+json\" class=\"yoast-schema-graph\">{\"@context\":\"https:\/\/schema.org\",\"@graph\":[{\"@type\":\"WebPage\",\"@id\":\"https:\/\/instytutpolski.pl\/budapest\/jubileumi-album\/\",\"url\":\"https:\/\/instytutpolski.pl\/budapest\/jubileumi-album\/\",\"name\":\"Jubileumi album - Instytut Polski w Budapeszcie\",\"isPartOf\":{\"@id\":\"https:\/\/instytutpolski.pl\/budapest\/#website\"},\"primaryImageOfPage\":{\"@id\":\"https:\/\/instytutpolski.pl\/budapest\/jubileumi-album\/#primaryimage\"},\"image\":{\"@id\":\"https:\/\/instytutpolski.pl\/budapest\/jubileumi-album\/#primaryimage\"},\"thumbnailUrl\":\"https:\/\/instytutpolski.pl\/budapest\/wp-content\/uploads\/sites\/21\/2019\/05\/katalogus.jpg\",\"datePublished\":\"2019-05-29T09:33:52+00:00\",\"dateModified\":\"2019-05-29T09:33:53+00:00\",\"breadcrumb\":{\"@id\":\"https:\/\/instytutpolski.pl\/budapest\/jubileumi-album\/#breadcrumb\"},\"inLanguage\":\"pl-PL\",\"potentialAction\":[{\"@type\":\"ReadAction\",\"target\":[\"https:\/\/instytutpolski.pl\/budapest\/jubileumi-album\/\"]}]},{\"@type\":\"ImageObject\",\"inLanguage\":\"pl-PL\",\"@id\":\"https:\/\/instytutpolski.pl\/budapest\/jubileumi-album\/#primaryimage\",\"url\":\"https:\/\/instytutpolski.pl\/budapest\/wp-content\/uploads\/sites\/21\/2019\/05\/katalogus.jpg\",\"contentUrl\":\"https:\/\/instytutpolski.pl\/budapest\/wp-content\/uploads\/sites\/21\/2019\/05\/katalogus.jpg\",\"width\":350,\"height\":495},{\"@type\":\"BreadcrumbList\",\"@id\":\"https:\/\/instytutpolski.pl\/budapest\/jubileumi-album\/#breadcrumb\",\"itemListElement\":[{\"@type\":\"ListItem\",\"position\":1,\"name\":\"Home\",\"item\":\"https:\/\/instytutpolski.pl\/budapest\/\"},{\"@type\":\"ListItem\",\"position\":2,\"name\":\"Jubileumi album\"}]},{\"@type\":\"WebSite\",\"@id\":\"https:\/\/instytutpolski.pl\/budapest\/#website\",\"url\":\"https:\/\/instytutpolski.pl\/budapest\/\",\"name\":\"Instytut Polski w Budapeszcie\",\"description\":\"Instytuty Polskie\",\"potentialAction\":[{\"@type\":\"SearchAction\",\"target\":{\"@type\":\"EntryPoint\",\"urlTemplate\":\"https:\/\/instytutpolski.pl\/budapest\/?s={search_term_string}\"},\"query-input\":{\"@type\":\"PropertyValueSpecification\",\"valueRequired\":true,\"valueName\":\"search_term_string\"}}],\"inLanguage\":\"pl-PL\"}]}<\/script>\n<!-- \/ Yoast SEO plugin. -->","yoast_head_json":{"title":"Jubileumi album - Instytut Polski w Budapeszcie","robots":{"index":"index","follow":"follow","max-snippet":"max-snippet:-1","max-image-preview":"max-image-preview:large","max-video-preview":"max-video-preview:-1"},"canonical":"https:\/\/instytutpolski.pl\/budapest\/jubileumi-album\/","og_locale":"pl_PL","og_type":"article","og_title":"Jubileumi album - Instytut Polski w Budapeszcie","og_description":"Jubileumi album a budapesti Lengyel Int\u00e9zet 75-ik \u00e9vfordul\u00f3ja alkalm\u00e1b\u00f3l Az album 80 oldal\u00e1n bemutat\u00e1sra ker\u00fcl a Lengyel Int\u00e9zet rendk\u00edv\u00fcl \u00e9rdekfesz\u00edt\u0151 t\u00f6rt\u00e9nete, amelynek sor\u00e1n az int\u00e9zm\u00e9ny szerepv\u00e1llal\u00e1sa id\u0151nk\u00e9nt \u2013 k\u00fcl\u00f6n\u00f6s tekintettel a t\u00f6rt\u00e9nelmi k\u00e9nyszerhelyzetekre (II. vil\u00e1gh\u00e1bor\u00fa, 1956, a demokratikus ellenz\u00e9k a 80-as \u00e9vekben) \u2013 messze t\u00falmutatott a kultur\u00e1lis diplom\u00e1cia hagyom\u00e1nyosan \u00e9rtelmezett szerepk\u00f6r\u00e9n. A lengyel K\u00fcl\u00fcgyminiszt\u00e9rium k\u00f6lts\u00e9gvet\u00e9s\u00e9b\u0151l [&hellip;]","og_url":"https:\/\/instytutpolski.pl\/budapest\/jubileumi-album\/","og_site_name":"Instytut Polski w Budapeszcie","article_modified_time":"2019-05-29T09:33:53+00:00","og_image":[{"width":350,"height":495,"url":"https:\/\/instytutpolski.pl\/budapest\/wp-content\/uploads\/sites\/21\/2019\/05\/katalogus.jpg","type":"image\/jpeg"}],"twitter_card":"summary_large_image","twitter_misc":{"Szacowany czas czytania":"2 minuty"},"schema":{"@context":"https:\/\/schema.org","@graph":[{"@type":"WebPage","@id":"https:\/\/instytutpolski.pl\/budapest\/jubileumi-album\/","url":"https:\/\/instytutpolski.pl\/budapest\/jubileumi-album\/","name":"Jubileumi album - Instytut Polski w Budapeszcie","isPartOf":{"@id":"https:\/\/instytutpolski.pl\/budapest\/#website"},"primaryImageOfPage":{"@id":"https:\/\/instytutpolski.pl\/budapest\/jubileumi-album\/#primaryimage"},"image":{"@id":"https:\/\/instytutpolski.pl\/budapest\/jubileumi-album\/#primaryimage"},"thumbnailUrl":"https:\/\/instytutpolski.pl\/budapest\/wp-content\/uploads\/sites\/21\/2019\/05\/katalogus.jpg","datePublished":"2019-05-29T09:33:52+00:00","dateModified":"2019-05-29T09:33:53+00:00","breadcrumb":{"@id":"https:\/\/instytutpolski.pl\/budapest\/jubileumi-album\/#breadcrumb"},"inLanguage":"pl-PL","potentialAction":[{"@type":"ReadAction","target":["https:\/\/instytutpolski.pl\/budapest\/jubileumi-album\/"]}]},{"@type":"ImageObject","inLanguage":"pl-PL","@id":"https:\/\/instytutpolski.pl\/budapest\/jubileumi-album\/#primaryimage","url":"https:\/\/instytutpolski.pl\/budapest\/wp-content\/uploads\/sites\/21\/2019\/05\/katalogus.jpg","contentUrl":"https:\/\/instytutpolski.pl\/budapest\/wp-content\/uploads\/sites\/21\/2019\/05\/katalogus.jpg","width":350,"height":495},{"@type":"BreadcrumbList","@id":"https:\/\/instytutpolski.pl\/budapest\/jubileumi-album\/#breadcrumb","itemListElement":[{"@type":"ListItem","position":1,"name":"Home","item":"https:\/\/instytutpolski.pl\/budapest\/"},{"@type":"ListItem","position":2,"name":"Jubileumi album"}]},{"@type":"WebSite","@id":"https:\/\/instytutpolski.pl\/budapest\/#website","url":"https:\/\/instytutpolski.pl\/budapest\/","name":"Instytut Polski w Budapeszcie","description":"Instytuty Polskie","potentialAction":[{"@type":"SearchAction","target":{"@type":"EntryPoint","urlTemplate":"https:\/\/instytutpolski.pl\/budapest\/?s={search_term_string}"},"query-input":{"@type":"PropertyValueSpecification","valueRequired":true,"valueName":"search_term_string"}}],"inLanguage":"pl-PL"}]}},"_links":{"self":[{"href":"https:\/\/instytutpolski.pl\/budapest\/wp-json\/wp\/v2\/pages\/229","targetHints":{"allow":["GET"]}}],"collection":[{"href":"https:\/\/instytutpolski.pl\/budapest\/wp-json\/wp\/v2\/pages"}],"about":[{"href":"https:\/\/instytutpolski.pl\/budapest\/wp-json\/wp\/v2\/types\/page"}],"author":[{"embeddable":true,"href":"https:\/\/instytutpolski.pl\/budapest\/wp-json\/wp\/v2\/users\/1"}],"replies":[{"embeddable":true,"href":"https:\/\/instytutpolski.pl\/budapest\/wp-json\/wp\/v2\/comments?post=229"}],"version-history":[{"count":1,"href":"https:\/\/instytutpolski.pl\/budapest\/wp-json\/wp\/v2\/pages\/229\/revisions"}],"predecessor-version":[{"id":230,"href":"https:\/\/instytutpolski.pl\/budapest\/wp-json\/wp\/v2\/pages\/229\/revisions\/230"}],"wp:featuredmedia":[{"embeddable":true,"href":"https:\/\/instytutpolski.pl\/budapest\/wp-json\/wp\/v2\/media\/227"}],"wp:attachment":[{"href":"https:\/\/instytutpolski.pl\/budapest\/wp-json\/wp\/v2\/media?parent=229"}],"curies":[{"name":"wp","href":"https:\/\/api.w.org\/{rel}","templated":true}]}}